{"id":3889,"date":"2025-08-18T19:54:16","date_gmt":"2025-08-18T12:54:16","guid":{"rendered":"http:\/\/biogroupvietnam-worldpress.local\/product\/import-placeholder-for-168\/"},"modified":"2026-04-02T15:09:21","modified_gmt":"2026-04-02T08:09:21","slug":"easysep-human-t-cell-isolation-kit","status":"publish","type":"product","link":"https:\/\/biogroupvietnam.com\/vi\/san-pham\/easysep-human-t-cell-isolation-kit\/","title":{"rendered":"B\u1ed9 Kit EasySep\u2122 Ph\u00e2n L\u1eadp T\u1ebf B\u00e0o T C\u1ee7a Ng\u01b0\u1eddi"},"content":{"rendered":"<p>B\u1ed9 kit EasySep\u2122 ph\u00e2n l\u1eadp t\u1ebf b\u00e0o T b\u1eb1ng ph\u01b0\u01a1ng ph\u00e1p ch\u1ecdn l\u1ecdc t\u1eeb t\u00ednh mi\u1ec5n d\u1ecbch \u00e2m t\u00ednh<\/p>\n<h3><strong>T\u1ed5ng quan v\u1ec1 b\u1ed9 kit EasySep\u2122<\/strong>\u00a0<strong>ph\u00e2n l\u1eadp t\u1ebf b\u00e0o T<\/strong><\/h3>\n<p>B\u1ed9 EasySep\u2122 Human T Cell Isolation Kit d\u00f9ng \u0111\u1ec3 ph\u00e2n l\u1eadp c\u00e1c t\u1ebf b\u00e0o T t\u1eeb c\u00e1c t\u1ebf b\u00e0o \u0111\u01a1n nh\u00e2n m\u00e1u ngo\u1ea1i vi (PBMCs) t\u01b0\u01a1i ho\u1eb7c \u0111\u00f4ng l\u1ea1nh, ho\u1eb7c c\u00e1c m\u1eabu b\u1ea1ch c\u1ea7u (leukapheresis) \u0111\u00e3 \u0111\u01b0\u1ee3c tinh s\u1ea1ch trong \u00edt nh\u1ea5t 8 ph\u00fat b\u1eb1ng ph\u01b0\u01a1ng ph\u00e1p ch\u1ecdn l\u1ecdc t\u1eeb t\u00ednh mi\u1ec5n d\u1ecbch \u00e2m t\u00ednh.<\/p>\n<p>B\u1ed9 kit lo\u1ea1i b\u1ecf c\u00e1c t\u1ebf b\u00e0o kh\u00f4ng ph\u1ea3i t\u1ebf b\u00e0o T b\u1eb1ng c\u00e1c kh\u00e1ng th\u1ec3 \u0111\u1eb7c hi\u1ec7u tr\u00ean b\u1ec1 m\u1eb7t t\u1ebf b\u00e0o. C\u00e1c t\u1ebf b\u00e0o n\u00e0y li\u00ean k\u1ebft v\u1edbi c\u00e1c kh\u00e1ng th\u1ec3 c\u00f3 g\u1eafn h\u1ea1t t\u1eeb, v\u00e0 \u0111\u01b0\u1ee3c t\u00e1ch ra kh\u1ecfi qu\u1ea7n th\u1ec3 t\u1ebf b\u00e0o b\u1eb1ng nam ch\u00e2m EasySepTM. C\u00e1c t\u1ebf b\u00e0o T tinh s\u1ea1ch \u0111\u01b0\u1ee3c thu nh\u1eadn sang \u1ed1ng m\u1edbi. C\u00e1c t\u1ebf b\u00e0o sau khi ph\u00e2n l\u1eadp \u0111\u01b0\u1ee3c s\u1eed d\u1ee5ng cho c\u00e1c \u1ee9ng d\u1ee5ng ti\u1ebfp theo nh\u01b0 d\u00f2ng ch\u1ea3y t\u1ebf b\u00e0o, nu\u00f4i c\u1ea5y, t\u00e1ch chi\u1ebft DNA\/RNA.<\/p>\n<h3><strong>\u01afu \u0111i\u1ec3m c\u1ee7a\u00a0b\u1ed9 kit EasySep\u2122<\/strong>\u00a0<strong>ph\u00e2n l\u1eadp t\u1ebf b\u00e0o T<\/strong><\/h3>\n<ul>\n<li>Nhanh, d\u1ec5 s\u1eed d\u1ee5ng, kh\u00f4ng c\u1ea7n s\u1eed d\u1ee5ng c\u1ed9t trong qu\u00e1 tr\u00ecnh ph\u00e2n t\u00e1ch<\/li>\n<li>\u0110\u1ed9 tinh khi\u1ebft l\u00ean \u0111\u1ebfn 98%, kh\u1ea3 n\u0103ng ph\u1ee5c h\u1ed3i cao<\/li>\n<li>Ch\u1ea5t l\u01b0\u1ee3ng c\u00e1c t\u1ebf b\u00e0o \u0111\u00edch kh\u00f4ng b\u1ecb \u1ea3nh h\u01b0\u1edfng<\/li>\n<\/ul>\n<h3><strong>Th\u00e0nh ph\u1ea7n\u00a0b\u1ed9 kit EasySep\u2122<\/strong>\u00a0<strong>ph\u00e2n l\u1eadp t\u1ebf b\u00e0o T<\/strong><\/h3>\n<figure class=\"table\">\n<table>\n<tbody>\n<tr>\n<td>\n<p style=\"text-align: center;\"><strong>T\u00ean th\u00e0nh ph\u1ea7n<\/strong><\/p>\n<\/td>\n<td>\n<p style=\"text-align: center;\"><strong>Catalog #<\/strong><\/p>\n<\/td>\n<td>\n<p style=\"text-align: center;\"><strong>S\u1ed1 l\u01b0\u1ee3ng<\/strong><\/p>\n<\/td>\n<td>\n<p style=\"text-align: center;\"><strong>\u0110\u1ecbnh d\u1ea1ng<\/strong><\/p>\n<\/td>\n<\/tr>\n<tr>\n<td>EasySep\u2122 Human T Cell Isolation Cocktail<\/td>\n<td>17951C<\/td>\n<td>1 x 1 mL<\/td>\n<td>H\u1ed7n h\u1ee3p kh\u00e1ng th\u1ec3 \u0111\u01a1n d\u00f2ng trong <a href=\"https:\/\/biogroupvietnam.com\/vi\/products\/nuoi-cay-te-bao\/tang-sinh-te-bao-msc\/dung-dich-pbs.html\">PBS<\/a><\/td>\n<\/tr>\n<tr>\n<td>EasySep\u2122 Dextran RapidSpheres\u2122 50103<\/td>\n<td>50103<\/td>\n<td>1 x 1 mL<\/td>\n<td>C\u00e1c h\u1ea1t t\u1eeb huy\u1ec1n ph\u00f9 trong n\u01b0\u1edbc<\/td>\n<\/tr>\n<\/tbody>\n<\/table>\n<\/figure>\n<h3><strong>B\u1ea3o qu\u1ea3n v\u00e0 l\u01b0u tr\u1eef:<\/strong><\/h3>\n<p>B\u1ea3o qu\u1ea3n \u1edf 2 &#8211; 8\u00b0C. Ng\u00e0y h\u1ebft h\u1ea1n \u0111\u01b0\u1ee3c ghi tr\u00ean nh\u00e3n h\u1ed9p.<\/p>\n<p><i>L\u01b0u \u00fd: <\/i>C\u00e1c th\u00e0nh ph\u1ea7n c\u00f3 th\u1ec3 \u0111\u01b0\u1ee3c v\u1eadn chuy\u1ec3n \u1edf nhi\u1ec7t \u0111\u1ed9 ph\u00f2ng (15 \u2013 25\u00b0C) nh\u01b0ng ph\u1ea3i \u0111\u01b0\u1ee3c b\u1ea3o qu\u1ea3n \u1edf 2 &#8211; 8\u00b0C nh\u01b0 ch\u1ec9 d\u1eabn \u1edf tr\u00ean. Kh\u00f4ng \u0111\u00f4ng l\u1ea1nh m\u1eabu.<\/p>\n<h3><strong>\u1ee8ng d\u1ee5ng<\/strong><\/h3>\n<p>B\u1ed9 kit \u0111\u01b0\u1ee3c thi\u1ebft k\u1ebf \u0111\u1ec3 s\u1eed d\u1ee5ng trong nghi\u00ean c\u1ee9u li\u1ec7u ph\u00e1p t\u1ebf b\u00e0o T.<\/p>\n<h3><strong>Th\u00f4ng tin \u0111\u1eb7t h\u00e0ng<\/strong><\/h3>\n<p>B\u1ed9 kit ph\u00e2n l\u1eadp t\u1ebf b\u00e0o T c\u1ee7a ng\u01b0\u1eddi bao \u201cEasySep\u2122 Human T Cell Isolation Kit\u201d bao g\u1ed3m:<\/p>\n<p>Catalog #17951: M\u1eadt \u0111\u1ed9 t\u1ebf b\u00e0o x\u1eed l\u00ed l\u00e0 1\u00d7109 t\u1ebf b\u00e0o<\/p>\n<p>Catalog #100-0695: M\u1eadt \u0111\u1ed9 t\u1ebf b\u00e0o x\u1eed l\u00ed 1\u00d71010 t\u1ebf b\u00e0o, s\u1eed d\u1ee5ng nam ch\u00e2m <a href=\"https:\/\/biogroupvietnam.com\/vi\/products\/nghien-cuu-sinh-hoc\/phan-lap-te-bao\/easysep-magnet.html\">Easy 250 EasySepTM Magnet<\/a>.<\/p>\n<h3><strong>T\u00f9y ch\u1ecdn b\u1ed5 sung:<\/strong><\/h3>\n<p>Dung d\u1ecbch \u0111\u1ec7m &#8220;EasySep\u2122 Buffer&#8221;, 1L, Catalog #20144<\/p>\n","protected":false},"excerpt":{"rendered":"<p>B\u1ed9 kit EasySep\u2122 ph\u00e2n l\u1eadp t\u1ebf b\u00e0o T b\u1eb1ng ph\u01b0\u01a1ng ph\u00e1p ch\u1ecdn l\u1ecdc t\u1eeb t\u00ednh mi\u1ec5n d\u1ecbch \u00e2m t\u00ednh T\u1ed5ng quan v\u1ec1 b\u1ed9 kit EasySep\u2122\u00a0ph\u00e2n l\u1eadp t\u1ebf b\u00e0o T B\u1ed9 EasySep\u2122 Human T Cell Isolation Kit d\u00f9ng \u0111\u1ec3 ph\u00e2n l\u1eadp c\u00e1c t\u1ebf b\u00e0o T t\u1eeb c\u00e1c t\u1ebf b\u00e0o \u0111\u01a1n nh\u00e2n m\u00e1u ngo\u1ea1i vi (PBMCs) t\u01b0\u01a1i<\/p>\n<div class=\"klb-readmore post-buttons\"><a class=\"button rounded primary\" href=\"https:\/\/biogroupvietnam.com\/vi\/san-pham\/easysep-human-t-cell-isolation-kit\/\">Read More <i class=\"klbth-icon-right-arrow\"><\/i><\/a><\/div>\n","protected":false},"featured_media":10159,"comment_status":"closed","ping_status":"closed","template":"","meta":{"_acf_changed":false},"product_brand":[127],"product_cat":[115],"product_tag":[],"class_list":{"0":"post-3889","1":"product","2":"type-product","3":"status-publish","4":"has-post-thumbnail","6":"product_brand-stemcell-technologies","7":"product_cat-phan-lap-te-bao","9":"first","10":"outofstock","11":"shipping-taxable","12":"product-type-simple"},"acf":[],"yoast_head":"<!-- This site is optimized with the Yoast SEO plugin v26.8 - https:\/\/yoast.com\/product\/yoast-seo-wordpress\/ -->\n<title>B\u1ed9 Kit EasySep\u2122 Ph\u00e2n L\u1eadp T\u1ebf B\u00e0o T C\u1ee7a Ng\u01b0\u1eddi<\/title>\n<meta name=\"description\" content=\"B\u1ed9 kit EasySep\u2122 ph\u00e2n l\u1eadp t\u1ebf b\u00e0o T b\u1eb1ng ph\u01b0\u01a1ng ph\u00e1p ch\u1ecdn l\u1ecdc t\u1eeb t\u00ednh mi\u1ec5n d\u1ecbch \u00e2m t\u00ednh\" \/>\n<meta name=\"robots\" content=\"index, follow, max-snippet:-1, max-image-preview:large, max-video-preview:-1\" \/>\n<link rel=\"canonical\" href=\"https:\/\/biogroupvietnam.com\/vi\/san-pham\/easysep-human-t-cell-isolation-kit\/\" \/>\n<meta property=\"og:locale\" content=\"vi_VN\" \/>\n<meta property=\"og:type\" content=\"article\" \/>\n<meta property=\"og:title\" content=\"B\u1ed9 Kit EasySep\u2122 Ph\u00e2n L\u1eadp T\u1ebf B\u00e0o T C\u1ee7a Ng\u01b0\u1eddi\" \/>\n<meta property=\"og:description\" content=\"B\u1ed9 kit EasySep\u2122 ph\u00e2n l\u1eadp t\u1ebf b\u00e0o T b\u1eb1ng ph\u01b0\u01a1ng ph\u00e1p ch\u1ecdn l\u1ecdc t\u1eeb t\u00ednh mi\u1ec5n d\u1ecbch \u00e2m t\u00ednh\" \/>\n<meta property=\"og:url\" content=\"https:\/\/biogroupvietnam.com\/vi\/san-pham\/easysep-human-t-cell-isolation-kit\/\" \/>\n<meta property=\"og:site_name\" content=\"Biogroup Vietnam\" \/>\n<meta property=\"article:modified_time\" content=\"2026-04-02T08:09:21+00:00\" \/>\n<meta property=\"og:image\" content=\"https:\/\/biogroupvietnam.com\/wp-content\/uploads\/2025\/08\/bo-kit-easysep-phan-lap-te-bao-t-cua-nguoi.jpg\" \/>\n\t<meta property=\"og:image:width\" content=\"1640\" \/>\n\t<meta property=\"og:image:height\" content=\"1260\" \/>\n\t<meta property=\"og:image:type\" content=\"image\/jpeg\" \/>\n<meta name=\"twitter:card\" content=\"summary_large_image\" \/>\n<meta name=\"twitter:label1\" content=\"\u01af\u1edbc t\u00ednh th\u1eddi gian \u0111\u1ecdc\" \/>\n\t<meta name=\"twitter:data1\" content=\"3 ph\u00fat\" \/>\n<script type=\"application\/ld+json\" class=\"yoast-schema-graph\">{\"@context\":\"https:\/\/schema.org\",\"@graph\":[{\"@type\":\"WebPage\",\"@id\":\"https:\/\/biogroupvietnam.com\/vi\/san-pham\/easysep-human-t-cell-isolation-kit\/\",\"url\":\"https:\/\/biogroupvietnam.com\/vi\/san-pham\/easysep-human-t-cell-isolation-kit\/\",\"name\":\"B\u1ed9 Kit EasySep\u2122 Ph\u00e2n L\u1eadp T\u1ebf B\u00e0o T C\u1ee7a Ng\u01b0\u1eddi\",\"isPartOf\":{\"@id\":\"https:\/\/biogroupvietnam.com\/vi\/#website\"},\"primaryImageOfPage\":{\"@id\":\"https:\/\/biogroupvietnam.com\/vi\/san-pham\/easysep-human-t-cell-isolation-kit\/#primaryimage\"},\"image\":{\"@id\":\"https:\/\/biogroupvietnam.com\/vi\/san-pham\/easysep-human-t-cell-isolation-kit\/#primaryimage\"},\"thumbnailUrl\":\"https:\/\/biogroupvietnam.com\/wp-content\/uploads\/2025\/08\/bo-kit-easysep-phan-lap-te-bao-t-cua-nguoi.jpg\",\"datePublished\":\"2025-08-18T12:54:16+00:00\",\"dateModified\":\"2026-04-02T08:09:21+00:00\",\"description\":\"B\u1ed9 kit EasySep\u2122 ph\u00e2n l\u1eadp t\u1ebf b\u00e0o T b\u1eb1ng ph\u01b0\u01a1ng ph\u00e1p ch\u1ecdn l\u1ecdc t\u1eeb t\u00ednh mi\u1ec5n d\u1ecbch \u00e2m t\u00ednh\",\"breadcrumb\":{\"@id\":\"https:\/\/biogroupvietnam.com\/vi\/san-pham\/easysep-human-t-cell-isolation-kit\/#breadcrumb\"},\"inLanguage\":\"vi\",\"potentialAction\":[{\"@type\":\"ReadAction\",\"target\":[\"https:\/\/biogroupvietnam.com\/vi\/san-pham\/easysep-human-t-cell-isolation-kit\/\"]}]},{\"@type\":\"ImageObject\",\"inLanguage\":\"vi\",\"@id\":\"https:\/\/biogroupvietnam.com\/vi\/san-pham\/easysep-human-t-cell-isolation-kit\/#primaryimage\",\"url\":\"https:\/\/biogroupvietnam.com\/wp-content\/uploads\/2025\/08\/bo-kit-easysep-phan-lap-te-bao-t-cua-nguoi.jpg\",\"contentUrl\":\"https:\/\/biogroupvietnam.com\/wp-content\/uploads\/2025\/08\/bo-kit-easysep-phan-lap-te-bao-t-cua-nguoi.jpg\",\"width\":1640,\"height\":1260,\"caption\":\"B\u1ed9 Kit EasySep\u2122 Ph\u00e2n L\u1eadp T\u1ebf B\u00e0o T C\u1ee7a Ng\u01b0\u1eddi\"},{\"@type\":\"BreadcrumbList\",\"@id\":\"https:\/\/biogroupvietnam.com\/vi\/san-pham\/easysep-human-t-cell-isolation-kit\/#breadcrumb\",\"itemListElement\":[{\"@type\":\"ListItem\",\"position\":1,\"name\":\"Trang ch\u1ee7\",\"item\":\"https:\/\/biogroupvietnam.com\/vi\/\"},{\"@type\":\"ListItem\",\"position\":2,\"name\":\"S\u1ea3n ph\u1ea9m\",\"item\":\"https:\/\/biogroupvietnam.com\/vi\/san-pham\/\"},{\"@type\":\"ListItem\",\"position\":3,\"name\":\"X\u1eed L\u00fd T\u1ebf B\u00e0o\",\"item\":\"https:\/\/biogroupvietnam.com\/vi\/danh-muc-san-pham\/xu-ly-te-bao\/\"},{\"@type\":\"ListItem\",\"position\":4,\"name\":\"Ph\u00e2n L\u1eadp T\u1ebf B\u00e0o\",\"item\":\"https:\/\/biogroupvietnam.com\/vi\/danh-muc-san-pham\/phan-lap-te-bao\/\"},{\"@type\":\"ListItem\",\"position\":5,\"name\":\"B\u1ed9 Kit EasySep\u2122 Ph\u00e2n L\u1eadp T\u1ebf B\u00e0o T C\u1ee7a Ng\u01b0\u1eddi\"}]},{\"@type\":\"WebSite\",\"@id\":\"https:\/\/biogroupvietnam.com\/vi\/#website\",\"url\":\"https:\/\/biogroupvietnam.com\/vi\/\",\"name\":\"Biogroup Vietnam\",\"description\":\"Biogroup Vietnam cung c\u1ea5p d\u1ecbch v\u1ee5 k\u1ef9 thu\u1eadt c\u00f9ng thi\u1ebft b\u1ecb, v\u1eadt t\u01b0, h\u00f3a ch\u1ea5t v\u00e0 gi\u1ea3i ph\u00e1p sinh h\u1ecdc cho ph\u00f2ng th\u00ed nghi\u1ec7m c\u00f4ng ngh\u1ec7 sinh h\u1ecdc, y sinh v\u00e0 y h\u1ecdc t\u00e1i t\u1ea1o.\",\"potentialAction\":[{\"@type\":\"SearchAction\",\"target\":{\"@type\":\"EntryPoint\",\"urlTemplate\":\"https:\/\/biogroupvietnam.com\/vi\/?s={search_term_string}\"},\"query-input\":{\"@type\":\"PropertyValueSpecification\",\"valueRequired\":true,\"valueName\":\"search_term_string\"}}],\"inLanguage\":\"vi\"}]}<\/script>\n<!-- \/ Yoast SEO plugin. -->","yoast_head_json":{"title":"B\u1ed9 Kit EasySep\u2122 Ph\u00e2n L\u1eadp T\u1ebf B\u00e0o T C\u1ee7a Ng\u01b0\u1eddi","description":"B\u1ed9 kit EasySep\u2122 ph\u00e2n l\u1eadp t\u1ebf b\u00e0o T b\u1eb1ng ph\u01b0\u01a1ng ph\u00e1p ch\u1ecdn l\u1ecdc t\u1eeb t\u00ednh mi\u1ec5n d\u1ecbch \u00e2m t\u00ednh","robots":{"index":"index","follow":"follow","max-snippet":"max-snippet:-1","max-image-preview":"max-image-preview:large","max-video-preview":"max-video-preview:-1"},"canonical":"https:\/\/biogroupvietnam.com\/vi\/san-pham\/easysep-human-t-cell-isolation-kit\/","og_locale":"vi_VN","og_type":"article","og_title":"B\u1ed9 Kit EasySep\u2122 Ph\u00e2n L\u1eadp T\u1ebf B\u00e0o T C\u1ee7a Ng\u01b0\u1eddi","og_description":"B\u1ed9 kit EasySep\u2122 ph\u00e2n l\u1eadp t\u1ebf b\u00e0o T b\u1eb1ng ph\u01b0\u01a1ng ph\u00e1p ch\u1ecdn l\u1ecdc t\u1eeb t\u00ednh mi\u1ec5n d\u1ecbch \u00e2m t\u00ednh","og_url":"https:\/\/biogroupvietnam.com\/vi\/san-pham\/easysep-human-t-cell-isolation-kit\/","og_site_name":"Biogroup Vietnam","article_modified_time":"2026-04-02T08:09:21+00:00","og_image":[{"width":1640,"height":1260,"url":"https:\/\/biogroupvietnam.com\/wp-content\/uploads\/2025\/08\/bo-kit-easysep-phan-lap-te-bao-t-cua-nguoi.jpg","type":"image\/jpeg"}],"twitter_card":"summary_large_image","twitter_misc":{"\u01af\u1edbc t\u00ednh th\u1eddi gian \u0111\u1ecdc":"3 ph\u00fat"},"schema":{"@context":"https:\/\/schema.org","@graph":[{"@type":"WebPage","@id":"https:\/\/biogroupvietnam.com\/vi\/san-pham\/easysep-human-t-cell-isolation-kit\/","url":"https:\/\/biogroupvietnam.com\/vi\/san-pham\/easysep-human-t-cell-isolation-kit\/","name":"B\u1ed9 Kit EasySep\u2122 Ph\u00e2n L\u1eadp T\u1ebf B\u00e0o T C\u1ee7a Ng\u01b0\u1eddi","isPartOf":{"@id":"https:\/\/biogroupvietnam.com\/vi\/#website"},"primaryImageOfPage":{"@id":"https:\/\/biogroupvietnam.com\/vi\/san-pham\/easysep-human-t-cell-isolation-kit\/#primaryimage"},"image":{"@id":"https:\/\/biogroupvietnam.com\/vi\/san-pham\/easysep-human-t-cell-isolation-kit\/#primaryimage"},"thumbnailUrl":"https:\/\/biogroupvietnam.com\/wp-content\/uploads\/2025\/08\/bo-kit-easysep-phan-lap-te-bao-t-cua-nguoi.jpg","datePublished":"2025-08-18T12:54:16+00:00","dateModified":"2026-04-02T08:09:21+00:00","description":"B\u1ed9 kit EasySep\u2122 ph\u00e2n l\u1eadp t\u1ebf b\u00e0o T b\u1eb1ng ph\u01b0\u01a1ng ph\u00e1p ch\u1ecdn l\u1ecdc t\u1eeb t\u00ednh mi\u1ec5n d\u1ecbch \u00e2m t\u00ednh","breadcrumb":{"@id":"https:\/\/biogroupvietnam.com\/vi\/san-pham\/easysep-human-t-cell-isolation-kit\/#breadcrumb"},"inLanguage":"vi","potentialAction":[{"@type":"ReadAction","target":["https:\/\/biogroupvietnam.com\/vi\/san-pham\/easysep-human-t-cell-isolation-kit\/"]}]},{"@type":"ImageObject","inLanguage":"vi","@id":"https:\/\/biogroupvietnam.com\/vi\/san-pham\/easysep-human-t-cell-isolation-kit\/#primaryimage","url":"https:\/\/biogroupvietnam.com\/wp-content\/uploads\/2025\/08\/bo-kit-easysep-phan-lap-te-bao-t-cua-nguoi.jpg","contentUrl":"https:\/\/biogroupvietnam.com\/wp-content\/uploads\/2025\/08\/bo-kit-easysep-phan-lap-te-bao-t-cua-nguoi.jpg","width":1640,"height":1260,"caption":"B\u1ed9 Kit EasySep\u2122 Ph\u00e2n L\u1eadp T\u1ebf B\u00e0o T C\u1ee7a Ng\u01b0\u1eddi"},{"@type":"BreadcrumbList","@id":"https:\/\/biogroupvietnam.com\/vi\/san-pham\/easysep-human-t-cell-isolation-kit\/#breadcrumb","itemListElement":[{"@type":"ListItem","position":1,"name":"Trang ch\u1ee7","item":"https:\/\/biogroupvietnam.com\/vi\/"},{"@type":"ListItem","position":2,"name":"S\u1ea3n ph\u1ea9m","item":"https:\/\/biogroupvietnam.com\/vi\/san-pham\/"},{"@type":"ListItem","position":3,"name":"X\u1eed L\u00fd T\u1ebf B\u00e0o","item":"https:\/\/biogroupvietnam.com\/vi\/danh-muc-san-pham\/xu-ly-te-bao\/"},{"@type":"ListItem","position":4,"name":"Ph\u00e2n L\u1eadp T\u1ebf B\u00e0o","item":"https:\/\/biogroupvietnam.com\/vi\/danh-muc-san-pham\/phan-lap-te-bao\/"},{"@type":"ListItem","position":5,"name":"B\u1ed9 Kit EasySep\u2122 Ph\u00e2n L\u1eadp T\u1ebf B\u00e0o T C\u1ee7a Ng\u01b0\u1eddi"}]},{"@type":"WebSite","@id":"https:\/\/biogroupvietnam.com\/vi\/#website","url":"https:\/\/biogroupvietnam.com\/vi\/","name":"Biogroup Vietnam","description":"Biogroup Vietnam cung c\u1ea5p d\u1ecbch v\u1ee5 k\u1ef9 thu\u1eadt c\u00f9ng thi\u1ebft b\u1ecb, v\u1eadt t\u01b0, h\u00f3a ch\u1ea5t v\u00e0 gi\u1ea3i ph\u00e1p sinh h\u1ecdc cho ph\u00f2ng th\u00ed nghi\u1ec7m c\u00f4ng ngh\u1ec7 sinh h\u1ecdc, y sinh v\u00e0 y h\u1ecdc t\u00e1i t\u1ea1o.","potentialAction":[{"@type":"SearchAction","target":{"@type":"EntryPoint","urlTemplate":"https:\/\/biogroupvietnam.com\/vi\/?s={search_term_string}"},"query-input":{"@type":"PropertyValueSpecification","valueRequired":true,"valueName":"search_term_string"}}],"inLanguage":"vi"}]}},"_links":{"self":[{"href":"https:\/\/biogroupvietnam.com\/vi\/wp-json\/wp\/v2\/product\/3889","targetHints":{"allow":["GET"]}}],"collection":[{"href":"https:\/\/biogroupvietnam.com\/vi\/wp-json\/wp\/v2\/product"}],"about":[{"href":"https:\/\/biogroupvietnam.com\/vi\/wp-json\/wp\/v2\/types\/product"}],"replies":[{"embeddable":true,"href":"https:\/\/biogroupvietnam.com\/vi\/wp-json\/wp\/v2\/comments?post=3889"}],"version-history":[{"count":5,"href":"https:\/\/biogroupvietnam.com\/vi\/wp-json\/wp\/v2\/product\/3889\/revisions"}],"predecessor-version":[{"id":10160,"href":"https:\/\/biogroupvietnam.com\/vi\/wp-json\/wp\/v2\/product\/3889\/revisions\/10160"}],"wp:featuredmedia":[{"embeddable":true,"href":"https:\/\/biogroupvietnam.com\/vi\/wp-json\/wp\/v2\/media\/10159"}],"wp:attachment":[{"href":"https:\/\/biogroupvietnam.com\/vi\/wp-json\/wp\/v2\/media?parent=3889"}],"wp:term":[{"taxonomy":"product_brand","embeddable":true,"href":"https:\/\/biogroupvietnam.com\/vi\/wp-json\/wp\/v2\/product_brand?post=3889"},{"taxonomy":"product_cat","embeddable":true,"href":"https:\/\/biogroupvietnam.com\/vi\/wp-json\/wp\/v2\/product_cat?post=3889"},{"taxonomy":"product_tag","embeddable":true,"href":"https:\/\/biogroupvietnam.com\/vi\/wp-json\/wp\/v2\/product_tag?post=3889"}],"curies":[{"name":"wp","href":"https:\/\/api.w.org\/{rel}","templated":true}]}}