{"id":3891,"date":"2025-08-18T19:54:17","date_gmt":"2025-08-18T12:54:17","guid":{"rendered":"http:\/\/biogroupvietnam-worldpress.local\/product\/import-placeholder-for-170\/"},"modified":"2025-09-29T15:08:47","modified_gmt":"2025-09-29T08:08:47","slug":"cryo-strawtag","status":"publish","type":"product","link":"https:\/\/biogroupvietnam.com\/vi\/san-pham\/cryo-strawtag\/","title":{"rendered":"Nh\u00e3n m\u00e3 v\u1ea1ch d\u00f9ng cho c\u1ecdng tr\u1eef m\u1eabu 0.5ml trong nit\u01a1 l\u1ecfng Cryo-StrawTAG\u2122 #CST"},"content":{"rendered":"<h2>Nh\u00e3n m\u00e3 v\u1ea1ch d\u00f9ng cho c\u1ecdng tr\u1eef m\u1eabu 0.5ml trong nit\u01a1 l\u1ecfng&nbsp;<\/h2>\n<h3><strong>M\u00f4 t\u1ea3 c\u1ee7a nh\u00e3n m\u00e3 v\u1ea1ch CryoStrawTAGTM #CST:&nbsp;<\/strong><\/h3>\n<p>Nh\u00e3n d\u00f9ng cho \u1ed1ng tr\u1eef m\u1eabu 0.25ml v\u00e0 0.5ml v\u1edbi c\u00e1c c\u1ea5u h\u00ecnh kh\u00e1c nhau, \u0111\u00e3 tr\u1ea3i qua th\u1eed nghi\u1ec7m trong nito l\u1ecfng. Nh\u00e3n h\u1eefu \u00edch cho c\u00e1c ph\u00f2ng kh\u00e1m, ph\u00f2ng th\u00ed nghi\u1ec7m c\u00f3 k\u1ef9 thu\u1eadt h\u1ed7 tr\u1ee3 sinh s\u1ea3n (assisted reproductive technology &#8211; ART), c\u0169ng nh\u01b0 c\u00e1c c\u00f4ng ty nh\u00e2n gi\u1ed1ng v\u1eadt nu\u00f4i v\u00e0 c\u00f4ng ty c\u00f4ng ngh\u1ec7 sinh h\u1ecdc.&nbsp;&nbsp;<\/p>\n<p>\u0110\u01b0\u1ee3c thi\u1ebft k\u1ebf \u0111\u1ec3 b\u1ea3o qu\u1ea3n l\u1ea1nh ng\u1eafn h\u1ea1n v\u00e0 d\u00e0i h\u1ea1n trong \u0111i\u1ec1u ki\u1ec7n ph\u00f2ng th\u00ed nghi\u1ec7m \u0111\u00f4ng l\u1ea1nh, bao g\u1ed3m trong nit\u01a1 l\u1ecfng \u1edf th\u1ec3 l\u1ecfng v\u00e0 pha h\u01a1i (-196\u00b0C\/-321\u00b0F), t\u1ee7 \u00e2m s\u00e2u -80\u00b0C (-112\u00b0F) v\u00e0 v\u1eadn chuy\u1ec3n b\u1eb1ng \u0111\u00e1 kh\u00f4.&nbsp;&nbsp;<\/p>\n<p>Nh\u00e3n c\u00f3 \u0111\u1ed9 b\u1ec1n c\u00f3 th\u1ec3 ch\u1ecbu \u0111\u01b0\u1ee3c k\u1ef9 thu\u1eadt \u0111\u00f4ng l\u1ea1nh ph\u00f4i c\u1ef1c nhanh b\u1eb1ng k\u1ef9 thu\u1eadt th\u1ee7y tinh h\u00f3a v\u00e0 t\u01b0\u01a1ng th\u00edch v\u1edbi t\u1ea5t c\u1ea3 c\u00e1c \u1ed1ng tr\u1eef m\u1eabu \u0111\u00f4ng l\u1ea1nh ti\u00eau chu\u1ea9n c\u0169ng nh\u01b0 \u1ed1ng tr\u1eef m\u1eabu c\u00f3 t\u00ednh b\u1ea3o m\u1eadt cao.&nbsp;<\/p>\n<h3><strong>Ti\u1ec7n \u00edch c\u1ee7a nh\u00e3n m\u00e3 v\u1ea1ch CryoStrawTAGTM #CST:&nbsp;<\/strong><\/h3>\n<ul>\n<li>\u0110\u01b0\u1ee3c thi\u1ebft k\u1ebf \u0111\u1eb7c bi\u1ec7t \u0111\u1ec3 nh\u1eadn d\u1ea1ng \u1ed1ng tr\u1eef m\u1eabu \u0111\u00f4ng l\u1ea1nh \u0111\u01b0\u1ee3c c\u00e1c ph\u00f2ng kh\u00e1m IVF s\u1eed d\u1ee5ng&nbsp;<\/li>\n<li>Laminate bao quanh b\u1ea3o v\u1ec7 nh\u00e3n in kh\u1ecfi b\u1ecb m\u00e0i m\u00f2n, kh\u00e1ng h\u00f3a ch\u1ea5t, ch\u1ed1ng tr\u1ea7y x\u01b0\u1edbc v\u00e0 ch\u1ed1ng nh\u00f2e&nbsp;<\/li>\n<li>Ch\u1ecbu \u0111\u01b0\u1ee3c nhi\u1ec7t \u0111\u1ed9 \u0111\u00f4ng l\u1ea1nh c\u1ef1c cao (-196\u00b0C\/-321\u00b0F, trong nit\u01a1 l\u1ecfng pha h\u01a1i ho\u1eb7c pha l\u1ecfng)&nbsp;<\/li>\n<li>L\u00fd t\u01b0\u1edfng \u0111\u1ec3 l\u01b0u tr\u1eef ng\u1eafn h\u1ea1n v\u00e0 d\u00e0i h\u1ea1n trong \u0111i\u1ec1u ki\u1ec7n \u0111\u00f4ng l\u1ea1nh&nbsp;<\/li>\n<li>Ch\u1ed1ng b\u1ee9c x\u1ea1 gamma (th\u1eed nghi\u1ec7m l\u00ean \u0111\u1ebfn 50 KGy)&nbsp;<\/li>\n<li>C\u00f3 th\u1ec3 in \u0111\u01b0\u1ee3c v\u1edbi t\u1ea5t c\u1ea3 c\u00e1c nh\u00e3n hi\u1ec7u m\u00e1y in truy\u1ec1n nhi\u1ec7t l\u1edbn&nbsp;<\/li>\n<li>B\u0103ng m\u1ef1c in khuy\u00ean d\u00f9ng: RR&nbsp;<\/li>\n<\/ul>\n<h3><strong>Th\u00f4ng s\u1ed1 k\u1ef9 thu\u1eadt c\u1ee7a nh\u00e3n CryoStrawTAGTM #CST&nbsp;<\/strong><\/h3>\n<figure class=\"table\">\n<table>\n<tbody>\n<tr>\n<td>\n<p style=\"text-align:center;\">K\u00edch th\u01b0\u1edbc nh\u00e3n (WxH)<\/p>\n<p style=\"text-align:center;\">(#CST-29NPNOT0.5C1-1WH):<\/p>\n<\/td>\n<td>\n<p style=\"text-align:center;\">25.4 mm x 25.4 mm<\/p>\n<\/td>\n<\/tr>\n<tr>\n<td>\n<p style=\"text-align:center;\">K\u00edch th\u01b0\u1edbc nh\u00e3n (WxH)<\/p>\n<p style=\"text-align:center;\">(#CST-28NPNOT0.5C1-1WH):<\/p>\n<\/td>\n<td>\n<p style=\"text-align:center;\">50.8 mm x 25.4 mm<\/p>\n<\/td>\n<\/tr>\n<tr>\n<td>\n<p style=\"text-align:center;\">M\u00e0u s\u1eafc:<\/p>\n<\/td>\n<td>\n<p style=\"text-align:center;\">m\u00e0u tr\u1eafng s\u1eefa<\/p>\n<\/td>\n<\/tr>\n<tr>\n<td>\n<p style=\"text-align:center;\">L\u00f5i cu\u1ed9n nh\u00e3n:<\/p>\n<\/td>\n<td>\n<p style=\"text-align:center;\">1 inch (25.4 mm)<\/p>\n<\/td>\n<\/tr>\n<tr>\n<td>\n<p style=\"text-align:center;\">Quy c\u00e1ch:<\/p>\n<\/td>\n<td>\n<p style=\"text-align:center;\">1000 nh\u00e3n 1 cu\u1ed9n<\/p>\n<\/td>\n<\/tr>\n<\/tbody>\n<\/table>\n<\/figure>\n","protected":false},"excerpt":{"rendered":"<p>Nh\u00e3n m\u00e3 v\u1ea1ch d\u00f9ng cho c\u1ecdng tr\u1eef m\u1eabu 0.5ml trong nit\u01a1 l\u1ecfng&nbsp; M\u00f4 t\u1ea3 c\u1ee7a nh\u00e3n m\u00e3 v\u1ea1ch CryoStrawTAGTM #CST:&nbsp; Nh\u00e3n d\u00f9ng cho \u1ed1ng tr\u1eef m\u1eabu 0.25ml v\u00e0 0.5ml v\u1edbi c\u00e1c c\u1ea5u h\u00ecnh kh\u00e1c nhau, \u0111\u00e3 tr\u1ea3i qua th\u1eed nghi\u1ec7m trong nito l\u1ecfng. Nh\u00e3n h\u1eefu \u00edch cho c\u00e1c ph\u00f2ng kh\u00e1m, ph\u00f2ng th\u00ed nghi\u1ec7m c\u00f3 k\u1ef9<\/p>\n<div class=\"klb-readmore post-buttons\"><a class=\"button rounded primary\" href=\"https:\/\/biogroupvietnam.com\/vi\/san-pham\/cryo-strawtag\/\">Read More <i class=\"klbth-icon-right-arrow\"><\/i><\/a><\/div>\n","protected":false},"featured_media":5486,"comment_status":"closed","ping_status":"closed","template":"","meta":{"_acf_changed":false},"product_brand":[131],"product_cat":[104],"product_tag":[],"class_list":{"0":"post-3891","1":"product","2":"type-product","3":"status-publish","4":"has-post-thumbnail","6":"product_brand-ga-international-labtag","7":"product_cat-nhan-ma-vach-dong-lanh","9":"first","10":"outofstock","11":"shipping-taxable","12":"product-type-simple"},"acf":[],"yoast_head":"<!-- This site is optimized with the Yoast SEO plugin v26.8 - https:\/\/yoast.com\/product\/yoast-seo-wordpress\/ -->\n<title>Nh\u00e3n m\u00e3 v\u1ea1ch d\u00f9ng cho c\u1ecdng tr\u1eef m\u1eabu 0.5ml trong nit\u01a1 l\u1ecfng Cryo-StrawTAG\u2122 #CST<\/title>\n<meta name=\"description\" content=\"Nh\u00e3n d\u00f9ng cho \u1ed1ng tr\u1eef m\u1eabu 0.25ml v\u00e0 0.5ml v\u1edbi c\u00e1c c\u1ea5u h\u00ecnh kh\u00e1c nhau, \u0111\u00e3 tr\u1ea3i qua th\u1eed nghi\u1ec7m trong nito l\u1ecfng.\" \/>\n<meta name=\"robots\" content=\"index, follow, max-snippet:-1, max-image-preview:large, max-video-preview:-1\" \/>\n<link rel=\"canonical\" href=\"https:\/\/biogroupvietnam.com\/vi\/san-pham\/cryo-strawtag\/\" \/>\n<meta property=\"og:locale\" content=\"vi_VN\" \/>\n<meta property=\"og:type\" content=\"article\" \/>\n<meta property=\"og:title\" content=\"Nh\u00e3n m\u00e3 v\u1ea1ch d\u00f9ng cho c\u1ecdng tr\u1eef m\u1eabu 0.5ml trong nit\u01a1 l\u1ecfng Cryo-StrawTAG\u2122 #CST\" \/>\n<meta property=\"og:description\" content=\"Nh\u00e3n d\u00f9ng cho \u1ed1ng tr\u1eef m\u1eabu 0.25ml v\u00e0 0.5ml v\u1edbi c\u00e1c c\u1ea5u h\u00ecnh kh\u00e1c nhau, \u0111\u00e3 tr\u1ea3i qua th\u1eed nghi\u1ec7m trong nito l\u1ecfng.\" \/>\n<meta property=\"og:url\" content=\"https:\/\/biogroupvietnam.com\/vi\/san-pham\/cryo-strawtag\/\" \/>\n<meta property=\"og:site_name\" content=\"Biogroup Vietnam\" \/>\n<meta property=\"article:modified_time\" content=\"2025-09-29T08:08:47+00:00\" \/>\n<meta property=\"og:image\" content=\"https:\/\/biogroupvietnam.com\/wp-content\/uploads\/2025\/08\/4BgGrJWGtJemKbU6WTlLTwCOQqCwA8aq0dfzaT6G.jpg\" \/>\n\t<meta property=\"og:image:width\" content=\"800\" \/>\n\t<meta property=\"og:image:height\" content=\"510\" \/>\n\t<meta property=\"og:image:type\" content=\"image\/jpeg\" \/>\n<meta name=\"twitter:card\" content=\"summary_large_image\" \/>\n<meta name=\"twitter:label1\" content=\"\u01af\u1edbc t\u00ednh th\u1eddi gian \u0111\u1ecdc\" \/>\n\t<meta name=\"twitter:data1\" content=\"3 ph\u00fat\" \/>\n<script type=\"application\/ld+json\" class=\"yoast-schema-graph\">{\"@context\":\"https:\/\/schema.org\",\"@graph\":[{\"@type\":\"WebPage\",\"@id\":\"https:\/\/biogroupvietnam.com\/vi\/san-pham\/cryo-strawtag\/\",\"url\":\"https:\/\/biogroupvietnam.com\/vi\/san-pham\/cryo-strawtag\/\",\"name\":\"Nh\u00e3n m\u00e3 v\u1ea1ch d\u00f9ng cho c\u1ecdng tr\u1eef m\u1eabu 0.5ml trong nit\u01a1 l\u1ecfng Cryo-StrawTAG\u2122 #CST\",\"isPartOf\":{\"@id\":\"https:\/\/biogroupvietnam.com\/vi\/#website\"},\"primaryImageOfPage\":{\"@id\":\"https:\/\/biogroupvietnam.com\/vi\/san-pham\/cryo-strawtag\/#primaryimage\"},\"image\":{\"@id\":\"https:\/\/biogroupvietnam.com\/vi\/san-pham\/cryo-strawtag\/#primaryimage\"},\"thumbnailUrl\":\"https:\/\/biogroupvietnam.com\/wp-content\/uploads\/2025\/08\/4BgGrJWGtJemKbU6WTlLTwCOQqCwA8aq0dfzaT6G.jpg\",\"datePublished\":\"2025-08-18T12:54:17+00:00\",\"dateModified\":\"2025-09-29T08:08:47+00:00\",\"description\":\"Nh\u00e3n d\u00f9ng cho \u1ed1ng tr\u1eef m\u1eabu 0.25ml v\u00e0 0.5ml v\u1edbi c\u00e1c c\u1ea5u h\u00ecnh kh\u00e1c nhau, \u0111\u00e3 tr\u1ea3i qua th\u1eed nghi\u1ec7m trong nito l\u1ecfng.\",\"breadcrumb\":{\"@id\":\"https:\/\/biogroupvietnam.com\/vi\/san-pham\/cryo-strawtag\/#breadcrumb\"},\"inLanguage\":\"vi\",\"potentialAction\":[{\"@type\":\"ReadAction\",\"target\":[\"https:\/\/biogroupvietnam.com\/vi\/san-pham\/cryo-strawtag\/\"]}]},{\"@type\":\"ImageObject\",\"inLanguage\":\"vi\",\"@id\":\"https:\/\/biogroupvietnam.com\/vi\/san-pham\/cryo-strawtag\/#primaryimage\",\"url\":\"https:\/\/biogroupvietnam.com\/wp-content\/uploads\/2025\/08\/4BgGrJWGtJemKbU6WTlLTwCOQqCwA8aq0dfzaT6G.jpg\",\"contentUrl\":\"https:\/\/biogroupvietnam.com\/wp-content\/uploads\/2025\/08\/4BgGrJWGtJemKbU6WTlLTwCOQqCwA8aq0dfzaT6G.jpg\",\"width\":800,\"height\":510,\"caption\":\"\u00a0\"},{\"@type\":\"BreadcrumbList\",\"@id\":\"https:\/\/biogroupvietnam.com\/vi\/san-pham\/cryo-strawtag\/#breadcrumb\",\"itemListElement\":[{\"@type\":\"ListItem\",\"position\":1,\"name\":\"Trang ch\u1ee7\",\"item\":\"https:\/\/biogroupvietnam.com\/vi\/\"},{\"@type\":\"ListItem\",\"position\":2,\"name\":\"S\u1ea3n ph\u1ea9m\",\"item\":\"https:\/\/biogroupvietnam.com\/vi\/san-pham\/\"},{\"@type\":\"ListItem\",\"position\":3,\"name\":\"B\u1ea3o Qu\u1ea3n L\u1ea1nh T\u1ebf B\u00e0o\",\"item\":\"https:\/\/biogroupvietnam.com\/vi\/danh-muc-san-pham\/bao-quan-lanh-te-bao\/\"},{\"@type\":\"ListItem\",\"position\":4,\"name\":\"Nh\u00e3n M\u00e3 V\u1ea1ch \u0110\u00f4ng L\u1ea1nh\",\"item\":\"https:\/\/biogroupvietnam.com\/vi\/danh-muc-san-pham\/nhan-ma-vach-dong-lanh\/\"},{\"@type\":\"ListItem\",\"position\":5,\"name\":\"Nh\u00e3n m\u00e3 v\u1ea1ch d\u00f9ng cho c\u1ecdng tr\u1eef m\u1eabu 0.5ml trong nit\u01a1 l\u1ecfng Cryo-StrawTAG\u2122 #CST\"}]},{\"@type\":\"WebSite\",\"@id\":\"https:\/\/biogroupvietnam.com\/vi\/#website\",\"url\":\"https:\/\/biogroupvietnam.com\/vi\/\",\"name\":\"Biogroup Vietnam\",\"description\":\"Biogroup Vietnam cung c\u1ea5p d\u1ecbch v\u1ee5 k\u1ef9 thu\u1eadt c\u00f9ng thi\u1ebft b\u1ecb, v\u1eadt t\u01b0, h\u00f3a ch\u1ea5t v\u00e0 gi\u1ea3i ph\u00e1p sinh h\u1ecdc cho ph\u00f2ng th\u00ed nghi\u1ec7m c\u00f4ng ngh\u1ec7 sinh h\u1ecdc, y sinh v\u00e0 y h\u1ecdc t\u00e1i t\u1ea1o.\",\"potentialAction\":[{\"@type\":\"SearchAction\",\"target\":{\"@type\":\"EntryPoint\",\"urlTemplate\":\"https:\/\/biogroupvietnam.com\/vi\/?s={search_term_string}\"},\"query-input\":{\"@type\":\"PropertyValueSpecification\",\"valueRequired\":true,\"valueName\":\"search_term_string\"}}],\"inLanguage\":\"vi\"}]}<\/script>\n<!-- \/ Yoast SEO plugin. -->","yoast_head_json":{"title":"Nh\u00e3n m\u00e3 v\u1ea1ch d\u00f9ng cho c\u1ecdng tr\u1eef m\u1eabu 0.5ml trong nit\u01a1 l\u1ecfng Cryo-StrawTAG\u2122 #CST","description":"Nh\u00e3n d\u00f9ng cho \u1ed1ng tr\u1eef m\u1eabu 0.25ml v\u00e0 0.5ml v\u1edbi c\u00e1c c\u1ea5u h\u00ecnh kh\u00e1c nhau, \u0111\u00e3 tr\u1ea3i qua th\u1eed nghi\u1ec7m trong nito l\u1ecfng.","robots":{"index":"index","follow":"follow","max-snippet":"max-snippet:-1","max-image-preview":"max-image-preview:large","max-video-preview":"max-video-preview:-1"},"canonical":"https:\/\/biogroupvietnam.com\/vi\/san-pham\/cryo-strawtag\/","og_locale":"vi_VN","og_type":"article","og_title":"Nh\u00e3n m\u00e3 v\u1ea1ch d\u00f9ng cho c\u1ecdng tr\u1eef m\u1eabu 0.5ml trong nit\u01a1 l\u1ecfng Cryo-StrawTAG\u2122 #CST","og_description":"Nh\u00e3n d\u00f9ng cho \u1ed1ng tr\u1eef m\u1eabu 0.25ml v\u00e0 0.5ml v\u1edbi c\u00e1c c\u1ea5u h\u00ecnh kh\u00e1c nhau, \u0111\u00e3 tr\u1ea3i qua th\u1eed nghi\u1ec7m trong nito l\u1ecfng.","og_url":"https:\/\/biogroupvietnam.com\/vi\/san-pham\/cryo-strawtag\/","og_site_name":"Biogroup Vietnam","article_modified_time":"2025-09-29T08:08:47+00:00","og_image":[{"width":800,"height":510,"url":"https:\/\/biogroupvietnam.com\/wp-content\/uploads\/2025\/08\/4BgGrJWGtJemKbU6WTlLTwCOQqCwA8aq0dfzaT6G.jpg","type":"image\/jpeg"}],"twitter_card":"summary_large_image","twitter_misc":{"\u01af\u1edbc t\u00ednh th\u1eddi gian \u0111\u1ecdc":"3 ph\u00fat"},"schema":{"@context":"https:\/\/schema.org","@graph":[{"@type":"WebPage","@id":"https:\/\/biogroupvietnam.com\/vi\/san-pham\/cryo-strawtag\/","url":"https:\/\/biogroupvietnam.com\/vi\/san-pham\/cryo-strawtag\/","name":"Nh\u00e3n m\u00e3 v\u1ea1ch d\u00f9ng cho c\u1ecdng tr\u1eef m\u1eabu 0.5ml trong nit\u01a1 l\u1ecfng Cryo-StrawTAG\u2122 #CST","isPartOf":{"@id":"https:\/\/biogroupvietnam.com\/vi\/#website"},"primaryImageOfPage":{"@id":"https:\/\/biogroupvietnam.com\/vi\/san-pham\/cryo-strawtag\/#primaryimage"},"image":{"@id":"https:\/\/biogroupvietnam.com\/vi\/san-pham\/cryo-strawtag\/#primaryimage"},"thumbnailUrl":"https:\/\/biogroupvietnam.com\/wp-content\/uploads\/2025\/08\/4BgGrJWGtJemKbU6WTlLTwCOQqCwA8aq0dfzaT6G.jpg","datePublished":"2025-08-18T12:54:17+00:00","dateModified":"2025-09-29T08:08:47+00:00","description":"Nh\u00e3n d\u00f9ng cho \u1ed1ng tr\u1eef m\u1eabu 0.25ml v\u00e0 0.5ml v\u1edbi c\u00e1c c\u1ea5u h\u00ecnh kh\u00e1c nhau, \u0111\u00e3 tr\u1ea3i qua th\u1eed nghi\u1ec7m trong nito l\u1ecfng.","breadcrumb":{"@id":"https:\/\/biogroupvietnam.com\/vi\/san-pham\/cryo-strawtag\/#breadcrumb"},"inLanguage":"vi","potentialAction":[{"@type":"ReadAction","target":["https:\/\/biogroupvietnam.com\/vi\/san-pham\/cryo-strawtag\/"]}]},{"@type":"ImageObject","inLanguage":"vi","@id":"https:\/\/biogroupvietnam.com\/vi\/san-pham\/cryo-strawtag\/#primaryimage","url":"https:\/\/biogroupvietnam.com\/wp-content\/uploads\/2025\/08\/4BgGrJWGtJemKbU6WTlLTwCOQqCwA8aq0dfzaT6G.jpg","contentUrl":"https:\/\/biogroupvietnam.com\/wp-content\/uploads\/2025\/08\/4BgGrJWGtJemKbU6WTlLTwCOQqCwA8aq0dfzaT6G.jpg","width":800,"height":510,"caption":"\u00a0"},{"@type":"BreadcrumbList","@id":"https:\/\/biogroupvietnam.com\/vi\/san-pham\/cryo-strawtag\/#breadcrumb","itemListElement":[{"@type":"ListItem","position":1,"name":"Trang ch\u1ee7","item":"https:\/\/biogroupvietnam.com\/vi\/"},{"@type":"ListItem","position":2,"name":"S\u1ea3n ph\u1ea9m","item":"https:\/\/biogroupvietnam.com\/vi\/san-pham\/"},{"@type":"ListItem","position":3,"name":"B\u1ea3o Qu\u1ea3n L\u1ea1nh T\u1ebf B\u00e0o","item":"https:\/\/biogroupvietnam.com\/vi\/danh-muc-san-pham\/bao-quan-lanh-te-bao\/"},{"@type":"ListItem","position":4,"name":"Nh\u00e3n M\u00e3 V\u1ea1ch \u0110\u00f4ng L\u1ea1nh","item":"https:\/\/biogroupvietnam.com\/vi\/danh-muc-san-pham\/nhan-ma-vach-dong-lanh\/"},{"@type":"ListItem","position":5,"name":"Nh\u00e3n m\u00e3 v\u1ea1ch d\u00f9ng cho c\u1ecdng tr\u1eef m\u1eabu 0.5ml trong nit\u01a1 l\u1ecfng Cryo-StrawTAG\u2122 #CST"}]},{"@type":"WebSite","@id":"https:\/\/biogroupvietnam.com\/vi\/#website","url":"https:\/\/biogroupvietnam.com\/vi\/","name":"Biogroup Vietnam","description":"Biogroup Vietnam cung c\u1ea5p d\u1ecbch v\u1ee5 k\u1ef9 thu\u1eadt c\u00f9ng thi\u1ebft b\u1ecb, v\u1eadt t\u01b0, h\u00f3a ch\u1ea5t v\u00e0 gi\u1ea3i ph\u00e1p sinh h\u1ecdc cho ph\u00f2ng th\u00ed nghi\u1ec7m c\u00f4ng ngh\u1ec7 sinh h\u1ecdc, y sinh v\u00e0 y h\u1ecdc t\u00e1i t\u1ea1o.","potentialAction":[{"@type":"SearchAction","target":{"@type":"EntryPoint","urlTemplate":"https:\/\/biogroupvietnam.com\/vi\/?s={search_term_string}"},"query-input":{"@type":"PropertyValueSpecification","valueRequired":true,"valueName":"search_term_string"}}],"inLanguage":"vi"}]}},"_links":{"self":[{"href":"https:\/\/biogroupvietnam.com\/vi\/wp-json\/wp\/v2\/product\/3891","targetHints":{"allow":["GET"]}}],"collection":[{"href":"https:\/\/biogroupvietnam.com\/vi\/wp-json\/wp\/v2\/product"}],"about":[{"href":"https:\/\/biogroupvietnam.com\/vi\/wp-json\/wp\/v2\/types\/product"}],"replies":[{"embeddable":true,"href":"https:\/\/biogroupvietnam.com\/vi\/wp-json\/wp\/v2\/comments?post=3891"}],"version-history":[{"count":2,"href":"https:\/\/biogroupvietnam.com\/vi\/wp-json\/wp\/v2\/product\/3891\/revisions"}],"predecessor-version":[{"id":8260,"href":"https:\/\/biogroupvietnam.com\/vi\/wp-json\/wp\/v2\/product\/3891\/revisions\/8260"}],"wp:featuredmedia":[{"embeddable":true,"href":"https:\/\/biogroupvietnam.com\/vi\/wp-json\/wp\/v2\/media\/5486"}],"wp:attachment":[{"href":"https:\/\/biogroupvietnam.com\/vi\/wp-json\/wp\/v2\/media?parent=3891"}],"wp:term":[{"taxonomy":"product_brand","embeddable":true,"href":"https:\/\/biogroupvietnam.com\/vi\/wp-json\/wp\/v2\/product_brand?post=3891"},{"taxonomy":"product_cat","embeddable":true,"href":"https:\/\/biogroupvietnam.com\/vi\/wp-json\/wp\/v2\/product_cat?post=3891"},{"taxonomy":"product_tag","embeddable":true,"href":"https:\/\/biogroupvietnam.com\/vi\/wp-json\/wp\/v2\/product_tag?post=3891"}],"curies":[{"name":"wp","href":"https:\/\/api.w.org\/{rel}","templated":true}]}}