{"id":3892,"date":"2025-08-18T19:54:17","date_gmt":"2025-08-18T12:54:17","guid":{"rendered":"http:\/\/biogroupvietnam-worldpress.local\/product\/import-placeholder-for-171\/"},"modified":"2026-01-12T17:06:18","modified_gmt":"2026-01-12T10:06:18","slug":"mve-cryosystem-750","status":"publish","type":"product","link":"https:\/\/biogroupvietnam.com\/vi\/san-pham\/mve-cryosystem-750\/","title":{"rendered":"B\u00ecnh L\u01b0u Tr\u1eef M\u1eabu MVE CryoSystem 750"},"content":{"rendered":"<p>B\u00ecnh l\u01b0u tr\u1eef m\u1eabu MVE CryoSystem 750 k\u1ebft h\u1ee3p c\u00e1c l\u1ee3i \u00edch nh\u01b0 ti\u00eau th\u1ee5 nit\u01a1 th\u1ea5p v\u00e0 dung t\u00edch b\u00ecnh t\u1ea7m trung \u0111\u1ec3 \u0111\u00e1p \u1ee9ng nhu c\u1ea7u \u0111a d\u1ea1ng c\u1ee7a c\u00e1c chuy\u00ean gia tr\u00ean to\u00e0n th\u1ebf gi\u1edbi ng\u00e0y nay. C\u00e1c nhu c\u1ea7u v\u1ec1 tr\u1ecdng l\u01b0\u1ee3ng nh\u1eb9 v\u00e0 chi\u1ebfm \u00edt kh\u00f4ng gian c\u1ee7a b\u00ecnh n\u00e0y l\u00e0m cho ch\u00fang tr\u1edf th\u00e0nh nh\u1eefng b\u00ecnh kinh t\u1ebf nh\u1ea5t trong c\u00e1c d\u00f2ng.<\/p>\n<h3>\u0110\u1eb7c t\u00ednh k\u1ef9 thu\u1eadt c\u1ee7a b\u00ecnh l\u01b0u tr\u1eef m\u1eabu MVE CryoSystem 750<\/h3>\n<ul>\n<li>\u0110\u01b0\u1ee3c thi\u1ebft k\u1ebf \u0111\u1ec3 l\u01b0u tr\u1eef l\u01b0\u1ee3ng l\u1edbn m\u1eabu.<\/li>\n<li>Ti\u00eau th\u1ee5 nit\u01a1 l\u1ecfng th\u1ea5p.<\/li>\n<li>G\u1ecdn nh\u1eb9, ti\u1ec7n l\u1ee3i.<\/li>\n<li>Ch\u1ea5t li\u1ec7u v\u1ecf b\u00ecnh l\u00e0m b\u1eb1ng nh\u00f4m, b\u1ec1n nh\u1eb9.<\/li>\n<li>C\u1ed5 d\u1ea1ng \u1ed1ng \u0111\u1ed9 b\u1ec1n cao gi\u00fap gi\u1ea3m m\u1ea5t nit\u01a1 l\u1ecfng<\/li>\n<li>H\u1ec7 th\u1ed1ng duy tr\u00ec ch\u00e2n kh\u00f4ng h\u00f3a h\u1ecdc ti\u00ean ti\u1ebfn.<\/li>\n<li>B\u1ea3o h\u00e0nh 2 n\u0103m ph\u1ee5 ki\u1ec7n c\u1ee7a b\u00ecnh l\u01b0u tr\u1eef m\u1eabu.<\/li>\n<li>B\u1ea3o h\u00e0nh 3 n\u0103m ph\u1ea7n ch\u00e2n kh\u00f4ng c\u1ee7a b\u00ecnh l\u01b0u tr\u1eef m\u1eabu.<\/li>\n<li>Tu\u00e2n theo chu\u1ea9n MDD 93\/42\/EEC, ch\u1ec9 th\u1ecb v\u1ec1 thi\u1ebft b\u1ecb y t\u1ebf c\u1ee7a Li\u00ean minh Ch\u00e2u \u00c2u.<\/li>\n<\/ul>\n<p style=\"text-align: center;\"><img fetchpriority=\"high\" decoding=\"async\" src=\"https:\/\/biogroupvietnam.com\/uploads\/PZqm3DTwSkSD6yjKNWtiEOxeG6FRaNKngK8pZG0f.png\" width=\"633\" height=\"400\" \/><\/p>\n<h3>Th\u00f4ng s\u1ed1 k\u1ef9 thu\u1eadt c\u1ee7a b\u00ecnh l\u01b0u tr\u1eef m\u1eabu MVE CryoSystem 750<\/h3>\n<figure class=\"table\">\n<table>\n<tbody>\n<tr>\n<td>Dung t\u00edch ch\u1ee9a Nito:<\/td>\n<td>47.4 l\u00edt<\/td>\n<\/tr>\n<tr>\n<td>S\u1ed1 l\u01b0\u1ee3ng Canister\/Rack:<\/td>\n<td>6 (lo\u1ea1i vu\u00f4ng)<\/td>\n<\/tr>\n<tr>\n<td>S\u1ed1 h\u1ed9p ch\u1ee9a m\u1eabu tr\u00ean Canister\/Rack:<\/td>\n<td>5<\/td>\n<\/tr>\n<tr>\n<td>S\u1ed1 l\u01b0\u1ee3ng vials (25 vials\/box):<\/td>\n<td>750<\/td>\n<\/tr>\n<tr>\n<td>T\u1ef7 l\u1ec7 bay h\u01a1i t\u0129nh Nito m\u1ed7i ng\u00e0y:<\/td>\n<td>0.39 l\u00edt<\/td>\n<\/tr>\n<tr>\n<td>Th\u1eddi gian tr\u1eef (working duration):<\/td>\n<td>76 ng\u00e0y<\/td>\n<\/tr>\n<tr>\n<td>\u0110\u01b0\u1eddng k\u00ednh c\u1ed5 b\u00ecnh:<\/td>\n<td>127 mm<\/td>\n<\/tr>\n<tr>\n<td>T\u1ed5ng chi\u1ec1u cao c\u1ee7a b\u00ecnh:<\/td>\n<td>673 mm<\/td>\n<\/tr>\n<tr>\n<td>\u0110\u01b0\u1eddng k\u00ednh ngo\u00e0i c\u1ee7a b\u00ecnh:<\/td>\n<td>508 mm<\/td>\n<\/tr>\n<tr>\n<td>Tr\u1ecdng l\u01b0\u1ee3ng b\u00ecnh r\u1ed7ng:<\/td>\n<td>19 kg<\/td>\n<\/tr>\n<tr>\n<td>Tr\u1ecdng l\u01b0\u1ee3ng b\u00ecnh \u0111\u1ea7y:<\/td>\n<td>57 kg<\/td>\n<\/tr>\n<\/tbody>\n<\/table>\n<\/figure>\n","protected":false},"excerpt":{"rendered":"<p>B\u00ecnh l\u01b0u tr\u1eef m\u1eabu MVE CryoSystem 750 k\u1ebft h\u1ee3p c\u00e1c l\u1ee3i \u00edch nh\u01b0 ti\u00eau th\u1ee5 nit\u01a1 th\u1ea5p v\u00e0 dung t\u00edch b\u00ecnh t\u1ea7m trung \u0111\u1ec3 \u0111\u00e1p \u1ee9ng nhu c\u1ea7u \u0111a d\u1ea1ng c\u1ee7a c\u00e1c chuy\u00ean gia tr\u00ean to\u00e0n th\u1ebf gi\u1edbi ng\u00e0y nay. C\u00e1c nhu c\u1ea7u v\u1ec1 tr\u1ecdng l\u01b0\u1ee3ng nh\u1eb9 v\u00e0 chi\u1ebfm \u00edt kh\u00f4ng gian c\u1ee7a b\u00ecnh n\u00e0y<\/p>\n<div class=\"klb-readmore post-buttons\"><a class=\"button rounded primary\" href=\"https:\/\/biogroupvietnam.com\/vi\/san-pham\/mve-cryosystem-750\/\">Read More <i class=\"klbth-icon-right-arrow\"><\/i><\/a><\/div>\n","protected":false},"featured_media":8876,"comment_status":"closed","ping_status":"closed","template":"","meta":{"_acf_changed":false},"product_brand":[128],"product_cat":[96],"product_tag":[],"class_list":{"0":"post-3892","1":"product","2":"type-product","3":"status-publish","4":"has-post-thumbnail","6":"product_brand-mve-biological-solutions","7":"product_cat-binh-nhom-tru-mau-trong-nito-long","9":"first","10":"outofstock","11":"shipping-taxable","12":"product-type-simple"},"acf":[],"yoast_head":"<!-- This site is optimized with the Yoast SEO plugin v26.8 - https:\/\/yoast.com\/product\/yoast-seo-wordpress\/ -->\n<title>B\u00ecnh L\u01b0u Tr\u1eef M\u1eabu MVE CryoSystem 750<\/title>\n<meta name=\"description\" content=\"B\u00ecnh l\u01b0u tr\u1eef m\u1eabu MVE CryoSystem 750 k\u1ebft h\u1ee3p c\u00e1c l\u1ee3i \u00edch nh\u01b0 ti\u00eau th\u1ee5 nit\u01a1 th\u1ea5p v\u00e0 dung t\u00edch b\u00ecnh t\u1ea7m trung \u0111\u1ec3 \u0111\u00e1p \u1ee9ng nhu c\u1ea7u \u0111a d\u1ea1ng c\u1ee7a c\u00e1c chuy\u00ean gia tr\u00ean to\u00e0n th\u1ebf gi\u1edbi ng\u00e0y nay.\" \/>\n<meta name=\"robots\" content=\"index, follow, max-snippet:-1, max-image-preview:large, max-video-preview:-1\" \/>\n<link rel=\"canonical\" href=\"https:\/\/biogroupvietnam.com\/vi\/san-pham\/mve-cryosystem-750\/\" \/>\n<meta property=\"og:locale\" content=\"vi_VN\" \/>\n<meta property=\"og:type\" content=\"article\" \/>\n<meta property=\"og:title\" content=\"B\u00ecnh L\u01b0u Tr\u1eef M\u1eabu MVE CryoSystem 750\" \/>\n<meta property=\"og:description\" content=\"B\u00ecnh l\u01b0u tr\u1eef m\u1eabu MVE CryoSystem 750 k\u1ebft h\u1ee3p c\u00e1c l\u1ee3i \u00edch nh\u01b0 ti\u00eau th\u1ee5 nit\u01a1 th\u1ea5p v\u00e0 dung t\u00edch b\u00ecnh t\u1ea7m trung \u0111\u1ec3 \u0111\u00e1p \u1ee9ng nhu c\u1ea7u \u0111a d\u1ea1ng c\u1ee7a c\u00e1c chuy\u00ean gia tr\u00ean to\u00e0n th\u1ebf gi\u1edbi ng\u00e0y nay.\" \/>\n<meta property=\"og:url\" content=\"https:\/\/biogroupvietnam.com\/vi\/san-pham\/mve-cryosystem-750\/\" \/>\n<meta property=\"og:site_name\" content=\"Biogroup Vietnam\" \/>\n<meta property=\"article:modified_time\" content=\"2026-01-12T10:06:18+00:00\" \/>\n<meta property=\"og:image\" content=\"https:\/\/biogroupvietnam.com\/wp-content\/uploads\/2025\/08\/MVE-CRYOSYSTEM-750.jpg\" \/>\n\t<meta property=\"og:image:width\" content=\"1640\" \/>\n\t<meta property=\"og:image:height\" content=\"1260\" \/>\n\t<meta property=\"og:image:type\" content=\"image\/jpeg\" \/>\n<meta name=\"twitter:card\" content=\"summary_large_image\" \/>\n<meta name=\"twitter:label1\" content=\"\u01af\u1edbc t\u00ednh th\u1eddi gian \u0111\u1ecdc\" \/>\n\t<meta name=\"twitter:data1\" content=\"2 ph\u00fat\" \/>\n<script type=\"application\/ld+json\" class=\"yoast-schema-graph\">{\"@context\":\"https:\/\/schema.org\",\"@graph\":[{\"@type\":\"WebPage\",\"@id\":\"https:\/\/biogroupvietnam.com\/vi\/san-pham\/mve-cryosystem-750\/\",\"url\":\"https:\/\/biogroupvietnam.com\/vi\/san-pham\/mve-cryosystem-750\/\",\"name\":\"B\u00ecnh L\u01b0u Tr\u1eef M\u1eabu MVE CryoSystem 750\",\"isPartOf\":{\"@id\":\"https:\/\/biogroupvietnam.com\/vi\/#website\"},\"primaryImageOfPage\":{\"@id\":\"https:\/\/biogroupvietnam.com\/vi\/san-pham\/mve-cryosystem-750\/#primaryimage\"},\"image\":{\"@id\":\"https:\/\/biogroupvietnam.com\/vi\/san-pham\/mve-cryosystem-750\/#primaryimage\"},\"thumbnailUrl\":\"https:\/\/biogroupvietnam.com\/wp-content\/uploads\/2025\/08\/MVE-CRYOSYSTEM-750.jpg\",\"datePublished\":\"2025-08-18T12:54:17+00:00\",\"dateModified\":\"2026-01-12T10:06:18+00:00\",\"description\":\"B\u00ecnh l\u01b0u tr\u1eef m\u1eabu MVE CryoSystem 750 k\u1ebft h\u1ee3p c\u00e1c l\u1ee3i \u00edch nh\u01b0 ti\u00eau th\u1ee5 nit\u01a1 th\u1ea5p v\u00e0 dung t\u00edch b\u00ecnh t\u1ea7m trung \u0111\u1ec3 \u0111\u00e1p \u1ee9ng nhu c\u1ea7u \u0111a d\u1ea1ng c\u1ee7a c\u00e1c chuy\u00ean gia tr\u00ean to\u00e0n th\u1ebf gi\u1edbi ng\u00e0y nay.\",\"breadcrumb\":{\"@id\":\"https:\/\/biogroupvietnam.com\/vi\/san-pham\/mve-cryosystem-750\/#breadcrumb\"},\"inLanguage\":\"vi\",\"potentialAction\":[{\"@type\":\"ReadAction\",\"target\":[\"https:\/\/biogroupvietnam.com\/vi\/san-pham\/mve-cryosystem-750\/\"]}]},{\"@type\":\"ImageObject\",\"inLanguage\":\"vi\",\"@id\":\"https:\/\/biogroupvietnam.com\/vi\/san-pham\/mve-cryosystem-750\/#primaryimage\",\"url\":\"https:\/\/biogroupvietnam.com\/wp-content\/uploads\/2025\/08\/MVE-CRYOSYSTEM-750.jpg\",\"contentUrl\":\"https:\/\/biogroupvietnam.com\/wp-content\/uploads\/2025\/08\/MVE-CRYOSYSTEM-750.jpg\",\"width\":1640,\"height\":1260},{\"@type\":\"BreadcrumbList\",\"@id\":\"https:\/\/biogroupvietnam.com\/vi\/san-pham\/mve-cryosystem-750\/#breadcrumb\",\"itemListElement\":[{\"@type\":\"ListItem\",\"position\":1,\"name\":\"Trang ch\u1ee7\",\"item\":\"https:\/\/biogroupvietnam.com\/vi\/\"},{\"@type\":\"ListItem\",\"position\":2,\"name\":\"S\u1ea3n ph\u1ea9m\",\"item\":\"https:\/\/biogroupvietnam.com\/vi\/san-pham\/\"},{\"@type\":\"ListItem\",\"position\":3,\"name\":\"B\u1ea3o Qu\u1ea3n L\u1ea1nh T\u1ebf B\u00e0o\",\"item\":\"https:\/\/biogroupvietnam.com\/vi\/danh-muc-san-pham\/bao-quan-lanh-te-bao\/\"},{\"@type\":\"ListItem\",\"position\":4,\"name\":\"B\u00ecnh Nh\u00f4m Tr\u1eef M\u1eabu Trong Nit\u01a1 L\u1ecfng\",\"item\":\"https:\/\/biogroupvietnam.com\/vi\/danh-muc-san-pham\/binh-nhom-tru-mau-trong-nito-long\/\"},{\"@type\":\"ListItem\",\"position\":5,\"name\":\"B\u00ecnh L\u01b0u Tr\u1eef M\u1eabu MVE CryoSystem 750\"}]},{\"@type\":\"WebSite\",\"@id\":\"https:\/\/biogroupvietnam.com\/vi\/#website\",\"url\":\"https:\/\/biogroupvietnam.com\/vi\/\",\"name\":\"Biogroup Vietnam\",\"description\":\"Biogroup Vietnam cung c\u1ea5p d\u1ecbch v\u1ee5 k\u1ef9 thu\u1eadt c\u00f9ng thi\u1ebft b\u1ecb, v\u1eadt t\u01b0, h\u00f3a ch\u1ea5t v\u00e0 gi\u1ea3i ph\u00e1p sinh h\u1ecdc cho ph\u00f2ng th\u00ed nghi\u1ec7m c\u00f4ng ngh\u1ec7 sinh h\u1ecdc, y sinh v\u00e0 y h\u1ecdc t\u00e1i t\u1ea1o.\",\"potentialAction\":[{\"@type\":\"SearchAction\",\"target\":{\"@type\":\"EntryPoint\",\"urlTemplate\":\"https:\/\/biogroupvietnam.com\/vi\/?s={search_term_string}\"},\"query-input\":{\"@type\":\"PropertyValueSpecification\",\"valueRequired\":true,\"valueName\":\"search_term_string\"}}],\"inLanguage\":\"vi\"}]}<\/script>\n<!-- \/ Yoast SEO plugin. -->","yoast_head_json":{"title":"B\u00ecnh L\u01b0u Tr\u1eef M\u1eabu MVE CryoSystem 750","description":"B\u00ecnh l\u01b0u tr\u1eef m\u1eabu MVE CryoSystem 750 k\u1ebft h\u1ee3p c\u00e1c l\u1ee3i \u00edch nh\u01b0 ti\u00eau th\u1ee5 nit\u01a1 th\u1ea5p v\u00e0 dung t\u00edch b\u00ecnh t\u1ea7m trung \u0111\u1ec3 \u0111\u00e1p \u1ee9ng nhu c\u1ea7u \u0111a d\u1ea1ng c\u1ee7a c\u00e1c chuy\u00ean gia tr\u00ean to\u00e0n th\u1ebf gi\u1edbi ng\u00e0y nay.","robots":{"index":"index","follow":"follow","max-snippet":"max-snippet:-1","max-image-preview":"max-image-preview:large","max-video-preview":"max-video-preview:-1"},"canonical":"https:\/\/biogroupvietnam.com\/vi\/san-pham\/mve-cryosystem-750\/","og_locale":"vi_VN","og_type":"article","og_title":"B\u00ecnh L\u01b0u Tr\u1eef M\u1eabu MVE CryoSystem 750","og_description":"B\u00ecnh l\u01b0u tr\u1eef m\u1eabu MVE CryoSystem 750 k\u1ebft h\u1ee3p c\u00e1c l\u1ee3i \u00edch nh\u01b0 ti\u00eau th\u1ee5 nit\u01a1 th\u1ea5p v\u00e0 dung t\u00edch b\u00ecnh t\u1ea7m trung \u0111\u1ec3 \u0111\u00e1p \u1ee9ng nhu c\u1ea7u \u0111a d\u1ea1ng c\u1ee7a c\u00e1c chuy\u00ean gia tr\u00ean to\u00e0n th\u1ebf gi\u1edbi ng\u00e0y nay.","og_url":"https:\/\/biogroupvietnam.com\/vi\/san-pham\/mve-cryosystem-750\/","og_site_name":"Biogroup Vietnam","article_modified_time":"2026-01-12T10:06:18+00:00","og_image":[{"width":1640,"height":1260,"url":"https:\/\/biogroupvietnam.com\/wp-content\/uploads\/2025\/08\/MVE-CRYOSYSTEM-750.jpg","type":"image\/jpeg"}],"twitter_card":"summary_large_image","twitter_misc":{"\u01af\u1edbc t\u00ednh th\u1eddi gian \u0111\u1ecdc":"2 ph\u00fat"},"schema":{"@context":"https:\/\/schema.org","@graph":[{"@type":"WebPage","@id":"https:\/\/biogroupvietnam.com\/vi\/san-pham\/mve-cryosystem-750\/","url":"https:\/\/biogroupvietnam.com\/vi\/san-pham\/mve-cryosystem-750\/","name":"B\u00ecnh L\u01b0u Tr\u1eef M\u1eabu MVE CryoSystem 750","isPartOf":{"@id":"https:\/\/biogroupvietnam.com\/vi\/#website"},"primaryImageOfPage":{"@id":"https:\/\/biogroupvietnam.com\/vi\/san-pham\/mve-cryosystem-750\/#primaryimage"},"image":{"@id":"https:\/\/biogroupvietnam.com\/vi\/san-pham\/mve-cryosystem-750\/#primaryimage"},"thumbnailUrl":"https:\/\/biogroupvietnam.com\/wp-content\/uploads\/2025\/08\/MVE-CRYOSYSTEM-750.jpg","datePublished":"2025-08-18T12:54:17+00:00","dateModified":"2026-01-12T10:06:18+00:00","description":"B\u00ecnh l\u01b0u tr\u1eef m\u1eabu MVE CryoSystem 750 k\u1ebft h\u1ee3p c\u00e1c l\u1ee3i \u00edch nh\u01b0 ti\u00eau th\u1ee5 nit\u01a1 th\u1ea5p v\u00e0 dung t\u00edch b\u00ecnh t\u1ea7m trung \u0111\u1ec3 \u0111\u00e1p \u1ee9ng nhu c\u1ea7u \u0111a d\u1ea1ng c\u1ee7a c\u00e1c chuy\u00ean gia tr\u00ean to\u00e0n th\u1ebf gi\u1edbi ng\u00e0y nay.","breadcrumb":{"@id":"https:\/\/biogroupvietnam.com\/vi\/san-pham\/mve-cryosystem-750\/#breadcrumb"},"inLanguage":"vi","potentialAction":[{"@type":"ReadAction","target":["https:\/\/biogroupvietnam.com\/vi\/san-pham\/mve-cryosystem-750\/"]}]},{"@type":"ImageObject","inLanguage":"vi","@id":"https:\/\/biogroupvietnam.com\/vi\/san-pham\/mve-cryosystem-750\/#primaryimage","url":"https:\/\/biogroupvietnam.com\/wp-content\/uploads\/2025\/08\/MVE-CRYOSYSTEM-750.jpg","contentUrl":"https:\/\/biogroupvietnam.com\/wp-content\/uploads\/2025\/08\/MVE-CRYOSYSTEM-750.jpg","width":1640,"height":1260},{"@type":"BreadcrumbList","@id":"https:\/\/biogroupvietnam.com\/vi\/san-pham\/mve-cryosystem-750\/#breadcrumb","itemListElement":[{"@type":"ListItem","position":1,"name":"Trang ch\u1ee7","item":"https:\/\/biogroupvietnam.com\/vi\/"},{"@type":"ListItem","position":2,"name":"S\u1ea3n ph\u1ea9m","item":"https:\/\/biogroupvietnam.com\/vi\/san-pham\/"},{"@type":"ListItem","position":3,"name":"B\u1ea3o Qu\u1ea3n L\u1ea1nh T\u1ebf B\u00e0o","item":"https:\/\/biogroupvietnam.com\/vi\/danh-muc-san-pham\/bao-quan-lanh-te-bao\/"},{"@type":"ListItem","position":4,"name":"B\u00ecnh Nh\u00f4m Tr\u1eef M\u1eabu Trong Nit\u01a1 L\u1ecfng","item":"https:\/\/biogroupvietnam.com\/vi\/danh-muc-san-pham\/binh-nhom-tru-mau-trong-nito-long\/"},{"@type":"ListItem","position":5,"name":"B\u00ecnh L\u01b0u Tr\u1eef M\u1eabu MVE CryoSystem 750"}]},{"@type":"WebSite","@id":"https:\/\/biogroupvietnam.com\/vi\/#website","url":"https:\/\/biogroupvietnam.com\/vi\/","name":"Biogroup Vietnam","description":"Biogroup Vietnam cung c\u1ea5p d\u1ecbch v\u1ee5 k\u1ef9 thu\u1eadt c\u00f9ng thi\u1ebft b\u1ecb, v\u1eadt t\u01b0, h\u00f3a ch\u1ea5t v\u00e0 gi\u1ea3i ph\u00e1p sinh h\u1ecdc cho ph\u00f2ng th\u00ed nghi\u1ec7m c\u00f4ng ngh\u1ec7 sinh h\u1ecdc, y sinh v\u00e0 y h\u1ecdc t\u00e1i t\u1ea1o.","potentialAction":[{"@type":"SearchAction","target":{"@type":"EntryPoint","urlTemplate":"https:\/\/biogroupvietnam.com\/vi\/?s={search_term_string}"},"query-input":{"@type":"PropertyValueSpecification","valueRequired":true,"valueName":"search_term_string"}}],"inLanguage":"vi"}]}},"_links":{"self":[{"href":"https:\/\/biogroupvietnam.com\/vi\/wp-json\/wp\/v2\/product\/3892","targetHints":{"allow":["GET"]}}],"collection":[{"href":"https:\/\/biogroupvietnam.com\/vi\/wp-json\/wp\/v2\/product"}],"about":[{"href":"https:\/\/biogroupvietnam.com\/vi\/wp-json\/wp\/v2\/types\/product"}],"replies":[{"embeddable":true,"href":"https:\/\/biogroupvietnam.com\/vi\/wp-json\/wp\/v2\/comments?post=3892"}],"version-history":[{"count":7,"href":"https:\/\/biogroupvietnam.com\/vi\/wp-json\/wp\/v2\/product\/3892\/revisions"}],"predecessor-version":[{"id":9521,"href":"https:\/\/biogroupvietnam.com\/vi\/wp-json\/wp\/v2\/product\/3892\/revisions\/9521"}],"wp:featuredmedia":[{"embeddable":true,"href":"https:\/\/biogroupvietnam.com\/vi\/wp-json\/wp\/v2\/media\/8876"}],"wp:attachment":[{"href":"https:\/\/biogroupvietnam.com\/vi\/wp-json\/wp\/v2\/media?parent=3892"}],"wp:term":[{"taxonomy":"product_brand","embeddable":true,"href":"https:\/\/biogroupvietnam.com\/vi\/wp-json\/wp\/v2\/product_brand?post=3892"},{"taxonomy":"product_cat","embeddable":true,"href":"https:\/\/biogroupvietnam.com\/vi\/wp-json\/wp\/v2\/product_cat?post=3892"},{"taxonomy":"product_tag","embeddable":true,"href":"https:\/\/biogroupvietnam.com\/vi\/wp-json\/wp\/v2\/product_tag?post=3892"}],"curies":[{"name":"wp","href":"https:\/\/api.w.org\/{rel}","templated":true}]}}