{"id":3893,"date":"2025-08-18T19:54:17","date_gmt":"2025-08-18T12:54:17","guid":{"rendered":"http:\/\/biogroupvietnam-worldpress.local\/product\/import-placeholder-for-172\/"},"modified":"2026-04-02T14:48:15","modified_gmt":"2026-04-02T07:48:15","slug":"trypan-blue","status":"publish","type":"product","link":"https:\/\/biogroupvietnam.com\/vi\/san-pham\/trypan-blue\/","title":{"rendered":"Trypan Blue"},"content":{"rendered":"<p>Trypan Blue l\u00e0 thu\u1ed1c th\u1eed \u0111\u1ec3 \u0111\u1ebfm c\u00e1c t\u1ebf b\u00e0o s\u1ed1ng cho \u0111\u1ed9ng v\u1eadt c\u00f3 v\u00fa<\/p>\n<h3><strong>T\u1ed5ng quan v\u1ec1 Trypan Blue<\/strong><\/h3>\n<p>Trypan blue \u0111\u01b0\u1ee3c s\u1eed d\u1ee5ng \u0111\u1ec3 \u0111\u1ebfm c\u00e1c t\u1ebf b\u00e0o s\u1ed1ng c\u1ee7a \u0111\u1ed9ng v\u1eadt c\u00f3 v\u00fa. Vi\u1ec7c \u0111\u1ebfm t\u1ebf b\u00e0o s\u1ed1ng n\u00ean \u0111\u01b0\u1ee3c th\u1ef1c hi\u1ec7n khi t\u1ec9 l\u1ec7 t\u1ebf b\u00e0o s\u1ed1ng c\u00f3 th\u1ec3 gi\u1ea3m, v\u00ed d\u1ee5 nh\u01b0 khi t\u1ebf b\u00e0o b\u1ea3o qu\u1ea3n \u0111\u00f4ng l\u1ea1nh ho\u1eb7c thao t\u00e1c b\u00ean ngo\u00e0i c\u01a1 th\u1ec3 s\u1ed1ng (ex vivo).<\/p>\n<h3><strong>Th\u00e0nh ph\u1ea7n<\/strong><\/h3>\n<ul>\n<li>Trypan blue (0.4%)<\/li>\n<li>Phosphate-buffered saline<\/li>\n<\/ul>\n<h3><strong>\u0110\u1eb7c\u00a0t\u00ednh\u00a0c\u1ee7a\u00a0Trypan Blue<\/strong><\/h3>\n<ul>\n<li>Nhi\u1ec7t \u0111\u1ed9 b\u1ea3o qu\u1ea3n: 15 &#8211; 25\u00b0C<\/li>\n<li>H\u1ea1n s\u1eed d\u1ee5ng: \u1ed4n \u0111\u1ecbnh cho \u0111\u1ebfn khi h\u1ebft h\u1ea1n s\u1eed d\u1ee5ng (EXP) tr\u00ean nh\u00e3n.<\/li>\n<\/ul>\n<h3><strong>Th\u00f4ng tin \u0111\u1eb7t h\u00e0ng<\/strong><\/h3>\n<ul>\n<li>Catalog #07050: 100 mL<\/li>\n<\/ul>\n","protected":false},"excerpt":{"rendered":"<p>Trypan Blue l\u00e0 thu\u1ed1c th\u1eed \u0111\u1ec3 \u0111\u1ebfm c\u00e1c t\u1ebf b\u00e0o s\u1ed1ng cho \u0111\u1ed9ng v\u1eadt c\u00f3 v\u00fa T\u1ed5ng quan v\u1ec1 Trypan Blue Trypan blue \u0111\u01b0\u1ee3c s\u1eed d\u1ee5ng \u0111\u1ec3 \u0111\u1ebfm c\u00e1c t\u1ebf b\u00e0o s\u1ed1ng c\u1ee7a \u0111\u1ed9ng v\u1eadt c\u00f3 v\u00fa. Vi\u1ec7c \u0111\u1ebfm t\u1ebf b\u00e0o s\u1ed1ng n\u00ean \u0111\u01b0\u1ee3c th\u1ef1c hi\u1ec7n khi t\u1ec9 l\u1ec7 t\u1ebf b\u00e0o s\u1ed1ng c\u00f3 th\u1ec3 gi\u1ea3m,<\/p>\n<div class=\"klb-readmore post-buttons\"><a class=\"button rounded primary\" href=\"https:\/\/biogroupvietnam.com\/vi\/san-pham\/trypan-blue\/\">Read More <i class=\"klbth-icon-right-arrow\"><\/i><\/a><\/div>\n","protected":false},"featured_media":10155,"comment_status":"closed","ping_status":"closed","template":"","meta":{"_acf_changed":false},"product_brand":[127],"product_cat":[111],"product_tag":[],"class_list":{"0":"post-3893","1":"product","2":"type-product","3":"status-publish","4":"has-post-thumbnail","6":"product_brand-stemcell-technologies","7":"product_cat-dem-phan-tich-te-bao","9":"first","10":"outofstock","11":"shipping-taxable","12":"product-type-simple"},"acf":[],"yoast_head":"<!-- This site is optimized with the Yoast SEO plugin v26.8 - https:\/\/yoast.com\/product\/yoast-seo-wordpress\/ -->\n<title>Trypan Blue<\/title>\n<meta name=\"description\" content=\"Trypan Blue l\u00e0 thu\u1ed1c th\u1eed \u0111\u1ec3 \u0111\u1ebfm c\u00e1c t\u1ebf b\u00e0o s\u1ed1ng cho \u0111\u1ed9ng v\u1eadt c\u00f3 v\u00fa\" \/>\n<meta name=\"robots\" content=\"index, follow, max-snippet:-1, max-image-preview:large, max-video-preview:-1\" \/>\n<link rel=\"canonical\" href=\"https:\/\/biogroupvietnam.com\/vi\/san-pham\/trypan-blue\/\" \/>\n<meta property=\"og:locale\" content=\"vi_VN\" \/>\n<meta property=\"og:type\" content=\"article\" \/>\n<meta property=\"og:title\" content=\"Trypan Blue\" \/>\n<meta property=\"og:description\" content=\"Trypan Blue l\u00e0 thu\u1ed1c th\u1eed \u0111\u1ec3 \u0111\u1ebfm c\u00e1c t\u1ebf b\u00e0o s\u1ed1ng cho \u0111\u1ed9ng v\u1eadt c\u00f3 v\u00fa\" \/>\n<meta property=\"og:url\" content=\"https:\/\/biogroupvietnam.com\/vi\/san-pham\/trypan-blue\/\" \/>\n<meta property=\"og:site_name\" content=\"Biogroup Vietnam\" \/>\n<meta property=\"article:modified_time\" content=\"2026-04-02T07:48:15+00:00\" \/>\n<meta property=\"og:image\" content=\"https:\/\/biogroupvietnam.com\/wp-content\/uploads\/2025\/08\/trypan-blue.jpg\" \/>\n\t<meta property=\"og:image:width\" content=\"1640\" \/>\n\t<meta property=\"og:image:height\" content=\"1260\" \/>\n\t<meta property=\"og:image:type\" content=\"image\/jpeg\" \/>\n<meta name=\"twitter:card\" content=\"summary_large_image\" \/>\n<meta name=\"twitter:label1\" content=\"\u01af\u1edbc t\u00ednh th\u1eddi gian \u0111\u1ecdc\" \/>\n\t<meta name=\"twitter:data1\" content=\"1 ph\u00fat\" \/>\n<script type=\"application\/ld+json\" class=\"yoast-schema-graph\">{\"@context\":\"https:\/\/schema.org\",\"@graph\":[{\"@type\":\"WebPage\",\"@id\":\"https:\/\/biogroupvietnam.com\/vi\/san-pham\/trypan-blue\/\",\"url\":\"https:\/\/biogroupvietnam.com\/vi\/san-pham\/trypan-blue\/\",\"name\":\"Trypan Blue\",\"isPartOf\":{\"@id\":\"https:\/\/biogroupvietnam.com\/vi\/#website\"},\"primaryImageOfPage\":{\"@id\":\"https:\/\/biogroupvietnam.com\/vi\/san-pham\/trypan-blue\/#primaryimage\"},\"image\":{\"@id\":\"https:\/\/biogroupvietnam.com\/vi\/san-pham\/trypan-blue\/#primaryimage\"},\"thumbnailUrl\":\"https:\/\/biogroupvietnam.com\/wp-content\/uploads\/2025\/08\/trypan-blue.jpg\",\"datePublished\":\"2025-08-18T12:54:17+00:00\",\"dateModified\":\"2026-04-02T07:48:15+00:00\",\"description\":\"Trypan Blue l\u00e0 thu\u1ed1c th\u1eed \u0111\u1ec3 \u0111\u1ebfm c\u00e1c t\u1ebf b\u00e0o s\u1ed1ng cho \u0111\u1ed9ng v\u1eadt c\u00f3 v\u00fa\",\"breadcrumb\":{\"@id\":\"https:\/\/biogroupvietnam.com\/vi\/san-pham\/trypan-blue\/#breadcrumb\"},\"inLanguage\":\"vi\",\"potentialAction\":[{\"@type\":\"ReadAction\",\"target\":[\"https:\/\/biogroupvietnam.com\/vi\/san-pham\/trypan-blue\/\"]}]},{\"@type\":\"ImageObject\",\"inLanguage\":\"vi\",\"@id\":\"https:\/\/biogroupvietnam.com\/vi\/san-pham\/trypan-blue\/#primaryimage\",\"url\":\"https:\/\/biogroupvietnam.com\/wp-content\/uploads\/2025\/08\/trypan-blue.jpg\",\"contentUrl\":\"https:\/\/biogroupvietnam.com\/wp-content\/uploads\/2025\/08\/trypan-blue.jpg\",\"width\":1640,\"height\":1260,\"caption\":\"Trypan Blue\"},{\"@type\":\"BreadcrumbList\",\"@id\":\"https:\/\/biogroupvietnam.com\/vi\/san-pham\/trypan-blue\/#breadcrumb\",\"itemListElement\":[{\"@type\":\"ListItem\",\"position\":1,\"name\":\"Trang ch\u1ee7\",\"item\":\"https:\/\/biogroupvietnam.com\/vi\/\"},{\"@type\":\"ListItem\",\"position\":2,\"name\":\"S\u1ea3n ph\u1ea9m\",\"item\":\"https:\/\/biogroupvietnam.com\/vi\/san-pham\/\"},{\"@type\":\"ListItem\",\"position\":3,\"name\":\"R&amp;D Sinh H\u1ecdc\",\"item\":\"https:\/\/biogroupvietnam.com\/vi\/danh-muc-san-pham\/rd-sinh-hoc\/\"},{\"@type\":\"ListItem\",\"position\":4,\"name\":\"\u0110\u1ebfm &amp; Ph\u00e2n T\u00edch T\u1ebf B\u00e0o\",\"item\":\"https:\/\/biogroupvietnam.com\/vi\/danh-muc-san-pham\/dem-phan-tich-te-bao\/\"},{\"@type\":\"ListItem\",\"position\":5,\"name\":\"Trypan Blue\"}]},{\"@type\":\"WebSite\",\"@id\":\"https:\/\/biogroupvietnam.com\/vi\/#website\",\"url\":\"https:\/\/biogroupvietnam.com\/vi\/\",\"name\":\"Biogroup Vietnam\",\"description\":\"Biogroup Vietnam cung c\u1ea5p d\u1ecbch v\u1ee5 k\u1ef9 thu\u1eadt c\u00f9ng thi\u1ebft b\u1ecb, v\u1eadt t\u01b0, h\u00f3a ch\u1ea5t v\u00e0 gi\u1ea3i ph\u00e1p sinh h\u1ecdc cho ph\u00f2ng th\u00ed nghi\u1ec7m c\u00f4ng ngh\u1ec7 sinh h\u1ecdc, y sinh v\u00e0 y h\u1ecdc t\u00e1i t\u1ea1o.\",\"potentialAction\":[{\"@type\":\"SearchAction\",\"target\":{\"@type\":\"EntryPoint\",\"urlTemplate\":\"https:\/\/biogroupvietnam.com\/vi\/?s={search_term_string}\"},\"query-input\":{\"@type\":\"PropertyValueSpecification\",\"valueRequired\":true,\"valueName\":\"search_term_string\"}}],\"inLanguage\":\"vi\"}]}<\/script>\n<!-- \/ Yoast SEO plugin. -->","yoast_head_json":{"title":"Trypan Blue","description":"Trypan Blue l\u00e0 thu\u1ed1c th\u1eed \u0111\u1ec3 \u0111\u1ebfm c\u00e1c t\u1ebf b\u00e0o s\u1ed1ng cho \u0111\u1ed9ng v\u1eadt c\u00f3 v\u00fa","robots":{"index":"index","follow":"follow","max-snippet":"max-snippet:-1","max-image-preview":"max-image-preview:large","max-video-preview":"max-video-preview:-1"},"canonical":"https:\/\/biogroupvietnam.com\/vi\/san-pham\/trypan-blue\/","og_locale":"vi_VN","og_type":"article","og_title":"Trypan Blue","og_description":"Trypan Blue l\u00e0 thu\u1ed1c th\u1eed \u0111\u1ec3 \u0111\u1ebfm c\u00e1c t\u1ebf b\u00e0o s\u1ed1ng cho \u0111\u1ed9ng v\u1eadt c\u00f3 v\u00fa","og_url":"https:\/\/biogroupvietnam.com\/vi\/san-pham\/trypan-blue\/","og_site_name":"Biogroup Vietnam","article_modified_time":"2026-04-02T07:48:15+00:00","og_image":[{"width":1640,"height":1260,"url":"https:\/\/biogroupvietnam.com\/wp-content\/uploads\/2025\/08\/trypan-blue.jpg","type":"image\/jpeg"}],"twitter_card":"summary_large_image","twitter_misc":{"\u01af\u1edbc t\u00ednh th\u1eddi gian \u0111\u1ecdc":"1 ph\u00fat"},"schema":{"@context":"https:\/\/schema.org","@graph":[{"@type":"WebPage","@id":"https:\/\/biogroupvietnam.com\/vi\/san-pham\/trypan-blue\/","url":"https:\/\/biogroupvietnam.com\/vi\/san-pham\/trypan-blue\/","name":"Trypan Blue","isPartOf":{"@id":"https:\/\/biogroupvietnam.com\/vi\/#website"},"primaryImageOfPage":{"@id":"https:\/\/biogroupvietnam.com\/vi\/san-pham\/trypan-blue\/#primaryimage"},"image":{"@id":"https:\/\/biogroupvietnam.com\/vi\/san-pham\/trypan-blue\/#primaryimage"},"thumbnailUrl":"https:\/\/biogroupvietnam.com\/wp-content\/uploads\/2025\/08\/trypan-blue.jpg","datePublished":"2025-08-18T12:54:17+00:00","dateModified":"2026-04-02T07:48:15+00:00","description":"Trypan Blue l\u00e0 thu\u1ed1c th\u1eed \u0111\u1ec3 \u0111\u1ebfm c\u00e1c t\u1ebf b\u00e0o s\u1ed1ng cho \u0111\u1ed9ng v\u1eadt c\u00f3 v\u00fa","breadcrumb":{"@id":"https:\/\/biogroupvietnam.com\/vi\/san-pham\/trypan-blue\/#breadcrumb"},"inLanguage":"vi","potentialAction":[{"@type":"ReadAction","target":["https:\/\/biogroupvietnam.com\/vi\/san-pham\/trypan-blue\/"]}]},{"@type":"ImageObject","inLanguage":"vi","@id":"https:\/\/biogroupvietnam.com\/vi\/san-pham\/trypan-blue\/#primaryimage","url":"https:\/\/biogroupvietnam.com\/wp-content\/uploads\/2025\/08\/trypan-blue.jpg","contentUrl":"https:\/\/biogroupvietnam.com\/wp-content\/uploads\/2025\/08\/trypan-blue.jpg","width":1640,"height":1260,"caption":"Trypan Blue"},{"@type":"BreadcrumbList","@id":"https:\/\/biogroupvietnam.com\/vi\/san-pham\/trypan-blue\/#breadcrumb","itemListElement":[{"@type":"ListItem","position":1,"name":"Trang ch\u1ee7","item":"https:\/\/biogroupvietnam.com\/vi\/"},{"@type":"ListItem","position":2,"name":"S\u1ea3n ph\u1ea9m","item":"https:\/\/biogroupvietnam.com\/vi\/san-pham\/"},{"@type":"ListItem","position":3,"name":"R&amp;D Sinh H\u1ecdc","item":"https:\/\/biogroupvietnam.com\/vi\/danh-muc-san-pham\/rd-sinh-hoc\/"},{"@type":"ListItem","position":4,"name":"\u0110\u1ebfm &amp; Ph\u00e2n T\u00edch T\u1ebf B\u00e0o","item":"https:\/\/biogroupvietnam.com\/vi\/danh-muc-san-pham\/dem-phan-tich-te-bao\/"},{"@type":"ListItem","position":5,"name":"Trypan Blue"}]},{"@type":"WebSite","@id":"https:\/\/biogroupvietnam.com\/vi\/#website","url":"https:\/\/biogroupvietnam.com\/vi\/","name":"Biogroup Vietnam","description":"Biogroup Vietnam cung c\u1ea5p d\u1ecbch v\u1ee5 k\u1ef9 thu\u1eadt c\u00f9ng thi\u1ebft b\u1ecb, v\u1eadt t\u01b0, h\u00f3a ch\u1ea5t v\u00e0 gi\u1ea3i ph\u00e1p sinh h\u1ecdc cho ph\u00f2ng th\u00ed nghi\u1ec7m c\u00f4ng ngh\u1ec7 sinh h\u1ecdc, y sinh v\u00e0 y h\u1ecdc t\u00e1i t\u1ea1o.","potentialAction":[{"@type":"SearchAction","target":{"@type":"EntryPoint","urlTemplate":"https:\/\/biogroupvietnam.com\/vi\/?s={search_term_string}"},"query-input":{"@type":"PropertyValueSpecification","valueRequired":true,"valueName":"search_term_string"}}],"inLanguage":"vi"}]}},"_links":{"self":[{"href":"https:\/\/biogroupvietnam.com\/vi\/wp-json\/wp\/v2\/product\/3893","targetHints":{"allow":["GET"]}}],"collection":[{"href":"https:\/\/biogroupvietnam.com\/vi\/wp-json\/wp\/v2\/product"}],"about":[{"href":"https:\/\/biogroupvietnam.com\/vi\/wp-json\/wp\/v2\/types\/product"}],"replies":[{"embeddable":true,"href":"https:\/\/biogroupvietnam.com\/vi\/wp-json\/wp\/v2\/comments?post=3893"}],"version-history":[{"count":4,"href":"https:\/\/biogroupvietnam.com\/vi\/wp-json\/wp\/v2\/product\/3893\/revisions"}],"predecessor-version":[{"id":10157,"href":"https:\/\/biogroupvietnam.com\/vi\/wp-json\/wp\/v2\/product\/3893\/revisions\/10157"}],"wp:featuredmedia":[{"embeddable":true,"href":"https:\/\/biogroupvietnam.com\/vi\/wp-json\/wp\/v2\/media\/10155"}],"wp:attachment":[{"href":"https:\/\/biogroupvietnam.com\/vi\/wp-json\/wp\/v2\/media?parent=3893"}],"wp:term":[{"taxonomy":"product_brand","embeddable":true,"href":"https:\/\/biogroupvietnam.com\/vi\/wp-json\/wp\/v2\/product_brand?post=3893"},{"taxonomy":"product_cat","embeddable":true,"href":"https:\/\/biogroupvietnam.com\/vi\/wp-json\/wp\/v2\/product_cat?post=3893"},{"taxonomy":"product_tag","embeddable":true,"href":"https:\/\/biogroupvietnam.com\/vi\/wp-json\/wp\/v2\/product_tag?post=3893"}],"curies":[{"name":"wp","href":"https:\/\/api.w.org\/{rel}","templated":true}]}}