{"id":3894,"date":"2025-08-18T19:54:18","date_gmt":"2025-08-18T12:54:18","guid":{"rendered":"http:\/\/biogroupvietnam-worldpress.local\/product\/import-placeholder-for-173\/"},"modified":"2026-04-02T14:43:51","modified_gmt":"2026-04-02T07:43:51","slug":"rosettesep-human-nk-cell-enrichment-cocktail","status":"publish","type":"product","link":"https:\/\/biogroupvietnam.com\/vi\/san-pham\/rosettesep-human-nk-cell-enrichment-cocktail\/","title":{"rendered":"B\u1ed9 Kit RosetteSep\u2122 Cocktail L\u00e0m Gi\u00e0u T\u1ebf B\u00e0o NK C\u1ee7a Ng\u01b0\u1eddi"},"content":{"rendered":"<p>B\u1ed9 kit l\u00e0m gi\u00e0u t\u1ebf b\u00e0o b\u1eb1ng l\u1ef1a ch\u1ecdn \u00e2m t\u00ednh d\u1ef1a tr\u00ean m\u1eadt \u0111\u1ed9 mi\u1ec5n d\u1ecbch<\/p>\n<h3><strong>T\u1ed5ng quan v\u1ec1 b\u1ed9 kit l\u00e0m gi\u00e0u t\u1ebf b\u00e0o NK<\/strong><\/h3>\n<p>B\u1ed9 RosetteSep\u2122 Human NK Cell Enrichment Cocktail \u0111\u01b0\u1ee3c thi\u1ebft k\u1ebf \u0111\u1ec3 l\u00e0m gi\u00e0u t\u1ebf b\u00e0o NK t\u1eeb m\u00e1u to\u00e0n ph\u1ea7n c\u1ee7a ng\u01b0\u1eddi b\u1eb1ng c\u00e1ch ch\u1ecdn l\u1ecdc \u00e2m t\u00ednh. C\u00e1c t\u1ebf b\u00e0o kh\u00f4ng mong mu\u1ed1n \u0111\u01b0\u1ee3c l\u1ef1a ch\u1ecdn \u0111\u1ec3 lo\u1ea1i b\u1ecf b\u1eb1ng c\u00e1c kh\u00e1ng th\u1ec3 nh\u1eadn bi\u1ebft v\u1edbi c\u00e1c d\u1ea5u \u1ea5n sinh h\u1ecdc \u0111\u1eb7c hi\u1ec7u tr\u00ean b\u1ec1 m\u1eb7t t\u1ebf b\u00e0o. C\u00e1c h\u1ed7n h\u1ee3p kh\u00e1ng th\u1ec3 RosetteSep\u2122 li\u00ean k\u1ebft ch\u00e9o v\u1edbi c\u00e1c t\u1ebf b\u00e0o kh\u00f4ng mong mu\u1ed1n trong m\u00e1u to\u00e0n ph\u1ea7n c\u1ee7a ng\u01b0\u1eddi v\u1edbi c\u00e1c t\u1ebf b\u00e0o h\u1ed3ng c\u1ea7u (RBCs), t\u1ea1o th\u00e0nh c\u00e1c c\u1ee5m \u201cimmunorosettes\u201d. \u0110i\u1ec1u n\u00e0y l\u00e0m t\u0103ng m\u1eadt \u0111\u1ed9 c\u1ee7a c\u00e1c t\u1ebf b\u00e0o kh\u00f4ng mong mu\u1ed1n, sao cho ch\u00fang k\u1ebft t\u1ee5 v\u1edbi h\u1ed3ng c\u1ea7u t\u1ef1 do khi ly t\u00e2m tr\u00ean m\u00f4i tr\u01b0\u1eddng m\u1eadt \u0111\u1ed9 nh\u01b0 Lymphoprep\u2122 (Catalog #07801). C\u00e1c t\u1ebf b\u00e0o \u0111\u01b0\u1ee3c l\u00e0m gi\u00e0u s\u1ebd \u0111\u01b0\u1ee3c thu \u1edf ph\u00e2n l\u1edbp gi\u1eefa huy\u1ebft t\u01b0\u01a1ng v\u00e0 m\u00f4i tr\u01b0\u1eddng gradient m\u1eadt \u0111\u1ed9. C\u00e1c t\u1ebf b\u00e0o \u0111\u01b0\u1ee3c ph\u00e2n l\u1eadp sau \u0111\u00f3 c\u00f3 th\u1ec3 s\u1eed d\u1ee5ng ngay l\u1eadp t\u1ee9c cho c\u00e1c \u1ee9ng d\u1ee5ng ti\u1ebfp theo nh\u01b0 t\u1ebf b\u00e0o h\u1ecdc d\u00f2ng ch\u1ea3y, nu\u00f4i c\u1ea5y ho\u1eb7c t\u00e1ch chi\u1ebft DNA\/RNA.<\/p>\n<h3><strong>\u01afu \u0111i\u1ec3m c\u1ee7a b\u1ed9 kit RosetteSep l\u00e0m gi\u00e0u t\u1ebf b\u00e0o NK<\/strong><\/h3>\n<ul>\n<li>Nhanh, d\u1ec5 s\u1eed d\u1ee5ng<\/li>\n<li>Kh\u00f4ng y\u00eau c\u1ea7u s\u1eed d\u1ee5ng thi\u1ebft b\u1ecb \u0111\u1eb7c bi\u1ec7t ho\u1eb7c \u0111\u00e0o t\u1ea1o<\/li>\n<li>C\u00e1c t\u1ebf b\u00e0o m\u1ee5c ti\u00eau kh\u00f4ng b\u1ecb \u1ea3nh h\u01b0\u1edfng<\/li>\n<li>C\u00f3 th\u1ec3 k\u1ebft h\u1ee3p v\u1edbi <a href=\"https:\/\/biogroupvietnam.com\/vi\/products\/nghien-cuu-sinh-hoc\/phan-lap-te-bao\/easysep-magnet.html\">SepMate\u2122<\/a> \u0111\u1ec3 c\u00f3 quy tr\u00ecnh x\u1eed l\u00ed m\u1eabu nh\u1ea5t qu\u00e1n, hi\u1ec7u su\u1ea5t cao.<\/li>\n<\/ul>\n<h3><strong>Th\u00e0nh ph\u1ea7n b\u1ed9 kit RosetteSep<\/strong><\/h3>\n<figure class=\"table\">\n<table>\n<tbody>\n<tr>\n<td>\n<p style=\"text-align: center;\"><strong>T\u00ean th\u00e0nh ph\u1ea7n<\/strong><\/p>\n<\/td>\n<td>\n<p style=\"text-align: center;\"><strong>Catalog #<\/strong><\/p>\n<\/td>\n<td>\n<p style=\"text-align: center;\"><strong>S\u1ed1 l\u01b0\u1ee3ng<\/strong><\/p>\n<\/td>\n<td>\n<p style=\"text-align: center;\"><strong>\u0110\u1ecbnh d\u1ea1ng<\/strong><\/p>\n<\/td>\n<\/tr>\n<tr>\n<td>RosetteSep\u2122 Human NK Cell Enrichment Cocktail<\/td>\n<td>\n<p style=\"text-align: center;\">15025C.1<\/p>\n<\/td>\n<td>\n<p style=\"text-align: center;\">2 mL<\/p>\n<\/td>\n<td>H\u1ed7n h\u1ee3p kh\u00e1ng th\u1ec3 \u0111\u01a1n d\u00f2ng trong PBS<\/td>\n<\/tr>\n<\/tbody>\n<\/table>\n<\/figure>\n<h3><strong>B\u1ea3o qu\u1ea3n v\u00e0 l\u01b0u tr\u1eef<\/strong><\/h3>\n<p>B\u1ea3o qu\u1ea3n \u1edf 2 &#8211; 8\u00b0C<\/p>\n<p>Ng\u00e0y h\u1ebft h\u1ea1n \u0111\u01b0\u1ee3c ghi tr\u00ean nh\u00e3n h\u1ed9p.<\/p>\n<p><i>L\u01b0u \u00fd: <\/i>C\u00e1c th\u00e0nh ph\u1ea7n c\u00f3 th\u1ec3 \u0111\u01b0\u1ee3c v\u1eadn chuy\u1ec3n \u1edf nhi\u1ec7t \u0111\u1ed9 ph\u00f2ng (15 \u2013 25\u00b0C) nh\u01b0ng ph\u1ea3i \u0111\u01b0\u1ee3c b\u1ea3o qu\u1ea3n \u1edf 2 &#8211; 8\u00b0C nh\u01b0 ch\u1ec9 d\u1eabn \u1edf tr\u00ean. Kh\u00f4ng \u0111\u00f4ng l\u1ea1nh m\u1eabu.<\/p>\n<h3><strong>\u1ee8ng d\u1ee5ng<\/strong><\/h3>\n<p>B\u1ed9 kit \u0111\u01b0\u1ee3c thi\u1ebft k\u1ebf \u0111\u1ec3 s\u1eed d\u1ee5ng cho vi\u1ec7c ph\u00e2n l\u1eadp t\u1ebf b\u00e0o trong c\u00e1c l\u0129nh v\u1ef1c nh\u01b0 nghi\u00ean c\u1ee9u t\u1ebf b\u00e0o NK.<\/p>\n<h3><strong>Th\u00f4ng tin \u0111\u1eb7t h\u00e0ng<\/strong><\/h3>\n<p>B\u1ed9 kit RosetteSep\u2122 Cocktail l\u00e0m gi\u00e0u t\u1ebf b\u00e0o NK cua ng\u01b0\u1eddi bao g\u1ed3m:<\/p>\n<p>Catalog #15025: X\u1eed l\u00fd\u00a040 mL m\u00e1u to\u00e0n ph\u1ea7n, 1 x 2 mL.<\/p>\n<p>Catalog #15065: X\u1eed l\u00fd 200 mL m\u00e1u to\u00e0n ph\u1ea7n, 5 x 2 mL.<\/p>\n<p><strong>T\u00f9y ch\u1ecdn b\u1ed5 sung:<\/strong><\/p>\n<p>Dung d\u1ecbch \u0111\u1ec7m Dulbecco&#8217;s Phosphate Buffered Saline v\u1edbi 2% Fetal Bovine Serum, Catalog #07905<\/p>\n<p>M\u00f4i tr\u01b0\u1eddng gradient m\u1eadt \u0111\u1ed9 <a href=\"https:\/\/biogroupvietnam.com\/vi\/products\/nghien-cuu-sinh-hoc\/phan-lap-te-bao\/dung-dich-lymphoprep-ly-tam-ty-trong.html\">Lymphoprep<\/a>\u2122, Catalog #07801<\/p>\n","protected":false},"excerpt":{"rendered":"<p>B\u1ed9 kit l\u00e0m gi\u00e0u t\u1ebf b\u00e0o b\u1eb1ng l\u1ef1a ch\u1ecdn \u00e2m t\u00ednh d\u1ef1a tr\u00ean m\u1eadt \u0111\u1ed9 mi\u1ec5n d\u1ecbch T\u1ed5ng quan v\u1ec1 b\u1ed9 kit l\u00e0m gi\u00e0u t\u1ebf b\u00e0o NK B\u1ed9 RosetteSep\u2122 Human NK Cell Enrichment Cocktail \u0111\u01b0\u1ee3c thi\u1ebft k\u1ebf \u0111\u1ec3 l\u00e0m gi\u00e0u t\u1ebf b\u00e0o NK t\u1eeb m\u00e1u to\u00e0n ph\u1ea7n c\u1ee7a ng\u01b0\u1eddi b\u1eb1ng c\u00e1ch ch\u1ecdn l\u1ecdc \u00e2m t\u00ednh.<\/p>\n<div class=\"klb-readmore post-buttons\"><a class=\"button rounded primary\" href=\"https:\/\/biogroupvietnam.com\/vi\/san-pham\/rosettesep-human-nk-cell-enrichment-cocktail\/\">Read More <i class=\"klbth-icon-right-arrow\"><\/i><\/a><\/div>\n","protected":false},"featured_media":10153,"comment_status":"closed","ping_status":"closed","template":"","meta":{"_acf_changed":false},"product_brand":[127],"product_cat":[115],"product_tag":[],"class_list":{"0":"post-3894","1":"product","2":"type-product","3":"status-publish","4":"has-post-thumbnail","6":"product_brand-stemcell-technologies","7":"product_cat-phan-lap-te-bao","9":"first","10":"outofstock","11":"shipping-taxable","12":"product-type-simple"},"acf":[],"yoast_head":"<!-- This site is optimized with the Yoast SEO plugin v26.8 - https:\/\/yoast.com\/product\/yoast-seo-wordpress\/ -->\n<title>B\u1ed9 Kit RosetteSep\u2122 Cocktail L\u00e0m Gi\u00e0u T\u1ebf B\u00e0o NK C\u1ee7a Ng\u01b0\u1eddi<\/title>\n<meta name=\"description\" content=\"B\u1ed9 kit RosetteSep\u2122 Human NK Cell Enrichment Cocktail l\u00e0m gi\u00e0u t\u1ebf b\u00e0o NK t\u1eeb m\u00e1u to\u00e0n ph\u1ea7n c\u1ee7a ng\u01b0\u1eddi b\u1eb1ng l\u1ef1a ch\u1ecdn \u00e2m t\u00ednh d\u1ef1a tr\u00ean m\u1eadt \u0111\u1ed9 mi\u1ec5n d\u1ecbch\" \/>\n<meta name=\"robots\" content=\"index, follow, max-snippet:-1, max-image-preview:large, max-video-preview:-1\" \/>\n<link rel=\"canonical\" href=\"https:\/\/biogroupvietnam.com\/vi\/san-pham\/rosettesep-human-nk-cell-enrichment-cocktail\/\" \/>\n<meta property=\"og:locale\" content=\"vi_VN\" \/>\n<meta property=\"og:type\" content=\"article\" \/>\n<meta property=\"og:title\" content=\"B\u1ed9 Kit RosetteSep\u2122 Cocktail L\u00e0m Gi\u00e0u T\u1ebf B\u00e0o NK C\u1ee7a Ng\u01b0\u1eddi\" \/>\n<meta property=\"og:description\" content=\"B\u1ed9 kit RosetteSep\u2122 Human NK Cell Enrichment Cocktail l\u00e0m gi\u00e0u t\u1ebf b\u00e0o NK t\u1eeb m\u00e1u to\u00e0n ph\u1ea7n c\u1ee7a ng\u01b0\u1eddi b\u1eb1ng l\u1ef1a ch\u1ecdn \u00e2m t\u00ednh d\u1ef1a tr\u00ean m\u1eadt \u0111\u1ed9 mi\u1ec5n d\u1ecbch\" \/>\n<meta property=\"og:url\" content=\"https:\/\/biogroupvietnam.com\/vi\/san-pham\/rosettesep-human-nk-cell-enrichment-cocktail\/\" \/>\n<meta property=\"og:site_name\" content=\"Biogroup Vietnam\" \/>\n<meta property=\"article:modified_time\" content=\"2026-04-02T07:43:51+00:00\" \/>\n<meta property=\"og:image\" content=\"https:\/\/biogroupvietnam.com\/wp-content\/uploads\/2025\/08\/bo-kit-rosettesep-cocktail-lam-giau-te-bao-nk-cua-nguoi.jpg\" \/>\n\t<meta property=\"og:image:width\" content=\"1640\" \/>\n\t<meta property=\"og:image:height\" content=\"1260\" \/>\n\t<meta property=\"og:image:type\" content=\"image\/jpeg\" \/>\n<meta name=\"twitter:card\" content=\"summary_large_image\" \/>\n<meta name=\"twitter:label1\" content=\"\u01af\u1edbc t\u00ednh th\u1eddi gian \u0111\u1ecdc\" \/>\n\t<meta name=\"twitter:data1\" content=\"3 ph\u00fat\" \/>\n<script type=\"application\/ld+json\" class=\"yoast-schema-graph\">{\"@context\":\"https:\/\/schema.org\",\"@graph\":[{\"@type\":\"WebPage\",\"@id\":\"https:\/\/biogroupvietnam.com\/vi\/san-pham\/rosettesep-human-nk-cell-enrichment-cocktail\/\",\"url\":\"https:\/\/biogroupvietnam.com\/vi\/san-pham\/rosettesep-human-nk-cell-enrichment-cocktail\/\",\"name\":\"B\u1ed9 Kit RosetteSep\u2122 Cocktail L\u00e0m Gi\u00e0u T\u1ebf B\u00e0o NK C\u1ee7a Ng\u01b0\u1eddi\",\"isPartOf\":{\"@id\":\"https:\/\/biogroupvietnam.com\/vi\/#website\"},\"primaryImageOfPage\":{\"@id\":\"https:\/\/biogroupvietnam.com\/vi\/san-pham\/rosettesep-human-nk-cell-enrichment-cocktail\/#primaryimage\"},\"image\":{\"@id\":\"https:\/\/biogroupvietnam.com\/vi\/san-pham\/rosettesep-human-nk-cell-enrichment-cocktail\/#primaryimage\"},\"thumbnailUrl\":\"https:\/\/biogroupvietnam.com\/wp-content\/uploads\/2025\/08\/bo-kit-rosettesep-cocktail-lam-giau-te-bao-nk-cua-nguoi.jpg\",\"datePublished\":\"2025-08-18T12:54:18+00:00\",\"dateModified\":\"2026-04-02T07:43:51+00:00\",\"description\":\"B\u1ed9 kit RosetteSep\u2122 Human NK Cell Enrichment Cocktail l\u00e0m gi\u00e0u t\u1ebf b\u00e0o NK t\u1eeb m\u00e1u to\u00e0n ph\u1ea7n c\u1ee7a ng\u01b0\u1eddi b\u1eb1ng l\u1ef1a ch\u1ecdn \u00e2m t\u00ednh d\u1ef1a tr\u00ean m\u1eadt \u0111\u1ed9 mi\u1ec5n d\u1ecbch\",\"breadcrumb\":{\"@id\":\"https:\/\/biogroupvietnam.com\/vi\/san-pham\/rosettesep-human-nk-cell-enrichment-cocktail\/#breadcrumb\"},\"inLanguage\":\"vi\",\"potentialAction\":[{\"@type\":\"ReadAction\",\"target\":[\"https:\/\/biogroupvietnam.com\/vi\/san-pham\/rosettesep-human-nk-cell-enrichment-cocktail\/\"]}]},{\"@type\":\"ImageObject\",\"inLanguage\":\"vi\",\"@id\":\"https:\/\/biogroupvietnam.com\/vi\/san-pham\/rosettesep-human-nk-cell-enrichment-cocktail\/#primaryimage\",\"url\":\"https:\/\/biogroupvietnam.com\/wp-content\/uploads\/2025\/08\/bo-kit-rosettesep-cocktail-lam-giau-te-bao-nk-cua-nguoi.jpg\",\"contentUrl\":\"https:\/\/biogroupvietnam.com\/wp-content\/uploads\/2025\/08\/bo-kit-rosettesep-cocktail-lam-giau-te-bao-nk-cua-nguoi.jpg\",\"width\":1640,\"height\":1260,\"caption\":\"B\u1ed9 Kit RosetteSep\u2122 Cocktail L\u00e0m Gi\u00e0u T\u1ebf B\u00e0o NK C\u1ee7a Ng\u01b0\u1eddi\"},{\"@type\":\"BreadcrumbList\",\"@id\":\"https:\/\/biogroupvietnam.com\/vi\/san-pham\/rosettesep-human-nk-cell-enrichment-cocktail\/#breadcrumb\",\"itemListElement\":[{\"@type\":\"ListItem\",\"position\":1,\"name\":\"Trang ch\u1ee7\",\"item\":\"https:\/\/biogroupvietnam.com\/vi\/\"},{\"@type\":\"ListItem\",\"position\":2,\"name\":\"S\u1ea3n ph\u1ea9m\",\"item\":\"https:\/\/biogroupvietnam.com\/vi\/san-pham\/\"},{\"@type\":\"ListItem\",\"position\":3,\"name\":\"X\u1eed L\u00fd T\u1ebf B\u00e0o\",\"item\":\"https:\/\/biogroupvietnam.com\/vi\/danh-muc-san-pham\/xu-ly-te-bao\/\"},{\"@type\":\"ListItem\",\"position\":4,\"name\":\"Ph\u00e2n L\u1eadp T\u1ebf B\u00e0o\",\"item\":\"https:\/\/biogroupvietnam.com\/vi\/danh-muc-san-pham\/phan-lap-te-bao\/\"},{\"@type\":\"ListItem\",\"position\":5,\"name\":\"B\u1ed9 Kit RosetteSep\u2122 Cocktail L\u00e0m Gi\u00e0u T\u1ebf B\u00e0o NK C\u1ee7a Ng\u01b0\u1eddi\"}]},{\"@type\":\"WebSite\",\"@id\":\"https:\/\/biogroupvietnam.com\/vi\/#website\",\"url\":\"https:\/\/biogroupvietnam.com\/vi\/\",\"name\":\"Biogroup Vietnam\",\"description\":\"Biogroup Vietnam cung c\u1ea5p d\u1ecbch v\u1ee5 k\u1ef9 thu\u1eadt c\u00f9ng thi\u1ebft b\u1ecb, v\u1eadt t\u01b0, h\u00f3a ch\u1ea5t v\u00e0 gi\u1ea3i ph\u00e1p sinh h\u1ecdc cho ph\u00f2ng th\u00ed nghi\u1ec7m c\u00f4ng ngh\u1ec7 sinh h\u1ecdc, y sinh v\u00e0 y h\u1ecdc t\u00e1i t\u1ea1o.\",\"potentialAction\":[{\"@type\":\"SearchAction\",\"target\":{\"@type\":\"EntryPoint\",\"urlTemplate\":\"https:\/\/biogroupvietnam.com\/vi\/?s={search_term_string}\"},\"query-input\":{\"@type\":\"PropertyValueSpecification\",\"valueRequired\":true,\"valueName\":\"search_term_string\"}}],\"inLanguage\":\"vi\"}]}<\/script>\n<!-- \/ Yoast SEO plugin. -->","yoast_head_json":{"title":"B\u1ed9 Kit RosetteSep\u2122 Cocktail L\u00e0m Gi\u00e0u T\u1ebf B\u00e0o NK C\u1ee7a Ng\u01b0\u1eddi","description":"B\u1ed9 kit RosetteSep\u2122 Human NK Cell Enrichment Cocktail l\u00e0m gi\u00e0u t\u1ebf b\u00e0o NK t\u1eeb m\u00e1u to\u00e0n ph\u1ea7n c\u1ee7a ng\u01b0\u1eddi b\u1eb1ng l\u1ef1a ch\u1ecdn \u00e2m t\u00ednh d\u1ef1a tr\u00ean m\u1eadt \u0111\u1ed9 mi\u1ec5n d\u1ecbch","robots":{"index":"index","follow":"follow","max-snippet":"max-snippet:-1","max-image-preview":"max-image-preview:large","max-video-preview":"max-video-preview:-1"},"canonical":"https:\/\/biogroupvietnam.com\/vi\/san-pham\/rosettesep-human-nk-cell-enrichment-cocktail\/","og_locale":"vi_VN","og_type":"article","og_title":"B\u1ed9 Kit RosetteSep\u2122 Cocktail L\u00e0m Gi\u00e0u T\u1ebf B\u00e0o NK C\u1ee7a Ng\u01b0\u1eddi","og_description":"B\u1ed9 kit RosetteSep\u2122 Human NK Cell Enrichment Cocktail l\u00e0m gi\u00e0u t\u1ebf b\u00e0o NK t\u1eeb m\u00e1u to\u00e0n ph\u1ea7n c\u1ee7a ng\u01b0\u1eddi b\u1eb1ng l\u1ef1a ch\u1ecdn \u00e2m t\u00ednh d\u1ef1a tr\u00ean m\u1eadt \u0111\u1ed9 mi\u1ec5n d\u1ecbch","og_url":"https:\/\/biogroupvietnam.com\/vi\/san-pham\/rosettesep-human-nk-cell-enrichment-cocktail\/","og_site_name":"Biogroup Vietnam","article_modified_time":"2026-04-02T07:43:51+00:00","og_image":[{"width":1640,"height":1260,"url":"https:\/\/biogroupvietnam.com\/wp-content\/uploads\/2025\/08\/bo-kit-rosettesep-cocktail-lam-giau-te-bao-nk-cua-nguoi.jpg","type":"image\/jpeg"}],"twitter_card":"summary_large_image","twitter_misc":{"\u01af\u1edbc t\u00ednh th\u1eddi gian \u0111\u1ecdc":"3 ph\u00fat"},"schema":{"@context":"https:\/\/schema.org","@graph":[{"@type":"WebPage","@id":"https:\/\/biogroupvietnam.com\/vi\/san-pham\/rosettesep-human-nk-cell-enrichment-cocktail\/","url":"https:\/\/biogroupvietnam.com\/vi\/san-pham\/rosettesep-human-nk-cell-enrichment-cocktail\/","name":"B\u1ed9 Kit RosetteSep\u2122 Cocktail L\u00e0m Gi\u00e0u T\u1ebf B\u00e0o NK C\u1ee7a Ng\u01b0\u1eddi","isPartOf":{"@id":"https:\/\/biogroupvietnam.com\/vi\/#website"},"primaryImageOfPage":{"@id":"https:\/\/biogroupvietnam.com\/vi\/san-pham\/rosettesep-human-nk-cell-enrichment-cocktail\/#primaryimage"},"image":{"@id":"https:\/\/biogroupvietnam.com\/vi\/san-pham\/rosettesep-human-nk-cell-enrichment-cocktail\/#primaryimage"},"thumbnailUrl":"https:\/\/biogroupvietnam.com\/wp-content\/uploads\/2025\/08\/bo-kit-rosettesep-cocktail-lam-giau-te-bao-nk-cua-nguoi.jpg","datePublished":"2025-08-18T12:54:18+00:00","dateModified":"2026-04-02T07:43:51+00:00","description":"B\u1ed9 kit RosetteSep\u2122 Human NK Cell Enrichment Cocktail l\u00e0m gi\u00e0u t\u1ebf b\u00e0o NK t\u1eeb m\u00e1u to\u00e0n ph\u1ea7n c\u1ee7a ng\u01b0\u1eddi b\u1eb1ng l\u1ef1a ch\u1ecdn \u00e2m t\u00ednh d\u1ef1a tr\u00ean m\u1eadt \u0111\u1ed9 mi\u1ec5n d\u1ecbch","breadcrumb":{"@id":"https:\/\/biogroupvietnam.com\/vi\/san-pham\/rosettesep-human-nk-cell-enrichment-cocktail\/#breadcrumb"},"inLanguage":"vi","potentialAction":[{"@type":"ReadAction","target":["https:\/\/biogroupvietnam.com\/vi\/san-pham\/rosettesep-human-nk-cell-enrichment-cocktail\/"]}]},{"@type":"ImageObject","inLanguage":"vi","@id":"https:\/\/biogroupvietnam.com\/vi\/san-pham\/rosettesep-human-nk-cell-enrichment-cocktail\/#primaryimage","url":"https:\/\/biogroupvietnam.com\/wp-content\/uploads\/2025\/08\/bo-kit-rosettesep-cocktail-lam-giau-te-bao-nk-cua-nguoi.jpg","contentUrl":"https:\/\/biogroupvietnam.com\/wp-content\/uploads\/2025\/08\/bo-kit-rosettesep-cocktail-lam-giau-te-bao-nk-cua-nguoi.jpg","width":1640,"height":1260,"caption":"B\u1ed9 Kit RosetteSep\u2122 Cocktail L\u00e0m Gi\u00e0u T\u1ebf B\u00e0o NK C\u1ee7a Ng\u01b0\u1eddi"},{"@type":"BreadcrumbList","@id":"https:\/\/biogroupvietnam.com\/vi\/san-pham\/rosettesep-human-nk-cell-enrichment-cocktail\/#breadcrumb","itemListElement":[{"@type":"ListItem","position":1,"name":"Trang ch\u1ee7","item":"https:\/\/biogroupvietnam.com\/vi\/"},{"@type":"ListItem","position":2,"name":"S\u1ea3n ph\u1ea9m","item":"https:\/\/biogroupvietnam.com\/vi\/san-pham\/"},{"@type":"ListItem","position":3,"name":"X\u1eed L\u00fd T\u1ebf B\u00e0o","item":"https:\/\/biogroupvietnam.com\/vi\/danh-muc-san-pham\/xu-ly-te-bao\/"},{"@type":"ListItem","position":4,"name":"Ph\u00e2n L\u1eadp T\u1ebf B\u00e0o","item":"https:\/\/biogroupvietnam.com\/vi\/danh-muc-san-pham\/phan-lap-te-bao\/"},{"@type":"ListItem","position":5,"name":"B\u1ed9 Kit RosetteSep\u2122 Cocktail L\u00e0m Gi\u00e0u T\u1ebf B\u00e0o NK C\u1ee7a Ng\u01b0\u1eddi"}]},{"@type":"WebSite","@id":"https:\/\/biogroupvietnam.com\/vi\/#website","url":"https:\/\/biogroupvietnam.com\/vi\/","name":"Biogroup Vietnam","description":"Biogroup Vietnam cung c\u1ea5p d\u1ecbch v\u1ee5 k\u1ef9 thu\u1eadt c\u00f9ng thi\u1ebft b\u1ecb, v\u1eadt t\u01b0, h\u00f3a ch\u1ea5t v\u00e0 gi\u1ea3i ph\u00e1p sinh h\u1ecdc cho ph\u00f2ng th\u00ed nghi\u1ec7m c\u00f4ng ngh\u1ec7 sinh h\u1ecdc, y sinh v\u00e0 y h\u1ecdc t\u00e1i t\u1ea1o.","potentialAction":[{"@type":"SearchAction","target":{"@type":"EntryPoint","urlTemplate":"https:\/\/biogroupvietnam.com\/vi\/?s={search_term_string}"},"query-input":{"@type":"PropertyValueSpecification","valueRequired":true,"valueName":"search_term_string"}}],"inLanguage":"vi"}]}},"_links":{"self":[{"href":"https:\/\/biogroupvietnam.com\/vi\/wp-json\/wp\/v2\/product\/3894","targetHints":{"allow":["GET"]}}],"collection":[{"href":"https:\/\/biogroupvietnam.com\/vi\/wp-json\/wp\/v2\/product"}],"about":[{"href":"https:\/\/biogroupvietnam.com\/vi\/wp-json\/wp\/v2\/types\/product"}],"replies":[{"embeddable":true,"href":"https:\/\/biogroupvietnam.com\/vi\/wp-json\/wp\/v2\/comments?post=3894"}],"version-history":[{"count":5,"href":"https:\/\/biogroupvietnam.com\/vi\/wp-json\/wp\/v2\/product\/3894\/revisions"}],"predecessor-version":[{"id":10154,"href":"https:\/\/biogroupvietnam.com\/vi\/wp-json\/wp\/v2\/product\/3894\/revisions\/10154"}],"wp:featuredmedia":[{"embeddable":true,"href":"https:\/\/biogroupvietnam.com\/vi\/wp-json\/wp\/v2\/media\/10153"}],"wp:attachment":[{"href":"https:\/\/biogroupvietnam.com\/vi\/wp-json\/wp\/v2\/media?parent=3894"}],"wp:term":[{"taxonomy":"product_brand","embeddable":true,"href":"https:\/\/biogroupvietnam.com\/vi\/wp-json\/wp\/v2\/product_brand?post=3894"},{"taxonomy":"product_cat","embeddable":true,"href":"https:\/\/biogroupvietnam.com\/vi\/wp-json\/wp\/v2\/product_cat?post=3894"},{"taxonomy":"product_tag","embeddable":true,"href":"https:\/\/biogroupvietnam.com\/vi\/wp-json\/wp\/v2\/product_tag?post=3894"}],"curies":[{"name":"wp","href":"https:\/\/api.w.org\/{rel}","templated":true}]}}