{"id":3919,"date":"2025-08-18T19:54:40","date_gmt":"2025-08-18T12:54:40","guid":{"rendered":"http:\/\/biogroupvietnam-worldpress.local\/product\/import-placeholder-for-174\/"},"modified":"2026-04-02T14:41:10","modified_gmt":"2026-04-02T07:41:10","slug":"easysep-human-cd138-positive-selection-kit-ii","status":"publish","type":"product","link":"https:\/\/biogroupvietnam.com\/vi\/san-pham\/easysep-human-cd138-positive-selection-kit-ii\/","title":{"rendered":"B\u1ed9 Kit EasySep\u2122 Ch\u1ecdn L\u1ecdc D\u01b0\u01a1ng T\u00ednh T\u1ebf B\u00e0o CD138 C\u1ee7a Ng\u01b0\u1eddi"},"content":{"rendered":"<h2>B\u1ed9 kit ph\u00e2n l\u1eadp t\u1ebf b\u00e0o d\u01b0\u01a1ng t\u00ednh b\u1eb1ng ph\u01b0\u01a1ng ph\u00e1p ch\u1ecdn l\u1ecdc t\u1eeb t\u00ednh mi\u1ec5n d\u1ecbch.<\/h2>\n<h3><strong>T\u1ed5ng quan v\u1ec1 b\u1ed9 kit ph\u00e2n l\u1eadp t\u1ebf b\u00e0o d\u01b0\u01a1ng t\u00ednh CD138 c\u1ee7a ng\u01b0\u1eddi<\/strong><\/h3>\n<p>B\u1ed9 EasySep\u2122 Human CD138 Positive Selection Kit II \u0111\u01b0\u1ee3c thi\u1ebft k\u1ebf \u0111\u1ec3 ph\u00e2n l\u1eadp c\u00e1c t\u1ebf b\u00e0o CD138+ (syndecan-1) t\u1eeb t\u1ee7y x\u01b0\u01a1ng ho\u1eb7c c\u00e1c t\u1ebf b\u00e0o \u0111\u01a1n nh\u00e2n m\u00e1u ngo\u1ea1i vi t\u01b0\u01a1i ho\u1eb7c \u0111\u00f4ng l\u1ea1nh b\u1eb1ng c\u00e1ch ch\u1ecdn l\u1ecdc d\u01b0\u01a1ng t\u00ednh. C\u00e1c t\u1ebf b\u00e0o m\u1ee5c ti\u00eau \u0111\u01b0\u1ee3c g\u1eafn v\u1edbi ph\u1ee9c h\u1ee3p kh\u00e1ng th\u1ec3 tetrameric nh\u1eadn di\u1ec7n v\u1edbi CD138 v\u00e0 c\u00e1c h\u1ea1t t\u1eeb ph\u1ee7 dextran. H\u1ed7n h\u1ee3p n\u00e0y c\u0169ng ch\u1ee9a m\u1ed9t kh\u00e1ng th\u1ec3 kh\u00e1ng th\u1ee5 th\u1ec3 Fc c\u1ee7a ng\u01b0\u1eddi \u0111\u1ec3 gi\u1ea3m s\u1ef1 g\u1eafn kh\u00f4ng \u0111\u1eb7c hi\u1ec7u. C\u00e1c t\u1ebf b\u00e0o \u0111\u01b0\u1ee3c t\u00e1ch b\u1eb1ng nam ch\u00e2m EasySepTM m\u00e0 kh\u00f4ng c\u1ea7n s\u1eed d\u1ee5ng c\u1ed9t. C\u00e1c t\u1ebf b\u00e0o m\u1ee5c ti\u00eau \u0111\u01b0\u1ee3c gi\u1eef trong \u1ed1ng, c\u00e1c t\u1ebf b\u00e0o kh\u00f4ng mong mu\u1ed1n \u0111\u01b0\u1ee3c lo\u1ea1i b\u1ecf. Kh\u00e1ng nguy\u00ean CD138 \u0111\u01b0\u1ee3c bi\u1ec3u hi\u1ec7n tr\u00ean c\u00e1c t\u1ebf b\u00e0o plasma b\u00ecnh th\u01b0\u1eddng v\u00e0 \u00e1c t\u00ednh (kh\u00f4ng ph\u1ea3i t\u1ebf b\u00e0o B tr\u01b0\u1edfng th\u00e0nh). T\u1ebf b\u00e0o sau khi ph\u00e2n l\u1eadp c\u00f3 th\u1ec3 \u0111\u01b0\u1ee3c s\u1eed d\u1ee5ng ngay cho c\u00e1c \u1ee9ng d\u1ee5ng ti\u1ebfp theo nh\u01b0 lai hu\u1ef3nh quang t\u1ea1i ch\u1ed7 (fluorescence in situ hybridization \u2013 FISH), k\u1ef9 thu\u1eadt d\u00f2ng ch\u1ea3y t\u1ebf b\u00e0o, nu\u00f4i c\u1ea5y, ho\u1eb7c t\u00e1ch chi\u1ebft DNA\/RNA.<\/p>\n<p>S\u1ea3n ph\u1ea9m n\u00e0y l\u00e0 phi\u00ean b\u1ea3n c\u1ea3i ti\u1ebfn c\u1ee7a EasySep\u2122 Human CD138 Positive Selection Kit (Catalog #18357), cung c\u1ea5p kh\u1ea3 n\u0103ng ph\u00e2n l\u1eadp t\u1ebf b\u00e0o v\u1edbi \u0111\u1ed9 tinh khi\u1ebft cao trong quy tr\u00ecnh ng\u1eafn h\u01a1n.<\/p>\n<h3><strong>\u01afu \u0111i\u1ec3m c\u1ee7a B\u1ed9 kit ph\u00e2n l\u1eadp t\u1ebf b\u00e0o d\u01b0\u01a1ng t\u00ednh CD138 c\u1ee7a ng\u01b0\u1eddi<\/strong><\/h3>\n<ul>\n<li>Nhanh, d\u1ec5 s\u1eed d\u1ee5ng,<\/li>\n<li>Kh\u00f4ng c\u1ea7n s\u1eed d\u1ee5ng c\u1ed9t trong qu\u00e1 tr\u00ecnh ph\u00e2n t\u00e1ch<\/li>\n<\/ul>\n<h3><strong>Th\u00e0nh ph\u1ea7n\u00a0B\u1ed9 kit ph\u00e2n l\u1eadp t\u1ebf b\u00e0o d\u01b0\u01a1ng t\u00ednh CD138 c\u1ee7a ng\u01b0\u1eddi<\/strong><\/h3>\n<figure class=\"table\">\n<table>\n<tbody>\n<tr>\n<td>\n<p style=\"text-align: center;\"><strong>T\u00ean th\u00e0nh ph\u1ea7n<\/strong><\/p>\n<\/td>\n<td>\n<p style=\"text-align: center;\"><strong>Catalog #<\/strong><\/p>\n<\/td>\n<td>\n<p style=\"text-align: center;\"><strong>S\u1ed1 l\u01b0\u1ee3ng<\/strong><\/p>\n<\/td>\n<td>\n<p style=\"text-align: center;\"><strong>\u0110\u1ecbnh d\u1ea1ng<\/strong><\/p>\n<\/td>\n<\/tr>\n<tr>\n<td>EasySep\u2122 Human CD138 Positive Selection Kit II cocktail<\/td>\n<td>\n<p style=\"text-align: center;\">17877C<\/p>\n<\/td>\n<td>\n<p style=\"text-align: center;\">1 x 1 mL<\/p>\n<\/td>\n<td>H\u1ed7n h\u1ee3p kh\u00e1ng th\u1ec3 \u0111\u01a1n d\u00f2ng trong PBS, bao g\u1ed3m kh\u00e1ng th\u1ec3 \u0111\u1ec3 kh\u00f3a c\u00e1c th\u1ee5 th\u1ec3 Fc.<\/td>\n<\/tr>\n<tr>\n<td>EasySep\u2122 Dextran<\/p>\n<p>RapidSpheres\u2122 50100<\/td>\n<td>\n<p style=\"text-align: center;\">50100<\/p>\n<\/td>\n<td>\n<p style=\"text-align: center;\">1 x 1 mL<\/p>\n<\/td>\n<td>C\u00e1c h\u1ea1t t\u1eeb huy\u1ec1n ph\u00f9 trong n\u01b0\u1edbc<\/td>\n<\/tr>\n<\/tbody>\n<\/table>\n<\/figure>\n<h3><strong>B\u1ea3o qu\u1ea3n v\u00e0 l\u01b0u tr\u1eef:<\/strong><\/h3>\n<p>B\u1ea3o qu\u1ea3n \u1edf 2 &#8211; 8\u00b0C.<\/p>\n<p>Ng\u00e0y h\u1ebft h\u1ea1n \u0111\u01b0\u1ee3c ghi tr\u00ean nh\u00e3n h\u1ed9p.<\/p>\n<p><i>L\u01b0u \u00fd: <\/i>C\u00e1c th\u00e0nh ph\u1ea7n c\u00f3 th\u1ec3 \u0111\u01b0\u1ee3c v\u1eadn chuy\u1ec3n \u1edf nhi\u1ec7t \u0111\u1ed9 ph\u00f2ng (15 \u2013 25\u00b0C) nh\u01b0ng ph\u1ea3i \u0111\u01b0\u1ee3c b\u1ea3o qu\u1ea3n \u1edf 2 &#8211; 8\u00b0C nh\u01b0 ch\u1ec9 d\u1eabn \u1edf tr\u00ean. Kh\u00f4ng \u0111\u00f4ng l\u1ea1nh m\u1eabu.<\/p>\n<h3><strong>\u1ee8ng d\u1ee5ng<\/strong><\/h3>\n<p>B\u1ed9 kit \u0111\u01b0\u1ee3c thi\u1ebft k\u1ebf \u0111\u1ec3 s\u1eed d\u1ee5ng cho vi\u1ec7c ph\u00e2n l\u1eadp t\u1ebf b\u00e0o trong c\u00e1c l\u0129nh v\u1ef1c nh\u01b0 ung th\u01b0, mi\u1ec5n d\u1ecbch h\u1ecdc.<\/p>\n<h3><strong>D\u1eef li\u1ec7u<\/strong><\/h3>\n<h3 style=\"text-align: center;\"><img fetchpriority=\"high\" decoding=\"async\" src=\"https:\/\/biogroupvietnam.com\/uploads\/Oy42wD51qPJwlwn8R8R4TBplIcNGr9qxb4C38m1Q.png\" alt=\"\" width=\"433\" height=\"229\" \/><\/h3>\n<p>M\u1eabu s\u1eed d\u1ee5ng l\u00e0 PBMC sau r\u00e3 \u0111\u00f4ng c\u1ee7a b\u1ec7nh nh\u00e2n \u0111a u t\u1ee7y, c\u00f3 ch\u1ee9a t\u1ebf b\u00e0o U266. Sau khi ph\u00e2n l\u1eadp v\u1edbi b\u1ed9 kit EasySep\u2122 Human CD138 Positive Selection Kit, h\u00e0m l\u01b0\u1ee3ng t\u1ebf b\u00e0o CD138+ trong m\u1eabu th\u01b0\u1eddng n\u1eb1m trong kho\u1ea3ng 93,0% &#8211; 98,2%. Trong v\u00ed d\u1ee5 tr\u00ean, \u0111\u1ed9 tinh khi\u1ebft c\u1ee7a t\u1ebf b\u00e0o U266 trong m\u1eabu ban \u0111\u1ea7u v\u00e0 sau ph\u00e2n l\u1eadp l\u1ea7n l\u01b0\u1ee3t l\u00e0 9,16% v\u00e0 94,34%.<\/p>\n<h3><strong>Kh\u1ea3 n\u0103ng t\u01b0\u01a1ng th\u00edch d\u1ee5ng c\u1ee5 t\u1eeb t\u00ednh<\/strong><\/h3>\n<ul>\n<li><a href=\"https:\/\/biogroupvietnam.com\/vi\/products\/nghien-cuu-sinh-hoc\/phan-lap-te-bao\/easysep-magnet.html\">EasySep\u2122 Magnet<\/a> (Catalog #18000)<\/li>\n<li><a href=\"https:\/\/biogroupvietnam.com\/vi\/products\/nghien-cuu-sinh-hoc\/phan-lap-te-bao\/the-big-easy-easysep-magnet.html\">\u201cThe Big Easy\u201d EasySep\u2122 Magnet<\/a> (Catalog #18001)<\/li>\n<li>EasyEights\u2122 EasySep\u2122 Magnet (Catalog #18103)<\/li>\n<li><a href=\"https:\/\/biogroupvietnam.com\/vi\/products\/nghien-cuu-sinh-hoc\/phan-lap-te-bao\/robosep-s.html\">RoboSep\u2122-S<\/a> (Catalog #21000)<\/li>\n<\/ul>\n<h3><strong>Th\u00f4ng tin \u0111\u1eb7t h\u00e0ng<\/strong><\/h3>\n<p>B\u1ed9 kit ch\u1ecdn l\u1ecdc d\u01b0\u01a1ng t\u00ednh t\u1ebf b\u00e0o CD138 c\u1ee7a ng\u01b0\u1eddi \u201cEasySep\u2122 Human CD138 Positive Selection Kit\u201d bao g\u1ed3m:<\/p>\n<p>Catalog #17877: M\u1eadt \u0111\u1ed9 t\u1ebf b\u00e0o x\u1eed l\u00fd\u00a0l\u00e0 2\u00d7109 t\u1ebf b\u00e0o, s\u1eed d\u1ee5ng d\u1ee5ng c\u1ee5 t\u1eeb t\u00ednh\u00a0EasySepTM<\/p>\n<p>Catalog #17877RF: M\u1eadt \u0111\u1ed9 t\u1ebf b\u00e0o x\u1eed l\u00fd\u00a0l\u00e0 2\u00d7109 t\u1ebf b\u00e0o, s\u1eed d\u1ee5ng thi\u1ebft b\u1ecb ph\u00e2n l\u1eadp\u00a0t\u1ebf b\u00e0o t\u1ef1 \u0111\u1ed9ng RoboSepTM<\/p>\n<p><strong>T\u00f9y ch\u1ecdn b\u1ed5 sung:<\/strong><\/p>\n<p>Dung d\u1ecbch \u0111\u1ec7m &#8220;EasySep\u2122 Buffer&#8221;, 1L, Catalog #20144<\/p>\n<p>Dung d\u1ecbch \u0111\u1ec7m RoboSepTM Buffer 1X, 250 mL, Catalog #20104<\/p>\n","protected":false},"excerpt":{"rendered":"<p>B\u1ed9 kit ph\u00e2n l\u1eadp t\u1ebf b\u00e0o d\u01b0\u01a1ng t\u00ednh b\u1eb1ng ph\u01b0\u01a1ng ph\u00e1p ch\u1ecdn l\u1ecdc t\u1eeb t\u00ednh mi\u1ec5n d\u1ecbch. T\u1ed5ng quan v\u1ec1 b\u1ed9 kit ph\u00e2n l\u1eadp t\u1ebf b\u00e0o d\u01b0\u01a1ng t\u00ednh CD138 c\u1ee7a ng\u01b0\u1eddi B\u1ed9 EasySep\u2122 Human CD138 Positive Selection Kit II \u0111\u01b0\u1ee3c thi\u1ebft k\u1ebf \u0111\u1ec3 ph\u00e2n l\u1eadp c\u00e1c t\u1ebf b\u00e0o CD138+ (syndecan-1) t\u1eeb t\u1ee7y x\u01b0\u01a1ng ho\u1eb7c c\u00e1c<\/p>\n<div class=\"klb-readmore post-buttons\"><a class=\"button rounded primary\" href=\"https:\/\/biogroupvietnam.com\/vi\/san-pham\/easysep-human-cd138-positive-selection-kit-ii\/\">Read More <i class=\"klbth-icon-right-arrow\"><\/i><\/a><\/div>\n","protected":false},"featured_media":10152,"comment_status":"closed","ping_status":"closed","template":"","meta":{"_acf_changed":false},"product_brand":[127],"product_cat":[115],"product_tag":[],"class_list":{"0":"post-3919","1":"product","2":"type-product","3":"status-publish","4":"has-post-thumbnail","6":"product_brand-stemcell-technologies","7":"product_cat-phan-lap-te-bao","9":"first","10":"outofstock","11":"shipping-taxable","12":"product-type-simple"},"acf":[],"yoast_head":"<!-- This site is optimized with the Yoast SEO plugin v26.8 - https:\/\/yoast.com\/product\/yoast-seo-wordpress\/ -->\n<title>B\u1ed9 EasySep\u2122 Ch\u1ecdn L\u1ecdc D\u01b0\u01a1ng T\u00ednh T\u1ebf B\u00e0o CD138 C\u1ee7a Ng\u01b0\u1eddi<\/title>\n<meta name=\"description\" content=\"B\u1ed9 kit ph\u00e2n l\u1eadp t\u1ebf b\u00e0o CD138 t\u1eeb t\u1ee7y x\u01b0\u01a1ng ho\u1eb7c c\u00e1c t\u1ebf b\u00e0o \u0111\u01a1n nh\u00e2n m\u00e1u ngo\u1ea1i vi t\u01b0\u01a1i ho\u1eb7c \u0111\u00f4ng l\u1ea1nh d\u01b0\u01a1ng t\u00ednh b\u1eb1ng ph\u01b0\u01a1ng ph\u00e1p ch\u1ecdn l\u1ecdc t\u1eeb t\u00ednh mi\u1ec5n d\u1ecbch.\" \/>\n<meta name=\"robots\" content=\"index, follow, max-snippet:-1, max-image-preview:large, max-video-preview:-1\" \/>\n<link rel=\"canonical\" href=\"https:\/\/biogroupvietnam.com\/vi\/san-pham\/easysep-human-cd138-positive-selection-kit-ii\/\" \/>\n<meta property=\"og:locale\" content=\"vi_VN\" \/>\n<meta property=\"og:type\" content=\"article\" \/>\n<meta property=\"og:title\" content=\"B\u1ed9 EasySep\u2122 Ch\u1ecdn L\u1ecdc D\u01b0\u01a1ng T\u00ednh T\u1ebf B\u00e0o CD138 C\u1ee7a Ng\u01b0\u1eddi\" \/>\n<meta property=\"og:description\" content=\"B\u1ed9 kit ph\u00e2n l\u1eadp t\u1ebf b\u00e0o CD138 t\u1eeb t\u1ee7y x\u01b0\u01a1ng ho\u1eb7c c\u00e1c t\u1ebf b\u00e0o \u0111\u01a1n nh\u00e2n m\u00e1u ngo\u1ea1i vi t\u01b0\u01a1i ho\u1eb7c \u0111\u00f4ng l\u1ea1nh d\u01b0\u01a1ng t\u00ednh b\u1eb1ng ph\u01b0\u01a1ng ph\u00e1p ch\u1ecdn l\u1ecdc t\u1eeb t\u00ednh mi\u1ec5n d\u1ecbch.\" \/>\n<meta property=\"og:url\" content=\"https:\/\/biogroupvietnam.com\/vi\/san-pham\/easysep-human-cd138-positive-selection-kit-ii\/\" \/>\n<meta property=\"og:site_name\" content=\"Biogroup Vietnam\" \/>\n<meta property=\"article:modified_time\" content=\"2026-04-02T07:41:10+00:00\" \/>\n<meta property=\"og:image\" content=\"https:\/\/biogroupvietnam.com\/wp-content\/uploads\/2025\/08\/bo-kit-easysep-chon-loc-duong-tinh-te-bao-cd138-cua-nguoi.jpg\" \/>\n\t<meta property=\"og:image:width\" content=\"1640\" \/>\n\t<meta property=\"og:image:height\" content=\"1260\" \/>\n\t<meta property=\"og:image:type\" content=\"image\/jpeg\" \/>\n<meta name=\"twitter:card\" content=\"summary_large_image\" \/>\n<meta name=\"twitter:label1\" content=\"\u01af\u1edbc t\u00ednh th\u1eddi gian \u0111\u1ecdc\" \/>\n\t<meta name=\"twitter:data1\" content=\"4 ph\u00fat\" \/>\n<script type=\"application\/ld+json\" class=\"yoast-schema-graph\">{\"@context\":\"https:\/\/schema.org\",\"@graph\":[{\"@type\":\"WebPage\",\"@id\":\"https:\/\/biogroupvietnam.com\/vi\/san-pham\/easysep-human-cd138-positive-selection-kit-ii\/\",\"url\":\"https:\/\/biogroupvietnam.com\/vi\/san-pham\/easysep-human-cd138-positive-selection-kit-ii\/\",\"name\":\"B\u1ed9 EasySep\u2122 Ch\u1ecdn L\u1ecdc D\u01b0\u01a1ng T\u00ednh T\u1ebf B\u00e0o CD138 C\u1ee7a Ng\u01b0\u1eddi\",\"isPartOf\":{\"@id\":\"https:\/\/biogroupvietnam.com\/vi\/#website\"},\"primaryImageOfPage\":{\"@id\":\"https:\/\/biogroupvietnam.com\/vi\/san-pham\/easysep-human-cd138-positive-selection-kit-ii\/#primaryimage\"},\"image\":{\"@id\":\"https:\/\/biogroupvietnam.com\/vi\/san-pham\/easysep-human-cd138-positive-selection-kit-ii\/#primaryimage\"},\"thumbnailUrl\":\"https:\/\/biogroupvietnam.com\/wp-content\/uploads\/2025\/08\/bo-kit-easysep-chon-loc-duong-tinh-te-bao-cd138-cua-nguoi.jpg\",\"datePublished\":\"2025-08-18T12:54:40+00:00\",\"dateModified\":\"2026-04-02T07:41:10+00:00\",\"description\":\"B\u1ed9 kit ph\u00e2n l\u1eadp t\u1ebf b\u00e0o CD138 t\u1eeb t\u1ee7y x\u01b0\u01a1ng ho\u1eb7c c\u00e1c t\u1ebf b\u00e0o \u0111\u01a1n nh\u00e2n m\u00e1u ngo\u1ea1i vi t\u01b0\u01a1i ho\u1eb7c \u0111\u00f4ng l\u1ea1nh d\u01b0\u01a1ng t\u00ednh b\u1eb1ng ph\u01b0\u01a1ng ph\u00e1p ch\u1ecdn l\u1ecdc t\u1eeb t\u00ednh mi\u1ec5n d\u1ecbch.\",\"breadcrumb\":{\"@id\":\"https:\/\/biogroupvietnam.com\/vi\/san-pham\/easysep-human-cd138-positive-selection-kit-ii\/#breadcrumb\"},\"inLanguage\":\"vi\",\"potentialAction\":[{\"@type\":\"ReadAction\",\"target\":[\"https:\/\/biogroupvietnam.com\/vi\/san-pham\/easysep-human-cd138-positive-selection-kit-ii\/\"]}]},{\"@type\":\"ImageObject\",\"inLanguage\":\"vi\",\"@id\":\"https:\/\/biogroupvietnam.com\/vi\/san-pham\/easysep-human-cd138-positive-selection-kit-ii\/#primaryimage\",\"url\":\"https:\/\/biogroupvietnam.com\/wp-content\/uploads\/2025\/08\/bo-kit-easysep-chon-loc-duong-tinh-te-bao-cd138-cua-nguoi.jpg\",\"contentUrl\":\"https:\/\/biogroupvietnam.com\/wp-content\/uploads\/2025\/08\/bo-kit-easysep-chon-loc-duong-tinh-te-bao-cd138-cua-nguoi.jpg\",\"width\":1640,\"height\":1260,\"caption\":\"B\u1ed9 Kit EasySep\u2122 Ch\u1ecdn L\u1ecdc D\u01b0\u01a1ng T\u00ednh T\u1ebf B\u00e0o CD138 C\u1ee7a Ng\u01b0\u1eddi\"},{\"@type\":\"BreadcrumbList\",\"@id\":\"https:\/\/biogroupvietnam.com\/vi\/san-pham\/easysep-human-cd138-positive-selection-kit-ii\/#breadcrumb\",\"itemListElement\":[{\"@type\":\"ListItem\",\"position\":1,\"name\":\"Trang ch\u1ee7\",\"item\":\"https:\/\/biogroupvietnam.com\/vi\/\"},{\"@type\":\"ListItem\",\"position\":2,\"name\":\"S\u1ea3n ph\u1ea9m\",\"item\":\"https:\/\/biogroupvietnam.com\/vi\/san-pham\/\"},{\"@type\":\"ListItem\",\"position\":3,\"name\":\"X\u1eed L\u00fd T\u1ebf B\u00e0o\",\"item\":\"https:\/\/biogroupvietnam.com\/vi\/danh-muc-san-pham\/xu-ly-te-bao\/\"},{\"@type\":\"ListItem\",\"position\":4,\"name\":\"Ph\u00e2n L\u1eadp T\u1ebf B\u00e0o\",\"item\":\"https:\/\/biogroupvietnam.com\/vi\/danh-muc-san-pham\/phan-lap-te-bao\/\"},{\"@type\":\"ListItem\",\"position\":5,\"name\":\"B\u1ed9 Kit EasySep\u2122 Ch\u1ecdn L\u1ecdc D\u01b0\u01a1ng T\u00ednh T\u1ebf B\u00e0o CD138 C\u1ee7a Ng\u01b0\u1eddi\"}]},{\"@type\":\"WebSite\",\"@id\":\"https:\/\/biogroupvietnam.com\/vi\/#website\",\"url\":\"https:\/\/biogroupvietnam.com\/vi\/\",\"name\":\"Biogroup Vietnam\",\"description\":\"Biogroup Vietnam cung c\u1ea5p d\u1ecbch v\u1ee5 k\u1ef9 thu\u1eadt c\u00f9ng thi\u1ebft b\u1ecb, v\u1eadt t\u01b0, h\u00f3a ch\u1ea5t v\u00e0 gi\u1ea3i ph\u00e1p sinh h\u1ecdc cho ph\u00f2ng th\u00ed nghi\u1ec7m c\u00f4ng ngh\u1ec7 sinh h\u1ecdc, y sinh v\u00e0 y h\u1ecdc t\u00e1i t\u1ea1o.\",\"potentialAction\":[{\"@type\":\"SearchAction\",\"target\":{\"@type\":\"EntryPoint\",\"urlTemplate\":\"https:\/\/biogroupvietnam.com\/vi\/?s={search_term_string}\"},\"query-input\":{\"@type\":\"PropertyValueSpecification\",\"valueRequired\":true,\"valueName\":\"search_term_string\"}}],\"inLanguage\":\"vi\"}]}<\/script>\n<!-- \/ Yoast SEO plugin. -->","yoast_head_json":{"title":"B\u1ed9 EasySep\u2122 Ch\u1ecdn L\u1ecdc D\u01b0\u01a1ng T\u00ednh T\u1ebf B\u00e0o CD138 C\u1ee7a Ng\u01b0\u1eddi","description":"B\u1ed9 kit ph\u00e2n l\u1eadp t\u1ebf b\u00e0o CD138 t\u1eeb t\u1ee7y x\u01b0\u01a1ng ho\u1eb7c c\u00e1c t\u1ebf b\u00e0o \u0111\u01a1n nh\u00e2n m\u00e1u ngo\u1ea1i vi t\u01b0\u01a1i ho\u1eb7c \u0111\u00f4ng l\u1ea1nh d\u01b0\u01a1ng t\u00ednh b\u1eb1ng ph\u01b0\u01a1ng ph\u00e1p ch\u1ecdn l\u1ecdc t\u1eeb t\u00ednh mi\u1ec5n d\u1ecbch.","robots":{"index":"index","follow":"follow","max-snippet":"max-snippet:-1","max-image-preview":"max-image-preview:large","max-video-preview":"max-video-preview:-1"},"canonical":"https:\/\/biogroupvietnam.com\/vi\/san-pham\/easysep-human-cd138-positive-selection-kit-ii\/","og_locale":"vi_VN","og_type":"article","og_title":"B\u1ed9 EasySep\u2122 Ch\u1ecdn L\u1ecdc D\u01b0\u01a1ng T\u00ednh T\u1ebf B\u00e0o CD138 C\u1ee7a Ng\u01b0\u1eddi","og_description":"B\u1ed9 kit ph\u00e2n l\u1eadp t\u1ebf b\u00e0o CD138 t\u1eeb t\u1ee7y x\u01b0\u01a1ng ho\u1eb7c c\u00e1c t\u1ebf b\u00e0o \u0111\u01a1n nh\u00e2n m\u00e1u ngo\u1ea1i vi t\u01b0\u01a1i ho\u1eb7c \u0111\u00f4ng l\u1ea1nh d\u01b0\u01a1ng t\u00ednh b\u1eb1ng ph\u01b0\u01a1ng ph\u00e1p ch\u1ecdn l\u1ecdc t\u1eeb t\u00ednh mi\u1ec5n d\u1ecbch.","og_url":"https:\/\/biogroupvietnam.com\/vi\/san-pham\/easysep-human-cd138-positive-selection-kit-ii\/","og_site_name":"Biogroup Vietnam","article_modified_time":"2026-04-02T07:41:10+00:00","og_image":[{"width":1640,"height":1260,"url":"https:\/\/biogroupvietnam.com\/wp-content\/uploads\/2025\/08\/bo-kit-easysep-chon-loc-duong-tinh-te-bao-cd138-cua-nguoi.jpg","type":"image\/jpeg"}],"twitter_card":"summary_large_image","twitter_misc":{"\u01af\u1edbc t\u00ednh th\u1eddi gian \u0111\u1ecdc":"4 ph\u00fat"},"schema":{"@context":"https:\/\/schema.org","@graph":[{"@type":"WebPage","@id":"https:\/\/biogroupvietnam.com\/vi\/san-pham\/easysep-human-cd138-positive-selection-kit-ii\/","url":"https:\/\/biogroupvietnam.com\/vi\/san-pham\/easysep-human-cd138-positive-selection-kit-ii\/","name":"B\u1ed9 EasySep\u2122 Ch\u1ecdn L\u1ecdc D\u01b0\u01a1ng T\u00ednh T\u1ebf B\u00e0o CD138 C\u1ee7a Ng\u01b0\u1eddi","isPartOf":{"@id":"https:\/\/biogroupvietnam.com\/vi\/#website"},"primaryImageOfPage":{"@id":"https:\/\/biogroupvietnam.com\/vi\/san-pham\/easysep-human-cd138-positive-selection-kit-ii\/#primaryimage"},"image":{"@id":"https:\/\/biogroupvietnam.com\/vi\/san-pham\/easysep-human-cd138-positive-selection-kit-ii\/#primaryimage"},"thumbnailUrl":"https:\/\/biogroupvietnam.com\/wp-content\/uploads\/2025\/08\/bo-kit-easysep-chon-loc-duong-tinh-te-bao-cd138-cua-nguoi.jpg","datePublished":"2025-08-18T12:54:40+00:00","dateModified":"2026-04-02T07:41:10+00:00","description":"B\u1ed9 kit ph\u00e2n l\u1eadp t\u1ebf b\u00e0o CD138 t\u1eeb t\u1ee7y x\u01b0\u01a1ng ho\u1eb7c c\u00e1c t\u1ebf b\u00e0o \u0111\u01a1n nh\u00e2n m\u00e1u ngo\u1ea1i vi t\u01b0\u01a1i ho\u1eb7c \u0111\u00f4ng l\u1ea1nh d\u01b0\u01a1ng t\u00ednh b\u1eb1ng ph\u01b0\u01a1ng ph\u00e1p ch\u1ecdn l\u1ecdc t\u1eeb t\u00ednh mi\u1ec5n d\u1ecbch.","breadcrumb":{"@id":"https:\/\/biogroupvietnam.com\/vi\/san-pham\/easysep-human-cd138-positive-selection-kit-ii\/#breadcrumb"},"inLanguage":"vi","potentialAction":[{"@type":"ReadAction","target":["https:\/\/biogroupvietnam.com\/vi\/san-pham\/easysep-human-cd138-positive-selection-kit-ii\/"]}]},{"@type":"ImageObject","inLanguage":"vi","@id":"https:\/\/biogroupvietnam.com\/vi\/san-pham\/easysep-human-cd138-positive-selection-kit-ii\/#primaryimage","url":"https:\/\/biogroupvietnam.com\/wp-content\/uploads\/2025\/08\/bo-kit-easysep-chon-loc-duong-tinh-te-bao-cd138-cua-nguoi.jpg","contentUrl":"https:\/\/biogroupvietnam.com\/wp-content\/uploads\/2025\/08\/bo-kit-easysep-chon-loc-duong-tinh-te-bao-cd138-cua-nguoi.jpg","width":1640,"height":1260,"caption":"B\u1ed9 Kit EasySep\u2122 Ch\u1ecdn L\u1ecdc D\u01b0\u01a1ng T\u00ednh T\u1ebf B\u00e0o CD138 C\u1ee7a Ng\u01b0\u1eddi"},{"@type":"BreadcrumbList","@id":"https:\/\/biogroupvietnam.com\/vi\/san-pham\/easysep-human-cd138-positive-selection-kit-ii\/#breadcrumb","itemListElement":[{"@type":"ListItem","position":1,"name":"Trang ch\u1ee7","item":"https:\/\/biogroupvietnam.com\/vi\/"},{"@type":"ListItem","position":2,"name":"S\u1ea3n ph\u1ea9m","item":"https:\/\/biogroupvietnam.com\/vi\/san-pham\/"},{"@type":"ListItem","position":3,"name":"X\u1eed L\u00fd T\u1ebf B\u00e0o","item":"https:\/\/biogroupvietnam.com\/vi\/danh-muc-san-pham\/xu-ly-te-bao\/"},{"@type":"ListItem","position":4,"name":"Ph\u00e2n L\u1eadp T\u1ebf B\u00e0o","item":"https:\/\/biogroupvietnam.com\/vi\/danh-muc-san-pham\/phan-lap-te-bao\/"},{"@type":"ListItem","position":5,"name":"B\u1ed9 Kit EasySep\u2122 Ch\u1ecdn L\u1ecdc D\u01b0\u01a1ng T\u00ednh T\u1ebf B\u00e0o CD138 C\u1ee7a Ng\u01b0\u1eddi"}]},{"@type":"WebSite","@id":"https:\/\/biogroupvietnam.com\/vi\/#website","url":"https:\/\/biogroupvietnam.com\/vi\/","name":"Biogroup Vietnam","description":"Biogroup Vietnam cung c\u1ea5p d\u1ecbch v\u1ee5 k\u1ef9 thu\u1eadt c\u00f9ng thi\u1ebft b\u1ecb, v\u1eadt t\u01b0, h\u00f3a ch\u1ea5t v\u00e0 gi\u1ea3i ph\u00e1p sinh h\u1ecdc cho ph\u00f2ng th\u00ed nghi\u1ec7m c\u00f4ng ngh\u1ec7 sinh h\u1ecdc, y sinh v\u00e0 y h\u1ecdc t\u00e1i t\u1ea1o.","potentialAction":[{"@type":"SearchAction","target":{"@type":"EntryPoint","urlTemplate":"https:\/\/biogroupvietnam.com\/vi\/?s={search_term_string}"},"query-input":{"@type":"PropertyValueSpecification","valueRequired":true,"valueName":"search_term_string"}}],"inLanguage":"vi"}]}},"_links":{"self":[{"href":"https:\/\/biogroupvietnam.com\/vi\/wp-json\/wp\/v2\/product\/3919","targetHints":{"allow":["GET"]}}],"collection":[{"href":"https:\/\/biogroupvietnam.com\/vi\/wp-json\/wp\/v2\/product"}],"about":[{"href":"https:\/\/biogroupvietnam.com\/vi\/wp-json\/wp\/v2\/types\/product"}],"replies":[{"embeddable":true,"href":"https:\/\/biogroupvietnam.com\/vi\/wp-json\/wp\/v2\/comments?post=3919"}],"version-history":[{"count":4,"href":"https:\/\/biogroupvietnam.com\/vi\/wp-json\/wp\/v2\/product\/3919\/revisions"}],"predecessor-version":[{"id":9785,"href":"https:\/\/biogroupvietnam.com\/vi\/wp-json\/wp\/v2\/product\/3919\/revisions\/9785"}],"wp:featuredmedia":[{"embeddable":true,"href":"https:\/\/biogroupvietnam.com\/vi\/wp-json\/wp\/v2\/media\/10152"}],"wp:attachment":[{"href":"https:\/\/biogroupvietnam.com\/vi\/wp-json\/wp\/v2\/media?parent=3919"}],"wp:term":[{"taxonomy":"product_brand","embeddable":true,"href":"https:\/\/biogroupvietnam.com\/vi\/wp-json\/wp\/v2\/product_brand?post=3919"},{"taxonomy":"product_cat","embeddable":true,"href":"https:\/\/biogroupvietnam.com\/vi\/wp-json\/wp\/v2\/product_cat?post=3919"},{"taxonomy":"product_tag","embeddable":true,"href":"https:\/\/biogroupvietnam.com\/vi\/wp-json\/wp\/v2\/product_tag?post=3919"}],"curies":[{"name":"wp","href":"https:\/\/api.w.org\/{rel}","templated":true}]}}