{"id":3921,"date":"2025-08-18T19:54:40","date_gmt":"2025-08-18T12:54:40","guid":{"rendered":"http:\/\/biogroupvietnam-worldpress.local\/product\/import-placeholder-for-176\/"},"modified":"2026-04-02T14:05:27","modified_gmt":"2026-04-02T07:05:27","slug":"easysep-direct-human-total-lymphocyte-isolation-kit","status":"publish","type":"product","link":"https:\/\/biogroupvietnam.com\/vi\/san-pham\/easysep-direct-human-total-lymphocyte-isolation-kit\/","title":{"rendered":"B\u1ed9 Kit Ch\u1ecdn L\u1ecdc Tr\u1ef1c Ti\u1ebfp T\u1ebf B\u00e0o Lympho T\u1ed5ng S\u1ed1 C\u1ee7a Ng\u01b0\u1eddi"},"content":{"rendered":"<p>B\u1ed9 kit ph\u00e2n l\u1eadp t\u1ebf b\u00e0o \u00e2m t\u00ednh t\u1eeb m\u00e1u to\u00e0n ph\u1ea7n b\u1eb1ng ph\u01b0\u01a1ng ph\u00e1p ch\u1ecdn l\u1ecdc t\u1eeb t\u00ednh mi\u1ec5n d\u1ecbch.<\/p>\n<h3><strong>T\u1ed5ng quan v\u1ec1\u00a0B\u1ed9 Kit Ch\u1ecdn L\u1ecdc Tr\u1ef1c Ti\u1ebfp T\u1ebf B\u00e0o Lympho T\u1ed5ng S\u1ed1 C\u1ee7a Ng\u01b0\u1eddi<\/strong><\/h3>\n<p>B\u1ed9 EasySep\u2122 Direct Human Total Lymphocyte Isolation Kit ph\u00e2n l\u1eadp c\u00e1c t\u1ebf b\u00e0o lympho v\u1edbi \u0111\u1ed9 tinh khi\u1ebft cao t\u1eeb c\u00e1c ngu\u1ed3n m\u1eabu nh\u01b0 m\u00e1u to\u00e0n ph\u1ea7n, l\u1edbp buffy coat, ho\u1eb7c l\u00e1 l\u00e1ch c\u1ee7a ng\u01b0\u1eddi b\u1eb1ng c\u00e1ch ch\u1ecdn l\u1ecdc \u00e2m t\u00ednh mi\u1ec5n d\u1ecbch. B\u1ed9 kit b\u1eaft v\u1edbi c\u00e1c t\u1ebf b\u00e0o kh\u00f4ng ph\u1ea3i t\u1ebf b\u00e0o lympho \u0111\u1ec3 lo\u1ea1i b\u1ecf b\u1eb1ng c\u00e1c d\u1ea5u \u1ea5n sinh h\u1ecdc tr\u00ean b\u1ec1 m\u1eb7t t\u1ebf b\u00e0o. C\u00e1c t\u1ebf b\u00e0o kh\u00f4ng mong mu\u1ed1n \u0111\u01b0\u1ee3c g\u1eafn v\u1edbi kh\u00e1ng th\u1ec3 v\u00e0 EasySepTM Direct RapidSpheresTM v\u00e0 ph\u00e2n t\u00e1ch b\u1eb1ng nam ch\u00e2m EasySepTM. C\u00e1c t\u1ebf b\u00e0o mong mu\u1ed1n \u0111\u01b0\u1ee3c thu th\u1eadp v\u00e0o m\u1ed9t \u1ed1ng m\u1edbi v\u00e0 c\u00f3 th\u1ec3 s\u1eb5n s\u00e0ng cho c\u00e1c \u1ee9ng d\u1ee5ng ti\u1ebfp theo nh\u01b0 t\u1ebf b\u00e0o, nu\u00f4i c\u1ea5y, ho\u1eb7c t\u00e1ch chi\u1ebft DNA\/RNA.<\/p>\n<h3><strong>\u01afu \u0111i\u1ec3m c\u1ee7a\u00a0B\u1ed9 Kit Ch\u1ecdn L\u1ecdc Tr\u1ef1c Ti\u1ebfp T\u1ebf B\u00e0o Lympho T\u1ed5ng S\u1ed1 C\u1ee7a Ng\u01b0\u1eddi<\/strong><\/h3>\n<ul>\n<li>&gt; 99,9% t\u1ebf b\u00e0o h\u1ed3ng c\u1ea7u \u0111\u01b0\u1ee3c lo\u1ea1i b\u1ecf m\u00e0 kh\u00f4ng ly t\u00e2m m\u00f4i tr\u01b0\u1eddng gradient t\u1ec9 tr\u1ecdng, l\u1eafng ho\u1eb7c ly gi\u1ea3i<\/li>\n<li>Nhanh, d\u1ec5 s\u1eed d\u1ee5ng, kh\u00f4ng c\u1ea7n s\u1eed d\u1ee5ng c\u1ed9t<\/li>\n<li>\u0110\u1ed9 tinh s\u1ea1ch l\u00ean \u0111\u1ebfn 96%<\/li>\n<li>T\u1ebf b\u00e0o m\u1ee5c ti\u00eau kh\u00f4ng b\u1ecb \u1ea3nh h\u01b0\u1edfng<\/li>\n<\/ul>\n<h3><strong>Th\u00e0nh ph\u1ea7n\u00a0c\u1ee7a\u00a0B\u1ed9 Kit Ch\u1ecdn L\u1ecdc Tr\u1ef1c Ti\u1ebfp T\u1ebf B\u00e0o Lympho T\u1ed5ng S\u1ed1 C\u1ee7a Ng\u01b0\u1eddi<\/strong><\/h3>\n<p><strong>B\u1ed9 kit EasySep\u2122 Direct Human Total Lymphocyte Isolation (Catalog #19655)<\/strong><\/p>\n<figure class=\"table\">\n<table>\n<tbody>\n<tr>\n<td>\n<p style=\"text-align: center;\"><strong>T\u00ean th\u00e0nh ph\u1ea7n<\/strong><\/p>\n<\/td>\n<td>\n<p style=\"text-align: center;\"><strong>Catalog #<\/strong><\/p>\n<\/td>\n<td>\n<p style=\"text-align: center;\"><strong>S\u1ed1 l\u01b0\u1ee3ng<\/strong><\/p>\n<\/td>\n<td>\n<p style=\"text-align: center;\"><strong>\u0110\u1ecbnh d\u1ea1ng<\/strong><\/p>\n<\/td>\n<\/tr>\n<tr>\n<td>EasySep\u2122 Direct Human Total Lymphocyte Isolation cocktail<\/td>\n<td>\n<p style=\"text-align: center;\">19655C<\/p>\n<\/td>\n<td>\n<p style=\"text-align: center;\">2 x 2.5 mL<\/p>\n<\/td>\n<td>H\u1ed7n h\u1ee3p kh\u00e1ng th\u1ec3 \u0111\u01a1n d\u00f2ng trong PBS<\/td>\n<\/tr>\n<tr>\n<td>EasySep\u2122 Direct<\/p>\n<p>RapidSpheres\u2122 50300<\/td>\n<td>\n<p style=\"text-align: center;\">50300<\/p>\n<\/td>\n<td>\n<p style=\"text-align: center;\">4 x 2.5 mL<\/p>\n<\/td>\n<td>C\u00e1c h\u1ea1t t\u1eeb v\u00e0 kh\u00e1ng th\u1ec3 \u0111\u01a1n d\u00f2ng huy\u1ec1n ph\u00f9 trong PBS<\/td>\n<\/tr>\n<\/tbody>\n<\/table>\n<\/figure>\n<p><strong>B\u1ed9 kit EasySep\u2122 Direct Human Total Lymphocyte Isolation d\u00f9ng cho thi\u1ebft b\u1ecb RoboSepTM (Catalog #19655RF)<\/strong><\/p>\n<figure class=\"table\">\n<table>\n<tbody>\n<tr>\n<td>\n<p style=\"text-align: center;\"><strong>T\u00ean th\u00e0nh ph\u1ea7n<\/strong><\/p>\n<\/td>\n<td>\n<p style=\"text-align: center;\"><strong>Catalog #<\/strong><\/p>\n<\/td>\n<td>\n<p style=\"text-align: center;\"><strong>S\u1ed1 l\u01b0\u1ee3ng<\/strong><\/p>\n<\/td>\n<td>\n<p style=\"text-align: center;\"><strong>\u0110\u1ecbnh d\u1ea1ng<\/strong><\/p>\n<\/td>\n<\/tr>\n<tr>\n<td>EasySep\u2122 Direct Human Total Lymphocyte Isolation cocktail<\/td>\n<td>\n<p style=\"text-align: center;\">19655CRF<\/p>\n<\/td>\n<td>\n<p style=\"text-align: center;\">4 x 1.25 mL<\/p>\n<\/td>\n<td>H\u1ed7n h\u1ee3p kh\u00e1ng th\u1ec3 \u0111\u01a1n d\u00f2ng trong PBS<\/td>\n<\/tr>\n<tr>\n<td>EasySep\u2122 Direct<\/p>\n<p>RapidSpheres\u2122 50301<\/td>\n<td>\n<p style=\"text-align: center;\">50301<\/p>\n<\/td>\n<td>\n<p style=\"text-align: center;\">8 x 1.25 mL<\/p>\n<\/td>\n<td>C\u00e1c h\u1ea1t t\u1eeb v\u00e0 kh\u00e1ng th\u1ec3 \u0111\u01a1n d\u00f2ng huy\u1ec1n ph\u00f9 trong PBS<\/td>\n<\/tr>\n<\/tbody>\n<\/table>\n<\/figure>\n<h3><strong>B\u1ea3o qu\u1ea3n v\u00e0 l\u01b0u tr\u1eef:<\/strong><\/h3>\n<p>B\u1ea3o qu\u1ea3n \u1edf 2 &#8211; 8oC.<\/p>\n<p>Ng\u00e0y h\u1ebft h\u1ea1n \u0111\u01b0\u1ee3c ghi tr\u00ean nh\u00e3n h\u1ed9p.<\/p>\n<p><i>L\u01b0u \u00fd: <\/i>C\u00e1c th\u00e0nh ph\u1ea7n c\u00f3 th\u1ec3 \u0111\u01b0\u1ee3c v\u1eadn chuy\u1ec3n \u1edf nhi\u1ec7t \u0111\u1ed9 ph\u00f2ng (15 \u2013 25oC) nh\u01b0ng ph\u1ea3i \u0111\u01b0\u1ee3c b\u1ea3o qu\u1ea3n \u1edf 2 &#8211; 8oC nh\u01b0 ch\u1ec9 d\u1eabn \u1edf tr\u00ean. Kh\u00f4ng \u0111\u00f4ng l\u1ea1nh m\u1eabu.<\/p>\n<h3><strong>\u1ee8ng d\u1ee5ng<\/strong><\/h3>\n<p>B\u1ed9 kit \u0111\u01b0\u1ee3c thi\u1ebft k\u1ebf \u0111\u1ec3 s\u1eed d\u1ee5ng cho vi\u1ec7c ph\u00e2n l\u1eadp t\u1ebf b\u00e0o trong c\u00e1c l\u0129nh v\u1ef1c nh\u01b0 nghi\u00ean c\u1ee9u t\u1ed5ng s\u1ed1 t\u1ebf b\u00e0o Lympho, ph\u00e2n t\u00edch HLA.<\/p>\n<h3><strong>D\u1eef li\u1ec7u<\/strong><\/h3>\n<h3 style=\"text-align: center;\"><img fetchpriority=\"high\" decoding=\"async\" src=\"https:\/\/biogroupvietnam.com\/uploads\/Xq4QoxZn5G6UciE7Jee3zhBmMTpf05DfSl1D2sTO.png\" alt=\"\" width=\"865\" height=\"220\" \/><\/h3>\n<p>M\u1eabu s\u1eed d\u1ee5ng l\u00e0 m\u00e1u to\u00e0n ph\u1ea7n c\u1ee7a ng\u01b0\u1eddi hi\u1ebfn kh\u1ecfe m\u1ea1nh, t\u1ed5ng s\u1ed1 t\u1ebf b\u00e0o lympho (CD3-CD19+ v\u00e0 CD3+) trong ph\u00e2n \u0111o\u1ea1n cu\u1ed1i c\u00f9ng kh\u00f4ng ly gi\u1ea3i h\u1ed3ng c\u1ea7u l\u00e0 96,7 \u00b1 1,5% (ch\u1ecdn v\u00f9ng CD45) ho\u1eb7c 95,8 \u00b1 2,2% (kh\u00f4ng ch\u1ecdn v\u00f9ng tr\u00ean CD45). Trong v\u00ed d\u1ee5 tr\u00ean, t\u1ed5ng s\u1ed1 t\u1ebf b\u00e0o lympho (CD3-CD19+ v\u00e0 CD3+) c\u1ee7a m\u1eabu m\u00e1u to\u00e0n ph\u1ea7n ban \u0111\u1ea7u ly gi\u1ea3i h\u1ed3ng c\u1ea7u v\u00e0 m\u1eabu ph\u00e2n l\u1eadp kh\u00f4ng ly gi\u1ea3i h\u1ed3ng c\u1ea7u l\u00e0 30,5% v\u00e0 93,2% (ch\u1ecdn v\u00f9ng CD45), v\u1edbi kh\u00f4ng ch\u1ecdn v\u00f9ng tr\u00ean CD45 l\u00e0 30,2% v\u00e0 93,0%. T\u1ea7n su\u1ea5t ban \u0111\u1ea7u c\u1ee7a t\u1ed5ng s\u1ed1 t\u1ebf b\u00e0o lympho trong m\u1eabu m\u00e1u to\u00e0n ph\u1ea7n ban \u0111\u1ea7u kh\u00f4ng ly gi\u1ea3i \u1edf tr\u00ean l\u00e0 0,055% (d\u1eef li\u1ec7u kh\u00f4ng hi\u1ec3n th\u1ecb).<\/p>\n<h3><strong>Kh\u1ea3 n\u0103ng t\u01b0\u01a1ng th\u00edch d\u1ee5ng c\u1ee5 t\u1eeb t\u00ednh<\/strong><\/h3>\n<ul>\n<li><a href=\"https:\/\/biogroupvietnam.com\/vi\/products\/nghien-cuu-sinh-hoc\/phan-lap-te-bao\/easysep-magnet.html\">EasySep\u2122 Magnet<\/a> (Catalog #18000)<\/li>\n<li><a href=\"https:\/\/biogroupvietnam.com\/vi\/products\/nghien-cuu-sinh-hoc\/phan-lap-te-bao\/the-big-easy-easysep-magnet.html\">\u201cThe Big Easy\u201d EasySep\u2122 Magnet <\/a>(Catalog #18001)<\/li>\n<li>Easy 50 EasySepTM Magnet (Catalog #18002)<\/li>\n<li>EasyEights\u2122 EasySep\u2122 Magnet (Catalog #18103)<\/li>\n<li><a href=\"https:\/\/biogroupvietnam.com\/vi\/products\/nghien-cuu-sinh-hoc\/phan-lap-te-bao\/robosep-s.html\">RoboSep\u2122-S<\/a> (Catalog #21000)<\/li>\n<\/ul>\n<h3><strong>Th\u00f4ng tin \u0111\u1eb7t h\u00e0ng<\/strong><\/h3>\n<p>B\u1ed9 kit ch\u1ecdn l\u1ecdc tr\u1ef1c ti\u1ebfp t\u1ebf b\u00e0o Lympho t\u1ed5ng s\u1ed1 c\u1ee7a ng\u01b0\u1eddi bao g\u1ed3m:<\/p>\n<p>Catalog #19655: X\u1eed l\u00fd\u00a0100 mL m\u00e1u to\u00e0n ph\u1ea7n, s\u1eed d\u1ee5ng d\u1ee5ng c\u1ee5 t\u1eeb t\u00ednh\u00a0EasySepTM<\/p>\n<p>Catalog #19655RF: X\u1eed l\u00fd\u00a0100 mL m\u00e1u to\u00e0n ph\u1ea7n, s\u1eed d\u1ee5ng thi\u1ebft b\u1ecb ph\u00e2n l\u1eadp\u00a0t\u1ebf b\u00e0o t\u1ef1 \u0111\u1ed9ng RoboSepTM<\/p>\n<p><strong>T\u00f9y ch\u1ecdn b\u1ed5 sung:<\/strong><\/p>\n<p>Dung d\u1ecbch \u0111\u1ec7m &#8220;EasySep\u2122 Buffer&#8221;, 1L, Catalog #20144<\/p>\n<p>Dung d\u1ecbch \u0111\u1ec7m RoboSepTM Buffer 1X, 250 mL, Catalog #20104<\/p>\n<p>Dung d\u1ecbch \u0111\u1ec7m D-PBS (kh\u00f4ng ch\u1ee9a Ca2+ \u00adv\u00e0 Mg2+), 1X, 500 mL, Catalog #37350<\/p>\n","protected":false},"excerpt":{"rendered":"<p>B\u1ed9 kit ph\u00e2n l\u1eadp t\u1ebf b\u00e0o \u00e2m t\u00ednh t\u1eeb m\u00e1u to\u00e0n ph\u1ea7n b\u1eb1ng ph\u01b0\u01a1ng ph\u00e1p ch\u1ecdn l\u1ecdc t\u1eeb t\u00ednh mi\u1ec5n d\u1ecbch. T\u1ed5ng quan v\u1ec1\u00a0B\u1ed9 Kit Ch\u1ecdn L\u1ecdc Tr\u1ef1c Ti\u1ebfp T\u1ebf B\u00e0o Lympho T\u1ed5ng S\u1ed1 C\u1ee7a Ng\u01b0\u1eddi B\u1ed9 EasySep\u2122 Direct Human Total Lymphocyte Isolation Kit ph\u00e2n l\u1eadp c\u00e1c t\u1ebf b\u00e0o lympho v\u1edbi \u0111\u1ed9 tinh khi\u1ebft cao<\/p>\n<div class=\"klb-readmore post-buttons\"><a class=\"button rounded primary\" href=\"https:\/\/biogroupvietnam.com\/vi\/san-pham\/easysep-direct-human-total-lymphocyte-isolation-kit\/\">Read More <i class=\"klbth-icon-right-arrow\"><\/i><\/a><\/div>\n","protected":false},"featured_media":10149,"comment_status":"closed","ping_status":"closed","template":"","meta":{"_acf_changed":false},"product_brand":[127],"product_cat":[115],"product_tag":[],"class_list":{"0":"post-3921","1":"product","2":"type-product","3":"status-publish","4":"has-post-thumbnail","6":"product_brand-stemcell-technologies","7":"product_cat-phan-lap-te-bao","9":"first","10":"outofstock","11":"shipping-taxable","12":"product-type-simple"},"acf":[],"yoast_head":"<!-- This site is optimized with the Yoast SEO plugin v26.8 - https:\/\/yoast.com\/product\/yoast-seo-wordpress\/ -->\n<title>B\u1ed9 Kit Ch\u1ecdn L\u1ecdc Tr\u1ef1c Ti\u1ebfp T\u1ebf B\u00e0o Lympho T\u1ed5ng S\u1ed1 C\u1ee7a Ng\u01b0\u1eddi<\/title>\n<meta name=\"description\" content=\"B\u1ed9 EasySep\u2122 Direct Human Total Lymphocyte Isolation Kit ph\u00e2n l\u1eadp t\u1ebf b\u00e0o \u00e2m t\u00ednh t\u1eeb m\u00e1u to\u00e0n ph\u1ea7n b\u1eb1ng ph\u01b0\u01a1ng ph\u00e1p ch\u1ecdn l\u1ecdc t\u1eeb t\u00ednh mi\u1ec5n d\u1ecbch.\" \/>\n<meta name=\"robots\" content=\"index, follow, max-snippet:-1, max-image-preview:large, max-video-preview:-1\" \/>\n<link rel=\"canonical\" href=\"https:\/\/biogroupvietnam.com\/vi\/san-pham\/easysep-direct-human-total-lymphocyte-isolation-kit\/\" \/>\n<meta property=\"og:locale\" content=\"vi_VN\" \/>\n<meta property=\"og:type\" content=\"article\" \/>\n<meta property=\"og:title\" content=\"B\u1ed9 Kit Ch\u1ecdn L\u1ecdc Tr\u1ef1c Ti\u1ebfp T\u1ebf B\u00e0o Lympho T\u1ed5ng S\u1ed1 C\u1ee7a Ng\u01b0\u1eddi\" \/>\n<meta property=\"og:description\" content=\"B\u1ed9 EasySep\u2122 Direct Human Total Lymphocyte Isolation Kit ph\u00e2n l\u1eadp t\u1ebf b\u00e0o \u00e2m t\u00ednh t\u1eeb m\u00e1u to\u00e0n ph\u1ea7n b\u1eb1ng ph\u01b0\u01a1ng ph\u00e1p ch\u1ecdn l\u1ecdc t\u1eeb t\u00ednh mi\u1ec5n d\u1ecbch.\" \/>\n<meta property=\"og:url\" content=\"https:\/\/biogroupvietnam.com\/vi\/san-pham\/easysep-direct-human-total-lymphocyte-isolation-kit\/\" \/>\n<meta property=\"og:site_name\" content=\"Biogroup Vietnam\" \/>\n<meta property=\"article:modified_time\" content=\"2026-04-02T07:05:27+00:00\" \/>\n<meta property=\"og:image\" content=\"https:\/\/biogroupvietnam.com\/wp-content\/uploads\/2025\/08\/bo-kit-chon-loc-truc-tiep-te-bao-lympho-tong-so-cua-nguoi.jpg\" \/>\n\t<meta property=\"og:image:width\" content=\"1640\" \/>\n\t<meta property=\"og:image:height\" content=\"1260\" \/>\n\t<meta property=\"og:image:type\" content=\"image\/jpeg\" \/>\n<meta name=\"twitter:card\" content=\"summary_large_image\" \/>\n<meta name=\"twitter:label1\" content=\"\u01af\u1edbc t\u00ednh th\u1eddi gian \u0111\u1ecdc\" \/>\n\t<meta name=\"twitter:data1\" content=\"5 ph\u00fat\" \/>\n<script type=\"application\/ld+json\" class=\"yoast-schema-graph\">{\"@context\":\"https:\/\/schema.org\",\"@graph\":[{\"@type\":\"WebPage\",\"@id\":\"https:\/\/biogroupvietnam.com\/vi\/san-pham\/easysep-direct-human-total-lymphocyte-isolation-kit\/\",\"url\":\"https:\/\/biogroupvietnam.com\/vi\/san-pham\/easysep-direct-human-total-lymphocyte-isolation-kit\/\",\"name\":\"B\u1ed9 Kit Ch\u1ecdn L\u1ecdc Tr\u1ef1c Ti\u1ebfp T\u1ebf B\u00e0o Lympho T\u1ed5ng S\u1ed1 C\u1ee7a Ng\u01b0\u1eddi\",\"isPartOf\":{\"@id\":\"https:\/\/biogroupvietnam.com\/vi\/#website\"},\"primaryImageOfPage\":{\"@id\":\"https:\/\/biogroupvietnam.com\/vi\/san-pham\/easysep-direct-human-total-lymphocyte-isolation-kit\/#primaryimage\"},\"image\":{\"@id\":\"https:\/\/biogroupvietnam.com\/vi\/san-pham\/easysep-direct-human-total-lymphocyte-isolation-kit\/#primaryimage\"},\"thumbnailUrl\":\"https:\/\/biogroupvietnam.com\/wp-content\/uploads\/2025\/08\/bo-kit-chon-loc-truc-tiep-te-bao-lympho-tong-so-cua-nguoi.jpg\",\"datePublished\":\"2025-08-18T12:54:40+00:00\",\"dateModified\":\"2026-04-02T07:05:27+00:00\",\"description\":\"B\u1ed9 EasySep\u2122 Direct Human Total Lymphocyte Isolation Kit ph\u00e2n l\u1eadp t\u1ebf b\u00e0o \u00e2m t\u00ednh t\u1eeb m\u00e1u to\u00e0n ph\u1ea7n b\u1eb1ng ph\u01b0\u01a1ng ph\u00e1p ch\u1ecdn l\u1ecdc t\u1eeb t\u00ednh mi\u1ec5n d\u1ecbch.\",\"breadcrumb\":{\"@id\":\"https:\/\/biogroupvietnam.com\/vi\/san-pham\/easysep-direct-human-total-lymphocyte-isolation-kit\/#breadcrumb\"},\"inLanguage\":\"vi\",\"potentialAction\":[{\"@type\":\"ReadAction\",\"target\":[\"https:\/\/biogroupvietnam.com\/vi\/san-pham\/easysep-direct-human-total-lymphocyte-isolation-kit\/\"]}]},{\"@type\":\"ImageObject\",\"inLanguage\":\"vi\",\"@id\":\"https:\/\/biogroupvietnam.com\/vi\/san-pham\/easysep-direct-human-total-lymphocyte-isolation-kit\/#primaryimage\",\"url\":\"https:\/\/biogroupvietnam.com\/wp-content\/uploads\/2025\/08\/bo-kit-chon-loc-truc-tiep-te-bao-lympho-tong-so-cua-nguoi.jpg\",\"contentUrl\":\"https:\/\/biogroupvietnam.com\/wp-content\/uploads\/2025\/08\/bo-kit-chon-loc-truc-tiep-te-bao-lympho-tong-so-cua-nguoi.jpg\",\"width\":1640,\"height\":1260,\"caption\":\"B\u1ed9 Kit Ch\u1ecdn L\u1ecdc Tr\u1ef1c Ti\u1ebfp T\u1ebf B\u00e0o Lympho T\u1ed5ng S\u1ed1 C\u1ee7a Ng\u01b0\u1eddi\"},{\"@type\":\"BreadcrumbList\",\"@id\":\"https:\/\/biogroupvietnam.com\/vi\/san-pham\/easysep-direct-human-total-lymphocyte-isolation-kit\/#breadcrumb\",\"itemListElement\":[{\"@type\":\"ListItem\",\"position\":1,\"name\":\"Trang ch\u1ee7\",\"item\":\"https:\/\/biogroupvietnam.com\/vi\/\"},{\"@type\":\"ListItem\",\"position\":2,\"name\":\"S\u1ea3n ph\u1ea9m\",\"item\":\"https:\/\/biogroupvietnam.com\/vi\/san-pham\/\"},{\"@type\":\"ListItem\",\"position\":3,\"name\":\"X\u1eed L\u00fd T\u1ebf B\u00e0o\",\"item\":\"https:\/\/biogroupvietnam.com\/vi\/danh-muc-san-pham\/xu-ly-te-bao\/\"},{\"@type\":\"ListItem\",\"position\":4,\"name\":\"Ph\u00e2n L\u1eadp T\u1ebf B\u00e0o\",\"item\":\"https:\/\/biogroupvietnam.com\/vi\/danh-muc-san-pham\/phan-lap-te-bao\/\"},{\"@type\":\"ListItem\",\"position\":5,\"name\":\"B\u1ed9 Kit Ch\u1ecdn L\u1ecdc Tr\u1ef1c Ti\u1ebfp T\u1ebf B\u00e0o Lympho T\u1ed5ng S\u1ed1 C\u1ee7a Ng\u01b0\u1eddi\"}]},{\"@type\":\"WebSite\",\"@id\":\"https:\/\/biogroupvietnam.com\/vi\/#website\",\"url\":\"https:\/\/biogroupvietnam.com\/vi\/\",\"name\":\"Biogroup Vietnam\",\"description\":\"Biogroup Vietnam cung c\u1ea5p d\u1ecbch v\u1ee5 k\u1ef9 thu\u1eadt c\u00f9ng thi\u1ebft b\u1ecb, v\u1eadt t\u01b0, h\u00f3a ch\u1ea5t v\u00e0 gi\u1ea3i ph\u00e1p sinh h\u1ecdc cho ph\u00f2ng th\u00ed nghi\u1ec7m c\u00f4ng ngh\u1ec7 sinh h\u1ecdc, y sinh v\u00e0 y h\u1ecdc t\u00e1i t\u1ea1o.\",\"potentialAction\":[{\"@type\":\"SearchAction\",\"target\":{\"@type\":\"EntryPoint\",\"urlTemplate\":\"https:\/\/biogroupvietnam.com\/vi\/?s={search_term_string}\"},\"query-input\":{\"@type\":\"PropertyValueSpecification\",\"valueRequired\":true,\"valueName\":\"search_term_string\"}}],\"inLanguage\":\"vi\"}]}<\/script>\n<!-- \/ Yoast SEO plugin. -->","yoast_head_json":{"title":"B\u1ed9 Kit Ch\u1ecdn L\u1ecdc Tr\u1ef1c Ti\u1ebfp T\u1ebf B\u00e0o Lympho T\u1ed5ng S\u1ed1 C\u1ee7a Ng\u01b0\u1eddi","description":"B\u1ed9 EasySep\u2122 Direct Human Total Lymphocyte Isolation Kit ph\u00e2n l\u1eadp t\u1ebf b\u00e0o \u00e2m t\u00ednh t\u1eeb m\u00e1u to\u00e0n ph\u1ea7n b\u1eb1ng ph\u01b0\u01a1ng ph\u00e1p ch\u1ecdn l\u1ecdc t\u1eeb t\u00ednh mi\u1ec5n d\u1ecbch.","robots":{"index":"index","follow":"follow","max-snippet":"max-snippet:-1","max-image-preview":"max-image-preview:large","max-video-preview":"max-video-preview:-1"},"canonical":"https:\/\/biogroupvietnam.com\/vi\/san-pham\/easysep-direct-human-total-lymphocyte-isolation-kit\/","og_locale":"vi_VN","og_type":"article","og_title":"B\u1ed9 Kit Ch\u1ecdn L\u1ecdc Tr\u1ef1c Ti\u1ebfp T\u1ebf B\u00e0o Lympho T\u1ed5ng S\u1ed1 C\u1ee7a Ng\u01b0\u1eddi","og_description":"B\u1ed9 EasySep\u2122 Direct Human Total Lymphocyte Isolation Kit ph\u00e2n l\u1eadp t\u1ebf b\u00e0o \u00e2m t\u00ednh t\u1eeb m\u00e1u to\u00e0n ph\u1ea7n b\u1eb1ng ph\u01b0\u01a1ng ph\u00e1p ch\u1ecdn l\u1ecdc t\u1eeb t\u00ednh mi\u1ec5n d\u1ecbch.","og_url":"https:\/\/biogroupvietnam.com\/vi\/san-pham\/easysep-direct-human-total-lymphocyte-isolation-kit\/","og_site_name":"Biogroup Vietnam","article_modified_time":"2026-04-02T07:05:27+00:00","og_image":[{"width":1640,"height":1260,"url":"https:\/\/biogroupvietnam.com\/wp-content\/uploads\/2025\/08\/bo-kit-chon-loc-truc-tiep-te-bao-lympho-tong-so-cua-nguoi.jpg","type":"image\/jpeg"}],"twitter_card":"summary_large_image","twitter_misc":{"\u01af\u1edbc t\u00ednh th\u1eddi gian \u0111\u1ecdc":"5 ph\u00fat"},"schema":{"@context":"https:\/\/schema.org","@graph":[{"@type":"WebPage","@id":"https:\/\/biogroupvietnam.com\/vi\/san-pham\/easysep-direct-human-total-lymphocyte-isolation-kit\/","url":"https:\/\/biogroupvietnam.com\/vi\/san-pham\/easysep-direct-human-total-lymphocyte-isolation-kit\/","name":"B\u1ed9 Kit Ch\u1ecdn L\u1ecdc Tr\u1ef1c Ti\u1ebfp T\u1ebf B\u00e0o Lympho T\u1ed5ng S\u1ed1 C\u1ee7a Ng\u01b0\u1eddi","isPartOf":{"@id":"https:\/\/biogroupvietnam.com\/vi\/#website"},"primaryImageOfPage":{"@id":"https:\/\/biogroupvietnam.com\/vi\/san-pham\/easysep-direct-human-total-lymphocyte-isolation-kit\/#primaryimage"},"image":{"@id":"https:\/\/biogroupvietnam.com\/vi\/san-pham\/easysep-direct-human-total-lymphocyte-isolation-kit\/#primaryimage"},"thumbnailUrl":"https:\/\/biogroupvietnam.com\/wp-content\/uploads\/2025\/08\/bo-kit-chon-loc-truc-tiep-te-bao-lympho-tong-so-cua-nguoi.jpg","datePublished":"2025-08-18T12:54:40+00:00","dateModified":"2026-04-02T07:05:27+00:00","description":"B\u1ed9 EasySep\u2122 Direct Human Total Lymphocyte Isolation Kit ph\u00e2n l\u1eadp t\u1ebf b\u00e0o \u00e2m t\u00ednh t\u1eeb m\u00e1u to\u00e0n ph\u1ea7n b\u1eb1ng ph\u01b0\u01a1ng ph\u00e1p ch\u1ecdn l\u1ecdc t\u1eeb t\u00ednh mi\u1ec5n d\u1ecbch.","breadcrumb":{"@id":"https:\/\/biogroupvietnam.com\/vi\/san-pham\/easysep-direct-human-total-lymphocyte-isolation-kit\/#breadcrumb"},"inLanguage":"vi","potentialAction":[{"@type":"ReadAction","target":["https:\/\/biogroupvietnam.com\/vi\/san-pham\/easysep-direct-human-total-lymphocyte-isolation-kit\/"]}]},{"@type":"ImageObject","inLanguage":"vi","@id":"https:\/\/biogroupvietnam.com\/vi\/san-pham\/easysep-direct-human-total-lymphocyte-isolation-kit\/#primaryimage","url":"https:\/\/biogroupvietnam.com\/wp-content\/uploads\/2025\/08\/bo-kit-chon-loc-truc-tiep-te-bao-lympho-tong-so-cua-nguoi.jpg","contentUrl":"https:\/\/biogroupvietnam.com\/wp-content\/uploads\/2025\/08\/bo-kit-chon-loc-truc-tiep-te-bao-lympho-tong-so-cua-nguoi.jpg","width":1640,"height":1260,"caption":"B\u1ed9 Kit Ch\u1ecdn L\u1ecdc Tr\u1ef1c Ti\u1ebfp T\u1ebf B\u00e0o Lympho T\u1ed5ng S\u1ed1 C\u1ee7a Ng\u01b0\u1eddi"},{"@type":"BreadcrumbList","@id":"https:\/\/biogroupvietnam.com\/vi\/san-pham\/easysep-direct-human-total-lymphocyte-isolation-kit\/#breadcrumb","itemListElement":[{"@type":"ListItem","position":1,"name":"Trang ch\u1ee7","item":"https:\/\/biogroupvietnam.com\/vi\/"},{"@type":"ListItem","position":2,"name":"S\u1ea3n ph\u1ea9m","item":"https:\/\/biogroupvietnam.com\/vi\/san-pham\/"},{"@type":"ListItem","position":3,"name":"X\u1eed L\u00fd T\u1ebf B\u00e0o","item":"https:\/\/biogroupvietnam.com\/vi\/danh-muc-san-pham\/xu-ly-te-bao\/"},{"@type":"ListItem","position":4,"name":"Ph\u00e2n L\u1eadp T\u1ebf B\u00e0o","item":"https:\/\/biogroupvietnam.com\/vi\/danh-muc-san-pham\/phan-lap-te-bao\/"},{"@type":"ListItem","position":5,"name":"B\u1ed9 Kit Ch\u1ecdn L\u1ecdc Tr\u1ef1c Ti\u1ebfp T\u1ebf B\u00e0o Lympho T\u1ed5ng S\u1ed1 C\u1ee7a Ng\u01b0\u1eddi"}]},{"@type":"WebSite","@id":"https:\/\/biogroupvietnam.com\/vi\/#website","url":"https:\/\/biogroupvietnam.com\/vi\/","name":"Biogroup Vietnam","description":"Biogroup Vietnam cung c\u1ea5p d\u1ecbch v\u1ee5 k\u1ef9 thu\u1eadt c\u00f9ng thi\u1ebft b\u1ecb, v\u1eadt t\u01b0, h\u00f3a ch\u1ea5t v\u00e0 gi\u1ea3i ph\u00e1p sinh h\u1ecdc cho ph\u00f2ng th\u00ed nghi\u1ec7m c\u00f4ng ngh\u1ec7 sinh h\u1ecdc, y sinh v\u00e0 y h\u1ecdc t\u00e1i t\u1ea1o.","potentialAction":[{"@type":"SearchAction","target":{"@type":"EntryPoint","urlTemplate":"https:\/\/biogroupvietnam.com\/vi\/?s={search_term_string}"},"query-input":{"@type":"PropertyValueSpecification","valueRequired":true,"valueName":"search_term_string"}}],"inLanguage":"vi"}]}},"_links":{"self":[{"href":"https:\/\/biogroupvietnam.com\/vi\/wp-json\/wp\/v2\/product\/3921","targetHints":{"allow":["GET"]}}],"collection":[{"href":"https:\/\/biogroupvietnam.com\/vi\/wp-json\/wp\/v2\/product"}],"about":[{"href":"https:\/\/biogroupvietnam.com\/vi\/wp-json\/wp\/v2\/types\/product"}],"replies":[{"embeddable":true,"href":"https:\/\/biogroupvietnam.com\/vi\/wp-json\/wp\/v2\/comments?post=3921"}],"version-history":[{"count":5,"href":"https:\/\/biogroupvietnam.com\/vi\/wp-json\/wp\/v2\/product\/3921\/revisions"}],"predecessor-version":[{"id":10150,"href":"https:\/\/biogroupvietnam.com\/vi\/wp-json\/wp\/v2\/product\/3921\/revisions\/10150"}],"wp:featuredmedia":[{"embeddable":true,"href":"https:\/\/biogroupvietnam.com\/vi\/wp-json\/wp\/v2\/media\/10149"}],"wp:attachment":[{"href":"https:\/\/biogroupvietnam.com\/vi\/wp-json\/wp\/v2\/media?parent=3921"}],"wp:term":[{"taxonomy":"product_brand","embeddable":true,"href":"https:\/\/biogroupvietnam.com\/vi\/wp-json\/wp\/v2\/product_brand?post=3921"},{"taxonomy":"product_cat","embeddable":true,"href":"https:\/\/biogroupvietnam.com\/vi\/wp-json\/wp\/v2\/product_cat?post=3921"},{"taxonomy":"product_tag","embeddable":true,"href":"https:\/\/biogroupvietnam.com\/vi\/wp-json\/wp\/v2\/product_tag?post=3921"}],"curies":[{"name":"wp","href":"https:\/\/api.w.org\/{rel}","templated":true}]}}