{"id":3925,"date":"2025-08-18T19:54:41","date_gmt":"2025-08-18T12:54:41","guid":{"rendered":"http:\/\/biogroupvietnam-worldpress.local\/product\/import-placeholder-for-180\/"},"modified":"2025-10-02T14:33:22","modified_gmt":"2025-10-02T07:33:22","slug":"hettich-rotina-380-r","status":"publish","type":"product","link":"https:\/\/biogroupvietnam.com\/vi\/san-pham\/hettich-rotina-380-r\/","title":{"rendered":"M\u00e1y Ly T\u00e2m L\u1ea1nh \u0110a N\u0103ng \u0110\u1ec3 B\u00e0n Hettich ROTINA 380 R"},"content":{"rendered":"<h3><strong>ROTINA 380 &nbsp;R \u2013 M\u00e1y ly t\u00e2m t\u1ed1c \u0111\u1ed9 cao v\u1edbi thi\u1ebft k\u1ebf ti\u1ebft ki\u1ec7m kh\u00f4ng gian<\/strong><\/h3>\n<p>Thi\u1ebft b\u1ecb hi\u1ec7u su\u1ea5t cao h\u1ed7 tr\u1ee3 nhi\u1ec1u lo\u1ea1i ph\u1ee5 ki\u1ec7n cho \u0111a d\u1ea1ng \u1ee9ng d\u1ee5ng ch\u1ec9 v\u1edbi m\u1ed9t rotor duy nh\u1ea5t. K\u00edch th\u01b0\u1edbc v\u00e0 hi\u1ec7u su\u1ea5t l\u00fd t\u01b0\u1edfng c\u1ee7a m\u00e1y khi\u1ebfn n\u00f3 tr\u1edf th\u00e0nh m\u00e1y ly t\u00e2m \u0111\u1ec3 b\u00e0n ph\u00f9 h\u1ee3p cho h\u1ea7u h\u1ebft c\u00e1c ph\u00f2ng th\u00ed nghi\u1ec7m l\u00e2m s\u00e0ng, nghi\u00ean c\u1ee9u v\u00e0 c\u00f4ng nghi\u1ec7p.<\/p>\n<p><strong>T\u00f9y ch\u1ecdn l\u00e0m l\u1ea1nh<\/strong><\/p>\n<p>Phi\u00ean b\u1ea3n l\u00e0m l\u1ea1nh c\u00f3 s\u1eb5n v\u1edbi d\u1ea3i nhi\u1ec7t \u0111\u1ed9 t\u1eeb -20\u00b0C \u0111\u1ebfn +40\u00b0C.<\/p>\n<p>&nbsp;<\/p>\n<h4><strong>L\u0129nh v\u1ef1c \u1ee9ng d\u1ee5ng<\/strong><\/h4>\n<h6><strong>H\u00f3a sinh l\u00e2m s\u00e0ng, Huy\u1ebft h\u1ecdc, PCR<\/strong><\/h6>\n<p>L\u00fd t\u01b0\u1edfng cho c\u00e1c ph\u00f2ng th\u00ed nghi\u1ec7m t\u1eeb quy m\u00f4 trung b\u00ecnh \u0111\u1ebfn quy m\u00f4 x\u1eed l\u00fd m\u1eabu cao (HTP), th\u1ef1c hi\u1ec7n s\u1ed1 l\u01b0\u1ee3ng l\u1edbn c\u00e1c \u1ed1ng l\u1ea5y m\u00e1u trong rotor v\u0103ng v\u00e0 rotor g\u00f3c.<\/p>\n<p><strong>Nghi\u00ean c\u1ee9u v\u00e0 C\u00f4ng nghi\u1ec7p, Nu\u00f4i c\u1ea5y t\u1ebf b\u00e0o<\/strong><br \/>Thi\u1ebft b\u1ecb c\u00f3 s\u1eb5n cho c\u00e1c b\u1ed9 kit PCR c\u1ee1 trung v\u00e0 cho \u1ed1ng 5 ml, \u0111\u1ea1t \u0111\u1ebfn l\u1ef1c ly t\u00e2m 4.800 g.<\/p>\n<p>Nhi\u1ec1u lo\u1ea1i d\u1ee5ng c\u1ee5 cho nu\u00f4i c\u1ea5y t\u1ebf b\u00e0o c\u00f3 th\u1ec3 \u0111\u01b0\u1ee3c ly t\u00e2m, c\u0169ng nh\u01b0 \u1ed1ng 50 ml ph\u1ee5c v\u1ee5 c\u1ea5y chuy\u1ec1n t\u1ebf b\u00e0o. Ngo\u00e0i ra, m\u00e1y c\u00f3 th\u1ec3 x\u1eed l\u00fd \u0111a d\u1ea1ng c\u00e1c lo\u1ea1i \u0111\u0129a v\u00e0 gi\u00e1 \u0111\u1ee1 cho c\u00e1c x\u00e9t nghi\u1ec7m pha r\u1eafn ho\u1eb7c nu\u00f4i c\u1ea5y t\u1ebf b\u00e0o.<\/p>\n<p><strong>C\u01a1 s\u1edf s\u1eed d\u1ee5ng<\/strong><\/p>\n<ul>\n<li>B\u1ec7nh vi\u1ec7n<\/li>\n<li>Ph\u00f2ng x\u00e9t nghi\u1ec7m huy\u1ebft h\u1ecdc<\/li>\n<li>Trung t\u00e2m m\u00e1u quy m\u00f4 nh\u1ecf<\/li>\n<li>Ph\u00f2ng kh\u00e1m th\u00fa y<\/li>\n<li>C\u00f4ng ty d\u01b0\u1ee3c ph\u1ea9m<\/li>\n<li>Ph\u00f2ng ph\u00e2n t\u00edch th\u1ef1c ph\u1ea9m<\/li>\n<li>Ph\u00f2ng th\u00ed nghi\u1ec7m khoa h\u1ecdc t\u1ea1i c\u00e1c tr\u01b0\u1eddng \u0111\u1ea1i h\u1ecdc<\/li>\n<li>Ph\u00f2ng x\u00e9t nghi\u1ec7m ph\u00e1p y<\/li>\n<li>Ph\u00f2ng x\u00e9t nghi\u1ec7m huy\u1ebft th\u1ed1ng<\/li>\n<li>Ph\u00f2ng ki\u1ec3m tra m\u00f4i tr\u01b0\u1eddng<\/li>\n<li>Ph\u00f2ng nu\u00f4i c\u1ea5y t\u1ebf b\u00e0o<\/li>\n<\/ul>\n<p>&nbsp;<\/p>\n<p>Li\u00ean h\u1ec7 \u0111\u1ec3 \u0111\u01b0\u1ee3c t\u01b0 v\u1ea5n \u0111\u1eb7t h\u00e0ng.<\/p>\n","protected":false},"excerpt":{"rendered":"<p>ROTINA 380 &nbsp;R \u2013 M\u00e1y ly t\u00e2m t\u1ed1c \u0111\u1ed9 cao v\u1edbi thi\u1ebft k\u1ebf ti\u1ebft ki\u1ec7m kh\u00f4ng gian Thi\u1ebft b\u1ecb hi\u1ec7u su\u1ea5t cao h\u1ed7 tr\u1ee3 nhi\u1ec1u lo\u1ea1i ph\u1ee5 ki\u1ec7n cho \u0111a d\u1ea1ng \u1ee9ng d\u1ee5ng ch\u1ec9 v\u1edbi m\u1ed9t rotor duy nh\u1ea5t. K\u00edch th\u01b0\u1edbc v\u00e0 hi\u1ec7u su\u1ea5t l\u00fd t\u01b0\u1edfng c\u1ee7a m\u00e1y khi\u1ebfn n\u00f3 tr\u1edf th\u00e0nh m\u00e1y ly t\u00e2m<\/p>\n<div class=\"klb-readmore post-buttons\"><a class=\"button rounded primary\" href=\"https:\/\/biogroupvietnam.com\/vi\/san-pham\/hettich-rotina-380-r\/\">Read More <i class=\"klbth-icon-right-arrow\"><\/i><\/a><\/div>\n","protected":false},"featured_media":5500,"comment_status":"closed","ping_status":"closed","template":"","meta":{"_acf_changed":false},"product_brand":[130],"product_cat":[122],"product_tag":[],"class_list":{"0":"post-3925","1":"product","2":"type-product","3":"status-publish","4":"has-post-thumbnail","6":"product_brand-andreas-hettich","7":"product_cat-may-ly-tam","9":"first","10":"outofstock","11":"shipping-taxable","12":"product-type-simple"},"acf":[],"yoast_head":"<!-- This site is optimized with the Yoast SEO plugin v26.8 - https:\/\/yoast.com\/product\/yoast-seo-wordpress\/ -->\n<title>M\u00e1y Ly T\u00e2m L\u1ea1nh \u0110a N\u0103ng \u0110\u1ec3 B\u00e0n Hettich ROTINA 380 R<\/title>\n<meta name=\"description\" content=\"M\u00e1y ly t\u00e2m t\u1ed1c \u0111\u1ed9 cao v\u1edbi thi\u1ebft k\u1ebf ti\u1ebft ki\u1ec7m kh\u00f4ng gian.\" \/>\n<meta name=\"robots\" content=\"index, follow, max-snippet:-1, max-image-preview:large, max-video-preview:-1\" \/>\n<link rel=\"canonical\" href=\"https:\/\/biogroupvietnam.com\/vi\/san-pham\/hettich-rotina-380-r\/\" \/>\n<meta property=\"og:locale\" content=\"vi_VN\" \/>\n<meta property=\"og:type\" content=\"article\" \/>\n<meta property=\"og:title\" content=\"M\u00e1y Ly T\u00e2m L\u1ea1nh \u0110a N\u0103ng \u0110\u1ec3 B\u00e0n Hettich ROTINA 380 R\" \/>\n<meta property=\"og:description\" content=\"M\u00e1y ly t\u00e2m t\u1ed1c \u0111\u1ed9 cao v\u1edbi thi\u1ebft k\u1ebf ti\u1ebft ki\u1ec7m kh\u00f4ng gian.\" \/>\n<meta property=\"og:url\" content=\"https:\/\/biogroupvietnam.com\/vi\/san-pham\/hettich-rotina-380-r\/\" \/>\n<meta property=\"og:site_name\" content=\"Biogroup Vietnam\" \/>\n<meta property=\"article:modified_time\" content=\"2025-10-02T07:33:22+00:00\" \/>\n<meta property=\"og:image\" content=\"https:\/\/biogroupvietnam.com\/wp-content\/uploads\/2025\/08\/rotina20380R202.jpg\" \/>\n\t<meta property=\"og:image:width\" content=\"1600\" \/>\n\t<meta property=\"og:image:height\" content=\"1229\" \/>\n\t<meta property=\"og:image:type\" content=\"image\/jpeg\" \/>\n<meta name=\"twitter:card\" content=\"summary_large_image\" \/>\n<meta name=\"twitter:label1\" content=\"\u01af\u1edbc t\u00ednh th\u1eddi gian \u0111\u1ecdc\" \/>\n\t<meta name=\"twitter:data1\" content=\"2 ph\u00fat\" \/>\n<script type=\"application\/ld+json\" class=\"yoast-schema-graph\">{\"@context\":\"https:\/\/schema.org\",\"@graph\":[{\"@type\":\"WebPage\",\"@id\":\"https:\/\/biogroupvietnam.com\/vi\/san-pham\/hettich-rotina-380-r\/\",\"url\":\"https:\/\/biogroupvietnam.com\/vi\/san-pham\/hettich-rotina-380-r\/\",\"name\":\"M\u00e1y Ly T\u00e2m L\u1ea1nh \u0110a N\u0103ng \u0110\u1ec3 B\u00e0n Hettich ROTINA 380 R\",\"isPartOf\":{\"@id\":\"https:\/\/biogroupvietnam.com\/vi\/#website\"},\"primaryImageOfPage\":{\"@id\":\"https:\/\/biogroupvietnam.com\/vi\/san-pham\/hettich-rotina-380-r\/#primaryimage\"},\"image\":{\"@id\":\"https:\/\/biogroupvietnam.com\/vi\/san-pham\/hettich-rotina-380-r\/#primaryimage\"},\"thumbnailUrl\":\"https:\/\/biogroupvietnam.com\/wp-content\/uploads\/2025\/08\/rotina20380R202.jpg\",\"datePublished\":\"2025-08-18T12:54:41+00:00\",\"dateModified\":\"2025-10-02T07:33:22+00:00\",\"description\":\"M\u00e1y ly t\u00e2m t\u1ed1c \u0111\u1ed9 cao v\u1edbi thi\u1ebft k\u1ebf ti\u1ebft ki\u1ec7m kh\u00f4ng gian.\",\"breadcrumb\":{\"@id\":\"https:\/\/biogroupvietnam.com\/vi\/san-pham\/hettich-rotina-380-r\/#breadcrumb\"},\"inLanguage\":\"vi\",\"potentialAction\":[{\"@type\":\"ReadAction\",\"target\":[\"https:\/\/biogroupvietnam.com\/vi\/san-pham\/hettich-rotina-380-r\/\"]}]},{\"@type\":\"ImageObject\",\"inLanguage\":\"vi\",\"@id\":\"https:\/\/biogroupvietnam.com\/vi\/san-pham\/hettich-rotina-380-r\/#primaryimage\",\"url\":\"https:\/\/biogroupvietnam.com\/wp-content\/uploads\/2025\/08\/rotina20380R202.jpg\",\"contentUrl\":\"https:\/\/biogroupvietnam.com\/wp-content\/uploads\/2025\/08\/rotina20380R202.jpg\",\"width\":1600,\"height\":1229,\"caption\":\"\u00a0\"},{\"@type\":\"BreadcrumbList\",\"@id\":\"https:\/\/biogroupvietnam.com\/vi\/san-pham\/hettich-rotina-380-r\/#breadcrumb\",\"itemListElement\":[{\"@type\":\"ListItem\",\"position\":1,\"name\":\"Trang ch\u1ee7\",\"item\":\"https:\/\/biogroupvietnam.com\/vi\/\"},{\"@type\":\"ListItem\",\"position\":2,\"name\":\"S\u1ea3n ph\u1ea9m\",\"item\":\"https:\/\/biogroupvietnam.com\/vi\/san-pham\/\"},{\"@type\":\"ListItem\",\"position\":3,\"name\":\"R&amp;D Sinh H\u1ecdc\",\"item\":\"https:\/\/biogroupvietnam.com\/vi\/danh-muc-san-pham\/rd-sinh-hoc\/\"},{\"@type\":\"ListItem\",\"position\":4,\"name\":\"M\u00e1y ly t\u00e2m\",\"item\":\"https:\/\/biogroupvietnam.com\/vi\/danh-muc-san-pham\/may-ly-tam\/\"},{\"@type\":\"ListItem\",\"position\":5,\"name\":\"M\u00e1y Ly T\u00e2m L\u1ea1nh \u0110a N\u0103ng \u0110\u1ec3 B\u00e0n Hettich ROTINA 380 R\"}]},{\"@type\":\"WebSite\",\"@id\":\"https:\/\/biogroupvietnam.com\/vi\/#website\",\"url\":\"https:\/\/biogroupvietnam.com\/vi\/\",\"name\":\"Biogroup Vietnam\",\"description\":\"Biogroup Vietnam cung c\u1ea5p d\u1ecbch v\u1ee5 k\u1ef9 thu\u1eadt c\u00f9ng thi\u1ebft b\u1ecb, v\u1eadt t\u01b0, h\u00f3a ch\u1ea5t v\u00e0 gi\u1ea3i ph\u00e1p sinh h\u1ecdc cho ph\u00f2ng th\u00ed nghi\u1ec7m c\u00f4ng ngh\u1ec7 sinh h\u1ecdc, y sinh v\u00e0 y h\u1ecdc t\u00e1i t\u1ea1o.\",\"potentialAction\":[{\"@type\":\"SearchAction\",\"target\":{\"@type\":\"EntryPoint\",\"urlTemplate\":\"https:\/\/biogroupvietnam.com\/vi\/?s={search_term_string}\"},\"query-input\":{\"@type\":\"PropertyValueSpecification\",\"valueRequired\":true,\"valueName\":\"search_term_string\"}}],\"inLanguage\":\"vi\"}]}<\/script>\n<!-- \/ Yoast SEO plugin. -->","yoast_head_json":{"title":"M\u00e1y Ly T\u00e2m L\u1ea1nh \u0110a N\u0103ng \u0110\u1ec3 B\u00e0n Hettich ROTINA 380 R","description":"M\u00e1y ly t\u00e2m t\u1ed1c \u0111\u1ed9 cao v\u1edbi thi\u1ebft k\u1ebf ti\u1ebft ki\u1ec7m kh\u00f4ng gian.","robots":{"index":"index","follow":"follow","max-snippet":"max-snippet:-1","max-image-preview":"max-image-preview:large","max-video-preview":"max-video-preview:-1"},"canonical":"https:\/\/biogroupvietnam.com\/vi\/san-pham\/hettich-rotina-380-r\/","og_locale":"vi_VN","og_type":"article","og_title":"M\u00e1y Ly T\u00e2m L\u1ea1nh \u0110a N\u0103ng \u0110\u1ec3 B\u00e0n Hettich ROTINA 380 R","og_description":"M\u00e1y ly t\u00e2m t\u1ed1c \u0111\u1ed9 cao v\u1edbi thi\u1ebft k\u1ebf ti\u1ebft ki\u1ec7m kh\u00f4ng gian.","og_url":"https:\/\/biogroupvietnam.com\/vi\/san-pham\/hettich-rotina-380-r\/","og_site_name":"Biogroup Vietnam","article_modified_time":"2025-10-02T07:33:22+00:00","og_image":[{"width":1600,"height":1229,"url":"https:\/\/biogroupvietnam.com\/wp-content\/uploads\/2025\/08\/rotina20380R202.jpg","type":"image\/jpeg"}],"twitter_card":"summary_large_image","twitter_misc":{"\u01af\u1edbc t\u00ednh th\u1eddi gian \u0111\u1ecdc":"2 ph\u00fat"},"schema":{"@context":"https:\/\/schema.org","@graph":[{"@type":"WebPage","@id":"https:\/\/biogroupvietnam.com\/vi\/san-pham\/hettich-rotina-380-r\/","url":"https:\/\/biogroupvietnam.com\/vi\/san-pham\/hettich-rotina-380-r\/","name":"M\u00e1y Ly T\u00e2m L\u1ea1nh \u0110a N\u0103ng \u0110\u1ec3 B\u00e0n Hettich ROTINA 380 R","isPartOf":{"@id":"https:\/\/biogroupvietnam.com\/vi\/#website"},"primaryImageOfPage":{"@id":"https:\/\/biogroupvietnam.com\/vi\/san-pham\/hettich-rotina-380-r\/#primaryimage"},"image":{"@id":"https:\/\/biogroupvietnam.com\/vi\/san-pham\/hettich-rotina-380-r\/#primaryimage"},"thumbnailUrl":"https:\/\/biogroupvietnam.com\/wp-content\/uploads\/2025\/08\/rotina20380R202.jpg","datePublished":"2025-08-18T12:54:41+00:00","dateModified":"2025-10-02T07:33:22+00:00","description":"M\u00e1y ly t\u00e2m t\u1ed1c \u0111\u1ed9 cao v\u1edbi thi\u1ebft k\u1ebf ti\u1ebft ki\u1ec7m kh\u00f4ng gian.","breadcrumb":{"@id":"https:\/\/biogroupvietnam.com\/vi\/san-pham\/hettich-rotina-380-r\/#breadcrumb"},"inLanguage":"vi","potentialAction":[{"@type":"ReadAction","target":["https:\/\/biogroupvietnam.com\/vi\/san-pham\/hettich-rotina-380-r\/"]}]},{"@type":"ImageObject","inLanguage":"vi","@id":"https:\/\/biogroupvietnam.com\/vi\/san-pham\/hettich-rotina-380-r\/#primaryimage","url":"https:\/\/biogroupvietnam.com\/wp-content\/uploads\/2025\/08\/rotina20380R202.jpg","contentUrl":"https:\/\/biogroupvietnam.com\/wp-content\/uploads\/2025\/08\/rotina20380R202.jpg","width":1600,"height":1229,"caption":"\u00a0"},{"@type":"BreadcrumbList","@id":"https:\/\/biogroupvietnam.com\/vi\/san-pham\/hettich-rotina-380-r\/#breadcrumb","itemListElement":[{"@type":"ListItem","position":1,"name":"Trang ch\u1ee7","item":"https:\/\/biogroupvietnam.com\/vi\/"},{"@type":"ListItem","position":2,"name":"S\u1ea3n ph\u1ea9m","item":"https:\/\/biogroupvietnam.com\/vi\/san-pham\/"},{"@type":"ListItem","position":3,"name":"R&amp;D Sinh H\u1ecdc","item":"https:\/\/biogroupvietnam.com\/vi\/danh-muc-san-pham\/rd-sinh-hoc\/"},{"@type":"ListItem","position":4,"name":"M\u00e1y ly t\u00e2m","item":"https:\/\/biogroupvietnam.com\/vi\/danh-muc-san-pham\/may-ly-tam\/"},{"@type":"ListItem","position":5,"name":"M\u00e1y Ly T\u00e2m L\u1ea1nh \u0110a N\u0103ng \u0110\u1ec3 B\u00e0n Hettich ROTINA 380 R"}]},{"@type":"WebSite","@id":"https:\/\/biogroupvietnam.com\/vi\/#website","url":"https:\/\/biogroupvietnam.com\/vi\/","name":"Biogroup Vietnam","description":"Biogroup Vietnam cung c\u1ea5p d\u1ecbch v\u1ee5 k\u1ef9 thu\u1eadt c\u00f9ng thi\u1ebft b\u1ecb, v\u1eadt t\u01b0, h\u00f3a ch\u1ea5t v\u00e0 gi\u1ea3i ph\u00e1p sinh h\u1ecdc cho ph\u00f2ng th\u00ed nghi\u1ec7m c\u00f4ng ngh\u1ec7 sinh h\u1ecdc, y sinh v\u00e0 y h\u1ecdc t\u00e1i t\u1ea1o.","potentialAction":[{"@type":"SearchAction","target":{"@type":"EntryPoint","urlTemplate":"https:\/\/biogroupvietnam.com\/vi\/?s={search_term_string}"},"query-input":{"@type":"PropertyValueSpecification","valueRequired":true,"valueName":"search_term_string"}}],"inLanguage":"vi"}]}},"_links":{"self":[{"href":"https:\/\/biogroupvietnam.com\/vi\/wp-json\/wp\/v2\/product\/3925","targetHints":{"allow":["GET"]}}],"collection":[{"href":"https:\/\/biogroupvietnam.com\/vi\/wp-json\/wp\/v2\/product"}],"about":[{"href":"https:\/\/biogroupvietnam.com\/vi\/wp-json\/wp\/v2\/types\/product"}],"replies":[{"embeddable":true,"href":"https:\/\/biogroupvietnam.com\/vi\/wp-json\/wp\/v2\/comments?post=3925"}],"version-history":[{"count":2,"href":"https:\/\/biogroupvietnam.com\/vi\/wp-json\/wp\/v2\/product\/3925\/revisions"}],"predecessor-version":[{"id":8270,"href":"https:\/\/biogroupvietnam.com\/vi\/wp-json\/wp\/v2\/product\/3925\/revisions\/8270"}],"wp:featuredmedia":[{"embeddable":true,"href":"https:\/\/biogroupvietnam.com\/vi\/wp-json\/wp\/v2\/media\/5500"}],"wp:attachment":[{"href":"https:\/\/biogroupvietnam.com\/vi\/wp-json\/wp\/v2\/media?parent=3925"}],"wp:term":[{"taxonomy":"product_brand","embeddable":true,"href":"https:\/\/biogroupvietnam.com\/vi\/wp-json\/wp\/v2\/product_brand?post=3925"},{"taxonomy":"product_cat","embeddable":true,"href":"https:\/\/biogroupvietnam.com\/vi\/wp-json\/wp\/v2\/product_cat?post=3925"},{"taxonomy":"product_tag","embeddable":true,"href":"https:\/\/biogroupvietnam.com\/vi\/wp-json\/wp\/v2\/product_tag?post=3925"}],"curies":[{"name":"wp","href":"https:\/\/api.w.org\/{rel}","templated":true}]}}