{"id":3926,"date":"2025-08-18T19:54:42","date_gmt":"2025-08-18T12:54:42","guid":{"rendered":"http:\/\/biogroupvietnam-worldpress.local\/product\/import-placeholder-for-181\/"},"modified":"2026-04-02T14:01:27","modified_gmt":"2026-04-02T07:01:27","slug":"bo-moi-truong-tang-sinh-te-bao-co-tim-stemdiff","status":"publish","type":"product","link":"https:\/\/biogroupvietnam.com\/vi\/san-pham\/bo-moi-truong-tang-sinh-te-bao-co-tim-stemdiff\/","title":{"rendered":"B\u1ed9 M\u00f4i Tr\u01b0\u1eddng T\u0103ng Sinh T\u1ebf B\u00e0o C\u01a1 Tim STEMdiff\u2122"},"content":{"rendered":"<p>B\u1ed9 m\u00f4i tr\u01b0\u1eddng t\u0103ng sinh t\u1ebf b\u00e0o c\u01a1 tim STEMdiff\u2122 l\u00e0 m\u00f4i tr\u01b0\u1eddng kh\u00f4ng ch\u1ee9a huy\u1ebft thanh d\u00f9ng \u0111\u1ec3 t\u0103ng sinh c\u00e1c t\u1ebf b\u00e0o c\u01a1 tim c\u00f3 ngu\u1ed3n g\u1ed1c t\u1eeb PSC \u1edf giai \u0111o\u1ea1n s\u01a1 c\u1ea5p.<\/p>\n<h3><strong>T\u1ed5ng quan v\u1ec1 b\u1ed9 m\u00f4i tr\u01b0\u1eddng t\u0103ng sinh t\u1ebf b\u00e0o c\u01a1 tim STEMdiff\u2122<\/strong><\/h3>\n<p>B\u1ed9 m\u00f4i tr\u01b0\u1eddng STEMdiff\u2122 Cardiomyocyte Expansion Kit kh\u00f4ng ch\u1ee9a huy\u1ebft thanh, \u0111\u01b0\u1ee3c s\u1ea3n xu\u1ea5t \u0111\u1ec3 t\u0103ng sinh t\u1ebf b\u00e0o c\u01a1 tim c\u00f3 ngu\u1ed3n g\u1ed1c t\u1eeb t\u1ebf b\u00e0o g\u1ed1c \u0111a n\u0103ng c\u1ee7a ng\u01b0\u1eddi (hPSC) \u1edf giai \u0111o\u1ea1n s\u01a1 c\u1ea5p. B\u1ed9 m\u00f4i tr\u01b0\u1eddng n\u00e0y t\u1ea1o ra m\u1ed9t s\u1ed1 l\u01b0\u1ee3ng l\u1edbn c\u00e1c t\u1ebf b\u00e0o c\u01a1 tim t\u1eeb hPSC c\u00f3 ch\u1ee9c n\u0103ng v\u00e0 \u0111\u1ed9 tinh s\u1ea1ch cao, \u0111\u1ed3ng th\u1eddi t\u01b0\u01a1ng th\u00edch v\u1edbi c\u00e1c t\u1ebf b\u00e0o c\u01a1 tim t\u00e2m th\u1ea5t ho\u1eb7c t\u00e2m nh\u0129 \u0111\u01b0\u1ee3c bi\u1ec7t h\u00f3a b\u1eb1ng B\u1ed9 m\u00f4i tr\u01b0\u1eddng STEMdiff\u2122 Ventricular Cardiomyocyte Differentiation Kit (Catalog #05010) v\u00e0 STEMdiff\u2122 Atrial Cardiomyocyte Differentiation Kit (Catalog #100-0215) t\u01b0\u01a1ng \u1ee9ng.<\/p>\n<p>So v\u1edbi ph\u01b0\u01a1ng ph\u00e1p \u0111i\u1ec3n h\u00ecnh l\u00e0 t\u0103ng sinh t\u1ebf b\u00e0o hPSC giai \u0111o\u1ea1n \u0111\u1ea7u, sau \u0111\u00f3 bi\u1ec7t h\u00f3a nhi\u1ec1u v\u00f2ng \u0111\u1ec3 t\u1ea1o ra s\u1ed1 l\u01b0\u1ee3ng l\u1edbn t\u1ebf b\u00e0o c\u01a1 tim, b\u1ed9 m\u00f4i tr\u01b0\u1eddng STEMdiff\u2122 Cardiomyocyte Expansion Kit t\u0103ng sinh h\u00e0ng t\u1ef7 t\u1ebf b\u00e0o c\u01a1 tim t\u1eeb hPSC ngay \u1edf giai \u0111o\u1ea1n s\u01a1 c\u1ea5p ch\u1ec9 v\u1edbi 1 v\u00f2ng bi\u1ec7t h\u00f3a.\u00a0 S\u1eed d\u1ee5ng b\u1ed9 m\u00f4i tr\u01b0\u1eddng n\u00e0y, c\u00e1c t\u1ebf b\u00e0o c\u01a1 tim duy tr\u00ec c\u1ea5u h\u00ecnh \u1ed5n \u0111\u1ecbnh v\u00e0 c\u00f3 t\u1ef7 l\u1ec7 ph\u1ea7n tr\u0103m marker cTnT tr\u00ean 90% \u1edf giai \u0111o\u1ea1n 5 (passage 5). C\u00e1c t\u1ebf b\u00e0o \u0111\u01b0\u1ee3c t\u0103ng sinh s\u1eb5n s\u00e0ng cho \u1ee9ng d\u1ee5ng th\u1eed nghi\u1ec7m thu\u1ed1c n\u1ed3ng \u0111\u1ed9 cao, c\u00f4ng ngh\u1ec7 m\u00f4 v\u00e0 nghi\u00ean c\u1ee9u y h\u1ecdc t\u00e1i t\u1ea1o.<\/p>\n<h3><strong>Th\u00e0nh ph\u1ea7n c\u1ee7a b\u1ed9 m\u00f4i tr\u01b0\u1eddng t\u0103ng sinh t\u1ebf b\u00e0o c\u01a1 tim STEMdiff\u2122<\/strong><\/h3>\n<ul>\n<li>M\u00f4i tr\u01b0\u1eddng c\u01a1 b\u1ea3n: STEMdiff\u2122 Cardiomyocyte Maintenance Basal Medium, 490 mL<\/li>\n<li>Th\u00e0nh ph\u1ea7n b\u1ed5 sung: STEMdiff\u2122 Cardiomyocyte Passaging Supplement (100X), 2,5mL<\/li>\n<li>Th\u00e0nh ph\u1ea7n b\u1ed5 sung: STEMdiff\u2122 Cardiomyocyte Expansion Supplement (50X), 10mL.<\/li>\n<\/ul>\n<h3><strong>L\u1ee3i \u00edch c\u1ee7a b\u1ed9 m\u00f4i tr\u01b0\u1eddng t\u0103ng sinh<\/strong><\/h3>\n<ul>\n<li>Quy tr\u00ecnh l\u00e0m vi\u1ec7c \u0111\u01a1n gi\u1ea3n, d\u1ec5 th\u1ef1c hi\u1ec7n.<\/li>\n<li>T\u0103ng sinh c\u00e1c t\u1ebf b\u00e0o c\u01a1 tim t\u00e2m nh\u0129 ho\u1eb7c t\u00e2m th\u1ea5t c\u00f3 ngu\u1ed3n g\u1ed1c t\u1eeb hPSC l\u00ean t\u1edbi 70 l\u1ea7n<\/li>\n<li>T\u1ea1o ra c\u00e1c t\u1ebf b\u00e0o c\u01a1 tim \u0111\u1ea7y \u0111\u1ee7 ch\u1ee9c n\u0103ng s\u1eb5n s\u00e0ng cho c\u00e1c th\u1eed nghi\u1ec7m ti\u1ebfp theo<\/li>\n<li>S\u1ea3n xu\u1ea5t t\u1ebf b\u00e0o c\u01a1 tim v\u1edbi \u0111\u1ed9 tinh s\u1ea1ch tr\u00ean 90%.<\/li>\n<\/ul>\n<h3><strong>B\u1ea3o qu\u1ea3n<\/strong><\/h3>\n<p>&#8211; M\u00f4i tr\u01b0\u1eddng c\u01a1 b\u1ea3n \u0111\u01b0\u1ee3c b\u1ea3o qu\u1ea3n \u1edf 2 &#8211; 8\u00b0C<\/p>\n<p>&#8211; Th\u00e0nh ph\u1ea7n b\u1ed5 sung \u0111\u01b0\u1ee3c b\u1ea3o qu\u1ea3n \u1edf -20\u00b0C<\/p>\n<h3><strong>\u1ee8ng d\u1ee5ng c\u1ee7a b\u1ed9 m\u00f4i tr\u01b0\u1eddng t\u0103ng sinh t\u1ebf b\u00e0o c\u01a1 tim STEMdiff\u2122<\/strong><\/h3>\n<ul>\n<li>Th\u1eed nghi\u1ec7m thu\u1ed1c<\/li>\n<li>C\u00f4ng ngh\u1ec7 m\u00f4<\/li>\n<li>Nghi\u00ean c\u1ee9u y h\u1ecdc t\u00e1i t\u1ea1o<\/li>\n<\/ul>\n<h3><strong>D\u1eef li\u1ec7u<\/strong><\/h3>\n<p style=\"text-align: center;\"><img fetchpriority=\"high\" decoding=\"async\" src=\"https:\/\/biogroupvietnam.com\/uploads\/4w6qkUAveIlEC8rJOq6r3ByNQS2bsgQS7cHRhL5k.png\" width=\"695\" height=\"378\" \/><\/p>\n<p style=\"text-align: center;\"><i>H\u00ecnh 1<\/i>: <i>Quy tr\u00ecnh t\u0103ng sinh t\u1ebf b\u00e0o c\u01a1 tim c\u00f3 ngu\u1ed3n g\u1ed1c t\u1eeb hPSC giai \u0111o\u1ea1n s\u01a1 c\u1ea5p v\u1edbi B\u1ed9 m\u00f4i tr\u01b0\u1eddng STEMdiff\u2122 Cardiomyocyte Expansion Kit<\/i><\/p>\n<p>Bi\u1ec7t h\u00f3a t\u1ebf b\u00e0o hPSC th\u00e0nh t\u1ebf b\u00e0o c\u01a1 t\u00ecm v\u1edbi b\u1ed9 m\u00f4i tr\u01b0\u1eddng STEMdiff\u2122 Ventricular Cardiomyocyte Differentiation Kit ho\u1eb7c STEMdiff\u2122 Atrial Cardiomyocyte Differentiation Kit. Thu ho\u1ea1ch t\u1ebf b\u00e0o c\u01a1 tim v\u00e0o ng\u00e0y th\u1ee9 11 v\u00e0 nh\u00e2n r\u1ed9ng v\u1edbi b\u1ed9 m\u00f4i tr\u01b0\u1eddng t\u0103ng sinh STEMdiff\u2122 Cardiomyocyte Expansion Kit v\u1edbi m\u1eadt \u0111\u1ed9 th\u00edch h\u1ee3p \u0111\u1ebfn giai \u0111o\u1ea1n 5 (passage 5). Sau \u0111\u00f3 chuy\u1ec3n sang m\u00f4i tr\u01b0\u1eddng duy tr\u00ec t\u1ebf b\u00e0oSTEMdiff\u2122 Cardiomyocyte Maintenance Medium cho c\u00e1c x\u00e9t nghi\u1ec7m ti\u1ebfp theo.<\/p>\n<p style=\"text-align: center;\"><img decoding=\"async\" src=\"https:\/\/biogroupvietnam.com\/uploads\/QLABOkO7urrqSCYYczF54DnzFy14GnxMyiabgKBo.png\" width=\"464\" height=\"430\" \/><\/p>\n<p style=\"text-align: center;\"><i>H\u00ecnh 2: H\u00ecnh \u1ea3nh t\u1ebf b\u00e0o c\u01a1 tim t\u1eeb hPSC sau m\u1ed9t tu\u1ea7n nu\u00f4i c\u1ea5y v\u1edbi b\u1ed9 m\u00f4i tr\u01b0\u1eddng t\u0103ng sinh STEMdiff\u2122 Cardiomyocyte Expansion Kit<\/i><\/p>\n<p>V\u00e0o ng\u00e0y th\u1ee9 7, ng\u01b0\u1eddi ta quan s\u00e1t th\u1ea5y m\u1ed9t l\u1edbp h\u1ee3p nh\u1ea5t c\u1ee7a c\u00e1c t\u1ebf b\u00e0o c\u01a1 tim c\u00f3 ngu\u1ed3n g\u1ed1c t\u1eeb hPSC \u0111ang \u0111\u1eadp v\u00e0 c\u00e1c t\u1ebf b\u00e0o \u0111\u00e3 s\u1eb5n s\u00e0ng \u0111\u1ec3 thu ho\u1ea1ch.<\/p>\n<h3><strong>Th\u00f4ng tin \u0111\u1eb7t h\u00e0ng<\/strong><\/h3>\n<p>C\u00e1c th\u00e0nh ph\u1ea7n c\u1ee7a b\u1ed9 m\u00f4i tr\u01b0\u1eddng STEMdiff\u2122 Cardiomyocyte Expansion Kit (Danh m\u1ee5c #100-1109) \u0111\u01b0\u1ee3c b\u00e1n d\u01b0\u1edbi d\u1ea1ng m\u1ed9t b\u1ed9 ho\u00e0n ch\u1ec9nh v\u00e0 kh\u00f4ng b\u00e1n ri\u00eang l\u1ebb:<\/p>\n<ul>\n<li>STEMdiff\u2122 Cardiomyocyte Maintenance Basal Medium, 490 mL, Catalog # 05015<\/li>\n<li>STEMdiff\u2122 Cardiomyocyte Passaging Supplement (100X), 2,5mL, Catalog # 100-1107<\/li>\n<li>STEMdiff\u2122 Cardiomyocyte Expansion Supplement (50X), 10mL, Catalog # 100-1108<\/li>\n<\/ul>\n","protected":false},"excerpt":{"rendered":"<p>B\u1ed9 m\u00f4i tr\u01b0\u1eddng t\u0103ng sinh t\u1ebf b\u00e0o c\u01a1 tim STEMdiff\u2122 l\u00e0 m\u00f4i tr\u01b0\u1eddng kh\u00f4ng ch\u1ee9a huy\u1ebft thanh d\u00f9ng \u0111\u1ec3 t\u0103ng sinh c\u00e1c t\u1ebf b\u00e0o c\u01a1 tim c\u00f3 ngu\u1ed3n g\u1ed1c t\u1eeb PSC \u1edf giai \u0111o\u1ea1n s\u01a1 c\u1ea5p. T\u1ed5ng quan v\u1ec1 b\u1ed9 m\u00f4i tr\u01b0\u1eddng t\u0103ng sinh t\u1ebf b\u00e0o c\u01a1 tim STEMdiff\u2122 B\u1ed9 m\u00f4i tr\u01b0\u1eddng STEMdiff\u2122 Cardiomyocyte Expansion<\/p>\n<div class=\"klb-readmore post-buttons\"><a class=\"button rounded primary\" href=\"https:\/\/biogroupvietnam.com\/vi\/san-pham\/bo-moi-truong-tang-sinh-te-bao-co-tim-stemdiff\/\">Read More <i class=\"klbth-icon-right-arrow\"><\/i><\/a><\/div>\n","protected":false},"featured_media":10148,"comment_status":"closed","ping_status":"closed","template":"","meta":{"_acf_changed":false},"product_brand":[127],"product_cat":[90],"product_tag":[],"class_list":{"0":"post-3926","1":"product","2":"type-product","3":"status-publish","4":"has-post-thumbnail","6":"product_brand-stemcell-technologies","7":"product_cat-te-bao-goc-da-nang-psc","9":"first","10":"outofstock","11":"shipping-taxable","12":"product-type-simple"},"acf":[],"yoast_head":"<!-- This site is optimized with the Yoast SEO plugin v26.8 - https:\/\/yoast.com\/product\/yoast-seo-wordpress\/ -->\n<title>B\u1ed9 M\u00f4i Tr\u01b0\u1eddng T\u0103ng Sinh T\u1ebf B\u00e0o C\u01a1 Tim STEMdiff\u2122<\/title>\n<meta name=\"description\" content=\"B\u1ed9 m\u00f4i tr\u01b0\u1eddng t\u0103ng sinh t\u1ebf b\u00e0o c\u01a1 tim STEMdiff\u2122 l\u00e0 m\u00f4i tr\u01b0\u1eddng kh\u00f4ng ch\u1ee9a huy\u1ebft thanh d\u00f9ng \u0111\u1ec3 t\u0103ng sinh c\u00e1c t\u1ebf b\u00e0o c\u01a1 tim ngu\u1ed3n g\u1ed1c t\u1eeb PSC giai \u0111o\u1ea1n s\u01a1 c\u1ea5p.\" \/>\n<meta name=\"robots\" content=\"index, follow, max-snippet:-1, max-image-preview:large, max-video-preview:-1\" \/>\n<link rel=\"canonical\" href=\"https:\/\/biogroupvietnam.com\/vi\/san-pham\/bo-moi-truong-tang-sinh-te-bao-co-tim-stemdiff\/\" \/>\n<meta property=\"og:locale\" content=\"vi_VN\" \/>\n<meta property=\"og:type\" content=\"article\" \/>\n<meta property=\"og:title\" content=\"B\u1ed9 M\u00f4i Tr\u01b0\u1eddng T\u0103ng Sinh T\u1ebf B\u00e0o C\u01a1 Tim STEMdiff\u2122\" \/>\n<meta property=\"og:description\" content=\"B\u1ed9 m\u00f4i tr\u01b0\u1eddng t\u0103ng sinh t\u1ebf b\u00e0o c\u01a1 tim STEMdiff\u2122 l\u00e0 m\u00f4i tr\u01b0\u1eddng kh\u00f4ng ch\u1ee9a huy\u1ebft thanh d\u00f9ng \u0111\u1ec3 t\u0103ng sinh c\u00e1c t\u1ebf b\u00e0o c\u01a1 tim ngu\u1ed3n g\u1ed1c t\u1eeb PSC giai \u0111o\u1ea1n s\u01a1 c\u1ea5p.\" \/>\n<meta property=\"og:url\" content=\"https:\/\/biogroupvietnam.com\/vi\/san-pham\/bo-moi-truong-tang-sinh-te-bao-co-tim-stemdiff\/\" \/>\n<meta property=\"og:site_name\" content=\"Biogroup Vietnam\" \/>\n<meta property=\"article:modified_time\" content=\"2026-04-02T07:01:27+00:00\" \/>\n<meta property=\"og:image\" content=\"https:\/\/biogroupvietnam.com\/wp-content\/uploads\/2025\/08\/bo-moi-truong-tang-sinh-te-bao-co-tim-stemdiff.jpg\" \/>\n\t<meta property=\"og:image:width\" content=\"1640\" \/>\n\t<meta property=\"og:image:height\" content=\"1260\" \/>\n\t<meta property=\"og:image:type\" content=\"image\/jpeg\" \/>\n<meta name=\"twitter:card\" content=\"summary_large_image\" \/>\n<meta name=\"twitter:label1\" content=\"\u01af\u1edbc t\u00ednh th\u1eddi gian \u0111\u1ecdc\" \/>\n\t<meta name=\"twitter:data1\" content=\"5 ph\u00fat\" \/>\n<script type=\"application\/ld+json\" class=\"yoast-schema-graph\">{\"@context\":\"https:\/\/schema.org\",\"@graph\":[{\"@type\":\"WebPage\",\"@id\":\"https:\/\/biogroupvietnam.com\/vi\/san-pham\/bo-moi-truong-tang-sinh-te-bao-co-tim-stemdiff\/\",\"url\":\"https:\/\/biogroupvietnam.com\/vi\/san-pham\/bo-moi-truong-tang-sinh-te-bao-co-tim-stemdiff\/\",\"name\":\"B\u1ed9 M\u00f4i Tr\u01b0\u1eddng T\u0103ng Sinh T\u1ebf B\u00e0o C\u01a1 Tim STEMdiff\u2122\",\"isPartOf\":{\"@id\":\"https:\/\/biogroupvietnam.com\/vi\/#website\"},\"primaryImageOfPage\":{\"@id\":\"https:\/\/biogroupvietnam.com\/vi\/san-pham\/bo-moi-truong-tang-sinh-te-bao-co-tim-stemdiff\/#primaryimage\"},\"image\":{\"@id\":\"https:\/\/biogroupvietnam.com\/vi\/san-pham\/bo-moi-truong-tang-sinh-te-bao-co-tim-stemdiff\/#primaryimage\"},\"thumbnailUrl\":\"https:\/\/biogroupvietnam.com\/wp-content\/uploads\/2025\/08\/bo-moi-truong-tang-sinh-te-bao-co-tim-stemdiff.jpg\",\"datePublished\":\"2025-08-18T12:54:42+00:00\",\"dateModified\":\"2026-04-02T07:01:27+00:00\",\"description\":\"B\u1ed9 m\u00f4i tr\u01b0\u1eddng t\u0103ng sinh t\u1ebf b\u00e0o c\u01a1 tim STEMdiff\u2122 l\u00e0 m\u00f4i tr\u01b0\u1eddng kh\u00f4ng ch\u1ee9a huy\u1ebft thanh d\u00f9ng \u0111\u1ec3 t\u0103ng sinh c\u00e1c t\u1ebf b\u00e0o c\u01a1 tim ngu\u1ed3n g\u1ed1c t\u1eeb PSC giai \u0111o\u1ea1n s\u01a1 c\u1ea5p.\",\"breadcrumb\":{\"@id\":\"https:\/\/biogroupvietnam.com\/vi\/san-pham\/bo-moi-truong-tang-sinh-te-bao-co-tim-stemdiff\/#breadcrumb\"},\"inLanguage\":\"vi\",\"potentialAction\":[{\"@type\":\"ReadAction\",\"target\":[\"https:\/\/biogroupvietnam.com\/vi\/san-pham\/bo-moi-truong-tang-sinh-te-bao-co-tim-stemdiff\/\"]}]},{\"@type\":\"ImageObject\",\"inLanguage\":\"vi\",\"@id\":\"https:\/\/biogroupvietnam.com\/vi\/san-pham\/bo-moi-truong-tang-sinh-te-bao-co-tim-stemdiff\/#primaryimage\",\"url\":\"https:\/\/biogroupvietnam.com\/wp-content\/uploads\/2025\/08\/bo-moi-truong-tang-sinh-te-bao-co-tim-stemdiff.jpg\",\"contentUrl\":\"https:\/\/biogroupvietnam.com\/wp-content\/uploads\/2025\/08\/bo-moi-truong-tang-sinh-te-bao-co-tim-stemdiff.jpg\",\"width\":1640,\"height\":1260,\"caption\":\"B\u1ed9 M\u00f4i Tr\u01b0\u1eddng T\u0103ng Sinh T\u1ebf B\u00e0o C\u01a1 Tim STEMdiff\u2122\"},{\"@type\":\"BreadcrumbList\",\"@id\":\"https:\/\/biogroupvietnam.com\/vi\/san-pham\/bo-moi-truong-tang-sinh-te-bao-co-tim-stemdiff\/#breadcrumb\",\"itemListElement\":[{\"@type\":\"ListItem\",\"position\":1,\"name\":\"Trang ch\u1ee7\",\"item\":\"https:\/\/biogroupvietnam.com\/vi\/\"},{\"@type\":\"ListItem\",\"position\":2,\"name\":\"S\u1ea3n ph\u1ea9m\",\"item\":\"https:\/\/biogroupvietnam.com\/vi\/san-pham\/\"},{\"@type\":\"ListItem\",\"position\":3,\"name\":\"Nu\u00f4i C\u1ea5y T\u1ebf B\u00e0o\",\"item\":\"https:\/\/biogroupvietnam.com\/vi\/danh-muc-san-pham\/nuoi-cay-te-bao\/\"},{\"@type\":\"ListItem\",\"position\":4,\"name\":\"T\u1ebf B\u00e0o G\u1ed1c \u0110a N\u0103ng (PSC)\",\"item\":\"https:\/\/biogroupvietnam.com\/vi\/danh-muc-san-pham\/te-bao-goc-da-nang-psc\/\"},{\"@type\":\"ListItem\",\"position\":5,\"name\":\"B\u1ed9 M\u00f4i Tr\u01b0\u1eddng T\u0103ng Sinh T\u1ebf B\u00e0o C\u01a1 Tim STEMdiff\u2122\"}]},{\"@type\":\"WebSite\",\"@id\":\"https:\/\/biogroupvietnam.com\/vi\/#website\",\"url\":\"https:\/\/biogroupvietnam.com\/vi\/\",\"name\":\"Biogroup Vietnam\",\"description\":\"Biogroup Vietnam cung c\u1ea5p d\u1ecbch v\u1ee5 k\u1ef9 thu\u1eadt c\u00f9ng thi\u1ebft b\u1ecb, v\u1eadt t\u01b0, h\u00f3a ch\u1ea5t v\u00e0 gi\u1ea3i ph\u00e1p sinh h\u1ecdc cho ph\u00f2ng th\u00ed nghi\u1ec7m c\u00f4ng ngh\u1ec7 sinh h\u1ecdc, y sinh v\u00e0 y h\u1ecdc t\u00e1i t\u1ea1o.\",\"potentialAction\":[{\"@type\":\"SearchAction\",\"target\":{\"@type\":\"EntryPoint\",\"urlTemplate\":\"https:\/\/biogroupvietnam.com\/vi\/?s={search_term_string}\"},\"query-input\":{\"@type\":\"PropertyValueSpecification\",\"valueRequired\":true,\"valueName\":\"search_term_string\"}}],\"inLanguage\":\"vi\"}]}<\/script>\n<!-- \/ Yoast SEO plugin. -->","yoast_head_json":{"title":"B\u1ed9 M\u00f4i Tr\u01b0\u1eddng T\u0103ng Sinh T\u1ebf B\u00e0o C\u01a1 Tim STEMdiff\u2122","description":"B\u1ed9 m\u00f4i tr\u01b0\u1eddng t\u0103ng sinh t\u1ebf b\u00e0o c\u01a1 tim STEMdiff\u2122 l\u00e0 m\u00f4i tr\u01b0\u1eddng kh\u00f4ng ch\u1ee9a huy\u1ebft thanh d\u00f9ng \u0111\u1ec3 t\u0103ng sinh c\u00e1c t\u1ebf b\u00e0o c\u01a1 tim ngu\u1ed3n g\u1ed1c t\u1eeb PSC giai \u0111o\u1ea1n s\u01a1 c\u1ea5p.","robots":{"index":"index","follow":"follow","max-snippet":"max-snippet:-1","max-image-preview":"max-image-preview:large","max-video-preview":"max-video-preview:-1"},"canonical":"https:\/\/biogroupvietnam.com\/vi\/san-pham\/bo-moi-truong-tang-sinh-te-bao-co-tim-stemdiff\/","og_locale":"vi_VN","og_type":"article","og_title":"B\u1ed9 M\u00f4i Tr\u01b0\u1eddng T\u0103ng Sinh T\u1ebf B\u00e0o C\u01a1 Tim STEMdiff\u2122","og_description":"B\u1ed9 m\u00f4i tr\u01b0\u1eddng t\u0103ng sinh t\u1ebf b\u00e0o c\u01a1 tim STEMdiff\u2122 l\u00e0 m\u00f4i tr\u01b0\u1eddng kh\u00f4ng ch\u1ee9a huy\u1ebft thanh d\u00f9ng \u0111\u1ec3 t\u0103ng sinh c\u00e1c t\u1ebf b\u00e0o c\u01a1 tim ngu\u1ed3n g\u1ed1c t\u1eeb PSC giai \u0111o\u1ea1n s\u01a1 c\u1ea5p.","og_url":"https:\/\/biogroupvietnam.com\/vi\/san-pham\/bo-moi-truong-tang-sinh-te-bao-co-tim-stemdiff\/","og_site_name":"Biogroup Vietnam","article_modified_time":"2026-04-02T07:01:27+00:00","og_image":[{"width":1640,"height":1260,"url":"https:\/\/biogroupvietnam.com\/wp-content\/uploads\/2025\/08\/bo-moi-truong-tang-sinh-te-bao-co-tim-stemdiff.jpg","type":"image\/jpeg"}],"twitter_card":"summary_large_image","twitter_misc":{"\u01af\u1edbc t\u00ednh th\u1eddi gian \u0111\u1ecdc":"5 ph\u00fat"},"schema":{"@context":"https:\/\/schema.org","@graph":[{"@type":"WebPage","@id":"https:\/\/biogroupvietnam.com\/vi\/san-pham\/bo-moi-truong-tang-sinh-te-bao-co-tim-stemdiff\/","url":"https:\/\/biogroupvietnam.com\/vi\/san-pham\/bo-moi-truong-tang-sinh-te-bao-co-tim-stemdiff\/","name":"B\u1ed9 M\u00f4i Tr\u01b0\u1eddng T\u0103ng Sinh T\u1ebf B\u00e0o C\u01a1 Tim STEMdiff\u2122","isPartOf":{"@id":"https:\/\/biogroupvietnam.com\/vi\/#website"},"primaryImageOfPage":{"@id":"https:\/\/biogroupvietnam.com\/vi\/san-pham\/bo-moi-truong-tang-sinh-te-bao-co-tim-stemdiff\/#primaryimage"},"image":{"@id":"https:\/\/biogroupvietnam.com\/vi\/san-pham\/bo-moi-truong-tang-sinh-te-bao-co-tim-stemdiff\/#primaryimage"},"thumbnailUrl":"https:\/\/biogroupvietnam.com\/wp-content\/uploads\/2025\/08\/bo-moi-truong-tang-sinh-te-bao-co-tim-stemdiff.jpg","datePublished":"2025-08-18T12:54:42+00:00","dateModified":"2026-04-02T07:01:27+00:00","description":"B\u1ed9 m\u00f4i tr\u01b0\u1eddng t\u0103ng sinh t\u1ebf b\u00e0o c\u01a1 tim STEMdiff\u2122 l\u00e0 m\u00f4i tr\u01b0\u1eddng kh\u00f4ng ch\u1ee9a huy\u1ebft thanh d\u00f9ng \u0111\u1ec3 t\u0103ng sinh c\u00e1c t\u1ebf b\u00e0o c\u01a1 tim ngu\u1ed3n g\u1ed1c t\u1eeb PSC giai \u0111o\u1ea1n s\u01a1 c\u1ea5p.","breadcrumb":{"@id":"https:\/\/biogroupvietnam.com\/vi\/san-pham\/bo-moi-truong-tang-sinh-te-bao-co-tim-stemdiff\/#breadcrumb"},"inLanguage":"vi","potentialAction":[{"@type":"ReadAction","target":["https:\/\/biogroupvietnam.com\/vi\/san-pham\/bo-moi-truong-tang-sinh-te-bao-co-tim-stemdiff\/"]}]},{"@type":"ImageObject","inLanguage":"vi","@id":"https:\/\/biogroupvietnam.com\/vi\/san-pham\/bo-moi-truong-tang-sinh-te-bao-co-tim-stemdiff\/#primaryimage","url":"https:\/\/biogroupvietnam.com\/wp-content\/uploads\/2025\/08\/bo-moi-truong-tang-sinh-te-bao-co-tim-stemdiff.jpg","contentUrl":"https:\/\/biogroupvietnam.com\/wp-content\/uploads\/2025\/08\/bo-moi-truong-tang-sinh-te-bao-co-tim-stemdiff.jpg","width":1640,"height":1260,"caption":"B\u1ed9 M\u00f4i Tr\u01b0\u1eddng T\u0103ng Sinh T\u1ebf B\u00e0o C\u01a1 Tim STEMdiff\u2122"},{"@type":"BreadcrumbList","@id":"https:\/\/biogroupvietnam.com\/vi\/san-pham\/bo-moi-truong-tang-sinh-te-bao-co-tim-stemdiff\/#breadcrumb","itemListElement":[{"@type":"ListItem","position":1,"name":"Trang ch\u1ee7","item":"https:\/\/biogroupvietnam.com\/vi\/"},{"@type":"ListItem","position":2,"name":"S\u1ea3n ph\u1ea9m","item":"https:\/\/biogroupvietnam.com\/vi\/san-pham\/"},{"@type":"ListItem","position":3,"name":"Nu\u00f4i C\u1ea5y T\u1ebf B\u00e0o","item":"https:\/\/biogroupvietnam.com\/vi\/danh-muc-san-pham\/nuoi-cay-te-bao\/"},{"@type":"ListItem","position":4,"name":"T\u1ebf B\u00e0o G\u1ed1c \u0110a N\u0103ng (PSC)","item":"https:\/\/biogroupvietnam.com\/vi\/danh-muc-san-pham\/te-bao-goc-da-nang-psc\/"},{"@type":"ListItem","position":5,"name":"B\u1ed9 M\u00f4i Tr\u01b0\u1eddng T\u0103ng Sinh T\u1ebf B\u00e0o C\u01a1 Tim STEMdiff\u2122"}]},{"@type":"WebSite","@id":"https:\/\/biogroupvietnam.com\/vi\/#website","url":"https:\/\/biogroupvietnam.com\/vi\/","name":"Biogroup Vietnam","description":"Biogroup Vietnam cung c\u1ea5p d\u1ecbch v\u1ee5 k\u1ef9 thu\u1eadt c\u00f9ng thi\u1ebft b\u1ecb, v\u1eadt t\u01b0, h\u00f3a ch\u1ea5t v\u00e0 gi\u1ea3i ph\u00e1p sinh h\u1ecdc cho ph\u00f2ng th\u00ed nghi\u1ec7m c\u00f4ng ngh\u1ec7 sinh h\u1ecdc, y sinh v\u00e0 y h\u1ecdc t\u00e1i t\u1ea1o.","potentialAction":[{"@type":"SearchAction","target":{"@type":"EntryPoint","urlTemplate":"https:\/\/biogroupvietnam.com\/vi\/?s={search_term_string}"},"query-input":{"@type":"PropertyValueSpecification","valueRequired":true,"valueName":"search_term_string"}}],"inLanguage":"vi"}]}},"_links":{"self":[{"href":"https:\/\/biogroupvietnam.com\/vi\/wp-json\/wp\/v2\/product\/3926","targetHints":{"allow":["GET"]}}],"collection":[{"href":"https:\/\/biogroupvietnam.com\/vi\/wp-json\/wp\/v2\/product"}],"about":[{"href":"https:\/\/biogroupvietnam.com\/vi\/wp-json\/wp\/v2\/types\/product"}],"replies":[{"embeddable":true,"href":"https:\/\/biogroupvietnam.com\/vi\/wp-json\/wp\/v2\/comments?post=3926"}],"version-history":[{"count":6,"href":"https:\/\/biogroupvietnam.com\/vi\/wp-json\/wp\/v2\/product\/3926\/revisions"}],"predecessor-version":[{"id":9735,"href":"https:\/\/biogroupvietnam.com\/vi\/wp-json\/wp\/v2\/product\/3926\/revisions\/9735"}],"wp:featuredmedia":[{"embeddable":true,"href":"https:\/\/biogroupvietnam.com\/vi\/wp-json\/wp\/v2\/media\/10148"}],"wp:attachment":[{"href":"https:\/\/biogroupvietnam.com\/vi\/wp-json\/wp\/v2\/media?parent=3926"}],"wp:term":[{"taxonomy":"product_brand","embeddable":true,"href":"https:\/\/biogroupvietnam.com\/vi\/wp-json\/wp\/v2\/product_brand?post=3926"},{"taxonomy":"product_cat","embeddable":true,"href":"https:\/\/biogroupvietnam.com\/vi\/wp-json\/wp\/v2\/product_cat?post=3926"},{"taxonomy":"product_tag","embeddable":true,"href":"https:\/\/biogroupvietnam.com\/vi\/wp-json\/wp\/v2\/product_tag?post=3926"}],"curies":[{"name":"wp","href":"https:\/\/api.w.org\/{rel}","templated":true}]}}