{"id":3927,"date":"2025-08-18T19:54:42","date_gmt":"2025-08-18T12:54:42","guid":{"rendered":"http:\/\/biogroupvietnam-worldpress.local\/product\/import-placeholder-for-182\/"},"modified":"2026-03-12T17:35:31","modified_gmt":"2026-03-12T10:35:31","slug":"bom-dinh-luong-ap-suat-cao","status":"publish","type":"product","link":"https:\/\/biogroupvietnam.com\/vi\/san-pham\/bom-dinh-luong-ap-suat-cao\/","title":{"rendered":"B\u01a1m \u0110\u1ecbnh L\u01b0\u1ee3ng \u00c1p Su\u1ea5t Cao"},"content":{"rendered":"<h3><strong>B\u01a1m \u0111\u1ecbnh l\u01b0\u1ee3ng ch\u00ednh x\u00e1c d\u00f9ng trong ph\u00f2ng th\u00ed nghi\u1ec7m v\u00e0 trong s\u1ea3n xu\u1ea5t<\/strong><\/h3>\n<p>B\u01a1m \u0111\u1ecbnh l\u01b0\u1ee3ng KNAUER l\u00e0 lo\u1ea1i b\u01a1m hai piston c\u00f3 \u0111\u1ed9 ch\u00ednh x\u00e1c cao cho c\u00e1c \u1ee9ng d\u1ee5ng trong ng\u00e0nh c\u00f4ng nghi\u1ec7p h\u00f3a ch\u1ea5t v\u00e0 d\u01b0\u1ee3c ph\u1ea9m c\u0169ng nh\u01b0 trong nghi\u00ean c\u1ee9u v\u00e0 ph\u00e1t tri\u1ec3n. D\u00f9ng \u0111\u1ec3 b\u01a1m v\u00e0 \u0111\u1ecbnh l\u01b0\u1ee3ng ch\u1ea5t l\u1ecfng v\u00e0 dung m\u00f4i h\u1eefu c\u01a1, m\u00f4i tr\u01b0\u1eddng x\u00e2m th\u1ef1c (aggressive media) ho\u1eb7c kh\u00ed l\u1ecfng. C\u00e1c m\u00e1y b\u01a1m \u0111\u1ecbnh l\u01b0\u1ee3ng g\u00e2y \u1ea5n t\u01b0\u1ee3ng v\u1edbi kh\u1ea3 n\u0103ng ch\u1ed1ng h\u00f3a ch\u1ea5t cao, \u0111\u1ed9 ch\u00ednh x\u00e1c t\u1ed1c \u0111\u1ed9 d\u00f2ng ch\u1ea3y tuy\u1ec7t v\u1eddi v\u00e0 \u0111\u1ed9 rung th\u1ea5p c\u1ee7a m\u00f4i tr\u01b0\u1eddng \u0111\u01b0\u1ee3c b\u01a1m trong m\u1ed9t lo\u1ea1t c\u00e1c \u1ee9ng d\u1ee5ng:<\/p>\n<ul>\n<li>T\u1ed1c \u0111\u1ed9 d\u00f2ng t\u1eeb 10 ml\/ph\u00fat \u0111\u1ebfn 1 ml\/ ph\u00fat.<\/li>\n<li>Kho\u1ea3ng \u00e1p su\u1ea5t b\u01a1m cao l\u00ean \u0111\u1ebfn 650 bar.<\/li>\n<li>Kho\u1ea3ng nhi\u1ec7t \u0111\u1ed9 l\u00e0m vi\u1ec7c (b\u01a1m) r\u1ed9ng: t\u1eeb -10\u00b0C \u0111\u1ebfn 120\u00b0C.<\/li>\n<li>\u0110\u1ed9 nh\u1edbt c\u1ee7a ch\u1ea5t l\u1ecfng l\u00ean \u0111\u1ebfn 1 mPa-s<\/li>\n<\/ul>\n<p>B\u01a1m \u0111\u1ecbnh l\u01b0\u1ee3ng c\u1ee7a KNAUER (\u0110\u1ee9c) c\u00f3 th\u1ec3 \u0111\u01b0\u1ee3c s\u1eed d\u1ee5ng cho nhi\u1ec1u \u1ee9ng d\u1ee5ng \u0111\u1ecbnh l\u01b0\u1ee3ng kh\u00e1c nhau. V\u1eadn h\u00e0nh \u0111\u1ed9c l\u1eadp, nhanh v\u00e0 d\u1ec5 d\u00e0ng qua m\u00e0n h\u00ecnh v\u00e0 b\u1eb1ng c\u00e1c n\u00fat \u0111i\u1ec1u khi\u1ec3n. V\u1edbi t\u00ednh n\u0103ng \u0111i\u1ec1u khi\u1ec3n t\u1eeb xa (ch\u1ecdn th\u00eam), c\u00e1c m\u00e1y b\u01a1m \u0111\u1ecbnh l\u01b0\u1ee3ng c\u00f3 th\u1ec3 \u0111\u01b0\u1ee3c t\u00edch h\u1ee3p v\u00e0o h\u1ea7u h\u1ebft c\u00e1c quy tr\u00ecnh R&amp;D v\u00e0 s\u1ea3n xu\u1ea5t.<\/p>\n<p>Nh\u1edd c\u00f4ng ngh\u1ec7 RFID t\u00edch h\u1ee3p, \u0111\u1ea7u b\u01a1m c\u00f3 th\u1ec3 thay th\u1ebf \u0111\u1ec3 gi\u1ea3m thi\u1ec3u th\u1eddi gian ng\u1eebng ho\u1ea1t \u0111\u1ed9ng c\u1ee7a b\u01a1m trong khi v\u1eabn duy tr\u00ec t\u00ednh linh ho\u1ea1t t\u1ed1i \u0111a li\u00ean quan \u0111\u1ebfn l\u01b0u l\u01b0\u1ee3ng b\u01a1m v\u00e0 kho\u1ea3ng \u00e1p su\u1ea5t b\u01a1m.<\/p>\n<p>X\u00e1c \u0111\u1ecbnh c\u00e1c th\u00f4ng s\u1ed1 k\u1ef9 thu\u1eadt c\u1ea7n thi\u1ebft c\u1ee7a b\u01a1m \u0111\u1ecbnh l\u01b0\u1ee3ng m\u00e0 Qu\u00fd v\u1ecb c\u1ea7n trang b\u1ecb v\u00e0 li\u00ean h\u1ec7 v\u1edbi ch\u00fang t\u00f4i \u0111\u1ec3 \u0111\u01b0\u1ee3c cung c\u1ea5p khuy\u1ebfn ngh\u1ecb v\u1ec1 m\u00e1y b\u01a1m \u0111\u1ecbnh l\u01b0\u1ee3ng ph\u00f9 h\u1ee3p.<\/p>\n<ul>\n<li>Kho\u1ea3ng t\u1ed1c \u0111\u1ed9 d\u00f2ng v\u00e0 \u00e1p su\u1ea5t b\u01a1m.<\/li>\n<li>T\u01b0\u01a1ng th\u00edch h\u00f3a ch\u1ea5t\/ dung m\u00f4i g\u00ec?<\/li>\n<li>\u0110i\u1ec1u khi\u1ec3n b\u01a1m?<\/li>\n<li>B\u1ed9 \u0111i\u1ec1u khi\u1ec3n l\u01b0u l\u01b0\u1ee3ng b\u01a1m<\/li>\n<\/ul>\n","protected":false},"excerpt":{"rendered":"<p>B\u01a1m \u0111\u1ecbnh l\u01b0\u1ee3ng ch\u00ednh x\u00e1c d\u00f9ng trong ph\u00f2ng th\u00ed nghi\u1ec7m v\u00e0 trong s\u1ea3n xu\u1ea5t B\u01a1m \u0111\u1ecbnh l\u01b0\u1ee3ng KNAUER l\u00e0 lo\u1ea1i b\u01a1m hai piston c\u00f3 \u0111\u1ed9 ch\u00ednh x\u00e1c cao cho c\u00e1c \u1ee9ng d\u1ee5ng trong ng\u00e0nh c\u00f4ng nghi\u1ec7p h\u00f3a ch\u1ea5t v\u00e0 d\u01b0\u1ee3c ph\u1ea9m c\u0169ng nh\u01b0 trong nghi\u00ean c\u1ee9u v\u00e0 ph\u00e1t tri\u1ec3n. D\u00f9ng \u0111\u1ec3 b\u01a1m v\u00e0 \u0111\u1ecbnh l\u01b0\u1ee3ng<\/p>\n<div class=\"klb-readmore post-buttons\"><a class=\"button rounded primary\" href=\"https:\/\/biogroupvietnam.com\/vi\/san-pham\/bom-dinh-luong-ap-suat-cao\/\">Read More <i class=\"klbth-icon-right-arrow\"><\/i><\/a><\/div>\n","protected":false},"featured_media":9965,"comment_status":"closed","ping_status":"closed","template":"","meta":{"_acf_changed":false},"product_brand":[137],"product_cat":[119],"product_tag":[],"class_list":{"0":"post-3927","1":"product","2":"type-product","3":"status-publish","4":"has-post-thumbnail","6":"product_brand-knauer","7":"product_cat-tinh-che-protein","9":"first","10":"outofstock","11":"shipping-taxable","12":"product-type-simple"},"acf":[],"yoast_head":"<!-- This site is optimized with the Yoast SEO plugin v26.8 - https:\/\/yoast.com\/product\/yoast-seo-wordpress\/ -->\n<title>B\u01a1m \u0110\u1ecbnh L\u01b0\u1ee3ng \u00c1p Su\u1ea5t Cao<\/title>\n<meta name=\"description\" content=\"B\u01a1m \u0111\u1ecbnh l\u01b0\u1ee3ng KNAUER l\u00e0 lo\u1ea1i b\u01a1m hai piston c\u00f3 \u0111\u1ed9 ch\u00ednh x\u00e1c cao cho c\u00e1c \u1ee9ng d\u1ee5ng trong ng\u00e0nh c\u00f4ng nghi\u1ec7p h\u00f3a ch\u1ea5t v\u00e0 d\u01b0\u1ee3c ph\u1ea9m c\u0169ng nh\u01b0 trong nghi\u00ean c\u1ee9u v\u00e0 ph\u00e1t tri\u1ec3n.\" \/>\n<meta name=\"robots\" content=\"index, follow, max-snippet:-1, max-image-preview:large, max-video-preview:-1\" \/>\n<link rel=\"canonical\" href=\"https:\/\/biogroupvietnam.com\/vi\/san-pham\/bom-dinh-luong-ap-suat-cao\/\" \/>\n<meta property=\"og:locale\" content=\"vi_VN\" \/>\n<meta property=\"og:type\" content=\"article\" \/>\n<meta property=\"og:title\" content=\"B\u01a1m \u0110\u1ecbnh L\u01b0\u1ee3ng \u00c1p Su\u1ea5t Cao\" \/>\n<meta property=\"og:description\" content=\"B\u01a1m \u0111\u1ecbnh l\u01b0\u1ee3ng KNAUER l\u00e0 lo\u1ea1i b\u01a1m hai piston c\u00f3 \u0111\u1ed9 ch\u00ednh x\u00e1c cao cho c\u00e1c \u1ee9ng d\u1ee5ng trong ng\u00e0nh c\u00f4ng nghi\u1ec7p h\u00f3a ch\u1ea5t v\u00e0 d\u01b0\u1ee3c ph\u1ea9m c\u0169ng nh\u01b0 trong nghi\u00ean c\u1ee9u v\u00e0 ph\u00e1t tri\u1ec3n.\" \/>\n<meta property=\"og:url\" content=\"https:\/\/biogroupvietnam.com\/vi\/san-pham\/bom-dinh-luong-ap-suat-cao\/\" \/>\n<meta property=\"og:site_name\" content=\"Biogroup Vietnam\" \/>\n<meta property=\"article:modified_time\" content=\"2026-03-12T10:35:31+00:00\" \/>\n<meta property=\"og:image\" content=\"https:\/\/biogroupvietnam.com\/wp-content\/uploads\/2025\/08\/high-pressure-dosing-pumps.jpg\" \/>\n\t<meta property=\"og:image:width\" content=\"1640\" \/>\n\t<meta property=\"og:image:height\" content=\"1260\" \/>\n\t<meta property=\"og:image:type\" content=\"image\/jpeg\" \/>\n<meta name=\"twitter:card\" content=\"summary_large_image\" \/>\n<meta name=\"twitter:label1\" content=\"\u01af\u1edbc t\u00ednh th\u1eddi gian \u0111\u1ecdc\" \/>\n\t<meta name=\"twitter:data1\" content=\"2 ph\u00fat\" \/>\n<script type=\"application\/ld+json\" class=\"yoast-schema-graph\">{\"@context\":\"https:\/\/schema.org\",\"@graph\":[{\"@type\":\"WebPage\",\"@id\":\"https:\/\/biogroupvietnam.com\/vi\/san-pham\/bom-dinh-luong-ap-suat-cao\/\",\"url\":\"https:\/\/biogroupvietnam.com\/vi\/san-pham\/bom-dinh-luong-ap-suat-cao\/\",\"name\":\"B\u01a1m \u0110\u1ecbnh L\u01b0\u1ee3ng \u00c1p Su\u1ea5t Cao\",\"isPartOf\":{\"@id\":\"https:\/\/biogroupvietnam.com\/vi\/#website\"},\"primaryImageOfPage\":{\"@id\":\"https:\/\/biogroupvietnam.com\/vi\/san-pham\/bom-dinh-luong-ap-suat-cao\/#primaryimage\"},\"image\":{\"@id\":\"https:\/\/biogroupvietnam.com\/vi\/san-pham\/bom-dinh-luong-ap-suat-cao\/#primaryimage\"},\"thumbnailUrl\":\"https:\/\/biogroupvietnam.com\/wp-content\/uploads\/2025\/08\/high-pressure-dosing-pumps.jpg\",\"datePublished\":\"2025-08-18T12:54:42+00:00\",\"dateModified\":\"2026-03-12T10:35:31+00:00\",\"description\":\"B\u01a1m \u0111\u1ecbnh l\u01b0\u1ee3ng KNAUER l\u00e0 lo\u1ea1i b\u01a1m hai piston c\u00f3 \u0111\u1ed9 ch\u00ednh x\u00e1c cao cho c\u00e1c \u1ee9ng d\u1ee5ng trong ng\u00e0nh c\u00f4ng nghi\u1ec7p h\u00f3a ch\u1ea5t v\u00e0 d\u01b0\u1ee3c ph\u1ea9m c\u0169ng nh\u01b0 trong nghi\u00ean c\u1ee9u v\u00e0 ph\u00e1t tri\u1ec3n.\",\"breadcrumb\":{\"@id\":\"https:\/\/biogroupvietnam.com\/vi\/san-pham\/bom-dinh-luong-ap-suat-cao\/#breadcrumb\"},\"inLanguage\":\"vi\",\"potentialAction\":[{\"@type\":\"ReadAction\",\"target\":[\"https:\/\/biogroupvietnam.com\/vi\/san-pham\/bom-dinh-luong-ap-suat-cao\/\"]}]},{\"@type\":\"ImageObject\",\"inLanguage\":\"vi\",\"@id\":\"https:\/\/biogroupvietnam.com\/vi\/san-pham\/bom-dinh-luong-ap-suat-cao\/#primaryimage\",\"url\":\"https:\/\/biogroupvietnam.com\/wp-content\/uploads\/2025\/08\/high-pressure-dosing-pumps.jpg\",\"contentUrl\":\"https:\/\/biogroupvietnam.com\/wp-content\/uploads\/2025\/08\/high-pressure-dosing-pumps.jpg\",\"width\":1640,\"height\":1260,\"caption\":\"High-pressure Dosing Pumps\"},{\"@type\":\"BreadcrumbList\",\"@id\":\"https:\/\/biogroupvietnam.com\/vi\/san-pham\/bom-dinh-luong-ap-suat-cao\/#breadcrumb\",\"itemListElement\":[{\"@type\":\"ListItem\",\"position\":1,\"name\":\"Trang ch\u1ee7\",\"item\":\"https:\/\/biogroupvietnam.com\/vi\/\"},{\"@type\":\"ListItem\",\"position\":2,\"name\":\"S\u1ea3n ph\u1ea9m\",\"item\":\"https:\/\/biogroupvietnam.com\/vi\/san-pham\/\"},{\"@type\":\"ListItem\",\"position\":3,\"name\":\"R&amp;D Sinh H\u1ecdc\",\"item\":\"https:\/\/biogroupvietnam.com\/vi\/danh-muc-san-pham\/rd-sinh-hoc\/\"},{\"@type\":\"ListItem\",\"position\":4,\"name\":\"Tinh Ch\u1ebf Protein\",\"item\":\"https:\/\/biogroupvietnam.com\/vi\/danh-muc-san-pham\/tinh-che-protein\/\"},{\"@type\":\"ListItem\",\"position\":5,\"name\":\"B\u01a1m \u0110\u1ecbnh L\u01b0\u1ee3ng \u00c1p Su\u1ea5t Cao\"}]},{\"@type\":\"WebSite\",\"@id\":\"https:\/\/biogroupvietnam.com\/vi\/#website\",\"url\":\"https:\/\/biogroupvietnam.com\/vi\/\",\"name\":\"Biogroup Vietnam\",\"description\":\"Biogroup Vietnam cung c\u1ea5p d\u1ecbch v\u1ee5 k\u1ef9 thu\u1eadt c\u00f9ng thi\u1ebft b\u1ecb, v\u1eadt t\u01b0, h\u00f3a ch\u1ea5t v\u00e0 gi\u1ea3i ph\u00e1p sinh h\u1ecdc cho ph\u00f2ng th\u00ed nghi\u1ec7m c\u00f4ng ngh\u1ec7 sinh h\u1ecdc, y sinh v\u00e0 y h\u1ecdc t\u00e1i t\u1ea1o.\",\"potentialAction\":[{\"@type\":\"SearchAction\",\"target\":{\"@type\":\"EntryPoint\",\"urlTemplate\":\"https:\/\/biogroupvietnam.com\/vi\/?s={search_term_string}\"},\"query-input\":{\"@type\":\"PropertyValueSpecification\",\"valueRequired\":true,\"valueName\":\"search_term_string\"}}],\"inLanguage\":\"vi\"}]}<\/script>\n<!-- \/ Yoast SEO plugin. -->","yoast_head_json":{"title":"B\u01a1m \u0110\u1ecbnh L\u01b0\u1ee3ng \u00c1p Su\u1ea5t Cao","description":"B\u01a1m \u0111\u1ecbnh l\u01b0\u1ee3ng KNAUER l\u00e0 lo\u1ea1i b\u01a1m hai piston c\u00f3 \u0111\u1ed9 ch\u00ednh x\u00e1c cao cho c\u00e1c \u1ee9ng d\u1ee5ng trong ng\u00e0nh c\u00f4ng nghi\u1ec7p h\u00f3a ch\u1ea5t v\u00e0 d\u01b0\u1ee3c ph\u1ea9m c\u0169ng nh\u01b0 trong nghi\u00ean c\u1ee9u v\u00e0 ph\u00e1t tri\u1ec3n.","robots":{"index":"index","follow":"follow","max-snippet":"max-snippet:-1","max-image-preview":"max-image-preview:large","max-video-preview":"max-video-preview:-1"},"canonical":"https:\/\/biogroupvietnam.com\/vi\/san-pham\/bom-dinh-luong-ap-suat-cao\/","og_locale":"vi_VN","og_type":"article","og_title":"B\u01a1m \u0110\u1ecbnh L\u01b0\u1ee3ng \u00c1p Su\u1ea5t Cao","og_description":"B\u01a1m \u0111\u1ecbnh l\u01b0\u1ee3ng KNAUER l\u00e0 lo\u1ea1i b\u01a1m hai piston c\u00f3 \u0111\u1ed9 ch\u00ednh x\u00e1c cao cho c\u00e1c \u1ee9ng d\u1ee5ng trong ng\u00e0nh c\u00f4ng nghi\u1ec7p h\u00f3a ch\u1ea5t v\u00e0 d\u01b0\u1ee3c ph\u1ea9m c\u0169ng nh\u01b0 trong nghi\u00ean c\u1ee9u v\u00e0 ph\u00e1t tri\u1ec3n.","og_url":"https:\/\/biogroupvietnam.com\/vi\/san-pham\/bom-dinh-luong-ap-suat-cao\/","og_site_name":"Biogroup Vietnam","article_modified_time":"2026-03-12T10:35:31+00:00","og_image":[{"width":1640,"height":1260,"url":"https:\/\/biogroupvietnam.com\/wp-content\/uploads\/2025\/08\/high-pressure-dosing-pumps.jpg","type":"image\/jpeg"}],"twitter_card":"summary_large_image","twitter_misc":{"\u01af\u1edbc t\u00ednh th\u1eddi gian \u0111\u1ecdc":"2 ph\u00fat"},"schema":{"@context":"https:\/\/schema.org","@graph":[{"@type":"WebPage","@id":"https:\/\/biogroupvietnam.com\/vi\/san-pham\/bom-dinh-luong-ap-suat-cao\/","url":"https:\/\/biogroupvietnam.com\/vi\/san-pham\/bom-dinh-luong-ap-suat-cao\/","name":"B\u01a1m \u0110\u1ecbnh L\u01b0\u1ee3ng \u00c1p Su\u1ea5t Cao","isPartOf":{"@id":"https:\/\/biogroupvietnam.com\/vi\/#website"},"primaryImageOfPage":{"@id":"https:\/\/biogroupvietnam.com\/vi\/san-pham\/bom-dinh-luong-ap-suat-cao\/#primaryimage"},"image":{"@id":"https:\/\/biogroupvietnam.com\/vi\/san-pham\/bom-dinh-luong-ap-suat-cao\/#primaryimage"},"thumbnailUrl":"https:\/\/biogroupvietnam.com\/wp-content\/uploads\/2025\/08\/high-pressure-dosing-pumps.jpg","datePublished":"2025-08-18T12:54:42+00:00","dateModified":"2026-03-12T10:35:31+00:00","description":"B\u01a1m \u0111\u1ecbnh l\u01b0\u1ee3ng KNAUER l\u00e0 lo\u1ea1i b\u01a1m hai piston c\u00f3 \u0111\u1ed9 ch\u00ednh x\u00e1c cao cho c\u00e1c \u1ee9ng d\u1ee5ng trong ng\u00e0nh c\u00f4ng nghi\u1ec7p h\u00f3a ch\u1ea5t v\u00e0 d\u01b0\u1ee3c ph\u1ea9m c\u0169ng nh\u01b0 trong nghi\u00ean c\u1ee9u v\u00e0 ph\u00e1t tri\u1ec3n.","breadcrumb":{"@id":"https:\/\/biogroupvietnam.com\/vi\/san-pham\/bom-dinh-luong-ap-suat-cao\/#breadcrumb"},"inLanguage":"vi","potentialAction":[{"@type":"ReadAction","target":["https:\/\/biogroupvietnam.com\/vi\/san-pham\/bom-dinh-luong-ap-suat-cao\/"]}]},{"@type":"ImageObject","inLanguage":"vi","@id":"https:\/\/biogroupvietnam.com\/vi\/san-pham\/bom-dinh-luong-ap-suat-cao\/#primaryimage","url":"https:\/\/biogroupvietnam.com\/wp-content\/uploads\/2025\/08\/high-pressure-dosing-pumps.jpg","contentUrl":"https:\/\/biogroupvietnam.com\/wp-content\/uploads\/2025\/08\/high-pressure-dosing-pumps.jpg","width":1640,"height":1260,"caption":"High-pressure Dosing Pumps"},{"@type":"BreadcrumbList","@id":"https:\/\/biogroupvietnam.com\/vi\/san-pham\/bom-dinh-luong-ap-suat-cao\/#breadcrumb","itemListElement":[{"@type":"ListItem","position":1,"name":"Trang ch\u1ee7","item":"https:\/\/biogroupvietnam.com\/vi\/"},{"@type":"ListItem","position":2,"name":"S\u1ea3n ph\u1ea9m","item":"https:\/\/biogroupvietnam.com\/vi\/san-pham\/"},{"@type":"ListItem","position":3,"name":"R&amp;D Sinh H\u1ecdc","item":"https:\/\/biogroupvietnam.com\/vi\/danh-muc-san-pham\/rd-sinh-hoc\/"},{"@type":"ListItem","position":4,"name":"Tinh Ch\u1ebf Protein","item":"https:\/\/biogroupvietnam.com\/vi\/danh-muc-san-pham\/tinh-che-protein\/"},{"@type":"ListItem","position":5,"name":"B\u01a1m \u0110\u1ecbnh L\u01b0\u1ee3ng \u00c1p Su\u1ea5t Cao"}]},{"@type":"WebSite","@id":"https:\/\/biogroupvietnam.com\/vi\/#website","url":"https:\/\/biogroupvietnam.com\/vi\/","name":"Biogroup Vietnam","description":"Biogroup Vietnam cung c\u1ea5p d\u1ecbch v\u1ee5 k\u1ef9 thu\u1eadt c\u00f9ng thi\u1ebft b\u1ecb, v\u1eadt t\u01b0, h\u00f3a ch\u1ea5t v\u00e0 gi\u1ea3i ph\u00e1p sinh h\u1ecdc cho ph\u00f2ng th\u00ed nghi\u1ec7m c\u00f4ng ngh\u1ec7 sinh h\u1ecdc, y sinh v\u00e0 y h\u1ecdc t\u00e1i t\u1ea1o.","potentialAction":[{"@type":"SearchAction","target":{"@type":"EntryPoint","urlTemplate":"https:\/\/biogroupvietnam.com\/vi\/?s={search_term_string}"},"query-input":{"@type":"PropertyValueSpecification","valueRequired":true,"valueName":"search_term_string"}}],"inLanguage":"vi"}]}},"_links":{"self":[{"href":"https:\/\/biogroupvietnam.com\/vi\/wp-json\/wp\/v2\/product\/3927","targetHints":{"allow":["GET"]}}],"collection":[{"href":"https:\/\/biogroupvietnam.com\/vi\/wp-json\/wp\/v2\/product"}],"about":[{"href":"https:\/\/biogroupvietnam.com\/vi\/wp-json\/wp\/v2\/types\/product"}],"replies":[{"embeddable":true,"href":"https:\/\/biogroupvietnam.com\/vi\/wp-json\/wp\/v2\/comments?post=3927"}],"version-history":[{"count":4,"href":"https:\/\/biogroupvietnam.com\/vi\/wp-json\/wp\/v2\/product\/3927\/revisions"}],"predecessor-version":[{"id":9997,"href":"https:\/\/biogroupvietnam.com\/vi\/wp-json\/wp\/v2\/product\/3927\/revisions\/9997"}],"wp:featuredmedia":[{"embeddable":true,"href":"https:\/\/biogroupvietnam.com\/vi\/wp-json\/wp\/v2\/media\/9965"}],"wp:attachment":[{"href":"https:\/\/biogroupvietnam.com\/vi\/wp-json\/wp\/v2\/media?parent=3927"}],"wp:term":[{"taxonomy":"product_brand","embeddable":true,"href":"https:\/\/biogroupvietnam.com\/vi\/wp-json\/wp\/v2\/product_brand?post=3927"},{"taxonomy":"product_cat","embeddable":true,"href":"https:\/\/biogroupvietnam.com\/vi\/wp-json\/wp\/v2\/product_cat?post=3927"},{"taxonomy":"product_tag","embeddable":true,"href":"https:\/\/biogroupvietnam.com\/vi\/wp-json\/wp\/v2\/product_tag?post=3927"}],"curies":[{"name":"wp","href":"https:\/\/api.w.org\/{rel}","templated":true}]}}