{"id":3928,"date":"2025-08-18T19:54:42","date_gmt":"2025-08-18T12:54:42","guid":{"rendered":"http:\/\/biogroupvietnam-worldpress.local\/product\/import-placeholder-for-183\/"},"modified":"2026-02-23T12:02:29","modified_gmt":"2026-02-23T05:02:29","slug":"permalife-cell-culture-bags","status":"publish","type":"product","link":"https:\/\/biogroupvietnam.com\/vi\/san-pham\/permalife-cell-culture-bags\/","title":{"rendered":"T\u00fai Nu\u00f4i C\u1ea5y T\u1ebf B\u00e0o Permalife\u00ae"},"content":{"rendered":"<h2>T\u00fai nu\u00f4i c\u1ea5y t\u1ebf b\u00e0o d\u00f9ng m\u1ed9t l\u1ea7n cung c\u1ea5p gi\u1ea3i ph\u00e1p ch\u1ea5t l\u01b0\u1ee3ng cao, c\u00f3 th\u1ec3 m\u1edf r\u1ed9ng cho nhu c\u1ea7u tr\u1ecb li\u1ec7u t\u1ebf b\u00e0o c\u1ee7a b\u1ea1n.<\/h2>\n<h3><strong>T\u1ed5ng quan v\u1ec1 t\u00fai nu\u00f4i c\u1ea5y t\u1ebf b\u00e0o Permalife<\/strong>\u00ae<\/h3>\n<p>T\u00fai nu\u00f4i c\u1ea5y t\u1ebf b\u00e0o PermaLife\u00ae \u0111\u01b0\u1ee3c l\u00e0m b\u1eb1ng m\u00e0ng polyme fluoroetyl (FEP) th\u1ea5m kh\u00ed, trong su\u1ed1t v\u00e0 tr\u01a1 v\u1ec1 m\u1eb7t h\u00f3a h\u1ecdc. C\u00e1c t\u00fai d\u00f9ng m\u1ed9t l\u1ea7n \u0111\u01b0\u1ee3c cung c\u1ea5p v\u00f4 tr\u00f9ng v\u1edbi m\u1ed9t c\u1ed5ng kh\u00f4ng kim c\u00f3 th\u1ec3 v\u1ec7 sinh \u0111\u01b0\u1ee3c g\u1eafn v\u00e0o m\u1ed7i t\u00fai.<\/p>\n<p>T\u00fai PermaLife\u00a0\u0111\u01b0\u1ee3c s\u1eed d\u1ee5ng trong c\u00e1c \u1ee9ng d\u1ee5ng nu\u00f4i c\u1ea5y t\u1ebf b\u00e0o, cho ph\u00e9p t\u00fai ti\u1ebfp x\u00fac v\u1edbi nhi\u1ec1u \u0111i\u1ec1u ki\u1ec7n x\u1eed l\u00fd v\u00e0 thao t\u00e1c trong qu\u00e1 tr\u00ecnh s\u1eed d\u1ee5ng th\u00f4ng th\u01b0\u1eddng. Gi\u1ed1ng nh\u01b0 t\u1ea5t c\u1ea3 c\u00e1c s\u1ea3n ph\u1ea9m nu\u00f4i c\u1ea5y t\u1ebf b\u00e0o, c\u1ea7n h\u1ebft s\u1ee9c th\u1eadn tr\u1ecdng \u0111\u1ec3 \u0111\u1ea3m b\u1ea3o vi\u1ec7c x\u1eed l\u00fd kh\u00f4ng \u1ea3nh h\u01b0\u1edfng \u0111\u1ebfn t\u00ednh to\u00e0n v\u1eb9n c\u1ee7a s\u1ea3n ph\u1ea9m.<\/p>\n<h4><strong>M\u1ed9t c\u00e1ch t\u1ed1i \u01b0u \u0111\u1ec3 b\u1ea3o v\u1ec7 c\u00e1c t\u1ebf b\u00e0o nu\u00f4i c\u1ea5y quan tr\u1ecdng:<\/strong><\/h4>\n<ul>\n<li><strong>Tr\u01a1 v\u1ec1 m\u1eb7t h\u00f3a h\u1ecdc: <\/strong>M\u00e0ng FEP kh\u00f4ng c\u00f3 ch\u1ea5t h\u00f3a d\u1ebbo, kh\u00f4ng ch\u1ee9a ch\u1ea5t l\u00e0m d\u1ebbo ho\u1eb7c d\u01b0 l\u01b0\u1ee3ng h\u00f3a h\u1ecdc n\u00ean kh\u00f4ng l\u00e0m thay \u0111\u1ed5i th\u00e0nh ph\u1ea7n dung d\u1ecbch ch\u1ee9a trong t\u00fai nu\u00f4i c\u1ea5y t\u1ebf b\u00e0o. C\u00f3 s\u1eb5n v\u1edbi nhi\u1ec1u t\u00f9y ch\u1ecdn th\u1ec3 t\u00edch t\u1eeb 10ml \u0111\u1ebfn 3000ml.<\/li>\n<li><strong>Th\u1ea5m kh\u00ed \u2013 Kh\u00f4ng th\u1ea5m n\u01b0\u1edbc<\/strong>: M\u00e0ng Fluoroethyl polymer (FEP) c\u00f3 kh\u1ea3 n\u0103ng th\u1ea5m kh\u00ed v\u00e0 cung c\u1ea5p t\u1ed1c \u0111\u1ed9 truy\u1ec1n oxy, carbon dioxide v\u00e0 nit\u01a1 cao \u0111\u1ebfn c\u00e1c t\u1ebf b\u00e0o \u0111\u01b0\u1ee3c nu\u00f4i c\u1ea5y. Tuy nhi\u00ean, m\u00e0ng FEP th\u1ef1c t\u1ebf kh\u00f4ng th\u1ea5m n\u01b0\u1edbc n\u00ean l\u01b0\u1ee3ng n\u01b0\u1edbc th\u1ea5t tho\u00e1t t\u1eeb qu\u00e1 tr\u00ecnh nu\u00f4i c\u1ea5y t\u1ebf b\u00e0o l\u00e0 kh\u00f4ng \u0111\u00e1ng k\u1ec3.<\/li>\n<li><strong>\u0110\u1ed9 quang h\u1ecdc r\u00f5 r\u00e0ng<\/strong>: T\u00fai PermaLife trong su\u1ed1t cho ph\u00e9p quan s\u00e1t qu\u00e1 tr\u00ecnh nu\u00f4i c\u1ea5y t\u1ebf b\u00e0o d\u01b0\u1edbi k\u00ednh hi\u1ec3n vi m\u00e0 kh\u00f4ng g\u00e2y nguy c\u01a1 nhi\u1ec5m b\u1ea9n m\u00f4i tr\u01b0\u1eddng nu\u00f4i c\u1ea5y.<\/li>\n<li><strong>Nu\u00f4i c\u1ea5y v\u00f4 tr\u00f9ng<\/strong>: T\u1ea5t c\u1ea3 c\u00e1c t\u00fai \u0111\u1ec1u c\u00f3 m\u1ed9t van kh\u00f4ng kim \u0111\u1ea3m b\u1ea3o kh\u1ea3 n\u0103ng ti\u1ebfp c\u1eadn v\u00f4 tr\u00f9ng v\u00e0 gi\u1ea3m kh\u1ea3 n\u0103ng b\u1ecb kim \u0111\u00e2m. Van n\u00e0y gi\u00fap vi\u1ec7c n\u1ea1p m\u00f4i tr\u01b0\u1eddng v\u00e0 thu ho\u1ea1ch c\u00e1c t\u1ebf b\u00e0o d\u1ec5 d\u00e0ng. K\u00edch th\u01b0\u1edbc t\u00fai l\u1edbn h\u01a1n PL07-2G c\u00f3 th\u00eam m\u1ed9t c\u1ed5ng v\u1edbi c\u1ed5ng femal luer ho\u1eb7c c\u1ed5ng spike PVC.<\/li>\n<li><strong>Ti\u00eau chu\u1ea9n ch\u1ea5t l\u01b0\u1ee3ng: <\/strong>T\u00fai nu\u00f4i c\u1ea5y t\u1ebf b\u00e0o PermaLife c\u1ee7a OriGen s\u1ea3n xu\u1ea5t theo h\u01b0\u1edbng d\u1eabn GMP, \u0111\u01b0\u1ee3c \u0111\u00e1nh d\u1ea5u CE v\u00e0 \u0111\u1ea1t ti\u00eau chu\u1ea9n FDA 510(k), ISO 13485:2016 v\u00e0 MDSAP.<\/li>\n<\/ul>\n<h3><strong>\u1ee8ng d\u1ee5ng c\u1ee7a t\u00fai PermaLife\u00ae:<\/strong><\/h3>\n<p>T\u00fai OriGen Biomedical\u00ae PermaLife \u0111\u01b0\u1ee3c thi\u1ebft k\u1ebf \u0111\u1ec3 s\u1eed d\u1ee5ng trong nu\u00f4i c\u1ea5y v\u00e0 b\u1ea3o v\u1ec7 t\u1ebf b\u00e0o, b\u1ea3o qu\u1ea3n \u0111\u00f4ng l\u1ea1nh t\u1ebf b\u00e0o v\u00e0 m\u00f4.<\/p>\n<h3><strong>Th\u00f4ng tin k\u1ef9 thu\u1eadt v\u00e0 \u0111\u1eb7t h\u00e0ng:<\/strong><\/h3>\n<p>B\u1ed9 t\u00fai v\u00f4 tr\u00f9ng d\u00f9ng m\u1ed9t l\u1ea7n. \u0110\u00f3ng g\u00f3i ri\u00eang t\u1eebng c\u00e1i trong t\u00fai.<\/p>\n<table style=\"height: 1475px;\" width=\"738\">\n<tbody>\n<tr>\n<td style=\"text-align: center;\"><strong>M\u00e3 s\u1ed1<\/strong><\/td>\n<td style=\"text-align: center;\" width=\"321\"><strong>M\u00f4 t\u1ea3 s\u1ea3n ph\u1ea9m<\/strong><\/td>\n<td style=\"text-align: center;\" width=\"81\"><strong>Th\u1ec3 t\u00edch <\/strong><\/p>\n<p><strong>(ml)<\/strong><\/td>\n<td style=\"text-align: center;\" width=\"81\">\n<p style=\"text-align: center;\"><strong>Chi\u1ec1u r\u1ed9ng\u00a0<\/strong><\/p>\n<p style=\"text-align: center;\"><strong style=\"font-family: inherit; font-size: inherit;\">(cm)<\/strong><\/p>\n<\/td>\n<td>\n<p style=\"text-align: center;\"><strong>Chi\u1ec1u d\u00e0i <\/strong><\/p>\n<p style=\"text-align: center;\"><strong>(cm)<\/strong><\/p>\n<\/td>\n<\/tr>\n<tr>\n<td>\n<p style=\"text-align: center;\"><strong>PL07-2G<\/strong><\/p>\n<\/td>\n<td style=\"text-align: center;\" width=\"321\">1 c\u1ed5ng NFV<\/td>\n<td style=\"text-align: center;\" width=\"81\">10<\/td>\n<td style=\"text-align: center;\" width=\"81\">3<\/td>\n<td style=\"text-align: center;\">6,4<\/td>\n<\/tr>\n<tr>\n<td>\n<p style=\"text-align: center;\"><strong>PL30-2G<\/strong><\/p>\n<\/td>\n<td style=\"text-align: center;\" width=\"321\">1 c\u1ed5ng NFV v\u00e0 1 c\u1ed5ng c\u00f3 kh\u00f3a luer c\u00e1i c\u00f3 n\u1eafp \u0111\u1eady<\/td>\n<td style=\"text-align: center;\" width=\"81\">40<\/td>\n<td style=\"text-align: center;\" width=\"81\">8,9<\/td>\n<td>\n<p style=\"text-align: center;\">6,1<\/p>\n<\/td>\n<\/tr>\n<tr>\n<td>\n<p style=\"text-align: center;\"><strong>PL30T<\/strong><\/p>\n<\/td>\n<td style=\"text-align: center;\" width=\"321\">1 c\u1ed5ng c\u00f3 \u1ed1ng SCD k\u00edn 15cm v\u00e0 1 c\u1ed5ng c\u00f3 \u1ed1ng SCD 15cm v\u1edbi n\u00fat luer x\u1ed1p micron<\/td>\n<td style=\"text-align: center;\" width=\"81\">40<\/td>\n<td style=\"text-align: center;\" width=\"81\">8,9<\/td>\n<td style=\"text-align: center;\">6,1<\/td>\n<\/tr>\n<tr>\n<td style=\"text-align: center;\"><strong>PL70-2G<\/strong><\/td>\n<td style=\"text-align: center;\" width=\"321\">1 c\u1ed5ng NFV v\u00e0 1 c\u1ed5ng c\u00f3 kh\u00f3a luer c\u00e1i c\u00f3 n\u1eafp \u0111\u1eady<\/td>\n<td style=\"text-align: center;\" width=\"81\">100<\/td>\n<td style=\"text-align: center;\" width=\"81\">8,9<\/td>\n<td>\n<p style=\"text-align: center;\">9,7<\/p>\n<\/td>\n<\/tr>\n<tr>\n<td>\n<p style=\"text-align: center;\"><strong>PL120-2G<\/strong><\/p>\n<\/td>\n<td style=\"text-align: center;\" width=\"321\">1 c\u1ed5ng NFV v\u00e0 1 c\u1ed5ng c\u00f3 kh\u00f3a luer c\u00e1i c\u00f3 n\u1eafp \u0111\u1eady<\/td>\n<td style=\"text-align: center;\" width=\"81\">150<\/td>\n<td style=\"text-align: center;\" width=\"81\">8,9<\/td>\n<td style=\"text-align: center;\">14<\/td>\n<\/tr>\n<tr>\n<td style=\"text-align: center;\"><strong>PL120T<\/strong><\/td>\n<td style=\"text-align: center;\" width=\"321\">1 c\u1ed5ng c\u00f3 \u1ed1ng SCD k\u00edn 15cm v\u00e0 1 c\u1ed5ng c\u00f3 \u1ed1ng SCD 15cm v\u1edbi n\u00fat luer x\u1ed1p micron<\/td>\n<td style=\"text-align: center;\" width=\"81\">150<\/td>\n<td style=\"text-align: center;\" width=\"81\">8,9<\/td>\n<td>\n<p style=\"text-align: center;\">14<\/p>\n<\/td>\n<\/tr>\n<tr>\n<td>\n<p style=\"text-align: center;\"><strong>PL240-2G<\/strong><\/p>\n<\/td>\n<td style=\"text-align: center;\" width=\"321\">1 c\u1ed5ng NFV v\u00e0 1 c\u1ed5ng c\u00f3 kh\u00f3a luer c\u00e1i c\u00f3 n\u1eafp \u0111\u1eady<\/td>\n<td style=\"text-align: center;\" width=\"81\">300<\/td>\n<td style=\"text-align: center;\" width=\"81\">14<\/td>\n<td style=\"text-align: center;\">19,3<\/td>\n<\/tr>\n<tr>\n<td style=\"text-align: center;\"><strong>PL240T<\/strong><\/td>\n<td style=\"text-align: center;\" width=\"321\">1 c\u1ed5ng c\u00f3 \u1ed1ng SCD k\u00edn 15cm v\u00e0 1 c\u1ed5ng c\u00f3 \u1ed1ng SCD 15cm v\u1edbi n\u00fat luer x\u1ed1p micron<\/td>\n<td style=\"text-align: center;\" width=\"81\">300<\/td>\n<td style=\"text-align: center;\" width=\"81\">14<\/td>\n<td>\n<p style=\"text-align: center;\">19,3<\/p>\n<\/td>\n<\/tr>\n<tr>\n<td>\n<p style=\"text-align: center;\"><strong>PL325-2G<\/strong><\/p>\n<\/td>\n<td style=\"text-align: center;\" width=\"321\">1 c\u1ed5ng NFV v\u00e0 1 c\u1ed5ng c\u00f3 kh\u00f3a luer c\u00e1i c\u00f3 n\u1eafp \u0111\u1eady<\/td>\n<td style=\"text-align: center;\" width=\"81\">450<\/td>\n<td style=\"text-align: center;\" width=\"81\">14<\/td>\n<td style=\"text-align: center;\">25,9<\/td>\n<\/tr>\n<tr>\n<td>\n<p style=\"text-align: center;\"><strong>PL325T<\/strong><\/p>\n<\/td>\n<td style=\"text-align: center;\" width=\"321\">1 c\u1ed5ng c\u00f3 \u1ed1ng SCD k\u00edn 15cm v\u00e0 1 c\u1ed5ng c\u00f3 \u1ed1ng SCD 15cm v\u1edbi n\u00fat luer x\u1ed1p micron<\/td>\n<td style=\"text-align: center;\" width=\"81\">450<\/td>\n<td style=\"text-align: center;\" width=\"81\">14<\/td>\n<td style=\"text-align: center;\">25,9<\/td>\n<\/tr>\n<tr>\n<td style=\"text-align: center;\"><strong>PL500P-2G*<\/strong><\/td>\n<td style=\"text-align: center;\" width=\"321\">1 c\u1ed5ng NFV v\u00e0 1 c\u1ed5ng gai PVC, \u0111\u01b0\u1ee3c \u0111\u00f3ng g\u00f3i k\u00e8m theo c\u1ed5ng gai PVC b\u1ed5 sung, tr\u00ean thanh treo<\/td>\n<td style=\"text-align: center;\" width=\"81\">750<\/td>\n<td style=\"text-align: center;\" width=\"81\">29,2<\/td>\n<td>\n<p style=\"text-align: center;\">18<\/p>\n<\/td>\n<\/tr>\n<tr>\n<td style=\"text-align: center;\"><strong>PL750-2G<\/strong><\/td>\n<td style=\"text-align: center;\" width=\"321\">1 c\u1ed5ng NFV v\u00e0 1 c\u1ed5ng c\u00f3 kh\u00f3a luer c\u00e1i c\u00f3 n\u1eafp \u0111\u1eady, tr\u00ean thanh treo<\/td>\n<td style=\"text-align: center;\" width=\"81\">1000<\/td>\n<td style=\"text-align: center;\" width=\"81\">29,2<\/td>\n<td>\n<p style=\"text-align: center;\">26,4<\/p>\n<\/td>\n<\/tr>\n<tr>\n<td>\n<p style=\"text-align: center;\"><strong>PL750T<\/strong><\/p>\n<\/td>\n<td style=\"text-align: center;\" width=\"321\">1 c\u1ed5ng c\u00f3 \u1ed1ng SCD k\u00edn 15cm v\u00e0 1 c\u1ed5ng c\u00f3 \u1ed1ng SCD k\u00edn 15cm v\u1edbi n\u00fat luer x\u1ed1p micron, tr\u00ean thanh treo<\/td>\n<td style=\"text-align: center;\" width=\"81\">1000<\/td>\n<td style=\"text-align: center;\" width=\"81\">29,2<\/td>\n<td>\n<p style=\"text-align: center;\">26,4<\/p>\n<\/td>\n<\/tr>\n<tr>\n<td style=\"text-align: center;\"><strong>PL1000P-2G<\/strong><\/td>\n<td style=\"text-align: center;\" width=\"321\">\n<p style=\"text-align: left;\">1 c\u1ed5ng NFV v\u00e0 1 c\u1ed5ng gai PVC, \u0111\u01b0\u1ee3c \u0111\u00f3ng g\u00f3i k\u00e8m theo c\u1ed5ng gai PVC b\u1ed5 sung, tr\u00ean thanh treo<\/p>\n<\/td>\n<td style=\"text-align: center;\" width=\"81\">1500<\/td>\n<td style=\"text-align: center;\" width=\"81\">29,2<\/td>\n<td>\n<p style=\"text-align: center;\">35<\/p>\n<\/td>\n<\/tr>\n<tr>\n<td style=\"text-align: center;\"><strong>PL2000P2-2G<\/strong><\/td>\n<td style=\"text-align: center;\" width=\"321\">\n<p style=\"text-align: left;\">1 c\u1ed5ng NFV v\u00e0 1 c\u1ed5ng c\u00f3 \u1ed1ng SCD k\u00edn 30cm, \u0111\u01b0\u1ee3c \u0111\u00f3ng g\u00f3i k\u00e8m theo n\u1eafp NFV b\u1ed5 sung, tr\u00ean thanh treo<\/p>\n<\/td>\n<td style=\"text-align: center;\" width=\"81\">3000<\/td>\n<td style=\"text-align: center;\" width=\"81\">45<\/td>\n<td>\n<p style=\"text-align: center;\">45,7<\/p>\n<\/td>\n<\/tr>\n<\/tbody>\n<\/table>\n<p><strong>*<\/strong>\u0110\u01a1n h\u00e0ng \u0111\u1eb7c bi\u1ec7t<\/p>\n","protected":false},"excerpt":{"rendered":"<p>T\u00fai nu\u00f4i c\u1ea5y t\u1ebf b\u00e0o d\u00f9ng m\u1ed9t l\u1ea7n cung c\u1ea5p gi\u1ea3i ph\u00e1p ch\u1ea5t l\u01b0\u1ee3ng cao, c\u00f3 th\u1ec3 m\u1edf r\u1ed9ng cho nhu c\u1ea7u tr\u1ecb li\u1ec7u t\u1ebf b\u00e0o c\u1ee7a b\u1ea1n. T\u1ed5ng quan v\u1ec1 t\u00fai nu\u00f4i c\u1ea5y t\u1ebf b\u00e0o Permalife\u00ae T\u00fai nu\u00f4i c\u1ea5y t\u1ebf b\u00e0o PermaLife\u00ae \u0111\u01b0\u1ee3c l\u00e0m b\u1eb1ng m\u00e0ng polyme fluoroetyl (FEP) th\u1ea5m kh\u00ed, trong su\u1ed1t v\u00e0<\/p>\n<div class=\"klb-readmore post-buttons\"><a class=\"button rounded primary\" href=\"https:\/\/biogroupvietnam.com\/vi\/san-pham\/permalife-cell-culture-bags\/\">Read More <i class=\"klbth-icon-right-arrow\"><\/i><\/a><\/div>\n","protected":false},"featured_media":8995,"comment_status":"closed","ping_status":"closed","template":"","meta":{"_acf_changed":false},"product_brand":[124],"product_cat":[120],"product_tag":[],"class_list":{"0":"post-3928","1":"product","2":"type-product","3":"status-publish","4":"has-post-thumbnail","6":"product_brand-origen-biomedical","7":"product_cat-vat-tu-tieu-hao","9":"first","10":"outofstock","11":"shipping-taxable","12":"product-type-simple"},"acf":[],"yoast_head":"<!-- This site is optimized with the Yoast SEO plugin v26.8 - https:\/\/yoast.com\/product\/yoast-seo-wordpress\/ -->\n<title>T\u00fai Nu\u00f4i C\u1ea5y T\u1ebf B\u00e0o Permalife\u00ae<\/title>\n<meta name=\"description\" content=\"T\u00fai nu\u00f4i c\u1ea5y t\u1ebf b\u00e0o d\u00f9ng m\u1ed9t l\u1ea7n cung c\u1ea5p gi\u1ea3i ph\u00e1p ch\u1ea5t l\u01b0\u1ee3ng cao, c\u00f3 th\u1ec3 m\u1edf r\u1ed9ng cho nhu c\u1ea7u tr\u1ecb li\u1ec7u t\u1ebf b\u00e0o c\u1ee7a b\u1ea1n.\" \/>\n<meta name=\"robots\" content=\"index, follow, max-snippet:-1, max-image-preview:large, max-video-preview:-1\" \/>\n<link rel=\"canonical\" href=\"https:\/\/biogroupvietnam.com\/vi\/san-pham\/permalife-cell-culture-bags\/\" \/>\n<meta property=\"og:locale\" content=\"vi_VN\" \/>\n<meta property=\"og:type\" content=\"article\" \/>\n<meta property=\"og:title\" content=\"T\u00fai Nu\u00f4i C\u1ea5y T\u1ebf B\u00e0o Permalife\u00ae\" \/>\n<meta property=\"og:description\" content=\"T\u00fai nu\u00f4i c\u1ea5y t\u1ebf b\u00e0o d\u00f9ng m\u1ed9t l\u1ea7n cung c\u1ea5p gi\u1ea3i ph\u00e1p ch\u1ea5t l\u01b0\u1ee3ng cao, c\u00f3 th\u1ec3 m\u1edf r\u1ed9ng cho nhu c\u1ea7u tr\u1ecb li\u1ec7u t\u1ebf b\u00e0o c\u1ee7a b\u1ea1n.\" \/>\n<meta property=\"og:url\" content=\"https:\/\/biogroupvietnam.com\/vi\/san-pham\/permalife-cell-culture-bags\/\" \/>\n<meta property=\"og:site_name\" content=\"Biogroup Vietnam\" \/>\n<meta property=\"article:modified_time\" content=\"2026-02-23T05:02:29+00:00\" \/>\n<meta property=\"og:image\" content=\"https:\/\/biogroupvietnam.com\/wp-content\/uploads\/2025\/08\/98.jpg\" \/>\n\t<meta property=\"og:image:width\" content=\"1640\" \/>\n\t<meta property=\"og:image:height\" content=\"1260\" \/>\n\t<meta property=\"og:image:type\" content=\"image\/jpeg\" \/>\n<meta name=\"twitter:card\" content=\"summary_large_image\" \/>\n<meta name=\"twitter:label1\" content=\"\u01af\u1edbc t\u00ednh th\u1eddi gian \u0111\u1ecdc\" \/>\n\t<meta name=\"twitter:data1\" content=\"5 ph\u00fat\" \/>\n<script type=\"application\/ld+json\" class=\"yoast-schema-graph\">{\"@context\":\"https:\/\/schema.org\",\"@graph\":[{\"@type\":\"WebPage\",\"@id\":\"https:\/\/biogroupvietnam.com\/vi\/san-pham\/permalife-cell-culture-bags\/\",\"url\":\"https:\/\/biogroupvietnam.com\/vi\/san-pham\/permalife-cell-culture-bags\/\",\"name\":\"T\u00fai Nu\u00f4i C\u1ea5y T\u1ebf B\u00e0o Permalife\u00ae\",\"isPartOf\":{\"@id\":\"https:\/\/biogroupvietnam.com\/vi\/#website\"},\"primaryImageOfPage\":{\"@id\":\"https:\/\/biogroupvietnam.com\/vi\/san-pham\/permalife-cell-culture-bags\/#primaryimage\"},\"image\":{\"@id\":\"https:\/\/biogroupvietnam.com\/vi\/san-pham\/permalife-cell-culture-bags\/#primaryimage\"},\"thumbnailUrl\":\"https:\/\/biogroupvietnam.com\/wp-content\/uploads\/2025\/08\/98.jpg\",\"datePublished\":\"2025-08-18T12:54:42+00:00\",\"dateModified\":\"2026-02-23T05:02:29+00:00\",\"description\":\"T\u00fai nu\u00f4i c\u1ea5y t\u1ebf b\u00e0o d\u00f9ng m\u1ed9t l\u1ea7n cung c\u1ea5p gi\u1ea3i ph\u00e1p ch\u1ea5t l\u01b0\u1ee3ng cao, c\u00f3 th\u1ec3 m\u1edf r\u1ed9ng cho nhu c\u1ea7u tr\u1ecb li\u1ec7u t\u1ebf b\u00e0o c\u1ee7a b\u1ea1n.\",\"breadcrumb\":{\"@id\":\"https:\/\/biogroupvietnam.com\/vi\/san-pham\/permalife-cell-culture-bags\/#breadcrumb\"},\"inLanguage\":\"vi\",\"potentialAction\":[{\"@type\":\"ReadAction\",\"target\":[\"https:\/\/biogroupvietnam.com\/vi\/san-pham\/permalife-cell-culture-bags\/\"]}]},{\"@type\":\"ImageObject\",\"inLanguage\":\"vi\",\"@id\":\"https:\/\/biogroupvietnam.com\/vi\/san-pham\/permalife-cell-culture-bags\/#primaryimage\",\"url\":\"https:\/\/biogroupvietnam.com\/wp-content\/uploads\/2025\/08\/98.jpg\",\"contentUrl\":\"https:\/\/biogroupvietnam.com\/wp-content\/uploads\/2025\/08\/98.jpg\",\"width\":1640,\"height\":1260},{\"@type\":\"BreadcrumbList\",\"@id\":\"https:\/\/biogroupvietnam.com\/vi\/san-pham\/permalife-cell-culture-bags\/#breadcrumb\",\"itemListElement\":[{\"@type\":\"ListItem\",\"position\":1,\"name\":\"Trang ch\u1ee7\",\"item\":\"https:\/\/biogroupvietnam.com\/vi\/\"},{\"@type\":\"ListItem\",\"position\":2,\"name\":\"S\u1ea3n ph\u1ea9m\",\"item\":\"https:\/\/biogroupvietnam.com\/vi\/san-pham\/\"},{\"@type\":\"ListItem\",\"position\":3,\"name\":\"R&amp;D Sinh H\u1ecdc\",\"item\":\"https:\/\/biogroupvietnam.com\/vi\/danh-muc-san-pham\/rd-sinh-hoc\/\"},{\"@type\":\"ListItem\",\"position\":4,\"name\":\"V\u1eadt T\u01b0 Ti\u00eau Hao\",\"item\":\"https:\/\/biogroupvietnam.com\/vi\/danh-muc-san-pham\/vat-tu-tieu-hao\/\"},{\"@type\":\"ListItem\",\"position\":5,\"name\":\"T\u00fai Nu\u00f4i C\u1ea5y T\u1ebf B\u00e0o Permalife\u00ae\"}]},{\"@type\":\"WebSite\",\"@id\":\"https:\/\/biogroupvietnam.com\/vi\/#website\",\"url\":\"https:\/\/biogroupvietnam.com\/vi\/\",\"name\":\"Biogroup Vietnam\",\"description\":\"Biogroup Vietnam cung c\u1ea5p d\u1ecbch v\u1ee5 k\u1ef9 thu\u1eadt c\u00f9ng thi\u1ebft b\u1ecb, v\u1eadt t\u01b0, h\u00f3a ch\u1ea5t v\u00e0 gi\u1ea3i ph\u00e1p sinh h\u1ecdc cho ph\u00f2ng th\u00ed nghi\u1ec7m c\u00f4ng ngh\u1ec7 sinh h\u1ecdc, y sinh v\u00e0 y h\u1ecdc t\u00e1i t\u1ea1o.\",\"potentialAction\":[{\"@type\":\"SearchAction\",\"target\":{\"@type\":\"EntryPoint\",\"urlTemplate\":\"https:\/\/biogroupvietnam.com\/vi\/?s={search_term_string}\"},\"query-input\":{\"@type\":\"PropertyValueSpecification\",\"valueRequired\":true,\"valueName\":\"search_term_string\"}}],\"inLanguage\":\"vi\"}]}<\/script>\n<!-- \/ Yoast SEO plugin. -->","yoast_head_json":{"title":"T\u00fai Nu\u00f4i C\u1ea5y T\u1ebf B\u00e0o Permalife\u00ae","description":"T\u00fai nu\u00f4i c\u1ea5y t\u1ebf b\u00e0o d\u00f9ng m\u1ed9t l\u1ea7n cung c\u1ea5p gi\u1ea3i ph\u00e1p ch\u1ea5t l\u01b0\u1ee3ng cao, c\u00f3 th\u1ec3 m\u1edf r\u1ed9ng cho nhu c\u1ea7u tr\u1ecb li\u1ec7u t\u1ebf b\u00e0o c\u1ee7a b\u1ea1n.","robots":{"index":"index","follow":"follow","max-snippet":"max-snippet:-1","max-image-preview":"max-image-preview:large","max-video-preview":"max-video-preview:-1"},"canonical":"https:\/\/biogroupvietnam.com\/vi\/san-pham\/permalife-cell-culture-bags\/","og_locale":"vi_VN","og_type":"article","og_title":"T\u00fai Nu\u00f4i C\u1ea5y T\u1ebf B\u00e0o Permalife\u00ae","og_description":"T\u00fai nu\u00f4i c\u1ea5y t\u1ebf b\u00e0o d\u00f9ng m\u1ed9t l\u1ea7n cung c\u1ea5p gi\u1ea3i ph\u00e1p ch\u1ea5t l\u01b0\u1ee3ng cao, c\u00f3 th\u1ec3 m\u1edf r\u1ed9ng cho nhu c\u1ea7u tr\u1ecb li\u1ec7u t\u1ebf b\u00e0o c\u1ee7a b\u1ea1n.","og_url":"https:\/\/biogroupvietnam.com\/vi\/san-pham\/permalife-cell-culture-bags\/","og_site_name":"Biogroup Vietnam","article_modified_time":"2026-02-23T05:02:29+00:00","og_image":[{"width":1640,"height":1260,"url":"https:\/\/biogroupvietnam.com\/wp-content\/uploads\/2025\/08\/98.jpg","type":"image\/jpeg"}],"twitter_card":"summary_large_image","twitter_misc":{"\u01af\u1edbc t\u00ednh th\u1eddi gian \u0111\u1ecdc":"5 ph\u00fat"},"schema":{"@context":"https:\/\/schema.org","@graph":[{"@type":"WebPage","@id":"https:\/\/biogroupvietnam.com\/vi\/san-pham\/permalife-cell-culture-bags\/","url":"https:\/\/biogroupvietnam.com\/vi\/san-pham\/permalife-cell-culture-bags\/","name":"T\u00fai Nu\u00f4i C\u1ea5y T\u1ebf B\u00e0o Permalife\u00ae","isPartOf":{"@id":"https:\/\/biogroupvietnam.com\/vi\/#website"},"primaryImageOfPage":{"@id":"https:\/\/biogroupvietnam.com\/vi\/san-pham\/permalife-cell-culture-bags\/#primaryimage"},"image":{"@id":"https:\/\/biogroupvietnam.com\/vi\/san-pham\/permalife-cell-culture-bags\/#primaryimage"},"thumbnailUrl":"https:\/\/biogroupvietnam.com\/wp-content\/uploads\/2025\/08\/98.jpg","datePublished":"2025-08-18T12:54:42+00:00","dateModified":"2026-02-23T05:02:29+00:00","description":"T\u00fai nu\u00f4i c\u1ea5y t\u1ebf b\u00e0o d\u00f9ng m\u1ed9t l\u1ea7n cung c\u1ea5p gi\u1ea3i ph\u00e1p ch\u1ea5t l\u01b0\u1ee3ng cao, c\u00f3 th\u1ec3 m\u1edf r\u1ed9ng cho nhu c\u1ea7u tr\u1ecb li\u1ec7u t\u1ebf b\u00e0o c\u1ee7a b\u1ea1n.","breadcrumb":{"@id":"https:\/\/biogroupvietnam.com\/vi\/san-pham\/permalife-cell-culture-bags\/#breadcrumb"},"inLanguage":"vi","potentialAction":[{"@type":"ReadAction","target":["https:\/\/biogroupvietnam.com\/vi\/san-pham\/permalife-cell-culture-bags\/"]}]},{"@type":"ImageObject","inLanguage":"vi","@id":"https:\/\/biogroupvietnam.com\/vi\/san-pham\/permalife-cell-culture-bags\/#primaryimage","url":"https:\/\/biogroupvietnam.com\/wp-content\/uploads\/2025\/08\/98.jpg","contentUrl":"https:\/\/biogroupvietnam.com\/wp-content\/uploads\/2025\/08\/98.jpg","width":1640,"height":1260},{"@type":"BreadcrumbList","@id":"https:\/\/biogroupvietnam.com\/vi\/san-pham\/permalife-cell-culture-bags\/#breadcrumb","itemListElement":[{"@type":"ListItem","position":1,"name":"Trang ch\u1ee7","item":"https:\/\/biogroupvietnam.com\/vi\/"},{"@type":"ListItem","position":2,"name":"S\u1ea3n ph\u1ea9m","item":"https:\/\/biogroupvietnam.com\/vi\/san-pham\/"},{"@type":"ListItem","position":3,"name":"R&amp;D Sinh H\u1ecdc","item":"https:\/\/biogroupvietnam.com\/vi\/danh-muc-san-pham\/rd-sinh-hoc\/"},{"@type":"ListItem","position":4,"name":"V\u1eadt T\u01b0 Ti\u00eau Hao","item":"https:\/\/biogroupvietnam.com\/vi\/danh-muc-san-pham\/vat-tu-tieu-hao\/"},{"@type":"ListItem","position":5,"name":"T\u00fai Nu\u00f4i C\u1ea5y T\u1ebf B\u00e0o Permalife\u00ae"}]},{"@type":"WebSite","@id":"https:\/\/biogroupvietnam.com\/vi\/#website","url":"https:\/\/biogroupvietnam.com\/vi\/","name":"Biogroup Vietnam","description":"Biogroup Vietnam cung c\u1ea5p d\u1ecbch v\u1ee5 k\u1ef9 thu\u1eadt c\u00f9ng thi\u1ebft b\u1ecb, v\u1eadt t\u01b0, h\u00f3a ch\u1ea5t v\u00e0 gi\u1ea3i ph\u00e1p sinh h\u1ecdc cho ph\u00f2ng th\u00ed nghi\u1ec7m c\u00f4ng ngh\u1ec7 sinh h\u1ecdc, y sinh v\u00e0 y h\u1ecdc t\u00e1i t\u1ea1o.","potentialAction":[{"@type":"SearchAction","target":{"@type":"EntryPoint","urlTemplate":"https:\/\/biogroupvietnam.com\/vi\/?s={search_term_string}"},"query-input":{"@type":"PropertyValueSpecification","valueRequired":true,"valueName":"search_term_string"}}],"inLanguage":"vi"}]}},"_links":{"self":[{"href":"https:\/\/biogroupvietnam.com\/vi\/wp-json\/wp\/v2\/product\/3928","targetHints":{"allow":["GET"]}}],"collection":[{"href":"https:\/\/biogroupvietnam.com\/vi\/wp-json\/wp\/v2\/product"}],"about":[{"href":"https:\/\/biogroupvietnam.com\/vi\/wp-json\/wp\/v2\/types\/product"}],"replies":[{"embeddable":true,"href":"https:\/\/biogroupvietnam.com\/vi\/wp-json\/wp\/v2\/comments?post=3928"}],"version-history":[{"count":5,"href":"https:\/\/biogroupvietnam.com\/vi\/wp-json\/wp\/v2\/product\/3928\/revisions"}],"predecessor-version":[{"id":9845,"href":"https:\/\/biogroupvietnam.com\/vi\/wp-json\/wp\/v2\/product\/3928\/revisions\/9845"}],"wp:featuredmedia":[{"embeddable":true,"href":"https:\/\/biogroupvietnam.com\/vi\/wp-json\/wp\/v2\/media\/8995"}],"wp:attachment":[{"href":"https:\/\/biogroupvietnam.com\/vi\/wp-json\/wp\/v2\/media?parent=3928"}],"wp:term":[{"taxonomy":"product_brand","embeddable":true,"href":"https:\/\/biogroupvietnam.com\/vi\/wp-json\/wp\/v2\/product_brand?post=3928"},{"taxonomy":"product_cat","embeddable":true,"href":"https:\/\/biogroupvietnam.com\/vi\/wp-json\/wp\/v2\/product_cat?post=3928"},{"taxonomy":"product_tag","embeddable":true,"href":"https:\/\/biogroupvietnam.com\/vi\/wp-json\/wp\/v2\/product_tag?post=3928"}],"curies":[{"name":"wp","href":"https:\/\/api.w.org\/{rel}","templated":true}]}}