{"id":3929,"date":"2025-08-18T19:54:43","date_gmt":"2025-08-18T12:54:43","guid":{"rendered":"http:\/\/biogroupvietnam-worldpress.local\/product\/import-placeholder-for-184\/"},"modified":"2026-04-02T13:57:44","modified_gmt":"2026-04-02T06:57:44","slug":"mitomycin-c","status":"publish","type":"product","link":"https:\/\/biogroupvietnam.com\/vi\/san-pham\/mitomycin-c\/","title":{"rendered":"Mitomycin C"},"content":{"rendered":"<p>Mitomycin C kh\u00e1ng sinh, l\u00e0 ch\u1ea5t c\u00f3 t\u00e1c d\u1ee5ng alkyl h\u00f3a m\u1ea1ch \u0111\u00f4i DNA<\/p>\n<h3><strong>T\u1ed5ng quan ch\u1ea5t b\u1ed5 sung m\u00f4i tr\u01b0\u1eddng nu\u00f4i c\u1ea5y Mitomycin C<\/strong><\/h3>\n<p>Mitomycin C l\u00e0 m\u1ed9t lo\u1ea1i kh\u00e1ng sinh c\u00f3 kh\u1ea3 n\u0103ng alkyl h\u00f3a m\u1ea1ch \u0111\u00f4i DNA. N\u00f3 li\u00ean k\u1ebft c\u1ed9ng h\u00f3a tr\u1ecb v\u1edbi DNA, t\u1eeb \u0111\u00f3 \u1ee9c ch\u1ebf t\u1ed5ng h\u1ee3p DNA v\u00e0 t\u0103ng sinh t\u1ebf b\u00e0o. Ch\u1ea5t n\u00e0y ho\u1ea1t \u0111\u1ed9ng b\u1eb1ng c\u00e1ch k\u00edch ho\u1ea1t s\u1ef1 kh\u1eed th\u00f4ng qua pH th\u1ea5p, ho\u1eb7c b\u1eb1ng enzyme NAD(P)H: quinone oxidoreductase (DT-diaphorase) ho\u1eb7c NADH cytochrome c reductase (Cummings v\u00e0 c\u1ed9ng s\u1ef1, Mao v\u00e0 c\u1ed9ng s\u1ef1).<\/p>\n<p><strong>T\u00ean ph\u00e2n t\u1eed: <\/strong>Mitomycin C<\/p>\n<p><strong>T\u00ean kh\u00e1c:<\/strong> Ametycine; MMC; MitoExtra; Mitonco; Mitoplus; NSC 26980.<\/p>\n<p><strong>S\u1ed1 CAS:<\/strong> 50-07-7<\/p>\n<p><strong>C\u00f4ng th\u1ee9c ph\u00e2n t\u1eed:<\/strong> C\u2081\u2085H\u2081\u2088N\u2084O<\/p>\n<p><strong>Kh\u1ed1i l\u01b0\u1ee3ng ph\u00e2n t\u1eed: <\/strong>334.3 g\/mol<\/p>\n<p><strong>\u0110\u1ed9 tinh khi\u1ebft:<\/strong> \u2265 98%<\/p>\n<p><strong>T\u00ean h\u00f3a h\u1ecdc:<\/strong> 6-amino-8-[[(aminocarbonyl)oxy]methyl]-1,1aS,2,8S,8aR,8bS-hexahydro-8a-methoxy-5-methylazirino[2\u2019,3\u2019:3,4]pyrrolo[1,2-a]indole-4,7-dione.<\/p>\n<h3><strong>C\u1ea5u tr\u00fac<\/strong><\/h3>\n<h3 style=\"text-align: center;\"><img fetchpriority=\"high\" decoding=\"async\" src=\"https:\/\/biogroupvietnam.com\/uploads\/O1wSag7LNHEgSqyecTh3yMoaV2cUdh6bZA3N5o5y.png\" alt=\"\" width=\"261\" height=\"201\" \/><\/h3>\n<h3><strong>B\u1ea3o qu\u1ea3n v\u00e0 l\u01b0u tr\u1eef<\/strong><\/h3>\n<ul>\n<li>B\u1ea3o qu\u1ea3n \u1edf -20oC. Tr\u00e1nh ti\u1ebfp x\u00fac l\u00e2u v\u1edbi \u00e1nh s\u00e1ng.<\/li>\n<li>\u1ed4n \u0111\u1ecbnh trong 12 th\u00e1ng k\u1ec3 t\u1eeb ng\u00e0y ghi tr\u00ean nh\u00e3n h\u1ed9p.<\/li>\n<\/ul>\n<h3><strong>\u1ee8ng d\u1ee5ng<\/strong><\/h3>\n<ul>\n<li>Nghi\u00ean c\u1ee9u t\u1ebf b\u00e0o g\u1ed1c \u0111a n\u0103ng c\u1ee7a ng\u01b0\u1eddi, chu\u1ed9t<\/li>\n<li>Nghi\u00ean c\u1ee9u ung th\u01b0<\/li>\n<\/ul>\n<h3><strong>Th\u00f4ng tin \u0111\u1eb7t h\u00e0ng ch\u1ea5t b\u1ed5 sung m\u00f4i tr\u01b0\u1eddng nu\u00f4i c\u1ea5y Mitomycin C<\/strong><\/h3>\n<p>Catalog #73274: 10 mg<\/p>\n<p>Catalog # 100-1048: 50 mg<\/p>\n","protected":false},"excerpt":{"rendered":"<p>Mitomycin C kh\u00e1ng sinh, l\u00e0 ch\u1ea5t c\u00f3 t\u00e1c d\u1ee5ng alkyl h\u00f3a m\u1ea1ch \u0111\u00f4i DNA T\u1ed5ng quan ch\u1ea5t b\u1ed5 sung m\u00f4i tr\u01b0\u1eddng nu\u00f4i c\u1ea5y Mitomycin C Mitomycin C l\u00e0 m\u1ed9t lo\u1ea1i kh\u00e1ng sinh c\u00f3 kh\u1ea3 n\u0103ng alkyl h\u00f3a m\u1ea1ch \u0111\u00f4i DNA. N\u00f3 li\u00ean k\u1ebft c\u1ed9ng h\u00f3a tr\u1ecb v\u1edbi DNA, t\u1eeb \u0111\u00f3 \u1ee9c ch\u1ebf t\u1ed5ng h\u1ee3p DNA<\/p>\n<div class=\"klb-readmore post-buttons\"><a class=\"button rounded primary\" href=\"https:\/\/biogroupvietnam.com\/vi\/san-pham\/mitomycin-c\/\">Read More <i class=\"klbth-icon-right-arrow\"><\/i><\/a><\/div>\n","protected":false},"featured_media":10147,"comment_status":"closed","ping_status":"closed","template":"","meta":{"_acf_changed":false},"product_brand":[127],"product_cat":[90],"product_tag":[],"class_list":{"0":"post-3929","1":"product","2":"type-product","3":"status-publish","4":"has-post-thumbnail","6":"product_brand-stemcell-technologies","7":"product_cat-te-bao-goc-da-nang-psc","9":"first","10":"outofstock","11":"shipping-taxable","12":"product-type-simple"},"acf":[],"yoast_head":"<!-- This site is optimized with the Yoast SEO plugin v26.8 - https:\/\/yoast.com\/product\/yoast-seo-wordpress\/ -->\n<title>Mitomycin C<\/title>\n<meta name=\"description\" content=\"Mitomycin C kh\u00e1ng sinh, l\u00e0 ch\u1ea5t c\u00f3 t\u00e1c d\u1ee5ng alkyl h\u00f3a m\u1ea1ch \u0111\u00f4i DNA. \u1ee8ng d\u1ee5ng nghi\u00ean c\u1ee9u t\u1ebf b\u00e0o g\u1ed1c \u0111a n\u0103ng c\u1ee7a ng\u01b0\u1eddi, chu\u1ed9t hay nghi\u00ean c\u1ee9u ung th\u01b0.\" \/>\n<meta name=\"robots\" content=\"index, follow, max-snippet:-1, max-image-preview:large, max-video-preview:-1\" \/>\n<link rel=\"canonical\" href=\"https:\/\/biogroupvietnam.com\/vi\/san-pham\/mitomycin-c\/\" \/>\n<meta property=\"og:locale\" content=\"vi_VN\" \/>\n<meta property=\"og:type\" content=\"article\" \/>\n<meta property=\"og:title\" content=\"Mitomycin C\" \/>\n<meta property=\"og:description\" content=\"Mitomycin C kh\u00e1ng sinh, l\u00e0 ch\u1ea5t c\u00f3 t\u00e1c d\u1ee5ng alkyl h\u00f3a m\u1ea1ch \u0111\u00f4i DNA. \u1ee8ng d\u1ee5ng nghi\u00ean c\u1ee9u t\u1ebf b\u00e0o g\u1ed1c \u0111a n\u0103ng c\u1ee7a ng\u01b0\u1eddi, chu\u1ed9t hay nghi\u00ean c\u1ee9u ung th\u01b0.\" \/>\n<meta property=\"og:url\" content=\"https:\/\/biogroupvietnam.com\/vi\/san-pham\/mitomycin-c\/\" \/>\n<meta property=\"og:site_name\" content=\"Biogroup Vietnam\" \/>\n<meta property=\"article:modified_time\" content=\"2026-04-02T06:57:44+00:00\" \/>\n<meta property=\"og:image\" content=\"https:\/\/biogroupvietnam.com\/wp-content\/uploads\/2025\/08\/mitomycin-c.jpg\" \/>\n\t<meta property=\"og:image:width\" content=\"1640\" \/>\n\t<meta property=\"og:image:height\" content=\"1260\" \/>\n\t<meta property=\"og:image:type\" content=\"image\/jpeg\" \/>\n<meta name=\"twitter:card\" content=\"summary_large_image\" \/>\n<meta name=\"twitter:label1\" content=\"\u01af\u1edbc t\u00ednh th\u1eddi gian \u0111\u1ecdc\" \/>\n\t<meta name=\"twitter:data1\" content=\"2 ph\u00fat\" \/>\n<script type=\"application\/ld+json\" class=\"yoast-schema-graph\">{\"@context\":\"https:\/\/schema.org\",\"@graph\":[{\"@type\":\"WebPage\",\"@id\":\"https:\/\/biogroupvietnam.com\/vi\/san-pham\/mitomycin-c\/\",\"url\":\"https:\/\/biogroupvietnam.com\/vi\/san-pham\/mitomycin-c\/\",\"name\":\"Mitomycin C\",\"isPartOf\":{\"@id\":\"https:\/\/biogroupvietnam.com\/vi\/#website\"},\"primaryImageOfPage\":{\"@id\":\"https:\/\/biogroupvietnam.com\/vi\/san-pham\/mitomycin-c\/#primaryimage\"},\"image\":{\"@id\":\"https:\/\/biogroupvietnam.com\/vi\/san-pham\/mitomycin-c\/#primaryimage\"},\"thumbnailUrl\":\"https:\/\/biogroupvietnam.com\/wp-content\/uploads\/2025\/08\/mitomycin-c.jpg\",\"datePublished\":\"2025-08-18T12:54:43+00:00\",\"dateModified\":\"2026-04-02T06:57:44+00:00\",\"description\":\"Mitomycin C kh\u00e1ng sinh, l\u00e0 ch\u1ea5t c\u00f3 t\u00e1c d\u1ee5ng alkyl h\u00f3a m\u1ea1ch \u0111\u00f4i DNA. \u1ee8ng d\u1ee5ng nghi\u00ean c\u1ee9u t\u1ebf b\u00e0o g\u1ed1c \u0111a n\u0103ng c\u1ee7a ng\u01b0\u1eddi, chu\u1ed9t hay nghi\u00ean c\u1ee9u ung th\u01b0.\",\"breadcrumb\":{\"@id\":\"https:\/\/biogroupvietnam.com\/vi\/san-pham\/mitomycin-c\/#breadcrumb\"},\"inLanguage\":\"vi\",\"potentialAction\":[{\"@type\":\"ReadAction\",\"target\":[\"https:\/\/biogroupvietnam.com\/vi\/san-pham\/mitomycin-c\/\"]}]},{\"@type\":\"ImageObject\",\"inLanguage\":\"vi\",\"@id\":\"https:\/\/biogroupvietnam.com\/vi\/san-pham\/mitomycin-c\/#primaryimage\",\"url\":\"https:\/\/biogroupvietnam.com\/wp-content\/uploads\/2025\/08\/mitomycin-c.jpg\",\"contentUrl\":\"https:\/\/biogroupvietnam.com\/wp-content\/uploads\/2025\/08\/mitomycin-c.jpg\",\"width\":1640,\"height\":1260,\"caption\":\"Mitomycin C\"},{\"@type\":\"BreadcrumbList\",\"@id\":\"https:\/\/biogroupvietnam.com\/vi\/san-pham\/mitomycin-c\/#breadcrumb\",\"itemListElement\":[{\"@type\":\"ListItem\",\"position\":1,\"name\":\"Trang ch\u1ee7\",\"item\":\"https:\/\/biogroupvietnam.com\/vi\/\"},{\"@type\":\"ListItem\",\"position\":2,\"name\":\"S\u1ea3n ph\u1ea9m\",\"item\":\"https:\/\/biogroupvietnam.com\/vi\/san-pham\/\"},{\"@type\":\"ListItem\",\"position\":3,\"name\":\"Nu\u00f4i C\u1ea5y T\u1ebf B\u00e0o\",\"item\":\"https:\/\/biogroupvietnam.com\/vi\/danh-muc-san-pham\/nuoi-cay-te-bao\/\"},{\"@type\":\"ListItem\",\"position\":4,\"name\":\"T\u1ebf B\u00e0o G\u1ed1c \u0110a N\u0103ng (PSC)\",\"item\":\"https:\/\/biogroupvietnam.com\/vi\/danh-muc-san-pham\/te-bao-goc-da-nang-psc\/\"},{\"@type\":\"ListItem\",\"position\":5,\"name\":\"Mitomycin C\"}]},{\"@type\":\"WebSite\",\"@id\":\"https:\/\/biogroupvietnam.com\/vi\/#website\",\"url\":\"https:\/\/biogroupvietnam.com\/vi\/\",\"name\":\"Biogroup Vietnam\",\"description\":\"Biogroup Vietnam cung c\u1ea5p d\u1ecbch v\u1ee5 k\u1ef9 thu\u1eadt c\u00f9ng thi\u1ebft b\u1ecb, v\u1eadt t\u01b0, h\u00f3a ch\u1ea5t v\u00e0 gi\u1ea3i ph\u00e1p sinh h\u1ecdc cho ph\u00f2ng th\u00ed nghi\u1ec7m c\u00f4ng ngh\u1ec7 sinh h\u1ecdc, y sinh v\u00e0 y h\u1ecdc t\u00e1i t\u1ea1o.\",\"potentialAction\":[{\"@type\":\"SearchAction\",\"target\":{\"@type\":\"EntryPoint\",\"urlTemplate\":\"https:\/\/biogroupvietnam.com\/vi\/?s={search_term_string}\"},\"query-input\":{\"@type\":\"PropertyValueSpecification\",\"valueRequired\":true,\"valueName\":\"search_term_string\"}}],\"inLanguage\":\"vi\"}]}<\/script>\n<!-- \/ Yoast SEO plugin. -->","yoast_head_json":{"title":"Mitomycin C","description":"Mitomycin C kh\u00e1ng sinh, l\u00e0 ch\u1ea5t c\u00f3 t\u00e1c d\u1ee5ng alkyl h\u00f3a m\u1ea1ch \u0111\u00f4i DNA. \u1ee8ng d\u1ee5ng nghi\u00ean c\u1ee9u t\u1ebf b\u00e0o g\u1ed1c \u0111a n\u0103ng c\u1ee7a ng\u01b0\u1eddi, chu\u1ed9t hay nghi\u00ean c\u1ee9u ung th\u01b0.","robots":{"index":"index","follow":"follow","max-snippet":"max-snippet:-1","max-image-preview":"max-image-preview:large","max-video-preview":"max-video-preview:-1"},"canonical":"https:\/\/biogroupvietnam.com\/vi\/san-pham\/mitomycin-c\/","og_locale":"vi_VN","og_type":"article","og_title":"Mitomycin C","og_description":"Mitomycin C kh\u00e1ng sinh, l\u00e0 ch\u1ea5t c\u00f3 t\u00e1c d\u1ee5ng alkyl h\u00f3a m\u1ea1ch \u0111\u00f4i DNA. \u1ee8ng d\u1ee5ng nghi\u00ean c\u1ee9u t\u1ebf b\u00e0o g\u1ed1c \u0111a n\u0103ng c\u1ee7a ng\u01b0\u1eddi, chu\u1ed9t hay nghi\u00ean c\u1ee9u ung th\u01b0.","og_url":"https:\/\/biogroupvietnam.com\/vi\/san-pham\/mitomycin-c\/","og_site_name":"Biogroup Vietnam","article_modified_time":"2026-04-02T06:57:44+00:00","og_image":[{"width":1640,"height":1260,"url":"https:\/\/biogroupvietnam.com\/wp-content\/uploads\/2025\/08\/mitomycin-c.jpg","type":"image\/jpeg"}],"twitter_card":"summary_large_image","twitter_misc":{"\u01af\u1edbc t\u00ednh th\u1eddi gian \u0111\u1ecdc":"2 ph\u00fat"},"schema":{"@context":"https:\/\/schema.org","@graph":[{"@type":"WebPage","@id":"https:\/\/biogroupvietnam.com\/vi\/san-pham\/mitomycin-c\/","url":"https:\/\/biogroupvietnam.com\/vi\/san-pham\/mitomycin-c\/","name":"Mitomycin C","isPartOf":{"@id":"https:\/\/biogroupvietnam.com\/vi\/#website"},"primaryImageOfPage":{"@id":"https:\/\/biogroupvietnam.com\/vi\/san-pham\/mitomycin-c\/#primaryimage"},"image":{"@id":"https:\/\/biogroupvietnam.com\/vi\/san-pham\/mitomycin-c\/#primaryimage"},"thumbnailUrl":"https:\/\/biogroupvietnam.com\/wp-content\/uploads\/2025\/08\/mitomycin-c.jpg","datePublished":"2025-08-18T12:54:43+00:00","dateModified":"2026-04-02T06:57:44+00:00","description":"Mitomycin C kh\u00e1ng sinh, l\u00e0 ch\u1ea5t c\u00f3 t\u00e1c d\u1ee5ng alkyl h\u00f3a m\u1ea1ch \u0111\u00f4i DNA. \u1ee8ng d\u1ee5ng nghi\u00ean c\u1ee9u t\u1ebf b\u00e0o g\u1ed1c \u0111a n\u0103ng c\u1ee7a ng\u01b0\u1eddi, chu\u1ed9t hay nghi\u00ean c\u1ee9u ung th\u01b0.","breadcrumb":{"@id":"https:\/\/biogroupvietnam.com\/vi\/san-pham\/mitomycin-c\/#breadcrumb"},"inLanguage":"vi","potentialAction":[{"@type":"ReadAction","target":["https:\/\/biogroupvietnam.com\/vi\/san-pham\/mitomycin-c\/"]}]},{"@type":"ImageObject","inLanguage":"vi","@id":"https:\/\/biogroupvietnam.com\/vi\/san-pham\/mitomycin-c\/#primaryimage","url":"https:\/\/biogroupvietnam.com\/wp-content\/uploads\/2025\/08\/mitomycin-c.jpg","contentUrl":"https:\/\/biogroupvietnam.com\/wp-content\/uploads\/2025\/08\/mitomycin-c.jpg","width":1640,"height":1260,"caption":"Mitomycin C"},{"@type":"BreadcrumbList","@id":"https:\/\/biogroupvietnam.com\/vi\/san-pham\/mitomycin-c\/#breadcrumb","itemListElement":[{"@type":"ListItem","position":1,"name":"Trang ch\u1ee7","item":"https:\/\/biogroupvietnam.com\/vi\/"},{"@type":"ListItem","position":2,"name":"S\u1ea3n ph\u1ea9m","item":"https:\/\/biogroupvietnam.com\/vi\/san-pham\/"},{"@type":"ListItem","position":3,"name":"Nu\u00f4i C\u1ea5y T\u1ebf B\u00e0o","item":"https:\/\/biogroupvietnam.com\/vi\/danh-muc-san-pham\/nuoi-cay-te-bao\/"},{"@type":"ListItem","position":4,"name":"T\u1ebf B\u00e0o G\u1ed1c \u0110a N\u0103ng (PSC)","item":"https:\/\/biogroupvietnam.com\/vi\/danh-muc-san-pham\/te-bao-goc-da-nang-psc\/"},{"@type":"ListItem","position":5,"name":"Mitomycin C"}]},{"@type":"WebSite","@id":"https:\/\/biogroupvietnam.com\/vi\/#website","url":"https:\/\/biogroupvietnam.com\/vi\/","name":"Biogroup Vietnam","description":"Biogroup Vietnam cung c\u1ea5p d\u1ecbch v\u1ee5 k\u1ef9 thu\u1eadt c\u00f9ng thi\u1ebft b\u1ecb, v\u1eadt t\u01b0, h\u00f3a ch\u1ea5t v\u00e0 gi\u1ea3i ph\u00e1p sinh h\u1ecdc cho ph\u00f2ng th\u00ed nghi\u1ec7m c\u00f4ng ngh\u1ec7 sinh h\u1ecdc, y sinh v\u00e0 y h\u1ecdc t\u00e1i t\u1ea1o.","potentialAction":[{"@type":"SearchAction","target":{"@type":"EntryPoint","urlTemplate":"https:\/\/biogroupvietnam.com\/vi\/?s={search_term_string}"},"query-input":{"@type":"PropertyValueSpecification","valueRequired":true,"valueName":"search_term_string"}}],"inLanguage":"vi"}]}},"_links":{"self":[{"href":"https:\/\/biogroupvietnam.com\/vi\/wp-json\/wp\/v2\/product\/3929","targetHints":{"allow":["GET"]}}],"collection":[{"href":"https:\/\/biogroupvietnam.com\/vi\/wp-json\/wp\/v2\/product"}],"about":[{"href":"https:\/\/biogroupvietnam.com\/vi\/wp-json\/wp\/v2\/types\/product"}],"replies":[{"embeddable":true,"href":"https:\/\/biogroupvietnam.com\/vi\/wp-json\/wp\/v2\/comments?post=3929"}],"version-history":[{"count":7,"href":"https:\/\/biogroupvietnam.com\/vi\/wp-json\/wp\/v2\/product\/3929\/revisions"}],"predecessor-version":[{"id":9731,"href":"https:\/\/biogroupvietnam.com\/vi\/wp-json\/wp\/v2\/product\/3929\/revisions\/9731"}],"wp:featuredmedia":[{"embeddable":true,"href":"https:\/\/biogroupvietnam.com\/vi\/wp-json\/wp\/v2\/media\/10147"}],"wp:attachment":[{"href":"https:\/\/biogroupvietnam.com\/vi\/wp-json\/wp\/v2\/media?parent=3929"}],"wp:term":[{"taxonomy":"product_brand","embeddable":true,"href":"https:\/\/biogroupvietnam.com\/vi\/wp-json\/wp\/v2\/product_brand?post=3929"},{"taxonomy":"product_cat","embeddable":true,"href":"https:\/\/biogroupvietnam.com\/vi\/wp-json\/wp\/v2\/product_cat?post=3929"},{"taxonomy":"product_tag","embeddable":true,"href":"https:\/\/biogroupvietnam.com\/vi\/wp-json\/wp\/v2\/product_tag?post=3929"}],"curies":[{"name":"wp","href":"https:\/\/api.w.org\/{rel}","templated":true}]}}