{"id":3930,"date":"2025-08-18T19:54:43","date_gmt":"2025-08-18T12:54:43","guid":{"rendered":"http:\/\/biogroupvietnam-worldpress.local\/product\/import-placeholder-for-185\/"},"modified":"2026-04-02T13:53:26","modified_gmt":"2026-04-02T06:53:26","slug":"rosettesep-human-granulocyte-depletion-cocktail","status":"publish","type":"product","link":"https:\/\/biogroupvietnam.com\/vi\/san-pham\/rosettesep-human-granulocyte-depletion-cocktail\/","title":{"rendered":"B\u1ed9 kit RosetteSep\u2122 lo\u1ea1i b\u1ecf b\u1ea1ch c\u1ea7u h\u1ea1t trong m\u00e1u to\u00e0n ph\u1ea7n"},"content":{"rendered":"<h2>B\u1ed9 kit lo\u1ea1i b\u1ecf tr\u1ef1c ti\u1ebfp b\u1ea1ch c\u1ea7u h\u1ea1t (granulocyte) trong m\u00e1u to\u00e0n ph\u1ea7n c\u1ee7a ng\u01b0\u1eddi<\/h2>\n<h3><strong>T\u1ed5ng quan v\u1ec1 b\u1ed9 kit RosetteSep\u2122<\/strong><\/h3>\n<p>B\u1ed9 kit RosetteSep\u2122 nh\u1eafm \u0111\u1ebfn m\u1ee5c ti\u00eau lo\u1ea1i b\u1ecf b\u1ea1ch c\u1ea7u h\u1ea1t b\u1eb1ng c\u00e1c kh\u00e1ng th\u1ec3 \u0111\u1eb7c hi\u1ec7u tr\u00ean b\u1ec1 m\u1eb7t t\u1ebf b\u00e0o. H\u1ed7n h\u1ee3p kh\u00e1ng th\u1ec3 RosetteSepTM li\u00ean k\u1ebft ch\u00e9o c\u00e1c t\u1ebf b\u00e0o kh\u00f4ng mong mu\u1ed1n trong m\u00e1u to\u00e0n ph\u1ea7n c\u1ee7a ng\u01b0\u1eddi v\u1edbi t\u1ebf b\u00e0o h\u1ed3ng c\u1ea7u (red blood cells \u2013 RBCs), t\u1ea1o th\u00e0nh c\u1ee5m \u201cimmunorosettes\u201d. Khi ly t\u00e2m tr\u00ean m\u00f4i tr\u01b0\u1eddng gradient t\u1ec9 tr\u1ecdng nh\u01b0 <a href=\"https:\/\/biogroupvietnam.com\/vi\/products\/nghien-cuu-sinh-hoc\/phan-lap-te-bao\/dung-dich-lymphoprep-ly-tam-ty-trong.html\">Lymphoprep\u2122<\/a> (Danh m\u1ee5c #07801), c\u00e1c t\u1ebf b\u00e0o kh\u00f4ng mong mu\u1ed1n s\u1ebd k\u1ebft th\u00e0nh vi\u00ean c\u00f9ng v\u1edbi h\u1ed3ng c\u1ea7u. Trong khi \u0111\u00f3, c\u00e1c t\u1ebf b\u00e0o m\u1ee5c ti\u00eau kh\u00f4ng li\u00ean k\u1ebft v\u1edbi kh\u00e1ng th\u1ec3 v\u00e0 d\u1ec5 d\u00e0ng \u0111\u01b0\u1ee3c thu nh\u1eadn \u1edf n\u1ed3ng \u0111\u1ed9 cao trong ph\u00e2n l\u1edbp gi\u1eefa huy\u1ebft t\u01b0\u01a1ng v\u00e0 m\u00f4i tr\u01b0\u1eddng gradient t\u1ec9 tr\u1ecdng.<\/p>\n<p>C\u00e1c t\u1ebf b\u00e0o sau khi ph\u00e2n l\u1eadp \u0111\u01b0\u1ee3c s\u1eed d\u1ee5ng cho c\u00e1c \u1ee9ng d\u1ee5ng ti\u1ebfp theo nh\u01b0 d\u00f2ng ch\u1ea3y t\u1ebf b\u00e0o, nu\u00f4i c\u1ea5y, t\u00e1ch chi\u1ebft DNA\/RNA.<\/p>\n<h3><strong>\u01afu \u0111i\u1ec3m c\u1ee7a b\u1ed9 kit RosetteSep\u2122<\/strong><\/h3>\n<ul>\n<li>Nhanh, d\u1ec5 s\u1eed d\u1ee5ng<\/li>\n<li>Kh\u00f4ng y\u00eau c\u1ea7u s\u1eed d\u1ee5ng thi\u1ebft b\u1ecb \u0111\u1eb7c bi\u1ec7t ho\u1eb7c \u0111\u00e0o t\u1ea1o<\/li>\n<li>C\u00e1c t\u1ebf b\u00e0o m\u1ee5c ti\u00eau kh\u00f4ng b\u1ecb \u1ea3nh h\u01b0\u1edfng<\/li>\n<li>C\u00f3 th\u1ec3 k\u1ebft h\u1ee3p v\u1edbi <a href=\"https:\/\/biogroupvietnam.com\/vi\/products\/nghien-cuu-sinh-hoc\/phan-lap-te-bao\/ong-sepmate-50-ivd.html\">SepMate\u2122<\/a>\u00a0\u0111\u1ec3 x\u1eed l\u00ed m\u1eabu m\u1ed9t c\u00e1ch nh\u1ea5t qu\u00e1n, n\u0103ng su\u1ea5t cao.<\/li>\n<\/ul>\n<h3><strong>Th\u00e0nh ph\u1ea7n b\u1ed9 kit RosetteSepTM:<\/strong><\/h3>\n<p>H\u1ed7n h\u1ee3p kh\u00e1ng th\u1ec3 \u0111\u01a1n d\u00f2ng trong <a href=\"https:\/\/biogroupvietnam.com\/vi\/products\/nuoi-cay-te-bao\/tang-sinh-te-bao-msc\/dung-dich-pbs.html\">PBS<\/a><\/p>\n<h3><strong>B\u1ea3o qu\u1ea3n v\u00e0 l\u01b0u tr\u1eef:<\/strong><\/h3>\n<p>Nhi\u1ec7t \u0111\u1ed9 b\u1ea3o qu\u1ea3n: 2 &#8211; 8\u00b0C.<\/p>\n<p><i>L\u01b0u \u00fd: <\/i>C\u00e1c th\u00e0nh ph\u1ea7n c\u00f3 th\u1ec3 \u0111\u01b0\u1ee3c v\u1eadn chuy\u1ec3n \u1edf nhi\u1ec7t \u0111\u1ed9 ph\u00f2ng (15 \u2013 25\u00b0C) nh\u01b0ng ph\u1ea3i \u0111\u01b0\u1ee3c b\u1ea3o qu\u1ea3n \u1edf 2 &#8211; 8\u00b0C nh\u01b0 ch\u1ec9 d\u1eabn \u1edf tr\u00ean. Kh\u00f4ng \u0111\u00f4ng l\u1ea1nh m\u1eabu.<\/p>\n<p>Ng\u00e0y h\u1ebft h\u1ea1n \u0111\u01b0\u1ee3c ghi tr\u00ean nh\u00e3n h\u1ed9p.<\/p>\n<h3><strong>\u1ee8ng d\u1ee5ng<\/strong><\/h3>\n<p>B\u1ed9 kit \u0111\u01b0\u1ee3c thi\u1ebft k\u1ebf \u0111\u1ec3 s\u1eed d\u1ee5ng trong c\u00e1c l\u0129nh v\u1ef1c nh\u01b0: nghi\u00ean c\u1ee9u b\u1ea1ch c\u1ea7u h\u1ea1t, nghi\u00ean c\u1ee9u t\u1ebf b\u00e0o t\u1ee7y (myeloid cell).<\/p>\n<h3><strong>Th\u00f4ng tin \u0111\u1eb7t h\u00e0ng<\/strong><\/h3>\n<p>B\u1ed9 kit lo\u1ea1i b\u1ecf tr\u1ef1c ti\u1ebfp b\u1ea1ch c\u1ea7u h\u1ea1t trong m\u00e1u to\u00e0n ph\u1ea7n c\u1ee7a ng\u01b0\u1eddi bao g\u1ed3m:<\/p>\n<p>Catalog #15624: 1 x 2 mL, \u0111\u1ec3 x\u1eed l\u00ed 40 mL m\u00e1u to\u00e0n ph\u1ea7n<\/p>\n<p>Catalog #15664: 5 x 2mL, \u0111\u1ec3 x\u1eed l\u00ed 200 mL m\u00e1u to\u00e0n ph\u1ea7n<\/p>\n","protected":false},"excerpt":{"rendered":"<p>B\u1ed9 kit lo\u1ea1i b\u1ecf tr\u1ef1c ti\u1ebfp b\u1ea1ch c\u1ea7u h\u1ea1t (granulocyte) trong m\u00e1u to\u00e0n ph\u1ea7n c\u1ee7a ng\u01b0\u1eddi T\u1ed5ng quan v\u1ec1 b\u1ed9 kit RosetteSep\u2122 B\u1ed9 kit RosetteSep\u2122 nh\u1eafm \u0111\u1ebfn m\u1ee5c ti\u00eau lo\u1ea1i b\u1ecf b\u1ea1ch c\u1ea7u h\u1ea1t b\u1eb1ng c\u00e1c kh\u00e1ng th\u1ec3 \u0111\u1eb7c hi\u1ec7u tr\u00ean b\u1ec1 m\u1eb7t t\u1ebf b\u00e0o. H\u1ed7n h\u1ee3p kh\u00e1ng th\u1ec3 RosetteSepTM li\u00ean k\u1ebft ch\u00e9o c\u00e1c t\u1ebf<\/p>\n<div class=\"klb-readmore post-buttons\"><a class=\"button rounded primary\" href=\"https:\/\/biogroupvietnam.com\/vi\/san-pham\/rosettesep-human-granulocyte-depletion-cocktail\/\">Read More <i class=\"klbth-icon-right-arrow\"><\/i><\/a><\/div>\n","protected":false},"featured_media":10146,"comment_status":"closed","ping_status":"closed","template":"","meta":{"_acf_changed":false},"product_brand":[127],"product_cat":[115],"product_tag":[],"class_list":{"0":"post-3930","1":"product","2":"type-product","3":"status-publish","4":"has-post-thumbnail","6":"product_brand-stemcell-technologies","7":"product_cat-phan-lap-te-bao","9":"first","10":"outofstock","11":"shipping-taxable","12":"product-type-simple"},"acf":[],"yoast_head":"<!-- This site is optimized with the Yoast SEO plugin v26.8 - https:\/\/yoast.com\/product\/yoast-seo-wordpress\/ -->\n<title>B\u1ed9 kit RosetteSep\u2122 lo\u1ea1i b\u1ecf b\u1ea1ch c\u1ea7u h\u1ea1t trong m\u00e1u to\u00e0n ph\u1ea7n<\/title>\n<meta name=\"description\" content=\"B\u1ed9 kit RosetteSep\u2122 lo\u1ea1i b\u1ecf tr\u1ef1c ti\u1ebfp b\u1ea1ch c\u1ea7u h\u1ea1t (granulocyte) trong m\u00e1u to\u00e0n ph\u1ea7n c\u1ee7a ng\u01b0\u1eddi b\u1eb1ng c\u00e1c kh\u00e1ng th\u1ec3 b\u1ec1 m\u1eb7t \u0111\u1eb7c hi\u1ec7u.\" \/>\n<meta name=\"robots\" content=\"index, follow, max-snippet:-1, max-image-preview:large, max-video-preview:-1\" \/>\n<link rel=\"canonical\" href=\"https:\/\/biogroupvietnam.com\/vi\/san-pham\/rosettesep-human-granulocyte-depletion-cocktail\/\" \/>\n<meta property=\"og:locale\" content=\"vi_VN\" \/>\n<meta property=\"og:type\" content=\"article\" \/>\n<meta property=\"og:title\" content=\"B\u1ed9 kit RosetteSep\u2122 lo\u1ea1i b\u1ecf b\u1ea1ch c\u1ea7u h\u1ea1t trong m\u00e1u to\u00e0n ph\u1ea7n\" \/>\n<meta property=\"og:description\" content=\"B\u1ed9 kit RosetteSep\u2122 lo\u1ea1i b\u1ecf tr\u1ef1c ti\u1ebfp b\u1ea1ch c\u1ea7u h\u1ea1t (granulocyte) trong m\u00e1u to\u00e0n ph\u1ea7n c\u1ee7a ng\u01b0\u1eddi b\u1eb1ng c\u00e1c kh\u00e1ng th\u1ec3 b\u1ec1 m\u1eb7t \u0111\u1eb7c hi\u1ec7u.\" \/>\n<meta property=\"og:url\" content=\"https:\/\/biogroupvietnam.com\/vi\/san-pham\/rosettesep-human-granulocyte-depletion-cocktail\/\" \/>\n<meta property=\"og:site_name\" content=\"Biogroup Vietnam\" \/>\n<meta property=\"article:modified_time\" content=\"2026-04-02T06:53:26+00:00\" \/>\n<meta property=\"og:image\" content=\"https:\/\/biogroupvietnam.com\/wp-content\/uploads\/2025\/08\/bo-kit-rosettesep-loai-bo-bach-cau-hat-trong-mau-toan-phan.jpg\" \/>\n\t<meta property=\"og:image:width\" content=\"1640\" \/>\n\t<meta property=\"og:image:height\" content=\"1260\" \/>\n\t<meta property=\"og:image:type\" content=\"image\/jpeg\" \/>\n<meta name=\"twitter:card\" content=\"summary_large_image\" \/>\n<meta name=\"twitter:label1\" content=\"\u01af\u1edbc t\u00ednh th\u1eddi gian \u0111\u1ecdc\" \/>\n\t<meta name=\"twitter:data1\" content=\"3 ph\u00fat\" \/>\n<script type=\"application\/ld+json\" class=\"yoast-schema-graph\">{\"@context\":\"https:\/\/schema.org\",\"@graph\":[{\"@type\":\"WebPage\",\"@id\":\"https:\/\/biogroupvietnam.com\/vi\/san-pham\/rosettesep-human-granulocyte-depletion-cocktail\/\",\"url\":\"https:\/\/biogroupvietnam.com\/vi\/san-pham\/rosettesep-human-granulocyte-depletion-cocktail\/\",\"name\":\"B\u1ed9 kit RosetteSep\u2122 lo\u1ea1i b\u1ecf b\u1ea1ch c\u1ea7u h\u1ea1t trong m\u00e1u to\u00e0n ph\u1ea7n\",\"isPartOf\":{\"@id\":\"https:\/\/biogroupvietnam.com\/vi\/#website\"},\"primaryImageOfPage\":{\"@id\":\"https:\/\/biogroupvietnam.com\/vi\/san-pham\/rosettesep-human-granulocyte-depletion-cocktail\/#primaryimage\"},\"image\":{\"@id\":\"https:\/\/biogroupvietnam.com\/vi\/san-pham\/rosettesep-human-granulocyte-depletion-cocktail\/#primaryimage\"},\"thumbnailUrl\":\"https:\/\/biogroupvietnam.com\/wp-content\/uploads\/2025\/08\/bo-kit-rosettesep-loai-bo-bach-cau-hat-trong-mau-toan-phan.jpg\",\"datePublished\":\"2025-08-18T12:54:43+00:00\",\"dateModified\":\"2026-04-02T06:53:26+00:00\",\"description\":\"B\u1ed9 kit RosetteSep\u2122 lo\u1ea1i b\u1ecf tr\u1ef1c ti\u1ebfp b\u1ea1ch c\u1ea7u h\u1ea1t (granulocyte) trong m\u00e1u to\u00e0n ph\u1ea7n c\u1ee7a ng\u01b0\u1eddi b\u1eb1ng c\u00e1c kh\u00e1ng th\u1ec3 b\u1ec1 m\u1eb7t \u0111\u1eb7c hi\u1ec7u.\",\"breadcrumb\":{\"@id\":\"https:\/\/biogroupvietnam.com\/vi\/san-pham\/rosettesep-human-granulocyte-depletion-cocktail\/#breadcrumb\"},\"inLanguage\":\"vi\",\"potentialAction\":[{\"@type\":\"ReadAction\",\"target\":[\"https:\/\/biogroupvietnam.com\/vi\/san-pham\/rosettesep-human-granulocyte-depletion-cocktail\/\"]}]},{\"@type\":\"ImageObject\",\"inLanguage\":\"vi\",\"@id\":\"https:\/\/biogroupvietnam.com\/vi\/san-pham\/rosettesep-human-granulocyte-depletion-cocktail\/#primaryimage\",\"url\":\"https:\/\/biogroupvietnam.com\/wp-content\/uploads\/2025\/08\/bo-kit-rosettesep-loai-bo-bach-cau-hat-trong-mau-toan-phan.jpg\",\"contentUrl\":\"https:\/\/biogroupvietnam.com\/wp-content\/uploads\/2025\/08\/bo-kit-rosettesep-loai-bo-bach-cau-hat-trong-mau-toan-phan.jpg\",\"width\":1640,\"height\":1260,\"caption\":\"B\u1ed9 kit RosetteSep\u2122 lo\u1ea1i b\u1ecf b\u1ea1ch c\u1ea7u h\u1ea1t trong m\u00e1u to\u00e0n ph\u1ea7n\"},{\"@type\":\"BreadcrumbList\",\"@id\":\"https:\/\/biogroupvietnam.com\/vi\/san-pham\/rosettesep-human-granulocyte-depletion-cocktail\/#breadcrumb\",\"itemListElement\":[{\"@type\":\"ListItem\",\"position\":1,\"name\":\"Trang ch\u1ee7\",\"item\":\"https:\/\/biogroupvietnam.com\/vi\/\"},{\"@type\":\"ListItem\",\"position\":2,\"name\":\"S\u1ea3n ph\u1ea9m\",\"item\":\"https:\/\/biogroupvietnam.com\/vi\/san-pham\/\"},{\"@type\":\"ListItem\",\"position\":3,\"name\":\"X\u1eed L\u00fd T\u1ebf B\u00e0o\",\"item\":\"https:\/\/biogroupvietnam.com\/vi\/danh-muc-san-pham\/xu-ly-te-bao\/\"},{\"@type\":\"ListItem\",\"position\":4,\"name\":\"Ph\u00e2n L\u1eadp T\u1ebf B\u00e0o\",\"item\":\"https:\/\/biogroupvietnam.com\/vi\/danh-muc-san-pham\/phan-lap-te-bao\/\"},{\"@type\":\"ListItem\",\"position\":5,\"name\":\"B\u1ed9 kit RosetteSep\u2122 lo\u1ea1i b\u1ecf b\u1ea1ch c\u1ea7u h\u1ea1t trong m\u00e1u to\u00e0n ph\u1ea7n\"}]},{\"@type\":\"WebSite\",\"@id\":\"https:\/\/biogroupvietnam.com\/vi\/#website\",\"url\":\"https:\/\/biogroupvietnam.com\/vi\/\",\"name\":\"Biogroup Vietnam\",\"description\":\"Biogroup Vietnam cung c\u1ea5p d\u1ecbch v\u1ee5 k\u1ef9 thu\u1eadt c\u00f9ng thi\u1ebft b\u1ecb, v\u1eadt t\u01b0, h\u00f3a ch\u1ea5t v\u00e0 gi\u1ea3i ph\u00e1p sinh h\u1ecdc cho ph\u00f2ng th\u00ed nghi\u1ec7m c\u00f4ng ngh\u1ec7 sinh h\u1ecdc, y sinh v\u00e0 y h\u1ecdc t\u00e1i t\u1ea1o.\",\"potentialAction\":[{\"@type\":\"SearchAction\",\"target\":{\"@type\":\"EntryPoint\",\"urlTemplate\":\"https:\/\/biogroupvietnam.com\/vi\/?s={search_term_string}\"},\"query-input\":{\"@type\":\"PropertyValueSpecification\",\"valueRequired\":true,\"valueName\":\"search_term_string\"}}],\"inLanguage\":\"vi\"}]}<\/script>\n<!-- \/ Yoast SEO plugin. -->","yoast_head_json":{"title":"B\u1ed9 kit RosetteSep\u2122 lo\u1ea1i b\u1ecf b\u1ea1ch c\u1ea7u h\u1ea1t trong m\u00e1u to\u00e0n ph\u1ea7n","description":"B\u1ed9 kit RosetteSep\u2122 lo\u1ea1i b\u1ecf tr\u1ef1c ti\u1ebfp b\u1ea1ch c\u1ea7u h\u1ea1t (granulocyte) trong m\u00e1u to\u00e0n ph\u1ea7n c\u1ee7a ng\u01b0\u1eddi b\u1eb1ng c\u00e1c kh\u00e1ng th\u1ec3 b\u1ec1 m\u1eb7t \u0111\u1eb7c hi\u1ec7u.","robots":{"index":"index","follow":"follow","max-snippet":"max-snippet:-1","max-image-preview":"max-image-preview:large","max-video-preview":"max-video-preview:-1"},"canonical":"https:\/\/biogroupvietnam.com\/vi\/san-pham\/rosettesep-human-granulocyte-depletion-cocktail\/","og_locale":"vi_VN","og_type":"article","og_title":"B\u1ed9 kit RosetteSep\u2122 lo\u1ea1i b\u1ecf b\u1ea1ch c\u1ea7u h\u1ea1t trong m\u00e1u to\u00e0n ph\u1ea7n","og_description":"B\u1ed9 kit RosetteSep\u2122 lo\u1ea1i b\u1ecf tr\u1ef1c ti\u1ebfp b\u1ea1ch c\u1ea7u h\u1ea1t (granulocyte) trong m\u00e1u to\u00e0n ph\u1ea7n c\u1ee7a ng\u01b0\u1eddi b\u1eb1ng c\u00e1c kh\u00e1ng th\u1ec3 b\u1ec1 m\u1eb7t \u0111\u1eb7c hi\u1ec7u.","og_url":"https:\/\/biogroupvietnam.com\/vi\/san-pham\/rosettesep-human-granulocyte-depletion-cocktail\/","og_site_name":"Biogroup Vietnam","article_modified_time":"2026-04-02T06:53:26+00:00","og_image":[{"width":1640,"height":1260,"url":"https:\/\/biogroupvietnam.com\/wp-content\/uploads\/2025\/08\/bo-kit-rosettesep-loai-bo-bach-cau-hat-trong-mau-toan-phan.jpg","type":"image\/jpeg"}],"twitter_card":"summary_large_image","twitter_misc":{"\u01af\u1edbc t\u00ednh th\u1eddi gian \u0111\u1ecdc":"3 ph\u00fat"},"schema":{"@context":"https:\/\/schema.org","@graph":[{"@type":"WebPage","@id":"https:\/\/biogroupvietnam.com\/vi\/san-pham\/rosettesep-human-granulocyte-depletion-cocktail\/","url":"https:\/\/biogroupvietnam.com\/vi\/san-pham\/rosettesep-human-granulocyte-depletion-cocktail\/","name":"B\u1ed9 kit RosetteSep\u2122 lo\u1ea1i b\u1ecf b\u1ea1ch c\u1ea7u h\u1ea1t trong m\u00e1u to\u00e0n ph\u1ea7n","isPartOf":{"@id":"https:\/\/biogroupvietnam.com\/vi\/#website"},"primaryImageOfPage":{"@id":"https:\/\/biogroupvietnam.com\/vi\/san-pham\/rosettesep-human-granulocyte-depletion-cocktail\/#primaryimage"},"image":{"@id":"https:\/\/biogroupvietnam.com\/vi\/san-pham\/rosettesep-human-granulocyte-depletion-cocktail\/#primaryimage"},"thumbnailUrl":"https:\/\/biogroupvietnam.com\/wp-content\/uploads\/2025\/08\/bo-kit-rosettesep-loai-bo-bach-cau-hat-trong-mau-toan-phan.jpg","datePublished":"2025-08-18T12:54:43+00:00","dateModified":"2026-04-02T06:53:26+00:00","description":"B\u1ed9 kit RosetteSep\u2122 lo\u1ea1i b\u1ecf tr\u1ef1c ti\u1ebfp b\u1ea1ch c\u1ea7u h\u1ea1t (granulocyte) trong m\u00e1u to\u00e0n ph\u1ea7n c\u1ee7a ng\u01b0\u1eddi b\u1eb1ng c\u00e1c kh\u00e1ng th\u1ec3 b\u1ec1 m\u1eb7t \u0111\u1eb7c hi\u1ec7u.","breadcrumb":{"@id":"https:\/\/biogroupvietnam.com\/vi\/san-pham\/rosettesep-human-granulocyte-depletion-cocktail\/#breadcrumb"},"inLanguage":"vi","potentialAction":[{"@type":"ReadAction","target":["https:\/\/biogroupvietnam.com\/vi\/san-pham\/rosettesep-human-granulocyte-depletion-cocktail\/"]}]},{"@type":"ImageObject","inLanguage":"vi","@id":"https:\/\/biogroupvietnam.com\/vi\/san-pham\/rosettesep-human-granulocyte-depletion-cocktail\/#primaryimage","url":"https:\/\/biogroupvietnam.com\/wp-content\/uploads\/2025\/08\/bo-kit-rosettesep-loai-bo-bach-cau-hat-trong-mau-toan-phan.jpg","contentUrl":"https:\/\/biogroupvietnam.com\/wp-content\/uploads\/2025\/08\/bo-kit-rosettesep-loai-bo-bach-cau-hat-trong-mau-toan-phan.jpg","width":1640,"height":1260,"caption":"B\u1ed9 kit RosetteSep\u2122 lo\u1ea1i b\u1ecf b\u1ea1ch c\u1ea7u h\u1ea1t trong m\u00e1u to\u00e0n ph\u1ea7n"},{"@type":"BreadcrumbList","@id":"https:\/\/biogroupvietnam.com\/vi\/san-pham\/rosettesep-human-granulocyte-depletion-cocktail\/#breadcrumb","itemListElement":[{"@type":"ListItem","position":1,"name":"Trang ch\u1ee7","item":"https:\/\/biogroupvietnam.com\/vi\/"},{"@type":"ListItem","position":2,"name":"S\u1ea3n ph\u1ea9m","item":"https:\/\/biogroupvietnam.com\/vi\/san-pham\/"},{"@type":"ListItem","position":3,"name":"X\u1eed L\u00fd T\u1ebf B\u00e0o","item":"https:\/\/biogroupvietnam.com\/vi\/danh-muc-san-pham\/xu-ly-te-bao\/"},{"@type":"ListItem","position":4,"name":"Ph\u00e2n L\u1eadp T\u1ebf B\u00e0o","item":"https:\/\/biogroupvietnam.com\/vi\/danh-muc-san-pham\/phan-lap-te-bao\/"},{"@type":"ListItem","position":5,"name":"B\u1ed9 kit RosetteSep\u2122 lo\u1ea1i b\u1ecf b\u1ea1ch c\u1ea7u h\u1ea1t trong m\u00e1u to\u00e0n ph\u1ea7n"}]},{"@type":"WebSite","@id":"https:\/\/biogroupvietnam.com\/vi\/#website","url":"https:\/\/biogroupvietnam.com\/vi\/","name":"Biogroup Vietnam","description":"Biogroup Vietnam cung c\u1ea5p d\u1ecbch v\u1ee5 k\u1ef9 thu\u1eadt c\u00f9ng thi\u1ebft b\u1ecb, v\u1eadt t\u01b0, h\u00f3a ch\u1ea5t v\u00e0 gi\u1ea3i ph\u00e1p sinh h\u1ecdc cho ph\u00f2ng th\u00ed nghi\u1ec7m c\u00f4ng ngh\u1ec7 sinh h\u1ecdc, y sinh v\u00e0 y h\u1ecdc t\u00e1i t\u1ea1o.","potentialAction":[{"@type":"SearchAction","target":{"@type":"EntryPoint","urlTemplate":"https:\/\/biogroupvietnam.com\/vi\/?s={search_term_string}"},"query-input":{"@type":"PropertyValueSpecification","valueRequired":true,"valueName":"search_term_string"}}],"inLanguage":"vi"}]}},"_links":{"self":[{"href":"https:\/\/biogroupvietnam.com\/vi\/wp-json\/wp\/v2\/product\/3930","targetHints":{"allow":["GET"]}}],"collection":[{"href":"https:\/\/biogroupvietnam.com\/vi\/wp-json\/wp\/v2\/product"}],"about":[{"href":"https:\/\/biogroupvietnam.com\/vi\/wp-json\/wp\/v2\/types\/product"}],"replies":[{"embeddable":true,"href":"https:\/\/biogroupvietnam.com\/vi\/wp-json\/wp\/v2\/comments?post=3930"}],"version-history":[{"count":4,"href":"https:\/\/biogroupvietnam.com\/vi\/wp-json\/wp\/v2\/product\/3930\/revisions"}],"predecessor-version":[{"id":9773,"href":"https:\/\/biogroupvietnam.com\/vi\/wp-json\/wp\/v2\/product\/3930\/revisions\/9773"}],"wp:featuredmedia":[{"embeddable":true,"href":"https:\/\/biogroupvietnam.com\/vi\/wp-json\/wp\/v2\/media\/10146"}],"wp:attachment":[{"href":"https:\/\/biogroupvietnam.com\/vi\/wp-json\/wp\/v2\/media?parent=3930"}],"wp:term":[{"taxonomy":"product_brand","embeddable":true,"href":"https:\/\/biogroupvietnam.com\/vi\/wp-json\/wp\/v2\/product_brand?post=3930"},{"taxonomy":"product_cat","embeddable":true,"href":"https:\/\/biogroupvietnam.com\/vi\/wp-json\/wp\/v2\/product_cat?post=3930"},{"taxonomy":"product_tag","embeddable":true,"href":"https:\/\/biogroupvietnam.com\/vi\/wp-json\/wp\/v2\/product_tag?post=3930"}],"curies":[{"name":"wp","href":"https:\/\/api.w.org\/{rel}","templated":true}]}}