{"id":3931,"date":"2025-08-18T19:54:43","date_gmt":"2025-08-18T12:54:43","guid":{"rendered":"http:\/\/biogroupvietnam-worldpress.local\/product\/import-placeholder-for-186\/"},"modified":"2026-02-04T15:49:45","modified_gmt":"2026-02-04T08:49:45","slug":"stemdiff-cardiomyocyte-plating-kit","status":"publish","type":"product","link":"https:\/\/biogroupvietnam.com\/vi\/san-pham\/stemdiff-cardiomyocyte-plating-kit\/","title":{"rendered":"B\u1ed9 M\u00f4i Tr\u01b0\u1eddng Nu\u00f4i C\u1ea5y T\u1ebf B\u00e0o C\u01a1 Tim STEMdiff\u2122"},"content":{"rendered":"<p>B\u1ed9 m\u00f4i tr\u01b0\u1eddng chuy\u00ean bi\u1ec7t gi\u00fap c\u1ea3i thi\u1ec7n hi\u1ec7u qu\u1ea3 nu\u00f4i c\u1ea5y c\u00e1c t\u1ebf b\u00e0o c\u01a1 tim c\u00f3 ngu\u1ed3n g\u1ed1c t\u1eeb t\u1ebf b\u00e0o g\u1ed1c \u0111a n\u0103ng c\u1ee7a con ng\u01b0\u1eddi (hPSC-CM) khi chuy\u1ec3n t\u1eeb giai \u0111o\u1ea1n b\u1ea3o qu\u1ea3n l\u1ea1nh sang r\u00e3 \u0111\u00f4ng v\u00e0 t\u1eeb thu ho\u1ea1ch sang c\u1ea5y chuy\u1ec1n (replating).<\/p>\n<h3><strong>T\u1ed5ng quan v\u1ec1 b\u1ed9 m\u00f4i tr\u01b0\u1eddng nu\u00f4i c\u1ea5y t\u1ebf b\u00e0o c\u01a1 tim\u00a0STEMdiff\u2122 Cardiomyocyte Plating Kit<\/strong><\/h3>\n<p>Nh\u00e2n \u0111\u00f4i s\u1ea3n l\u01b0\u1ee3ng t\u1ebf b\u00e0o c\u01a1 tim c\u00f3 ngu\u1ed3n g\u1ed1c t\u1eeb t\u1ebf b\u00e0o g\u1ed1c \u0111a n\u0103ng c\u1ee7a con ng\u01b0\u1eddi (hPSC) sau khi ph\u00e2n t\u00e1ch, r\u00e3 \u0111\u00f4ng v\u00e0 c\u1ea5y chuy\u1ec1n v\u1edbi B\u1ed9 STEMdiff\u2122 Cardiomyocyte Plating Kit. B\u1ed9 m\u00f4i tr\u01b0\u1eddng n\u00e0y c\u1ea3i thi\u1ec7n hi\u1ec7u qu\u1ea3 nu\u00f4i c\u1ea5y v\u00e0 gi\u1ea3m thi\u1ec3u s\u1ef1 hao h\u1ee5t c\u00e1c t\u1ebf b\u00e0o c\u01a1 tim c\u00f3 ngu\u1ed3n g\u1ed1c t\u1eeb hPSC.<\/p>\n<p>Ch\u1ee9c n\u0103ng c\u1ee7a t\u1ebf b\u00e0o hPSC-CM \u0111\u01b0\u1ee3c duy tr\u00ec sau khi r\u00e3 \u0111\u00f4ng ho\u1eb7c c\u1ea5y chuy\u1ec1n v\u00e0 c\u00f3 th\u1ec3 \u0111\u01b0\u1ee3c s\u1eed d\u1ee5ng trong c\u00e1c \u1ee9ng d\u1ee5ng v\u00e0 ph\u00e2n t\u00edch ti\u1ebfp theo.<\/p>\n<p>T\u1ebf b\u00e0o hPSC-CM c\u00f3 th\u1ec3 \u0111\u01b0\u1ee3c duy tr\u00ec l\u00e2u d\u00e0i h\u01a1n v\u1edbi b\u1ed9 m\u00f4i tr\u01b0\u1eddng STEMdiff\u2122 Cardiomyocyte Maintenance Kit (Catalog #05020).<\/p>\n<h3><strong>L\u1ee3i \u00edch c\u1ee7a b\u1ed9 m\u00f4i tr\u01b0\u1eddng STEMdiff\u2122 Cardiomyocyte Plating Kit<\/strong><\/h3>\n<ul>\n<li>C\u1ea3i thi\u1ec7n hi\u1ec7u qu\u1ea3 nu\u00f4i c\u1ea5y v\u00e0 nh\u00e2n \u0111\u00f4i s\u1ea3n l\u01b0\u1ee3ng t\u1ebf b\u00e0o c\u01a1 tim t\u1eeb hPSC s\u1eb5n s\u00e0ng cho c\u00e1c \u1ee9ng d\u1ee5ng<\/li>\n<li>Duy tr\u00ec c\u1ea5u h\u00ecnh \u1ed5n \u0111\u1ecbnh c\u1ee7a c\u00e1c t\u1ebf b\u00e0o c\u01a1 tim c\u00f3 ngu\u1ed3n g\u1ed1c t\u1eeb hPSC<\/li>\n<li>Ti\u1ebft ki\u1ec7m th\u1eddi gian v\u00e0 chi ph\u00ed v\u1edbi vi\u1ec7c c\u1ea5y chuy\u1ec1n hi\u1ec7u qu\u1ea3 h\u01a1n c\u00e1c t\u1ebf b\u00e0o c\u01a1 tim sau khi r\u00e3 \u0111\u00f4ng v\u00e0 ph\u00e2n t\u00e1ch.<\/li>\n<\/ul>\n<h3><strong>Th\u00e0nh ph\u1ea7n<\/strong><\/h3>\n<ul>\n<li>M\u00f4i tr\u01b0\u1eddng h\u1ed7 tr\u1ee3: STEMdiff\u2122 Cardiomyocyte Support Medium, 250 mL<\/li>\n<li>Th\u00e0nh ph\u1ea7n b\u1ed5 sung: STEMdiff\u2122 Cardiomyocyte Plating Supplement (100X), 2,5mL<\/li>\n<\/ul>\n<h3><strong>B\u1ea3o qu\u1ea3n<\/strong><\/h3>\n<p>&#8211; \u00a0B\u1ea3o qu\u1ea3n \u1edf -20oC<\/p>\n<h3><strong>\u1ee8ng d\u1ee5ng c\u1ee7a b\u1ed9 m\u00f4i tr\u01b0\u1eddng STEMdiff\u2122 Cardiomyocyte Plating Kit<\/strong><\/h3>\n<ul>\n<li>Nghi\u00ean c\u1ee9u c\u01a1 tim v\u00e0 c\u01a1 x\u01b0\u01a1ng<\/li>\n<li>Nghi\u00ean c\u1ee9u t\u1ebf b\u00e0o trung b\u00ec c\u00f3 ngu\u1ed3n g\u1ed1c t\u1eeb hPSC<\/li>\n<\/ul>\n<h3><strong>Th\u00f4ng tin \u0111\u1eb7t h\u00e0ng<\/strong><\/h3>\n<p>C\u00e1c th\u00e0nh ph\u1ea7n sau \u0111\u00e2y \u0111\u01b0\u1ee3c b\u00e1n d\u01b0\u1edbi d\u1ea1ng b\u1ed9 ho\u00e0n ch\u1ec9nh (Catalog #100-1121). M\u00f4i tr\u01b0\u1eddng STEMdiff\u2122 Cardiomyocyte Support Medium (Catalog #05027) c\u0169ng c\u00f3 s\u1eb5n \u0111\u1ec3 b\u00e1n ri\u00eang l\u1ebb:<\/p>\n<ul>\n<li>STEMdiff\u2122 Cardiomyocyte Support Medium, 250 mL, Catalog # 05027<\/li>\n<li>STEMdiff\u2122 Cardiomyocyte Plating Supplement (100X), 2,5mL, Catalog # 100-1120<\/li>\n<\/ul>\n<h3><strong>S\u1ea3n ph\u1ea9m c\u1ea7n thi\u1ebft nh\u01b0ng kh\u00f4ng bao g\u1ed3m<\/strong><\/h3>\n<figure class=\"table\">\n<table>\n<tbody>\n<tr>\n<td>\n<p style=\"text-align: center;\"><strong>S\u1ea3n ph\u1ea9m<\/strong><\/p>\n<\/td>\n<td>\n<p style=\"text-align: center;\"><strong>CATALOG #<\/strong><\/p>\n<\/td>\n<\/tr>\n<tr>\n<td>Corning\u00ae Matrigel\u00ae hESC-Qualified Matrix Corning<\/td>\n<td>\n<p style=\"text-align: center;\">354277<\/p>\n<\/td>\n<\/tr>\n<tr>\n<td>STEMdiff\u2122 Cardiomyocyte Maintenance Kit<\/td>\n<td>\n<p style=\"text-align: center;\">05020<\/p>\n<\/td>\n<\/tr>\n<tr>\n<td>STEMdiff\u2122 Cardiomyocyte Dissociation Kit<\/td>\n<td>\n<p style=\"text-align: center;\">05025<\/p>\n<\/td>\n<\/tr>\n<tr>\n<td>D-PBS (Without Ca++ and Mg++)<\/td>\n<td>\n<p style=\"text-align: center;\">37350<\/p>\n<\/td>\n<\/tr>\n<tr>\n<td>Trypan Blue<\/td>\n<td>\n<p style=\"text-align: center;\">07050<\/p>\n<\/td>\n<\/tr>\n<tr>\n<td>Hausser Scientific\u2122 Bright-Line Hemocytometer<\/td>\n<td>\n<p style=\"text-align: center;\">100-1181<\/p>\n<\/td>\n<\/tr>\n<\/tbody>\n<\/table>\n<\/figure>\n<h3><strong>D\u1eef li\u1ec7u<\/strong><\/h3>\n<h3 style=\"text-align: center;\"><img fetchpriority=\"high\" decoding=\"async\" src=\"https:\/\/biogroupvietnam.com\/uploads\/Shvtka7pjmxaRWWObyuyMqw0GakSygmgWoeqdHlC.png\" alt=\"\" width=\"610\" height=\"420\" \/><\/h3>\n<p style=\"text-align: center;\"><i>H\u00ecnh 1.\u00a0Hi\u1ec7u su\u1ea5t nu\u00f4i c\u1ea5y t\u1ebf b\u00e0o c\u01a1 tim t\u1eeb hPSC t\u0103ng l\u00ean \u0111\u01b0\u1ee3c quan s\u00e1t th\u1ea5y khi s\u1eed d\u1ee5ng b\u1ed9 m\u00f4i tr\u01b0\u1eddng STEMdiff\u2122 Cardiomyocyte Plating Kit<\/i><\/p>\n<p>Hi\u1ec7u qu\u1ea3 nu\u00f4i c\u1ea5y \u0111\u01b0\u1ee3c \u0111\u00e1nh gi\u00e1 1 ng\u00e0y sau khi c\u1ea5y chuy\u1ec1n c\u00e1c t\u1ebf b\u00e0o c\u01a1 tim t\u1eeb hPSC \u1edf m\u1eadt \u0111\u1ed9 th\u1ea5p trong m\u00f4i tr\u01b0\u1eddng STEMdiff\u2122 Cardiomyocyte Support Medium ho\u1eb7c STEMdiff\u2122 Cardiomyocyte Plating Medium.\u00a0Tr\u00ean 4 d\u00f2ng hPSC, hi\u1ec7u qu\u1ea3 c\u1ea5y chuy\u1ec1n \u0111\u01b0\u1ee3c c\u1ea3i thi\u1ec7n khi t\u1ebf b\u00e0o c\u01a1 tim \u0111\u01b0\u1ee3c nu\u00f4i c\u1ea5y trong M\u00f4i tr\u01b0\u1eddng STEMdiff\u2122 Cardiomyocyte Plating Medium (51% \u00b1 3%, n=15) so v\u1edbi M\u00f4i tr\u01b0\u1eddng STEMdiff\u2122 Cardiomyocyte Support Medium (16% \u00b1 1%, n=15).<\/p>\n<p style=\"text-align: center;\"><img decoding=\"async\" src=\"https:\/\/biogroupvietnam.com\/uploads\/wAQHUrnBd7Ak3aUP1yHoagwD9auAWRaTHhMUBZrC.png\" alt=\"\" width=\"674\" height=\"237\" \/><\/p>\n<p style=\"text-align: center;\"><i>H\u00ecnh 2.\u00a0H\u00ecnh th\u00e1i c\u1ee7a c\u00e1c t\u1ebf b\u00e0o c\u01a1 tim t\u1eeb hPSC \u0111\u01b0\u1ee3c c\u1ea5y chuy\u1ec1n v\u1edbi b\u1ed9 m\u00f4i tr\u01b0\u1eddng STEMdiff\u2122 Cardiomyocyte Plating Kit<\/i><\/p>\n<p>H\u00ecnh th\u00e1i c\u1ee7a c\u00e1c t\u1ebf b\u00e0o c\u01a1 tim t\u1eeb hPSC \u1edf giai \u0111o\u1ea1n c\u1ea5y chuy\u1ec1n.\u00a0C\u00e1c t\u1ebf b\u00e0o c\u01a1 tim c\u00f3 ngu\u1ed3n g\u1ed1c t\u1eeb hPSC \u0111\u01b0\u1ee3c nu\u00f4i c\u1ea5y \u1edf m\u1eadt \u0111\u1ed9 th\u1ea5p trong\u00a0STEMdiff\u2122 Cardiomyocyte Support Medium ho\u1eb7c STEMdiff\u2122 Cardiomyocyte Plating Medium.\u00a01 ng\u00e0y sau khi c\u1ea5y chuy\u1ec1n, s\u1ef1 b\u00e1m d\u00ednh c\u1ee7a c\u00e1c t\u1ebf b\u00e0o \u0111\u01b0\u1ee3c c\u1ea3i thi\u1ec7n khi \u0111\u01b0\u1ee3c nu\u00f4i c\u1ea5y v\u1edbi m\u00f4i tr\u01b0\u1eddng STEMdiff\u2122 Cardiomyocyte Plating Medium.<\/p>\n<p style=\"text-align: center;\"><img decoding=\"async\" src=\"https:\/\/biogroupvietnam.com\/uploads\/dm7cEiZAPeNrN8keHhnVCFXZ7mHJwyWlqOgGVX4W.png\" alt=\"\" width=\"633\" height=\"437\" \/><\/p>\n<p style=\"text-align: center;\"><i>H\u00ecnh 3.\u00a0C\u00e1c t\u1ebf b\u00e0o c\u01a1 tim t\u1eeb hPSC \u0111\u01b0\u1ee3c c\u1ea5y chuy\u1ec1n b\u1eb1ng m\u00f4i tr\u01b0\u1eddng STEMdiff\u2122 Cardiomyocyte Plating\u00a0kit cho th\u1ea5y c\u1ea5u h\u00ecnh nh\u1ecbp tim \u1ed5n \u0111\u1ecbnh<\/i><\/p>\n<p>B\u1ea3n ghi m\u1ea3ng vi \u0111i\u1ec7n c\u1ef1c c\u1ee7a c\u00e1c t\u1ebf b\u00e0o c\u01a1 tim t\u1eeb hPSC \u0111\u01b0\u1ee3c thay th\u1ebf b\u1eb1ng STEMdiff\u2122 Cardiomyocyte Support Medium ho\u1eb7c STEMdiff\u2122 Cardiomyocyte Plating Medium.\u00a0T\u1ebf b\u00e0o c\u01a1 tim \u0111\u01b0\u1ee3c duy tr\u00ec trong 1 tu\u1ea7n v\u1edbi STEMdiff\u2122 Cardiomyocyte Maintenance Medium.\u00a0Tr\u00ean 4 d\u00f2ng hPSC, t\u1ebf b\u00e0o c\u01a1 tim duy tr\u00ec nh\u1ecbp \u0111\u1eadp \u1ed5n \u0111\u1ecbnh khi \u0111\u01b0\u1ee3c thay th\u1ebf b\u1eb1ng m\u00f4i tr\u01b0\u1eddng STEMdiff\u2122 Cardiomyocyte Plating Medium.<\/p>\n","protected":false},"excerpt":{"rendered":"<p>B\u1ed9 m\u00f4i tr\u01b0\u1eddng chuy\u00ean bi\u1ec7t gi\u00fap c\u1ea3i thi\u1ec7n hi\u1ec7u qu\u1ea3 nu\u00f4i c\u1ea5y c\u00e1c t\u1ebf b\u00e0o c\u01a1 tim c\u00f3 ngu\u1ed3n g\u1ed1c t\u1eeb t\u1ebf b\u00e0o g\u1ed1c \u0111a n\u0103ng c\u1ee7a con ng\u01b0\u1eddi (hPSC-CM) khi chuy\u1ec3n t\u1eeb giai \u0111o\u1ea1n b\u1ea3o qu\u1ea3n l\u1ea1nh sang r\u00e3 \u0111\u00f4ng v\u00e0 t\u1eeb thu ho\u1ea1ch sang c\u1ea5y chuy\u1ec1n (replating). T\u1ed5ng quan v\u1ec1 b\u1ed9 m\u00f4i tr\u01b0\u1eddng<\/p>\n<div class=\"klb-readmore post-buttons\"><a class=\"button rounded primary\" href=\"https:\/\/biogroupvietnam.com\/vi\/san-pham\/stemdiff-cardiomyocyte-plating-kit\/\">Read More <i class=\"klbth-icon-right-arrow\"><\/i><\/a><\/div>\n","protected":false},"featured_media":5511,"comment_status":"closed","ping_status":"closed","template":"","meta":{"_acf_changed":false},"product_brand":[127],"product_cat":[90],"product_tag":[],"class_list":{"0":"post-3931","1":"product","2":"type-product","3":"status-publish","4":"has-post-thumbnail","6":"product_brand-stemcell-technologies","7":"product_cat-te-bao-goc-da-nang-psc","9":"first","10":"outofstock","11":"shipping-taxable","12":"product-type-simple"},"acf":[],"yoast_head":"<!-- This site is optimized with the Yoast SEO plugin v26.8 - https:\/\/yoast.com\/product\/yoast-seo-wordpress\/ -->\n<title>B\u1ed9 M\u00f4i Tr\u01b0\u1eddng Nu\u00f4i C\u1ea5y T\u1ebf B\u00e0o C\u01a1 Tim STEMdiff\u2122<\/title>\n<meta name=\"description\" content=\"B\u1ed9 m\u00f4i tr\u01b0\u1eddng nu\u00f4i c\u1ea5y t\u1ebf b\u00e0o c\u01a1 tim STEMdiff\u2122 c\u1ea3i thi\u1ec7n hi\u1ec7u qu\u1ea3 nu\u00f4i c\u1ea5y c\u00e1c t\u1ebf b\u00e0o c\u01a1 tim c\u00f3 ngu\u1ed3n g\u1ed1c t\u1eeb t\u1ebf b\u00e0o g\u1ed1c \u0111a n\u0103ng c\u1ee7a con ng\u01b0\u1eddi (hPSC-CM) khi chuy\u1ec3n t\u1eeb giai \u0111o\u1ea1n b\u1ea3o qu\u1ea3n l\u1ea1nh sang r\u00e3 \u0111\u00f4ng v\u00e0 t\u1eeb thu ho\u1ea1ch sang c\u1ea5y chuy\u1ec1n (replating)\" \/>\n<meta name=\"robots\" content=\"index, follow, max-snippet:-1, max-image-preview:large, max-video-preview:-1\" \/>\n<link rel=\"canonical\" href=\"https:\/\/biogroupvietnam.com\/vi\/san-pham\/stemdiff-cardiomyocyte-plating-kit\/\" \/>\n<meta property=\"og:locale\" content=\"vi_VN\" \/>\n<meta property=\"og:type\" content=\"article\" \/>\n<meta property=\"og:title\" content=\"B\u1ed9 M\u00f4i Tr\u01b0\u1eddng Nu\u00f4i C\u1ea5y T\u1ebf B\u00e0o C\u01a1 Tim STEMdiff\u2122\" \/>\n<meta property=\"og:description\" content=\"B\u1ed9 m\u00f4i tr\u01b0\u1eddng nu\u00f4i c\u1ea5y t\u1ebf b\u00e0o c\u01a1 tim STEMdiff\u2122 c\u1ea3i thi\u1ec7n hi\u1ec7u qu\u1ea3 nu\u00f4i c\u1ea5y c\u00e1c t\u1ebf b\u00e0o c\u01a1 tim c\u00f3 ngu\u1ed3n g\u1ed1c t\u1eeb t\u1ebf b\u00e0o g\u1ed1c \u0111a n\u0103ng c\u1ee7a con ng\u01b0\u1eddi (hPSC-CM) khi chuy\u1ec3n t\u1eeb giai \u0111o\u1ea1n b\u1ea3o qu\u1ea3n l\u1ea1nh sang r\u00e3 \u0111\u00f4ng v\u00e0 t\u1eeb thu ho\u1ea1ch sang c\u1ea5y chuy\u1ec1n (replating)\" \/>\n<meta property=\"og:url\" content=\"https:\/\/biogroupvietnam.com\/vi\/san-pham\/stemdiff-cardiomyocyte-plating-kit\/\" \/>\n<meta property=\"og:site_name\" content=\"Biogroup Vietnam\" \/>\n<meta property=\"article:modified_time\" content=\"2026-02-04T08:49:45+00:00\" \/>\n<meta property=\"og:image\" content=\"https:\/\/biogroupvietnam.com\/wp-content\/uploads\/2025\/08\/p08JBCRwRIiQpWEf3dqLQGDQy4WkwIzQsIYzvGQJ.jpg\" \/>\n\t<meta property=\"og:image:width\" content=\"700\" \/>\n\t<meta property=\"og:image:height\" content=\"538\" \/>\n\t<meta property=\"og:image:type\" content=\"image\/jpeg\" \/>\n<meta name=\"twitter:card\" content=\"summary_large_image\" \/>\n<meta name=\"twitter:label1\" content=\"\u01af\u1edbc t\u00ednh th\u1eddi gian \u0111\u1ecdc\" \/>\n\t<meta name=\"twitter:data1\" content=\"5 ph\u00fat\" \/>\n<script type=\"application\/ld+json\" class=\"yoast-schema-graph\">{\"@context\":\"https:\/\/schema.org\",\"@graph\":[{\"@type\":\"WebPage\",\"@id\":\"https:\/\/biogroupvietnam.com\/vi\/san-pham\/stemdiff-cardiomyocyte-plating-kit\/\",\"url\":\"https:\/\/biogroupvietnam.com\/vi\/san-pham\/stemdiff-cardiomyocyte-plating-kit\/\",\"name\":\"B\u1ed9 M\u00f4i Tr\u01b0\u1eddng Nu\u00f4i C\u1ea5y T\u1ebf B\u00e0o C\u01a1 Tim STEMdiff\u2122\",\"isPartOf\":{\"@id\":\"https:\/\/biogroupvietnam.com\/vi\/#website\"},\"primaryImageOfPage\":{\"@id\":\"https:\/\/biogroupvietnam.com\/vi\/san-pham\/stemdiff-cardiomyocyte-plating-kit\/#primaryimage\"},\"image\":{\"@id\":\"https:\/\/biogroupvietnam.com\/vi\/san-pham\/stemdiff-cardiomyocyte-plating-kit\/#primaryimage\"},\"thumbnailUrl\":\"https:\/\/biogroupvietnam.com\/wp-content\/uploads\/2025\/08\/p08JBCRwRIiQpWEf3dqLQGDQy4WkwIzQsIYzvGQJ.jpg\",\"datePublished\":\"2025-08-18T12:54:43+00:00\",\"dateModified\":\"2026-02-04T08:49:45+00:00\",\"description\":\"B\u1ed9 m\u00f4i tr\u01b0\u1eddng nu\u00f4i c\u1ea5y t\u1ebf b\u00e0o c\u01a1 tim STEMdiff\u2122 c\u1ea3i thi\u1ec7n hi\u1ec7u qu\u1ea3 nu\u00f4i c\u1ea5y c\u00e1c t\u1ebf b\u00e0o c\u01a1 tim c\u00f3 ngu\u1ed3n g\u1ed1c t\u1eeb t\u1ebf b\u00e0o g\u1ed1c \u0111a n\u0103ng c\u1ee7a con ng\u01b0\u1eddi (hPSC-CM) khi chuy\u1ec3n t\u1eeb giai \u0111o\u1ea1n b\u1ea3o qu\u1ea3n l\u1ea1nh sang r\u00e3 \u0111\u00f4ng v\u00e0 t\u1eeb thu ho\u1ea1ch sang c\u1ea5y chuy\u1ec1n (replating)\",\"breadcrumb\":{\"@id\":\"https:\/\/biogroupvietnam.com\/vi\/san-pham\/stemdiff-cardiomyocyte-plating-kit\/#breadcrumb\"},\"inLanguage\":\"vi\",\"potentialAction\":[{\"@type\":\"ReadAction\",\"target\":[\"https:\/\/biogroupvietnam.com\/vi\/san-pham\/stemdiff-cardiomyocyte-plating-kit\/\"]}]},{\"@type\":\"ImageObject\",\"inLanguage\":\"vi\",\"@id\":\"https:\/\/biogroupvietnam.com\/vi\/san-pham\/stemdiff-cardiomyocyte-plating-kit\/#primaryimage\",\"url\":\"https:\/\/biogroupvietnam.com\/wp-content\/uploads\/2025\/08\/p08JBCRwRIiQpWEf3dqLQGDQy4WkwIzQsIYzvGQJ.jpg\",\"contentUrl\":\"https:\/\/biogroupvietnam.com\/wp-content\/uploads\/2025\/08\/p08JBCRwRIiQpWEf3dqLQGDQy4WkwIzQsIYzvGQJ.jpg\",\"width\":700,\"height\":538,\"caption\":\"\u00a0\"},{\"@type\":\"BreadcrumbList\",\"@id\":\"https:\/\/biogroupvietnam.com\/vi\/san-pham\/stemdiff-cardiomyocyte-plating-kit\/#breadcrumb\",\"itemListElement\":[{\"@type\":\"ListItem\",\"position\":1,\"name\":\"Trang ch\u1ee7\",\"item\":\"https:\/\/biogroupvietnam.com\/vi\/\"},{\"@type\":\"ListItem\",\"position\":2,\"name\":\"S\u1ea3n ph\u1ea9m\",\"item\":\"https:\/\/biogroupvietnam.com\/vi\/san-pham\/\"},{\"@type\":\"ListItem\",\"position\":3,\"name\":\"Nu\u00f4i C\u1ea5y T\u1ebf B\u00e0o\",\"item\":\"https:\/\/biogroupvietnam.com\/vi\/danh-muc-san-pham\/nuoi-cay-te-bao\/\"},{\"@type\":\"ListItem\",\"position\":4,\"name\":\"T\u1ebf B\u00e0o G\u1ed1c \u0110a N\u0103ng (PSC)\",\"item\":\"https:\/\/biogroupvietnam.com\/vi\/danh-muc-san-pham\/te-bao-goc-da-nang-psc\/\"},{\"@type\":\"ListItem\",\"position\":5,\"name\":\"B\u1ed9 M\u00f4i Tr\u01b0\u1eddng Nu\u00f4i C\u1ea5y T\u1ebf B\u00e0o C\u01a1 Tim STEMdiff\u2122\"}]},{\"@type\":\"WebSite\",\"@id\":\"https:\/\/biogroupvietnam.com\/vi\/#website\",\"url\":\"https:\/\/biogroupvietnam.com\/vi\/\",\"name\":\"Biogroup Vietnam\",\"description\":\"Biogroup Vietnam cung c\u1ea5p d\u1ecbch v\u1ee5 k\u1ef9 thu\u1eadt c\u00f9ng thi\u1ebft b\u1ecb, v\u1eadt t\u01b0, h\u00f3a ch\u1ea5t v\u00e0 gi\u1ea3i ph\u00e1p sinh h\u1ecdc cho ph\u00f2ng th\u00ed nghi\u1ec7m c\u00f4ng ngh\u1ec7 sinh h\u1ecdc, y sinh v\u00e0 y h\u1ecdc t\u00e1i t\u1ea1o.\",\"potentialAction\":[{\"@type\":\"SearchAction\",\"target\":{\"@type\":\"EntryPoint\",\"urlTemplate\":\"https:\/\/biogroupvietnam.com\/vi\/?s={search_term_string}\"},\"query-input\":{\"@type\":\"PropertyValueSpecification\",\"valueRequired\":true,\"valueName\":\"search_term_string\"}}],\"inLanguage\":\"vi\"}]}<\/script>\n<!-- \/ Yoast SEO plugin. -->","yoast_head_json":{"title":"B\u1ed9 M\u00f4i Tr\u01b0\u1eddng Nu\u00f4i C\u1ea5y T\u1ebf B\u00e0o C\u01a1 Tim STEMdiff\u2122","description":"B\u1ed9 m\u00f4i tr\u01b0\u1eddng nu\u00f4i c\u1ea5y t\u1ebf b\u00e0o c\u01a1 tim STEMdiff\u2122 c\u1ea3i thi\u1ec7n hi\u1ec7u qu\u1ea3 nu\u00f4i c\u1ea5y c\u00e1c t\u1ebf b\u00e0o c\u01a1 tim c\u00f3 ngu\u1ed3n g\u1ed1c t\u1eeb t\u1ebf b\u00e0o g\u1ed1c \u0111a n\u0103ng c\u1ee7a con ng\u01b0\u1eddi (hPSC-CM) khi chuy\u1ec3n t\u1eeb giai \u0111o\u1ea1n b\u1ea3o qu\u1ea3n l\u1ea1nh sang r\u00e3 \u0111\u00f4ng v\u00e0 t\u1eeb thu ho\u1ea1ch sang c\u1ea5y chuy\u1ec1n (replating)","robots":{"index":"index","follow":"follow","max-snippet":"max-snippet:-1","max-image-preview":"max-image-preview:large","max-video-preview":"max-video-preview:-1"},"canonical":"https:\/\/biogroupvietnam.com\/vi\/san-pham\/stemdiff-cardiomyocyte-plating-kit\/","og_locale":"vi_VN","og_type":"article","og_title":"B\u1ed9 M\u00f4i Tr\u01b0\u1eddng Nu\u00f4i C\u1ea5y T\u1ebf B\u00e0o C\u01a1 Tim STEMdiff\u2122","og_description":"B\u1ed9 m\u00f4i tr\u01b0\u1eddng nu\u00f4i c\u1ea5y t\u1ebf b\u00e0o c\u01a1 tim STEMdiff\u2122 c\u1ea3i thi\u1ec7n hi\u1ec7u qu\u1ea3 nu\u00f4i c\u1ea5y c\u00e1c t\u1ebf b\u00e0o c\u01a1 tim c\u00f3 ngu\u1ed3n g\u1ed1c t\u1eeb t\u1ebf b\u00e0o g\u1ed1c \u0111a n\u0103ng c\u1ee7a con ng\u01b0\u1eddi (hPSC-CM) khi chuy\u1ec3n t\u1eeb giai \u0111o\u1ea1n b\u1ea3o qu\u1ea3n l\u1ea1nh sang r\u00e3 \u0111\u00f4ng v\u00e0 t\u1eeb thu ho\u1ea1ch sang c\u1ea5y chuy\u1ec1n (replating)","og_url":"https:\/\/biogroupvietnam.com\/vi\/san-pham\/stemdiff-cardiomyocyte-plating-kit\/","og_site_name":"Biogroup Vietnam","article_modified_time":"2026-02-04T08:49:45+00:00","og_image":[{"width":700,"height":538,"url":"https:\/\/biogroupvietnam.com\/wp-content\/uploads\/2025\/08\/p08JBCRwRIiQpWEf3dqLQGDQy4WkwIzQsIYzvGQJ.jpg","type":"image\/jpeg"}],"twitter_card":"summary_large_image","twitter_misc":{"\u01af\u1edbc t\u00ednh th\u1eddi gian \u0111\u1ecdc":"5 ph\u00fat"},"schema":{"@context":"https:\/\/schema.org","@graph":[{"@type":"WebPage","@id":"https:\/\/biogroupvietnam.com\/vi\/san-pham\/stemdiff-cardiomyocyte-plating-kit\/","url":"https:\/\/biogroupvietnam.com\/vi\/san-pham\/stemdiff-cardiomyocyte-plating-kit\/","name":"B\u1ed9 M\u00f4i Tr\u01b0\u1eddng Nu\u00f4i C\u1ea5y T\u1ebf B\u00e0o C\u01a1 Tim STEMdiff\u2122","isPartOf":{"@id":"https:\/\/biogroupvietnam.com\/vi\/#website"},"primaryImageOfPage":{"@id":"https:\/\/biogroupvietnam.com\/vi\/san-pham\/stemdiff-cardiomyocyte-plating-kit\/#primaryimage"},"image":{"@id":"https:\/\/biogroupvietnam.com\/vi\/san-pham\/stemdiff-cardiomyocyte-plating-kit\/#primaryimage"},"thumbnailUrl":"https:\/\/biogroupvietnam.com\/wp-content\/uploads\/2025\/08\/p08JBCRwRIiQpWEf3dqLQGDQy4WkwIzQsIYzvGQJ.jpg","datePublished":"2025-08-18T12:54:43+00:00","dateModified":"2026-02-04T08:49:45+00:00","description":"B\u1ed9 m\u00f4i tr\u01b0\u1eddng nu\u00f4i c\u1ea5y t\u1ebf b\u00e0o c\u01a1 tim STEMdiff\u2122 c\u1ea3i thi\u1ec7n hi\u1ec7u qu\u1ea3 nu\u00f4i c\u1ea5y c\u00e1c t\u1ebf b\u00e0o c\u01a1 tim c\u00f3 ngu\u1ed3n g\u1ed1c t\u1eeb t\u1ebf b\u00e0o g\u1ed1c \u0111a n\u0103ng c\u1ee7a con ng\u01b0\u1eddi (hPSC-CM) khi chuy\u1ec3n t\u1eeb giai \u0111o\u1ea1n b\u1ea3o qu\u1ea3n l\u1ea1nh sang r\u00e3 \u0111\u00f4ng v\u00e0 t\u1eeb thu ho\u1ea1ch sang c\u1ea5y chuy\u1ec1n (replating)","breadcrumb":{"@id":"https:\/\/biogroupvietnam.com\/vi\/san-pham\/stemdiff-cardiomyocyte-plating-kit\/#breadcrumb"},"inLanguage":"vi","potentialAction":[{"@type":"ReadAction","target":["https:\/\/biogroupvietnam.com\/vi\/san-pham\/stemdiff-cardiomyocyte-plating-kit\/"]}]},{"@type":"ImageObject","inLanguage":"vi","@id":"https:\/\/biogroupvietnam.com\/vi\/san-pham\/stemdiff-cardiomyocyte-plating-kit\/#primaryimage","url":"https:\/\/biogroupvietnam.com\/wp-content\/uploads\/2025\/08\/p08JBCRwRIiQpWEf3dqLQGDQy4WkwIzQsIYzvGQJ.jpg","contentUrl":"https:\/\/biogroupvietnam.com\/wp-content\/uploads\/2025\/08\/p08JBCRwRIiQpWEf3dqLQGDQy4WkwIzQsIYzvGQJ.jpg","width":700,"height":538,"caption":"\u00a0"},{"@type":"BreadcrumbList","@id":"https:\/\/biogroupvietnam.com\/vi\/san-pham\/stemdiff-cardiomyocyte-plating-kit\/#breadcrumb","itemListElement":[{"@type":"ListItem","position":1,"name":"Trang ch\u1ee7","item":"https:\/\/biogroupvietnam.com\/vi\/"},{"@type":"ListItem","position":2,"name":"S\u1ea3n ph\u1ea9m","item":"https:\/\/biogroupvietnam.com\/vi\/san-pham\/"},{"@type":"ListItem","position":3,"name":"Nu\u00f4i C\u1ea5y T\u1ebf B\u00e0o","item":"https:\/\/biogroupvietnam.com\/vi\/danh-muc-san-pham\/nuoi-cay-te-bao\/"},{"@type":"ListItem","position":4,"name":"T\u1ebf B\u00e0o G\u1ed1c \u0110a N\u0103ng (PSC)","item":"https:\/\/biogroupvietnam.com\/vi\/danh-muc-san-pham\/te-bao-goc-da-nang-psc\/"},{"@type":"ListItem","position":5,"name":"B\u1ed9 M\u00f4i Tr\u01b0\u1eddng Nu\u00f4i C\u1ea5y T\u1ebf B\u00e0o C\u01a1 Tim STEMdiff\u2122"}]},{"@type":"WebSite","@id":"https:\/\/biogroupvietnam.com\/vi\/#website","url":"https:\/\/biogroupvietnam.com\/vi\/","name":"Biogroup Vietnam","description":"Biogroup Vietnam cung c\u1ea5p d\u1ecbch v\u1ee5 k\u1ef9 thu\u1eadt c\u00f9ng thi\u1ebft b\u1ecb, v\u1eadt t\u01b0, h\u00f3a ch\u1ea5t v\u00e0 gi\u1ea3i ph\u00e1p sinh h\u1ecdc cho ph\u00f2ng th\u00ed nghi\u1ec7m c\u00f4ng ngh\u1ec7 sinh h\u1ecdc, y sinh v\u00e0 y h\u1ecdc t\u00e1i t\u1ea1o.","potentialAction":[{"@type":"SearchAction","target":{"@type":"EntryPoint","urlTemplate":"https:\/\/biogroupvietnam.com\/vi\/?s={search_term_string}"},"query-input":{"@type":"PropertyValueSpecification","valueRequired":true,"valueName":"search_term_string"}}],"inLanguage":"vi"}]}},"_links":{"self":[{"href":"https:\/\/biogroupvietnam.com\/vi\/wp-json\/wp\/v2\/product\/3931","targetHints":{"allow":["GET"]}}],"collection":[{"href":"https:\/\/biogroupvietnam.com\/vi\/wp-json\/wp\/v2\/product"}],"about":[{"href":"https:\/\/biogroupvietnam.com\/vi\/wp-json\/wp\/v2\/types\/product"}],"replies":[{"embeddable":true,"href":"https:\/\/biogroupvietnam.com\/vi\/wp-json\/wp\/v2\/comments?post=3931"}],"version-history":[{"count":4,"href":"https:\/\/biogroupvietnam.com\/vi\/wp-json\/wp\/v2\/product\/3931\/revisions"}],"predecessor-version":[{"id":9730,"href":"https:\/\/biogroupvietnam.com\/vi\/wp-json\/wp\/v2\/product\/3931\/revisions\/9730"}],"wp:featuredmedia":[{"embeddable":true,"href":"https:\/\/biogroupvietnam.com\/vi\/wp-json\/wp\/v2\/media\/5511"}],"wp:attachment":[{"href":"https:\/\/biogroupvietnam.com\/vi\/wp-json\/wp\/v2\/media?parent=3931"}],"wp:term":[{"taxonomy":"product_brand","embeddable":true,"href":"https:\/\/biogroupvietnam.com\/vi\/wp-json\/wp\/v2\/product_brand?post=3931"},{"taxonomy":"product_cat","embeddable":true,"href":"https:\/\/biogroupvietnam.com\/vi\/wp-json\/wp\/v2\/product_cat?post=3931"},{"taxonomy":"product_tag","embeddable":true,"href":"https:\/\/biogroupvietnam.com\/vi\/wp-json\/wp\/v2\/product_tag?post=3931"}],"curies":[{"name":"wp","href":"https:\/\/api.w.org\/{rel}","templated":true}]}}