{"id":3934,"date":"2025-08-18T19:54:44","date_gmt":"2025-08-18T12:54:44","guid":{"rendered":"http:\/\/biogroupvietnam-worldpress.local\/product\/import-placeholder-for-189\/"},"modified":"2025-11-12T18:26:34","modified_gmt":"2025-11-12T11:26:34","slug":"thiet-bi-dien-di-tich-hop-ban-soi-gel-dien-di","status":"publish","type":"product","link":"https:\/\/biogroupvietnam.com\/vi\/san-pham\/thiet-bi-dien-di-tich-hop-ban-soi-gel-dien-di\/","title":{"rendered":"Thi\u1ebft b\u1ecb \u0111i\u1ec7n di t\u00edch h\u1ee3p b\u00e0n soi gel \u0111i\u1ec7n di"},"content":{"rendered":"<h3><strong>Thi\u1ebft b\u1ecb \u0111i\u1ec7n di t\u00edch h\u1ee3p b\u00e0n soi gel \u0111i\u1ec7n di (MyGel InstaView\u2122 Complete Electrophoresis System with Blue LED Illuminator)\u00a0Model: E1201-E<\/strong><\/h3>\n<ul>\n<li>H\u1ec7 th\u1ed1ng ho\u00e0n ch\u1ec9nh v\u1edbi ngu\u1ed3n \u0111i\u1ec7n t\u00edch h\u1ee3p.<\/li>\n<li>B\u1ed9 khu\u00f4n \u0111\u1ed5 gel g\u1ed3m m\u1ed9t khay gel l\u1edbn (10,5 x 10cm) ho\u1eb7c nh\u1ecf (10,5 x 6cm), l\u01b0\u1ee3c v\u00e0 \u0111\u1ebf \u0111\u00fac gel ch\u1ed1ng r\u00f2 r\u1ec9 \u0111\u01b0\u1ee3c cung c\u1ea5p.<\/li>\n<li>Ngu\u1ed3n \u0111i\u1ec7n k\u1ebft n\u1ed1i tr\u1ef1c ti\u1ebfp v\u00e0o b\u1ec3 \u0111\u1eb7t gel (gel tank).<\/li>\n<li>\u0110i\u1ec7n \u00e1p \u0111\u1ea7u ra c\u00f3 th\u1ec3 \u0111\u01b0\u1ee3c \u0111i\u1ec1u ch\u1ec9nh th\u00e0nh 35V, 50V ho\u1eb7c 100V v\u00e0 th\u1eddi gian ch\u1ea1y c\u00f3 th\u1ec3 \u0111\u01b0\u1ee3c c\u00e0i \u0111\u1eb7t l\u00ean \u0111\u1ebfn 99 ph\u00fat.<\/li>\n<li>M\u1ed9t kh\u00f3a t\u1eeb t\u00ednh li\u00ean \u0111\u1ed9ng gi\u1eefa gel tank v\u00e0 n\u1eafp ng\u0103n d\u00f2ng \u0111i\u1ec7n t\u1eeb ch\u1ea1y qua h\u1ec7 th\u1ed1ng khi n\u1eafp kh\u00f4ng \u0111\u00fang v\u1ecb tr\u00ed.<\/li>\n<li>Sau khi H\u1ec7 th\u1ed1ng myGel InstaView \u0111\u01b0\u1ee3c thi\u1ebft l\u1eadp, ch\u1ec9 c\u1ea7n tr\u01b0\u1ee3t b\u00e0n soi \u0111\u00e8n LED nh\u1ecf v\u00e0o v\u1ecb tr\u00ed b\u00ean d\u01b0\u1edbi tank v\u00e0 b\u1eadt ngu\u1ed3n l\u00ean \u0111\u1ec3 xem qu\u00e1 tr\u00ecnh ch\u1ea1y trong th\u1eddi gian th\u1ef1c.<\/li>\n<li>\u0110\u00e8n LED ph\u00e1t ra \u00e1nh s\u00e1ng xanh \u1edf b\u01b0\u1edbc s\u00f3ng 465 nm \u0111\u1ec3 k\u00edch th\u00edch t\u1ed1i \u01b0u c\u00e1c thu\u1ed1c nhu\u1ed9m hu\u1ef3nh quang ph\u1ed5 bi\u1ebfn nh\u01b0: SmartGlow \u2122, SYBYR \u2122 Green v\u00e0 Gel Green, m\u00e0 kh\u00f4ng l\u00e0m h\u1ecfng c\u1ea5u tr\u00fac ph\u00e2n t\u1eed DNA.<\/li>\n<li>\u0110\u1eb7t h\u1ed9p che ch\u1ee5p \u1ea3nh gel \u0111i k\u00e8m l\u00ean tr\u00ean myGel InstaView v\u00e0 s\u1eed\u00a0d\u1ee5ng \u1ee9ng d\u1ee5ng m\u00e1y \u1ea3nh tr\u00ean \u0111i\u1ec7n tho\u1ea1i m\u00e0\u00a0kh\u00f4ng c\u1ea7n l\u1ea5y gel ra kh\u1ecfi b\u1ec3.<\/li>\n<li>H\u00ecnh \u1ea3nh d\u1ec5 d\u00e0ng \u0111\u01b0\u1ee3c chia s\u1ebb qua email ho\u1eb7c tin nh\u1eafn v\u0103n b\u1ea3n ho\u1eb7c in.<\/li>\n<\/ul>\n<h3><i><strong>Cung c\u1ea5p bao g\u1ed3m:<\/strong><\/i><\/h3>\n<ul>\n<li>Thi\u1ebft b\u1ecb \u0111i\u1ec7n di myGel InstaView<\/li>\n<li>B\u00e0n soi gel Blue LED 465nm (Mini SmartBlue Transilluminator )<\/li>\n<li>B\u1ed9 ngu\u1ed3n c\u1ea5p \u0111i\u1ec7n<\/li>\n<li>B\u1ed9 \u0111\u1ed5 gel E1200-CS1<\/li>\n<li>H\u1ed9p che ch\u1ee5p \u1ea3nh<\/li>\n<\/ul>\n","protected":false},"excerpt":{"rendered":"<p>Thi\u1ebft b\u1ecb \u0111i\u1ec7n di t\u00edch h\u1ee3p b\u00e0n soi gel \u0111i\u1ec7n di (MyGel InstaView\u2122 Complete Electrophoresis System with Blue LED Illuminator)\u00a0Model: E1201-E H\u1ec7 th\u1ed1ng ho\u00e0n ch\u1ec9nh v\u1edbi ngu\u1ed3n \u0111i\u1ec7n t\u00edch h\u1ee3p. B\u1ed9 khu\u00f4n \u0111\u1ed5 gel g\u1ed3m m\u1ed9t khay gel l\u1edbn (10,5 x 10cm) ho\u1eb7c nh\u1ecf (10,5 x 6cm), l\u01b0\u1ee3c v\u00e0 \u0111\u1ebf \u0111\u00fac gel ch\u1ed1ng r\u00f2 r\u1ec9<\/p>\n<div class=\"klb-readmore post-buttons\"><a class=\"button rounded primary\" href=\"https:\/\/biogroupvietnam.com\/vi\/san-pham\/thiet-bi-dien-di-tich-hop-ban-soi-gel-dien-di\/\">Read More <i class=\"klbth-icon-right-arrow\"><\/i><\/a><\/div>\n","protected":false},"featured_media":8892,"comment_status":"closed","ping_status":"closed","template":"","meta":{"_acf_changed":false},"product_brand":[138],"product_cat":[116],"product_tag":[],"class_list":{"0":"post-3934","1":"product","2":"type-product","3":"status-publish","4":"has-post-thumbnail","6":"product_brand-benchmark-scientific","7":"product_cat-sinh-hoc-phan-tu","9":"first","10":"outofstock","11":"shipping-taxable","12":"product-type-simple"},"acf":[],"yoast_head":"<!-- This site is optimized with the Yoast SEO plugin v26.8 - https:\/\/yoast.com\/product\/yoast-seo-wordpress\/ -->\n<title>Thi\u1ebft b\u1ecb \u0111i\u1ec7n di t\u00edch h\u1ee3p b\u00e0n soi gel \u0111i\u1ec7n di<\/title>\n<meta name=\"description\" content=\"Thi\u1ebft b\u1ecb \u0111i\u1ec7n di t\u00edch h\u1ee3p b\u00e0n soi gel \u0111i\u1ec7n di (MyGel InstaView\u2122 Complete Electrophoresis System with Blue LED Illuminator)\u00a0Model: E1201-E\" \/>\n<meta name=\"robots\" content=\"index, follow, max-snippet:-1, max-image-preview:large, max-video-preview:-1\" \/>\n<link rel=\"canonical\" href=\"https:\/\/biogroupvietnam.com\/vi\/san-pham\/thiet-bi-dien-di-tich-hop-ban-soi-gel-dien-di\/\" \/>\n<meta property=\"og:locale\" content=\"vi_VN\" \/>\n<meta property=\"og:type\" content=\"article\" \/>\n<meta property=\"og:title\" content=\"Thi\u1ebft b\u1ecb \u0111i\u1ec7n di t\u00edch h\u1ee3p b\u00e0n soi gel \u0111i\u1ec7n di\" \/>\n<meta property=\"og:description\" content=\"Thi\u1ebft b\u1ecb \u0111i\u1ec7n di t\u00edch h\u1ee3p b\u00e0n soi gel \u0111i\u1ec7n di (MyGel InstaView\u2122 Complete Electrophoresis System with Blue LED Illuminator)\u00a0Model: E1201-E\" \/>\n<meta property=\"og:url\" content=\"https:\/\/biogroupvietnam.com\/vi\/san-pham\/thiet-bi-dien-di-tich-hop-ban-soi-gel-dien-di\/\" \/>\n<meta property=\"og:site_name\" content=\"Biogroup Vietnam\" \/>\n<meta property=\"article:modified_time\" content=\"2025-11-12T11:26:34+00:00\" \/>\n<meta property=\"og:image\" content=\"https:\/\/biogroupvietnam.com\/wp-content\/uploads\/2025\/08\/MyGel-InstaView-Systems.jpg\" \/>\n\t<meta property=\"og:image:width\" content=\"1640\" \/>\n\t<meta property=\"og:image:height\" content=\"1260\" \/>\n\t<meta property=\"og:image:type\" content=\"image\/jpeg\" \/>\n<meta name=\"twitter:card\" content=\"summary_large_image\" \/>\n<meta name=\"twitter:label1\" content=\"\u01af\u1edbc t\u00ednh th\u1eddi gian \u0111\u1ecdc\" \/>\n\t<meta name=\"twitter:data1\" content=\"2 ph\u00fat\" \/>\n<script type=\"application\/ld+json\" class=\"yoast-schema-graph\">{\"@context\":\"https:\/\/schema.org\",\"@graph\":[{\"@type\":\"WebPage\",\"@id\":\"https:\/\/biogroupvietnam.com\/vi\/san-pham\/thiet-bi-dien-di-tich-hop-ban-soi-gel-dien-di\/\",\"url\":\"https:\/\/biogroupvietnam.com\/vi\/san-pham\/thiet-bi-dien-di-tich-hop-ban-soi-gel-dien-di\/\",\"name\":\"Thi\u1ebft b\u1ecb \u0111i\u1ec7n di t\u00edch h\u1ee3p b\u00e0n soi gel \u0111i\u1ec7n di\",\"isPartOf\":{\"@id\":\"https:\/\/biogroupvietnam.com\/vi\/#website\"},\"primaryImageOfPage\":{\"@id\":\"https:\/\/biogroupvietnam.com\/vi\/san-pham\/thiet-bi-dien-di-tich-hop-ban-soi-gel-dien-di\/#primaryimage\"},\"image\":{\"@id\":\"https:\/\/biogroupvietnam.com\/vi\/san-pham\/thiet-bi-dien-di-tich-hop-ban-soi-gel-dien-di\/#primaryimage\"},\"thumbnailUrl\":\"https:\/\/biogroupvietnam.com\/wp-content\/uploads\/2025\/08\/MyGel-InstaView-Systems.jpg\",\"datePublished\":\"2025-08-18T12:54:44+00:00\",\"dateModified\":\"2025-11-12T11:26:34+00:00\",\"description\":\"Thi\u1ebft b\u1ecb \u0111i\u1ec7n di t\u00edch h\u1ee3p b\u00e0n soi gel \u0111i\u1ec7n di (MyGel InstaView\u2122 Complete Electrophoresis System with Blue LED Illuminator)\u00a0Model: E1201-E\",\"breadcrumb\":{\"@id\":\"https:\/\/biogroupvietnam.com\/vi\/san-pham\/thiet-bi-dien-di-tich-hop-ban-soi-gel-dien-di\/#breadcrumb\"},\"inLanguage\":\"vi\",\"potentialAction\":[{\"@type\":\"ReadAction\",\"target\":[\"https:\/\/biogroupvietnam.com\/vi\/san-pham\/thiet-bi-dien-di-tich-hop-ban-soi-gel-dien-di\/\"]}]},{\"@type\":\"ImageObject\",\"inLanguage\":\"vi\",\"@id\":\"https:\/\/biogroupvietnam.com\/vi\/san-pham\/thiet-bi-dien-di-tich-hop-ban-soi-gel-dien-di\/#primaryimage\",\"url\":\"https:\/\/biogroupvietnam.com\/wp-content\/uploads\/2025\/08\/MyGel-InstaView-Systems.jpg\",\"contentUrl\":\"https:\/\/biogroupvietnam.com\/wp-content\/uploads\/2025\/08\/MyGel-InstaView-Systems.jpg\",\"width\":1640,\"height\":1260},{\"@type\":\"BreadcrumbList\",\"@id\":\"https:\/\/biogroupvietnam.com\/vi\/san-pham\/thiet-bi-dien-di-tich-hop-ban-soi-gel-dien-di\/#breadcrumb\",\"itemListElement\":[{\"@type\":\"ListItem\",\"position\":1,\"name\":\"Trang ch\u1ee7\",\"item\":\"https:\/\/biogroupvietnam.com\/vi\/\"},{\"@type\":\"ListItem\",\"position\":2,\"name\":\"S\u1ea3n ph\u1ea9m\",\"item\":\"https:\/\/biogroupvietnam.com\/vi\/san-pham\/\"},{\"@type\":\"ListItem\",\"position\":3,\"name\":\"R&amp;D Sinh H\u1ecdc\",\"item\":\"https:\/\/biogroupvietnam.com\/vi\/danh-muc-san-pham\/rd-sinh-hoc\/\"},{\"@type\":\"ListItem\",\"position\":4,\"name\":\"Sinh H\u1ecdc Ph\u00e2n T\u1eed\",\"item\":\"https:\/\/biogroupvietnam.com\/vi\/danh-muc-san-pham\/sinh-hoc-phan-tu\/\"},{\"@type\":\"ListItem\",\"position\":5,\"name\":\"Thi\u1ebft b\u1ecb \u0111i\u1ec7n di t\u00edch h\u1ee3p b\u00e0n soi gel \u0111i\u1ec7n di\"}]},{\"@type\":\"WebSite\",\"@id\":\"https:\/\/biogroupvietnam.com\/vi\/#website\",\"url\":\"https:\/\/biogroupvietnam.com\/vi\/\",\"name\":\"Biogroup Vietnam\",\"description\":\"Biogroup Vietnam cung c\u1ea5p d\u1ecbch v\u1ee5 k\u1ef9 thu\u1eadt c\u00f9ng thi\u1ebft b\u1ecb, v\u1eadt t\u01b0, h\u00f3a ch\u1ea5t v\u00e0 gi\u1ea3i ph\u00e1p sinh h\u1ecdc cho ph\u00f2ng th\u00ed nghi\u1ec7m c\u00f4ng ngh\u1ec7 sinh h\u1ecdc, y sinh v\u00e0 y h\u1ecdc t\u00e1i t\u1ea1o.\",\"potentialAction\":[{\"@type\":\"SearchAction\",\"target\":{\"@type\":\"EntryPoint\",\"urlTemplate\":\"https:\/\/biogroupvietnam.com\/vi\/?s={search_term_string}\"},\"query-input\":{\"@type\":\"PropertyValueSpecification\",\"valueRequired\":true,\"valueName\":\"search_term_string\"}}],\"inLanguage\":\"vi\"}]}<\/script>\n<!-- \/ Yoast SEO plugin. -->","yoast_head_json":{"title":"Thi\u1ebft b\u1ecb \u0111i\u1ec7n di t\u00edch h\u1ee3p b\u00e0n soi gel \u0111i\u1ec7n di","description":"Thi\u1ebft b\u1ecb \u0111i\u1ec7n di t\u00edch h\u1ee3p b\u00e0n soi gel \u0111i\u1ec7n di (MyGel InstaView\u2122 Complete Electrophoresis System with Blue LED Illuminator)\u00a0Model: E1201-E","robots":{"index":"index","follow":"follow","max-snippet":"max-snippet:-1","max-image-preview":"max-image-preview:large","max-video-preview":"max-video-preview:-1"},"canonical":"https:\/\/biogroupvietnam.com\/vi\/san-pham\/thiet-bi-dien-di-tich-hop-ban-soi-gel-dien-di\/","og_locale":"vi_VN","og_type":"article","og_title":"Thi\u1ebft b\u1ecb \u0111i\u1ec7n di t\u00edch h\u1ee3p b\u00e0n soi gel \u0111i\u1ec7n di","og_description":"Thi\u1ebft b\u1ecb \u0111i\u1ec7n di t\u00edch h\u1ee3p b\u00e0n soi gel \u0111i\u1ec7n di (MyGel InstaView\u2122 Complete Electrophoresis System with Blue LED Illuminator)\u00a0Model: E1201-E","og_url":"https:\/\/biogroupvietnam.com\/vi\/san-pham\/thiet-bi-dien-di-tich-hop-ban-soi-gel-dien-di\/","og_site_name":"Biogroup Vietnam","article_modified_time":"2025-11-12T11:26:34+00:00","og_image":[{"width":1640,"height":1260,"url":"https:\/\/biogroupvietnam.com\/wp-content\/uploads\/2025\/08\/MyGel-InstaView-Systems.jpg","type":"image\/jpeg"}],"twitter_card":"summary_large_image","twitter_misc":{"\u01af\u1edbc t\u00ednh th\u1eddi gian \u0111\u1ecdc":"2 ph\u00fat"},"schema":{"@context":"https:\/\/schema.org","@graph":[{"@type":"WebPage","@id":"https:\/\/biogroupvietnam.com\/vi\/san-pham\/thiet-bi-dien-di-tich-hop-ban-soi-gel-dien-di\/","url":"https:\/\/biogroupvietnam.com\/vi\/san-pham\/thiet-bi-dien-di-tich-hop-ban-soi-gel-dien-di\/","name":"Thi\u1ebft b\u1ecb \u0111i\u1ec7n di t\u00edch h\u1ee3p b\u00e0n soi gel \u0111i\u1ec7n di","isPartOf":{"@id":"https:\/\/biogroupvietnam.com\/vi\/#website"},"primaryImageOfPage":{"@id":"https:\/\/biogroupvietnam.com\/vi\/san-pham\/thiet-bi-dien-di-tich-hop-ban-soi-gel-dien-di\/#primaryimage"},"image":{"@id":"https:\/\/biogroupvietnam.com\/vi\/san-pham\/thiet-bi-dien-di-tich-hop-ban-soi-gel-dien-di\/#primaryimage"},"thumbnailUrl":"https:\/\/biogroupvietnam.com\/wp-content\/uploads\/2025\/08\/MyGel-InstaView-Systems.jpg","datePublished":"2025-08-18T12:54:44+00:00","dateModified":"2025-11-12T11:26:34+00:00","description":"Thi\u1ebft b\u1ecb \u0111i\u1ec7n di t\u00edch h\u1ee3p b\u00e0n soi gel \u0111i\u1ec7n di (MyGel InstaView\u2122 Complete Electrophoresis System with Blue LED Illuminator)\u00a0Model: E1201-E","breadcrumb":{"@id":"https:\/\/biogroupvietnam.com\/vi\/san-pham\/thiet-bi-dien-di-tich-hop-ban-soi-gel-dien-di\/#breadcrumb"},"inLanguage":"vi","potentialAction":[{"@type":"ReadAction","target":["https:\/\/biogroupvietnam.com\/vi\/san-pham\/thiet-bi-dien-di-tich-hop-ban-soi-gel-dien-di\/"]}]},{"@type":"ImageObject","inLanguage":"vi","@id":"https:\/\/biogroupvietnam.com\/vi\/san-pham\/thiet-bi-dien-di-tich-hop-ban-soi-gel-dien-di\/#primaryimage","url":"https:\/\/biogroupvietnam.com\/wp-content\/uploads\/2025\/08\/MyGel-InstaView-Systems.jpg","contentUrl":"https:\/\/biogroupvietnam.com\/wp-content\/uploads\/2025\/08\/MyGel-InstaView-Systems.jpg","width":1640,"height":1260},{"@type":"BreadcrumbList","@id":"https:\/\/biogroupvietnam.com\/vi\/san-pham\/thiet-bi-dien-di-tich-hop-ban-soi-gel-dien-di\/#breadcrumb","itemListElement":[{"@type":"ListItem","position":1,"name":"Trang ch\u1ee7","item":"https:\/\/biogroupvietnam.com\/vi\/"},{"@type":"ListItem","position":2,"name":"S\u1ea3n ph\u1ea9m","item":"https:\/\/biogroupvietnam.com\/vi\/san-pham\/"},{"@type":"ListItem","position":3,"name":"R&amp;D Sinh H\u1ecdc","item":"https:\/\/biogroupvietnam.com\/vi\/danh-muc-san-pham\/rd-sinh-hoc\/"},{"@type":"ListItem","position":4,"name":"Sinh H\u1ecdc Ph\u00e2n T\u1eed","item":"https:\/\/biogroupvietnam.com\/vi\/danh-muc-san-pham\/sinh-hoc-phan-tu\/"},{"@type":"ListItem","position":5,"name":"Thi\u1ebft b\u1ecb \u0111i\u1ec7n di t\u00edch h\u1ee3p b\u00e0n soi gel \u0111i\u1ec7n di"}]},{"@type":"WebSite","@id":"https:\/\/biogroupvietnam.com\/vi\/#website","url":"https:\/\/biogroupvietnam.com\/vi\/","name":"Biogroup Vietnam","description":"Biogroup Vietnam cung c\u1ea5p d\u1ecbch v\u1ee5 k\u1ef9 thu\u1eadt c\u00f9ng thi\u1ebft b\u1ecb, v\u1eadt t\u01b0, h\u00f3a ch\u1ea5t v\u00e0 gi\u1ea3i ph\u00e1p sinh h\u1ecdc cho ph\u00f2ng th\u00ed nghi\u1ec7m c\u00f4ng ngh\u1ec7 sinh h\u1ecdc, y sinh v\u00e0 y h\u1ecdc t\u00e1i t\u1ea1o.","potentialAction":[{"@type":"SearchAction","target":{"@type":"EntryPoint","urlTemplate":"https:\/\/biogroupvietnam.com\/vi\/?s={search_term_string}"},"query-input":{"@type":"PropertyValueSpecification","valueRequired":true,"valueName":"search_term_string"}}],"inLanguage":"vi"}]}},"_links":{"self":[{"href":"https:\/\/biogroupvietnam.com\/vi\/wp-json\/wp\/v2\/product\/3934","targetHints":{"allow":["GET"]}}],"collection":[{"href":"https:\/\/biogroupvietnam.com\/vi\/wp-json\/wp\/v2\/product"}],"about":[{"href":"https:\/\/biogroupvietnam.com\/vi\/wp-json\/wp\/v2\/types\/product"}],"replies":[{"embeddable":true,"href":"https:\/\/biogroupvietnam.com\/vi\/wp-json\/wp\/v2\/comments?post=3934"}],"version-history":[{"count":3,"href":"https:\/\/biogroupvietnam.com\/vi\/wp-json\/wp\/v2\/product\/3934\/revisions"}],"predecessor-version":[{"id":8893,"href":"https:\/\/biogroupvietnam.com\/vi\/wp-json\/wp\/v2\/product\/3934\/revisions\/8893"}],"wp:featuredmedia":[{"embeddable":true,"href":"https:\/\/biogroupvietnam.com\/vi\/wp-json\/wp\/v2\/media\/8892"}],"wp:attachment":[{"href":"https:\/\/biogroupvietnam.com\/vi\/wp-json\/wp\/v2\/media?parent=3934"}],"wp:term":[{"taxonomy":"product_brand","embeddable":true,"href":"https:\/\/biogroupvietnam.com\/vi\/wp-json\/wp\/v2\/product_brand?post=3934"},{"taxonomy":"product_cat","embeddable":true,"href":"https:\/\/biogroupvietnam.com\/vi\/wp-json\/wp\/v2\/product_cat?post=3934"},{"taxonomy":"product_tag","embeddable":true,"href":"https:\/\/biogroupvietnam.com\/vi\/wp-json\/wp\/v2\/product_tag?post=3934"}],"curies":[{"name":"wp","href":"https:\/\/api.w.org\/{rel}","templated":true}]}}