{"id":3935,"date":"2025-08-18T19:54:44","date_gmt":"2025-08-18T12:54:44","guid":{"rendered":"http:\/\/biogroupvietnam-worldpress.local\/product\/import-placeholder-for-190\/"},"modified":"2025-10-30T13:54:56","modified_gmt":"2025-10-30T06:54:56","slug":"chromato-uv-cabinet","status":"publish","type":"product","link":"https:\/\/biogroupvietnam.com\/vi\/san-pham\/chromato-uv-cabinet\/","title":{"rendered":"Bu\u1ed3ng UV Soi S\u1eafc K\u00fd B\u1ea3n M\u1ecfng"},"content":{"rendered":"<p><span style=\"background-color: transparent; color: #000000; font-family: Arial,sans-serif; font-size: 12pt;\"><strong>Bu\u1ed3ng soi UV \u0111a n\u0103ng soi s\u1eafc k\u00fd b\u1ea3n m\u1ecfng<\/strong><\/span><\/p>\n<p><span style=\"background-color: transparent; color: #000000; font-family: Arial,sans-serif; font-size: 12pt;\">Bu\u1ed3ng soi UV c\u1ee7a h\u00e3ng Uvitec (Anh) \u0111\u01b0\u1ee3c d\u00f9ng trong ph\u00f2ng QC t\u1ea1i c\u00e1c nh\u00e0 m\u00e1y s\u1ea3n xu\u1ea5t \u0111\u1ebfn ph\u00e2n t\u00edch hu\u1ef3nh quang v\u00e0 \u0111\u1ecdc s\u1eafc k\u00fd \u0111\u1ed3 nh\u01b0 s\u1eafc k\u00fd b\u1ea3n m\u1ecfng TLC. \u0110\u01b0\u1ee3c s\u1eed d\u1ee5ng r\u1ed9ng r\u00e3i trong c\u00e1c l\u0129nh v\u1ef1c nh\u01b0 sinh h\u1ecdc, \u0111\u1ecba ch\u1ea5t, h\u00f3a h\u1ecdc, khai kho\u00e1ng v\u00e0 ph\u00e1p y.<\/span><\/p>\n<h3><span style=\"background-color: transparent; color: #000000; font-family: Arial,sans-serif; font-size: 16pt;\"><strong>D\u00f2ng s\u1ea3n ph\u1ea9m l\u1ef1a ch\u1ecdn<\/strong><\/span><\/h3>\n<ul>\n<li><span style=\"background-color: transparent; color: #000000; font-family: Arial,sans-serif; font-size: 12pt;\"><strong>Bu\u1ed3ng soi UV \u0111a k\u00eanh, UVITEC CV-415<\/strong><\/span><\/li>\n<\/ul>\n<p><span style=\"background-color: transparent; color: #000000; font-family: Arial,sans-serif; font-size: 12pt;\">D\u00f2ng m\u00e1y Uvitec CV-415 c\u00f3 th\u1ec3 t\u00f9y ch\u1ecdn b\u01b0\u1edbc s\u00f3ng \u0111\u01a1n ho\u1eb7c b\u01b0\u1edbc s\u00f3ng k\u00e9p v\u00e0 l\u1eafp \u0111\u01b0\u1ee3c c\u00e1c b\u00f3ng \u0111\u00e8n UV c\u00f3 b\u01b0\u1edbc s\u00f3ng kh\u00e1c nhau trong tr\u01b0\u1eddng h\u1ee3p c\u1ea7n \u0111\u00e8n UV c\u00f3 b\u01b0\u1edbc s\u00f3ng kh\u00e1c.<\/span><\/p>\n<ul>\n<li><span style=\"background-color: transparent; color: #000000; font-family: Arial,sans-serif; font-size: 12pt;\"><strong>Bu\u1ed3ng soi UV, UVITEC CV-006<\/strong><\/span><\/li>\n<\/ul>\n<p><span style=\"background-color: transparent; color: #000000; font-family: Arial,sans-serif; font-size: 12pt;\">D\u00f2ng m\u00e1y CV-006 l\u00e0 thi\u1ebft b\u1ecb nh\u1ecf g\u1ecdn, c\u00f3 th\u1ec3 ch\u1ee9a m\u1ed9t ho\u1eb7c hai \u0111\u00e8n UV LF-106.<\/span><\/p>\n<h3><span style=\"background-color: transparent; color: #000000; font-family: Arial,sans-serif; font-size: 16pt;\"><strong>B\u1ed9 \u0111\u00e8n UV \u0111\u01b0\u1ee3c ch\u1ecdn ri\u00eang<\/strong><\/span><\/h3>\n<ul>\n<li><span style=\"background-color: transparent; color: #000000; font-family: Arial,sans-serif; font-size: 12pt;\">2 b\u00f3ng \u0111\u00e8n UV c\u00f3 b\u01b0\u1edbc s\u00f3ng 254nm &amp; 2 b\u00f3ng \u0111\u00e8n UV c\u00f3 b\u01b0\u1edbc s\u00f3ng 365nm (Ref: 4121 0155 1)<\/span><\/li>\n<li><span style=\"background-color: transparent; color: #000000; font-family: Arial,sans-serif; font-size: 12pt;\">4 b\u00f3ng \u0111\u00e8n UV c\u00f3 b\u01b0\u1edbc s\u00f3ng 254nm (Ref: 4121 0151 1)<\/span><\/li>\n<li><span style=\"background-color: transparent; color: #000000; font-family: Arial,sans-serif; font-size: 12pt;\">4 b\u00f3ng \u0111\u00e8n UV c\u00f3 b\u01b0\u1edbc s\u00f3ng 312nm UV Tubes (Ref: 4121 0152 1)<\/span><\/li>\n<li><span style=\"background-color: transparent; color: #000000; font-family: Arial,sans-serif; font-size: 12pt;\">2 b\u00f3ng \u0111\u00e8n UV c\u00f3 b\u01b0\u1edbc s\u00f3ng 312nm &amp; 2 b\u00f3ng \u0111\u00e8n UV c\u00f3 b\u01b0\u1edbc s\u00f3ng 365nm (Ref: 4121 0156 1)<\/span><\/li>\n<li><span style=\"background-color: transparent; color: #000000; font-family: Arial,sans-serif; font-size: 12pt;\">2 b\u00f3ng \u0111\u00e8n UV c\u00f3 b\u01b0\u1edbc s\u00f3ng Set 312nm &amp; 2 b\u00f3ng \u0111\u00e8n UV c\u00f3 b\u01b0\u1edbc s\u00f3ng 254nm (Ref: 4121 0157 1)<\/span><\/li>\n<li><span style=\"background-color: transparent; color: #000000; font-family: Arial,sans-serif; font-size: 12pt;\">4 b\u00f3ng \u0111\u00e8n UV c\u00f3 b\u01b0\u1edbc s\u00f3ng 365nm (Ref: 4121 0153 1)<\/span><\/li>\n<\/ul>\n","protected":false},"excerpt":{"rendered":"<p>Bu\u1ed3ng soi UV \u0111a n\u0103ng soi s\u1eafc k\u00fd b\u1ea3n m\u1ecfng Bu\u1ed3ng soi UV c\u1ee7a h\u00e3ng Uvitec (Anh) \u0111\u01b0\u1ee3c d\u00f9ng trong ph\u00f2ng QC t\u1ea1i c\u00e1c nh\u00e0 m\u00e1y s\u1ea3n xu\u1ea5t \u0111\u1ebfn ph\u00e2n t\u00edch hu\u1ef3nh quang v\u00e0 \u0111\u1ecdc s\u1eafc k\u00fd \u0111\u1ed3 nh\u01b0 s\u1eafc k\u00fd b\u1ea3n m\u1ecfng TLC. \u0110\u01b0\u1ee3c s\u1eed d\u1ee5ng r\u1ed9ng r\u00e3i trong c\u00e1c l\u0129nh v\u1ef1c nh\u01b0 sinh<\/p>\n<div class=\"klb-readmore post-buttons\"><a class=\"button rounded primary\" href=\"https:\/\/biogroupvietnam.com\/vi\/san-pham\/chromato-uv-cabinet\/\">Read More <i class=\"klbth-icon-right-arrow\"><\/i><\/a><\/div>\n","protected":false},"featured_media":5520,"comment_status":"closed","ping_status":"closed","template":"","meta":{"_acf_changed":false},"product_brand":[136],"product_cat":[110],"product_tag":[],"class_list":{"0":"post-3935","1":"product","2":"type-product","3":"status-publish","4":"has-post-thumbnail","6":"product_brand-uvitec","7":"product_cat-chup-anh-gel","9":"first","10":"outofstock","11":"shipping-taxable","12":"product-type-simple"},"acf":[],"yoast_head":"<!-- This site is optimized with the Yoast SEO plugin v26.8 - https:\/\/yoast.com\/product\/yoast-seo-wordpress\/ -->\n<title>Bu\u1ed3ng UV Soi S\u1eafc K\u00fd B\u1ea3n M\u1ecfng<\/title>\n<meta name=\"description\" content=\"Bu\u1ed3ng soi UV c\u1ee7a h\u00e3ng Uvitec (Anh) \u0111\u01b0\u1ee3c d\u00f9ng trong ph\u00f2ng QC t\u1ea1i c\u00e1c nh\u00e0 m\u00e1y s\u1ea3n xu\u1ea5t \u0111\u1ebfn ph\u00e2n t\u00edch hu\u1ef3nh quang v\u00e0 \u0111\u1ecdc s\u1eafc k\u00fd \u0111\u1ed3 nh\u01b0 s\u1eafc k\u00fd b\u1ea3n m\u1ecfng TLC.\" \/>\n<meta name=\"robots\" content=\"index, follow, max-snippet:-1, max-image-preview:large, max-video-preview:-1\" \/>\n<link rel=\"canonical\" href=\"https:\/\/biogroupvietnam.com\/vi\/san-pham\/chromato-uv-cabinet\/\" \/>\n<meta property=\"og:locale\" content=\"vi_VN\" \/>\n<meta property=\"og:type\" content=\"article\" \/>\n<meta property=\"og:title\" content=\"Bu\u1ed3ng UV Soi S\u1eafc K\u00fd B\u1ea3n M\u1ecfng\" \/>\n<meta property=\"og:description\" content=\"Bu\u1ed3ng soi UV c\u1ee7a h\u00e3ng Uvitec (Anh) \u0111\u01b0\u1ee3c d\u00f9ng trong ph\u00f2ng QC t\u1ea1i c\u00e1c nh\u00e0 m\u00e1y s\u1ea3n xu\u1ea5t \u0111\u1ebfn ph\u00e2n t\u00edch hu\u1ef3nh quang v\u00e0 \u0111\u1ecdc s\u1eafc k\u00fd \u0111\u1ed3 nh\u01b0 s\u1eafc k\u00fd b\u1ea3n m\u1ecfng TLC.\" \/>\n<meta property=\"og:url\" content=\"https:\/\/biogroupvietnam.com\/vi\/san-pham\/chromato-uv-cabinet\/\" \/>\n<meta property=\"og:site_name\" content=\"Biogroup Vietnam\" \/>\n<meta property=\"article:modified_time\" content=\"2025-10-30T06:54:56+00:00\" \/>\n<meta property=\"og:image\" content=\"https:\/\/biogroupvietnam.com\/wp-content\/uploads\/2025\/08\/BuE1BB93ng20UV202.png\" \/>\n\t<meta property=\"og:image:width\" content=\"1600\" \/>\n\t<meta property=\"og:image:height\" content=\"1229\" \/>\n\t<meta property=\"og:image:type\" content=\"image\/png\" \/>\n<meta name=\"twitter:card\" content=\"summary_large_image\" \/>\n<meta name=\"twitter:label1\" content=\"\u01af\u1edbc t\u00ednh th\u1eddi gian \u0111\u1ecdc\" \/>\n\t<meta name=\"twitter:data1\" content=\"2 ph\u00fat\" \/>\n<script type=\"application\/ld+json\" class=\"yoast-schema-graph\">{\"@context\":\"https:\/\/schema.org\",\"@graph\":[{\"@type\":\"WebPage\",\"@id\":\"https:\/\/biogroupvietnam.com\/vi\/san-pham\/chromato-uv-cabinet\/\",\"url\":\"https:\/\/biogroupvietnam.com\/vi\/san-pham\/chromato-uv-cabinet\/\",\"name\":\"Bu\u1ed3ng UV Soi S\u1eafc K\u00fd B\u1ea3n M\u1ecfng\",\"isPartOf\":{\"@id\":\"https:\/\/biogroupvietnam.com\/vi\/#website\"},\"primaryImageOfPage\":{\"@id\":\"https:\/\/biogroupvietnam.com\/vi\/san-pham\/chromato-uv-cabinet\/#primaryimage\"},\"image\":{\"@id\":\"https:\/\/biogroupvietnam.com\/vi\/san-pham\/chromato-uv-cabinet\/#primaryimage\"},\"thumbnailUrl\":\"https:\/\/biogroupvietnam.com\/wp-content\/uploads\/2025\/08\/BuE1BB93ng20UV202.png\",\"datePublished\":\"2025-08-18T12:54:44+00:00\",\"dateModified\":\"2025-10-30T06:54:56+00:00\",\"description\":\"Bu\u1ed3ng soi UV c\u1ee7a h\u00e3ng Uvitec (Anh) \u0111\u01b0\u1ee3c d\u00f9ng trong ph\u00f2ng QC t\u1ea1i c\u00e1c nh\u00e0 m\u00e1y s\u1ea3n xu\u1ea5t \u0111\u1ebfn ph\u00e2n t\u00edch hu\u1ef3nh quang v\u00e0 \u0111\u1ecdc s\u1eafc k\u00fd \u0111\u1ed3 nh\u01b0 s\u1eafc k\u00fd b\u1ea3n m\u1ecfng TLC.\",\"breadcrumb\":{\"@id\":\"https:\/\/biogroupvietnam.com\/vi\/san-pham\/chromato-uv-cabinet\/#breadcrumb\"},\"inLanguage\":\"vi\",\"potentialAction\":[{\"@type\":\"ReadAction\",\"target\":[\"https:\/\/biogroupvietnam.com\/vi\/san-pham\/chromato-uv-cabinet\/\"]}]},{\"@type\":\"ImageObject\",\"inLanguage\":\"vi\",\"@id\":\"https:\/\/biogroupvietnam.com\/vi\/san-pham\/chromato-uv-cabinet\/#primaryimage\",\"url\":\"https:\/\/biogroupvietnam.com\/wp-content\/uploads\/2025\/08\/BuE1BB93ng20UV202.png\",\"contentUrl\":\"https:\/\/biogroupvietnam.com\/wp-content\/uploads\/2025\/08\/BuE1BB93ng20UV202.png\",\"width\":1600,\"height\":1229,\"caption\":\"\u00a0\"},{\"@type\":\"BreadcrumbList\",\"@id\":\"https:\/\/biogroupvietnam.com\/vi\/san-pham\/chromato-uv-cabinet\/#breadcrumb\",\"itemListElement\":[{\"@type\":\"ListItem\",\"position\":1,\"name\":\"Trang ch\u1ee7\",\"item\":\"https:\/\/biogroupvietnam.com\/vi\/\"},{\"@type\":\"ListItem\",\"position\":2,\"name\":\"S\u1ea3n ph\u1ea9m\",\"item\":\"https:\/\/biogroupvietnam.com\/vi\/san-pham\/\"},{\"@type\":\"ListItem\",\"position\":3,\"name\":\"R&amp;D Sinh H\u1ecdc\",\"item\":\"https:\/\/biogroupvietnam.com\/vi\/danh-muc-san-pham\/rd-sinh-hoc\/\"},{\"@type\":\"ListItem\",\"position\":4,\"name\":\"Ch\u1ee5p \u1ea2nh Gel\",\"item\":\"https:\/\/biogroupvietnam.com\/vi\/danh-muc-san-pham\/chup-anh-gel\/\"},{\"@type\":\"ListItem\",\"position\":5,\"name\":\"Bu\u1ed3ng UV Soi S\u1eafc K\u00fd B\u1ea3n M\u1ecfng\"}]},{\"@type\":\"WebSite\",\"@id\":\"https:\/\/biogroupvietnam.com\/vi\/#website\",\"url\":\"https:\/\/biogroupvietnam.com\/vi\/\",\"name\":\"Biogroup Vietnam\",\"description\":\"Biogroup Vietnam cung c\u1ea5p d\u1ecbch v\u1ee5 k\u1ef9 thu\u1eadt c\u00f9ng thi\u1ebft b\u1ecb, v\u1eadt t\u01b0, h\u00f3a ch\u1ea5t v\u00e0 gi\u1ea3i ph\u00e1p sinh h\u1ecdc cho ph\u00f2ng th\u00ed nghi\u1ec7m c\u00f4ng ngh\u1ec7 sinh h\u1ecdc, y sinh v\u00e0 y h\u1ecdc t\u00e1i t\u1ea1o.\",\"potentialAction\":[{\"@type\":\"SearchAction\",\"target\":{\"@type\":\"EntryPoint\",\"urlTemplate\":\"https:\/\/biogroupvietnam.com\/vi\/?s={search_term_string}\"},\"query-input\":{\"@type\":\"PropertyValueSpecification\",\"valueRequired\":true,\"valueName\":\"search_term_string\"}}],\"inLanguage\":\"vi\"}]}<\/script>\n<!-- \/ Yoast SEO plugin. -->","yoast_head_json":{"title":"Bu\u1ed3ng UV Soi S\u1eafc K\u00fd B\u1ea3n M\u1ecfng","description":"Bu\u1ed3ng soi UV c\u1ee7a h\u00e3ng Uvitec (Anh) \u0111\u01b0\u1ee3c d\u00f9ng trong ph\u00f2ng QC t\u1ea1i c\u00e1c nh\u00e0 m\u00e1y s\u1ea3n xu\u1ea5t \u0111\u1ebfn ph\u00e2n t\u00edch hu\u1ef3nh quang v\u00e0 \u0111\u1ecdc s\u1eafc k\u00fd \u0111\u1ed3 nh\u01b0 s\u1eafc k\u00fd b\u1ea3n m\u1ecfng TLC.","robots":{"index":"index","follow":"follow","max-snippet":"max-snippet:-1","max-image-preview":"max-image-preview:large","max-video-preview":"max-video-preview:-1"},"canonical":"https:\/\/biogroupvietnam.com\/vi\/san-pham\/chromato-uv-cabinet\/","og_locale":"vi_VN","og_type":"article","og_title":"Bu\u1ed3ng UV Soi S\u1eafc K\u00fd B\u1ea3n M\u1ecfng","og_description":"Bu\u1ed3ng soi UV c\u1ee7a h\u00e3ng Uvitec (Anh) \u0111\u01b0\u1ee3c d\u00f9ng trong ph\u00f2ng QC t\u1ea1i c\u00e1c nh\u00e0 m\u00e1y s\u1ea3n xu\u1ea5t \u0111\u1ebfn ph\u00e2n t\u00edch hu\u1ef3nh quang v\u00e0 \u0111\u1ecdc s\u1eafc k\u00fd \u0111\u1ed3 nh\u01b0 s\u1eafc k\u00fd b\u1ea3n m\u1ecfng TLC.","og_url":"https:\/\/biogroupvietnam.com\/vi\/san-pham\/chromato-uv-cabinet\/","og_site_name":"Biogroup Vietnam","article_modified_time":"2025-10-30T06:54:56+00:00","og_image":[{"width":1600,"height":1229,"url":"https:\/\/biogroupvietnam.com\/wp-content\/uploads\/2025\/08\/BuE1BB93ng20UV202.png","type":"image\/png"}],"twitter_card":"summary_large_image","twitter_misc":{"\u01af\u1edbc t\u00ednh th\u1eddi gian \u0111\u1ecdc":"2 ph\u00fat"},"schema":{"@context":"https:\/\/schema.org","@graph":[{"@type":"WebPage","@id":"https:\/\/biogroupvietnam.com\/vi\/san-pham\/chromato-uv-cabinet\/","url":"https:\/\/biogroupvietnam.com\/vi\/san-pham\/chromato-uv-cabinet\/","name":"Bu\u1ed3ng UV Soi S\u1eafc K\u00fd B\u1ea3n M\u1ecfng","isPartOf":{"@id":"https:\/\/biogroupvietnam.com\/vi\/#website"},"primaryImageOfPage":{"@id":"https:\/\/biogroupvietnam.com\/vi\/san-pham\/chromato-uv-cabinet\/#primaryimage"},"image":{"@id":"https:\/\/biogroupvietnam.com\/vi\/san-pham\/chromato-uv-cabinet\/#primaryimage"},"thumbnailUrl":"https:\/\/biogroupvietnam.com\/wp-content\/uploads\/2025\/08\/BuE1BB93ng20UV202.png","datePublished":"2025-08-18T12:54:44+00:00","dateModified":"2025-10-30T06:54:56+00:00","description":"Bu\u1ed3ng soi UV c\u1ee7a h\u00e3ng Uvitec (Anh) \u0111\u01b0\u1ee3c d\u00f9ng trong ph\u00f2ng QC t\u1ea1i c\u00e1c nh\u00e0 m\u00e1y s\u1ea3n xu\u1ea5t \u0111\u1ebfn ph\u00e2n t\u00edch hu\u1ef3nh quang v\u00e0 \u0111\u1ecdc s\u1eafc k\u00fd \u0111\u1ed3 nh\u01b0 s\u1eafc k\u00fd b\u1ea3n m\u1ecfng TLC.","breadcrumb":{"@id":"https:\/\/biogroupvietnam.com\/vi\/san-pham\/chromato-uv-cabinet\/#breadcrumb"},"inLanguage":"vi","potentialAction":[{"@type":"ReadAction","target":["https:\/\/biogroupvietnam.com\/vi\/san-pham\/chromato-uv-cabinet\/"]}]},{"@type":"ImageObject","inLanguage":"vi","@id":"https:\/\/biogroupvietnam.com\/vi\/san-pham\/chromato-uv-cabinet\/#primaryimage","url":"https:\/\/biogroupvietnam.com\/wp-content\/uploads\/2025\/08\/BuE1BB93ng20UV202.png","contentUrl":"https:\/\/biogroupvietnam.com\/wp-content\/uploads\/2025\/08\/BuE1BB93ng20UV202.png","width":1600,"height":1229,"caption":"\u00a0"},{"@type":"BreadcrumbList","@id":"https:\/\/biogroupvietnam.com\/vi\/san-pham\/chromato-uv-cabinet\/#breadcrumb","itemListElement":[{"@type":"ListItem","position":1,"name":"Trang ch\u1ee7","item":"https:\/\/biogroupvietnam.com\/vi\/"},{"@type":"ListItem","position":2,"name":"S\u1ea3n ph\u1ea9m","item":"https:\/\/biogroupvietnam.com\/vi\/san-pham\/"},{"@type":"ListItem","position":3,"name":"R&amp;D Sinh H\u1ecdc","item":"https:\/\/biogroupvietnam.com\/vi\/danh-muc-san-pham\/rd-sinh-hoc\/"},{"@type":"ListItem","position":4,"name":"Ch\u1ee5p \u1ea2nh Gel","item":"https:\/\/biogroupvietnam.com\/vi\/danh-muc-san-pham\/chup-anh-gel\/"},{"@type":"ListItem","position":5,"name":"Bu\u1ed3ng UV Soi S\u1eafc K\u00fd B\u1ea3n M\u1ecfng"}]},{"@type":"WebSite","@id":"https:\/\/biogroupvietnam.com\/vi\/#website","url":"https:\/\/biogroupvietnam.com\/vi\/","name":"Biogroup Vietnam","description":"Biogroup Vietnam cung c\u1ea5p d\u1ecbch v\u1ee5 k\u1ef9 thu\u1eadt c\u00f9ng thi\u1ebft b\u1ecb, v\u1eadt t\u01b0, h\u00f3a ch\u1ea5t v\u00e0 gi\u1ea3i ph\u00e1p sinh h\u1ecdc cho ph\u00f2ng th\u00ed nghi\u1ec7m c\u00f4ng ngh\u1ec7 sinh h\u1ecdc, y sinh v\u00e0 y h\u1ecdc t\u00e1i t\u1ea1o.","potentialAction":[{"@type":"SearchAction","target":{"@type":"EntryPoint","urlTemplate":"https:\/\/biogroupvietnam.com\/vi\/?s={search_term_string}"},"query-input":{"@type":"PropertyValueSpecification","valueRequired":true,"valueName":"search_term_string"}}],"inLanguage":"vi"}]}},"_links":{"self":[{"href":"https:\/\/biogroupvietnam.com\/vi\/wp-json\/wp\/v2\/product\/3935","targetHints":{"allow":["GET"]}}],"collection":[{"href":"https:\/\/biogroupvietnam.com\/vi\/wp-json\/wp\/v2\/product"}],"about":[{"href":"https:\/\/biogroupvietnam.com\/vi\/wp-json\/wp\/v2\/types\/product"}],"replies":[{"embeddable":true,"href":"https:\/\/biogroupvietnam.com\/vi\/wp-json\/wp\/v2\/comments?post=3935"}],"version-history":[{"count":3,"href":"https:\/\/biogroupvietnam.com\/vi\/wp-json\/wp\/v2\/product\/3935\/revisions"}],"predecessor-version":[{"id":8811,"href":"https:\/\/biogroupvietnam.com\/vi\/wp-json\/wp\/v2\/product\/3935\/revisions\/8811"}],"wp:featuredmedia":[{"embeddable":true,"href":"https:\/\/biogroupvietnam.com\/vi\/wp-json\/wp\/v2\/media\/5520"}],"wp:attachment":[{"href":"https:\/\/biogroupvietnam.com\/vi\/wp-json\/wp\/v2\/media?parent=3935"}],"wp:term":[{"taxonomy":"product_brand","embeddable":true,"href":"https:\/\/biogroupvietnam.com\/vi\/wp-json\/wp\/v2\/product_brand?post=3935"},{"taxonomy":"product_cat","embeddable":true,"href":"https:\/\/biogroupvietnam.com\/vi\/wp-json\/wp\/v2\/product_cat?post=3935"},{"taxonomy":"product_tag","embeddable":true,"href":"https:\/\/biogroupvietnam.com\/vi\/wp-json\/wp\/v2\/product_tag?post=3935"}],"curies":[{"name":"wp","href":"https:\/\/api.w.org\/{rel}","templated":true}]}}