{"id":3936,"date":"2025-08-18T19:54:45","date_gmt":"2025-08-18T12:54:45","guid":{"rendered":"http:\/\/biogroupvietnam-worldpress.local\/product\/import-placeholder-for-191\/"},"modified":"2026-04-02T11:29:23","modified_gmt":"2026-04-02T04:29:23","slug":"smartdish-stemgrid-6","status":"publish","type":"product","link":"https:\/\/biogroupvietnam.com\/vi\/san-pham\/smartdish-stemgrid-6\/","title":{"rendered":"SmartDish\u2122 &#038; STEMgrid\u2122-6 \u2013 D\u1ee5ng c\u1ee5 nu\u00f4i c\u1ea5y kh\u00f4ng meniscus"},"content":{"rendered":"<h3><strong>SmartDish\u2122 &amp; STEMgrid\u2122-6 \u2013 Gi\u1ea3i ph\u00e1p nu\u00f4i c\u1ea5y kh\u00f4ng meniscus gi\u00fap \u0111\u1ebfm ch\u00ednh x\u00e1c khu\u1ea9n l\u1ea1c t\u1ea1o m\u00e1u (CFU Assay)<\/strong><\/h3>\n<h4><strong>Gi\u1edbi thi\u1ec7u t\u1ed5ng quan<\/strong><\/h4>\n<p>Trong c\u00e1c ph\u00e9p th\u1eed <strong>Colony-Forming Unit (CFU) assay<\/strong>, vi\u1ec7c \u0111\u1ebfm v\u00e0 ph\u00e2n lo\u1ea1i ch\u00ednh x\u00e1c khu\u1ea9n l\u1ea1c t\u1ea1o m\u00e1u (hematopoietic colonies) l\u00e0 b\u01b0\u1edbc quan tr\u1ecdng \u0111\u1ec3 \u0111\u00e1nh gi\u00e1 n\u0103ng l\u1ef1c bi\u1ec7t h\u00f3a c\u1ee7a t\u1ebf b\u00e0o g\u1ed1c. Tuy nhi\u00ean, <strong>hi\u1ec7n t\u01b0\u1ee3ng meniscus (m\u1eb7t cong c\u1ee7a m\u00f4i tr\u01b0\u1eddng nu\u00f4i)<\/strong> trong c\u00e1c \u0111\u0129a nu\u00f4i c\u1ea5y th\u00f4ng th\u01b0\u1eddng th\u01b0\u1eddng g\u00e2y sai l\u1ec7ch trong k\u1ebft qu\u1ea3 do \u00e1nh s\u00e1ng b\u1ecb kh\u00fac x\u1ea1, khu\u1ea9n l\u1ea1c t\u1eadp trung \u1edf r\u00eca \u0111\u0129a, ho\u1eb7c b\u1ecb che khu\u1ea5t t\u1ea7m nh\u00ecn.<\/p>\n<p><strong>SmartDish\u2122<\/strong> v\u00e0 <strong>STEMgrid\u2122-6<\/strong>, \u0111\u01b0\u1ee3c ph\u00e1t tri\u1ec3n b\u1edfi <strong>STEMCELL Technologies (Canada)<\/strong>, l\u00e0 <strong>b\u1ed9 \u0111\u00f4i cultureware chuy\u00ean bi\u1ec7t<\/strong> gi\u00fap <strong>lo\u1ea1i b\u1ecf hi\u1ec7u \u1ee9ng meniscus<\/strong>, \u0111\u1ea3m b\u1ea3o k\u1ebft qu\u1ea3 \u0111\u1ebfm khu\u1ea9n l\u1ea1c <strong>\u0111\u1ed3ng nh\u1ea5t, r\u00f5 r\u00e0ng v\u00e0 t\u00e1i l\u1eadp gi\u1eefa c\u00e1c l\u1ea7n th\u1eed nghi\u1ec7m<\/strong><\/p>\n<p>Biogroup Vietnam l\u00e0 <strong>nh\u00e0 ph\u00e2n ph\u1ed1i ch\u00ednh th\u1ee9c<\/strong> c\u1ee7a <strong>STEMCELL Technologies<\/strong> t\u1ea1i Vi\u1ec7t Nam, mang \u0111\u1ebfn gi\u1ea3i ph\u00e1p t\u1ed1i \u01b0u cho <strong>nghi\u00ean c\u1ee9u huy\u1ebft h\u1ecdc, ng\u00e2n h\u00e0ng m\u00e1u cu\u1ed1ng r\u1ed1n v\u00e0 ph\u00f2ng th\u00ed nghi\u1ec7m t\u1ebf b\u00e0o g\u1ed1c<\/strong>.<\/p>\n<h4><strong>Hi\u1ec7u \u1ee9ng meniscus \u2013 Nguy\u00ean nh\u00e2n sai l\u1ec7ch trong ph\u00e9p th\u1eed CFU<\/strong><\/h4>\n<p>Trong c\u00e1c \u0111\u0129a nu\u00f4i c\u1ea5y ti\u00eau chu\u1ea9n, <strong>meniscus<\/strong> h\u00ecnh th\u00e0nh gi\u1eefa m\u00f4i tr\u01b0\u1eddng nu\u00f4i v\u00e0 th\u00e0nh \u0111\u0129a khi\u1ebfn l\u1edbp m\u00f4i tr\u01b0\u1eddng d\u00e0y h\u01a1n \u1edf v\u00f9ng r\u00eca. Hi\u1ec7n t\u01b0\u1ee3ng n\u00e0y d\u1eabn \u0111\u1ebfn:<\/p>\n<ul>\n<li>C\u00e1c khu\u1ea9n l\u1ea1c h\u00ecnh th\u00e0nh nhi\u1ec1u h\u01a1n \u1edf m\u00e9p \u0111\u0129a, ph\u00e2n b\u1ed1 kh\u00f4ng \u0111\u1ed3ng \u0111\u1ec1u.<\/li>\n<li>\u00c1nh s\u00e1ng b\u1ecb kh\u00fac x\u1ea1, g\u00e2y <strong>b\u00f3ng v\u00e0 m\u00e9o h\u00ecnh \u1ea3nh<\/strong> khi quan s\u00e1t b\u1eb1ng k\u00ednh hi\u1ec3n vi ho\u1eb7c h\u1ec7 th\u1ed1ng STEMvision\u2122.<\/li>\n<li>K\u1ebft qu\u1ea3 \u0111\u1ebfm b\u1ecb sai l\u1ec7ch do <strong>m\u1ed9t ph\u1ea7n khu\u1ea9n l\u1ea1c b\u1ecb che khu\u1ea5t<\/strong>.<\/li>\n<\/ul>\n<p><strong>SmartDish\u2122<\/strong> \u0111\u01b0\u1ee3c thi\u1ebft k\u1ebf \u0111\u1eb7c bi\u1ec7t \u0111\u1ec3 <strong>lo\u1ea1i b\u1ecf ho\u00e0n to\u00e0n meniscus<\/strong>, gi\u00fap m\u00f4i tr\u01b0\u1eddng ph\u1eb3ng \u0111\u1ec1u v\u00e0 \u00e1nh s\u00e1ng ph\u00e2n b\u1ed1 \u0111\u1ed3ng nh\u1ea5t, mang l\u1ea1i h\u00ecnh \u1ea3nh khu\u1ea9n l\u1ea1c r\u00f5 n\u00e9t v\u00e0 ch\u00ednh x\u00e1c h\u01a1n<\/p>\n<p><strong>SmartDish\u2122 \u2013 \u0110\u0129a nu\u00f4i c\u1ea5y kh\u00f4ng meniscus chu\u1ea9n h\u00f3a k\u1ebft qu\u1ea3 CFU<\/strong><\/p>\n<p><strong>SmartDish\u2122 6-well plates (Catalog #27370 \/ #27371)<\/strong> l\u00e0 <strong>\u0111\u0129a nu\u00f4i c\u1ea5y th\u1ebf h\u1ec7 m\u1edbi<\/strong>, \u0111\u01b0\u1ee3c x\u1eed l\u00fd b\u1ec1 m\u1eb7t \u0111\u1eb7c bi\u1ec7t \u0111\u1ec3:<\/p>\n<ul>\n<li><strong>Ph\u00e2n b\u1ed1 \u0111\u1ec1u m\u00f4i tr\u01b0\u1eddng v\u00e0 khu\u1ea9n l\u1ea1c<\/strong> trong to\u00e0n b\u1ed9 gi\u1ebfng nu\u00f4i.<\/li>\n<li><strong>Gi\u1ea3m kh\u00fac x\u1ea1 \u00e1nh s\u00e1ng v\u00e0 b\u00f3ng m\u1edd \u1edf r\u00eca gi\u1ebfng<\/strong>, gi\u00fap nh\u1eadn d\u1ea1ng khu\u1ea9n l\u1ea1c d\u1ec5 d\u00e0ng h\u01a1n.<\/li>\n<li><strong>T\u01b0\u01a1ng th\u00edch v\u1edbi c\u1ea3 hai ph\u01b0\u01a1ng ph\u00e1p \u0111\u1ebfm khu\u1ea9n l\u1ea1c<\/strong>:\n<ul>\n<li><em>Th\u1ee7 c\u00f4ng<\/em> b\u1eb1ng k\u00ednh hi\u1ec3n vi \u0111\u1ea3o ho\u1eb7c k\u1ebft h\u1ee3p v\u1edbi <strong>STEMgrid\u2122-6<\/strong>.<\/li>\n<li><em>T\u1ef1 \u0111\u1ed9ng h\u00f3a<\/em> v\u1edbi h\u1ec7 th\u1ed1ng <strong>STEMvision\u2122<\/strong><\/li>\n<\/ul>\n<\/li>\n<\/ul>\n<h4><strong>\u01afu \u0111i\u1ec3m n\u1ed5i b\u1eadt c\u1ee7a SmartDish\u2122<\/strong><\/h4>\n<ul>\n<li><strong>Consistent<\/strong> \u2013 Khu\u1ea9n l\u1ea1c ph\u00e2n b\u1ed1 \u0111\u1ed3ng \u0111\u1ec1u trong m\u1ed7i gi\u1ebfng.<\/li>\n<li><strong>Clear<\/strong> \u2013 H\u00ecnh \u1ea3nh s\u1eafc n\u00e9t, kh\u00f4ng b\u00f3ng, kh\u00f4ng m\u00e9o.<\/li>\n<li><strong>Accurate<\/strong> \u2013 \u0110\u1ebfm khu\u1ea9n l\u1ea1c ch\u00ednh x\u00e1c, ph\u00f9 h\u1ee3p cho c\u1ea3 ph\u00e2n t\u00edch th\u1ee7 c\u00f4ng v\u00e0 t\u1ef1 \u0111\u1ed9ng.<\/li>\n<\/ul>\n<h4><strong>STEMgrid\u2122-6 \u2013 L\u01b0\u1edbi \u0111\u1ecbnh v\u1ecb khu\u1ea9n l\u1ea1c cho \u0111\u1ebfm th\u1ee7 c\u00f4ng hi\u1ec7u qu\u1ea3<\/strong><\/h4>\n<p><strong>STEMgrid\u2122-6 (Catalog #27000)<\/strong> l\u00e0 <strong>l\u01b0\u1edbi \u0111\u1ebfm c\u00f3 th\u1ec3 th\u00e1o r\u1eddi<\/strong>, \u0111\u01b0\u1ee3c thi\u1ebft k\u1ebf \u0111\u1ec3 g\u1eafn v\u1eeba kh\u00edt v\u1edbi \u0111\u0129a <strong>SmartDish\u2122<\/strong>.<br \/>\nC\u1ea5u tr\u00fac c\u1ee7a STEMgrid\u2122 chia m\u1ed7i gi\u1ebfng th\u00e0nh <strong>4 v\u00f9ng quan s\u00e1t<\/strong>, gi\u00fap:<\/p>\n<ul>\n<li>D\u1ec5 d\u00e0ng <strong>x\u00e1c \u0111\u1ecbnh v\u1ecb tr\u00ed khu\u1ea9n l\u1ea1c<\/strong> khi \u0111\u1ebfm th\u1ee7 c\u00f4ng.<\/li>\n<li>Cho ph\u00e9p <strong>\u0111\u1ebfm t\u1eebng ph\u1ea7n ho\u1eb7c to\u00e0n ph\u1ea7n<\/strong> t\u00f9y theo m\u1ee5c ti\u00eau th\u1eed nghi\u1ec7m.<\/li>\n<li>T\u0103ng <strong>\u0111\u1ed9 ch\u00ednh x\u00e1c v\u00e0 t\u1ed1c \u0111\u1ed9 thao t\u00e1c<\/strong>, gi\u1ea3m sai s\u1ed1 gi\u1eefa c\u00e1c k\u1ef9 thu\u1eadt vi\u00ean.<\/li>\n<\/ul>\n<p>B\u1ed9 <strong>SmartDish\u2122 + STEMgrid\u2122-6<\/strong> \u0111\u01b0\u1ee3c xem l\u00e0 <strong>chu\u1ea9n m\u1ef1c m\u1edbi trong \u0111\u00e1nh gi\u00e1 CFU assay<\/strong>, \u0111\u1eb7c bi\u1ec7t khi k\u1ebft h\u1ee3p v\u1edbi <strong>MethoCult\u2122<\/strong> v\u00e0 <strong>STEMvision\u2122<\/strong>, t\u1ea1o n\u00ean <strong>chu\u1ed7i gi\u1ea3i ph\u00e1p ho\u00e0n ch\u1ec9nh cho ki\u1ec3m \u0111\u1ecbnh t\u1ebf b\u00e0o g\u1ed1c m\u00e1u cu\u1ed1ng r\u1ed1n<\/strong><\/p>\n<h4><strong>Th\u00f4ng tin s\u1ea3n ph\u1ea9m SmartDish\u2122 &amp; STEMgrid\u2122-6<\/strong><\/h4>\n<table>\n<thead>\n<tr>\n<td><strong>S\u1ea3n ph\u1ea9m<\/strong><\/td>\n<td><strong>Catalog #<\/strong><\/td>\n<td><strong>\u0110\u1ecbnh d\u1ea1ng<\/strong><\/td>\n<\/tr>\n<\/thead>\n<tbody>\n<tr>\n<td><strong>SmartDish\u2122 6-Well Plates<\/strong><\/td>\n<td>27370 \/ 27371<\/td>\n<td>5 plates \/ pack ho\u1eb7c 50 plates \/ pack<\/td>\n<\/tr>\n<tr>\n<td><strong>STEMgrid\u2122-6 Counting Grid<\/strong><\/td>\n<td>27000<\/td>\n<td>1 grid \/ pack<\/td>\n<\/tr>\n<\/tbody>\n<\/table>\n<ul>\n<li><strong>Ch\u1ee9ng nh\u1eadn ch\u1ea5t l\u01b0\u1ee3ng:<\/strong> ISO 13485<\/li>\n<li><strong>\u1ee8ng d\u1ee5ng:<\/strong> CFU assays cho t\u1ebf b\u00e0o g\u1ed1c m\u00e1u cu\u1ed1ng r\u1ed1n (CB), t\u1ee7y x\u01b0\u01a1ng (BM) v\u00e0 m\u00e1u ngo\u1ea1i vi (PB).<\/li>\n<li><strong>T\u01b0\u01a1ng th\u00edch:<\/strong> K\u00ednh hi\u1ec3n vi soi ng\u01b0\u1ee3c &amp; h\u1ec7 th\u1ed1ng STEMvision\u2122.<\/li>\n<\/ul>\n<h4><strong>\u1ee8ng d\u1ee5ng th\u1ef1c t\u1ebf c\u1ee7a SmartDish\u2122 &amp; STEMgrid\u2122-6<\/strong><\/h4>\n<ul>\n<li><strong>Ng\u00e2n h\u00e0ng m\u00e1u cu\u1ed1ng r\u1ed1n:<\/strong> ki\u1ec3m \u0111\u1ecbnh CFU tr\u01b0\u1edbc v\u00e0 sau cryopreservation.<\/li>\n<li><strong>Ph\u00f2ng nghi\u00ean c\u1ee9u huy\u1ebft h\u1ecdc:<\/strong> \u0111\u00e1nh gi\u00e1 ti\u1ec1m n\u0103ng bi\u1ec7t h\u00f3a c\u1ee7a HSPC.<\/li>\n<li><strong>C\u01a1 s\u1edf QC t\u1ebf b\u00e0o:<\/strong> chu\u1ea9n h\u00f3a quy tr\u00ecnh \u0111\u1ebfm khu\u1ea9n l\u1ea1c trong ki\u1ec3m so\u00e1t ch\u1ea5t l\u01b0\u1ee3ng s\u1ea3n ph\u1ea9m t\u1ebf b\u00e0o.<\/li>\n<\/ul>\n","protected":false},"excerpt":{"rendered":"<p><strong>SmartDish\u2122<\/strong> v\u00e0 <strong>STEMgrid\u2122-6<\/strong> l\u00e0 b\u1ed9 d\u1ee5ng c\u1ee5 nu\u00f4i c\u1ea5y chuy\u00ean bi\u1ec7t do <strong>STEMCELL Technologies (Canada)<\/strong> ph\u00e1t tri\u1ec3n nh\u1eb1m <strong>lo\u1ea1i b\u1ecf ho\u00e0n to\u00e0n hi\u1ec7n t\u01b0\u1ee3ng meniscus<\/strong>, nguy\u00ean nh\u00e2n g\u00e2y sai l\u1ec7ch v\u00e0 kh\u00fac x\u1ea1 \u00e1nh s\u00e1ng trong ph\u00e9p th\u1eed <strong>CFU Assay<\/strong>.<br \/>\nSmartDish\u2122 gi\u00fap <strong>ph\u00e2n b\u1ed1 m\u00f4i tr\u01b0\u1eddng v\u00e0 khu\u1ea9n l\u1ea1c \u0111\u1ed3ng \u0111\u1ec1u<\/strong>, trong khi STEMgrid\u2122-6 h\u1ed7 tr\u1ee3 <strong>\u0111\u1ecbnh v\u1ecb v\u00e0 \u0111\u1ebfm khu\u1ea9n l\u1ea1c th\u1ee7 c\u00f4ng nhanh ch\u00f3ng, ch\u00ednh x\u00e1c<\/strong>.<br \/>\nKhi k\u1ebft h\u1ee3p v\u1edbi <strong>MethoCult\u2122<\/strong> v\u00e0 <strong>STEMvision\u2122<\/strong>, b\u1ed9 \u0111\u00f4i n\u00e0y mang l\u1ea1i k\u1ebft qu\u1ea3 <strong>\u1ed5n \u0111\u1ecbnh, r\u00f5 r\u00e0ng v\u00e0 t\u00e1i l\u1eadp cao<\/strong>, \u0111\u00e1p \u1ee9ng ti\u00eau chu\u1ea9n <strong>ISO 13485<\/strong>.<br \/>\n\u0110\u01b0\u1ee3c <strong>Biogroup Vietnam<\/strong> ph\u00e2n ph\u1ed1i ch\u00ednh th\u1ee9c, SmartDish\u2122 &amp; STEMgrid\u2122-6 l\u00e0 <strong>gi\u1ea3i ph\u00e1p ti\u00eau chu\u1ea9n m\u1edbi<\/strong> cho <strong>ki\u1ec3m \u0111\u1ecbnh ch\u1ea5t l\u01b0\u1ee3ng m\u00e1u cu\u1ed1ng r\u1ed1n v\u00e0 nghi\u00ean c\u1ee9u t\u1ebf b\u00e0o g\u1ed1c<\/strong>.<\/p>\n","protected":false},"featured_media":10142,"comment_status":"closed","ping_status":"closed","template":"","meta":{"_acf_changed":false},"product_brand":[127],"product_cat":[105],"product_tag":[],"class_list":{"0":"post-3936","1":"product","2":"type-product","3":"status-publish","4":"has-post-thumbnail","6":"product_brand-stemcell-technologies","7":"product_cat-thu-nghiem-cfu","9":"first","10":"outofstock","11":"shipping-taxable","12":"product-type-simple"},"acf":[],"yoast_head":"<!-- This site is optimized with the Yoast SEO plugin v26.8 - https:\/\/yoast.com\/product\/yoast-seo-wordpress\/ -->\n<title>SmartDish\u2122 &amp; STEMgrid\u2122-6 \u2013 D\u1ee5ng c\u1ee5 nu\u00f4i c\u1ea5y kh\u00f4ng meniscus gi\u00fap \u0111\u1ebfm khu\u1ea9n l\u1ea1c CFU ch\u00ednh x\u00e1c | Biogroup Vietnam<\/title>\n<meta name=\"description\" content=\"SmartDish\u2122 &amp; STEMgrid\u2122-6 lo\u1ea1i b\u1ecf ho\u00e0n to\u00e0n hi\u1ec7n t\u01b0\u1ee3ng meniscus, gi\u00fap \u0111\u1ebfm khu\u1ea9n l\u1ea1c trong ph\u00e9p th\u1eed CFU ch\u00ednh x\u00e1c h\u01a1n. \u0110\u01b0\u1ee3c ph\u00e2n ph\u1ed1i b\u1edfi Biogroup Vietnam, c\u00e1c gi\u1ea3i ph\u00e1p cultureware \u0111\u1ea1t ch\u1ee9ng nh\u1eadn ISO 13485 n\u00e0y gi\u00fap n\u00e2ng cao \u0111\u1ed9 ch\u00ednh x\u00e1c v\u00e0 kh\u1ea3 n\u0103ng t\u00e1i l\u1eadp k\u1ebft qu\u1ea3 trong ki\u1ec3m \u0111\u1ecbnh ch\u1ea5t l\u01b0\u1ee3ng t\u1ebf b\u00e0o g\u1ed1c t\u1ea1o m\u00e1u.\" \/>\n<meta name=\"robots\" content=\"index, follow, max-snippet:-1, max-image-preview:large, max-video-preview:-1\" \/>\n<link rel=\"canonical\" href=\"https:\/\/biogroupvietnam.com\/vi\/san-pham\/smartdish-stemgrid-6\/\" \/>\n<meta property=\"og:locale\" content=\"vi_VN\" \/>\n<meta property=\"og:type\" content=\"article\" \/>\n<meta property=\"og:title\" content=\"SmartDish\u2122 &amp; STEMgrid\u2122-6 \u2013 D\u1ee5ng c\u1ee5 nu\u00f4i c\u1ea5y kh\u00f4ng meniscus gi\u00fap \u0111\u1ebfm khu\u1ea9n l\u1ea1c CFU ch\u00ednh x\u00e1c | Biogroup Vietnam\" \/>\n<meta property=\"og:description\" content=\"SmartDish\u2122 &amp; STEMgrid\u2122-6 lo\u1ea1i b\u1ecf ho\u00e0n to\u00e0n hi\u1ec7n t\u01b0\u1ee3ng meniscus, gi\u00fap \u0111\u1ebfm khu\u1ea9n l\u1ea1c trong ph\u00e9p th\u1eed CFU ch\u00ednh x\u00e1c h\u01a1n. \u0110\u01b0\u1ee3c ph\u00e2n ph\u1ed1i b\u1edfi Biogroup Vietnam, c\u00e1c gi\u1ea3i ph\u00e1p cultureware \u0111\u1ea1t ch\u1ee9ng nh\u1eadn ISO 13485 n\u00e0y gi\u00fap n\u00e2ng cao \u0111\u1ed9 ch\u00ednh x\u00e1c v\u00e0 kh\u1ea3 n\u0103ng t\u00e1i l\u1eadp k\u1ebft qu\u1ea3 trong ki\u1ec3m \u0111\u1ecbnh ch\u1ea5t l\u01b0\u1ee3ng t\u1ebf b\u00e0o g\u1ed1c t\u1ea1o m\u00e1u.\" \/>\n<meta property=\"og:url\" content=\"https:\/\/biogroupvietnam.com\/vi\/san-pham\/smartdish-stemgrid-6\/\" \/>\n<meta property=\"og:site_name\" content=\"Biogroup Vietnam\" \/>\n<meta property=\"article:modified_time\" content=\"2026-04-02T04:29:23+00:00\" \/>\n<meta property=\"og:image\" content=\"https:\/\/biogroupvietnam.com\/wp-content\/uploads\/2025\/08\/SmartDish\u2122-STEMgrid\u2122-6-\u2013-Dung-cu-nuoi-cay-khong-meniscus.jpg\" \/>\n\t<meta property=\"og:image:width\" content=\"1640\" \/>\n\t<meta property=\"og:image:height\" content=\"1260\" \/>\n\t<meta property=\"og:image:type\" content=\"image\/jpeg\" \/>\n<meta name=\"twitter:card\" content=\"summary_large_image\" \/>\n<meta name=\"twitter:label1\" content=\"\u01af\u1edbc t\u00ednh th\u1eddi gian \u0111\u1ecdc\" \/>\n\t<meta name=\"twitter:data1\" content=\"5 ph\u00fat\" \/>\n<script type=\"application\/ld+json\" class=\"yoast-schema-graph\">{\"@context\":\"https:\/\/schema.org\",\"@graph\":[{\"@type\":\"WebPage\",\"@id\":\"https:\/\/biogroupvietnam.com\/vi\/san-pham\/smartdish-stemgrid-6\/\",\"url\":\"https:\/\/biogroupvietnam.com\/vi\/san-pham\/smartdish-stemgrid-6\/\",\"name\":\"SmartDish\u2122 & STEMgrid\u2122-6 \u2013 D\u1ee5ng c\u1ee5 nu\u00f4i c\u1ea5y kh\u00f4ng meniscus gi\u00fap \u0111\u1ebfm khu\u1ea9n l\u1ea1c CFU ch\u00ednh x\u00e1c | Biogroup Vietnam\",\"isPartOf\":{\"@id\":\"https:\/\/biogroupvietnam.com\/vi\/#website\"},\"primaryImageOfPage\":{\"@id\":\"https:\/\/biogroupvietnam.com\/vi\/san-pham\/smartdish-stemgrid-6\/#primaryimage\"},\"image\":{\"@id\":\"https:\/\/biogroupvietnam.com\/vi\/san-pham\/smartdish-stemgrid-6\/#primaryimage\"},\"thumbnailUrl\":\"https:\/\/biogroupvietnam.com\/wp-content\/uploads\/2025\/08\/SmartDish\u2122-STEMgrid\u2122-6-\u2013-Dung-cu-nuoi-cay-khong-meniscus.jpg\",\"datePublished\":\"2025-08-18T12:54:45+00:00\",\"dateModified\":\"2026-04-02T04:29:23+00:00\",\"description\":\"SmartDish\u2122 & STEMgrid\u2122-6 lo\u1ea1i b\u1ecf ho\u00e0n to\u00e0n hi\u1ec7n t\u01b0\u1ee3ng meniscus, gi\u00fap \u0111\u1ebfm khu\u1ea9n l\u1ea1c trong ph\u00e9p th\u1eed CFU ch\u00ednh x\u00e1c h\u01a1n. \u0110\u01b0\u1ee3c ph\u00e2n ph\u1ed1i b\u1edfi Biogroup Vietnam, c\u00e1c gi\u1ea3i ph\u00e1p cultureware \u0111\u1ea1t ch\u1ee9ng nh\u1eadn ISO 13485 n\u00e0y gi\u00fap n\u00e2ng cao \u0111\u1ed9 ch\u00ednh x\u00e1c v\u00e0 kh\u1ea3 n\u0103ng t\u00e1i l\u1eadp k\u1ebft qu\u1ea3 trong ki\u1ec3m \u0111\u1ecbnh ch\u1ea5t l\u01b0\u1ee3ng t\u1ebf b\u00e0o g\u1ed1c t\u1ea1o m\u00e1u.\",\"breadcrumb\":{\"@id\":\"https:\/\/biogroupvietnam.com\/vi\/san-pham\/smartdish-stemgrid-6\/#breadcrumb\"},\"inLanguage\":\"vi\",\"potentialAction\":[{\"@type\":\"ReadAction\",\"target\":[\"https:\/\/biogroupvietnam.com\/vi\/san-pham\/smartdish-stemgrid-6\/\"]}]},{\"@type\":\"ImageObject\",\"inLanguage\":\"vi\",\"@id\":\"https:\/\/biogroupvietnam.com\/vi\/san-pham\/smartdish-stemgrid-6\/#primaryimage\",\"url\":\"https:\/\/biogroupvietnam.com\/wp-content\/uploads\/2025\/08\/SmartDish\u2122-STEMgrid\u2122-6-\u2013-Dung-cu-nuoi-cay-khong-meniscus.jpg\",\"contentUrl\":\"https:\/\/biogroupvietnam.com\/wp-content\/uploads\/2025\/08\/SmartDish\u2122-STEMgrid\u2122-6-\u2013-Dung-cu-nuoi-cay-khong-meniscus.jpg\",\"width\":1640,\"height\":1260,\"caption\":\"SmartDish\u2122 & STEMgrid\u2122-6 \u2013 D\u1ee5ng c\u1ee5 nu\u00f4i c\u1ea5y kh\u00f4ng meniscus\"},{\"@type\":\"BreadcrumbList\",\"@id\":\"https:\/\/biogroupvietnam.com\/vi\/san-pham\/smartdish-stemgrid-6\/#breadcrumb\",\"itemListElement\":[{\"@type\":\"ListItem\",\"position\":1,\"name\":\"Trang ch\u1ee7\",\"item\":\"https:\/\/biogroupvietnam.com\/vi\/\"},{\"@type\":\"ListItem\",\"position\":2,\"name\":\"S\u1ea3n ph\u1ea9m\",\"item\":\"https:\/\/biogroupvietnam.com\/vi\/san-pham\/\"},{\"@type\":\"ListItem\",\"position\":3,\"name\":\"X\u00e9t Nghi\u1ec7m Sinh H\u1ecdc\",\"item\":\"https:\/\/biogroupvietnam.com\/vi\/danh-muc-san-pham\/xet-nghiem-sinh-hoc\/\"},{\"@type\":\"ListItem\",\"position\":4,\"name\":\"Th\u1eed Nghi\u1ec7m CFU\",\"item\":\"https:\/\/biogroupvietnam.com\/vi\/danh-muc-san-pham\/thu-nghiem-cfu\/\"},{\"@type\":\"ListItem\",\"position\":5,\"name\":\"SmartDish\u2122 &#038; STEMgrid\u2122-6 \u2013 D\u1ee5ng c\u1ee5 nu\u00f4i c\u1ea5y kh\u00f4ng meniscus\"}]},{\"@type\":\"WebSite\",\"@id\":\"https:\/\/biogroupvietnam.com\/vi\/#website\",\"url\":\"https:\/\/biogroupvietnam.com\/vi\/\",\"name\":\"Biogroup Vietnam\",\"description\":\"Biogroup Vietnam cung c\u1ea5p d\u1ecbch v\u1ee5 k\u1ef9 thu\u1eadt c\u00f9ng thi\u1ebft b\u1ecb, v\u1eadt t\u01b0, h\u00f3a ch\u1ea5t v\u00e0 gi\u1ea3i ph\u00e1p sinh h\u1ecdc cho ph\u00f2ng th\u00ed nghi\u1ec7m c\u00f4ng ngh\u1ec7 sinh h\u1ecdc, y sinh v\u00e0 y h\u1ecdc t\u00e1i t\u1ea1o.\",\"potentialAction\":[{\"@type\":\"SearchAction\",\"target\":{\"@type\":\"EntryPoint\",\"urlTemplate\":\"https:\/\/biogroupvietnam.com\/vi\/?s={search_term_string}\"},\"query-input\":{\"@type\":\"PropertyValueSpecification\",\"valueRequired\":true,\"valueName\":\"search_term_string\"}}],\"inLanguage\":\"vi\"}]}<\/script>\n<!-- \/ Yoast SEO plugin. -->","yoast_head_json":{"title":"SmartDish\u2122 & STEMgrid\u2122-6 \u2013 D\u1ee5ng c\u1ee5 nu\u00f4i c\u1ea5y kh\u00f4ng meniscus gi\u00fap \u0111\u1ebfm khu\u1ea9n l\u1ea1c CFU ch\u00ednh x\u00e1c | Biogroup Vietnam","description":"SmartDish\u2122 & STEMgrid\u2122-6 lo\u1ea1i b\u1ecf ho\u00e0n to\u00e0n hi\u1ec7n t\u01b0\u1ee3ng meniscus, gi\u00fap \u0111\u1ebfm khu\u1ea9n l\u1ea1c trong ph\u00e9p th\u1eed CFU ch\u00ednh x\u00e1c h\u01a1n. \u0110\u01b0\u1ee3c ph\u00e2n ph\u1ed1i b\u1edfi Biogroup Vietnam, c\u00e1c gi\u1ea3i ph\u00e1p cultureware \u0111\u1ea1t ch\u1ee9ng nh\u1eadn ISO 13485 n\u00e0y gi\u00fap n\u00e2ng cao \u0111\u1ed9 ch\u00ednh x\u00e1c v\u00e0 kh\u1ea3 n\u0103ng t\u00e1i l\u1eadp k\u1ebft qu\u1ea3 trong ki\u1ec3m \u0111\u1ecbnh ch\u1ea5t l\u01b0\u1ee3ng t\u1ebf b\u00e0o g\u1ed1c t\u1ea1o m\u00e1u.","robots":{"index":"index","follow":"follow","max-snippet":"max-snippet:-1","max-image-preview":"max-image-preview:large","max-video-preview":"max-video-preview:-1"},"canonical":"https:\/\/biogroupvietnam.com\/vi\/san-pham\/smartdish-stemgrid-6\/","og_locale":"vi_VN","og_type":"article","og_title":"SmartDish\u2122 & STEMgrid\u2122-6 \u2013 D\u1ee5ng c\u1ee5 nu\u00f4i c\u1ea5y kh\u00f4ng meniscus gi\u00fap \u0111\u1ebfm khu\u1ea9n l\u1ea1c CFU ch\u00ednh x\u00e1c | Biogroup Vietnam","og_description":"SmartDish\u2122 & STEMgrid\u2122-6 lo\u1ea1i b\u1ecf ho\u00e0n to\u00e0n hi\u1ec7n t\u01b0\u1ee3ng meniscus, gi\u00fap \u0111\u1ebfm khu\u1ea9n l\u1ea1c trong ph\u00e9p th\u1eed CFU ch\u00ednh x\u00e1c h\u01a1n. \u0110\u01b0\u1ee3c ph\u00e2n ph\u1ed1i b\u1edfi Biogroup Vietnam, c\u00e1c gi\u1ea3i ph\u00e1p cultureware \u0111\u1ea1t ch\u1ee9ng nh\u1eadn ISO 13485 n\u00e0y gi\u00fap n\u00e2ng cao \u0111\u1ed9 ch\u00ednh x\u00e1c v\u00e0 kh\u1ea3 n\u0103ng t\u00e1i l\u1eadp k\u1ebft qu\u1ea3 trong ki\u1ec3m \u0111\u1ecbnh ch\u1ea5t l\u01b0\u1ee3ng t\u1ebf b\u00e0o g\u1ed1c t\u1ea1o m\u00e1u.","og_url":"https:\/\/biogroupvietnam.com\/vi\/san-pham\/smartdish-stemgrid-6\/","og_site_name":"Biogroup Vietnam","article_modified_time":"2026-04-02T04:29:23+00:00","og_image":[{"width":1640,"height":1260,"url":"https:\/\/biogroupvietnam.com\/wp-content\/uploads\/2025\/08\/SmartDish\u2122-STEMgrid\u2122-6-\u2013-Dung-cu-nuoi-cay-khong-meniscus.jpg","type":"image\/jpeg"}],"twitter_card":"summary_large_image","twitter_misc":{"\u01af\u1edbc t\u00ednh th\u1eddi gian \u0111\u1ecdc":"5 ph\u00fat"},"schema":{"@context":"https:\/\/schema.org","@graph":[{"@type":"WebPage","@id":"https:\/\/biogroupvietnam.com\/vi\/san-pham\/smartdish-stemgrid-6\/","url":"https:\/\/biogroupvietnam.com\/vi\/san-pham\/smartdish-stemgrid-6\/","name":"SmartDish\u2122 & STEMgrid\u2122-6 \u2013 D\u1ee5ng c\u1ee5 nu\u00f4i c\u1ea5y kh\u00f4ng meniscus gi\u00fap \u0111\u1ebfm khu\u1ea9n l\u1ea1c CFU ch\u00ednh x\u00e1c | Biogroup Vietnam","isPartOf":{"@id":"https:\/\/biogroupvietnam.com\/vi\/#website"},"primaryImageOfPage":{"@id":"https:\/\/biogroupvietnam.com\/vi\/san-pham\/smartdish-stemgrid-6\/#primaryimage"},"image":{"@id":"https:\/\/biogroupvietnam.com\/vi\/san-pham\/smartdish-stemgrid-6\/#primaryimage"},"thumbnailUrl":"https:\/\/biogroupvietnam.com\/wp-content\/uploads\/2025\/08\/SmartDish\u2122-STEMgrid\u2122-6-\u2013-Dung-cu-nuoi-cay-khong-meniscus.jpg","datePublished":"2025-08-18T12:54:45+00:00","dateModified":"2026-04-02T04:29:23+00:00","description":"SmartDish\u2122 & STEMgrid\u2122-6 lo\u1ea1i b\u1ecf ho\u00e0n to\u00e0n hi\u1ec7n t\u01b0\u1ee3ng meniscus, gi\u00fap \u0111\u1ebfm khu\u1ea9n l\u1ea1c trong ph\u00e9p th\u1eed CFU ch\u00ednh x\u00e1c h\u01a1n. \u0110\u01b0\u1ee3c ph\u00e2n ph\u1ed1i b\u1edfi Biogroup Vietnam, c\u00e1c gi\u1ea3i ph\u00e1p cultureware \u0111\u1ea1t ch\u1ee9ng nh\u1eadn ISO 13485 n\u00e0y gi\u00fap n\u00e2ng cao \u0111\u1ed9 ch\u00ednh x\u00e1c v\u00e0 kh\u1ea3 n\u0103ng t\u00e1i l\u1eadp k\u1ebft qu\u1ea3 trong ki\u1ec3m \u0111\u1ecbnh ch\u1ea5t l\u01b0\u1ee3ng t\u1ebf b\u00e0o g\u1ed1c t\u1ea1o m\u00e1u.","breadcrumb":{"@id":"https:\/\/biogroupvietnam.com\/vi\/san-pham\/smartdish-stemgrid-6\/#breadcrumb"},"inLanguage":"vi","potentialAction":[{"@type":"ReadAction","target":["https:\/\/biogroupvietnam.com\/vi\/san-pham\/smartdish-stemgrid-6\/"]}]},{"@type":"ImageObject","inLanguage":"vi","@id":"https:\/\/biogroupvietnam.com\/vi\/san-pham\/smartdish-stemgrid-6\/#primaryimage","url":"https:\/\/biogroupvietnam.com\/wp-content\/uploads\/2025\/08\/SmartDish\u2122-STEMgrid\u2122-6-\u2013-Dung-cu-nuoi-cay-khong-meniscus.jpg","contentUrl":"https:\/\/biogroupvietnam.com\/wp-content\/uploads\/2025\/08\/SmartDish\u2122-STEMgrid\u2122-6-\u2013-Dung-cu-nuoi-cay-khong-meniscus.jpg","width":1640,"height":1260,"caption":"SmartDish\u2122 & STEMgrid\u2122-6 \u2013 D\u1ee5ng c\u1ee5 nu\u00f4i c\u1ea5y kh\u00f4ng meniscus"},{"@type":"BreadcrumbList","@id":"https:\/\/biogroupvietnam.com\/vi\/san-pham\/smartdish-stemgrid-6\/#breadcrumb","itemListElement":[{"@type":"ListItem","position":1,"name":"Trang ch\u1ee7","item":"https:\/\/biogroupvietnam.com\/vi\/"},{"@type":"ListItem","position":2,"name":"S\u1ea3n ph\u1ea9m","item":"https:\/\/biogroupvietnam.com\/vi\/san-pham\/"},{"@type":"ListItem","position":3,"name":"X\u00e9t Nghi\u1ec7m Sinh H\u1ecdc","item":"https:\/\/biogroupvietnam.com\/vi\/danh-muc-san-pham\/xet-nghiem-sinh-hoc\/"},{"@type":"ListItem","position":4,"name":"Th\u1eed Nghi\u1ec7m CFU","item":"https:\/\/biogroupvietnam.com\/vi\/danh-muc-san-pham\/thu-nghiem-cfu\/"},{"@type":"ListItem","position":5,"name":"SmartDish\u2122 &#038; STEMgrid\u2122-6 \u2013 D\u1ee5ng c\u1ee5 nu\u00f4i c\u1ea5y kh\u00f4ng meniscus"}]},{"@type":"WebSite","@id":"https:\/\/biogroupvietnam.com\/vi\/#website","url":"https:\/\/biogroupvietnam.com\/vi\/","name":"Biogroup Vietnam","description":"Biogroup Vietnam cung c\u1ea5p d\u1ecbch v\u1ee5 k\u1ef9 thu\u1eadt c\u00f9ng thi\u1ebft b\u1ecb, v\u1eadt t\u01b0, h\u00f3a ch\u1ea5t v\u00e0 gi\u1ea3i ph\u00e1p sinh h\u1ecdc cho ph\u00f2ng th\u00ed nghi\u1ec7m c\u00f4ng ngh\u1ec7 sinh h\u1ecdc, y sinh v\u00e0 y h\u1ecdc t\u00e1i t\u1ea1o.","potentialAction":[{"@type":"SearchAction","target":{"@type":"EntryPoint","urlTemplate":"https:\/\/biogroupvietnam.com\/vi\/?s={search_term_string}"},"query-input":{"@type":"PropertyValueSpecification","valueRequired":true,"valueName":"search_term_string"}}],"inLanguage":"vi"}]}},"_links":{"self":[{"href":"https:\/\/biogroupvietnam.com\/vi\/wp-json\/wp\/v2\/product\/3936","targetHints":{"allow":["GET"]}}],"collection":[{"href":"https:\/\/biogroupvietnam.com\/vi\/wp-json\/wp\/v2\/product"}],"about":[{"href":"https:\/\/biogroupvietnam.com\/vi\/wp-json\/wp\/v2\/types\/product"}],"replies":[{"embeddable":true,"href":"https:\/\/biogroupvietnam.com\/vi\/wp-json\/wp\/v2\/comments?post=3936"}],"version-history":[{"count":5,"href":"https:\/\/biogroupvietnam.com\/vi\/wp-json\/wp\/v2\/product\/3936\/revisions"}],"predecessor-version":[{"id":8656,"href":"https:\/\/biogroupvietnam.com\/vi\/wp-json\/wp\/v2\/product\/3936\/revisions\/8656"}],"wp:featuredmedia":[{"embeddable":true,"href":"https:\/\/biogroupvietnam.com\/vi\/wp-json\/wp\/v2\/media\/10142"}],"wp:attachment":[{"href":"https:\/\/biogroupvietnam.com\/vi\/wp-json\/wp\/v2\/media?parent=3936"}],"wp:term":[{"taxonomy":"product_brand","embeddable":true,"href":"https:\/\/biogroupvietnam.com\/vi\/wp-json\/wp\/v2\/product_brand?post=3936"},{"taxonomy":"product_cat","embeddable":true,"href":"https:\/\/biogroupvietnam.com\/vi\/wp-json\/wp\/v2\/product_cat?post=3936"},{"taxonomy":"product_tag","embeddable":true,"href":"https:\/\/biogroupvietnam.com\/vi\/wp-json\/wp\/v2\/product_tag?post=3936"}],"curies":[{"name":"wp","href":"https:\/\/api.w.org\/{rel}","templated":true}]}}