{"id":3937,"date":"2025-08-18T19:54:45","date_gmt":"2025-08-18T12:54:45","guid":{"rendered":"http:\/\/biogroupvietnam-worldpress.local\/product\/import-placeholder-for-192\/"},"modified":"2026-02-26T09:23:19","modified_gmt":"2026-02-26T02:23:19","slug":"cellcor-exo-cd","status":"publish","type":"product","link":"https:\/\/biogroupvietnam.com\/vi\/san-pham\/cellcor-exo-cd\/","title":{"rendered":"M\u00f4i Tr\u01b0\u1eddng Thu Nh\u1eadn Exosome &#8211; CellCor\u2122 EXO CD"},"content":{"rendered":"\t\t<div data-elementor-type=\"wp-post\" data-elementor-id=\"3937\" class=\"elementor elementor-3937\">\n\t\t\t\t<div class=\"elementor-element elementor-element-27e8afa3 e-flex e-con-boxed e-con e-parent\" data-id=\"27e8afa3\" data-element_type=\"container\">\n\t\t\t\t\t<div class=\"e-con-inner\">\n\t\t\t\t<div class=\"elementor-element elementor-element-e6fd1ef elementor-widget elementor-widget-text-editor\" data-id=\"e6fd1ef\" data-element_type=\"widget\" data-widget_type=\"text-editor.default\">\n\t\t\t\t\t\t\t\t\t<h3><strong>CellCor\u2122 EXO CD \u2013 M\u00f4i tr\u01b0\u1eddng h\u00f3a h\u1ecdc x\u00e1c \u0111\u1ecbnh (chemically defined), kh\u00f4ng huy\u1ebft thanh cho thu nh\u1eadn exosome t\u1eeb hMSC<\/strong><\/h3>\n<p>T\u1ed1i \u01b0u \u0111\u1ed9 tinh khi\u1ebft &amp; hi\u1ec7u su\u1ea5t t\u1ea1o EVs\/Exosome ngay trong giai \u0111o\u1ea1n nu\u00f4i c\u1ea5y \u2013 gi\u1ea3i ph\u00e1p d\u00e0nh cho c\u00e1c ph\u00f2ng th\u00ed nghi\u1ec7m R&amp;D, QC v\u00e0 s\u1ea3n xu\u1ea5t ti\u1ec1n l\u00e2m s\u00e0ng. CellCor\u2122 EXO CD l\u00e0 m\u00f4i tr\u01b0\u1eddng serum-free, chemically defined (CD) \u0111\u01b0\u1ee3c thi\u1ebft k\u1ebf chuy\u00ean bi\u1ec7t cho t\u0103ng sinh\u00a0hMSC v\u00e0 thu nh\u1eadn exosome v\u1edbi quy tr\u00ecnh linh ho\u1ea1t (thay m\u00f4i tr\u01b0\u1eddng, gieo t\u1ebf b\u00e0o ho\u1eb7c r\u00e3 \u0111\u00f4ng tr\u1ef1c ti\u1ebfp b\u1eb1ng EXO CD). S\u1ea3n ph\u1ea9m kh\u00f4ng ch\u1ee9a th\u00e0nh ph\u1ea7n c\u00f3 ngu\u1ed3n g\u1ed1c ng\u01b0\u1eddi\/\u0111\u1ed9ng v\u1eadt, \u0111\u01b0\u1ee3c ki\u1ec3m so\u00e1t ch\u1ea5t l\u01b0\u1ee3ng mycoplasma, v\u00f4 tr\u00f9ng, endotoxin, particle count sau s\u1ea3n xu\u1ea5t, gi\u00fap gi\u1ea3m t\u1ea1p protein c\u00f3 ngu\u1ed3n g\u1ed1c huy\u1ebft thanh v\u00e0 n\u00e2ng \u0111\u1ed9 tin c\u1eady khi ph\u00e2n t\u00edch EVs.<\/p>\n<h4><strong>V\u00ec sao n\u00ean ch\u1ecdn CellCor\u2122 EXO CD?<\/strong><\/h4>\n<ul>\n<li><strong>\u0110\u1ed9 tinh khi\u1ebft cao:<\/strong> t\u1ec9 l\u1ec7 protein\/particle t\u1ed1t h\u01a1n so v\u1edbi m\u00f4i tr\u01b0\u1eddng c\u00f3 huy\u1ebft thanh (ph\u00e2n t\u00edch NTA\/BCA, n=8). H\u00ecnh minh h\u1ecda cho th\u1ea5y n\u1ec1n t\u1ea1p th\u1ea5p r\u00f5 r\u1ec7t khi d\u00f9ng EXO CD.<\/li>\n<li><strong>Hi\u1ec7u su\u1ea5t t\u1ea1o h\u1ea1t EVs t\u1ed1t:<\/strong> bi\u1ec3u \u0111\u1ed3 tr\u00ean <em>trang 1<\/em> brochure cho th\u1ea5y s\u1ed1 h\u1ea1t exosome (particles\/mL) t\u0103ng nhanh theo th\u1eddi gian sau khi gieo t\u1ebf b\u00e0o v\u1edbi quy tr\u00ecnh d\u00f9ng EXO CD, v\u01b0\u1ee3t \u201cCommercial Media A\u201d.<\/li>\n<li><strong>T\u01b0\u01a1ng th\u00edch ph\u00e2n t\u00edch ch\u1ee9c n\u0103ng:<\/strong> EXO CD h\u1ed7 tr\u1ee3 c\u00e1c assay nh\u01b0 wound-healing (HaCaT) v\u00e0 angiogenesis (HUVEC) sau khi c\u00f4 \u0111\u1eb7c CM v\u00e0 x\u1eed l\u00fd 1\u00d710^9 particles\/mL, minh ho\u1ea1 b\u1edfi \u1ea3nh Incucyte tr\u00ean <em>trang 2<\/em>.<\/li>\n<li><strong>Kh\u00f4ng huy\u1ebft thanh \u2013 h\u00f3a h\u1ecdc x\u00e1c \u0111\u1ecbnh:<\/strong> gi\u1ea3m bi\u1ebfn thi\u00ean l\u00f4 v\u00e0 nguy c\u01a1 nhi\u1ec5m ngo\u1ea1i lai t\u1eeb FBS\/d-FBS; ph\u00f9 h\u1ee3p chu\u1ea9n h\u00f3a quy tr\u00ecnh QC\/NGS\/omics v\u00e0 tri\u1ec3n khai \u1edf m\u00f4i tr\u01b0\u1eddng GMP-like (ti\u1ec1n s\u1ea3n xu\u1ea5t).<\/li>\n<\/ul>\n<h4><strong>\u1ee8ng d\u1ee5ng ti\u00eau bi\u1ec3u<\/strong><\/h4>\n<ul>\n<li>T\u0103ng sinh hMSC tr\u01b0\u1edbc thu nh\u1eadn EVs\/exosome.<\/li>\n<li>Thu nh\u1eadn EVs\/exosome t\u1eeb CM v\u1edbi quy tr\u00ecnh t\u0103ng c\u01b0\u1eddng \u0111\u1ed9 thu h\u1ed3i (t\u00f9y ch\u1ecdn thay m\u1edbi EXO CD 24\u201348 gi\u1edd \u0111\u1ec3 thu th\u00eam).<\/li>\n<li>Ph\u00f9 h\u1ee3p cho nhi\u1ec1u quy tr\u00ecnh tinh s\u1ea1ch h\u1ea1 ngu\u1ed3n: c\u00f3 th\u1ec3 \u0111\u01b0\u1ee3c s\u1eed d\u1ee5ng v\u1edbi h\u1ec7 th\u1ed1ng tinh s\u1ea1ch EV b\u1eb1ng TFF ho\u1eb7c b\u1eb1ng EXODUS (h\u1ec7 th\u1ed1ng ph\u00e2n l\u1eadp EVs t\u1ef1 \u0111\u1ed9ng)<\/li>\n<\/ul>\n<p>Biogroup c\u00f3 th\u1ec3 t\u00edch h\u1ee3p CellCor\u2122 EXO CD v\u1edbi c\u00e1c h\u1ec7 th\u1ed1ng c\u00f4 \u0111\u1eb7c\/thu EVs quy m\u00f4 R&amp;D\u2013pilot\u2013s\u1ea3n xu\u1ea5t (v\u00ed d\u1ee5 d\u00e2y chuy\u1ec1n TFF v\u00e0 h\u1ec7 th\u1ed1ng ph\u00e2n l\u1eadp EVs t\u1ef1 \u0111\u1ed9ng) \u0111\u1ec3 h\u00ecnh th\u00e0nh quy tr\u00ecnh end-to-end chu\u1ea9n h\u00f3a cho kh\u00e1ch h\u00e0ng.<\/p>\n<h4><strong>Quy tr\u00ecnh s\u1eed d\u1ee5ng linh ho\u1ea1t (ch\u1ecdn 1 trong 3)<\/strong><\/h4>\n<ol>\n<li><strong>Media Change Process:<\/strong> r\u00e3 \u0111\u00f4ng &amp; t\u0103ng sinh trong CellCor\u2122 MSC CD AOF ho\u1eb7c m\u00f4i tr\u01b0\u1eddng th\u01b0\u1eddng, r\u1eeda (tu\u1ef3 ch\u1ecdn), chuy\u1ec3n sang CellCor\u2122 EXO CD, l\u00e0m gi\u00e0u exosome, thu CM (thu th\u1eadp d\u1ecbch nu\u00f4i c\u1ea5y \u0111\u00e3 \u0111\u01b0\u1ee3c t\u1ebf b\u00e0o \u201c\u0111i\u1ec1u ki\u1ec7n h\u00f3a\u201d &#8211; Conditioned Medium). &amp; ph\u00e2n l\u1eadp exosome.<\/li>\n<li><strong>Seeding with EXO CD:<\/strong> T\u0103ng sinh b\u1eb1ng MSC CD AOF \u2192 c\u1ea5y t\u1ebf b\u00e0o tr\u1ef1c ti\u1ebfp b\u1eb1ng EXO CD \u2192 l\u00e0m gi\u00e0u &amp; thu CM \u2192 ph\u00e2n l\u1eadp.<\/li>\n<li><strong>Thawing with EXO CD:<\/strong> r\u00e3 \u0111\u00f4ng b\u1eb1ng EXO CD \u2192 t\u0103ng sinh \u2192 l\u00e0m gi\u00e0u &amp; thu CM \u2192 ph\u00e2n l\u1eadp.<\/li>\n<\/ol>\n<h4><strong>Khuy\u1ebfn ngh\u1ecb k\u1ef9 thu\u1eadt (key requirements)<\/strong><\/h4>\n<ul>\n<li><strong>M\u1eadt \u0111\u1ed9 gieo (seeding)<\/strong>: 4.000\u20135.000 t\u1ebf b\u00e0o\/cm\u00b2; thu t\u1ebf b\u00e0o \u1edf 75\u201385% \u0111\u1ed9 che ph\u1ee7; ph\u00e2n l\u1eadp exosome \u1edf 85\u201390% \u0111\u1ed9 che ph\u1ee7.<\/li>\n<li><strong>Thi\u1ebft b\u1ecb ti\u00eau hao:<\/strong> T-flask, plate, Cell Factory.<\/li>\n<li><strong>Th\u1ec3 t\u00edch m\u00f4i tr\u01b0\u1eddng<\/strong>: T25 (5 mL), T75 (15 mL), T175 (30\u201340 mL), Cell Factory (100 mL\u20131 L).<\/li>\n<li><strong>Kh\u00e1ng sinh:<\/strong> Gentamicin ho\u1eb7c Penicillin-Streptomycin (n\u1ebfu c\u1ea7n).<\/li>\n<li><strong>Dung d\u1ecbch t\u00e1ch t\u1ebf b\u00e0o:<\/strong> TrypLE\u2122 Express (kh\u00f4ng c\u1ea7n trung h\u00f2a b\u1eb1ng serum; kh\u00f4ng khuy\u1ebfn ngh\u1ecb trypsin-EDTA v\u00ec EXO CD kh\u00f4ng c\u00f3 th\u00e0nh ph\u1ea7n huy\u1ebft thanh \u0111\u1ec3 d\u1eebng ho\u1ea1t t\u00ednh trypsin).<\/li>\n<li><strong>\u0110i\u1ec1u ki\u1ec7n \u1ee7:<\/strong> 37 \u00b0C, 5% CO\u2082, \u1ea9m.<\/li>\n<\/ul>\n<h4><strong>Th\u00f4ng tin s\u1ea3n ph\u1ea9m &amp; \u0111\u00f3ng g\u00f3i<\/strong><\/h4>\n<ul>\n<li><strong>T\u00ean s\u1ea3n ph\u1ea9m:<\/strong> CellCor\u2122 EXO CD (Cat. No.: YSP017) \u2013 th\u1ec3 t\u00edch 500 mL.<\/li>\n<li><strong>B\u1ea3o qu\u1ea3n:<\/strong> 2\u20138 \u00b0C; h\u1ea1n d\u00f9ng 6 th\u00e1ng.<\/li>\n<li><strong>\u0110\u1ed1i t\u01b0\u1ee3ng:<\/strong> T\u1ebf b\u00e0o g\u1ed1c trung m\u00f4 ng\u01b0\u1eddi (hMSC)<\/li>\n<li><strong>\u1ee8ng d\u1ee5ng:<\/strong> T\u0103ng sinh t\u1ebf b\u00e0o g\u1ed1c trung m\u00f4 v\u00e0 tinh s\u1ea1ch exosome.<\/li>\n<li><strong>QC:<\/strong> Mycoplasma, Sterility, Endotoxin, Particle Count.<\/li>\n<\/ul>\n<h4><strong>H\u01b0\u1edbng d\u1eabn nhanh (step-by-step)<\/strong><\/h4>\n<p><strong>Media Change (t\u00f3m t\u1eaft):<\/strong> r\u00e3 \u0111\u00f4ng \u2192 t\u0103ng sinh (\u0111\u1ebfn 75\u201385%) \u2192 b\u1ecf supernatant \u2192 (tu\u1ef3 ch\u1ecdn) r\u1eeda b\u1eb1ng EXO CD \u2192 thay EXO CD \u2192 khi 85\u201390% thu CM \u2192 ph\u00e2n l\u1eadp \u2192 (tu\u1ef3 ch\u1ecdn) thay m\u1edbi EXO CD 24\u201348 h \u0111\u1ec3 thu th\u00eam. <strong>Seeding with EXO CD:<\/strong> t\u0103ng sinh b\u1eb1ng MSC CD AOF \u2192 gieo l\u1ea1i b\u1eb1ng EXO CD \u2192 85\u201390% thu CM \u2192 (tu\u1ef3 ch\u1ecdn) thay m\u1edbi EXO CD 24\u201348 h \u2192 ph\u00e2n l\u1eadp. <strong>Thawing with EXO CD:<\/strong> chu\u1ea9n b\u1ecb EXO CD trong BSC \u2192 r\u00e3 \u0111\u00f4ng \u2192 h\u00f2a huy\u1ec1n 1:9 (medium:pellet) \u2192 ly t\u00e2m 200\u2013300\u00d7g 3 ph\u00fat \u2192 gieo &amp; \u1ee7 37 \u00b0C\/5% CO\u2082 \u2192 75\u201385% c\u1ea5y chuy\u1ec1n \u2192 85\u201390% thu CM \u2192 (tu\u1ef3 ch\u1ecdn) thay m\u1edbi 24\u201348 h.<\/p>\n<h4><strong>C\u00e2u h\u1ecfi th\u01b0\u1eddng g\u1eb7p (FAQ)<\/strong><\/h4>\n<p><strong>1) EXO CD kh\u00e1c g\u00ec MSC CD AOF?<\/strong> MSC CD AOF t\u1ed1i \u01b0u cho t\u0103ng sinh hMSC, c\u00f2n EXO CD t\u1ed1i \u01b0u thu nh\u1eadn exosome; c\u00f3 th\u1ec3 d\u00f9ng k\u1ebft h\u1ee3p trong quy tr\u00ecnh \u201cm\u1edf r\u1ed9ng b\u1eb1ng MSC CD AOF \u2192 thu exosome b\u1eb1ng EXO CD\u201d.<\/p>\n<p><strong>2) V\u00ec sao khuy\u1ebfn ngh\u1ecb TrypLE\u2122 Express thay v\u00ec trypsin-EDTA?<\/strong> EXO CD kh\u00f4ng ch\u1ee9a serum \u0111\u1ec3 trung h\u00f2a trypsin; d\u00f9ng TrypLE\u2122 gi\u00fap thao t\u00e1c an to\u00e0n h\u01a1n, kh\u00f4ng c\u1ea7n b\u01b0\u1edbc d\u1eebng b\u1eb1ng serum.<\/p>\n<p><strong>3) Khi n\u00e0o n\u00ean \u201cr\u1eeda\u201d tr\u01b0\u1edbc khi thay EXO CD?<\/strong> B\u01b0\u1edbc r\u1eeda b\u1eb1ng EXO CD \u0111\u01b0\u1ee3c khuy\u1ebfn kh\u00edch th\u1ef1c hi\u1ec7n trong quy tr\u00ecnh Chuy\u1ec3n \u0111\u1ed5i m\u00f4i tr\u01b0\u1eddng (Media Change). Vi\u1ec7c n\u00e0y nh\u1eb1m lo\u1ea1i b\u1ecf tri\u1ec7t \u0111\u1ec3 d\u01b0 l\u01b0\u1ee3ng m\u00f4i tr\u01b0\u1eddng c\u0169 ho\u1eb7c huy\u1ebft thanh c\u00f2n s\u00f3t l\u1ea1i tr\u00ean b\u1ec1 m\u1eb7t t\u1ebf b\u00e0o v\u00e0 d\u1ee5ng c\u1ee5 nu\u00f4i c\u1ea5y, gi\u00fap gi\u1ea3m thi\u1ec3u t\u1ea1p ch\u1ea5t protein ngo\u1ea1i lai, \u0111\u1ea3m b\u1ea3o d\u1ecbch n\u1ed5i (CM) thu \u0111\u01b0\u1ee3c c\u00f3 \u0111\u1ed9 tinh khi\u1ebft cao tr\u01b0\u1edbc khi ti\u1ebfn h\u00e0nh ph\u00e2n l\u1eadp exosome.<\/p>\n<p><strong>4) C\u00f3 th\u1ec3 b\u1ed5 sung kh\u00e1ng sinh?<\/strong> \u0110\u01b0\u1ee3c ph\u00e9p d\u00f9ng Gentamicin ho\u1eb7c Penicillin-Streptomycin theo khuy\u1ebfn ngh\u1ecb.<\/p>\n<h4><strong>G\u1ee3i \u00fd tri\u1ec3n khai<\/strong><\/h4>\n<ul>\n<li><strong>Chu\u1ea9n h\u00f3a quy tr\u00ecnh thu EVs \u0111\u1ea7u\u2013cu\u1ed1i:<\/strong> MSC expansion (MSC CD AOF) \u2192 EXO CD (thu CM) \u2192 c\u00f4 \u0111\u1eb7c TFF\/ EXODUS \u2192 ki\u1ec3m \u0111\u1ecbnh ch\u1ea5t l\u01b0\u1ee3ng (NTA, BCA, mycoplasma, endotoxin).<\/li>\n<li><strong>T\u00edch h\u1ee3p thi\u1ebft b\u1ecb &amp; v\u1eadt t\u01b0<\/strong> trong danh m\u1ee5c Biogroup (CO\u2082 incubator, h\u1ec7 th\u1ed1ng EXODUS \/ h\u1ec7 th\u1ed1ng TFF\/UF, b\u1ed9 kit NTA\/BCA, thi\u1ebft b\u1ecb l\u01b0u tr\u1eef m\u1eabu) \u0111\u1ec3 h\u00ecnh th\u00e0nh <strong>gi\u1ea3i ph\u00e1p t\u1ed5ng th\u1ec3 ph\u00f9 h\u1ee3p R&amp;D\u2013QC\u2013pilot. <\/strong><\/li>\n<\/ul>\n<h4><strong>Th\u00f4ng tin \u0111\u1eb7t h\u00e0ng &amp; h\u1ed7 tr\u1ee3 k\u1ef9 thu\u1eadt<\/strong><\/h4>\n<ul>\n<li><strong>M\u00e3 h\u00e0ng (Cat. No.)<\/strong>: YSP017 \u2013 500 mL\/chai, b\u1ea3o qu\u1ea3n 2\u20138 \u00b0C.<\/li>\n<li><strong>T\u01b0 v\u1ea5n k\u1ef9 thu\u1eadt\/\u1ee9ng d\u1ee5ng &amp; demo t\u1ea1i lab<\/strong>: Li\u00ean h\u1ec7 Biogroup Vietnam \u0111\u1ec3 \u0111\u01b0\u1ee3c <strong>thi\u1ebft k\u1ebf quy tr\u00ecnh thu exosome chu\u1ea9n h\u00f3a<\/strong> theo y\u00eau c\u1ea7u d\u1ef1 \u00e1n (R&amp;D, QC, ti\u1ec1n s\u1ea3n xu\u1ea5t).<\/li>\n<\/ul>\n\t\t\t\t\t\t\t\t<\/div>\n\t\t\t\t\t<\/div>\n\t\t\t\t<\/div>\n\t\t<div class=\"elementor-element elementor-element-ba442dd e-flex e-con-boxed e-con e-parent\" data-id=\"ba442dd\" data-element_type=\"container\">\n\t\t\t\t\t<div class=\"e-con-inner\">\n\t\t\t\t<div class=\"elementor-element elementor-element-4d004be elementor-widget elementor-widget-bumedi-button\" data-id=\"4d004be\" data-element_type=\"widget\" data-widget_type=\"bumedi-button.default\">\n\t\t\t\t<div class=\"elementor-widget-container\">\n\t\t\t\t\t<div class=\"bumedi-button\"><a class=\"button rounded secondary bumedi-btn \" href=\"https:\/\/biogroupvietnam.com\/wp-content\/uploads\/2026\/02\/1_CellCor-EXO-CD_Brochure.pdf\">Xem & T\u1ea3i Xu\u1ed1ng CellCor\u2122 EXO CD Brochure <\/a><\/div>\t\t\t\t<\/div>\n\t\t\t\t<\/div>\n\t\t\t\t\t<\/div>\n\t\t\t\t<\/div>\n\t\t\t\t<\/div>\n\t\t","protected":false},"excerpt":{"rendered":"<p>CellCor\u2122 EXO CD l\u00e0 m\u00f4i tr\u01b0\u1eddng nu\u00f4i c\u1ea5y <strong data-start=\"65\" data-end=\"99\">serum-free, chemically defined<\/strong> t\u1ed1i \u01b0u h\u00f3a thu nh\u1eadn exosome\/EVs t\u1eeb hMSC. C\u00f4ng th\u1ee9c s\u1ea3n xu\u1ea5t kh\u00f4ng ngu\u1ed3n g\u1ed1c ng\u01b0\u1eddi\/\u0111\u1ed9ng v\u1eadt gi\u00fap gi\u1ea3m t\u1ea1p protein t\u1eeb huy\u1ebft thanh, c\u1ea3i thi\u1ec7n t\u1ef7 l\u1ec7 protein\/particle v\u00e0 t\u00ednh l\u1eb7p l\u1ea1i. M\u1ed7i l\u00f4 \u0111\u01b0\u1ee3c QC: mycoplasma, v\u00f4 tr\u00f9ng, endotoxin, particle count. Quy tr\u00ecnh linh ho\u1ea1t: Media Change, Seeding ho\u1eb7c Thawing v\u1edbi EXO CD; thu CM \u1edf 85\u201390% confluent v\u00e0 c\u00f3 th\u1ec3 thay m\u1edbi sau 24\u201348 gi\u1edd \u0111\u1ec3 t\u0103ng thu h\u1ed3i. T\u01b0\u01a1ng th\u00edch ph\u00e2n l\u1eadp Exosome b\u1eb1ng Exodus\/ l\u1ecdc TFF v\u00e0 c\u00e1c ph\u00e9p th\u1eed ch\u1ee9c n\u0103ng (wound healing, angiogenesis), ph\u00f9 h\u1ee3p R&amp;D\u2013QC\u2013pilot.<\/p>\n","protected":false},"featured_media":9025,"comment_status":"closed","ping_status":"closed","template":"","meta":{"_acf_changed":false},"product_brand":[132],"product_cat":[112],"product_tag":[],"class_list":{"0":"post-3937","1":"product","2":"type-product","3":"status-publish","4":"has-post-thumbnail","6":"product_brand-xcell-therapeutics-inc","7":"product_cat-exosome","9":"first","10":"outofstock","11":"shipping-taxable","12":"product-type-simple"},"acf":[],"yoast_head":"<!-- This site is optimized with the Yoast SEO plugin v26.8 - https:\/\/yoast.com\/product\/yoast-seo-wordpress\/ -->\n<title>CellCor\u2122 EXO CD \u2013 M\u00f4i tr\u01b0\u1eddng nu\u00f4i c\u1ea5y trung m\u00f4 ti\u1ebft exosome serum-free, chemical defined<\/title>\n<meta name=\"description\" content=\"T\u0103ng \u0111\u1ed9 tinh khi\u1ebft &amp; hi\u1ec7u su\u1ea5t thu exosome t\u1eeb hMSC v\u1edbi CellCor\u2122 EXO CD \u2013 serum-free, chemically defined, quy tr\u00ecnh linh ho\u1ea1t, QC \u0111\u1ea7y \u0111\u1ee7.\" \/>\n<meta name=\"robots\" content=\"index, follow, max-snippet:-1, max-image-preview:large, max-video-preview:-1\" \/>\n<link rel=\"canonical\" href=\"https:\/\/biogroupvietnam.com\/vi\/san-pham\/cellcor-exo-cd\/\" \/>\n<meta property=\"og:locale\" content=\"vi_VN\" \/>\n<meta property=\"og:type\" content=\"article\" \/>\n<meta property=\"og:title\" content=\"CellCor\u2122 EXO CD \u2013 M\u00f4i tr\u01b0\u1eddng nu\u00f4i c\u1ea5y trung m\u00f4 ti\u1ebft exosome serum-free, chemical defined\" \/>\n<meta property=\"og:description\" content=\"T\u0103ng \u0111\u1ed9 tinh khi\u1ebft &amp; hi\u1ec7u su\u1ea5t thu exosome t\u1eeb hMSC v\u1edbi CellCor\u2122 EXO CD \u2013 serum-free, chemically defined, quy tr\u00ecnh linh ho\u1ea1t, QC \u0111\u1ea7y \u0111\u1ee7.\" \/>\n<meta property=\"og:url\" content=\"https:\/\/biogroupvietnam.com\/vi\/san-pham\/cellcor-exo-cd\/\" \/>\n<meta property=\"og:site_name\" content=\"Biogroup Vietnam\" \/>\n<meta property=\"article:modified_time\" content=\"2026-02-26T02:23:19+00:00\" \/>\n<meta property=\"og:image\" content=\"https:\/\/biogroupvietnam.com\/wp-content\/uploads\/2025\/08\/CellCor\u2122-EXO-CD.jpg\" \/>\n\t<meta property=\"og:image:width\" content=\"1640\" \/>\n\t<meta property=\"og:image:height\" content=\"1260\" \/>\n\t<meta property=\"og:image:type\" content=\"image\/jpeg\" \/>\n<meta name=\"twitter:card\" content=\"summary_large_image\" \/>\n<meta name=\"twitter:label1\" content=\"\u01af\u1edbc t\u00ednh th\u1eddi gian \u0111\u1ecdc\" \/>\n\t<meta name=\"twitter:data1\" content=\"1 ph\u00fat\" \/>\n<script type=\"application\/ld+json\" class=\"yoast-schema-graph\">{\"@context\":\"https:\/\/schema.org\",\"@graph\":[{\"@type\":\"WebPage\",\"@id\":\"https:\/\/biogroupvietnam.com\/vi\/san-pham\/cellcor-exo-cd\/\",\"url\":\"https:\/\/biogroupvietnam.com\/vi\/san-pham\/cellcor-exo-cd\/\",\"name\":\"CellCor\u2122 EXO CD \u2013 M\u00f4i tr\u01b0\u1eddng nu\u00f4i c\u1ea5y trung m\u00f4 ti\u1ebft exosome serum-free, chemical defined\",\"isPartOf\":{\"@id\":\"https:\/\/biogroupvietnam.com\/vi\/#website\"},\"primaryImageOfPage\":{\"@id\":\"https:\/\/biogroupvietnam.com\/vi\/san-pham\/cellcor-exo-cd\/#primaryimage\"},\"image\":{\"@id\":\"https:\/\/biogroupvietnam.com\/vi\/san-pham\/cellcor-exo-cd\/#primaryimage\"},\"thumbnailUrl\":\"https:\/\/biogroupvietnam.com\/wp-content\/uploads\/2025\/08\/CellCor\u2122-EXO-CD.jpg\",\"datePublished\":\"2025-08-18T12:54:45+00:00\",\"dateModified\":\"2026-02-26T02:23:19+00:00\",\"description\":\"T\u0103ng \u0111\u1ed9 tinh khi\u1ebft & hi\u1ec7u su\u1ea5t thu exosome t\u1eeb hMSC v\u1edbi CellCor\u2122 EXO CD \u2013 serum-free, chemically defined, quy tr\u00ecnh linh ho\u1ea1t, QC \u0111\u1ea7y \u0111\u1ee7.\",\"breadcrumb\":{\"@id\":\"https:\/\/biogroupvietnam.com\/vi\/san-pham\/cellcor-exo-cd\/#breadcrumb\"},\"inLanguage\":\"vi\",\"potentialAction\":[{\"@type\":\"ReadAction\",\"target\":[\"https:\/\/biogroupvietnam.com\/vi\/san-pham\/cellcor-exo-cd\/\"]}]},{\"@type\":\"ImageObject\",\"inLanguage\":\"vi\",\"@id\":\"https:\/\/biogroupvietnam.com\/vi\/san-pham\/cellcor-exo-cd\/#primaryimage\",\"url\":\"https:\/\/biogroupvietnam.com\/wp-content\/uploads\/2025\/08\/CellCor\u2122-EXO-CD.jpg\",\"contentUrl\":\"https:\/\/biogroupvietnam.com\/wp-content\/uploads\/2025\/08\/CellCor\u2122-EXO-CD.jpg\",\"width\":1640,\"height\":1260},{\"@type\":\"BreadcrumbList\",\"@id\":\"https:\/\/biogroupvietnam.com\/vi\/san-pham\/cellcor-exo-cd\/#breadcrumb\",\"itemListElement\":[{\"@type\":\"ListItem\",\"position\":1,\"name\":\"Trang ch\u1ee7\",\"item\":\"https:\/\/biogroupvietnam.com\/vi\/\"},{\"@type\":\"ListItem\",\"position\":2,\"name\":\"S\u1ea3n ph\u1ea9m\",\"item\":\"https:\/\/biogroupvietnam.com\/vi\/san-pham\/\"},{\"@type\":\"ListItem\",\"position\":3,\"name\":\"Nu\u00f4i C\u1ea5y T\u1ebf B\u00e0o\",\"item\":\"https:\/\/biogroupvietnam.com\/vi\/danh-muc-san-pham\/nuoi-cay-te-bao\/\"},{\"@type\":\"ListItem\",\"position\":4,\"name\":\"Exosome\",\"item\":\"https:\/\/biogroupvietnam.com\/vi\/danh-muc-san-pham\/exosome\/\"},{\"@type\":\"ListItem\",\"position\":5,\"name\":\"M\u00f4i Tr\u01b0\u1eddng Thu Nh\u1eadn Exosome &#8211; CellCor\u2122 EXO CD\"}]},{\"@type\":\"WebSite\",\"@id\":\"https:\/\/biogroupvietnam.com\/vi\/#website\",\"url\":\"https:\/\/biogroupvietnam.com\/vi\/\",\"name\":\"Biogroup Vietnam\",\"description\":\"Biogroup Vietnam cung c\u1ea5p d\u1ecbch v\u1ee5 k\u1ef9 thu\u1eadt c\u00f9ng thi\u1ebft b\u1ecb, v\u1eadt t\u01b0, h\u00f3a ch\u1ea5t v\u00e0 gi\u1ea3i ph\u00e1p sinh h\u1ecdc cho ph\u00f2ng th\u00ed nghi\u1ec7m c\u00f4ng ngh\u1ec7 sinh h\u1ecdc, y sinh v\u00e0 y h\u1ecdc t\u00e1i t\u1ea1o.\",\"potentialAction\":[{\"@type\":\"SearchAction\",\"target\":{\"@type\":\"EntryPoint\",\"urlTemplate\":\"https:\/\/biogroupvietnam.com\/vi\/?s={search_term_string}\"},\"query-input\":{\"@type\":\"PropertyValueSpecification\",\"valueRequired\":true,\"valueName\":\"search_term_string\"}}],\"inLanguage\":\"vi\"}]}<\/script>\n<!-- \/ Yoast SEO plugin. -->","yoast_head_json":{"title":"CellCor\u2122 EXO CD \u2013 M\u00f4i tr\u01b0\u1eddng nu\u00f4i c\u1ea5y trung m\u00f4 ti\u1ebft exosome serum-free, chemical defined","description":"T\u0103ng \u0111\u1ed9 tinh khi\u1ebft & hi\u1ec7u su\u1ea5t thu exosome t\u1eeb hMSC v\u1edbi CellCor\u2122 EXO CD \u2013 serum-free, chemically defined, quy tr\u00ecnh linh ho\u1ea1t, QC \u0111\u1ea7y \u0111\u1ee7.","robots":{"index":"index","follow":"follow","max-snippet":"max-snippet:-1","max-image-preview":"max-image-preview:large","max-video-preview":"max-video-preview:-1"},"canonical":"https:\/\/biogroupvietnam.com\/vi\/san-pham\/cellcor-exo-cd\/","og_locale":"vi_VN","og_type":"article","og_title":"CellCor\u2122 EXO CD \u2013 M\u00f4i tr\u01b0\u1eddng nu\u00f4i c\u1ea5y trung m\u00f4 ti\u1ebft exosome serum-free, chemical defined","og_description":"T\u0103ng \u0111\u1ed9 tinh khi\u1ebft & hi\u1ec7u su\u1ea5t thu exosome t\u1eeb hMSC v\u1edbi CellCor\u2122 EXO CD \u2013 serum-free, chemically defined, quy tr\u00ecnh linh ho\u1ea1t, QC \u0111\u1ea7y \u0111\u1ee7.","og_url":"https:\/\/biogroupvietnam.com\/vi\/san-pham\/cellcor-exo-cd\/","og_site_name":"Biogroup Vietnam","article_modified_time":"2026-02-26T02:23:19+00:00","og_image":[{"width":1640,"height":1260,"url":"https:\/\/biogroupvietnam.com\/wp-content\/uploads\/2025\/08\/CellCor\u2122-EXO-CD.jpg","type":"image\/jpeg"}],"twitter_card":"summary_large_image","twitter_misc":{"\u01af\u1edbc t\u00ednh th\u1eddi gian \u0111\u1ecdc":"1 ph\u00fat"},"schema":{"@context":"https:\/\/schema.org","@graph":[{"@type":"WebPage","@id":"https:\/\/biogroupvietnam.com\/vi\/san-pham\/cellcor-exo-cd\/","url":"https:\/\/biogroupvietnam.com\/vi\/san-pham\/cellcor-exo-cd\/","name":"CellCor\u2122 EXO CD \u2013 M\u00f4i tr\u01b0\u1eddng nu\u00f4i c\u1ea5y trung m\u00f4 ti\u1ebft exosome serum-free, chemical defined","isPartOf":{"@id":"https:\/\/biogroupvietnam.com\/vi\/#website"},"primaryImageOfPage":{"@id":"https:\/\/biogroupvietnam.com\/vi\/san-pham\/cellcor-exo-cd\/#primaryimage"},"image":{"@id":"https:\/\/biogroupvietnam.com\/vi\/san-pham\/cellcor-exo-cd\/#primaryimage"},"thumbnailUrl":"https:\/\/biogroupvietnam.com\/wp-content\/uploads\/2025\/08\/CellCor\u2122-EXO-CD.jpg","datePublished":"2025-08-18T12:54:45+00:00","dateModified":"2026-02-26T02:23:19+00:00","description":"T\u0103ng \u0111\u1ed9 tinh khi\u1ebft & hi\u1ec7u su\u1ea5t thu exosome t\u1eeb hMSC v\u1edbi CellCor\u2122 EXO CD \u2013 serum-free, chemically defined, quy tr\u00ecnh linh ho\u1ea1t, QC \u0111\u1ea7y \u0111\u1ee7.","breadcrumb":{"@id":"https:\/\/biogroupvietnam.com\/vi\/san-pham\/cellcor-exo-cd\/#breadcrumb"},"inLanguage":"vi","potentialAction":[{"@type":"ReadAction","target":["https:\/\/biogroupvietnam.com\/vi\/san-pham\/cellcor-exo-cd\/"]}]},{"@type":"ImageObject","inLanguage":"vi","@id":"https:\/\/biogroupvietnam.com\/vi\/san-pham\/cellcor-exo-cd\/#primaryimage","url":"https:\/\/biogroupvietnam.com\/wp-content\/uploads\/2025\/08\/CellCor\u2122-EXO-CD.jpg","contentUrl":"https:\/\/biogroupvietnam.com\/wp-content\/uploads\/2025\/08\/CellCor\u2122-EXO-CD.jpg","width":1640,"height":1260},{"@type":"BreadcrumbList","@id":"https:\/\/biogroupvietnam.com\/vi\/san-pham\/cellcor-exo-cd\/#breadcrumb","itemListElement":[{"@type":"ListItem","position":1,"name":"Trang ch\u1ee7","item":"https:\/\/biogroupvietnam.com\/vi\/"},{"@type":"ListItem","position":2,"name":"S\u1ea3n ph\u1ea9m","item":"https:\/\/biogroupvietnam.com\/vi\/san-pham\/"},{"@type":"ListItem","position":3,"name":"Nu\u00f4i C\u1ea5y T\u1ebf B\u00e0o","item":"https:\/\/biogroupvietnam.com\/vi\/danh-muc-san-pham\/nuoi-cay-te-bao\/"},{"@type":"ListItem","position":4,"name":"Exosome","item":"https:\/\/biogroupvietnam.com\/vi\/danh-muc-san-pham\/exosome\/"},{"@type":"ListItem","position":5,"name":"M\u00f4i Tr\u01b0\u1eddng Thu Nh\u1eadn Exosome &#8211; CellCor\u2122 EXO CD"}]},{"@type":"WebSite","@id":"https:\/\/biogroupvietnam.com\/vi\/#website","url":"https:\/\/biogroupvietnam.com\/vi\/","name":"Biogroup Vietnam","description":"Biogroup Vietnam cung c\u1ea5p d\u1ecbch v\u1ee5 k\u1ef9 thu\u1eadt c\u00f9ng thi\u1ebft b\u1ecb, v\u1eadt t\u01b0, h\u00f3a ch\u1ea5t v\u00e0 gi\u1ea3i ph\u00e1p sinh h\u1ecdc cho ph\u00f2ng th\u00ed nghi\u1ec7m c\u00f4ng ngh\u1ec7 sinh h\u1ecdc, y sinh v\u00e0 y h\u1ecdc t\u00e1i t\u1ea1o.","potentialAction":[{"@type":"SearchAction","target":{"@type":"EntryPoint","urlTemplate":"https:\/\/biogroupvietnam.com\/vi\/?s={search_term_string}"},"query-input":{"@type":"PropertyValueSpecification","valueRequired":true,"valueName":"search_term_string"}}],"inLanguage":"vi"}]}},"_links":{"self":[{"href":"https:\/\/biogroupvietnam.com\/vi\/wp-json\/wp\/v2\/product\/3937","targetHints":{"allow":["GET"]}}],"collection":[{"href":"https:\/\/biogroupvietnam.com\/vi\/wp-json\/wp\/v2\/product"}],"about":[{"href":"https:\/\/biogroupvietnam.com\/vi\/wp-json\/wp\/v2\/types\/product"}],"replies":[{"embeddable":true,"href":"https:\/\/biogroupvietnam.com\/vi\/wp-json\/wp\/v2\/comments?post=3937"}],"version-history":[{"count":19,"href":"https:\/\/biogroupvietnam.com\/vi\/wp-json\/wp\/v2\/product\/3937\/revisions"}],"predecessor-version":[{"id":9935,"href":"https:\/\/biogroupvietnam.com\/vi\/wp-json\/wp\/v2\/product\/3937\/revisions\/9935"}],"wp:featuredmedia":[{"embeddable":true,"href":"https:\/\/biogroupvietnam.com\/vi\/wp-json\/wp\/v2\/media\/9025"}],"wp:attachment":[{"href":"https:\/\/biogroupvietnam.com\/vi\/wp-json\/wp\/v2\/media?parent=3937"}],"wp:term":[{"taxonomy":"product_brand","embeddable":true,"href":"https:\/\/biogroupvietnam.com\/vi\/wp-json\/wp\/v2\/product_brand?post=3937"},{"taxonomy":"product_cat","embeddable":true,"href":"https:\/\/biogroupvietnam.com\/vi\/wp-json\/wp\/v2\/product_cat?post=3937"},{"taxonomy":"product_tag","embeddable":true,"href":"https:\/\/biogroupvietnam.com\/vi\/wp-json\/wp\/v2\/product_tag?post=3937"}],"curies":[{"name":"wp","href":"https:\/\/api.w.org\/{rel}","templated":true}]}}