{"id":3939,"date":"2025-08-18T19:54:46","date_gmt":"2025-08-18T12:54:46","guid":{"rendered":"http:\/\/biogroupvietnam-worldpress.local\/product\/import-placeholder-for-194\/"},"modified":"2025-09-29T15:08:55","modified_gmt":"2025-09-29T08:08:55","slug":"uv-lamps","status":"publish","type":"product","link":"https:\/\/biogroupvietnam.com\/vi\/san-pham\/uv-lamps\/","title":{"rendered":"\u0110\u00e8n UV"},"content":{"rendered":"<p><span style=\"background-color:transparent;color:#000000;font-family:Arial,sans-serif;font-size:12pt;\"><i><strong>\u0110\u00e8n UV \u1ee9ng d\u1ee5ng cho m\u1ecdi y\u00eau c\u1ea7u chi\u1ebfu x\u1ea1<\/strong><\/i><\/span><\/p>\n<p><span style=\"background-color:transparent;color:#000000;font-family:Arial,sans-serif;font-size:12pt;\">\u0110\u00e8n UV d\u00f9ng trong nhi\u1ec1u ng\u00e0nh t\u1eeb nghi\u00ean c\u1ee9u, \u0111i\u1ec7n t\u1eed \u0111\u1ebfn n\u00f4ng nghi\u1ec7p th\u1ef1c ph\u1ea9m. \u0110\u00e8n c\u00f3 nhi\u1ec1u c\u1ea5u h\u00ecnh ph\u1ee5c v\u1ee5 \u0111a d\u1ea1ng \u1ee9ng d\u1ee5ng nh\u01b0 ki\u1ec3m tra hu\u1ef3nh quang, kh\u1eed tr\u00f9ng v\u00e0 ki\u1ec3m so\u00e1t vi khu\u1ea9n.<\/span><\/p>\n<h3><span style=\"background-color:transparent;color:#000000;font-family:Arial,sans-serif;font-size:16pt;\"><strong>T\u00ednh n\u0103ng c\u1ee7a \u0111\u00e8n UV<\/strong><\/span><\/h3>\n<ul>\n<li><span style=\"background-color:transparent;color:#000000;font-family:Arial,sans-serif;font-size:12pt;\">\u0110\u00e8n UV \u0111\u01b0\u1ee3c thi\u1ebft k\u1ebf \u0111\u1ec3 \u0111\u00e1p \u1ee9ng t\u1ea5t c\u1ea3 c\u00e1c lo\u1ea1i y\u00eau c\u1ea7u chi\u1ebfu x\u1ea1, \u0111\u00e8n UV c\u1ee7a h\u00e3ng Uvitec (Anh) c\u00f3 nhi\u1ec1u c\u1ea5u h\u00ecnh k\u1ef9 thu\u1eadt.<\/span><\/li>\n<li><span style=\"background-color:transparent;color:#000000;font-family:Arial,sans-serif;font-size:12pt;\">\u0110\u01b0\u1ee3c s\u1eed d\u1ee5ng r\u1ed9ng r\u00e3i trong c\u00e1c nghi\u00ean c\u1ee9u chi\u1ebfu x\u1ea1, chi\u1ebfu x\u1ea1 trong ng\u00e0nh s\u1ea3n xu\u1ea5t \u0111i\u1ec7n t\u1eed v\u00e0 trong chi\u1ebfu x\u1ea1 th\u1ef1c ph\u1ea9m.<\/span><\/li>\n<li><span style=\"background-color:transparent;color:#000000;font-family:Arial,sans-serif;font-size:12pt;\">\u0110\u00e8n UV c\u1ee7a h\u00e3ng Uvitec r\u1ea5t ph\u00f9 h\u1ee3p cho nhi\u1ec1u \u1ee9ng d\u1ee5ng nh\u01b0 ki\u1ec3m duy\u1ec7t, kh\u1eed tr\u00f9ng b\u1eb1ng \u0111\u00e8n hu\u1ef3nh quang v\u00e0 ki\u1ec3m so\u00e1t m\u1ea7m b\u1ec7nh.<\/span><\/li>\n<li><span style=\"background-color:transparent;color:#000000;font-family:Arial,sans-serif;font-size:12pt;\">C\u00f3 nhi\u1ec1u lo\u1ea1i \u0111\u00e8n UV kh\u00e1c nhau \u0111\u1ec3 t\u1ed1i \u01b0u m\u1eabu chi\u1ebfu x\u1ea1 nh\u01b0: c\u00f4ng su\u1ea5t \u0111i\u1ec7n, b\u01b0\u1edbc s\u00f3ng \u0111\u01a1n hay k\u00e9p, s\u1ed1 l\u01b0\u1ee3ng \u0111\u00e8n l\u1eafp \u0111\u1eb7t, \u2026<\/span><\/li>\n<li><span style=\"background-color:transparent;color:#000000;font-family:Arial,sans-serif;font-size:12pt;\">C\u00f3 s\u1eb5n m\u1ed9t lo\u1ea1t c\u00e1c lo\u1ea1i \u0111\u00e8n c\u1ef1c t\u00edm t\u1eeb ki\u1ec3u c\u1ea7m tay c\u00f4ng su\u1ea5t th\u1ea5p \u0111\u1ebfn c\u00e1c thi\u1ebft b\u1ecb c\u01b0\u1eddng \u0111\u1ed9 cao, \u0111\u01b0\u1ee3c l\u1eafp \u0111\u1eb7t trong h\u1ed9p v\u1ecf nh\u00f4m v\u00e0 thi\u1ebft k\u1ebf \u0111\u1eb7c bi\u1ec7t cho lo\u1ea1i \u0111\u00e8n c\u1ea7m tay.<\/span><\/li>\n<li><span style=\"background-color:transparent;color:#000000;font-family:Arial,sans-serif;font-size:12pt;\">Lo\u1ea1i \u0111\u00e8n UV c\u00f3 b\u1ed9 l\u1ecdc (Lamps with Filters) s\u1eed d\u1ee5ng trong k\u1ef9 thu\u1eadt hu\u1ef3nh quang: ch\u1ecdn c\u00e1c b\u01b0\u1edbc s\u00f3ng \u0111\u01a1n 365 nm ho\u1eb7c 312 nm ho\u1eb7c 254 nm ho\u1eb7c b\u01b0\u1edbc s\u00f3ng k\u00e9p 365\/254 nm ho\u1eb7c 365\/312 nm ho\u1eb7c 312\/254 nm c\u00f3 c\u00f4ng su\u1ea5t 6W ho\u1eb7c 15W, s\u1ed1 l\u01b0\u1ee3ng 1-2 \u0111\u00e8n\/ h\u1ed9p.<\/span><\/li>\n<li><span style=\"background-color:transparent;color:#000000;font-family:Arial,sans-serif;font-size:12pt;\">Lo\u1ea1i \u0111\u00e8n UV kh\u00f4ng c\u00f3 b\u1ed9 l\u1ecdc (Unfiltered Lamps): c\u00f3 b\u01b0\u1edbc s\u00f3ng \u0111\u01a1n 365 nm, c\u00f3 c\u00f4ng su\u1ea5t 6W ho\u1eb7c 15W ho\u1eb7c 30W, s\u1ed1 l\u01b0\u1ee3ng 2-3 \u0111\u00e8n\/ h\u1ed9p.<\/span><\/li>\n<li><span style=\"background-color:transparent;color:#000000;font-family:Arial,sans-serif;font-size:12pt;\">Lo\u1ea1i \u0111\u00e8n UV c\u00f3 b\u01b0\u1edbc s\u00f3ng ng\u1eafn \u1ee9ng d\u1ee5ng di\u1ec7t khu\u1ea9n (Germicidal Lamps): c\u00f3 b\u01b0\u1edbc s\u00f3ng \u0111\u01a1n 254 nm, c\u00f3 c\u00f4ng su\u1ea5t 15W ho\u1eb7c 30W, s\u1ed1 l\u01b0\u1ee3ng 1-3 \u0111\u00e8n\/ h\u1ed9p.<\/span><\/li>\n<\/ul>\n","protected":false},"excerpt":{"rendered":"<p>\u0110\u00e8n UV \u1ee9ng d\u1ee5ng cho m\u1ecdi y\u00eau c\u1ea7u chi\u1ebfu x\u1ea1 \u0110\u00e8n UV d\u00f9ng trong nhi\u1ec1u ng\u00e0nh t\u1eeb nghi\u00ean c\u1ee9u, \u0111i\u1ec7n t\u1eed \u0111\u1ebfn n\u00f4ng nghi\u1ec7p th\u1ef1c ph\u1ea9m. \u0110\u00e8n c\u00f3 nhi\u1ec1u c\u1ea5u h\u00ecnh ph\u1ee5c v\u1ee5 \u0111a d\u1ea1ng \u1ee9ng d\u1ee5ng nh\u01b0 ki\u1ec3m tra hu\u1ef3nh quang, kh\u1eed tr\u00f9ng v\u00e0 ki\u1ec3m so\u00e1t vi khu\u1ea9n. T\u00ednh n\u0103ng c\u1ee7a \u0111\u00e8n UV \u0110\u00e8n<\/p>\n<div class=\"klb-readmore post-buttons\"><a class=\"button rounded primary\" href=\"https:\/\/biogroupvietnam.com\/vi\/san-pham\/uv-lamps\/\">Read More <i class=\"klbth-icon-right-arrow\"><\/i><\/a><\/div>\n","protected":false},"featured_media":5524,"comment_status":"closed","ping_status":"closed","template":"","meta":{"_acf_changed":false},"product_brand":[136],"product_cat":[110],"product_tag":[],"class_list":{"0":"post-3939","1":"product","2":"type-product","3":"status-publish","4":"has-post-thumbnail","6":"product_brand-uvitec","7":"product_cat-chup-anh-gel","9":"first","10":"outofstock","11":"shipping-taxable","12":"product-type-simple"},"acf":[],"yoast_head":"<!-- This site is optimized with the Yoast SEO plugin v26.8 - https:\/\/yoast.com\/product\/yoast-seo-wordpress\/ -->\n<title>\u0110\u00e8n UV<\/title>\n<meta name=\"description\" content=\"\u0110\u00e8n UV - \u1ee8ng d\u1ee5ng cho t\u1ea5t c\u1ea3 c\u00e1c y\u00eau c\u1ea7u chi\u1ebfu x\u1ea1\" \/>\n<meta name=\"robots\" content=\"index, follow, max-snippet:-1, max-image-preview:large, max-video-preview:-1\" \/>\n<link rel=\"canonical\" href=\"https:\/\/biogroupvietnam.com\/vi\/san-pham\/uv-lamps\/\" \/>\n<meta property=\"og:locale\" content=\"vi_VN\" \/>\n<meta property=\"og:type\" content=\"article\" \/>\n<meta property=\"og:title\" content=\"\u0110\u00e8n UV\" \/>\n<meta property=\"og:description\" content=\"\u0110\u00e8n UV - \u1ee8ng d\u1ee5ng cho t\u1ea5t c\u1ea3 c\u00e1c y\u00eau c\u1ea7u chi\u1ebfu x\u1ea1\" \/>\n<meta property=\"og:url\" content=\"https:\/\/biogroupvietnam.com\/vi\/san-pham\/uv-lamps\/\" \/>\n<meta property=\"og:site_name\" content=\"Biogroup Vietnam\" \/>\n<meta property=\"article:modified_time\" content=\"2025-09-29T08:08:55+00:00\" \/>\n<meta property=\"og:image\" content=\"https:\/\/biogroupvietnam.com\/wp-content\/uploads\/2025\/08\/C491C3A8n20UV.png\" \/>\n\t<meta property=\"og:image:width\" content=\"1600\" \/>\n\t<meta property=\"og:image:height\" content=\"1229\" \/>\n\t<meta property=\"og:image:type\" content=\"image\/png\" \/>\n<meta name=\"twitter:card\" content=\"summary_large_image\" \/>\n<meta name=\"twitter:label1\" content=\"\u01af\u1edbc t\u00ednh th\u1eddi gian \u0111\u1ecdc\" \/>\n\t<meta name=\"twitter:data1\" content=\"2 ph\u00fat\" \/>\n<script type=\"application\/ld+json\" class=\"yoast-schema-graph\">{\"@context\":\"https:\/\/schema.org\",\"@graph\":[{\"@type\":\"WebPage\",\"@id\":\"https:\/\/biogroupvietnam.com\/vi\/san-pham\/uv-lamps\/\",\"url\":\"https:\/\/biogroupvietnam.com\/vi\/san-pham\/uv-lamps\/\",\"name\":\"\u0110\u00e8n UV\",\"isPartOf\":{\"@id\":\"https:\/\/biogroupvietnam.com\/vi\/#website\"},\"primaryImageOfPage\":{\"@id\":\"https:\/\/biogroupvietnam.com\/vi\/san-pham\/uv-lamps\/#primaryimage\"},\"image\":{\"@id\":\"https:\/\/biogroupvietnam.com\/vi\/san-pham\/uv-lamps\/#primaryimage\"},\"thumbnailUrl\":\"https:\/\/biogroupvietnam.com\/wp-content\/uploads\/2025\/08\/C491C3A8n20UV.png\",\"datePublished\":\"2025-08-18T12:54:46+00:00\",\"dateModified\":\"2025-09-29T08:08:55+00:00\",\"description\":\"\u0110\u00e8n UV - \u1ee8ng d\u1ee5ng cho t\u1ea5t c\u1ea3 c\u00e1c y\u00eau c\u1ea7u chi\u1ebfu x\u1ea1\",\"breadcrumb\":{\"@id\":\"https:\/\/biogroupvietnam.com\/vi\/san-pham\/uv-lamps\/#breadcrumb\"},\"inLanguage\":\"vi\",\"potentialAction\":[{\"@type\":\"ReadAction\",\"target\":[\"https:\/\/biogroupvietnam.com\/vi\/san-pham\/uv-lamps\/\"]}]},{\"@type\":\"ImageObject\",\"inLanguage\":\"vi\",\"@id\":\"https:\/\/biogroupvietnam.com\/vi\/san-pham\/uv-lamps\/#primaryimage\",\"url\":\"https:\/\/biogroupvietnam.com\/wp-content\/uploads\/2025\/08\/C491C3A8n20UV.png\",\"contentUrl\":\"https:\/\/biogroupvietnam.com\/wp-content\/uploads\/2025\/08\/C491C3A8n20UV.png\",\"width\":1600,\"height\":1229,\"caption\":\"\u00a0\"},{\"@type\":\"BreadcrumbList\",\"@id\":\"https:\/\/biogroupvietnam.com\/vi\/san-pham\/uv-lamps\/#breadcrumb\",\"itemListElement\":[{\"@type\":\"ListItem\",\"position\":1,\"name\":\"Trang ch\u1ee7\",\"item\":\"https:\/\/biogroupvietnam.com\/vi\/\"},{\"@type\":\"ListItem\",\"position\":2,\"name\":\"S\u1ea3n ph\u1ea9m\",\"item\":\"https:\/\/biogroupvietnam.com\/vi\/san-pham\/\"},{\"@type\":\"ListItem\",\"position\":3,\"name\":\"R&amp;D Sinh H\u1ecdc\",\"item\":\"https:\/\/biogroupvietnam.com\/vi\/danh-muc-san-pham\/rd-sinh-hoc\/\"},{\"@type\":\"ListItem\",\"position\":4,\"name\":\"Ch\u1ee5p \u1ea2nh Gel\",\"item\":\"https:\/\/biogroupvietnam.com\/vi\/danh-muc-san-pham\/chup-anh-gel\/\"},{\"@type\":\"ListItem\",\"position\":5,\"name\":\"\u0110\u00e8n UV\"}]},{\"@type\":\"WebSite\",\"@id\":\"https:\/\/biogroupvietnam.com\/vi\/#website\",\"url\":\"https:\/\/biogroupvietnam.com\/vi\/\",\"name\":\"Biogroup Vietnam\",\"description\":\"Biogroup Vietnam cung c\u1ea5p d\u1ecbch v\u1ee5 k\u1ef9 thu\u1eadt c\u00f9ng thi\u1ebft b\u1ecb, v\u1eadt t\u01b0, h\u00f3a ch\u1ea5t v\u00e0 gi\u1ea3i ph\u00e1p sinh h\u1ecdc cho ph\u00f2ng th\u00ed nghi\u1ec7m c\u00f4ng ngh\u1ec7 sinh h\u1ecdc, y sinh v\u00e0 y h\u1ecdc t\u00e1i t\u1ea1o.\",\"potentialAction\":[{\"@type\":\"SearchAction\",\"target\":{\"@type\":\"EntryPoint\",\"urlTemplate\":\"https:\/\/biogroupvietnam.com\/vi\/?s={search_term_string}\"},\"query-input\":{\"@type\":\"PropertyValueSpecification\",\"valueRequired\":true,\"valueName\":\"search_term_string\"}}],\"inLanguage\":\"vi\"}]}<\/script>\n<!-- \/ Yoast SEO plugin. -->","yoast_head_json":{"title":"\u0110\u00e8n UV","description":"\u0110\u00e8n UV - \u1ee8ng d\u1ee5ng cho t\u1ea5t c\u1ea3 c\u00e1c y\u00eau c\u1ea7u chi\u1ebfu x\u1ea1","robots":{"index":"index","follow":"follow","max-snippet":"max-snippet:-1","max-image-preview":"max-image-preview:large","max-video-preview":"max-video-preview:-1"},"canonical":"https:\/\/biogroupvietnam.com\/vi\/san-pham\/uv-lamps\/","og_locale":"vi_VN","og_type":"article","og_title":"\u0110\u00e8n UV","og_description":"\u0110\u00e8n UV - \u1ee8ng d\u1ee5ng cho t\u1ea5t c\u1ea3 c\u00e1c y\u00eau c\u1ea7u chi\u1ebfu x\u1ea1","og_url":"https:\/\/biogroupvietnam.com\/vi\/san-pham\/uv-lamps\/","og_site_name":"Biogroup Vietnam","article_modified_time":"2025-09-29T08:08:55+00:00","og_image":[{"width":1600,"height":1229,"url":"https:\/\/biogroupvietnam.com\/wp-content\/uploads\/2025\/08\/C491C3A8n20UV.png","type":"image\/png"}],"twitter_card":"summary_large_image","twitter_misc":{"\u01af\u1edbc t\u00ednh th\u1eddi gian \u0111\u1ecdc":"2 ph\u00fat"},"schema":{"@context":"https:\/\/schema.org","@graph":[{"@type":"WebPage","@id":"https:\/\/biogroupvietnam.com\/vi\/san-pham\/uv-lamps\/","url":"https:\/\/biogroupvietnam.com\/vi\/san-pham\/uv-lamps\/","name":"\u0110\u00e8n UV","isPartOf":{"@id":"https:\/\/biogroupvietnam.com\/vi\/#website"},"primaryImageOfPage":{"@id":"https:\/\/biogroupvietnam.com\/vi\/san-pham\/uv-lamps\/#primaryimage"},"image":{"@id":"https:\/\/biogroupvietnam.com\/vi\/san-pham\/uv-lamps\/#primaryimage"},"thumbnailUrl":"https:\/\/biogroupvietnam.com\/wp-content\/uploads\/2025\/08\/C491C3A8n20UV.png","datePublished":"2025-08-18T12:54:46+00:00","dateModified":"2025-09-29T08:08:55+00:00","description":"\u0110\u00e8n UV - \u1ee8ng d\u1ee5ng cho t\u1ea5t c\u1ea3 c\u00e1c y\u00eau c\u1ea7u chi\u1ebfu x\u1ea1","breadcrumb":{"@id":"https:\/\/biogroupvietnam.com\/vi\/san-pham\/uv-lamps\/#breadcrumb"},"inLanguage":"vi","potentialAction":[{"@type":"ReadAction","target":["https:\/\/biogroupvietnam.com\/vi\/san-pham\/uv-lamps\/"]}]},{"@type":"ImageObject","inLanguage":"vi","@id":"https:\/\/biogroupvietnam.com\/vi\/san-pham\/uv-lamps\/#primaryimage","url":"https:\/\/biogroupvietnam.com\/wp-content\/uploads\/2025\/08\/C491C3A8n20UV.png","contentUrl":"https:\/\/biogroupvietnam.com\/wp-content\/uploads\/2025\/08\/C491C3A8n20UV.png","width":1600,"height":1229,"caption":"\u00a0"},{"@type":"BreadcrumbList","@id":"https:\/\/biogroupvietnam.com\/vi\/san-pham\/uv-lamps\/#breadcrumb","itemListElement":[{"@type":"ListItem","position":1,"name":"Trang ch\u1ee7","item":"https:\/\/biogroupvietnam.com\/vi\/"},{"@type":"ListItem","position":2,"name":"S\u1ea3n ph\u1ea9m","item":"https:\/\/biogroupvietnam.com\/vi\/san-pham\/"},{"@type":"ListItem","position":3,"name":"R&amp;D Sinh H\u1ecdc","item":"https:\/\/biogroupvietnam.com\/vi\/danh-muc-san-pham\/rd-sinh-hoc\/"},{"@type":"ListItem","position":4,"name":"Ch\u1ee5p \u1ea2nh Gel","item":"https:\/\/biogroupvietnam.com\/vi\/danh-muc-san-pham\/chup-anh-gel\/"},{"@type":"ListItem","position":5,"name":"\u0110\u00e8n UV"}]},{"@type":"WebSite","@id":"https:\/\/biogroupvietnam.com\/vi\/#website","url":"https:\/\/biogroupvietnam.com\/vi\/","name":"Biogroup Vietnam","description":"Biogroup Vietnam cung c\u1ea5p d\u1ecbch v\u1ee5 k\u1ef9 thu\u1eadt c\u00f9ng thi\u1ebft b\u1ecb, v\u1eadt t\u01b0, h\u00f3a ch\u1ea5t v\u00e0 gi\u1ea3i ph\u00e1p sinh h\u1ecdc cho ph\u00f2ng th\u00ed nghi\u1ec7m c\u00f4ng ngh\u1ec7 sinh h\u1ecdc, y sinh v\u00e0 y h\u1ecdc t\u00e1i t\u1ea1o.","potentialAction":[{"@type":"SearchAction","target":{"@type":"EntryPoint","urlTemplate":"https:\/\/biogroupvietnam.com\/vi\/?s={search_term_string}"},"query-input":{"@type":"PropertyValueSpecification","valueRequired":true,"valueName":"search_term_string"}}],"inLanguage":"vi"}]}},"_links":{"self":[{"href":"https:\/\/biogroupvietnam.com\/vi\/wp-json\/wp\/v2\/product\/3939","targetHints":{"allow":["GET"]}}],"collection":[{"href":"https:\/\/biogroupvietnam.com\/vi\/wp-json\/wp\/v2\/product"}],"about":[{"href":"https:\/\/biogroupvietnam.com\/vi\/wp-json\/wp\/v2\/types\/product"}],"replies":[{"embeddable":true,"href":"https:\/\/biogroupvietnam.com\/vi\/wp-json\/wp\/v2\/comments?post=3939"}],"version-history":[{"count":2,"href":"https:\/\/biogroupvietnam.com\/vi\/wp-json\/wp\/v2\/product\/3939\/revisions"}],"predecessor-version":[{"id":8284,"href":"https:\/\/biogroupvietnam.com\/vi\/wp-json\/wp\/v2\/product\/3939\/revisions\/8284"}],"wp:featuredmedia":[{"embeddable":true,"href":"https:\/\/biogroupvietnam.com\/vi\/wp-json\/wp\/v2\/media\/5524"}],"wp:attachment":[{"href":"https:\/\/biogroupvietnam.com\/vi\/wp-json\/wp\/v2\/media?parent=3939"}],"wp:term":[{"taxonomy":"product_brand","embeddable":true,"href":"https:\/\/biogroupvietnam.com\/vi\/wp-json\/wp\/v2\/product_brand?post=3939"},{"taxonomy":"product_cat","embeddable":true,"href":"https:\/\/biogroupvietnam.com\/vi\/wp-json\/wp\/v2\/product_cat?post=3939"},{"taxonomy":"product_tag","embeddable":true,"href":"https:\/\/biogroupvietnam.com\/vi\/wp-json\/wp\/v2\/product_tag?post=3939"}],"curies":[{"name":"wp","href":"https:\/\/api.w.org\/{rel}","templated":true}]}}