{"id":3940,"date":"2025-08-18T19:54:46","date_gmt":"2025-08-18T12:54:46","guid":{"rendered":"http:\/\/biogroupvietnam-worldpress.local\/product\/import-placeholder-for-195\/"},"modified":"2025-11-12T18:41:09","modified_gmt":"2025-11-12T11:41:09","slug":"thiet-bi-van-nap-tu-dong-ezdecap","status":"publish","type":"product","link":"https:\/\/biogroupvietnam.com\/vi\/san-pham\/thiet-bi-van-nap-tu-dong-ezdecap\/","title":{"rendered":"Thi\u1ebft B\u1ecb V\u1eb7n N\u1eafp T\u1ef1 \u0110\u1ed9ng EzDecap"},"content":{"rendered":"<p><span style=\"background-color: transparent; color: #000000; font-family: Arial,sans-serif; font-size: 12pt;\"><i><strong>Thi\u1ebft b\u1ecb v\u1eb7n n\u1eafp t\u1ef1 \u0111\u1ed9ng v\u1edbi kh\u1ea3 n\u0103ng t\u01b0\u01a1ng th\u00edch r\u1ed9ng<\/strong><\/i><\/span><\/p>\n<p><span style=\"background-color: transparent; color: #000000; font-family: Arial,sans-serif; font-size: 12pt;\">Thi\u1ebft b\u1ecb v\u1eb7n n\u1eafp t\u1ef1 \u0111\u1ed9ng EzDecap l\u00e0 m\u1ed9t gi\u1ea3i ph\u00e1p c\u1ea3i ti\u1ebfn v\u00e0 gi\u00e1 c\u1ea3 ph\u1ea3i ch\u0103ng \u0111\u01b0\u1ee3c thi\u1ebft k\u1ebf \u0111\u1ec3 t\u1ef1 \u0111\u1ed9ng h\u00f3a vi\u1ec7c thao t\u00e1c v\u1edbi n\u1eafp \u1ed1ng m\u1eabu tr\u00ean nhi\u1ec1u \u1ee9ng d\u1ee5ng, t\u1eeb \u1ed1ng \u0111\u00f4ng l\u1ea1nh \u0111\u1ebfn \u1ed1ng ly t\u00e2m 50 mL. V\u1edbi c\u00f4ng ngh\u1ec7 \u0111ang ch\u1edd c\u1ea5p b\u1eb1ng s\u00e1ng ch\u1ebf, EzDecap cho ph\u00e9p t\u1ef1 \u0111\u1ed9ng h\u00f3a thao t\u00e1c b\u1eb1ng m\u1ed9t tay, gi\u1ea3m l\u1ed7i r\u01a1i n\u1eafp v\u00e0 n\u00e2ng cao hi\u1ec7u qu\u1ea3. N\u00f3 cung c\u1ea5p b\u1ed1n ch\u1ebf \u0111\u1ed9 v\u1eadn h\u00e0nh \u0111\u1ec3 gi\u1ea3i quy\u1ebft c\u00e1c nhu c\u1ea7u thao t\u00e1c v\u1edbi \u1ed1ng kh\u00e1c nhau v\u00e0 thi\u1ebft k\u1ebf nh\u1ecf g\u1ecdn c\u1ee7a n\u00f3 r\u1ea5t ph\u00f9 h\u1ee3p cho c\u1ea3 t\u1ee7 an to\u00e0n sinh h\u1ecdc v\u00e0 v\u1eadn h\u00e0nh tr\u00ean b\u00e0n.<\/span><\/p>\n<h3><span style=\"background-color: transparent; color: #000000; font-family: Arial,sans-serif; font-size: 16pt;\"><strong>\u0110\u1eb7c \u0111i\u1ec3m n\u1ed5i b\u1eadt<\/strong><\/span><\/h3>\n<p><span style=\"background-color: transparent; color: #000000; font-family: Arial,sans-serif; font-size: 13.999999999999998pt;\"><strong>N\u00e2ng cao hi\u1ec7u qu\u1ea3<\/strong><\/span><\/p>\n<p><span style=\"background-color: transparent; color: #000000; font-family: Arial,sans-serif; font-size: 12pt;\">H\u1ed7 tr\u1ee3 vi\u1ec7c thao t\u00e1c v\u1edbi \u1ed1ng b\u1eb1ng m\u1ed9t tay, c\u00f4ng ngh\u1ec7 \u0111ang ch\u1edd c\u1ea5p b\u1eb1ng s\u00e1ng ch\u1ebf, l\u00fd t\u01b0\u1edfng cho kh\u1ed1i l\u01b0\u1ee3ng l\u1edbn c\u00f4ng vi\u1ec7c h\u00e0ng ng\u00e0y.<\/span><\/p>\n<p><span style=\"background-color: transparent; color: #000000; font-family: Arial,sans-serif; font-size: 12pt;\">C\u00f3 th\u1ec3 v\u1eb7n c\u00e1c lo\u1ea1i \u1ed1ng kh\u00e1c nhau, t\u1eeb \u1ed1ng \u0111\u00f4ng l\u1ea1nh \u0111\u1ebfn \u1ed1ng ly t\u00e2m 50 mL, m\u00e0 kh\u00f4ng c\u1ea7n thay \u0111\u1ed5i k\u1eb9p n\u1eafp.<\/span><\/p>\n<p>&nbsp;<\/p>\n<p><span style=\"background-color: transparent; color: #000000; font-family: Arial,sans-serif; font-size: 13.999999999999998pt;\"><strong>T\u1ed1i \u01b0u kh\u00f4ng gian s\u1eed d\u1ee5ng<\/strong><\/span><\/p>\n<p><span style=\"background-color: transparent; color: #000000; font-family: Arial,sans-serif; font-size: 12pt;\">Ch\u1ec9 chi\u1ebfm di\u1ec7n t\u00edch nh\u1ecf trong t\u1ee7 an to\u00e0n sinh h\u1ecdc v\u00e0 b\u00e0n thao t\u00e1c.<\/span><\/p>\n<p><span style=\"background-color: transparent; color: #000000; font-family: Arial,sans-serif; font-size: 12pt;\"><img fetchpriority=\"high\" decoding=\"async\" class=\"image_resized\" style=\"aspect-ratio: 596\/358; width: 67.98%;\" src=\"https:\/\/lh7-rt.googleusercontent.com\/docsz\/AD_4nXfq2_W9vX9eJjKw7SxJktyYb63BC6s3HWCVHulMBQECxRHoxfQS6__AQFcnDCN3s7Qwy-b3itgQMEPeaUWPG4mR4ubPUxKN_ZPDlbHRvLRZNnFskGeKg4MyxOdkti3xPfIUzKs_sQ?key=uT9C8u5vsmcuarlvwpaurg\" alt=\"thi\u1ebft b\u1ecb v\u1eb7n n\u1eafp t\u1ef1 \u0111\u1ed9ng ezdecap\" width=\"596\" height=\"358\" \/><\/span><\/p>\n<p><span style=\"background-color: transparent; color: #000000; font-family: Arial,sans-serif; font-size: 12pt;\">\u0110\u01b0\u1eddng k\u00ednh n\u1eafp: 11-40 mm<\/span><\/p>\n<ul>\n<li><span style=\"background-color: transparent; color: #000000; font-family: Arial,sans-serif; font-size: 12pt;\">\u1ed0ng ly t\u00e2m 50 mL<\/span><\/li>\n<li><span style=\"background-color: transparent; color: #000000; font-family: Arial,sans-serif; font-size: 12pt;\">\u1ed0ng ly t\u00e2m 15 mL\u00a0\u00a0<\/span><\/li>\n<li><span style=\"background-color: transparent; color: #000000; font-family: Arial,sans-serif; font-size: 12pt;\">\u1ed0ng ly t\u00e2m si\u00eau nh\u1ecf (Microcentrifuge tubes)<\/span><\/li>\n<li><span style=\"background-color: transparent; color: #000000; font-family: Arial,sans-serif; font-size: 12pt;\">\u1ed0ng \u0111\u00f4ng l\u1ea1nh (Cryotube)<\/span>&nbsp;<\/li>\n<\/ul>\n<p><span style=\"background-color: transparent; color: #000000; font-family: Arial,sans-serif; font-size: 13.999999999999998pt;\"><strong>Ch\u1ebf \u0111\u1ed9 ho\u1ea1t \u0111\u1ed9ng \u0111a ch\u1ee9c n\u0103ng<\/strong><\/span><\/p>\n<p><span style=\"background-color: transparent; color: #000000; font-family: Arial,sans-serif; font-size: 12pt;\"><strong><img decoding=\"async\" class=\"image_resized\" style=\"aspect-ratio: 578\/347; width: 69.2%;\" src=\"https:\/\/lh7-rt.googleusercontent.com\/docsz\/AD_4nXdoeDpsr7R4GCJLopncKZ05Szfz4JmHwF1fGL6LX_56efHRtWrnOxkYwwE5X8ycMdoVpkoPuWPVVQCtsUobD8vUNyrIpLY0gCivwXb1mta_2USak_lvVW-Gy7SAkosipJ434pkRmQ?key=uT9C8u5vsmcuarlvwpaurg\" alt=\"Ch\u1ebf \u0111\u1ed9 ho\u1ea1t \u0111\u1ed9ng \u0111a ch\u1ee9c n\u0103ng c\u1ee7a thi\u1ebft b\u1ecb v\u1eb7n n\u1eafp t\u1ef1 \u0111\u1ed9ng EzDecap\u00a0\" width=\"578\" height=\"347\" \/><\/strong><\/span><\/p>\n<p><span style=\"background-color: transparent; color: #000000; font-family: Arial,sans-serif; font-size: 12pt;\">Ch\u1ecdn t\u1eeb b\u1ed1n ch\u1ebf \u0111\u1ed9 ho\u1ea1t \u0111\u1ed9ng ri\u00eang bi\u1ec7t \u0111\u1ec3 ph\u00f9 h\u1ee3p v\u1edbi c\u00e1c nhu c\u1ea7u \u0111\u00f3ng n\u1eafp v\u00e0 m\u1edf n\u1eafp kh\u00e1c nhau:<\/span><\/p>\n<ul>\n<li><span style=\"background-color: transparent; color: #000000; font-family: Arial,sans-serif; font-size: 12pt;\">Gi\u1eef n\u1eafp<\/span><\/li>\n<li><span style=\"background-color: transparent; color: #000000; font-family: Arial,sans-serif; font-size: 12pt;\">Th\u1ea3 n\u1eafp<\/span><\/li>\n<li><span style=\"background-color: transparent; color: #000000; font-family: Arial,sans-serif; font-size: 12pt;\">Ch\u1ec9 \u0111\u00f3ng n\u1eafp<\/span><\/li>\n<li><span style=\"background-color: transparent; color: #000000; font-family: Arial,sans-serif; font-size: 12pt;\">Ch\u1ec9 m\u1edf n\u1eafp<\/span>&nbsp;<\/li>\n<\/ul>\n<p><span style=\"background-color: transparent; color: #000000; font-family: Arial,sans-serif; font-size: 13.999999999999998pt;\"><strong>Gi\u1ea3i ph\u00e1p t\u1ef1 \u0111\u1ed9ng gi\u00e1 c\u1ea3 ph\u1ea3i ch\u0103ng<\/strong><\/span><\/p>\n<p><span style=\"background-color: transparent; color: #000000; font-family: Arial,sans-serif; font-size: 12pt;\">T\u1eadn h\u01b0\u1edfng ch\u1ee9c n\u0103ng to\u00e0n di\u1ec7n v\u1edbi m\u1ee9c gi\u00e1 h\u1ee3p l\u00fd.<\/span><\/p>\n<h3><span style=\"background-color: transparent; color: #000000; font-family: Arial,sans-serif; font-size: 16pt;\"><strong>\u1ee8ng d\u1ee5ng c\u1ee7a thi\u1ebft b\u1ecb v\u1eb7n n\u1eafp t\u1ef1 \u0111\u1ed9ng EzDecap<\/strong><\/span><\/h3>\n<ul>\n<li><span style=\"background-color: transparent; color: #000000; font-family: Arial,sans-serif; font-size: 12pt;\">X\u00e9t nghi\u1ec7m axit nucleic\u00a0<\/span><\/li>\n<li><span style=\"background-color: transparent; color: #000000; font-family: Arial,sans-serif; font-size: 12pt;\">Ph\u00f2ng th\u00ed nghi\u1ec7m sinh h\u1ecdc\u00a0<\/span><\/li>\n<li><span style=\"background-color: transparent; color: #000000; font-family: Arial,sans-serif; font-size: 12pt;\">D\u1ecbch v\u1ee5 y t\u1ebf<\/span><\/li>\n<\/ul>\n<h3><span style=\"background-color: transparent; color: #000000; font-family: Arial,sans-serif; font-size: 16pt;\"><strong>Ti\u00eau chu\u1ea9n \u0111\u1ea3m b\u1ea3o<\/strong><\/span><\/h3>\n<p><span style=\"background-color: transparent; color: #000000; font-family: Arial,sans-serif; font-size: 12pt;\">\u0110\u1ea1t ch\u1ee9ng nh\u1eadn: CE<\/span><\/p>\n<h3><span style=\"background-color: transparent; color: #000000; font-family: Arial,sans-serif; font-size: 16pt;\"><strong>Th\u00f4ng s\u1ed1 k\u1ef9 thu\u1eadt<\/strong><\/span><\/h3>\n<ul>\n<li><span style=\"background-color: transparent; color: #000000; font-family: Arial,sans-serif; font-size: 12pt;\">K\u00edch th\u01b0\u1edbc (D x R x C): 240 x 170 x 290 mm\u00a0<\/span><\/li>\n<li><span style=\"background-color: transparent; color: #000000; font-family: Arial,sans-serif; font-size: 12pt;\">Tr\u1ecdng l\u01b0\u1ee3ng:<\/span>\n<ul>\n<li><span style=\"background-color: transparent; color: #000000; font-family: Arial,sans-serif; font-size: 12pt;\">Th\u00e2n m\u00e1y: 0.9 kg<\/span><\/li>\n<li><span style=\"background-color: transparent; color: #000000; font-family: Arial,sans-serif; font-size: 12pt;\">Bracket: 2.1 kg\u00a0<\/span><\/li>\n<\/ul>\n<\/li>\n<li><span style=\"background-color: transparent; color: #000000; font-family: Arial,sans-serif; font-size: 12pt;\">Th\u1eddi gian m\u1edf\/ \u0111\u00f3ng n\u1eafp: &lt; 3 gi\u00e2y\u00a0<\/span><\/li>\n<li><span style=\"background-color: transparent; color: #000000; font-family: Arial,sans-serif; font-size: 12pt;\">T\u01b0\u01a1ng th\u00edch: \u1ed0ng c\u00f3 n\u1eafp v\u1eb7n c\u00f3 \u0111\u01b0\u1eddng k\u00ednh 11-40 mm\u00a0<\/span><\/li>\n<li><span style=\"background-color: transparent; color: #000000; font-family: Arial,sans-serif; font-size: 12pt;\">Ph\u01b0\u01a1ng ph\u00e1p c\u1ea3m bi\u1ebfn: C\u1ea3m bi\u1ebfn \u00e1p su\u1ea5t\u00a0<\/span><\/li>\n<li><span style=\"background-color: transparent; color: #000000; font-family: Arial,sans-serif; font-size: 12pt;\">B\u1ed9 chuy\u1ec3n \u0111\u1ed5i \u0111i\u1ec7n:<\/span>\n<ul>\n<li><span style=\"background-color: transparent; color: #000000; font-family: Arial,sans-serif; font-size: 12pt;\">\u0110\u1ea7u v\u00e0o: AC 100-240 V, 50\/60 Hz<\/span><\/li>\n<li><span style=\"background-color: transparent; color: #000000; font-family: Arial,sans-serif; font-size: 12pt;\">\u0110\u1ea7u ra: DC 9 V, 4 A<\/span><\/li>\n<\/ul>\n<\/li>\n<\/ul>\n","protected":false},"excerpt":{"rendered":"<p>Thi\u1ebft b\u1ecb v\u1eb7n n\u1eafp t\u1ef1 \u0111\u1ed9ng v\u1edbi kh\u1ea3 n\u0103ng t\u01b0\u01a1ng th\u00edch r\u1ed9ng Thi\u1ebft b\u1ecb v\u1eb7n n\u1eafp t\u1ef1 \u0111\u1ed9ng EzDecap l\u00e0 m\u1ed9t gi\u1ea3i ph\u00e1p c\u1ea3i ti\u1ebfn v\u00e0 gi\u00e1 c\u1ea3 ph\u1ea3i ch\u0103ng \u0111\u01b0\u1ee3c thi\u1ebft k\u1ebf \u0111\u1ec3 t\u1ef1 \u0111\u1ed9ng h\u00f3a vi\u1ec7c thao t\u00e1c v\u1edbi n\u1eafp \u1ed1ng m\u1eabu tr\u00ean nhi\u1ec1u \u1ee9ng d\u1ee5ng, t\u1eeb \u1ed1ng \u0111\u00f4ng l\u1ea1nh \u0111\u1ebfn \u1ed1ng ly<\/p>\n<div class=\"klb-readmore post-buttons\"><a class=\"button rounded primary\" href=\"https:\/\/biogroupvietnam.com\/vi\/san-pham\/thiet-bi-van-nap-tu-dong-ezdecap\/\">Read More <i class=\"klbth-icon-right-arrow\"><\/i><\/a><\/div>\n","protected":false},"featured_media":8913,"comment_status":"closed","ping_status":"closed","template":"","meta":{"_acf_changed":false},"product_brand":[135],"product_cat":[121],"product_tag":[],"class_list":{"0":"post-3940","1":"product","2":"type-product","3":"status-publish","4":"has-post-thumbnail","6":"product_brand-blue-ray-biotech","7":"product_cat-tu-an-toan-sinh-hoc","9":"first","10":"outofstock","11":"shipping-taxable","12":"product-type-simple"},"acf":[],"yoast_head":"<!-- This site is optimized with the Yoast SEO plugin v26.8 - https:\/\/yoast.com\/product\/yoast-seo-wordpress\/ -->\n<title>Thi\u1ebft B\u1ecb V\u1eb7n N\u1eafp T\u1ef1 \u0110\u1ed9ng EzDecap<\/title>\n<meta name=\"description\" content=\"Thi\u1ebft b\u1ecb v\u1eb7n n\u1eafp t\u1ef1 \u0111\u1ed9ng EzDecap l\u00e0 m\u1ed9t gi\u1ea3i ph\u00e1p c\u1ea3i ti\u1ebfn v\u00e0 gi\u00e1 c\u1ea3 ph\u1ea3i ch\u0103ng \u0111\u01b0\u1ee3c thi\u1ebft k\u1ebf \u0111\u1ec3 t\u1ef1 \u0111\u1ed9ng h\u00f3a vi\u1ec7c thao t\u00e1c v\u1edbi n\u1eafp \u1ed1ng m\u1eabu tr\u00ean nhi\u1ec1u \u1ee9ng d\u1ee5ng, t\u1eeb \u1ed1ng \u0111\u00f4ng l\u1ea1nh \u0111\u1ebfn \u1ed1ng ly t\u00e2m 50 ml.\" \/>\n<meta name=\"robots\" content=\"index, follow, max-snippet:-1, max-image-preview:large, max-video-preview:-1\" \/>\n<link rel=\"canonical\" href=\"https:\/\/biogroupvietnam.com\/vi\/san-pham\/thiet-bi-van-nap-tu-dong-ezdecap\/\" \/>\n<meta property=\"og:locale\" content=\"vi_VN\" \/>\n<meta property=\"og:type\" content=\"article\" \/>\n<meta property=\"og:title\" content=\"Thi\u1ebft B\u1ecb V\u1eb7n N\u1eafp T\u1ef1 \u0110\u1ed9ng EzDecap\" \/>\n<meta property=\"og:description\" content=\"Thi\u1ebft b\u1ecb v\u1eb7n n\u1eafp t\u1ef1 \u0111\u1ed9ng EzDecap l\u00e0 m\u1ed9t gi\u1ea3i ph\u00e1p c\u1ea3i ti\u1ebfn v\u00e0 gi\u00e1 c\u1ea3 ph\u1ea3i ch\u0103ng \u0111\u01b0\u1ee3c thi\u1ebft k\u1ebf \u0111\u1ec3 t\u1ef1 \u0111\u1ed9ng h\u00f3a vi\u1ec7c thao t\u00e1c v\u1edbi n\u1eafp \u1ed1ng m\u1eabu tr\u00ean nhi\u1ec1u \u1ee9ng d\u1ee5ng, t\u1eeb \u1ed1ng \u0111\u00f4ng l\u1ea1nh \u0111\u1ebfn \u1ed1ng ly t\u00e2m 50 ml.\" \/>\n<meta property=\"og:url\" content=\"https:\/\/biogroupvietnam.com\/vi\/san-pham\/thiet-bi-van-nap-tu-dong-ezdecap\/\" \/>\n<meta property=\"og:site_name\" content=\"Biogroup Vietnam\" \/>\n<meta property=\"article:modified_time\" content=\"2025-11-12T11:41:09+00:00\" \/>\n<meta property=\"og:image\" content=\"https:\/\/biogroupvietnam.com\/wp-content\/uploads\/2025\/08\/EzDecap.jpg\" \/>\n\t<meta property=\"og:image:width\" content=\"1640\" \/>\n\t<meta property=\"og:image:height\" content=\"1260\" \/>\n\t<meta property=\"og:image:type\" content=\"image\/jpeg\" \/>\n<meta name=\"twitter:card\" content=\"summary_large_image\" \/>\n<meta name=\"twitter:label1\" content=\"\u01af\u1edbc t\u00ednh th\u1eddi gian \u0111\u1ecdc\" \/>\n\t<meta name=\"twitter:data1\" content=\"3 ph\u00fat\" \/>\n<script type=\"application\/ld+json\" class=\"yoast-schema-graph\">{\"@context\":\"https:\/\/schema.org\",\"@graph\":[{\"@type\":\"WebPage\",\"@id\":\"https:\/\/biogroupvietnam.com\/vi\/san-pham\/thiet-bi-van-nap-tu-dong-ezdecap\/\",\"url\":\"https:\/\/biogroupvietnam.com\/vi\/san-pham\/thiet-bi-van-nap-tu-dong-ezdecap\/\",\"name\":\"Thi\u1ebft B\u1ecb V\u1eb7n N\u1eafp T\u1ef1 \u0110\u1ed9ng EzDecap\",\"isPartOf\":{\"@id\":\"https:\/\/biogroupvietnam.com\/vi\/#website\"},\"primaryImageOfPage\":{\"@id\":\"https:\/\/biogroupvietnam.com\/vi\/san-pham\/thiet-bi-van-nap-tu-dong-ezdecap\/#primaryimage\"},\"image\":{\"@id\":\"https:\/\/biogroupvietnam.com\/vi\/san-pham\/thiet-bi-van-nap-tu-dong-ezdecap\/#primaryimage\"},\"thumbnailUrl\":\"https:\/\/biogroupvietnam.com\/wp-content\/uploads\/2025\/08\/EzDecap.jpg\",\"datePublished\":\"2025-08-18T12:54:46+00:00\",\"dateModified\":\"2025-11-12T11:41:09+00:00\",\"description\":\"Thi\u1ebft b\u1ecb v\u1eb7n n\u1eafp t\u1ef1 \u0111\u1ed9ng EzDecap l\u00e0 m\u1ed9t gi\u1ea3i ph\u00e1p c\u1ea3i ti\u1ebfn v\u00e0 gi\u00e1 c\u1ea3 ph\u1ea3i ch\u0103ng \u0111\u01b0\u1ee3c thi\u1ebft k\u1ebf \u0111\u1ec3 t\u1ef1 \u0111\u1ed9ng h\u00f3a vi\u1ec7c thao t\u00e1c v\u1edbi n\u1eafp \u1ed1ng m\u1eabu tr\u00ean nhi\u1ec1u \u1ee9ng d\u1ee5ng, t\u1eeb \u1ed1ng \u0111\u00f4ng l\u1ea1nh \u0111\u1ebfn \u1ed1ng ly t\u00e2m 50 ml.\",\"breadcrumb\":{\"@id\":\"https:\/\/biogroupvietnam.com\/vi\/san-pham\/thiet-bi-van-nap-tu-dong-ezdecap\/#breadcrumb\"},\"inLanguage\":\"vi\",\"potentialAction\":[{\"@type\":\"ReadAction\",\"target\":[\"https:\/\/biogroupvietnam.com\/vi\/san-pham\/thiet-bi-van-nap-tu-dong-ezdecap\/\"]}]},{\"@type\":\"ImageObject\",\"inLanguage\":\"vi\",\"@id\":\"https:\/\/biogroupvietnam.com\/vi\/san-pham\/thiet-bi-van-nap-tu-dong-ezdecap\/#primaryimage\",\"url\":\"https:\/\/biogroupvietnam.com\/wp-content\/uploads\/2025\/08\/EzDecap.jpg\",\"contentUrl\":\"https:\/\/biogroupvietnam.com\/wp-content\/uploads\/2025\/08\/EzDecap.jpg\",\"width\":1640,\"height\":1260},{\"@type\":\"BreadcrumbList\",\"@id\":\"https:\/\/biogroupvietnam.com\/vi\/san-pham\/thiet-bi-van-nap-tu-dong-ezdecap\/#breadcrumb\",\"itemListElement\":[{\"@type\":\"ListItem\",\"position\":1,\"name\":\"Trang ch\u1ee7\",\"item\":\"https:\/\/biogroupvietnam.com\/vi\/\"},{\"@type\":\"ListItem\",\"position\":2,\"name\":\"S\u1ea3n ph\u1ea9m\",\"item\":\"https:\/\/biogroupvietnam.com\/vi\/san-pham\/\"},{\"@type\":\"ListItem\",\"position\":3,\"name\":\"R&amp;D Sinh H\u1ecdc\",\"item\":\"https:\/\/biogroupvietnam.com\/vi\/danh-muc-san-pham\/rd-sinh-hoc\/\"},{\"@type\":\"ListItem\",\"position\":4,\"name\":\"T\u1ee7 an to\u00e0n sinh h\u1ecdc\",\"item\":\"https:\/\/biogroupvietnam.com\/vi\/danh-muc-san-pham\/tu-an-toan-sinh-hoc\/\"},{\"@type\":\"ListItem\",\"position\":5,\"name\":\"Thi\u1ebft B\u1ecb V\u1eb7n N\u1eafp T\u1ef1 \u0110\u1ed9ng EzDecap\"}]},{\"@type\":\"WebSite\",\"@id\":\"https:\/\/biogroupvietnam.com\/vi\/#website\",\"url\":\"https:\/\/biogroupvietnam.com\/vi\/\",\"name\":\"Biogroup Vietnam\",\"description\":\"Biogroup Vietnam cung c\u1ea5p d\u1ecbch v\u1ee5 k\u1ef9 thu\u1eadt c\u00f9ng thi\u1ebft b\u1ecb, v\u1eadt t\u01b0, h\u00f3a ch\u1ea5t v\u00e0 gi\u1ea3i ph\u00e1p sinh h\u1ecdc cho ph\u00f2ng th\u00ed nghi\u1ec7m c\u00f4ng ngh\u1ec7 sinh h\u1ecdc, y sinh v\u00e0 y h\u1ecdc t\u00e1i t\u1ea1o.\",\"potentialAction\":[{\"@type\":\"SearchAction\",\"target\":{\"@type\":\"EntryPoint\",\"urlTemplate\":\"https:\/\/biogroupvietnam.com\/vi\/?s={search_term_string}\"},\"query-input\":{\"@type\":\"PropertyValueSpecification\",\"valueRequired\":true,\"valueName\":\"search_term_string\"}}],\"inLanguage\":\"vi\"}]}<\/script>\n<!-- \/ Yoast SEO plugin. -->","yoast_head_json":{"title":"Thi\u1ebft B\u1ecb V\u1eb7n N\u1eafp T\u1ef1 \u0110\u1ed9ng EzDecap","description":"Thi\u1ebft b\u1ecb v\u1eb7n n\u1eafp t\u1ef1 \u0111\u1ed9ng EzDecap l\u00e0 m\u1ed9t gi\u1ea3i ph\u00e1p c\u1ea3i ti\u1ebfn v\u00e0 gi\u00e1 c\u1ea3 ph\u1ea3i ch\u0103ng \u0111\u01b0\u1ee3c thi\u1ebft k\u1ebf \u0111\u1ec3 t\u1ef1 \u0111\u1ed9ng h\u00f3a vi\u1ec7c thao t\u00e1c v\u1edbi n\u1eafp \u1ed1ng m\u1eabu tr\u00ean nhi\u1ec1u \u1ee9ng d\u1ee5ng, t\u1eeb \u1ed1ng \u0111\u00f4ng l\u1ea1nh \u0111\u1ebfn \u1ed1ng ly t\u00e2m 50 ml.","robots":{"index":"index","follow":"follow","max-snippet":"max-snippet:-1","max-image-preview":"max-image-preview:large","max-video-preview":"max-video-preview:-1"},"canonical":"https:\/\/biogroupvietnam.com\/vi\/san-pham\/thiet-bi-van-nap-tu-dong-ezdecap\/","og_locale":"vi_VN","og_type":"article","og_title":"Thi\u1ebft B\u1ecb V\u1eb7n N\u1eafp T\u1ef1 \u0110\u1ed9ng EzDecap","og_description":"Thi\u1ebft b\u1ecb v\u1eb7n n\u1eafp t\u1ef1 \u0111\u1ed9ng EzDecap l\u00e0 m\u1ed9t gi\u1ea3i ph\u00e1p c\u1ea3i ti\u1ebfn v\u00e0 gi\u00e1 c\u1ea3 ph\u1ea3i ch\u0103ng \u0111\u01b0\u1ee3c thi\u1ebft k\u1ebf \u0111\u1ec3 t\u1ef1 \u0111\u1ed9ng h\u00f3a vi\u1ec7c thao t\u00e1c v\u1edbi n\u1eafp \u1ed1ng m\u1eabu tr\u00ean nhi\u1ec1u \u1ee9ng d\u1ee5ng, t\u1eeb \u1ed1ng \u0111\u00f4ng l\u1ea1nh \u0111\u1ebfn \u1ed1ng ly t\u00e2m 50 ml.","og_url":"https:\/\/biogroupvietnam.com\/vi\/san-pham\/thiet-bi-van-nap-tu-dong-ezdecap\/","og_site_name":"Biogroup Vietnam","article_modified_time":"2025-11-12T11:41:09+00:00","og_image":[{"width":1640,"height":1260,"url":"https:\/\/biogroupvietnam.com\/wp-content\/uploads\/2025\/08\/EzDecap.jpg","type":"image\/jpeg"}],"twitter_card":"summary_large_image","twitter_misc":{"\u01af\u1edbc t\u00ednh th\u1eddi gian \u0111\u1ecdc":"3 ph\u00fat"},"schema":{"@context":"https:\/\/schema.org","@graph":[{"@type":"WebPage","@id":"https:\/\/biogroupvietnam.com\/vi\/san-pham\/thiet-bi-van-nap-tu-dong-ezdecap\/","url":"https:\/\/biogroupvietnam.com\/vi\/san-pham\/thiet-bi-van-nap-tu-dong-ezdecap\/","name":"Thi\u1ebft B\u1ecb V\u1eb7n N\u1eafp T\u1ef1 \u0110\u1ed9ng EzDecap","isPartOf":{"@id":"https:\/\/biogroupvietnam.com\/vi\/#website"},"primaryImageOfPage":{"@id":"https:\/\/biogroupvietnam.com\/vi\/san-pham\/thiet-bi-van-nap-tu-dong-ezdecap\/#primaryimage"},"image":{"@id":"https:\/\/biogroupvietnam.com\/vi\/san-pham\/thiet-bi-van-nap-tu-dong-ezdecap\/#primaryimage"},"thumbnailUrl":"https:\/\/biogroupvietnam.com\/wp-content\/uploads\/2025\/08\/EzDecap.jpg","datePublished":"2025-08-18T12:54:46+00:00","dateModified":"2025-11-12T11:41:09+00:00","description":"Thi\u1ebft b\u1ecb v\u1eb7n n\u1eafp t\u1ef1 \u0111\u1ed9ng EzDecap l\u00e0 m\u1ed9t gi\u1ea3i ph\u00e1p c\u1ea3i ti\u1ebfn v\u00e0 gi\u00e1 c\u1ea3 ph\u1ea3i ch\u0103ng \u0111\u01b0\u1ee3c thi\u1ebft k\u1ebf \u0111\u1ec3 t\u1ef1 \u0111\u1ed9ng h\u00f3a vi\u1ec7c thao t\u00e1c v\u1edbi n\u1eafp \u1ed1ng m\u1eabu tr\u00ean nhi\u1ec1u \u1ee9ng d\u1ee5ng, t\u1eeb \u1ed1ng \u0111\u00f4ng l\u1ea1nh \u0111\u1ebfn \u1ed1ng ly t\u00e2m 50 ml.","breadcrumb":{"@id":"https:\/\/biogroupvietnam.com\/vi\/san-pham\/thiet-bi-van-nap-tu-dong-ezdecap\/#breadcrumb"},"inLanguage":"vi","potentialAction":[{"@type":"ReadAction","target":["https:\/\/biogroupvietnam.com\/vi\/san-pham\/thiet-bi-van-nap-tu-dong-ezdecap\/"]}]},{"@type":"ImageObject","inLanguage":"vi","@id":"https:\/\/biogroupvietnam.com\/vi\/san-pham\/thiet-bi-van-nap-tu-dong-ezdecap\/#primaryimage","url":"https:\/\/biogroupvietnam.com\/wp-content\/uploads\/2025\/08\/EzDecap.jpg","contentUrl":"https:\/\/biogroupvietnam.com\/wp-content\/uploads\/2025\/08\/EzDecap.jpg","width":1640,"height":1260},{"@type":"BreadcrumbList","@id":"https:\/\/biogroupvietnam.com\/vi\/san-pham\/thiet-bi-van-nap-tu-dong-ezdecap\/#breadcrumb","itemListElement":[{"@type":"ListItem","position":1,"name":"Trang ch\u1ee7","item":"https:\/\/biogroupvietnam.com\/vi\/"},{"@type":"ListItem","position":2,"name":"S\u1ea3n ph\u1ea9m","item":"https:\/\/biogroupvietnam.com\/vi\/san-pham\/"},{"@type":"ListItem","position":3,"name":"R&amp;D Sinh H\u1ecdc","item":"https:\/\/biogroupvietnam.com\/vi\/danh-muc-san-pham\/rd-sinh-hoc\/"},{"@type":"ListItem","position":4,"name":"T\u1ee7 an to\u00e0n sinh h\u1ecdc","item":"https:\/\/biogroupvietnam.com\/vi\/danh-muc-san-pham\/tu-an-toan-sinh-hoc\/"},{"@type":"ListItem","position":5,"name":"Thi\u1ebft B\u1ecb V\u1eb7n N\u1eafp T\u1ef1 \u0110\u1ed9ng EzDecap"}]},{"@type":"WebSite","@id":"https:\/\/biogroupvietnam.com\/vi\/#website","url":"https:\/\/biogroupvietnam.com\/vi\/","name":"Biogroup Vietnam","description":"Biogroup Vietnam cung c\u1ea5p d\u1ecbch v\u1ee5 k\u1ef9 thu\u1eadt c\u00f9ng thi\u1ebft b\u1ecb, v\u1eadt t\u01b0, h\u00f3a ch\u1ea5t v\u00e0 gi\u1ea3i ph\u00e1p sinh h\u1ecdc cho ph\u00f2ng th\u00ed nghi\u1ec7m c\u00f4ng ngh\u1ec7 sinh h\u1ecdc, y sinh v\u00e0 y h\u1ecdc t\u00e1i t\u1ea1o.","potentialAction":[{"@type":"SearchAction","target":{"@type":"EntryPoint","urlTemplate":"https:\/\/biogroupvietnam.com\/vi\/?s={search_term_string}"},"query-input":{"@type":"PropertyValueSpecification","valueRequired":true,"valueName":"search_term_string"}}],"inLanguage":"vi"}]}},"_links":{"self":[{"href":"https:\/\/biogroupvietnam.com\/vi\/wp-json\/wp\/v2\/product\/3940","targetHints":{"allow":["GET"]}}],"collection":[{"href":"https:\/\/biogroupvietnam.com\/vi\/wp-json\/wp\/v2\/product"}],"about":[{"href":"https:\/\/biogroupvietnam.com\/vi\/wp-json\/wp\/v2\/types\/product"}],"replies":[{"embeddable":true,"href":"https:\/\/biogroupvietnam.com\/vi\/wp-json\/wp\/v2\/comments?post=3940"}],"version-history":[{"count":5,"href":"https:\/\/biogroupvietnam.com\/vi\/wp-json\/wp\/v2\/product\/3940\/revisions"}],"predecessor-version":[{"id":8922,"href":"https:\/\/biogroupvietnam.com\/vi\/wp-json\/wp\/v2\/product\/3940\/revisions\/8922"}],"wp:featuredmedia":[{"embeddable":true,"href":"https:\/\/biogroupvietnam.com\/vi\/wp-json\/wp\/v2\/media\/8913"}],"wp:attachment":[{"href":"https:\/\/biogroupvietnam.com\/vi\/wp-json\/wp\/v2\/media?parent=3940"}],"wp:term":[{"taxonomy":"product_brand","embeddable":true,"href":"https:\/\/biogroupvietnam.com\/vi\/wp-json\/wp\/v2\/product_brand?post=3940"},{"taxonomy":"product_cat","embeddable":true,"href":"https:\/\/biogroupvietnam.com\/vi\/wp-json\/wp\/v2\/product_cat?post=3940"},{"taxonomy":"product_tag","embeddable":true,"href":"https:\/\/biogroupvietnam.com\/vi\/wp-json\/wp\/v2\/product_tag?post=3940"}],"curies":[{"name":"wp","href":"https:\/\/api.w.org\/{rel}","templated":true}]}}