{"id":3976,"date":"2025-08-18T19:55:11","date_gmt":"2025-08-18T12:55:11","guid":{"rendered":"http:\/\/biogroupvietnam-worldpress.local\/product\/import-placeholder-for-208\/"},"modified":"2025-09-29T15:09:01","modified_gmt":"2025-09-29T08:09:01","slug":"biinh-cap-nito-long-cryocenter","status":"publish","type":"product","link":"https:\/\/biogroupvietnam.com\/vi\/san-pham\/biinh-cap-nito-long-cryocenter\/","title":{"rendered":"B\u00ecnh C\u1ea5p Nit\u01a1 L\u1ecfng CryoCenter"},"content":{"rendered":"<h2>B\u00ecnh c\u1ea5p nit\u01a1 l\u1ecfng CryoCenter&nbsp;(B\u00ecnh kim lo\u1ea1i r\u1ed7ng ch\u1ee9a nit\u01a1 l\u1ecfng), l\u00e0 b\u00ecnh c\u1ea5p pha l\u1ecfng \u0111\u00f4ng l\u1ea1nh c\u00f3&nbsp;hi\u1ec7u su\u1ea5t cao m\u1edbi nh\u1ea5t, ch\u1ee7 y\u1ebfu \u0111\u01b0\u1ee3c s\u1eed d\u1ee5ng \u0111\u1ec3 l\u01b0u tr\u1eef nit\u01a1 l\u1ecfng trong c\u00e1c ph\u00f2ng th\u00ed nghi\u1ec7m trung t\u00e2m.<\/h2>\n<h3><strong>\u0110\u1eb7c t\u00ednh c\u1ee7a b\u00ecnh c\u1ea5p nit\u01a1 l\u1ecfng CryoCenter:<\/strong><\/h3>\n<ul>\n<li>B\u00ecnh ho\u1ea1t \u0111\u1ed9ng b\u1eb1ng c\u00e1ch cho m\u1ed9t l\u01b0\u1ee3ng nh\u1ecf nito l\u1ecfng h\u00f3a h\u01a1i \u0111\u1ec3 t\u1ea1o ra \u00e1p su\u1ea5t trong b\u00ecnh, \u00e1p su\u1ea5t sinh ra b\u00ean trong b\u00ecnh s\u1ebd t\u00e1c \u0111\u1ed9ng l\u00ean thi\u1ebft b\u1ecb chi\u1ebft r\u00f3t, nh\u1edd \u0111\u00f3 nito l\u1ecfng \u0111\u01b0\u1ee3c chuy\u1ec3n t\u1edbi c\u00e1c b\u00ecnh ch\u1ee9a kh\u00e1c.<\/li>\n<li>S\u1eed d\u1ee5ng h\u1ec7 b\u00e1nh xe b\u1eb1ng th\u00e9p kh\u00f4ng g\u1ec9 \u0111\u1ea3m b\u1ea3o thi\u1ebft b\u1ecb c\u00f3 th\u1ec3 \u0111\u01b0\u1ee3c s\u1eed d\u1ee5ng ngay c\u1ea3 \u1edf m\u00f4i tr\u01b0\u1eddng kh\u1eafc nghi\u1ec7t trong th\u1eddi gian d\u00e0i. So s\u00e1nh v\u1edbi c\u00e1c b\u00ecnh c\u1ea5p m\u00e0 c\u00e1c l\u1edbp c\u00e1ch nhi\u1ec7t \u0111\u01b0\u1ee3c h\u00e0n v\u1edbi nhau, thi\u1ebft b\u1ecb n\u00e0y c\u00f3 th\u1ec3 gi\u1ea3m thi\u1ec3u \u0111\u00e1ng k\u1ec3 th\u1ea5t tho\u00e1t bay h\u01a1i nito l\u1ecfng.<\/li>\n<li>C\u00e1c b\u00ecnh d\u00f2ng&nbsp;CryoCenter&nbsp;bao g\u1ed3m van t\u0103ng \u00e1p su\u1ea5t, van nh\u1ecf gi\u1ecdt, van x\u1ea3 v\u00e0 \u00e1p k\u1ebf.<\/li>\n<li>D\u00f2ng b\u00ecnh&nbsp;CryoCenter 200 tr\u1edf l\u00ean \u0111\u01b0\u1ee3c trang b\u1ecb \u0111\u0129a an to\u00e0n \u00e1p su\u1ea5t v\u00e0 \u1ed1ng x\u1ea3 \u0111\u1ec3 ng\u0103n b\u00ecnh b\u1ecb qu\u00e1 \u00e1p.<\/li>\n<li>\u0110\u01b0\u1ee3c trang b\u1ecb 4 b\u00e1nh xe ch\u1eafc ch\u1eafn \u0111\u1ec3 d\u1ec5 d\u00e0ng s\u1eed d\u1ee5ng v\u00e0 di chuy\u1ec3n \u0111\u1ebfn c\u00e1c khu v\u1ef1c kh\u00e1c nhau.<\/li>\n<li>Ch\u1ee7 y\u1ebfu \u00e1p d\u1ee5ng cho c\u00e1c ph\u00f2ng th\u00ed nghi\u1ec7m, doanh nghi\u1ec7p h\u00f3a ch\u1ea5t c\u00f3 nhu c\u1ea7u l\u01b0u tr\u1eef v\u00e0 cung c\u1ea5p nit\u01a1 l\u1ecfng t\u1ef1 \u0111\u1ed9ng.<\/li>\n<\/ul>\n<h3><strong>H\u1ec7 th\u1ed1ng d\u1ef1 ph\u00f2ng<\/strong><\/h3>\n<p>D\u00f2ng CryoCenter l\u00e0 m\u1ed9t d\u00f2ng b\u00ecnh \u0111\u00e1ng tin c\u1eady \u0111\u1ec3 l\u01b0u tr\u1eef v\u00e0 v\u1eadn chuy\u1ec3n nit\u01a1 l\u1ecfng. Thi\u1ebft k\u1ebf chuy\u00ean nghi\u1ec7p c\u1ee7a n\u00f3 l\u00e0m gi\u1ea3m m\u1ee9c ti\u00eau th\u1ee5 bay h\u01a1i nit\u01a1 l\u1ecfng v\u00e0 \u0111\u1ea3m b\u1ea3o an to\u00e0n cho ng\u01b0\u1eddi d\u00f9ng. M\u1ed9t s\u1ed1 ph\u1ee5 ki\u1ec7n k\u00e8m th\u00eam&nbsp;t\u00f9y ch\u1ecdn l\u00e0&nbsp;van \u0111i\u1ec7n t\u1eeb, m\u00e0n h\u00ecnh nhi\u1ec7t \u0111\u1ed9 b\u00ean trong v\u00e0 ch\u1ec9 b\u00e1o m\u1ee9c nit\u01a1 l\u1ecfng \u0111\u1ec3 nh\u1eadn ra vi\u1ec7c cung c\u1ea5p nit\u01a1 l\u1ecfng t\u1ef1 \u0111\u1ed9ng.<\/p>\n<p style=\"text-align:center;\"><img fetchpriority=\"high\" decoding=\"async\" src=\"https:\/\/biogroupvietnam.com\/uploads\/ChngrjJuCju82bRNt1uFPdBAHnrN7pjl4ZlWMhUz.png\" alt=\"b\u00ecnh c\u1ea5p nit\u01a1 l\u1ecfng CryoCenter \" width=\"548\" height=\"548\"><\/p>\n<h3>Th\u00f4ng s\u1ed1 k\u1ef9 thu\u1eadt b\u00ecnh c\u1ea5p nit\u01a1 l\u1ecfng CryoCenter:<\/h3>\n<figure class=\"table\">\n<table>\n<tbody>\n<tr>\n<td>\n<p style=\"text-align:center;\">Model<\/p>\n<\/td>\n<td>\n<p style=\"text-align:center;\">CryoCenter 30<\/p>\n<\/td>\n<td>\n<p style=\"text-align:center;\">CryoCenter 50<\/p>\n<\/td>\n<td>\n<p style=\"text-align:center;\">CryoCenter 100\/100E<\/p>\n<\/td>\n<td>\n<p style=\"text-align:center;\">CryoCenter 200\/200E\/200S<\/p>\n<\/td>\n<td>\n<p style=\"text-align:center;\">CryoCenter 240E\/240S<\/p>\n<\/td>\n<td>\n<p style=\"text-align:center;\">CryoCenter 300\/300E\/300S<\/p>\n<\/td>\n<td>\n<p style=\"text-align:center;\">CryoCenter 500\/500E\/500S<\/p>\n<\/td>\n<\/tr>\n<tr>\n<td colspan=\"8\">\n<p style=\"text-align:center;\"><strong>Hi\u1ec7u su\u1ea5t<\/strong><\/p>\n<\/td>\n<\/tr>\n<tr>\n<td>\n<p style=\"text-align:center;\">Dung t\u00edch ch\u1ee9a Nito (L)<\/p>\n<\/td>\n<td>\n<p style=\"text-align:center;\">30<\/p>\n<\/td>\n<td>\n<p style=\"text-align:center;\">50<\/p>\n<\/td>\n<td>\n<p style=\"text-align:center;\">100<\/p>\n<\/td>\n<td>\n<p style=\"text-align:center;\">200<\/p>\n<\/td>\n<td>\n<p style=\"text-align:center;\">240<\/p>\n<\/td>\n<td>\n<p style=\"text-align:center;\">300<\/p>\n<\/td>\n<td>\n<p style=\"text-align:center;\">500<\/p>\n<\/td>\n<\/tr>\n<tr>\n<td>\n<p style=\"text-align:center;\">T\u1ef7 l\u1ec7 bay h\u01a1i t\u0129nh Nito m\u1ed7i ng\u00e0y (L\/ng\u00e0y)<\/p>\n<\/td>\n<td>\n<p style=\"text-align:center;\">2.5<\/p>\n<\/td>\n<td>\n<p style=\"text-align:center;\">2<\/p>\n<\/td>\n<td>\n<p style=\"text-align:center;\">1.3<\/p>\n<\/td>\n<td>\n<p style=\"text-align:center;\">0.6<\/p>\n<\/td>\n<td>\n<p style=\"text-align:center;\">1.2<\/p>\n<\/td>\n<td>\n<p style=\"text-align:center;\">1.1<\/p>\n<\/td>\n<td>\n<p style=\"text-align:center;\">1.1<\/p>\n<\/td>\n<\/tr>\n<tr>\n<td>\n<p style=\"text-align:center;\">Th\u1ec3 t\u00edch c\u1ea5p (L\/min)<\/p>\n<\/td>\n<td>\n<p style=\"text-align:center;\">3<\/p>\n<\/td>\n<td>\n<p style=\"text-align:center;\">3<\/p>\n<\/td>\n<td>\n<p style=\"text-align:center;\">4<\/p>\n<\/td>\n<td>\n<p style=\"text-align:center;\">\u226510<\/p>\n<\/td>\n<td>\n<p style=\"text-align:center;\">8<\/p>\n<\/td>\n<td>\n<p style=\"text-align:center;\">8<\/p>\n<\/td>\n<td>\n<p style=\"text-align:center;\">10<\/p>\n<\/td>\n<\/tr>\n<tr>\n<td colspan=\"8\">\n<p style=\"text-align:center;\"><strong>K\u00edch th\u01b0\u1edbc<\/strong><\/p>\n<\/td>\n<\/tr>\n<tr>\n<td>\n<p style=\"text-align:center;\">T\u1ed5ng chi\u1ec1u cao c\u1ee7a b\u00ecnh (mm)<\/p>\n<\/td>\n<td>\n<p style=\"text-align:center;\">879<\/p>\n<\/td>\n<td>\n<p style=\"text-align:center;\">991<\/p>\n<\/td>\n<td>\n<p style=\"text-align:center;\">1185<\/p>\n<\/td>\n<td>\n<p style=\"text-align:center;\">1280<\/p>\n<\/td>\n<td>\n<p style=\"text-align:center;\">1350<\/p>\n<\/td>\n<td>\n<p style=\"text-align:center;\">1459<\/p>\n<\/td>\n<td>\n<p style=\"text-align:center;\">1576<\/p>\n<\/td>\n<\/tr>\n<tr>\n<td>\n<p style=\"text-align:center;\">\u0110\u01b0\u1eddng k\u00ednh ngo\u00e0i c\u1ee7a b\u00ecnh (mm)<\/p>\n<\/td>\n<td>\n<p style=\"text-align:center;\">454<\/p>\n<\/td>\n<td>\n<p style=\"text-align:center;\">506<\/p>\n<\/td>\n<td>\n<p style=\"text-align:center;\">606<\/p>\n<\/td>\n<td>\n<p style=\"text-align:center;\">656<\/p>\n<\/td>\n<td>\n<p style=\"text-align:center;\">758<\/p>\n<\/td>\n<td>\n<p style=\"text-align:center;\">857<\/p>\n<\/td>\n<td>\n<p style=\"text-align:center;\">1008<\/p>\n<\/td>\n<\/tr>\n<tr>\n<td>\n<p style=\"text-align:center;\">Tr\u1ecdng l\u01b0\u1ee3ng b\u00ecnh r\u1ed7ng (KG)<\/p>\n<\/td>\n<td>\n<p style=\"text-align:center;\">32<\/p>\n<\/td>\n<td>\n<p style=\"text-align:center;\">54<\/p>\n<\/td>\n<td>\n<p style=\"text-align:center;\">75<\/p>\n<\/td>\n<td>\n<p style=\"text-align:center;\">96<\/p>\n<\/td>\n<td>\n<p style=\"text-align:center;\">148<\/p>\n<\/td>\n<td>\n<p style=\"text-align:center;\">202<\/p>\n<\/td>\n<td>\n<p style=\"text-align:center;\">255<\/p>\n<\/td>\n<\/tr>\n<tr>\n<td colspan=\"8\">\n<p style=\"text-align:center;\"><strong>\u0110i\u1ec1u ki\u1ec7n s\u1eed d\u1ee5ng<\/strong><\/p>\n<\/td>\n<\/tr>\n<tr>\n<td>\n<p style=\"text-align:center;\">\u00c1p su\u1ea5t s\u1eed d\u1ee5ng ti\u00eau chu\u1ea9n&nbsp; (mpa)<\/p>\n<\/td>\n<td>\n<p style=\"text-align:center;\">0.05<\/p>\n<\/td>\n<td>\n<p style=\"text-align:center;\">0.05<\/p>\n<\/td>\n<td>\n<p style=\"text-align:center;\">0.05<\/p>\n<\/td>\n<td>\n<p style=\"text-align:center;\">0.05<\/p>\n<\/td>\n<td>\n<p style=\"text-align:center;\">0.05<\/p>\n<\/td>\n<td>\n<p style=\"text-align:center;\">0.05<\/p>\n<\/td>\n<td>\n<p style=\"text-align:center;\">0.05<\/p>\n<\/td>\n<\/tr>\n<tr>\n<td>\n<p style=\"text-align:center;\">\u00c1p su\u1ea5t s\u1eed d\u1ee5ng cao nh\u1ea5t (mpa)<\/p>\n<\/td>\n<td>\n<p style=\"text-align:center;\">0.09<\/p>\n<\/td>\n<td>\n<p style=\"text-align:center;\">0.09<\/p>\n<\/td>\n<td>\n<p style=\"text-align:center;\">0.09<\/p>\n<\/td>\n<td>\n<p style=\"text-align:center;\">0.09<\/p>\n<\/td>\n<td>\n<p style=\"text-align:center;\">0.09<\/p>\n<\/td>\n<td>\n<p style=\"text-align:center;\">0.09<\/p>\n<\/td>\n<td>\n<p style=\"text-align:center;\">0.09<\/p>\n<\/td>\n<\/tr>\n<tr>\n<td>\n<p style=\"text-align:center;\">\u00c1p su\u1ea5t m\u1edf van s\u01a1 c\u1ea5p (mpa)<\/p>\n<\/td>\n<td>\n<p style=\"text-align:center;\">0.099<\/p>\n<\/td>\n<td>\n<p style=\"text-align:center;\">0.099<\/p>\n<\/td>\n<td>\n<p style=\"text-align:center;\">0.099<\/p>\n<\/td>\n<td>\n<p style=\"text-align:center;\">0.099<\/p>\n<\/td>\n<td>\n<p style=\"text-align:center;\">0.099<\/p>\n<\/td>\n<td>\n<p style=\"text-align:center;\">0.099<\/p>\n<\/td>\n<td>\n<p style=\"text-align:center;\">0.099<\/p>\n<\/td>\n<\/tr>\n<tr>\n<td>\n<p style=\"text-align:center;\">\u00c1p su\u1ea5t m\u1edf van th\u1ee9 c\u1ea5p (mpa)<\/p>\n<\/td>\n<td>\n<p style=\"text-align:center;\">0.15<\/p>\n<\/td>\n<td>\n<p style=\"text-align:center;\">0.15<\/p>\n<\/td>\n<td>\n<p style=\"text-align:center;\">0.15<\/p>\n<\/td>\n<td>\n<p style=\"text-align:center;\">0.15<\/p>\n<\/td>\n<td>\n<p style=\"text-align:center;\">0.15<\/p>\n<\/td>\n<td>\n<p style=\"text-align:center;\">0.15<\/p>\n<\/td>\n<td>\n<p style=\"text-align:center;\">0.15<\/p>\n<\/td>\n<\/tr>\n<tr>\n<td>\n<p style=\"text-align:center;\">Ph\u1ea1m vi \u0111o \u00e1p su\u1ea5t (mpa)<\/p>\n<\/td>\n<td>\n<p style=\"text-align:center;\">0\uff5e0.25<\/p>\n<\/td>\n<td>\n<p style=\"text-align:center;\">0\uff5e0.25<\/p>\n<\/td>\n<td>\n<p style=\"text-align:center;\">0\uff5e0.25<\/p>\n<\/td>\n<td>\n<p style=\"text-align:center;\">0\uff5e0.25<\/p>\n<\/td>\n<td>\n<p style=\"text-align:center;\">0\uff5e0.25<\/p>\n<\/td>\n<td>\n<p style=\"text-align:center;\">0\uff5e0.25<\/p>\n<\/td>\n<td>\n<p style=\"text-align:center;\">0\uff5e0.25<\/p>\n<\/td>\n<\/tr>\n<\/tbody>\n<\/table>\n<\/figure>\n<p>&nbsp;<\/p>\n","protected":false},"excerpt":{"rendered":"<p>B\u00ecnh c\u1ea5p nit\u01a1 l\u1ecfng CryoCenter&nbsp;(B\u00ecnh kim lo\u1ea1i r\u1ed7ng ch\u1ee9a nit\u01a1 l\u1ecfng), l\u00e0 b\u00ecnh c\u1ea5p pha l\u1ecfng \u0111\u00f4ng l\u1ea1nh c\u00f3&nbsp;hi\u1ec7u su\u1ea5t cao m\u1edbi nh\u1ea5t, ch\u1ee7 y\u1ebfu \u0111\u01b0\u1ee3c s\u1eed d\u1ee5ng \u0111\u1ec3 l\u01b0u tr\u1eef nit\u01a1 l\u1ecfng trong c\u00e1c ph\u00f2ng th\u00ed nghi\u1ec7m trung t\u00e2m. \u0110\u1eb7c t\u00ednh c\u1ee7a b\u00ecnh c\u1ea5p nit\u01a1 l\u1ecfng CryoCenter: B\u00ecnh ho\u1ea1t \u0111\u1ed9ng b\u1eb1ng c\u00e1ch cho m\u1ed9t<\/p>\n<div class=\"klb-readmore post-buttons\"><a class=\"button rounded primary\" href=\"https:\/\/biogroupvietnam.com\/vi\/san-pham\/biinh-cap-nito-long-cryocenter\/\">Read More <i class=\"klbth-icon-right-arrow\"><\/i><\/a><\/div>\n","protected":false},"featured_media":5539,"comment_status":"closed","ping_status":"closed","template":"","meta":{"_acf_changed":false},"product_brand":[],"product_cat":[98],"product_tag":[],"class_list":{"0":"post-3976","1":"product","2":"type-product","3":"status-publish","4":"has-post-thumbnail","6":"product_cat-binh-cap-nito-long","8":"first","9":"outofstock","10":"shipping-taxable","11":"product-type-simple"},"acf":[],"yoast_head":"<!-- This site is optimized with the Yoast SEO plugin v26.8 - https:\/\/yoast.com\/product\/yoast-seo-wordpress\/ -->\n<title>B\u00ecnh C\u1ea5p Nit\u01a1 L\u1ecfng CryoCenter<\/title>\n<meta name=\"description\" content=\"B\u00ecnh c\u1ea5p nit\u01a1 l\u1ecfng CryoCenter\u00a0(B\u00ecnh kim lo\u1ea1i r\u1ed7ng ch\u1ee9a nit\u01a1 l\u1ecfng), l\u00e0 b\u00ecnh c\u1ea5p pha l\u1ecfng \u0111\u00f4ng l\u1ea1nh c\u00f3\u00a0hi\u1ec7u su\u1ea5t cao m\u1edbi nh\u1ea5t, ch\u1ee7 y\u1ebfu \u0111\u01b0\u1ee3c s\u1eed d\u1ee5ng \u0111\u1ec3 l\u01b0u tr\u1eef nit\u01a1 l\u1ecfng trong c\u00e1c ph\u00f2ng th\u00ed nghi\u1ec7m trung t\u00e2m.\" \/>\n<meta name=\"robots\" content=\"index, follow, max-snippet:-1, max-image-preview:large, max-video-preview:-1\" \/>\n<link rel=\"canonical\" href=\"https:\/\/biogroupvietnam.com\/vi\/san-pham\/biinh-cap-nito-long-cryocenter\/\" \/>\n<meta property=\"og:locale\" content=\"vi_VN\" \/>\n<meta property=\"og:type\" content=\"article\" \/>\n<meta property=\"og:title\" content=\"B\u00ecnh C\u1ea5p Nit\u01a1 L\u1ecfng CryoCenter\" \/>\n<meta property=\"og:description\" content=\"B\u00ecnh c\u1ea5p nit\u01a1 l\u1ecfng CryoCenter\u00a0(B\u00ecnh kim lo\u1ea1i r\u1ed7ng ch\u1ee9a nit\u01a1 l\u1ecfng), l\u00e0 b\u00ecnh c\u1ea5p pha l\u1ecfng \u0111\u00f4ng l\u1ea1nh c\u00f3\u00a0hi\u1ec7u su\u1ea5t cao m\u1edbi nh\u1ea5t, ch\u1ee7 y\u1ebfu \u0111\u01b0\u1ee3c s\u1eed d\u1ee5ng \u0111\u1ec3 l\u01b0u tr\u1eef nit\u01a1 l\u1ecfng trong c\u00e1c ph\u00f2ng th\u00ed nghi\u1ec7m trung t\u00e2m.\" \/>\n<meta property=\"og:url\" content=\"https:\/\/biogroupvietnam.com\/vi\/san-pham\/biinh-cap-nito-long-cryocenter\/\" \/>\n<meta property=\"og:site_name\" content=\"Biogroup Vietnam\" \/>\n<meta property=\"article:modified_time\" content=\"2025-09-29T08:09:01+00:00\" \/>\n<meta property=\"og:image\" content=\"https:\/\/biogroupvietnam.com\/wp-content\/uploads\/2025\/08\/Eho0JxRmyAaldyCOr6OTstFKXkw7StyKhDEs6zUe.png\" \/>\n\t<meta property=\"og:image:width\" content=\"1000\" \/>\n\t<meta property=\"og:image:height\" content=\"1000\" \/>\n\t<meta property=\"og:image:type\" content=\"image\/png\" \/>\n<meta name=\"twitter:card\" content=\"summary_large_image\" \/>\n<meta name=\"twitter:label1\" content=\"\u01af\u1edbc t\u00ednh th\u1eddi gian \u0111\u1ecdc\" \/>\n\t<meta name=\"twitter:data1\" content=\"3 ph\u00fat\" \/>\n<script type=\"application\/ld+json\" class=\"yoast-schema-graph\">{\"@context\":\"https:\/\/schema.org\",\"@graph\":[{\"@type\":\"WebPage\",\"@id\":\"https:\/\/biogroupvietnam.com\/vi\/san-pham\/biinh-cap-nito-long-cryocenter\/\",\"url\":\"https:\/\/biogroupvietnam.com\/vi\/san-pham\/biinh-cap-nito-long-cryocenter\/\",\"name\":\"B\u00ecnh C\u1ea5p Nit\u01a1 L\u1ecfng CryoCenter\",\"isPartOf\":{\"@id\":\"https:\/\/biogroupvietnam.com\/vi\/#website\"},\"primaryImageOfPage\":{\"@id\":\"https:\/\/biogroupvietnam.com\/vi\/san-pham\/biinh-cap-nito-long-cryocenter\/#primaryimage\"},\"image\":{\"@id\":\"https:\/\/biogroupvietnam.com\/vi\/san-pham\/biinh-cap-nito-long-cryocenter\/#primaryimage\"},\"thumbnailUrl\":\"https:\/\/biogroupvietnam.com\/wp-content\/uploads\/2025\/08\/Eho0JxRmyAaldyCOr6OTstFKXkw7StyKhDEs6zUe.png\",\"datePublished\":\"2025-08-18T12:55:11+00:00\",\"dateModified\":\"2025-09-29T08:09:01+00:00\",\"description\":\"B\u00ecnh c\u1ea5p nit\u01a1 l\u1ecfng CryoCenter\u00a0(B\u00ecnh kim lo\u1ea1i r\u1ed7ng ch\u1ee9a nit\u01a1 l\u1ecfng), l\u00e0 b\u00ecnh c\u1ea5p pha l\u1ecfng \u0111\u00f4ng l\u1ea1nh c\u00f3\u00a0hi\u1ec7u su\u1ea5t cao m\u1edbi nh\u1ea5t, ch\u1ee7 y\u1ebfu \u0111\u01b0\u1ee3c s\u1eed d\u1ee5ng \u0111\u1ec3 l\u01b0u tr\u1eef nit\u01a1 l\u1ecfng trong c\u00e1c ph\u00f2ng th\u00ed nghi\u1ec7m trung t\u00e2m.\",\"breadcrumb\":{\"@id\":\"https:\/\/biogroupvietnam.com\/vi\/san-pham\/biinh-cap-nito-long-cryocenter\/#breadcrumb\"},\"inLanguage\":\"vi\",\"potentialAction\":[{\"@type\":\"ReadAction\",\"target\":[\"https:\/\/biogroupvietnam.com\/vi\/san-pham\/biinh-cap-nito-long-cryocenter\/\"]}]},{\"@type\":\"ImageObject\",\"inLanguage\":\"vi\",\"@id\":\"https:\/\/biogroupvietnam.com\/vi\/san-pham\/biinh-cap-nito-long-cryocenter\/#primaryimage\",\"url\":\"https:\/\/biogroupvietnam.com\/wp-content\/uploads\/2025\/08\/Eho0JxRmyAaldyCOr6OTstFKXkw7StyKhDEs6zUe.png\",\"contentUrl\":\"https:\/\/biogroupvietnam.com\/wp-content\/uploads\/2025\/08\/Eho0JxRmyAaldyCOr6OTstFKXkw7StyKhDEs6zUe.png\",\"width\":1000,\"height\":1000,\"caption\":\"\u00a0\"},{\"@type\":\"BreadcrumbList\",\"@id\":\"https:\/\/biogroupvietnam.com\/vi\/san-pham\/biinh-cap-nito-long-cryocenter\/#breadcrumb\",\"itemListElement\":[{\"@type\":\"ListItem\",\"position\":1,\"name\":\"Trang ch\u1ee7\",\"item\":\"https:\/\/biogroupvietnam.com\/vi\/\"},{\"@type\":\"ListItem\",\"position\":2,\"name\":\"S\u1ea3n ph\u1ea9m\",\"item\":\"https:\/\/biogroupvietnam.com\/vi\/san-pham\/\"},{\"@type\":\"ListItem\",\"position\":3,\"name\":\"B\u1ea3o Qu\u1ea3n L\u1ea1nh T\u1ebf B\u00e0o\",\"item\":\"https:\/\/biogroupvietnam.com\/vi\/danh-muc-san-pham\/bao-quan-lanh-te-bao\/\"},{\"@type\":\"ListItem\",\"position\":4,\"name\":\"B\u00ecnh C\u1ea5p Nit\u01a1 L\u1ecfng\",\"item\":\"https:\/\/biogroupvietnam.com\/vi\/danh-muc-san-pham\/binh-cap-nito-long\/\"},{\"@type\":\"ListItem\",\"position\":5,\"name\":\"B\u00ecnh C\u1ea5p Nit\u01a1 L\u1ecfng CryoCenter\"}]},{\"@type\":\"WebSite\",\"@id\":\"https:\/\/biogroupvietnam.com\/vi\/#website\",\"url\":\"https:\/\/biogroupvietnam.com\/vi\/\",\"name\":\"Biogroup Vietnam\",\"description\":\"Biogroup Vietnam cung c\u1ea5p d\u1ecbch v\u1ee5 k\u1ef9 thu\u1eadt c\u00f9ng thi\u1ebft b\u1ecb, v\u1eadt t\u01b0, h\u00f3a ch\u1ea5t v\u00e0 gi\u1ea3i ph\u00e1p sinh h\u1ecdc cho ph\u00f2ng th\u00ed nghi\u1ec7m c\u00f4ng ngh\u1ec7 sinh h\u1ecdc, y sinh v\u00e0 y h\u1ecdc t\u00e1i t\u1ea1o.\",\"potentialAction\":[{\"@type\":\"SearchAction\",\"target\":{\"@type\":\"EntryPoint\",\"urlTemplate\":\"https:\/\/biogroupvietnam.com\/vi\/?s={search_term_string}\"},\"query-input\":{\"@type\":\"PropertyValueSpecification\",\"valueRequired\":true,\"valueName\":\"search_term_string\"}}],\"inLanguage\":\"vi\"}]}<\/script>\n<!-- \/ Yoast SEO plugin. -->","yoast_head_json":{"title":"B\u00ecnh C\u1ea5p Nit\u01a1 L\u1ecfng CryoCenter","description":"B\u00ecnh c\u1ea5p nit\u01a1 l\u1ecfng CryoCenter\u00a0(B\u00ecnh kim lo\u1ea1i r\u1ed7ng ch\u1ee9a nit\u01a1 l\u1ecfng), l\u00e0 b\u00ecnh c\u1ea5p pha l\u1ecfng \u0111\u00f4ng l\u1ea1nh c\u00f3\u00a0hi\u1ec7u su\u1ea5t cao m\u1edbi nh\u1ea5t, ch\u1ee7 y\u1ebfu \u0111\u01b0\u1ee3c s\u1eed d\u1ee5ng \u0111\u1ec3 l\u01b0u tr\u1eef nit\u01a1 l\u1ecfng trong c\u00e1c ph\u00f2ng th\u00ed nghi\u1ec7m trung t\u00e2m.","robots":{"index":"index","follow":"follow","max-snippet":"max-snippet:-1","max-image-preview":"max-image-preview:large","max-video-preview":"max-video-preview:-1"},"canonical":"https:\/\/biogroupvietnam.com\/vi\/san-pham\/biinh-cap-nito-long-cryocenter\/","og_locale":"vi_VN","og_type":"article","og_title":"B\u00ecnh C\u1ea5p Nit\u01a1 L\u1ecfng CryoCenter","og_description":"B\u00ecnh c\u1ea5p nit\u01a1 l\u1ecfng CryoCenter\u00a0(B\u00ecnh kim lo\u1ea1i r\u1ed7ng ch\u1ee9a nit\u01a1 l\u1ecfng), l\u00e0 b\u00ecnh c\u1ea5p pha l\u1ecfng \u0111\u00f4ng l\u1ea1nh c\u00f3\u00a0hi\u1ec7u su\u1ea5t cao m\u1edbi nh\u1ea5t, ch\u1ee7 y\u1ebfu \u0111\u01b0\u1ee3c s\u1eed d\u1ee5ng \u0111\u1ec3 l\u01b0u tr\u1eef nit\u01a1 l\u1ecfng trong c\u00e1c ph\u00f2ng th\u00ed nghi\u1ec7m trung t\u00e2m.","og_url":"https:\/\/biogroupvietnam.com\/vi\/san-pham\/biinh-cap-nito-long-cryocenter\/","og_site_name":"Biogroup Vietnam","article_modified_time":"2025-09-29T08:09:01+00:00","og_image":[{"width":1000,"height":1000,"url":"https:\/\/biogroupvietnam.com\/wp-content\/uploads\/2025\/08\/Eho0JxRmyAaldyCOr6OTstFKXkw7StyKhDEs6zUe.png","type":"image\/png"}],"twitter_card":"summary_large_image","twitter_misc":{"\u01af\u1edbc t\u00ednh th\u1eddi gian \u0111\u1ecdc":"3 ph\u00fat"},"schema":{"@context":"https:\/\/schema.org","@graph":[{"@type":"WebPage","@id":"https:\/\/biogroupvietnam.com\/vi\/san-pham\/biinh-cap-nito-long-cryocenter\/","url":"https:\/\/biogroupvietnam.com\/vi\/san-pham\/biinh-cap-nito-long-cryocenter\/","name":"B\u00ecnh C\u1ea5p Nit\u01a1 L\u1ecfng CryoCenter","isPartOf":{"@id":"https:\/\/biogroupvietnam.com\/vi\/#website"},"primaryImageOfPage":{"@id":"https:\/\/biogroupvietnam.com\/vi\/san-pham\/biinh-cap-nito-long-cryocenter\/#primaryimage"},"image":{"@id":"https:\/\/biogroupvietnam.com\/vi\/san-pham\/biinh-cap-nito-long-cryocenter\/#primaryimage"},"thumbnailUrl":"https:\/\/biogroupvietnam.com\/wp-content\/uploads\/2025\/08\/Eho0JxRmyAaldyCOr6OTstFKXkw7StyKhDEs6zUe.png","datePublished":"2025-08-18T12:55:11+00:00","dateModified":"2025-09-29T08:09:01+00:00","description":"B\u00ecnh c\u1ea5p nit\u01a1 l\u1ecfng CryoCenter\u00a0(B\u00ecnh kim lo\u1ea1i r\u1ed7ng ch\u1ee9a nit\u01a1 l\u1ecfng), l\u00e0 b\u00ecnh c\u1ea5p pha l\u1ecfng \u0111\u00f4ng l\u1ea1nh c\u00f3\u00a0hi\u1ec7u su\u1ea5t cao m\u1edbi nh\u1ea5t, ch\u1ee7 y\u1ebfu \u0111\u01b0\u1ee3c s\u1eed d\u1ee5ng \u0111\u1ec3 l\u01b0u tr\u1eef nit\u01a1 l\u1ecfng trong c\u00e1c ph\u00f2ng th\u00ed nghi\u1ec7m trung t\u00e2m.","breadcrumb":{"@id":"https:\/\/biogroupvietnam.com\/vi\/san-pham\/biinh-cap-nito-long-cryocenter\/#breadcrumb"},"inLanguage":"vi","potentialAction":[{"@type":"ReadAction","target":["https:\/\/biogroupvietnam.com\/vi\/san-pham\/biinh-cap-nito-long-cryocenter\/"]}]},{"@type":"ImageObject","inLanguage":"vi","@id":"https:\/\/biogroupvietnam.com\/vi\/san-pham\/biinh-cap-nito-long-cryocenter\/#primaryimage","url":"https:\/\/biogroupvietnam.com\/wp-content\/uploads\/2025\/08\/Eho0JxRmyAaldyCOr6OTstFKXkw7StyKhDEs6zUe.png","contentUrl":"https:\/\/biogroupvietnam.com\/wp-content\/uploads\/2025\/08\/Eho0JxRmyAaldyCOr6OTstFKXkw7StyKhDEs6zUe.png","width":1000,"height":1000,"caption":"\u00a0"},{"@type":"BreadcrumbList","@id":"https:\/\/biogroupvietnam.com\/vi\/san-pham\/biinh-cap-nito-long-cryocenter\/#breadcrumb","itemListElement":[{"@type":"ListItem","position":1,"name":"Trang ch\u1ee7","item":"https:\/\/biogroupvietnam.com\/vi\/"},{"@type":"ListItem","position":2,"name":"S\u1ea3n ph\u1ea9m","item":"https:\/\/biogroupvietnam.com\/vi\/san-pham\/"},{"@type":"ListItem","position":3,"name":"B\u1ea3o Qu\u1ea3n L\u1ea1nh T\u1ebf B\u00e0o","item":"https:\/\/biogroupvietnam.com\/vi\/danh-muc-san-pham\/bao-quan-lanh-te-bao\/"},{"@type":"ListItem","position":4,"name":"B\u00ecnh C\u1ea5p Nit\u01a1 L\u1ecfng","item":"https:\/\/biogroupvietnam.com\/vi\/danh-muc-san-pham\/binh-cap-nito-long\/"},{"@type":"ListItem","position":5,"name":"B\u00ecnh C\u1ea5p Nit\u01a1 L\u1ecfng CryoCenter"}]},{"@type":"WebSite","@id":"https:\/\/biogroupvietnam.com\/vi\/#website","url":"https:\/\/biogroupvietnam.com\/vi\/","name":"Biogroup Vietnam","description":"Biogroup Vietnam cung c\u1ea5p d\u1ecbch v\u1ee5 k\u1ef9 thu\u1eadt c\u00f9ng thi\u1ebft b\u1ecb, v\u1eadt t\u01b0, h\u00f3a ch\u1ea5t v\u00e0 gi\u1ea3i ph\u00e1p sinh h\u1ecdc cho ph\u00f2ng th\u00ed nghi\u1ec7m c\u00f4ng ngh\u1ec7 sinh h\u1ecdc, y sinh v\u00e0 y h\u1ecdc t\u00e1i t\u1ea1o.","potentialAction":[{"@type":"SearchAction","target":{"@type":"EntryPoint","urlTemplate":"https:\/\/biogroupvietnam.com\/vi\/?s={search_term_string}"},"query-input":{"@type":"PropertyValueSpecification","valueRequired":true,"valueName":"search_term_string"}}],"inLanguage":"vi"}]}},"_links":{"self":[{"href":"https:\/\/biogroupvietnam.com\/vi\/wp-json\/wp\/v2\/product\/3976","targetHints":{"allow":["GET"]}}],"collection":[{"href":"https:\/\/biogroupvietnam.com\/vi\/wp-json\/wp\/v2\/product"}],"about":[{"href":"https:\/\/biogroupvietnam.com\/vi\/wp-json\/wp\/v2\/types\/product"}],"replies":[{"embeddable":true,"href":"https:\/\/biogroupvietnam.com\/vi\/wp-json\/wp\/v2\/comments?post=3976"}],"version-history":[{"count":2,"href":"https:\/\/biogroupvietnam.com\/vi\/wp-json\/wp\/v2\/product\/3976\/revisions"}],"predecessor-version":[{"id":8298,"href":"https:\/\/biogroupvietnam.com\/vi\/wp-json\/wp\/v2\/product\/3976\/revisions\/8298"}],"wp:featuredmedia":[{"embeddable":true,"href":"https:\/\/biogroupvietnam.com\/vi\/wp-json\/wp\/v2\/media\/5539"}],"wp:attachment":[{"href":"https:\/\/biogroupvietnam.com\/vi\/wp-json\/wp\/v2\/media?parent=3976"}],"wp:term":[{"taxonomy":"product_brand","embeddable":true,"href":"https:\/\/biogroupvietnam.com\/vi\/wp-json\/wp\/v2\/product_brand?post=3976"},{"taxonomy":"product_cat","embeddable":true,"href":"https:\/\/biogroupvietnam.com\/vi\/wp-json\/wp\/v2\/product_cat?post=3976"},{"taxonomy":"product_tag","embeddable":true,"href":"https:\/\/biogroupvietnam.com\/vi\/wp-json\/wp\/v2\/product_tag?post=3976"}],"curies":[{"name":"wp","href":"https:\/\/api.w.org\/{rel}","templated":true}]}}