{"id":3987,"date":"2025-08-18T19:55:14","date_gmt":"2025-08-18T12:55:14","guid":{"rendered":"http:\/\/biogroupvietnam-worldpress.local\/product\/import-placeholder-for-219\/"},"modified":"2025-11-17T09:54:28","modified_gmt":"2025-11-17T02:54:28","slug":"adam-mc-plus","status":"publish","type":"product","link":"https:\/\/biogroupvietnam.com\/vi\/san-pham\/adam-mc-plus\/","title":{"rendered":"M\u00e1y \u0110\u1ebfm T\u1ebf B\u00e0o T\u1ef1 \u0110\u1ed9ng ADAM\u2122 MC Plus"},"content":{"rendered":"<h2><strong>ADAM\u2122 MC Plus l\u00e0 m\u00e1y \u0111\u1ebfm t\u1ebf b\u00e0o hu\u1ef3nh quang t\u1ef1 \u0111\u1ed9ng, cung c\u1ea5p ch\u00ednh x\u00e1c t\u1ed5ng s\u1ed1 t\u1ebf b\u00e0o v\u00e0 ph\u00e2n t\u00edch kh\u1ea3 n\u0103ng s\u1ed1ng c\u1ee7a t\u1ebf b\u00e0o. Thi\u1ebft b\u1ecb l\u00fd t\u01b0\u1edfng cho c\u00e1c \u1ee9ng d\u1ee5ng trong sinh h\u1ecdc t\u1ebf b\u00e0o, nghi\u00ean c\u1ee9u y sinh v\u00e0 ph\u00e1t tri\u1ec3n thu\u1ed1c, v.v.<\/strong><\/h2>\n<h3><strong>T\u1ed5ng quan v\u1ec1 m\u00e1y \u0111\u1ebfm t\u1ebf b\u00e0o ADAM\u2122 MC Plus:<\/strong><\/h3>\n<ul>\n<li>ADAM\u2122 MC Plus l\u00e0 m\u1ed9t ti\u00eau chu\u1ea9n m\u1edbi v\u1ec1 m\u00e1y \u0111\u1ebfm t\u1ebf b\u00e0o hu\u1ef3nh quang t\u1ef1 \u0111\u1ed9ng c\u00f3 \u0111\u1ed9 ch\u00ednh x\u00e1c cao \u0111\u01b0\u1ee3c trang b\u1ecb tr\u01b0\u1eddng s\u00e1ng v\u00e0 hai k\u00eanh hu\u1ef3nh quang (AO\/DAPI). ADAM l\u00e0 vi\u1ebft t\u1eaft c\u1ee7a Advanced Detection and Accurate Measurement (Ph\u00e1t hi\u1ec7n n\u00e2ng cao v\u00e0 \u0111o l\u01b0\u1eddng ch\u00ednh x\u00e1c).<\/li>\n<li>ADAM\u2122 MC Plus s\u1eed d\u1ee5ng c\u00f4ng ngh\u1ec7 nhu\u1ed9m hu\u1ef3nh quang, quang h\u1ecdc LED v\u00e0 c\u00f4ng ngh\u1ec7 ph\u00e1t hi\u1ec7n CMOS \u0111\u1ec3 gi\u00fap cho vi\u1ec7c ph\u00e2n t\u00edch t\u1ebf b\u00e0o ch\u00ednh x\u00e1c v\u00e0 \u0111\u00e1ng tin c\u1eady h\u01a1n. Thi\u1ebft b\u1ecb c\u00f3 kh\u1ea3 n\u0103ng \u0111o s\u1ed1 l\u01b0\u1ee3ng t\u1ebf b\u00e0o t\u1ed5ng s\u1ed1, kh\u1ea3 n\u0103ng s\u1ed1ng c\u1ee7a t\u1ebf b\u00e0o v\u00e0 k\u00edch th\u01b0\u1edbc, t\u1ec9 l\u1ec7 k\u1ebft t\u1eadp c\u1ee7a t\u1ebf b\u00e0o.<\/li>\n<\/ul>\n<h3><strong>C\u00e1c t\u00ednh n\u0103ng v\u00e0 ti\u1ec7n \u00edch c\u1ee7a ADAM\u2122 MC Plus:<\/strong><\/h3>\n<ul>\n<li>Ch\u1ec9 c\u1ea7n 15 \u03bcL th\u1ec3 t\u00edch m\u1eabu<\/li>\n<li>S\u1eed d\u1ee5ng m\u1ed9t dung d\u1ecbch duy nh\u1ea5t (\u0111\u00e3 tr\u1ed9n s\u1eb5n AO\/DAPI)<\/li>\n<li>Th\u1ef1c hi\u1ec7n \u0111\u01b0\u1ee3c 4 m\u1eabu x\u00e9t nghi\u1ec7m v\u1edbi m\u1ed9t th\u1ebb \u0111\u1ebfm<\/li>\n<li>\u0110\u1ebfm t\u1ed5ng s\u1ed1 t\u1ebf b\u00e0o v\u00e0 kh\u1ea3 n\u0103ng s\u1ed1ng<\/li>\n<li>Ch\u1ec9 c\u1ea7n 40 gi\u00e2y cho m\u1ed9t th\u1ebb \u0111\u1ebfm (ch\u1ebf \u0111\u1ed9 nhanh)<\/li>\n<li>T\u00ednh to\u00e1n \u0111\u01b0\u1ee3c % k\u1ebft t\u1eadp<\/li>\n<li>Gi\u00e1 tr\u1ecb CV th\u1ea5p<\/li>\n<\/ul>\n<p style=\"text-align: center;\"><img fetchpriority=\"high\" decoding=\"async\" src=\"https:\/\/biogroupvietnam.com\/uploads\/H8Xp45gnleFy4o2js7jr2k34KFYaQhCED0g6dIXF.png\" alt=\"C\u00e1c t\u00ednh n\u0103ng v\u00e0 ti\u1ec7n \u00edch c\u1ee7a ADAM\u2122 MC Plus\" width=\"747\" height=\"207\" \/><\/p>\n<h3><strong>M\u1ed9t s\u1ed1 \u01b0u \u0111i\u1ec3m c\u1ee7a m\u00e1y<\/strong> <strong>ADAM\u2122 MC Plus:<\/strong><\/h3>\n<h4><strong>Nhu\u1ed9m hu\u1ef3nh quang AO\/DAPI ch\u1ec9 trong 1 b\u01b0\u1edbc<\/strong><\/h4>\n<p>ADAM\u2122 MC Plus l\u00e0 m\u00e1y \u0111\u1ebfm t\u1ebf b\u00e0o hu\u1ef3nh quang d\u1ef1a tr\u00ean h\u00ecnh \u1ea3nh, s\u1eed d\u1ee5ng Acridine Orange (AO) \u0111\u1ec3 nhu\u1ed9m to\u00e0n b\u1ed9 t\u1ebf b\u00e0o v\u00e0 DAPI (4\u2032,6-diamidino-2-phenylindole) \u0111\u1ec3 nhu\u1ed9m t\u1ebf b\u00e0o ch\u1ebft. AO\/DAPI ch\u1ec9 nhu\u1ed9m c\u00e1c t\u1ebf b\u00e0o c\u00f3 nh\u00e2n, lo\u1ea1i tr\u1eeb c\u00e1c y\u1ebfu t\u1ed1 g\u00e2y nhi\u1ec5u nh\u01b0 m\u1ea3nh v\u1ee5n v\u00e0 t\u1ebf b\u00e0o h\u1ed3ng c\u1ea7u trong m\u1eabu, do \u0111\u00f3 cung c\u1ea5p s\u1ed1 l\u01b0\u1ee3ng t\u1ebf b\u00e0o v\u00e0 ph\u00e2n t\u00edch kh\u1ea3 n\u0103ng s\u1ed1ng <strong>ch\u00ednh x\u00e1c<\/strong>.<\/p>\n<p style=\"text-align: center;\"><img decoding=\"async\" src=\"https:\/\/biogroupvietnam.com\/uploads\/qGlqlBy2NvfOAAKChCSAXg64lgyzdRy1WsF3hMZy.png\" alt=\"Nhu\u1ed9m hu\u1ef3nh quang AO\/DAPI ch\u1ec9 trong 1 b\u01b0\u1edbc\" width=\"545\" height=\"422\" \/><\/p>\n<p style=\"text-align: center;\"><i>Nguy\u00ean t\u1eafc nhu\u1ed9m v\u00e0 \u0111\u1ebfm t\u1ebf b\u00e0o<\/i><\/p>\n<h4><strong>Kh\u1ed1i l\u01b0\u1ee3ng m\u1eabu \u0111\u01b0\u1ee3c ph\u00e2n t\u00edch l\u1edbn<\/strong><\/h4>\n<p>ADAM\u2122 MC Plus \u0111o l\u01b0\u1ee3ng m\u1eabu l\u1edbn h\u01a1n v\u00e0 ch\u1ee5p nhi\u1ec1u khung h\u00ecnh \u1ea3nh h\u01a1n tr\u00ean m\u1ed7i k\u00eanh. T\u1eadn d\u1ee5ng kh\u1ea3 n\u0103ng n\u00e0y, ADAM\u2122 MC Plus cung c\u1ea5p kh\u1ea3 n\u0103ng l\u1eb7p l\u1ea1i v\u00e0 \u0111\u1ed9 ch\u00ednh x\u00e1c v\u01b0\u1ee3t tr\u1ed9i so v\u1edbi c\u00e1c s\u1ea3n ph\u1ea9m \u0111\u1ebfm t\u1ebf b\u00e0o kh\u00e1c tr\u00ean th\u1ecb tr\u01b0\u1eddng.<\/p>\n<p style=\"text-align: center;\"><img decoding=\"async\" src=\"https:\/\/biogroupvietnam.com\/uploads\/df3o8JDtQLAqodYUzIyVoN3Iq1KngECyEvgaivtr.png\" alt=\"Kh\u1ed1i l\u01b0\u1ee3ng m\u1eabu \u0111\u01b0\u1ee3c ph\u00e2n t\u00edch l\u1edbn\" width=\"678\" height=\"344\" \/><\/p>\n<h4><strong>\u0110o k\u00edch th\u01b0\u1edbc t\u1ebf b\u00e0o v\u00e0 t\u1ef7 l\u1ec7 k\u1ebft t\u1eadp t\u1ebf b\u00e0o<\/strong><\/h4>\n<p>ADAM\u2122 MC Plus kh\u00f4ng ch\u1ec9 \u0111o t\u1ed5ng s\u1ed1 l\u01b0\u1ee3ng t\u1ebf b\u00e0o, s\u1ed1 l\u01b0\u1ee3ng t\u1ebf b\u00e0o s\u1ed1ng v\u00e0 t\u1ec9 l\u1ec7 s\u1ed1ng, ngo\u00e0i ra, m\u00e1y c\u00f2n ph\u00e2n t\u00edch k\u00edch th\u01b0\u1edbc t\u1ebf b\u00e0o v\u00e0 t\u1ef7 l\u1ec7 k\u1ebft t\u1eadp t\u1ebf b\u00e0o.<\/p>\n<p style=\"text-align: center;\"><img loading=\"lazy\" decoding=\"async\" src=\"https:\/\/biogroupvietnam.com\/uploads\/dEYC2sXg11j3HsTWnwpP6kfcD5CnHSmkIXxXmJBd.png\" alt=\"\u0110o k\u00edch th\u01b0\u1edbc t\u1ebf b\u00e0o v\u00e0 t\u1ef7 l\u1ec7 k\u1ebft t\u1eadp t\u1ebf b\u00e0o\" width=\"738\" height=\"230\" \/><\/p>\n<h4><strong>\u0110\u1ed9 ch\u00ednh x\u00e1c v\u00e0 \u0111\u1ed9 l\u1eb7p l\u1ea1i<\/strong><\/h4>\n<p>S\u1ef1 t\u01b0\u01a1ng quan gi\u1eefa t\u1ed5ng s\u1ed1 t\u1ebf b\u00e0o PBMC gi\u1eefa ph\u01b0\u01a1ng ph\u00e1p \u0111\u1ebfm t\u1ebf b\u00e0o d\u00f2ng ch\u1ea3y, \u0111\u1ebfm th\u1ee7 c\u00f4ng v\u00e0 ADAM\u2122 MC Plus.<\/p>\n<p style=\"text-align: center;\"><img loading=\"lazy\" decoding=\"async\" src=\"https:\/\/biogroupvietnam.com\/uploads\/orrkWHobpgS2tYF16UAcXjr6Dwhmvte2KlHz2lK4.png\" alt=\"\u0110\u1ed9 ch\u00ednh x\u00e1c v\u00e0 \u0111\u1ed9 l\u1eb7p l\u1ea1i\" width=\"411\" height=\"299\" \/><img loading=\"lazy\" decoding=\"async\" src=\"https:\/\/biogroupvietnam.com\/uploads\/hf3X3GncGdiSTj0QMUBriH5YO0FqBGMuULZUXVfl.png\" alt=\"\u0110\u1ed9 ch\u00ednh x\u00e1c v\u00e0 \u0111\u1ed9 l\u1eb7p l\u1ea1i\" width=\"387\" height=\"298\" \/><\/p>\n<p style=\"text-align: center;\"><i>D\u1eef li\u1ec7u so s\u00e1nh gi\u1eefa m\u00e1y ADAM\u2122 MC Plus v\u00e0 ph\u01b0\u01a1ng ph\u00e1p \u0111\u1ebfm d\u00f2ng ch\u1ea3y t\u1ebf b\u00e0o v\u00e0 \u0111\u1ebfm th\u1ee7 c\u00f4ng.<\/i><\/p>\n<h4><strong>Ng\u01b0\u1ee1ng tuy\u1ebfn t\u00ednh v\u00e0 \u0111\u1ed9 t\u00e1i l\u1eadp<\/strong><\/h4>\n<h4 style=\"text-align: center;\"><img loading=\"lazy\" decoding=\"async\" src=\"https:\/\/biogroupvietnam.com\/uploads\/0S2HtPTb9Kzf5QUJlwPtoAdNwhFe2JC2JdawlMIR.png\" alt=\"Ng\u01b0\u1ee1ng tuy\u1ebfn t\u00ednh v\u00e0 \u0111\u1ed9 t\u00e1i l\u1eadp\" width=\"484\" height=\"344\" \/><\/h4>\n<p style=\"text-align: center;\"><img loading=\"lazy\" decoding=\"async\" src=\"https:\/\/biogroupvietnam.com\/uploads\/j6hMdGjseThZOAGbilOkJiH8WtaUTs7xn41Xbobg.png\" alt=\"Ng\u01b0\u1ee1ng tuy\u1ebfn t\u00ednh v\u00e0 \u0111\u1ed9 t\u00e1i l\u1eadp\" width=\"461\" height=\"116\" \/><\/p>\n<p style=\"text-align: center;\"><i>M\u1eabu PBMC n\u1ed3ng \u0111\u1ed9 cao (1,8E+07 t\u1ebf b\u00e0o\/mL) \u0111\u00e3 \u0111\u01b0\u1ee3c pha lo\u00e3ng v\u00e0 \u0111\u1ebfm b\u1eb1ng ADAM\u2122 MC Plus &amp; CellT Plus.<\/i><\/p>\n<h4><strong>Giao di\u1ec7n tr\u1ef1c quan<\/strong><\/h4>\n<p>Giao di\u1ec7n \u0111\u1ed3 h\u1ecda tr\u1ef1c quan c\u1ee7a ADAM\u2122 MC Plus \u0111\u01b0\u1ee3c thi\u1ebft k\u1ebf \u0111\u1ec3 \u0111\u01a1n gi\u1ea3n v\u00e0 h\u1ee3p l\u00fd h\u00f3a c\u00e1c t\u00e1c v\u1ee5 \u0111\u1ebfm t\u1ebf b\u00e0o h\u00e0ng ng\u00e0y.<\/p>\n<p>K\u1ebft qu\u1ea3 (h\u00ecnh \u1ea3nh, t\u1ec7p CSV v\u00e0 b\u00e1o c\u00e1o PDF) c\u00f3 th\u1ec3 d\u1ec5 d\u00e0ng \u0111\u01b0\u1ee3c l\u01b0u v\u00e0 xu\u1ea5t ch\u1ec9 trong v\u00e0i b\u01b0\u1edbc thao t\u00e1c \u0111\u01a1n gi\u1ea3n.<\/p>\n<p style=\"text-align: center;\"><img loading=\"lazy\" decoding=\"async\" src=\"https:\/\/biogroupvietnam.com\/uploads\/o2qPXuchpFjNf9bNFAslwvUTcp6P0b4ADlgd1UMy.png\" alt=\"Giao di\u1ec7n tr\u1ef1c quan\" width=\"950\" height=\"297\" \/><\/p>\n<h4><strong>\u1ee8ng d\u1ee5ng c\u1ee7a m\u00e1y<\/strong> <strong>ADAM\u2122 MC Plus:<\/strong><\/h4>\n<p>ADAM\u2122 MC Plus \u0111\u01b0\u1ee3c thi\u1ebft k\u1ebf \u0111\u1ec3 \u0111\u1ebfm ch\u00ednh x\u00e1c c\u00e1c lo\u1ea1i t\u1ebf b\u00e0o kh\u00e1c nhau, l\u00fd t\u01b0\u1edfng cho c\u00e1c \u1ee9ng d\u1ee5ng trong sinh h\u1ecdc t\u1ebf b\u00e0o, nghi\u00ean c\u1ee9u y sinh v\u00e0 ph\u00e1t tri\u1ec3n thu\u1ed1c, v.v.<\/p>\n<p style=\"text-align: center;\">\u00a0<img loading=\"lazy\" decoding=\"async\" src=\"https:\/\/biogroupvietnam.com\/uploads\/Sje3vMf1LKsmiDXTHNAUYPQdVcuqPnC5NmerNBID.png\" alt=\"\u1ee8ng d\u1ee5ng c\u1ee7a m\u00e1y ADAM\u2122 MC Plus\" width=\"975\" height=\"115\" \/><\/p>\n<h3>Th\u00f4ng tin \u0111\u1eb7t h\u00e0ng:<\/h3>\n<figure class=\"table\">\n<table>\n<tbody>\n<tr>\n<td>\n<p style=\"text-align: center;\"><strong>M\u00e3 s\u1ea3n ph\u1ea9m<\/strong><\/p>\n<\/td>\n<td>\n<p style=\"text-align: center;\"><strong>T\u00ean s\u1ea3n ph\u1ea9m<\/strong><\/p>\n<\/td>\n<\/tr>\n<tr>\n<td><strong>ADAM-MC Plus<\/strong><\/td>\n<td><strong>M\u00e1y \u0111\u1ebfm t\u1ebf b\u00e0o t\u1ef1 \u0111\u1ed9ng ADAM-MC Plus<\/strong><\/td>\n<\/tr>\n<tr>\n<td><strong>APAD-400<\/strong><\/td>\n<td>Thu\u1ed1c th\u1eed Cell viability reagent 20mL x 1 chai, (400 test)<\/td>\n<\/tr>\n<tr>\n<td><strong>AP4S-100<\/strong><\/td>\n<td>Th\u1ebb \u0111\u1ebfm AccuPlus Slide 4ch. (100 th\u1ebb, 4 bu\u1ed3ng \u0111\u1ebfm)<\/td>\n<\/tr>\n<\/tbody>\n<\/table>\n<\/figure>\n","protected":false},"excerpt":{"rendered":"<p>ADAM\u2122 MC Plus l\u00e0 m\u00e1y \u0111\u1ebfm t\u1ebf b\u00e0o hu\u1ef3nh quang t\u1ef1 \u0111\u1ed9ng, cung c\u1ea5p ch\u00ednh x\u00e1c t\u1ed5ng s\u1ed1 t\u1ebf b\u00e0o v\u00e0 ph\u00e2n t\u00edch kh\u1ea3 n\u0103ng s\u1ed1ng c\u1ee7a t\u1ebf b\u00e0o. Thi\u1ebft b\u1ecb l\u00fd t\u01b0\u1edfng cho c\u00e1c \u1ee9ng d\u1ee5ng trong sinh h\u1ecdc t\u1ebf b\u00e0o, nghi\u00ean c\u1ee9u y sinh v\u00e0 ph\u00e1t tri\u1ec3n thu\u1ed1c, v.v. T\u1ed5ng quan v\u1ec1 m\u00e1y<\/p>\n<div class=\"klb-readmore post-buttons\"><a class=\"button rounded primary\" href=\"https:\/\/biogroupvietnam.com\/vi\/san-pham\/adam-mc-plus\/\">Read More <i class=\"klbth-icon-right-arrow\"><\/i><\/a><\/div>\n","protected":false},"featured_media":8965,"comment_status":"closed","ping_status":"closed","template":"","meta":{"_acf_changed":false},"product_brand":[134],"product_cat":[111],"product_tag":[],"class_list":{"0":"post-3987","1":"product","2":"type-product","3":"status-publish","4":"has-post-thumbnail","6":"product_brand-nanoentek","7":"product_cat-dem-phan-tich-te-bao","9":"first","10":"outofstock","11":"shipping-taxable","12":"product-type-simple"},"acf":[],"yoast_head":"<!-- This site is optimized with the Yoast SEO plugin v26.8 - https:\/\/yoast.com\/product\/yoast-seo-wordpress\/ -->\n<title>M\u00e1y \u0110\u1ebfm T\u1ebf B\u00e0o T\u1ef1 \u0110\u1ed9ng ADAM\u2122 MC Plus<\/title>\n<meta name=\"description\" content=\"ADAM\u2122 MC Plus l\u00e0 m\u00e1y \u0111\u1ebfm t\u1ebf b\u00e0o hu\u1ef3nh quang t\u1ef1 \u0111\u1ed9ng, cung c\u1ea5p ch\u00ednh x\u00e1c t\u1ed5ng s\u1ed1 t\u1ebf b\u00e0o v\u00e0 ph\u00e2n t\u00edch kh\u1ea3 n\u0103ng s\u1ed1ng c\u1ee7a t\u1ebf b\u00e0o.\" \/>\n<meta name=\"robots\" content=\"index, follow, max-snippet:-1, max-image-preview:large, max-video-preview:-1\" \/>\n<link rel=\"canonical\" href=\"https:\/\/biogroupvietnam.com\/vi\/san-pham\/adam-mc-plus\/\" \/>\n<meta property=\"og:locale\" content=\"vi_VN\" \/>\n<meta property=\"og:type\" content=\"article\" \/>\n<meta property=\"og:title\" content=\"M\u00e1y \u0110\u1ebfm T\u1ebf B\u00e0o T\u1ef1 \u0110\u1ed9ng ADAM\u2122 MC Plus\" \/>\n<meta property=\"og:description\" content=\"ADAM\u2122 MC Plus l\u00e0 m\u00e1y \u0111\u1ebfm t\u1ebf b\u00e0o hu\u1ef3nh quang t\u1ef1 \u0111\u1ed9ng, cung c\u1ea5p ch\u00ednh x\u00e1c t\u1ed5ng s\u1ed1 t\u1ebf b\u00e0o v\u00e0 ph\u00e2n t\u00edch kh\u1ea3 n\u0103ng s\u1ed1ng c\u1ee7a t\u1ebf b\u00e0o.\" \/>\n<meta property=\"og:url\" content=\"https:\/\/biogroupvietnam.com\/vi\/san-pham\/adam-mc-plus\/\" \/>\n<meta property=\"og:site_name\" content=\"Biogroup Vietnam\" \/>\n<meta property=\"article:modified_time\" content=\"2025-11-17T02:54:28+00:00\" \/>\n<meta property=\"og:image\" content=\"https:\/\/biogroupvietnam.com\/wp-content\/uploads\/2025\/08\/ADAM\u2122-MC-Plus.jpg\" \/>\n\t<meta property=\"og:image:width\" content=\"1640\" \/>\n\t<meta property=\"og:image:height\" content=\"1260\" \/>\n\t<meta property=\"og:image:type\" content=\"image\/jpeg\" \/>\n<meta name=\"twitter:card\" content=\"summary_large_image\" \/>\n<meta name=\"twitter:label1\" content=\"\u01af\u1edbc t\u00ednh th\u1eddi gian \u0111\u1ecdc\" \/>\n\t<meta name=\"twitter:data1\" content=\"6 ph\u00fat\" \/>\n<script type=\"application\/ld+json\" class=\"yoast-schema-graph\">{\"@context\":\"https:\/\/schema.org\",\"@graph\":[{\"@type\":\"WebPage\",\"@id\":\"https:\/\/biogroupvietnam.com\/vi\/san-pham\/adam-mc-plus\/\",\"url\":\"https:\/\/biogroupvietnam.com\/vi\/san-pham\/adam-mc-plus\/\",\"name\":\"M\u00e1y \u0110\u1ebfm T\u1ebf B\u00e0o T\u1ef1 \u0110\u1ed9ng ADAM\u2122 MC Plus\",\"isPartOf\":{\"@id\":\"https:\/\/biogroupvietnam.com\/vi\/#website\"},\"primaryImageOfPage\":{\"@id\":\"https:\/\/biogroupvietnam.com\/vi\/san-pham\/adam-mc-plus\/#primaryimage\"},\"image\":{\"@id\":\"https:\/\/biogroupvietnam.com\/vi\/san-pham\/adam-mc-plus\/#primaryimage\"},\"thumbnailUrl\":\"https:\/\/biogroupvietnam.com\/wp-content\/uploads\/2025\/08\/ADAM\u2122-MC-Plus.jpg\",\"datePublished\":\"2025-08-18T12:55:14+00:00\",\"dateModified\":\"2025-11-17T02:54:28+00:00\",\"description\":\"ADAM\u2122 MC Plus l\u00e0 m\u00e1y \u0111\u1ebfm t\u1ebf b\u00e0o hu\u1ef3nh quang t\u1ef1 \u0111\u1ed9ng, cung c\u1ea5p ch\u00ednh x\u00e1c t\u1ed5ng s\u1ed1 t\u1ebf b\u00e0o v\u00e0 ph\u00e2n t\u00edch kh\u1ea3 n\u0103ng s\u1ed1ng c\u1ee7a t\u1ebf b\u00e0o.\",\"breadcrumb\":{\"@id\":\"https:\/\/biogroupvietnam.com\/vi\/san-pham\/adam-mc-plus\/#breadcrumb\"},\"inLanguage\":\"vi\",\"potentialAction\":[{\"@type\":\"ReadAction\",\"target\":[\"https:\/\/biogroupvietnam.com\/vi\/san-pham\/adam-mc-plus\/\"]}]},{\"@type\":\"ImageObject\",\"inLanguage\":\"vi\",\"@id\":\"https:\/\/biogroupvietnam.com\/vi\/san-pham\/adam-mc-plus\/#primaryimage\",\"url\":\"https:\/\/biogroupvietnam.com\/wp-content\/uploads\/2025\/08\/ADAM\u2122-MC-Plus.jpg\",\"contentUrl\":\"https:\/\/biogroupvietnam.com\/wp-content\/uploads\/2025\/08\/ADAM\u2122-MC-Plus.jpg\",\"width\":1640,\"height\":1260},{\"@type\":\"BreadcrumbList\",\"@id\":\"https:\/\/biogroupvietnam.com\/vi\/san-pham\/adam-mc-plus\/#breadcrumb\",\"itemListElement\":[{\"@type\":\"ListItem\",\"position\":1,\"name\":\"Trang ch\u1ee7\",\"item\":\"https:\/\/biogroupvietnam.com\/vi\/\"},{\"@type\":\"ListItem\",\"position\":2,\"name\":\"S\u1ea3n ph\u1ea9m\",\"item\":\"https:\/\/biogroupvietnam.com\/vi\/san-pham\/\"},{\"@type\":\"ListItem\",\"position\":3,\"name\":\"R&amp;D Sinh H\u1ecdc\",\"item\":\"https:\/\/biogroupvietnam.com\/vi\/danh-muc-san-pham\/rd-sinh-hoc\/\"},{\"@type\":\"ListItem\",\"position\":4,\"name\":\"\u0110\u1ebfm &amp; Ph\u00e2n T\u00edch T\u1ebf B\u00e0o\",\"item\":\"https:\/\/biogroupvietnam.com\/vi\/danh-muc-san-pham\/dem-phan-tich-te-bao\/\"},{\"@type\":\"ListItem\",\"position\":5,\"name\":\"M\u00e1y \u0110\u1ebfm T\u1ebf B\u00e0o T\u1ef1 \u0110\u1ed9ng ADAM\u2122 MC Plus\"}]},{\"@type\":\"WebSite\",\"@id\":\"https:\/\/biogroupvietnam.com\/vi\/#website\",\"url\":\"https:\/\/biogroupvietnam.com\/vi\/\",\"name\":\"Biogroup Vietnam\",\"description\":\"Biogroup Vietnam cung c\u1ea5p d\u1ecbch v\u1ee5 k\u1ef9 thu\u1eadt c\u00f9ng thi\u1ebft b\u1ecb, v\u1eadt t\u01b0, h\u00f3a ch\u1ea5t v\u00e0 gi\u1ea3i ph\u00e1p sinh h\u1ecdc cho ph\u00f2ng th\u00ed nghi\u1ec7m c\u00f4ng ngh\u1ec7 sinh h\u1ecdc, y sinh v\u00e0 y h\u1ecdc t\u00e1i t\u1ea1o.\",\"potentialAction\":[{\"@type\":\"SearchAction\",\"target\":{\"@type\":\"EntryPoint\",\"urlTemplate\":\"https:\/\/biogroupvietnam.com\/vi\/?s={search_term_string}\"},\"query-input\":{\"@type\":\"PropertyValueSpecification\",\"valueRequired\":true,\"valueName\":\"search_term_string\"}}],\"inLanguage\":\"vi\"}]}<\/script>\n<!-- \/ Yoast SEO plugin. -->","yoast_head_json":{"title":"M\u00e1y \u0110\u1ebfm T\u1ebf B\u00e0o T\u1ef1 \u0110\u1ed9ng ADAM\u2122 MC Plus","description":"ADAM\u2122 MC Plus l\u00e0 m\u00e1y \u0111\u1ebfm t\u1ebf b\u00e0o hu\u1ef3nh quang t\u1ef1 \u0111\u1ed9ng, cung c\u1ea5p ch\u00ednh x\u00e1c t\u1ed5ng s\u1ed1 t\u1ebf b\u00e0o v\u00e0 ph\u00e2n t\u00edch kh\u1ea3 n\u0103ng s\u1ed1ng c\u1ee7a t\u1ebf b\u00e0o.","robots":{"index":"index","follow":"follow","max-snippet":"max-snippet:-1","max-image-preview":"max-image-preview:large","max-video-preview":"max-video-preview:-1"},"canonical":"https:\/\/biogroupvietnam.com\/vi\/san-pham\/adam-mc-plus\/","og_locale":"vi_VN","og_type":"article","og_title":"M\u00e1y \u0110\u1ebfm T\u1ebf B\u00e0o T\u1ef1 \u0110\u1ed9ng ADAM\u2122 MC Plus","og_description":"ADAM\u2122 MC Plus l\u00e0 m\u00e1y \u0111\u1ebfm t\u1ebf b\u00e0o hu\u1ef3nh quang t\u1ef1 \u0111\u1ed9ng, cung c\u1ea5p ch\u00ednh x\u00e1c t\u1ed5ng s\u1ed1 t\u1ebf b\u00e0o v\u00e0 ph\u00e2n t\u00edch kh\u1ea3 n\u0103ng s\u1ed1ng c\u1ee7a t\u1ebf b\u00e0o.","og_url":"https:\/\/biogroupvietnam.com\/vi\/san-pham\/adam-mc-plus\/","og_site_name":"Biogroup Vietnam","article_modified_time":"2025-11-17T02:54:28+00:00","og_image":[{"width":1640,"height":1260,"url":"https:\/\/biogroupvietnam.com\/wp-content\/uploads\/2025\/08\/ADAM\u2122-MC-Plus.jpg","type":"image\/jpeg"}],"twitter_card":"summary_large_image","twitter_misc":{"\u01af\u1edbc t\u00ednh th\u1eddi gian \u0111\u1ecdc":"6 ph\u00fat"},"schema":{"@context":"https:\/\/schema.org","@graph":[{"@type":"WebPage","@id":"https:\/\/biogroupvietnam.com\/vi\/san-pham\/adam-mc-plus\/","url":"https:\/\/biogroupvietnam.com\/vi\/san-pham\/adam-mc-plus\/","name":"M\u00e1y \u0110\u1ebfm T\u1ebf B\u00e0o T\u1ef1 \u0110\u1ed9ng ADAM\u2122 MC Plus","isPartOf":{"@id":"https:\/\/biogroupvietnam.com\/vi\/#website"},"primaryImageOfPage":{"@id":"https:\/\/biogroupvietnam.com\/vi\/san-pham\/adam-mc-plus\/#primaryimage"},"image":{"@id":"https:\/\/biogroupvietnam.com\/vi\/san-pham\/adam-mc-plus\/#primaryimage"},"thumbnailUrl":"https:\/\/biogroupvietnam.com\/wp-content\/uploads\/2025\/08\/ADAM\u2122-MC-Plus.jpg","datePublished":"2025-08-18T12:55:14+00:00","dateModified":"2025-11-17T02:54:28+00:00","description":"ADAM\u2122 MC Plus l\u00e0 m\u00e1y \u0111\u1ebfm t\u1ebf b\u00e0o hu\u1ef3nh quang t\u1ef1 \u0111\u1ed9ng, cung c\u1ea5p ch\u00ednh x\u00e1c t\u1ed5ng s\u1ed1 t\u1ebf b\u00e0o v\u00e0 ph\u00e2n t\u00edch kh\u1ea3 n\u0103ng s\u1ed1ng c\u1ee7a t\u1ebf b\u00e0o.","breadcrumb":{"@id":"https:\/\/biogroupvietnam.com\/vi\/san-pham\/adam-mc-plus\/#breadcrumb"},"inLanguage":"vi","potentialAction":[{"@type":"ReadAction","target":["https:\/\/biogroupvietnam.com\/vi\/san-pham\/adam-mc-plus\/"]}]},{"@type":"ImageObject","inLanguage":"vi","@id":"https:\/\/biogroupvietnam.com\/vi\/san-pham\/adam-mc-plus\/#primaryimage","url":"https:\/\/biogroupvietnam.com\/wp-content\/uploads\/2025\/08\/ADAM\u2122-MC-Plus.jpg","contentUrl":"https:\/\/biogroupvietnam.com\/wp-content\/uploads\/2025\/08\/ADAM\u2122-MC-Plus.jpg","width":1640,"height":1260},{"@type":"BreadcrumbList","@id":"https:\/\/biogroupvietnam.com\/vi\/san-pham\/adam-mc-plus\/#breadcrumb","itemListElement":[{"@type":"ListItem","position":1,"name":"Trang ch\u1ee7","item":"https:\/\/biogroupvietnam.com\/vi\/"},{"@type":"ListItem","position":2,"name":"S\u1ea3n ph\u1ea9m","item":"https:\/\/biogroupvietnam.com\/vi\/san-pham\/"},{"@type":"ListItem","position":3,"name":"R&amp;D Sinh H\u1ecdc","item":"https:\/\/biogroupvietnam.com\/vi\/danh-muc-san-pham\/rd-sinh-hoc\/"},{"@type":"ListItem","position":4,"name":"\u0110\u1ebfm &amp; Ph\u00e2n T\u00edch T\u1ebf B\u00e0o","item":"https:\/\/biogroupvietnam.com\/vi\/danh-muc-san-pham\/dem-phan-tich-te-bao\/"},{"@type":"ListItem","position":5,"name":"M\u00e1y \u0110\u1ebfm T\u1ebf B\u00e0o T\u1ef1 \u0110\u1ed9ng ADAM\u2122 MC Plus"}]},{"@type":"WebSite","@id":"https:\/\/biogroupvietnam.com\/vi\/#website","url":"https:\/\/biogroupvietnam.com\/vi\/","name":"Biogroup Vietnam","description":"Biogroup Vietnam cung c\u1ea5p d\u1ecbch v\u1ee5 k\u1ef9 thu\u1eadt c\u00f9ng thi\u1ebft b\u1ecb, v\u1eadt t\u01b0, h\u00f3a ch\u1ea5t v\u00e0 gi\u1ea3i ph\u00e1p sinh h\u1ecdc cho ph\u00f2ng th\u00ed nghi\u1ec7m c\u00f4ng ngh\u1ec7 sinh h\u1ecdc, y sinh v\u00e0 y h\u1ecdc t\u00e1i t\u1ea1o.","potentialAction":[{"@type":"SearchAction","target":{"@type":"EntryPoint","urlTemplate":"https:\/\/biogroupvietnam.com\/vi\/?s={search_term_string}"},"query-input":{"@type":"PropertyValueSpecification","valueRequired":true,"valueName":"search_term_string"}}],"inLanguage":"vi"}]}},"_links":{"self":[{"href":"https:\/\/biogroupvietnam.com\/vi\/wp-json\/wp\/v2\/product\/3987","targetHints":{"allow":["GET"]}}],"collection":[{"href":"https:\/\/biogroupvietnam.com\/vi\/wp-json\/wp\/v2\/product"}],"about":[{"href":"https:\/\/biogroupvietnam.com\/vi\/wp-json\/wp\/v2\/types\/product"}],"replies":[{"embeddable":true,"href":"https:\/\/biogroupvietnam.com\/vi\/wp-json\/wp\/v2\/comments?post=3987"}],"version-history":[{"count":4,"href":"https:\/\/biogroupvietnam.com\/vi\/wp-json\/wp\/v2\/product\/3987\/revisions"}],"predecessor-version":[{"id":8978,"href":"https:\/\/biogroupvietnam.com\/vi\/wp-json\/wp\/v2\/product\/3987\/revisions\/8978"}],"wp:featuredmedia":[{"embeddable":true,"href":"https:\/\/biogroupvietnam.com\/vi\/wp-json\/wp\/v2\/media\/8965"}],"wp:attachment":[{"href":"https:\/\/biogroupvietnam.com\/vi\/wp-json\/wp\/v2\/media?parent=3987"}],"wp:term":[{"taxonomy":"product_brand","embeddable":true,"href":"https:\/\/biogroupvietnam.com\/vi\/wp-json\/wp\/v2\/product_brand?post=3987"},{"taxonomy":"product_cat","embeddable":true,"href":"https:\/\/biogroupvietnam.com\/vi\/wp-json\/wp\/v2\/product_cat?post=3987"},{"taxonomy":"product_tag","embeddable":true,"href":"https:\/\/biogroupvietnam.com\/vi\/wp-json\/wp\/v2\/product_tag?post=3987"}],"curies":[{"name":"wp","href":"https:\/\/api.w.org\/{rel}","templated":true}]}}