{"id":3988,"date":"2025-08-18T19:55:14","date_gmt":"2025-08-18T12:55:14","guid":{"rendered":"http:\/\/biogroupvietnam-worldpress.local\/product\/import-placeholder-for-220\/"},"modified":"2025-12-17T14:46:02","modified_gmt":"2025-12-17T07:46:02","slug":"adam-cellt-plus","status":"publish","type":"product","link":"https:\/\/biogroupvietnam.com\/vi\/san-pham\/adam-cellt-plus\/","title":{"rendered":"M\u00e1y \u0110\u1ebfm T\u1ebf B\u00e0o T\u1ef1 \u0110\u1ed9ng ADAM\u2122 CellT Plus"},"content":{"rendered":"<h2><strong>ADAM\u2122 CellT Plus l\u00e0 m\u00e1y \u0111\u1ebfm t\u1ebf b\u00e0o hu\u1ef3nh quang t\u1ef1 \u0111\u1ed9ng, cung c\u1ea5p ch\u00ednh x\u00e1c t\u1ed5ng s\u1ed1 t\u1ebf b\u00e0o v\u00e0 ph\u00e2n t\u00edch kh\u1ea3 n\u0103ng s\u1ed1ng c\u1ee7a t\u1ebf b\u00e0o. Thi\u1ebft b\u1ecb l\u00e0 gi\u1ea3i ph\u00e1p to\u00e0n di\u1ec7n nh\u1eb1m theo d\u00f5i v\u00e0 ki\u1ec3m so\u00e1t ch\u1ea5t l\u01b0\u1ee3ng qu\u00e1 tr\u00ecnh s\u1ea3n xu\u1ea5t t\u1ebf b\u00e0o CAR-T, t\u1ebf b\u00e0o g\u1ed1c, v.v. v\u00e0 \u0111\u00e1p \u1ee9ng v\u1edbi Ti\u00eau chu\u1ea9n 21 CFR ph\u1ea7n 11 (FDA) trong m\u00f4i tr\u01b0\u1eddng s\u1ea3n xu\u1ea5t cGMP.<\/strong><\/h2>\n<h3><strong>T\u1ed5ng quan v\u1ec1 m\u00e1y \u0111\u1ebfm t\u1ebf b\u00e0o ADAM\u2122 CellT Plus:<\/strong><\/h3>\n<p>Thi\u1ebft b\u1ecb ADAM\u2122 CellT Plus l\u00e0 m\u00e1y \u0111\u1ebfm t\u1ebf b\u00e0o hu\u1ef3nh quang t\u1ef1 \u0111\u1ed9ng, c\u00f3 kh\u1ea3 n\u0103ng \u0111\u1ebfm s\u1ed1 l\u01b0\u1ee3ng t\u1ebf b\u00e0o v\u00e0 \u0111o t\u1ec9 l\u1ec7 t\u1ebf b\u00e0o s\u1ed1ng b\u1eb1ng ph\u01b0\u01a1ng ph\u00e1p nhu\u1ed9m v\u1edbi ch\u1ea5t nhu\u1ed9m AO (Acridine Orange) v\u00e0 DAPI (4\u2032,6-diamidino-2-phenylindole) k\u1ebft h\u1ee3p v\u1edbi ph\u00e2n t\u00edch h\u00ecnh \u1ea3nh n\u00e2ng cao.<\/p>\n<p>Ngo\u00e0i ra, m\u00e1y c\u00f2n ph\u00e2n t\u00edch m\u1ed9t s\u1ed1 ch\u1ec9 ti\u00eau kh\u00e1c nh\u01b0 k\u00edch th\u01b0\u1edbc t\u1ebf b\u00e0o v\u00e0 t\u1ef7 l\u1ec7 k\u1ebft t\u1eadp t\u1ebf b\u00e0o.<\/p>\n<h3><strong>C\u00e1c t\u00ednh n\u0103ng v\u00e0 ti\u1ec7n \u00edch c\u1ee7a ADAM\u2122 CellT Plus:<\/strong><\/h3>\n<ul>\n<li>K\u1ebft qu\u1ea3 nhanh ch\u00f3ng trong 10 gi\u00e2y \u0111\u1ed1i v\u1edbi m\u1ed7i m\u1eabu x\u00e9t nghi\u1ec7m<\/li>\n<li>Y\u00eau c\u1ea7u th\u1ec3 t\u00edch m\u1eabu nh\u1ecf (15 \u00b5l)<\/li>\n<li>L\u01b0\u1ee3ng m\u1eabu \u0111\u01b0\u1ee3c ph\u00e2n t\u00edch l\u1edbn h\u01a1n<\/li>\n<li>Tu\u00e2n th\u1ee7 Ti\u00eau chu\u1ea9n 21 CFR ph\u1ea7n 11 (FDA)<\/li>\n<li>\u0110\u1ebfm ch\u00ednh x\u00e1c s\u1ed1 l\u01b0\u1ee3ng t\u1ebf b\u00e0o hu\u1ef3nh quang v\u00e0 t\u1ec9 l\u1ec7 s\u1ed1ng<\/li>\n<li>Ti\u1ebft ki\u1ec7m chi ph\u00ed v\u1edbi 4 bu\u1ed3ng \u0111\u1ebfm tr\u00ean 1 th\u1ebb \u0111\u1ebfm<\/li>\n<\/ul>\n<h3><strong>M\u1ed9t s\u1ed1 \u01b0u \u0111i\u1ec3m c\u1ee7a m\u00e1y<\/strong> <strong>ADAM\u2122 CellT Plus:<\/strong><\/h3>\n<h4><strong>\u0110\u1ebfm t\u1ebf b\u00e0o t\u1ed5ng s\u1ed1 v\u00e0 t\u1ebf b\u00e0o s\u1ed1ng b\u1eb1ng ph\u01b0\u01a1ng ph\u00e1p nhu\u1ed9m (AO\/DAPI)<\/strong><\/h4>\n<p>ADAM\u2122 CellT Plus l\u00e0 m\u00e1y \u0111\u1ebfm t\u1ebf b\u00e0o hu\u1ef3nh quang d\u1ef1a tr\u00ean h\u00ecnh \u1ea3nh, s\u1eed d\u1ee5ng Acridine Orange (AO) \u0111\u1ec3 nhu\u1ed9m to\u00e0n b\u1ed9 t\u1ebf b\u00e0o v\u00e0 DAPI (4\u2032,6-diamidino-2-phenylindole) \u0111\u1ec3 nhu\u1ed9m t\u1ebf b\u00e0o ch\u1ebft. AO\/DAPI ch\u1ec9 nhu\u1ed9m c\u00e1c t\u1ebf b\u00e0o c\u00f3 nh\u00e2n, lo\u1ea1i tr\u1eeb c\u00e1c y\u1ebfu t\u1ed1 g\u00e2y nhi\u1ec5u nh\u01b0 m\u1ea3nh v\u1ee5n v\u00e0 t\u1ebf b\u00e0o h\u1ed3ng c\u1ea7u trong m\u1eabu, do \u0111\u00f3 cung c\u1ea5p s\u1ed1 l\u01b0\u1ee3ng t\u1ebf b\u00e0o v\u00e0 ph\u00e2n t\u00edch kh\u1ea3 n\u0103ng s\u1ed1ng <strong>ch\u00ednh x\u00e1c<\/strong>.<\/p>\n<p>Ngo\u00e0i ra, ADAM\u2122 CellT Plus c\u00f2n \u0111\u01b0\u1ee3c trang b\u1ecb kh\u1ea3 n\u0103ng ch\u1ee5p \u1ea3nh tr\u01b0\u1eddng s\u00e1ng nh\u1eb1m \u0111\u1ecbnh l\u01b0\u1ee3ng k\u00edch th\u01b0\u1edbc t\u1ebf b\u00e0o, c\u00f3 th\u1ec3 m\u1edf r\u1ed9ng ti\u1ec7n \u00edch trong nhi\u1ec1u \u1ee9ng d\u1ee5ng nghi\u00ean c\u1ee9u ho\u1eb7c m\u00f4i tr\u01b0\u1eddng c\u00f4ng nghi\u1ec7p.<\/p>\n<p style=\"text-align: center;\"><img fetchpriority=\"high\" decoding=\"async\" src=\"https:\/\/biogroupvietnam.com\/uploads\/JPzP9DVfzktspHcOWydrVK6fv9kbZUkyiffpW2Sh.png\" alt=\"\u0110\u1ebfm t\u1ebf b\u00e0o t\u1ed5ng s\u1ed1 v\u00e0 t\u1ebf b\u00e0o s\u1ed1ng b\u1eb1ng ph\u01b0\u01a1ng ph\u00e1p nhu\u1ed9m (AO\/DAPI)\" width=\"545\" height=\"422\" \/><\/p>\n<p style=\"text-align: center;\"><i>Nguy\u00ean t\u1eafc nhu\u1ed9m v\u00e0 \u0111\u1ebfm t\u1ebf b\u00e0o<\/i><\/p>\n<h4><strong>L\u01b0\u1ee3ng m\u1eabu \u0111\u01b0\u1ee3c ph\u00e2n t\u00edch l\u1edbn<\/strong><\/h4>\n<p>ADAM\u2122 CellT Plus \u0111o l\u01b0\u1ee3ng m\u1eabu l\u1edbn h\u01a1n v\u00e0 ch\u1ee5p nhi\u1ec1u khung h\u00ecnh \u1ea3nh h\u01a1n tr\u00ean m\u1ed7i k\u00eanh. T\u1eadn d\u1ee5ng kh\u1ea3 n\u0103ng n\u00e0y, ADAM\u2122 CellT Plus cung c\u1ea5p kh\u1ea3 n\u0103ng l\u1eb7p l\u1ea1i v\u00e0 \u0111\u1ed9 ch\u00ednh x\u00e1c v\u01b0\u1ee3t tr\u1ed9i so v\u1edbi c\u00e1c s\u1ea3n ph\u1ea9m \u0111\u1ebfm t\u1ebf b\u00e0o kh\u00e1c tr\u00ean th\u1ecb tr\u01b0\u1eddng.<\/p>\n<p style=\"text-align: center;\"><img decoding=\"async\" src=\"https:\/\/biogroupvietnam.com\/uploads\/I6Wdmz97Iw43Vv8BbEXPd26w4NoNPGnSzB1kOfAK.png\" alt=\"L\u01b0\u1ee3ng m\u1eabu \u0111\u01b0\u1ee3c ph\u00e2n t\u00edch l\u1edbn\" width=\"679\" height=\"344\" \/><\/p>\n<h4><strong>\u0110o k\u00edch th\u01b0\u1edbc t\u1ebf b\u00e0o v\u00e0 t\u1ef7 l\u1ec7 k\u1ebft t\u1eadp t\u1ebf b\u00e0o<\/strong><\/h4>\n<p>ADAM\u2122 CellT Plus kh\u00f4ng ch\u1ec9 \u0111o s\u1ed1 l\u01b0\u1ee3ng t\u1ebf b\u00e0o t\u1ed5ng th\u1ec3, t\u1ebf b\u00e0o s\u1ed1ng v\u00e0 t\u1ec9 l\u1ec7 s\u1ed1ng, ngo\u00e0i ra, m\u00e1y c\u00f2n ph\u00e2n t\u00edch k\u00edch th\u01b0\u1edbc t\u1ebf b\u00e0o v\u00e0 t\u1ef7 l\u1ec7 k\u1ebft t\u1eadp t\u1ebf b\u00e0o.<\/p>\n<p style=\"text-align: center;\"><img decoding=\"async\" src=\"https:\/\/biogroupvietnam.com\/uploads\/8OaQ8nO9b5p0hNlsqkWpqb5A6MQgYpv5oCQ0sHhe.png\" alt=\"\u0110o k\u00edch th\u01b0\u1edbc t\u1ebf b\u00e0o v\u00e0 t\u1ef7 l\u1ec7 k\u1ebft t\u1eadp t\u1ebf b\u00e0o\" width=\"758\" height=\"237\" \/><\/p>\n<h4><strong>\u0110\u1ed9 ch\u00ednh x\u00e1c v\u00e0 \u0111\u1ed9 l\u1eb7p l\u1ea1i<\/strong><\/h4>\n<p>S\u1ef1 t\u01b0\u01a1ng quan gi\u1eefa t\u1ed5ng s\u1ed1 t\u1ebf b\u00e0o PBMC gi\u1eefa ph\u01b0\u01a1ng ph\u00e1p \u0111\u1ebfm t\u1ebf b\u00e0o d\u00f2ng ch\u1ea3y, \u0111\u1ebfm th\u1ee7 c\u00f4ng v\u00e0 ADAM\u2122 CellT Plus.<\/p>\n<p style=\"text-align: center;\"><img loading=\"lazy\" decoding=\"async\" src=\"https:\/\/biogroupvietnam.com\/uploads\/mZEAlnmeBQr9L3DNYhds4PnKLJNvDWTwZzHXBjDV.png\" alt=\"\u0110\u1ed9 ch\u00ednh x\u00e1c v\u00e0 \u0111\u1ed9 l\u1eb7p l\u1ea1i\" width=\"354\" height=\"273\" \/><img loading=\"lazy\" decoding=\"async\" src=\"https:\/\/biogroupvietnam.com\/uploads\/6UOmIUhJs2nOC1BSnGC7BBQ4BDUFSxmMtC1ejXO4.png\" alt=\"\u0110\u1ed9 ch\u00ednh x\u00e1c v\u00e0 \u0111\u1ed9 l\u1eb7p l\u1ea1i\" width=\"376\" height=\"273\" \/><\/p>\n<p style=\"text-align: center;\"><i>D\u1eef li\u1ec7u so s\u00e1nh gi\u1eefa m\u00e1y ADAM\u2122 CellT Plus v\u00e0 ph\u01b0\u01a1ng ph\u00e1p \u0111\u1ebfm d\u00f2ng ch\u1ea3y t\u1ebf b\u00e0o v\u00e0 \u0111\u1ebfm th\u1ee7 c\u00f4ng.<\/i><\/p>\n<h4><strong>Ng\u01b0\u1ee1ng tuy\u1ebfn t\u00ednh v\u00e0 \u0111\u1ed9 t\u00e1i l\u1eadp<\/strong><\/h4>\n<h4 style=\"text-align: center;\"><img loading=\"lazy\" decoding=\"async\" src=\"https:\/\/biogroupvietnam.com\/uploads\/DhhmgZk8FbPPsMv2lK8pH5mawUdb2WwVko5jWTM3.png\" alt=\"Ng\u01b0\u1ee1ng tuy\u1ebfn t\u00ednh v\u00e0 \u0111\u1ed9 t\u00e1i l\u1eadp\" width=\"484\" height=\"344\" \/><\/h4>\n<p style=\"text-align: center;\"><img loading=\"lazy\" decoding=\"async\" src=\"https:\/\/biogroupvietnam.com\/uploads\/H2yCj0c1xzjOMPOGpIeYnHD98ekqlrqoJusyqVPu.png\" alt=\"Ng\u01b0\u1ee1ng tuy\u1ebfn t\u00ednh v\u00e0 \u0111\u1ed9 t\u00e1i l\u1eadp\" width=\"461\" height=\"116\" \/><\/p>\n<p style=\"text-align: center;\"><i>M\u1eabu PBMC n\u1ed3ng \u0111\u1ed9 cao (1,8E+07 t\u1ebf b\u00e0o\/mL) \u0111\u00e3 \u0111\u01b0\u1ee3c pha lo\u00e3ng v\u00e0 \u0111\u1ebfm b\u1eb1ng ADAM\u2122 MC Plus &amp; CellT Plus.<\/i><\/p>\n<h4><strong>\u1ee8ng d\u1ee5ng trong li\u1ec7u ph\u00e1p t\u1ebf b\u00e0o<\/strong><\/h4>\n<p>ADAM\u2122 CellT Plus l\u00e0 m\u00e1y \u0111\u1ebfm t\u1ebf b\u00e0o l\u00fd t\u01b0\u1edfng \u0111\u1ec3 theo d\u00f5i v\u00e0 ki\u1ec3m so\u00e1t ch\u1ea5t l\u01b0\u1ee3ng s\u1ed1 l\u01b0\u1ee3ng t\u1ebf b\u00e0o v\u00e0 kh\u1ea3 n\u0103ng s\u1ed1ng trong qu\u00e1 tr\u00ecnh s\u1ea3n xu\u1ea5t nhi\u1ec1u lo\u1ea1i t\u1ebf b\u00e0o (t\u1ebf b\u00e0o CAR-T, t\u1ebf b\u00e0o g\u1ed1c, v.v.) cho li\u1ec7u ph\u00e1p t\u1ebf b\u00e0o trong m\u00f4i tr\u01b0\u1eddng s\u1ea3n xu\u1ea5t cGMP.<\/p>\n<p style=\"text-align: center;\"><img loading=\"lazy\" decoding=\"async\" src=\"https:\/\/biogroupvietnam.com\/uploads\/KQ1HDzeXBr6Mr6vf7azN8UxVZcK0lJkWKpkGJO6G.png\" alt=\"\u1ee8ng d\u1ee5ng trong li\u1ec7u ph\u00e1p t\u1ebf b\u00e0o\" width=\"645\" height=\"294\" \/><\/p>\n<h3><strong>Tu\u00e2n th\u1ee7 Ti\u00eau chu\u1ea9n CFR 21 ph\u1ea7n 11 (FDA)<\/strong><\/h3>\n<h4><strong>Qu\u1ea3n l\u00fd ng\u01b0\u1eddi d\u00f9ng &amp; Ki\u1ec3m so\u00e1t quy\u1ec1n truy c\u1eadp<\/strong><\/h4>\n<p>C\u00f3 th\u1ec3 t\u1ea1o 3 nh\u00f3m ng\u01b0\u1eddi s\u1eed d\u1ee5ng: Qu\u1ea3n tr\u1ecb vi\u00ean, Gi\u00e1m s\u00e1t v\u00e0 Ng\u01b0\u1eddi d\u00f9ng. Qu\u1ea3n tr\u1ecb vi\u00ean c\u00f3 \u0111\u1eb7c quy\u1ec1n cao nh\u1ea5t, c\u00f3 th\u1ec3 thi\u1ebft l\u1eadp t\u00e0i kho\u1ea3n cho ng\u01b0\u1eddi d\u00f9ng ho\u1eb7c c\u1ea5p quy\u1ec1n truy c\u1eadp v\u00e0o d\u1eef li\u1ec7u. Ngo\u00e0i ra, ph\u1ea7n m\u1ec1m c\u00f3 ch\u1ee9c n\u0103ng l\u01b0u gi\u1eef nh\u1eadt k\u00fd h\u00e0nh \u0111\u1ed9ng \u0111\u1ec3 \u0111\u1ea3m b\u1ea3o t\u00ednh to\u00e0n v\u1eb9n c\u1ee7a d\u1eef li\u1ec7u v\u00e0 kh\u1ea3 n\u0103ng truy xu\u1ea5t c\u1ee7a qu\u1ea3n l\u00fd d\u1eef li\u1ec7u. T\u1ea5t c\u1ea3 c\u00e1c b\u00e1o c\u00e1o c\u00f3 th\u1ec3 \u0111\u01b0\u1ee3c k\u00fd \u0111i\u1ec7n t\u1eed. Th\u00f4ng tin ch\u1eef k\u00fd \u0111i\u1ec7n t\u1eed bao g\u1ed3m t\u00ean v\u00e0 ID ng\u01b0\u1eddi d\u00f9ng c\u1ee7a ng\u01b0\u1eddi k\u00fd, ng\u00e0y v\u00e0 gi\u1edd th\u1ef1c hi\u1ec7n ch\u1eef k\u00fd v\u00e0 \u00fd ngh\u0129a (v\u00ed d\u1ee5: xem x\u00e9t ho\u1eb7c ph\u00ea duy\u1ec7t) c\u1ee7a ch\u1eef k\u00fd.<\/p>\n<p style=\"text-align: center;\"><img loading=\"lazy\" decoding=\"async\" src=\"https:\/\/biogroupvietnam.com\/uploads\/Zt1UogJE8enB3TSENeuRV5xMUou6qfjWOZIOldmn.png\" alt=\"Tu\u00e2n th\u1ee7 Ti\u00eau chu\u1ea9n CFR 21 ph\u1ea7n 11 (FDA)\" width=\"490\" height=\"336\" \/><img loading=\"lazy\" decoding=\"async\" src=\"https:\/\/biogroupvietnam.com\/uploads\/E5bTvpjsXXnivBHvBMT4dKSOOuomXyeFZJ8DUSPE.png\" alt=\"Tu\u00e2n th\u1ee7 Ti\u00eau chu\u1ea9n CFR 21 ph\u1ea7n 11 (FDA)\" width=\"438\" height=\"312\" \/><\/p>\n<h4><strong>Th\u1ea9m \u0111\u1ecbnh thi\u1ebft b\u1ecb<\/strong><\/h4>\n<p>ADAM\u2122 calibration bead v\u00e0 QC slide (t\u00f9y ch\u1ecdn) cho ph\u00e9p x\u00e1c \u0111\u1ecbnh nhanh khi c\u00f3 s\u1ef1 c\u1ed1 x\u1ea3y ra, \u0111\u1ea3m b\u1ea3o \u0111\u1ed9 ch\u00ednh x\u00e1c c\u1ee7a thi\u1ebft b\u1ecb.<\/p>\n<p>Ch\u1ee9ng nh\u1eadn l\u1eafp \u0111\u1eb7t (IQ), Ch\u1ee9ng nh\u1eadn v\u1eadn h\u00e0nh (OQ) v\u00e0 Ch\u1ee9ng nh\u1eadn hi\u1ec7u su\u1ea5t (PQ) \u0111\u01b0\u1ee3c thi\u1ebft k\u1ebf \u0111\u1ec3 th\u1ea9m \u0111\u1ecbnh hi\u1ec7u su\u1ea5t c\u1ee7a thi\u1ebft b\u1ecb.<\/p>\n<h3><strong>Th\u00f4ng tin \u0111\u1eb7t h\u00e0ng<\/strong><\/h3>\n<figure class=\"table\">\n<table>\n<tbody>\n<tr>\n<td>\n<p style=\"text-align: center;\"><strong>M\u00e3 s\u1ea3n ph\u1ea9m<\/strong><\/p>\n<\/td>\n<td>\n<p style=\"text-align: center;\"><strong>T\u00ean s\u1ea3n ph\u1ea9m<\/strong><\/p>\n<\/td>\n<\/tr>\n<tr>\n<td><strong>ADAM-CellT Plus<\/strong><\/td>\n<td><strong>M\u00e1y \u0111\u1ebfm t\u1ebf b\u00e0o t\u1ef1 \u0111\u1ed9ng ADAM-CellT Plus<\/strong><\/td>\n<\/tr>\n<tr>\n<td><strong>APAD-400<\/strong><\/td>\n<td>Thu\u1ed1c th\u1eed Cell viability reagent 20mL x 1 chai, (400 test)<\/td>\n<\/tr>\n<tr>\n<td><strong>AP4S-100<\/strong><\/td>\n<td>Th\u1ebb \u0111\u1ebfm AccuPlus Slide 4ch. (100 th\u1ebb, 4 bu\u1ed3ng \u0111\u1ebfm)<\/td>\n<\/tr>\n<\/tbody>\n<\/table>\n<\/figure>\n","protected":false},"excerpt":{"rendered":"<p>ADAM\u2122 CellT Plus l\u00e0 m\u00e1y \u0111\u1ebfm t\u1ebf b\u00e0o hu\u1ef3nh quang t\u1ef1 \u0111\u1ed9ng, cung c\u1ea5p ch\u00ednh x\u00e1c t\u1ed5ng s\u1ed1 t\u1ebf b\u00e0o v\u00e0 ph\u00e2n t\u00edch kh\u1ea3 n\u0103ng s\u1ed1ng c\u1ee7a t\u1ebf b\u00e0o. Thi\u1ebft b\u1ecb l\u00e0 gi\u1ea3i ph\u00e1p to\u00e0n di\u1ec7n nh\u1eb1m theo d\u00f5i v\u00e0 ki\u1ec3m so\u00e1t ch\u1ea5t l\u01b0\u1ee3ng qu\u00e1 tr\u00ecnh s\u1ea3n xu\u1ea5t t\u1ebf b\u00e0o CAR-T, t\u1ebf b\u00e0o g\u1ed1c, v.v.<\/p>\n<div class=\"klb-readmore post-buttons\"><a class=\"button rounded primary\" href=\"https:\/\/biogroupvietnam.com\/vi\/san-pham\/adam-cellt-plus\/\">Read More <i class=\"klbth-icon-right-arrow\"><\/i><\/a><\/div>\n","protected":false},"featured_media":8964,"comment_status":"closed","ping_status":"closed","template":"","meta":{"_acf_changed":false},"product_brand":[134],"product_cat":[176],"product_tag":[],"class_list":{"0":"post-3988","1":"product","2":"type-product","3":"status-publish","4":"has-post-thumbnail","6":"product_brand-nanoentek","7":"product_cat-dem-te-bao-chuan-gmp","9":"first","10":"outofstock","11":"shipping-taxable","12":"product-type-simple"},"acf":[],"yoast_head":"<!-- This site is optimized with the Yoast SEO plugin v26.8 - https:\/\/yoast.com\/product\/yoast-seo-wordpress\/ -->\n<title>M\u00e1y \u0110\u1ebfm T\u1ebf B\u00e0o T\u1ef1 \u0110\u1ed9ng ADAM\u2122 CellT Plus<\/title>\n<meta name=\"description\" content=\"ADAM\u2122 CellT Plus l\u00e0 m\u00e1y \u0111\u1ebfm t\u1ebf b\u00e0o hu\u1ef3nh quang t\u1ef1 \u0111\u1ed9ng, cung c\u1ea5p ch\u00ednh x\u00e1c t\u1ed5ng s\u1ed1 t\u1ebf b\u00e0o v\u00e0 ph\u00e2n t\u00edch kh\u1ea3 n\u0103ng s\u1ed1ng c\u1ee7a t\u1ebf b\u00e0o.\" \/>\n<meta name=\"robots\" content=\"index, follow, max-snippet:-1, max-image-preview:large, max-video-preview:-1\" \/>\n<link rel=\"canonical\" href=\"https:\/\/biogroupvietnam.com\/vi\/san-pham\/adam-cellt-plus\/\" \/>\n<meta property=\"og:locale\" content=\"vi_VN\" \/>\n<meta property=\"og:type\" content=\"article\" \/>\n<meta property=\"og:title\" content=\"M\u00e1y \u0110\u1ebfm T\u1ebf B\u00e0o T\u1ef1 \u0110\u1ed9ng ADAM\u2122 CellT Plus\" \/>\n<meta property=\"og:description\" content=\"ADAM\u2122 CellT Plus l\u00e0 m\u00e1y \u0111\u1ebfm t\u1ebf b\u00e0o hu\u1ef3nh quang t\u1ef1 \u0111\u1ed9ng, cung c\u1ea5p ch\u00ednh x\u00e1c t\u1ed5ng s\u1ed1 t\u1ebf b\u00e0o v\u00e0 ph\u00e2n t\u00edch kh\u1ea3 n\u0103ng s\u1ed1ng c\u1ee7a t\u1ebf b\u00e0o.\" \/>\n<meta property=\"og:url\" content=\"https:\/\/biogroupvietnam.com\/vi\/san-pham\/adam-cellt-plus\/\" \/>\n<meta property=\"og:site_name\" content=\"Biogroup Vietnam\" \/>\n<meta property=\"article:modified_time\" content=\"2025-12-17T07:46:02+00:00\" \/>\n<meta property=\"og:image\" content=\"https:\/\/biogroupvietnam.com\/wp-content\/uploads\/2025\/08\/ADAM\u2122-CellT-Plus.jpg\" \/>\n\t<meta property=\"og:image:width\" content=\"1640\" \/>\n\t<meta property=\"og:image:height\" content=\"1260\" \/>\n\t<meta property=\"og:image:type\" content=\"image\/jpeg\" \/>\n<meta name=\"twitter:card\" content=\"summary_large_image\" \/>\n<meta name=\"twitter:label1\" content=\"\u01af\u1edbc t\u00ednh th\u1eddi gian \u0111\u1ecdc\" \/>\n\t<meta name=\"twitter:data1\" content=\"7 ph\u00fat\" \/>\n<script type=\"application\/ld+json\" class=\"yoast-schema-graph\">{\"@context\":\"https:\/\/schema.org\",\"@graph\":[{\"@type\":\"WebPage\",\"@id\":\"https:\/\/biogroupvietnam.com\/vi\/san-pham\/adam-cellt-plus\/\",\"url\":\"https:\/\/biogroupvietnam.com\/vi\/san-pham\/adam-cellt-plus\/\",\"name\":\"M\u00e1y \u0110\u1ebfm T\u1ebf B\u00e0o T\u1ef1 \u0110\u1ed9ng ADAM\u2122 CellT Plus\",\"isPartOf\":{\"@id\":\"https:\/\/biogroupvietnam.com\/vi\/#website\"},\"primaryImageOfPage\":{\"@id\":\"https:\/\/biogroupvietnam.com\/vi\/san-pham\/adam-cellt-plus\/#primaryimage\"},\"image\":{\"@id\":\"https:\/\/biogroupvietnam.com\/vi\/san-pham\/adam-cellt-plus\/#primaryimage\"},\"thumbnailUrl\":\"https:\/\/biogroupvietnam.com\/wp-content\/uploads\/2025\/08\/ADAM\u2122-CellT-Plus.jpg\",\"datePublished\":\"2025-08-18T12:55:14+00:00\",\"dateModified\":\"2025-12-17T07:46:02+00:00\",\"description\":\"ADAM\u2122 CellT Plus l\u00e0 m\u00e1y \u0111\u1ebfm t\u1ebf b\u00e0o hu\u1ef3nh quang t\u1ef1 \u0111\u1ed9ng, cung c\u1ea5p ch\u00ednh x\u00e1c t\u1ed5ng s\u1ed1 t\u1ebf b\u00e0o v\u00e0 ph\u00e2n t\u00edch kh\u1ea3 n\u0103ng s\u1ed1ng c\u1ee7a t\u1ebf b\u00e0o.\",\"breadcrumb\":{\"@id\":\"https:\/\/biogroupvietnam.com\/vi\/san-pham\/adam-cellt-plus\/#breadcrumb\"},\"inLanguage\":\"vi\",\"potentialAction\":[{\"@type\":\"ReadAction\",\"target\":[\"https:\/\/biogroupvietnam.com\/vi\/san-pham\/adam-cellt-plus\/\"]}]},{\"@type\":\"ImageObject\",\"inLanguage\":\"vi\",\"@id\":\"https:\/\/biogroupvietnam.com\/vi\/san-pham\/adam-cellt-plus\/#primaryimage\",\"url\":\"https:\/\/biogroupvietnam.com\/wp-content\/uploads\/2025\/08\/ADAM\u2122-CellT-Plus.jpg\",\"contentUrl\":\"https:\/\/biogroupvietnam.com\/wp-content\/uploads\/2025\/08\/ADAM\u2122-CellT-Plus.jpg\",\"width\":1640,\"height\":1260},{\"@type\":\"BreadcrumbList\",\"@id\":\"https:\/\/biogroupvietnam.com\/vi\/san-pham\/adam-cellt-plus\/#breadcrumb\",\"itemListElement\":[{\"@type\":\"ListItem\",\"position\":1,\"name\":\"Trang ch\u1ee7\",\"item\":\"https:\/\/biogroupvietnam.com\/vi\/\"},{\"@type\":\"ListItem\",\"position\":2,\"name\":\"S\u1ea3n ph\u1ea9m\",\"item\":\"https:\/\/biogroupvietnam.com\/vi\/san-pham\/\"},{\"@type\":\"ListItem\",\"position\":3,\"name\":\"X\u00e9t Nghi\u1ec7m Sinh H\u1ecdc\",\"item\":\"https:\/\/biogroupvietnam.com\/vi\/danh-muc-san-pham\/xet-nghiem-sinh-hoc\/\"},{\"@type\":\"ListItem\",\"position\":4,\"name\":\"\u0110\u1ebfm T\u1ebf B\u00e0o Chu\u1ea9n GMP\",\"item\":\"https:\/\/biogroupvietnam.com\/vi\/danh-muc-san-pham\/dem-te-bao-chuan-gmp\/\"},{\"@type\":\"ListItem\",\"position\":5,\"name\":\"M\u00e1y \u0110\u1ebfm T\u1ebf B\u00e0o T\u1ef1 \u0110\u1ed9ng ADAM\u2122 CellT Plus\"}]},{\"@type\":\"WebSite\",\"@id\":\"https:\/\/biogroupvietnam.com\/vi\/#website\",\"url\":\"https:\/\/biogroupvietnam.com\/vi\/\",\"name\":\"Biogroup Vietnam\",\"description\":\"Biogroup Vietnam cung c\u1ea5p d\u1ecbch v\u1ee5 k\u1ef9 thu\u1eadt c\u00f9ng thi\u1ebft b\u1ecb, v\u1eadt t\u01b0, h\u00f3a ch\u1ea5t v\u00e0 gi\u1ea3i ph\u00e1p sinh h\u1ecdc cho ph\u00f2ng th\u00ed nghi\u1ec7m c\u00f4ng ngh\u1ec7 sinh h\u1ecdc, y sinh v\u00e0 y h\u1ecdc t\u00e1i t\u1ea1o.\",\"potentialAction\":[{\"@type\":\"SearchAction\",\"target\":{\"@type\":\"EntryPoint\",\"urlTemplate\":\"https:\/\/biogroupvietnam.com\/vi\/?s={search_term_string}\"},\"query-input\":{\"@type\":\"PropertyValueSpecification\",\"valueRequired\":true,\"valueName\":\"search_term_string\"}}],\"inLanguage\":\"vi\"}]}<\/script>\n<!-- \/ Yoast SEO plugin. -->","yoast_head_json":{"title":"M\u00e1y \u0110\u1ebfm T\u1ebf B\u00e0o T\u1ef1 \u0110\u1ed9ng ADAM\u2122 CellT Plus","description":"ADAM\u2122 CellT Plus l\u00e0 m\u00e1y \u0111\u1ebfm t\u1ebf b\u00e0o hu\u1ef3nh quang t\u1ef1 \u0111\u1ed9ng, cung c\u1ea5p ch\u00ednh x\u00e1c t\u1ed5ng s\u1ed1 t\u1ebf b\u00e0o v\u00e0 ph\u00e2n t\u00edch kh\u1ea3 n\u0103ng s\u1ed1ng c\u1ee7a t\u1ebf b\u00e0o.","robots":{"index":"index","follow":"follow","max-snippet":"max-snippet:-1","max-image-preview":"max-image-preview:large","max-video-preview":"max-video-preview:-1"},"canonical":"https:\/\/biogroupvietnam.com\/vi\/san-pham\/adam-cellt-plus\/","og_locale":"vi_VN","og_type":"article","og_title":"M\u00e1y \u0110\u1ebfm T\u1ebf B\u00e0o T\u1ef1 \u0110\u1ed9ng ADAM\u2122 CellT Plus","og_description":"ADAM\u2122 CellT Plus l\u00e0 m\u00e1y \u0111\u1ebfm t\u1ebf b\u00e0o hu\u1ef3nh quang t\u1ef1 \u0111\u1ed9ng, cung c\u1ea5p ch\u00ednh x\u00e1c t\u1ed5ng s\u1ed1 t\u1ebf b\u00e0o v\u00e0 ph\u00e2n t\u00edch kh\u1ea3 n\u0103ng s\u1ed1ng c\u1ee7a t\u1ebf b\u00e0o.","og_url":"https:\/\/biogroupvietnam.com\/vi\/san-pham\/adam-cellt-plus\/","og_site_name":"Biogroup Vietnam","article_modified_time":"2025-12-17T07:46:02+00:00","og_image":[{"width":1640,"height":1260,"url":"https:\/\/biogroupvietnam.com\/wp-content\/uploads\/2025\/08\/ADAM\u2122-CellT-Plus.jpg","type":"image\/jpeg"}],"twitter_card":"summary_large_image","twitter_misc":{"\u01af\u1edbc t\u00ednh th\u1eddi gian \u0111\u1ecdc":"7 ph\u00fat"},"schema":{"@context":"https:\/\/schema.org","@graph":[{"@type":"WebPage","@id":"https:\/\/biogroupvietnam.com\/vi\/san-pham\/adam-cellt-plus\/","url":"https:\/\/biogroupvietnam.com\/vi\/san-pham\/adam-cellt-plus\/","name":"M\u00e1y \u0110\u1ebfm T\u1ebf B\u00e0o T\u1ef1 \u0110\u1ed9ng ADAM\u2122 CellT Plus","isPartOf":{"@id":"https:\/\/biogroupvietnam.com\/vi\/#website"},"primaryImageOfPage":{"@id":"https:\/\/biogroupvietnam.com\/vi\/san-pham\/adam-cellt-plus\/#primaryimage"},"image":{"@id":"https:\/\/biogroupvietnam.com\/vi\/san-pham\/adam-cellt-plus\/#primaryimage"},"thumbnailUrl":"https:\/\/biogroupvietnam.com\/wp-content\/uploads\/2025\/08\/ADAM\u2122-CellT-Plus.jpg","datePublished":"2025-08-18T12:55:14+00:00","dateModified":"2025-12-17T07:46:02+00:00","description":"ADAM\u2122 CellT Plus l\u00e0 m\u00e1y \u0111\u1ebfm t\u1ebf b\u00e0o hu\u1ef3nh quang t\u1ef1 \u0111\u1ed9ng, cung c\u1ea5p ch\u00ednh x\u00e1c t\u1ed5ng s\u1ed1 t\u1ebf b\u00e0o v\u00e0 ph\u00e2n t\u00edch kh\u1ea3 n\u0103ng s\u1ed1ng c\u1ee7a t\u1ebf b\u00e0o.","breadcrumb":{"@id":"https:\/\/biogroupvietnam.com\/vi\/san-pham\/adam-cellt-plus\/#breadcrumb"},"inLanguage":"vi","potentialAction":[{"@type":"ReadAction","target":["https:\/\/biogroupvietnam.com\/vi\/san-pham\/adam-cellt-plus\/"]}]},{"@type":"ImageObject","inLanguage":"vi","@id":"https:\/\/biogroupvietnam.com\/vi\/san-pham\/adam-cellt-plus\/#primaryimage","url":"https:\/\/biogroupvietnam.com\/wp-content\/uploads\/2025\/08\/ADAM\u2122-CellT-Plus.jpg","contentUrl":"https:\/\/biogroupvietnam.com\/wp-content\/uploads\/2025\/08\/ADAM\u2122-CellT-Plus.jpg","width":1640,"height":1260},{"@type":"BreadcrumbList","@id":"https:\/\/biogroupvietnam.com\/vi\/san-pham\/adam-cellt-plus\/#breadcrumb","itemListElement":[{"@type":"ListItem","position":1,"name":"Trang ch\u1ee7","item":"https:\/\/biogroupvietnam.com\/vi\/"},{"@type":"ListItem","position":2,"name":"S\u1ea3n ph\u1ea9m","item":"https:\/\/biogroupvietnam.com\/vi\/san-pham\/"},{"@type":"ListItem","position":3,"name":"X\u00e9t Nghi\u1ec7m Sinh H\u1ecdc","item":"https:\/\/biogroupvietnam.com\/vi\/danh-muc-san-pham\/xet-nghiem-sinh-hoc\/"},{"@type":"ListItem","position":4,"name":"\u0110\u1ebfm T\u1ebf B\u00e0o Chu\u1ea9n GMP","item":"https:\/\/biogroupvietnam.com\/vi\/danh-muc-san-pham\/dem-te-bao-chuan-gmp\/"},{"@type":"ListItem","position":5,"name":"M\u00e1y \u0110\u1ebfm T\u1ebf B\u00e0o T\u1ef1 \u0110\u1ed9ng ADAM\u2122 CellT Plus"}]},{"@type":"WebSite","@id":"https:\/\/biogroupvietnam.com\/vi\/#website","url":"https:\/\/biogroupvietnam.com\/vi\/","name":"Biogroup Vietnam","description":"Biogroup Vietnam cung c\u1ea5p d\u1ecbch v\u1ee5 k\u1ef9 thu\u1eadt c\u00f9ng thi\u1ebft b\u1ecb, v\u1eadt t\u01b0, h\u00f3a ch\u1ea5t v\u00e0 gi\u1ea3i ph\u00e1p sinh h\u1ecdc cho ph\u00f2ng th\u00ed nghi\u1ec7m c\u00f4ng ngh\u1ec7 sinh h\u1ecdc, y sinh v\u00e0 y h\u1ecdc t\u00e1i t\u1ea1o.","potentialAction":[{"@type":"SearchAction","target":{"@type":"EntryPoint","urlTemplate":"https:\/\/biogroupvietnam.com\/vi\/?s={search_term_string}"},"query-input":{"@type":"PropertyValueSpecification","valueRequired":true,"valueName":"search_term_string"}}],"inLanguage":"vi"}]}},"_links":{"self":[{"href":"https:\/\/biogroupvietnam.com\/vi\/wp-json\/wp\/v2\/product\/3988","targetHints":{"allow":["GET"]}}],"collection":[{"href":"https:\/\/biogroupvietnam.com\/vi\/wp-json\/wp\/v2\/product"}],"about":[{"href":"https:\/\/biogroupvietnam.com\/vi\/wp-json\/wp\/v2\/types\/product"}],"replies":[{"embeddable":true,"href":"https:\/\/biogroupvietnam.com\/vi\/wp-json\/wp\/v2\/comments?post=3988"}],"version-history":[{"count":4,"href":"https:\/\/biogroupvietnam.com\/vi\/wp-json\/wp\/v2\/product\/3988\/revisions"}],"predecessor-version":[{"id":8979,"href":"https:\/\/biogroupvietnam.com\/vi\/wp-json\/wp\/v2\/product\/3988\/revisions\/8979"}],"wp:featuredmedia":[{"embeddable":true,"href":"https:\/\/biogroupvietnam.com\/vi\/wp-json\/wp\/v2\/media\/8964"}],"wp:attachment":[{"href":"https:\/\/biogroupvietnam.com\/vi\/wp-json\/wp\/v2\/media?parent=3988"}],"wp:term":[{"taxonomy":"product_brand","embeddable":true,"href":"https:\/\/biogroupvietnam.com\/vi\/wp-json\/wp\/v2\/product_brand?post=3988"},{"taxonomy":"product_cat","embeddable":true,"href":"https:\/\/biogroupvietnam.com\/vi\/wp-json\/wp\/v2\/product_cat?post=3988"},{"taxonomy":"product_tag","embeddable":true,"href":"https:\/\/biogroupvietnam.com\/vi\/wp-json\/wp\/v2\/product_tag?post=3988"}],"curies":[{"name":"wp","href":"https:\/\/api.w.org\/{rel}","templated":true}]}}