{"id":4013,"date":"2025-08-18T19:55:38","date_gmt":"2025-08-18T12:55:38","guid":{"rendered":"http:\/\/biogroupvietnam-worldpress.local\/product\/import-placeholder-for-221\/"},"modified":"2025-11-12T18:13:20","modified_gmt":"2025-11-12T11:13:20","slug":"cellhome","status":"publish","type":"product","link":"https:\/\/biogroupvietnam.com\/vi\/san-pham\/cellhome\/","title":{"rendered":"H\u1ed9p L\u00e0m L\u1ea1nh \u1ed0ng Ch\u1ee9a M\u1eabu CellHome"},"content":{"rendered":"<h3><strong>\u1ee8ng d\u1ee5ng:<\/strong><\/h3>\n<p>CellHome \u0111\u01b0\u1ee3c \u00e1p d\u1ee5ng cho nhi\u1ec1u lo\u1ea1i t\u1ebf b\u00e0o bao g\u1ed3m t\u1ebf b\u00e0o g\u1ed1c, t\u1ebf b\u00e0o s\u01a1 c\u1ea5p v\u00e0 c\u00e1c d\u00f2ng t\u1ebf b\u00e0o.<\/p>\n<h3><strong>T\u00ednh n\u0103ng k\u1ef9 thu\u1eadt c\u1ee7a h\u1ed9p l\u00e0m l\u1ea1nh \u1ed1ng ch\u1ee9a m\u1eabu CellHome:<\/strong><\/h3>\n<ul>\n<li>CellHome l\u00e0 s\u1ea3n ph\u1ea9m ti\u1ebft ki\u1ec7m n\u0103ng l\u01b0\u1ee3ng m\u1edbi, l\u00fd t\u01b0\u1edfng cho vi\u1ec7c \u0111\u00f4ng l\u1ea1nh t\u1ebf b\u00e0o.<\/li>\n<li>CellHome \u0111\u1ea3m b\u1ea3o h\u1ea1 l\u1ea1nh t\u1ebf b\u00e0o \u1edf t\u1ed1c \u0111\u1ed9 \u0111\u01b0\u1ee3c ki\u1ec3m so\u00e1t ti\u00eau chu\u1ea9n -1\u00b0C\/ph\u00fat trong t\u1ee7 l\u1ea1nh \u0111\u00f4ng s\u00e2u m\u00e0 kh\u00f4ng d\u00f9ng c\u1ed3n ho\u1eb7c b\u1ea5t k\u1ef3 ch\u1ea5t l\u1ecfng n\u00e0o.<\/li>\n<li>Thi\u1ebft k\u1ebf b\u1eb1ng v\u1eadt li\u1ec7u \u0111\u1eb7c bi\u1ec7t gi\u00fap d\u1ec5 d\u00e0ng l\u1ea5y CellHome ra kh\u1ecfi t\u1ee7 \u0111\u00f4ng b\u1eb1ng tay v\u00e0 m\u1edf n\u1eafp b\u1ea5t c\u1ee9 l\u00fac n\u00e0o m\u00e0 kh\u00f4ng b\u1ecb l\u1ea1nh<\/li>\n<li>An to\u00e0n v\u1edbi m\u00f4i tr\u01b0\u1eddng v\u00e0 con ng\u01b0\u1eddi.<\/li>\n<li>T\u01b0\u01a1ng th\u00edch v\u1edbi c\u00e1c lo\u1ea1i \u1ed1ng ch\u1ee9a m\u1eabu:\u00a0 Microcentrifuge tube ho\u1eb7c Microtube<\/li>\n<\/ul>\n<h3><strong>\u01afu \u0111i\u1ec3m c\u1ee7a h\u1ed9p l\u00e0m l\u1ea1nh \u1ed1ng ch\u1ee9a m\u1eabu CellHome:<\/strong><\/h3>\n<ul>\n<li>S\u1eed d\u1ee5ng d\u1ec5 d\u00e0ng: Ch\u1ec9 c\u1ea7n \u0111\u1eb7t tr\u1ef1c ti\u1ebfp m\u1eabu v\u00e0o CellHome sau \u0111\u00f3 \u0111\u1eb7t CellHome v\u00e0o t\u1ee7 \u0111\u00f4ng -80\u00b0C.<\/li>\n<li>T\u00e1i s\u1eed d\u1ee5ng nhi\u1ec1u l\u1ea7n. S\u1eb5n s\u00e0ng s\u1eed d\u1ee5ng l\u1ea1i sau 5 ph\u00fat sau khi m\u1eabu \u0111\u01b0\u1ee3c h\u1ea1 l\u1ea1nh.<\/li>\n<li>L\u00f5i r\u1eafn v\u00e0 thi\u1ebft k\u1ebf c\u00e1ch nhi\u1ec7t, kh\u00f4ng c\u1ea7n l\u00e0m m\u00e1t tr\u01b0\u1edbc, kh\u00f4ng g\u00e2y \u00f4 nhi\u1ec5m.<\/li>\n<li>T\u1ed1c \u0111\u1ed9 h\u1ea1 l\u1ea1nh c\u1ee7a c\u00e1c m\u1eabu \u0111\u01b0\u1ee3c \u0111\u1ed3ng nh\u1ea5t<\/li>\n<li>Kh\u1ea3 n\u0103ng ph\u1ee5c h\u1ed3i c\u1ee7a t\u1ebf b\u00e0o cao sau khi \u0111\u00f4ng l\u1ea1nh<\/li>\n<\/ul>\n<h3><strong>Th\u00f4ng s\u1ed1 k\u1ef9 thu\u1eadt c\u1ee7a h\u1ed9p l\u00e0m l\u1ea1nh \u1ed1ng ch\u1ee9a m\u1eabu CellHome:<\/strong><\/h3>\n<p><strong>H\u1ed9p l\u00e0m l\u1ea1nh \u1ed1ng ch\u1ee9a m\u1eabu b\u1eb1ng nh\u1ef1a 12 v\u1ecb tr\u00ed CellHome -12<\/strong><\/p>\n<ul>\n<li>Lo\u1ea1i \u1ed1ng ch\u1ee9a m\u1eabu:\u00a0 Microcentifuge tuibe ho\u1eb7c Microtube<\/li>\n<li>S\u1ed1 l\u01b0\u1ee3ng \u1ed1ng ch\u1ee9a m\u1eabu: 12 x 1ml ho\u1eb7c 12 x 2ml<\/li>\n<li>K\u00edch th\u01b0\u1edbc (\u0111\u01b0\u1eddng k\u00ednh x chi\u1ec1u cao): 118 x 110mm<\/li>\n<li>Tr\u1ecdng l\u01b0\u1ee3ng: 130g<\/li>\n<\/ul>\n<p><strong>H\u1ed9p l\u00e0m l\u1ea1nh \u1ed1ng ch\u1ee9a m\u1eabu b\u1eb1ng nh\u1ef1a 30 v\u1ecb tr\u00ed CellHome -30<\/strong><\/p>\n<ul>\n<li>Lo\u1ea1i \u1ed1ng ch\u1ee9a m\u1eabu:\u00a0 \u1ed1ng ly t\u00e2m 1ml v\u00e0 2mL<\/li>\n<li>S\u1ed1 l\u01b0\u1ee3ng \u1ed1ng ch\u1ee9a m\u1eabu: 30 x 1ml ho\u1eb7c 30 x 2ml<\/li>\n<li>K\u00edch th\u01b0\u1edbc (\u0111\u01b0\u1eddng k\u00ednh x chi\u1ec1u cao): 158 x 116mm<\/li>\n<li>Tr\u1ecdng l\u01b0\u1ee3ng: 230g<\/li>\n<\/ul>\n<p><strong>H\u1ed9p l\u00e0m l\u1ea1nh \u1ed1ng ch\u1ee9a m\u1eabu b\u1eb1ng nh\u1ef1a 60 v\u1ecb tr\u00ed CellHome -60<\/strong><\/p>\n<ul>\n<li>Lo\u1ea1i \u1ed1ng ch\u1ee9a m\u1eabu:\u00a0 \u1ed1ng ly t\u00e2m 1ml v\u00e0 2mL<\/li>\n<li>S\u1ed1 l\u01b0\u1ee3ng \u1ed1ng ch\u1ee9a m\u1eabu: 60 x 1ml ho\u1eb7c 60 x 2ml<\/li>\n<li>K\u00edch th\u01b0\u1edbc (LxWxH): 303 x 177 x 125mm<\/li>\n<li>Tr\u1ecdng l\u01b0\u1ee3ng: 440g<\/li>\n<\/ul>\n<p><strong>H\u1ed9p l\u00e0m l\u1ea1nh \u1ed1ng ch\u1ee9a m\u1eabu b\u1eb1ng nh\u1ef1a 12 v\u1ecb tr\u00ed CellHome -125<\/strong><\/p>\n<ul>\n<li>Lo\u1ea1i \u1ed1ng ch\u1ee9a m\u1eabu:\u00a0 \u1ed1ng ly t\u00e2m 5ml<\/li>\n<li>S\u1ed1 l\u01b0\u1ee3ng \u1ed1ng ch\u1ee9a m\u1eabu: 12 x 5ml<\/li>\n<li>K\u00edch th\u01b0\u1edbc (\u0111\u01b0\u1eddng k\u00ednh x chi\u1ec1u cao): 118 x 163mm<\/li>\n<li>Tr\u1ecdng l\u01b0\u1ee3ng: 160g<\/li>\n<\/ul>\n<p><strong>H\u1ed9p l\u00e0m l\u1ea1nh \u1ed1ng ch\u1ee9a m\u1eabu b\u1eb1ng nh\u1ef1a 30 v\u1ecb tr\u00ed CellHome -305<\/strong><\/p>\n<ul>\n<li>Lo\u1ea1i \u1ed1ng ch\u1ee9a m\u1eabu:\u00a0 \u1ed1ng ly t\u00e2m 5ml<\/li>\n<li>S\u1ed1 l\u01b0\u1ee3ng \u1ed1ng ch\u1ee9a m\u1eabu: 30 x 5ml<\/li>\n<li>K\u00edch th\u01b0\u1edbc (\u0111\u01b0\u1eddng k\u00ednh x chi\u1ec1u cao): 118 x 165mm<\/li>\n<li>Tr\u1ecdng l\u01b0\u1ee3ng: 280g<\/li>\n<\/ul>\n","protected":false},"excerpt":{"rendered":"<p>\u1ee8ng d\u1ee5ng: CellHome \u0111\u01b0\u1ee3c \u00e1p d\u1ee5ng cho nhi\u1ec1u lo\u1ea1i t\u1ebf b\u00e0o bao g\u1ed3m t\u1ebf b\u00e0o g\u1ed1c, t\u1ebf b\u00e0o s\u01a1 c\u1ea5p v\u00e0 c\u00e1c d\u00f2ng t\u1ebf b\u00e0o. T\u00ednh n\u0103ng k\u1ef9 thu\u1eadt c\u1ee7a h\u1ed9p l\u00e0m l\u1ea1nh \u1ed1ng ch\u1ee9a m\u1eabu CellHome: CellHome l\u00e0 s\u1ea3n ph\u1ea9m ti\u1ebft ki\u1ec7m n\u0103ng l\u01b0\u1ee3ng m\u1edbi, l\u00fd t\u01b0\u1edfng cho vi\u1ec7c \u0111\u00f4ng l\u1ea1nh t\u1ebf b\u00e0o. CellHome<\/p>\n<div class=\"klb-readmore post-buttons\"><a class=\"button rounded primary\" href=\"https:\/\/biogroupvietnam.com\/vi\/san-pham\/cellhome\/\">Read More <i class=\"klbth-icon-right-arrow\"><\/i><\/a><\/div>\n","protected":false},"featured_media":8885,"comment_status":"closed","ping_status":"closed","template":"","meta":{"_acf_changed":false},"product_brand":[143],"product_cat":[102],"product_tag":[],"class_list":{"0":"post-4013","1":"product","2":"type-product","3":"status-publish","4":"has-post-thumbnail","6":"product_brand-kemesser-technology","7":"product_cat-dung-cu-van-chuyen-bao-quan-te-bao","9":"first","10":"outofstock","11":"shipping-taxable","12":"product-type-simple"},"acf":[],"yoast_head":"<!-- This site is optimized with the Yoast SEO plugin v26.8 - https:\/\/yoast.com\/product\/yoast-seo-wordpress\/ -->\n<title>H\u1ed9p L\u00e0m L\u1ea1nh \u1ed0ng Ch\u1ee9a M\u1eabu CellHome<\/title>\n<meta name=\"description\" content=\"H\u1ed9p L\u00e0m L\u1ea1nh \u1ed0ng Ch\u1ee9a M\u1eabu CellHome \u0111\u01b0\u1ee3c \u00e1p d\u1ee5ng cho nhi\u1ec1u lo\u1ea1i t\u1ebf b\u00e0o bao g\u1ed3m t\u1ebf b\u00e0o g\u1ed1c, t\u1ebf b\u00e0o s\u01a1 c\u1ea5p v\u00e0 c\u00e1c d\u00f2ng t\u1ebf b\u00e0o.\" \/>\n<meta name=\"robots\" content=\"index, follow, max-snippet:-1, max-image-preview:large, max-video-preview:-1\" \/>\n<link rel=\"canonical\" href=\"https:\/\/biogroupvietnam.com\/vi\/san-pham\/cellhome\/\" \/>\n<meta property=\"og:locale\" content=\"vi_VN\" \/>\n<meta property=\"og:type\" content=\"article\" \/>\n<meta property=\"og:title\" content=\"H\u1ed9p L\u00e0m L\u1ea1nh \u1ed0ng Ch\u1ee9a M\u1eabu CellHome\" \/>\n<meta property=\"og:description\" content=\"H\u1ed9p L\u00e0m L\u1ea1nh \u1ed0ng Ch\u1ee9a M\u1eabu CellHome \u0111\u01b0\u1ee3c \u00e1p d\u1ee5ng cho nhi\u1ec1u lo\u1ea1i t\u1ebf b\u00e0o bao g\u1ed3m t\u1ebf b\u00e0o g\u1ed1c, t\u1ebf b\u00e0o s\u01a1 c\u1ea5p v\u00e0 c\u00e1c d\u00f2ng t\u1ebf b\u00e0o.\" \/>\n<meta property=\"og:url\" content=\"https:\/\/biogroupvietnam.com\/vi\/san-pham\/cellhome\/\" \/>\n<meta property=\"og:site_name\" content=\"Biogroup Vietnam\" \/>\n<meta property=\"article:modified_time\" content=\"2025-11-12T11:13:20+00:00\" \/>\n<meta property=\"og:image\" content=\"https:\/\/biogroupvietnam.com\/wp-content\/uploads\/2025\/08\/CellHome.jpg\" \/>\n\t<meta property=\"og:image:width\" content=\"1640\" \/>\n\t<meta property=\"og:image:height\" content=\"1260\" \/>\n\t<meta property=\"og:image:type\" content=\"image\/jpeg\" \/>\n<meta name=\"twitter:card\" content=\"summary_large_image\" \/>\n<meta name=\"twitter:label1\" content=\"\u01af\u1edbc t\u00ednh th\u1eddi gian \u0111\u1ecdc\" \/>\n\t<meta name=\"twitter:data1\" content=\"3 ph\u00fat\" \/>\n<script type=\"application\/ld+json\" class=\"yoast-schema-graph\">{\"@context\":\"https:\/\/schema.org\",\"@graph\":[{\"@type\":\"WebPage\",\"@id\":\"https:\/\/biogroupvietnam.com\/vi\/san-pham\/cellhome\/\",\"url\":\"https:\/\/biogroupvietnam.com\/vi\/san-pham\/cellhome\/\",\"name\":\"H\u1ed9p L\u00e0m L\u1ea1nh \u1ed0ng Ch\u1ee9a M\u1eabu CellHome\",\"isPartOf\":{\"@id\":\"https:\/\/biogroupvietnam.com\/vi\/#website\"},\"primaryImageOfPage\":{\"@id\":\"https:\/\/biogroupvietnam.com\/vi\/san-pham\/cellhome\/#primaryimage\"},\"image\":{\"@id\":\"https:\/\/biogroupvietnam.com\/vi\/san-pham\/cellhome\/#primaryimage\"},\"thumbnailUrl\":\"https:\/\/biogroupvietnam.com\/wp-content\/uploads\/2025\/08\/CellHome.jpg\",\"datePublished\":\"2025-08-18T12:55:38+00:00\",\"dateModified\":\"2025-11-12T11:13:20+00:00\",\"description\":\"H\u1ed9p L\u00e0m L\u1ea1nh \u1ed0ng Ch\u1ee9a M\u1eabu CellHome \u0111\u01b0\u1ee3c \u00e1p d\u1ee5ng cho nhi\u1ec1u lo\u1ea1i t\u1ebf b\u00e0o bao g\u1ed3m t\u1ebf b\u00e0o g\u1ed1c, t\u1ebf b\u00e0o s\u01a1 c\u1ea5p v\u00e0 c\u00e1c d\u00f2ng t\u1ebf b\u00e0o.\",\"breadcrumb\":{\"@id\":\"https:\/\/biogroupvietnam.com\/vi\/san-pham\/cellhome\/#breadcrumb\"},\"inLanguage\":\"vi\",\"potentialAction\":[{\"@type\":\"ReadAction\",\"target\":[\"https:\/\/biogroupvietnam.com\/vi\/san-pham\/cellhome\/\"]}]},{\"@type\":\"ImageObject\",\"inLanguage\":\"vi\",\"@id\":\"https:\/\/biogroupvietnam.com\/vi\/san-pham\/cellhome\/#primaryimage\",\"url\":\"https:\/\/biogroupvietnam.com\/wp-content\/uploads\/2025\/08\/CellHome.jpg\",\"contentUrl\":\"https:\/\/biogroupvietnam.com\/wp-content\/uploads\/2025\/08\/CellHome.jpg\",\"width\":1640,\"height\":1260},{\"@type\":\"BreadcrumbList\",\"@id\":\"https:\/\/biogroupvietnam.com\/vi\/san-pham\/cellhome\/#breadcrumb\",\"itemListElement\":[{\"@type\":\"ListItem\",\"position\":1,\"name\":\"Trang ch\u1ee7\",\"item\":\"https:\/\/biogroupvietnam.com\/vi\/\"},{\"@type\":\"ListItem\",\"position\":2,\"name\":\"S\u1ea3n ph\u1ea9m\",\"item\":\"https:\/\/biogroupvietnam.com\/vi\/san-pham\/\"},{\"@type\":\"ListItem\",\"position\":3,\"name\":\"B\u1ea3o Qu\u1ea3n L\u1ea1nh T\u1ebf B\u00e0o\",\"item\":\"https:\/\/biogroupvietnam.com\/vi\/danh-muc-san-pham\/bao-quan-lanh-te-bao\/\"},{\"@type\":\"ListItem\",\"position\":4,\"name\":\"D\u1ee5ng C\u1ee5 V\u1eadn Chuy\u1ec3n B\u1ea3o Qu\u1ea3n T\u1ebf B\u00e0o\",\"item\":\"https:\/\/biogroupvietnam.com\/vi\/danh-muc-san-pham\/dung-cu-van-chuyen-bao-quan-te-bao\/\"},{\"@type\":\"ListItem\",\"position\":5,\"name\":\"H\u1ed9p L\u00e0m L\u1ea1nh \u1ed0ng Ch\u1ee9a M\u1eabu CellHome\"}]},{\"@type\":\"WebSite\",\"@id\":\"https:\/\/biogroupvietnam.com\/vi\/#website\",\"url\":\"https:\/\/biogroupvietnam.com\/vi\/\",\"name\":\"Biogroup Vietnam\",\"description\":\"Biogroup Vietnam cung c\u1ea5p d\u1ecbch v\u1ee5 k\u1ef9 thu\u1eadt c\u00f9ng thi\u1ebft b\u1ecb, v\u1eadt t\u01b0, h\u00f3a ch\u1ea5t v\u00e0 gi\u1ea3i ph\u00e1p sinh h\u1ecdc cho ph\u00f2ng th\u00ed nghi\u1ec7m c\u00f4ng ngh\u1ec7 sinh h\u1ecdc, y sinh v\u00e0 y h\u1ecdc t\u00e1i t\u1ea1o.\",\"potentialAction\":[{\"@type\":\"SearchAction\",\"target\":{\"@type\":\"EntryPoint\",\"urlTemplate\":\"https:\/\/biogroupvietnam.com\/vi\/?s={search_term_string}\"},\"query-input\":{\"@type\":\"PropertyValueSpecification\",\"valueRequired\":true,\"valueName\":\"search_term_string\"}}],\"inLanguage\":\"vi\"}]}<\/script>\n<!-- \/ Yoast SEO plugin. -->","yoast_head_json":{"title":"H\u1ed9p L\u00e0m L\u1ea1nh \u1ed0ng Ch\u1ee9a M\u1eabu CellHome","description":"H\u1ed9p L\u00e0m L\u1ea1nh \u1ed0ng Ch\u1ee9a M\u1eabu CellHome \u0111\u01b0\u1ee3c \u00e1p d\u1ee5ng cho nhi\u1ec1u lo\u1ea1i t\u1ebf b\u00e0o bao g\u1ed3m t\u1ebf b\u00e0o g\u1ed1c, t\u1ebf b\u00e0o s\u01a1 c\u1ea5p v\u00e0 c\u00e1c d\u00f2ng t\u1ebf b\u00e0o.","robots":{"index":"index","follow":"follow","max-snippet":"max-snippet:-1","max-image-preview":"max-image-preview:large","max-video-preview":"max-video-preview:-1"},"canonical":"https:\/\/biogroupvietnam.com\/vi\/san-pham\/cellhome\/","og_locale":"vi_VN","og_type":"article","og_title":"H\u1ed9p L\u00e0m L\u1ea1nh \u1ed0ng Ch\u1ee9a M\u1eabu CellHome","og_description":"H\u1ed9p L\u00e0m L\u1ea1nh \u1ed0ng Ch\u1ee9a M\u1eabu CellHome \u0111\u01b0\u1ee3c \u00e1p d\u1ee5ng cho nhi\u1ec1u lo\u1ea1i t\u1ebf b\u00e0o bao g\u1ed3m t\u1ebf b\u00e0o g\u1ed1c, t\u1ebf b\u00e0o s\u01a1 c\u1ea5p v\u00e0 c\u00e1c d\u00f2ng t\u1ebf b\u00e0o.","og_url":"https:\/\/biogroupvietnam.com\/vi\/san-pham\/cellhome\/","og_site_name":"Biogroup Vietnam","article_modified_time":"2025-11-12T11:13:20+00:00","og_image":[{"width":1640,"height":1260,"url":"https:\/\/biogroupvietnam.com\/wp-content\/uploads\/2025\/08\/CellHome.jpg","type":"image\/jpeg"}],"twitter_card":"summary_large_image","twitter_misc":{"\u01af\u1edbc t\u00ednh th\u1eddi gian \u0111\u1ecdc":"3 ph\u00fat"},"schema":{"@context":"https:\/\/schema.org","@graph":[{"@type":"WebPage","@id":"https:\/\/biogroupvietnam.com\/vi\/san-pham\/cellhome\/","url":"https:\/\/biogroupvietnam.com\/vi\/san-pham\/cellhome\/","name":"H\u1ed9p L\u00e0m L\u1ea1nh \u1ed0ng Ch\u1ee9a M\u1eabu CellHome","isPartOf":{"@id":"https:\/\/biogroupvietnam.com\/vi\/#website"},"primaryImageOfPage":{"@id":"https:\/\/biogroupvietnam.com\/vi\/san-pham\/cellhome\/#primaryimage"},"image":{"@id":"https:\/\/biogroupvietnam.com\/vi\/san-pham\/cellhome\/#primaryimage"},"thumbnailUrl":"https:\/\/biogroupvietnam.com\/wp-content\/uploads\/2025\/08\/CellHome.jpg","datePublished":"2025-08-18T12:55:38+00:00","dateModified":"2025-11-12T11:13:20+00:00","description":"H\u1ed9p L\u00e0m L\u1ea1nh \u1ed0ng Ch\u1ee9a M\u1eabu CellHome \u0111\u01b0\u1ee3c \u00e1p d\u1ee5ng cho nhi\u1ec1u lo\u1ea1i t\u1ebf b\u00e0o bao g\u1ed3m t\u1ebf b\u00e0o g\u1ed1c, t\u1ebf b\u00e0o s\u01a1 c\u1ea5p v\u00e0 c\u00e1c d\u00f2ng t\u1ebf b\u00e0o.","breadcrumb":{"@id":"https:\/\/biogroupvietnam.com\/vi\/san-pham\/cellhome\/#breadcrumb"},"inLanguage":"vi","potentialAction":[{"@type":"ReadAction","target":["https:\/\/biogroupvietnam.com\/vi\/san-pham\/cellhome\/"]}]},{"@type":"ImageObject","inLanguage":"vi","@id":"https:\/\/biogroupvietnam.com\/vi\/san-pham\/cellhome\/#primaryimage","url":"https:\/\/biogroupvietnam.com\/wp-content\/uploads\/2025\/08\/CellHome.jpg","contentUrl":"https:\/\/biogroupvietnam.com\/wp-content\/uploads\/2025\/08\/CellHome.jpg","width":1640,"height":1260},{"@type":"BreadcrumbList","@id":"https:\/\/biogroupvietnam.com\/vi\/san-pham\/cellhome\/#breadcrumb","itemListElement":[{"@type":"ListItem","position":1,"name":"Trang ch\u1ee7","item":"https:\/\/biogroupvietnam.com\/vi\/"},{"@type":"ListItem","position":2,"name":"S\u1ea3n ph\u1ea9m","item":"https:\/\/biogroupvietnam.com\/vi\/san-pham\/"},{"@type":"ListItem","position":3,"name":"B\u1ea3o Qu\u1ea3n L\u1ea1nh T\u1ebf B\u00e0o","item":"https:\/\/biogroupvietnam.com\/vi\/danh-muc-san-pham\/bao-quan-lanh-te-bao\/"},{"@type":"ListItem","position":4,"name":"D\u1ee5ng C\u1ee5 V\u1eadn Chuy\u1ec3n B\u1ea3o Qu\u1ea3n T\u1ebf B\u00e0o","item":"https:\/\/biogroupvietnam.com\/vi\/danh-muc-san-pham\/dung-cu-van-chuyen-bao-quan-te-bao\/"},{"@type":"ListItem","position":5,"name":"H\u1ed9p L\u00e0m L\u1ea1nh \u1ed0ng Ch\u1ee9a M\u1eabu CellHome"}]},{"@type":"WebSite","@id":"https:\/\/biogroupvietnam.com\/vi\/#website","url":"https:\/\/biogroupvietnam.com\/vi\/","name":"Biogroup Vietnam","description":"Biogroup Vietnam cung c\u1ea5p d\u1ecbch v\u1ee5 k\u1ef9 thu\u1eadt c\u00f9ng thi\u1ebft b\u1ecb, v\u1eadt t\u01b0, h\u00f3a ch\u1ea5t v\u00e0 gi\u1ea3i ph\u00e1p sinh h\u1ecdc cho ph\u00f2ng th\u00ed nghi\u1ec7m c\u00f4ng ngh\u1ec7 sinh h\u1ecdc, y sinh v\u00e0 y h\u1ecdc t\u00e1i t\u1ea1o.","potentialAction":[{"@type":"SearchAction","target":{"@type":"EntryPoint","urlTemplate":"https:\/\/biogroupvietnam.com\/vi\/?s={search_term_string}"},"query-input":{"@type":"PropertyValueSpecification","valueRequired":true,"valueName":"search_term_string"}}],"inLanguage":"vi"}]}},"_links":{"self":[{"href":"https:\/\/biogroupvietnam.com\/vi\/wp-json\/wp\/v2\/product\/4013","targetHints":{"allow":["GET"]}}],"collection":[{"href":"https:\/\/biogroupvietnam.com\/vi\/wp-json\/wp\/v2\/product"}],"about":[{"href":"https:\/\/biogroupvietnam.com\/vi\/wp-json\/wp\/v2\/types\/product"}],"replies":[{"embeddable":true,"href":"https:\/\/biogroupvietnam.com\/vi\/wp-json\/wp\/v2\/comments?post=4013"}],"version-history":[{"count":3,"href":"https:\/\/biogroupvietnam.com\/vi\/wp-json\/wp\/v2\/product\/4013\/revisions"}],"predecessor-version":[{"id":8891,"href":"https:\/\/biogroupvietnam.com\/vi\/wp-json\/wp\/v2\/product\/4013\/revisions\/8891"}],"wp:featuredmedia":[{"embeddable":true,"href":"https:\/\/biogroupvietnam.com\/vi\/wp-json\/wp\/v2\/media\/8885"}],"wp:attachment":[{"href":"https:\/\/biogroupvietnam.com\/vi\/wp-json\/wp\/v2\/media?parent=4013"}],"wp:term":[{"taxonomy":"product_brand","embeddable":true,"href":"https:\/\/biogroupvietnam.com\/vi\/wp-json\/wp\/v2\/product_brand?post=4013"},{"taxonomy":"product_cat","embeddable":true,"href":"https:\/\/biogroupvietnam.com\/vi\/wp-json\/wp\/v2\/product_cat?post=4013"},{"taxonomy":"product_tag","embeddable":true,"href":"https:\/\/biogroupvietnam.com\/vi\/wp-json\/wp\/v2\/product_tag?post=4013"}],"curies":[{"name":"wp","href":"https:\/\/api.w.org\/{rel}","templated":true}]}}