{"id":4014,"date":"2025-08-18T19:55:38","date_gmt":"2025-08-18T12:55:38","guid":{"rendered":"http:\/\/biogroupvietnam-worldpress.local\/product\/import-placeholder-for-222\/"},"modified":"2025-11-12T18:13:14","modified_gmt":"2025-11-12T11:13:14","slug":"coolhome","status":"publish","type":"product","link":"https:\/\/biogroupvietnam.com\/vi\/san-pham\/coolhome\/","title":{"rendered":"D\u1ee5ng C\u1ee5 gi\u1eef L\u1ea1nh M\u1eabu CoolHome"},"content":{"rendered":"<h2>CoolHome l\u00e0 lo\u1ea1i d\u1ee5ng c\u1ee5 gi\u1eef l\u1ea1nh m\u1edbi ti\u1ebft ki\u1ec7m n\u0103ng l\u01b0\u1ee3ng, b\u1ea3o v\u1ec7 m\u00f4i tr\u01b0\u1eddng, an to\u00e0n, ti\u00eau chu\u1ea9n h\u00f3a, c\u00f3 th\u1ec3 l\u00e0m l\u1ea1nh m\u1eabu c\u1ea3 ng\u00e0y m\u00e0 kh\u00f4ng c\u1ea7n \u0111\u00e1, \u0111i\u1ec7n ho\u1eb7c pin.<\/h2>\n<h3>\u0110\u1eb7c \u0111i\u1ec3m c\u1ee7a d\u1ee5ng c\u1ee5 gi\u1eef l\u1ea1nh m\u1eabu CoolHome:<\/h3>\n<p>&#8211; Nhi\u1ec1u l\u00f5i l\u00e0m l\u1ea1nh t\u00f9y ch\u1ecdn \u0111\u1ec3 cung c\u1ea5p nhi\u1ec7t \u0111\u1ed9 m\u1eabu c\u1ea7n thi\u1ebft<\/p>\n<p>&#8211; Ki\u1ec3m so\u00e1t nhi\u1ec7t \u0111\u1ed9 ch\u00ednh x\u00e1c, duy tr\u00ec nhi\u1ec7t \u0111\u1ed9 \u0111\u1ed3ng \u0111\u1ec1u gi\u1eefa c\u00e1c v\u1ecb tr\u00ed \u0111\u1eb7t m\u1eabu<\/p>\n<p>&#8211; V\u1eadt li\u1ec7u b\u00ean ngo\u00e0i b\u1ec1n, kh\u00f4ng th\u1ea5m n\u01b0\u1edbc.<\/p>\n<p>&#8211; Thi\u1ebft k\u1ebf ph\u00f9 h\u1ee3p v\u1edbi c\u00e1c h\u1ec7 th\u1ed1ng t\u1ef1 \u0111\u1ed9ng h\u00f3a.<\/p>\n<p>&#8211; Lo\u1ea1i di \u0111\u1ed9ng, t\u01b0\u01a1ng th\u00edch v\u1edbi nhi\u1ec1u lo\u1ea1i v\u1eadt ch\u1ee9a m\u1eabu<\/p>\n<p>&#8211; V\u1ec7 sinh b\u1eb1ng c\u1ed3n d\u1ec5 d\u00e0ng.<\/p>\n<p>&#8211; T\u1ea5t c\u1ea3 c\u00e1c m\u1eabu \u0111\u01b0\u1ee3c s\u1eafp x\u1ebfp ng\u0103n n\u1eafp, an to\u00e0n v\u00e0 kh\u00f4 r\u00e1o.<\/p>\n<p>&#8211; C\u00f3 th\u1ec3 t\u00e1i s\u1eed d\u1ee5ng nhi\u1ec1u l\u1ea7n<\/p>\n<p>&#8211; M\u00f4-\u0111un \u0111\u1ecdc nhi\u1ec7t \u0111\u1ed9 t\u00f9y ch\u1ecdn, d\u1ec5 \u0111\u1ecdc<\/p>\n<h3><strong>Th\u00f4ng s\u1ed1 k\u1ef9 thu\u1eadt:<\/strong><\/h3>\n<p>&#8211; V\u1eadt li\u1ec7u:<\/p>\n<p>+ N\u1eafp, L\u1edbp l\u00f3t, \u0110\u00e1y: Nh\u1ef1a EVA<\/p>\n<p>+ L\u00f5i l\u00e0m l\u1ea1nh: Aluminum<\/p>\n<p><strong>CoolHome-X:<\/strong><\/p>\n<p>&#8211; S\u1eed d\u1ee5ng l\u00f5i l\u00e0m l\u1ea1nh: X<\/p>\n<p>&#8211; Nhi\u1ec7t \u0111\u1ed9 gi\u1eef m\u1eabu: 0 \u0111\u1ebfn 4\u00b0C<\/p>\n<p>&#8211; Th\u1eddi gian gi\u1eef m\u1eabu: &gt;14 gi\u1edd<\/p>\n<p>&#8211; K\u00edch th\u01b0\u1edbc t\u1ed5ng (LxWxH): 200 x 160 x 160 mm<\/p>\n<p>&#8211; Tr\u1ecdng l\u01b0\u1ee3ng (kh\u00f4ng bao g\u1ed3m BlockHome): 1090g<\/p>\n<p><strong>CoolHome-X1:<\/strong><\/p>\n<p>&#8211; S\u1eed d\u1ee5ng l\u00f5i l\u00e0m l\u1ea1nh: X1<\/p>\n<p>&#8211; Nhi\u1ec7t \u0111\u1ed9 gi\u1eef m\u1eabu: -20\u00b0C \u0111\u1ebfn 0\u00b0C<\/p>\n<p>&#8211; Th\u1eddi gian gi\u1eef m\u1eabu: &gt;14 gi\u1edd<\/p>\n<p>&#8211; K\u00edch th\u01b0\u1edbc (LxWxH): 200 x 160 x 160 mm<\/p>\n<p>&#8211; Tr\u1ecdng l\u01b0\u1ee3ng (kh\u00f4ng bao g\u1ed3m BlockHome): 1120g<\/p>\n<p><strong>CoolHome-X2:<\/strong><\/p>\n<p>&#8211; S\u1eed d\u1ee5ng l\u00f5i l\u00e0m l\u1ea1nh: X2<\/p>\n<p>&#8211; Nhi\u1ec7t \u0111\u1ed9 gi\u1eef m\u1eabu: -20\u00b0C \u0111\u1ebfn -18\u00b0C<\/p>\n<p>&#8211; Th\u1eddi gian gi\u1eef m\u1eabu: &gt;6 gi\u1edd<\/p>\n<p>&#8211; K\u00edch th\u01b0\u1edbc (LxWxH): 200 x 160 x 160 mm<\/p>\n<p>&#8211; Tr\u1ecdng l\u01b0\u1ee3ng (kh\u00f4ng bao g\u1ed3m BlockHome): 1180g<\/p>\n<p><strong>CoolHome-XD:<\/strong><\/p>\n<p>&#8211; S\u1eed d\u1ee5ng \u0111\u00e1 kh\u00f4 \u0111\u1ec3 l\u00e0m l\u1ea1nh<\/p>\n<p>&#8211; Nhi\u1ec7t \u0111\u1ed9 gi\u1eef m\u1eabu: -78\u00b0C<\/p>\n<p>&#8211; Th\u1eddi gian gi\u1eef m\u1eabu: &gt;4 gi\u1edd<\/p>\n<p>&#8211; K\u00edch th\u01b0\u1edbc (LxWxH): 200 x 160 x 160 mm<\/p>\n<p>&#8211; Tr\u1ecdng l\u01b0\u1ee3ng (kh\u00f4ng bao g\u1ed3m BlockHome): 900g<\/p>\n","protected":false},"excerpt":{"rendered":"<p>CoolHome l\u00e0 lo\u1ea1i d\u1ee5ng c\u1ee5 gi\u1eef l\u1ea1nh m\u1edbi ti\u1ebft ki\u1ec7m n\u0103ng l\u01b0\u1ee3ng, b\u1ea3o v\u1ec7 m\u00f4i tr\u01b0\u1eddng, an to\u00e0n, ti\u00eau chu\u1ea9n h\u00f3a, c\u00f3 th\u1ec3 l\u00e0m l\u1ea1nh m\u1eabu c\u1ea3 ng\u00e0y m\u00e0 kh\u00f4ng c\u1ea7n \u0111\u00e1, \u0111i\u1ec7n ho\u1eb7c pin. \u0110\u1eb7c \u0111i\u1ec3m c\u1ee7a d\u1ee5ng c\u1ee5 gi\u1eef l\u1ea1nh m\u1eabu CoolHome: &#8211; Nhi\u1ec1u l\u00f5i l\u00e0m l\u1ea1nh t\u00f9y ch\u1ecdn \u0111\u1ec3 cung c\u1ea5p nhi\u1ec7t<\/p>\n<div class=\"klb-readmore post-buttons\"><a class=\"button rounded primary\" href=\"https:\/\/biogroupvietnam.com\/vi\/san-pham\/coolhome\/\">Read More <i class=\"klbth-icon-right-arrow\"><\/i><\/a><\/div>\n","protected":false},"featured_media":8884,"comment_status":"closed","ping_status":"closed","template":"","meta":{"_acf_changed":false},"product_brand":[143],"product_cat":[102],"product_tag":[],"class_list":{"0":"post-4014","1":"product","2":"type-product","3":"status-publish","4":"has-post-thumbnail","6":"product_brand-kemesser-technology","7":"product_cat-dung-cu-van-chuyen-bao-quan-te-bao","9":"first","10":"outofstock","11":"shipping-taxable","12":"product-type-simple"},"acf":[],"yoast_head":"<!-- This site is optimized with the Yoast SEO plugin v26.8 - https:\/\/yoast.com\/product\/yoast-seo-wordpress\/ -->\n<title>D\u1ee5ng C\u1ee5 gi\u1eef L\u1ea1nh M\u1eabu CoolHome<\/title>\n<meta name=\"description\" content=\"CoolHome l\u00e0 lo\u1ea1i d\u1ee5ng c\u1ee5 gi\u1eef l\u1ea1nh m\u1edbi ti\u1ebft ki\u1ec7m n\u0103ng l\u01b0\u1ee3ng, b\u1ea3o v\u1ec7 m\u00f4i tr\u01b0\u1eddng, an to\u00e0n, ti\u00eau chu\u1ea9n h\u00f3a, c\u00f3 th\u1ec3 l\u00e0m l\u1ea1nh m\u1eabu c\u1ea3 ng\u00e0y m\u00e0 kh\u00f4ng c\u1ea7n \u0111\u00e1, \u0111i\u1ec7n ho\u1eb7c pin.\" \/>\n<meta name=\"robots\" content=\"index, follow, max-snippet:-1, max-image-preview:large, max-video-preview:-1\" \/>\n<link rel=\"canonical\" href=\"https:\/\/biogroupvietnam.com\/vi\/san-pham\/coolhome\/\" \/>\n<meta property=\"og:locale\" content=\"vi_VN\" \/>\n<meta property=\"og:type\" content=\"article\" \/>\n<meta property=\"og:title\" content=\"D\u1ee5ng C\u1ee5 gi\u1eef L\u1ea1nh M\u1eabu CoolHome\" \/>\n<meta property=\"og:description\" content=\"CoolHome l\u00e0 lo\u1ea1i d\u1ee5ng c\u1ee5 gi\u1eef l\u1ea1nh m\u1edbi ti\u1ebft ki\u1ec7m n\u0103ng l\u01b0\u1ee3ng, b\u1ea3o v\u1ec7 m\u00f4i tr\u01b0\u1eddng, an to\u00e0n, ti\u00eau chu\u1ea9n h\u00f3a, c\u00f3 th\u1ec3 l\u00e0m l\u1ea1nh m\u1eabu c\u1ea3 ng\u00e0y m\u00e0 kh\u00f4ng c\u1ea7n \u0111\u00e1, \u0111i\u1ec7n ho\u1eb7c pin.\" \/>\n<meta property=\"og:url\" content=\"https:\/\/biogroupvietnam.com\/vi\/san-pham\/coolhome\/\" \/>\n<meta property=\"og:site_name\" content=\"Biogroup Vietnam\" \/>\n<meta property=\"article:modified_time\" content=\"2025-11-12T11:13:14+00:00\" \/>\n<meta property=\"og:image\" content=\"https:\/\/biogroupvietnam.com\/wp-content\/uploads\/2025\/08\/CoolHome.jpg\" \/>\n\t<meta property=\"og:image:width\" content=\"1640\" \/>\n\t<meta property=\"og:image:height\" content=\"1260\" \/>\n\t<meta property=\"og:image:type\" content=\"image\/jpeg\" \/>\n<meta name=\"twitter:card\" content=\"summary_large_image\" \/>\n<meta name=\"twitter:label1\" content=\"\u01af\u1edbc t\u00ednh th\u1eddi gian \u0111\u1ecdc\" \/>\n\t<meta name=\"twitter:data1\" content=\"2 ph\u00fat\" \/>\n<script type=\"application\/ld+json\" class=\"yoast-schema-graph\">{\"@context\":\"https:\/\/schema.org\",\"@graph\":[{\"@type\":\"WebPage\",\"@id\":\"https:\/\/biogroupvietnam.com\/vi\/san-pham\/coolhome\/\",\"url\":\"https:\/\/biogroupvietnam.com\/vi\/san-pham\/coolhome\/\",\"name\":\"D\u1ee5ng C\u1ee5 gi\u1eef L\u1ea1nh M\u1eabu CoolHome\",\"isPartOf\":{\"@id\":\"https:\/\/biogroupvietnam.com\/vi\/#website\"},\"primaryImageOfPage\":{\"@id\":\"https:\/\/biogroupvietnam.com\/vi\/san-pham\/coolhome\/#primaryimage\"},\"image\":{\"@id\":\"https:\/\/biogroupvietnam.com\/vi\/san-pham\/coolhome\/#primaryimage\"},\"thumbnailUrl\":\"https:\/\/biogroupvietnam.com\/wp-content\/uploads\/2025\/08\/CoolHome.jpg\",\"datePublished\":\"2025-08-18T12:55:38+00:00\",\"dateModified\":\"2025-11-12T11:13:14+00:00\",\"description\":\"CoolHome l\u00e0 lo\u1ea1i d\u1ee5ng c\u1ee5 gi\u1eef l\u1ea1nh m\u1edbi ti\u1ebft ki\u1ec7m n\u0103ng l\u01b0\u1ee3ng, b\u1ea3o v\u1ec7 m\u00f4i tr\u01b0\u1eddng, an to\u00e0n, ti\u00eau chu\u1ea9n h\u00f3a, c\u00f3 th\u1ec3 l\u00e0m l\u1ea1nh m\u1eabu c\u1ea3 ng\u00e0y m\u00e0 kh\u00f4ng c\u1ea7n \u0111\u00e1, \u0111i\u1ec7n ho\u1eb7c pin.\",\"breadcrumb\":{\"@id\":\"https:\/\/biogroupvietnam.com\/vi\/san-pham\/coolhome\/#breadcrumb\"},\"inLanguage\":\"vi\",\"potentialAction\":[{\"@type\":\"ReadAction\",\"target\":[\"https:\/\/biogroupvietnam.com\/vi\/san-pham\/coolhome\/\"]}]},{\"@type\":\"ImageObject\",\"inLanguage\":\"vi\",\"@id\":\"https:\/\/biogroupvietnam.com\/vi\/san-pham\/coolhome\/#primaryimage\",\"url\":\"https:\/\/biogroupvietnam.com\/wp-content\/uploads\/2025\/08\/CoolHome.jpg\",\"contentUrl\":\"https:\/\/biogroupvietnam.com\/wp-content\/uploads\/2025\/08\/CoolHome.jpg\",\"width\":1640,\"height\":1260},{\"@type\":\"BreadcrumbList\",\"@id\":\"https:\/\/biogroupvietnam.com\/vi\/san-pham\/coolhome\/#breadcrumb\",\"itemListElement\":[{\"@type\":\"ListItem\",\"position\":1,\"name\":\"Trang ch\u1ee7\",\"item\":\"https:\/\/biogroupvietnam.com\/vi\/\"},{\"@type\":\"ListItem\",\"position\":2,\"name\":\"S\u1ea3n ph\u1ea9m\",\"item\":\"https:\/\/biogroupvietnam.com\/vi\/san-pham\/\"},{\"@type\":\"ListItem\",\"position\":3,\"name\":\"B\u1ea3o Qu\u1ea3n L\u1ea1nh T\u1ebf B\u00e0o\",\"item\":\"https:\/\/biogroupvietnam.com\/vi\/danh-muc-san-pham\/bao-quan-lanh-te-bao\/\"},{\"@type\":\"ListItem\",\"position\":4,\"name\":\"D\u1ee5ng C\u1ee5 V\u1eadn Chuy\u1ec3n B\u1ea3o Qu\u1ea3n T\u1ebf B\u00e0o\",\"item\":\"https:\/\/biogroupvietnam.com\/vi\/danh-muc-san-pham\/dung-cu-van-chuyen-bao-quan-te-bao\/\"},{\"@type\":\"ListItem\",\"position\":5,\"name\":\"D\u1ee5ng C\u1ee5 gi\u1eef L\u1ea1nh M\u1eabu CoolHome\"}]},{\"@type\":\"WebSite\",\"@id\":\"https:\/\/biogroupvietnam.com\/vi\/#website\",\"url\":\"https:\/\/biogroupvietnam.com\/vi\/\",\"name\":\"Biogroup Vietnam\",\"description\":\"Biogroup Vietnam cung c\u1ea5p d\u1ecbch v\u1ee5 k\u1ef9 thu\u1eadt c\u00f9ng thi\u1ebft b\u1ecb, v\u1eadt t\u01b0, h\u00f3a ch\u1ea5t v\u00e0 gi\u1ea3i ph\u00e1p sinh h\u1ecdc cho ph\u00f2ng th\u00ed nghi\u1ec7m c\u00f4ng ngh\u1ec7 sinh h\u1ecdc, y sinh v\u00e0 y h\u1ecdc t\u00e1i t\u1ea1o.\",\"potentialAction\":[{\"@type\":\"SearchAction\",\"target\":{\"@type\":\"EntryPoint\",\"urlTemplate\":\"https:\/\/biogroupvietnam.com\/vi\/?s={search_term_string}\"},\"query-input\":{\"@type\":\"PropertyValueSpecification\",\"valueRequired\":true,\"valueName\":\"search_term_string\"}}],\"inLanguage\":\"vi\"}]}<\/script>\n<!-- \/ Yoast SEO plugin. -->","yoast_head_json":{"title":"D\u1ee5ng C\u1ee5 gi\u1eef L\u1ea1nh M\u1eabu CoolHome","description":"CoolHome l\u00e0 lo\u1ea1i d\u1ee5ng c\u1ee5 gi\u1eef l\u1ea1nh m\u1edbi ti\u1ebft ki\u1ec7m n\u0103ng l\u01b0\u1ee3ng, b\u1ea3o v\u1ec7 m\u00f4i tr\u01b0\u1eddng, an to\u00e0n, ti\u00eau chu\u1ea9n h\u00f3a, c\u00f3 th\u1ec3 l\u00e0m l\u1ea1nh m\u1eabu c\u1ea3 ng\u00e0y m\u00e0 kh\u00f4ng c\u1ea7n \u0111\u00e1, \u0111i\u1ec7n ho\u1eb7c pin.","robots":{"index":"index","follow":"follow","max-snippet":"max-snippet:-1","max-image-preview":"max-image-preview:large","max-video-preview":"max-video-preview:-1"},"canonical":"https:\/\/biogroupvietnam.com\/vi\/san-pham\/coolhome\/","og_locale":"vi_VN","og_type":"article","og_title":"D\u1ee5ng C\u1ee5 gi\u1eef L\u1ea1nh M\u1eabu CoolHome","og_description":"CoolHome l\u00e0 lo\u1ea1i d\u1ee5ng c\u1ee5 gi\u1eef l\u1ea1nh m\u1edbi ti\u1ebft ki\u1ec7m n\u0103ng l\u01b0\u1ee3ng, b\u1ea3o v\u1ec7 m\u00f4i tr\u01b0\u1eddng, an to\u00e0n, ti\u00eau chu\u1ea9n h\u00f3a, c\u00f3 th\u1ec3 l\u00e0m l\u1ea1nh m\u1eabu c\u1ea3 ng\u00e0y m\u00e0 kh\u00f4ng c\u1ea7n \u0111\u00e1, \u0111i\u1ec7n ho\u1eb7c pin.","og_url":"https:\/\/biogroupvietnam.com\/vi\/san-pham\/coolhome\/","og_site_name":"Biogroup Vietnam","article_modified_time":"2025-11-12T11:13:14+00:00","og_image":[{"width":1640,"height":1260,"url":"https:\/\/biogroupvietnam.com\/wp-content\/uploads\/2025\/08\/CoolHome.jpg","type":"image\/jpeg"}],"twitter_card":"summary_large_image","twitter_misc":{"\u01af\u1edbc t\u00ednh th\u1eddi gian \u0111\u1ecdc":"2 ph\u00fat"},"schema":{"@context":"https:\/\/schema.org","@graph":[{"@type":"WebPage","@id":"https:\/\/biogroupvietnam.com\/vi\/san-pham\/coolhome\/","url":"https:\/\/biogroupvietnam.com\/vi\/san-pham\/coolhome\/","name":"D\u1ee5ng C\u1ee5 gi\u1eef L\u1ea1nh M\u1eabu CoolHome","isPartOf":{"@id":"https:\/\/biogroupvietnam.com\/vi\/#website"},"primaryImageOfPage":{"@id":"https:\/\/biogroupvietnam.com\/vi\/san-pham\/coolhome\/#primaryimage"},"image":{"@id":"https:\/\/biogroupvietnam.com\/vi\/san-pham\/coolhome\/#primaryimage"},"thumbnailUrl":"https:\/\/biogroupvietnam.com\/wp-content\/uploads\/2025\/08\/CoolHome.jpg","datePublished":"2025-08-18T12:55:38+00:00","dateModified":"2025-11-12T11:13:14+00:00","description":"CoolHome l\u00e0 lo\u1ea1i d\u1ee5ng c\u1ee5 gi\u1eef l\u1ea1nh m\u1edbi ti\u1ebft ki\u1ec7m n\u0103ng l\u01b0\u1ee3ng, b\u1ea3o v\u1ec7 m\u00f4i tr\u01b0\u1eddng, an to\u00e0n, ti\u00eau chu\u1ea9n h\u00f3a, c\u00f3 th\u1ec3 l\u00e0m l\u1ea1nh m\u1eabu c\u1ea3 ng\u00e0y m\u00e0 kh\u00f4ng c\u1ea7n \u0111\u00e1, \u0111i\u1ec7n ho\u1eb7c pin.","breadcrumb":{"@id":"https:\/\/biogroupvietnam.com\/vi\/san-pham\/coolhome\/#breadcrumb"},"inLanguage":"vi","potentialAction":[{"@type":"ReadAction","target":["https:\/\/biogroupvietnam.com\/vi\/san-pham\/coolhome\/"]}]},{"@type":"ImageObject","inLanguage":"vi","@id":"https:\/\/biogroupvietnam.com\/vi\/san-pham\/coolhome\/#primaryimage","url":"https:\/\/biogroupvietnam.com\/wp-content\/uploads\/2025\/08\/CoolHome.jpg","contentUrl":"https:\/\/biogroupvietnam.com\/wp-content\/uploads\/2025\/08\/CoolHome.jpg","width":1640,"height":1260},{"@type":"BreadcrumbList","@id":"https:\/\/biogroupvietnam.com\/vi\/san-pham\/coolhome\/#breadcrumb","itemListElement":[{"@type":"ListItem","position":1,"name":"Trang ch\u1ee7","item":"https:\/\/biogroupvietnam.com\/vi\/"},{"@type":"ListItem","position":2,"name":"S\u1ea3n ph\u1ea9m","item":"https:\/\/biogroupvietnam.com\/vi\/san-pham\/"},{"@type":"ListItem","position":3,"name":"B\u1ea3o Qu\u1ea3n L\u1ea1nh T\u1ebf B\u00e0o","item":"https:\/\/biogroupvietnam.com\/vi\/danh-muc-san-pham\/bao-quan-lanh-te-bao\/"},{"@type":"ListItem","position":4,"name":"D\u1ee5ng C\u1ee5 V\u1eadn Chuy\u1ec3n B\u1ea3o Qu\u1ea3n T\u1ebf B\u00e0o","item":"https:\/\/biogroupvietnam.com\/vi\/danh-muc-san-pham\/dung-cu-van-chuyen-bao-quan-te-bao\/"},{"@type":"ListItem","position":5,"name":"D\u1ee5ng C\u1ee5 gi\u1eef L\u1ea1nh M\u1eabu CoolHome"}]},{"@type":"WebSite","@id":"https:\/\/biogroupvietnam.com\/vi\/#website","url":"https:\/\/biogroupvietnam.com\/vi\/","name":"Biogroup Vietnam","description":"Biogroup Vietnam cung c\u1ea5p d\u1ecbch v\u1ee5 k\u1ef9 thu\u1eadt c\u00f9ng thi\u1ebft b\u1ecb, v\u1eadt t\u01b0, h\u00f3a ch\u1ea5t v\u00e0 gi\u1ea3i ph\u00e1p sinh h\u1ecdc cho ph\u00f2ng th\u00ed nghi\u1ec7m c\u00f4ng ngh\u1ec7 sinh h\u1ecdc, y sinh v\u00e0 y h\u1ecdc t\u00e1i t\u1ea1o.","potentialAction":[{"@type":"SearchAction","target":{"@type":"EntryPoint","urlTemplate":"https:\/\/biogroupvietnam.com\/vi\/?s={search_term_string}"},"query-input":{"@type":"PropertyValueSpecification","valueRequired":true,"valueName":"search_term_string"}}],"inLanguage":"vi"}]}},"_links":{"self":[{"href":"https:\/\/biogroupvietnam.com\/vi\/wp-json\/wp\/v2\/product\/4014","targetHints":{"allow":["GET"]}}],"collection":[{"href":"https:\/\/biogroupvietnam.com\/vi\/wp-json\/wp\/v2\/product"}],"about":[{"href":"https:\/\/biogroupvietnam.com\/vi\/wp-json\/wp\/v2\/types\/product"}],"replies":[{"embeddable":true,"href":"https:\/\/biogroupvietnam.com\/vi\/wp-json\/wp\/v2\/comments?post=4014"}],"version-history":[{"count":3,"href":"https:\/\/biogroupvietnam.com\/vi\/wp-json\/wp\/v2\/product\/4014\/revisions"}],"predecessor-version":[{"id":8890,"href":"https:\/\/biogroupvietnam.com\/vi\/wp-json\/wp\/v2\/product\/4014\/revisions\/8890"}],"wp:featuredmedia":[{"embeddable":true,"href":"https:\/\/biogroupvietnam.com\/vi\/wp-json\/wp\/v2\/media\/8884"}],"wp:attachment":[{"href":"https:\/\/biogroupvietnam.com\/vi\/wp-json\/wp\/v2\/media?parent=4014"}],"wp:term":[{"taxonomy":"product_brand","embeddable":true,"href":"https:\/\/biogroupvietnam.com\/vi\/wp-json\/wp\/v2\/product_brand?post=4014"},{"taxonomy":"product_cat","embeddable":true,"href":"https:\/\/biogroupvietnam.com\/vi\/wp-json\/wp\/v2\/product_cat?post=4014"},{"taxonomy":"product_tag","embeddable":true,"href":"https:\/\/biogroupvietnam.com\/vi\/wp-json\/wp\/v2\/product_tag?post=4014"}],"curies":[{"name":"wp","href":"https:\/\/api.w.org\/{rel}","templated":true}]}}