{"id":4015,"date":"2025-08-18T19:55:38","date_gmt":"2025-08-18T12:55:38","guid":{"rendered":"http:\/\/biogroupvietnam-worldpress.local\/product\/import-placeholder-for-223\/"},"modified":"2026-04-02T11:27:00","modified_gmt":"2026-04-02T04:27:00","slug":"organoid-culture-plates","status":"publish","type":"product","link":"https:\/\/biogroupvietnam.com\/vi\/san-pham\/organoid-culture-plates\/","title":{"rendered":"\u0110\u0129a Nu\u00f4i C\u1ea5y Organoid \u2013 Organoid Culture Plates"},"content":{"rendered":"<h3><strong>T\u1ed5ng quan v\u1ec1 \u0111\u0129a nu\u00f4i c\u1ea5y organoid<\/strong><\/h3>\n<p>\u0110\u0129a Nu\u00f4i C\u1ea5y Organoid Culture Plate l\u00e0 d\u1ee5ng c\u1ee5 d\u00f9ng cho nu\u00f4i c\u1ea5y 3D gi\u00fap t\u0103ng sinh v\u00e0 bi\u1ec7t h\u00f3a organoid d\u1ec5 d\u00e0ng h\u01a1n, nhanh ch\u00f3ng h\u01a1n v\u00e0 \u1ed5n \u0111\u1ecbnh h\u01a1n. \u0110\u0129a n\u00e0y \u0111\u1ea3m b\u1ea3o c\u00e1c m\u00f4i tr\u01b0\u1eddng nu\u00f4i c\u1ea5y d\u1ef1a tr\u00ean ch\u1ea5t n\u1ec1n \u0111\u01b0\u1ee3c h\u00ecnh th\u00e0nh v\u1edbi \u0111\u1ed9 s\u00e2u nu\u00f4i c\u1ea5y ki\u1ec3m so\u00e1t, mang l\u1ea1i s\u1ef1 ph\u00e1t tri\u1ec3n c\u00f3 th\u1ec3 t\u00e1i l\u1eadp, v\u00e0 c\u00e1c c\u1ea5u tr\u00fac organoid \u0111\u01b0\u1ee3c gi\u1eef \u1edf trung t\u00e2m gi\u1ebfng, c\u1ea3i thi\u1ec7n kh\u1ea3 n\u0103ng quan s\u00e1t.<\/p>\n<h3><strong>T\u00ednh n\u0103ng n\u1ed5i b\u1eadt c\u1ee7a \u0111\u0129a nu\u00f4i c\u1ea5y organoid<\/strong><\/h3>\n<ul>\n<li><strong>Kh\u00f4ng c\u1ea7n l\u00e0m \u1ea5m tr\u01b0\u1edbc:<\/strong> Hi\u1ec7u su\u1ea5t t\u1ed1i \u01b0u \u0111\u01b0\u1ee3c \u0111\u1ea1t \u0111\u01b0\u1ee3c v\u1edbi \u0111\u0129a \u1edf nhi\u1ec7t \u0111\u1ed9 ph\u00f2ng (15 &#8211; 25\u00b0C).<\/li>\n<li><strong>T\u01b0\u01a1ng th\u00edch v\u1edbi nhi\u1ec1u lo\u1ea1i ch\u1ea5t n\u1ec1n:<\/strong> \u0110\u0129a c\u00f3 th\u1ec3 s\u1eed d\u1ee5ng v\u1edbi Corning\u00ae Matrigel\u00ae ho\u1eb7c c\u00e1c lo\u1ea1i ch\u1ea5t n\u1ec1n kh\u00e1c thay th\u1ebf, bao g\u1ed3m c\u00e1c v\u1eadt li\u1ec7u li\u00ean k\u1ebft ch\u00e9o h\u00f3a h\u1ecdc, enzym ho\u1eb7c quang h\u1ecdc.<\/li>\n<li><strong>C\u1ea5u t\u1ea1o \u0111\u1eb7c bi\u1ec7t<\/strong><\/li>\n<\/ul>\n<h3 style=\"text-align: center;\"><img fetchpriority=\"high\" decoding=\"async\" src=\"https:\/\/biogroupvietnam.com\/uploads\/97kinMYoXyct4xczNog5CWA6jdwev4DYWj58CzjO.png\" alt=\"\" width=\"615\" height=\"175\" \/><\/h3>\n<p>M\u1ed7i gi\u1ebfng c\u1ee7a \u0111\u0129a nu\u00f4i c\u1ea5y Organoid Culture Plate \u0111\u01b0\u1ee3c thi\u1ebft k\u1ebf \u0111\u1ec3 t\u1ea1o th\u00e0nh ba v\u00f9ng th\u1ec3 t\u00edch ri\u00eang bi\u1ec7t:<\/p>\n<ol>\n<li>Th\u1ec3 t\u00edch ch\u1ea5t n\u1ec1n \u0111\u1ea7u ti\u00ean (First Matrix Volume): C\u00f3 th\u1ec3 \u0111\u01b0\u1ee3c s\u1eed d\u1ee5ng thay th\u1ebf cho c\u1ea5u tr\u00fac v\u00f2m (matrix dome) trong ph\u01b0\u01a1ng ph\u00e1p nu\u00f4i c\u1ea5y organoid truy\u1ec1n th\u1ed1ng d\u1ef1a tr\u00ean v\u00f2m (dome).<\/li>\n<li>Th\u1ec3 t\u00edch ch\u1ea5t n\u1ec1n th\u1ee9 hai (t\u00f9y ch\u1ecdn) (Second Matrix Volume): C\u00f3 th\u1ec3 \u0111\u01b0\u1ee3c d\u00f9ng \u0111\u1ec3 th\u00eam m\u1ed9t l\u1edbp ch\u1ea5t n\u1ec1n v\u00e0 t\u1ebf b\u00e0o th\u1ee9 hai, h\u1ed7 tr\u1ee3 nu\u00f4i c\u1ea5y \u0111\u1ed3ng th\u1eddi nhi\u1ec1u l\u1edbp.<\/li>\n<li>Th\u1ec3 t\u00edch m\u00f4i tr\u01b0\u1eddng (Medium Volume): C\u00f3 th\u1ec3 ch\u1ee9a \u0111\u1ebfn 500 \u03bcL m\u00f4i tr\u01b0\u1eddng nu\u00f4i c\u1ea5y; tuy nhi\u00ean, n\u1ebfu c\u1ea7n, c\u00f3 th\u1ec3 th\u00eam m\u00f4i tr\u01b0\u1eddng v\u01b0\u1ee3t qu\u00e1 gi\u1edbi h\u1ea1n tr\u00ean c\u1ee7a thi\u1ebft k\u1ebf n\u00e0y.<\/li>\n<\/ol>\n<p>C\u1ea5u tr\u00fac h\u00ecnh h\u1ecdc c\u1ee7a m\u1ed7i gi\u1ebfng \u0111\u1ea3m b\u1ea3o r\u1eb1ng t\u1ea5t c\u1ea3 c\u00e1c v\u00f9ng th\u1ec3 t\u00edch \u0111\u1ec1u \u0111\u01b0\u1ee3c \u0111\u1ecbnh v\u1ecb t\u1eadp trung t\u1ea1i t\u00e2m gi\u1ebfng, gi\u00fap chu\u1ea9n h\u00f3a v\u1ecb tr\u00ed gieo t\u1ebf b\u00e0o ho\u1eb7c quan s\u00e1t h\u00ecnh \u1ea3nh. M\u1ed7i v\u00f9ng gi\u1eef \u0111\u01b0\u1ee3c \u0111\u1ed9 s\u00e2u ki\u1ec3m so\u00e1t c\u1ee7a m\u00f4i tr\u01b0\u1eddng ho\u1eb7c ch\u1ea5t n\u1ec1n b\u00ean trong.<\/p>\n<p style=\"text-align: center;\"><img decoding=\"async\" src=\"https:\/\/biogroupvietnam.com\/uploads\/YDhcXu0qCWOgA5YQnLCMauhEKqmBeacejMwUUYfV.png\" alt=\"\" width=\"751\" height=\"237\" \/><\/p>\n<ul>\n<li><strong>\u0110\u0129a nu\u00f4i c\u1ea5y organoid cho ph\u00e9p ch\u1ee5p \u1ea3nh v\u01b0\u1ee3t tr\u1ed9i v\u00e0 d\u1ec5 s\u1eed d\u1ee5ng h\u01a1n so v\u1edbi nu\u00f4i c\u1ea5y d\u1ea1ng v\u00f2m (dome) trong \u0111\u0129a nu\u00f4i c\u1ea5y ti\u00eau chu\u1ea9n.<\/strong><\/li>\n<\/ul>\n<p>H\u00ecnh A v\u00e0 B th\u1ec3 hi\u1ec7n c\u00e1c kh\u00f3 kh\u0103n khi nu\u00f4i c\u1ea5y organoid trong matrix dome truy\u1ec1n th\u1ed1ng, nh\u01b0 l\u00e0 s\u1ef1 kh\u00f4ng \u0111\u1ed3ng nh\u1ea5t khi \u0111\u1eb7t dome th\u1ee7 c\u00f4ng v\u00e0o trung t\u00e2m gi\u1ebfng, xu\u1ea5t hi\u1ec7n &#8220;v\u00f9ng ch\u1ebft&#8221; trong nu\u00f4i c\u1ea5y v\u1edbi s\u1ef1 t\u0103ng tr\u01b0\u1edfng k\u00e9m ho\u1eb7c kh\u00f4ng c\u00f3, s\u1ef1 kh\u00f4ng \u0111\u1ed3ng nh\u1ea5t v\u1ec1 h\u00ecnh d\u1ea1ng v\u00e0 chi\u1ec1u cao v\u1ecb tr\u00ed c\u1ee7a dome, kh\u00f4ng th\u1ec3 t\u1ea1o dome v\u1edbi ch\u1ea5t n\u1ec1n pha lo\u00e3ng, vi\u1ec7c quan s\u00e1t d\u01b0\u1edbi k\u00ednh hi\u1ec3n vi b\u1ecb \u1ea3nh h\u01b0\u1edfng do hi\u1ec7n t\u01b0\u1ee3ng meniscus.<\/p>\n<p>H\u00ecnh C v\u00e0 D v\u1edbi thi\u1ebft k\u1ebf d\u1ea1ng \u201cb\u1eadc thang\u201d c\u1ee7a \u0111\u0129a nu\u00f4i c\u1ea5y organoid gi\u00fap h\u1ed7 tr\u1ee3 trong qu\u00e1 tr\u00ecnh nu\u00f4i c\u1ea5y nh\u01b0 \u0111\u1ed9 s\u00e2u c\u1ee7a matrix \u0111\u01b0\u1ee3c chu\u1ea9n h\u00f3a, gi\u1ea3m hi\u1ec7n t\u01b0\u1ee3ng meniscus, t\u0103ng \u0111\u1ed9 \u1ed5n \u0111\u1ecbnh trong qu\u00e1 tr\u00ecnh nu\u00f4i c\u1ea5y (organoid ph\u00e1t tri\u1ec3n \u0111\u1ed3ng \u0111\u1ec1u, gi\u1ea3m t\u1ec9 l\u1ec7 gi\u1ebfng b\u1ecb l\u1ed7i), c\u00f3 th\u1ec3 \u0111\u1ed3ng nu\u00f4i c\u1ea5y v\u1edbi matrix th\u1ee9 hai.<\/p>\n<p style=\"text-align: center;\"><img decoding=\"async\" src=\"https:\/\/biogroupvietnam.com\/uploads\/vQNZK6HZvW1YNqQK9gb1tsXlP8Yp1lsxhiSyh6cq.png\" alt=\"\" width=\"727\" height=\"324\" \/><\/p>\n<ul>\n<li>\u0110\u0129a nu\u00f4i c\u1ea5y organoid gi\u00fap t\u0103ng c\u01b0\u1eddng t\u00ednh nh\u1ea5t qu\u00e1n trong s\u00e0ng l\u1ecdc \u0111\u1ed9c t\u00ednh b\u1eb1ng c\u00e1ch cung c\u1ea5p m\u1ed9t n\u1ec1n t\u1ea3ng chu\u1ea9n h\u00f3a.<\/li>\n<\/ul>\n<h3><strong>Th\u00f4ng tin \u0111\u1eb7t h\u00e0ng<\/strong><\/h3>\n<p>\u0110\u0129a nu\u00f4i c\u1ea5y organoid, 24 gi\u1ebfng. G\u00f3i 5 \u0111\u0129a \u2013 Catalog #200-0561<\/p>\n<p>\u0110\u0129a nu\u00f4i c\u1ea5y organoid, 96 gi\u1ebfng. G\u00f3i 5 \u0111\u0129a \u2013 Catalog #200-0562<\/p>\n","protected":false},"excerpt":{"rendered":"<p>T\u1ed5ng quan v\u1ec1 \u0111\u0129a nu\u00f4i c\u1ea5y organoid \u0110\u0129a Nu\u00f4i C\u1ea5y Organoid Culture Plate l\u00e0 d\u1ee5ng c\u1ee5 d\u00f9ng cho nu\u00f4i c\u1ea5y 3D gi\u00fap t\u0103ng sinh v\u00e0 bi\u1ec7t h\u00f3a organoid d\u1ec5 d\u00e0ng h\u01a1n, nhanh ch\u00f3ng h\u01a1n v\u00e0 \u1ed5n \u0111\u1ecbnh h\u01a1n. \u0110\u0129a n\u00e0y \u0111\u1ea3m b\u1ea3o c\u00e1c m\u00f4i tr\u01b0\u1eddng nu\u00f4i c\u1ea5y d\u1ef1a tr\u00ean ch\u1ea5t n\u1ec1n \u0111\u01b0\u1ee3c h\u00ecnh th\u00e0nh v\u1edbi<\/p>\n<div class=\"klb-readmore post-buttons\"><a class=\"button rounded primary\" href=\"https:\/\/biogroupvietnam.com\/vi\/san-pham\/organoid-culture-plates\/\">Read More <i class=\"klbth-icon-right-arrow\"><\/i><\/a><\/div>\n","protected":false},"featured_media":10141,"comment_status":"closed","ping_status":"closed","template":"","meta":{"_acf_changed":false},"product_brand":[127],"product_cat":[88],"product_tag":[],"class_list":{"0":"post-4015","1":"product","2":"type-product","3":"status-publish","4":"has-post-thumbnail","6":"product_brand-stemcell-technologies","7":"product_cat-organoids","9":"first","10":"outofstock","11":"shipping-taxable","12":"product-type-simple"},"acf":[],"yoast_head":"<!-- This site is optimized with the Yoast SEO plugin v26.8 - https:\/\/yoast.com\/product\/yoast-seo-wordpress\/ -->\n<title>\u0110\u0129a Nu\u00f4i C\u1ea5y Organoid \u2013 Organoid Culture Plates<\/title>\n<meta name=\"description\" content=\"\u0110\u0129a Nu\u00f4i C\u1ea5y Organoid Culture Plate l\u00e0 d\u1ee5ng c\u1ee5 d\u00f9ng cho nu\u00f4i c\u1ea5y 3D gi\u00fap t\u0103ng sinh v\u00e0 bi\u1ec7t h\u00f3a organoid d\u1ec5 d\u00e0ng h\u01a1n, nhanh ch\u00f3ng h\u01a1n v\u00e0 \u1ed5n \u0111\u1ecbnh h\u01a1n.\" \/>\n<meta name=\"robots\" content=\"index, follow, max-snippet:-1, max-image-preview:large, max-video-preview:-1\" \/>\n<link rel=\"canonical\" href=\"https:\/\/biogroupvietnam.com\/vi\/san-pham\/organoid-culture-plates\/\" \/>\n<meta property=\"og:locale\" content=\"vi_VN\" \/>\n<meta property=\"og:type\" content=\"article\" \/>\n<meta property=\"og:title\" content=\"\u0110\u0129a Nu\u00f4i C\u1ea5y Organoid \u2013 Organoid Culture Plates\" \/>\n<meta property=\"og:description\" content=\"\u0110\u0129a Nu\u00f4i C\u1ea5y Organoid Culture Plate l\u00e0 d\u1ee5ng c\u1ee5 d\u00f9ng cho nu\u00f4i c\u1ea5y 3D gi\u00fap t\u0103ng sinh v\u00e0 bi\u1ec7t h\u00f3a organoid d\u1ec5 d\u00e0ng h\u01a1n, nhanh ch\u00f3ng h\u01a1n v\u00e0 \u1ed5n \u0111\u1ecbnh h\u01a1n.\" \/>\n<meta property=\"og:url\" content=\"https:\/\/biogroupvietnam.com\/vi\/san-pham\/organoid-culture-plates\/\" \/>\n<meta property=\"og:site_name\" content=\"Biogroup Vietnam\" \/>\n<meta property=\"article:modified_time\" content=\"2026-04-02T04:27:00+00:00\" \/>\n<meta property=\"og:image\" content=\"https:\/\/biogroupvietnam.com\/wp-content\/uploads\/2025\/08\/dia-nuoi-cay-organoid-organoid-culture-plates.jpg\" \/>\n\t<meta property=\"og:image:width\" content=\"1640\" \/>\n\t<meta property=\"og:image:height\" content=\"1260\" \/>\n\t<meta property=\"og:image:type\" content=\"image\/jpeg\" \/>\n<meta name=\"twitter:card\" content=\"summary_large_image\" \/>\n<meta name=\"twitter:label1\" content=\"\u01af\u1edbc t\u00ednh th\u1eddi gian \u0111\u1ecdc\" \/>\n\t<meta name=\"twitter:data1\" content=\"4 ph\u00fat\" \/>\n<script type=\"application\/ld+json\" class=\"yoast-schema-graph\">{\"@context\":\"https:\/\/schema.org\",\"@graph\":[{\"@type\":\"WebPage\",\"@id\":\"https:\/\/biogroupvietnam.com\/vi\/san-pham\/organoid-culture-plates\/\",\"url\":\"https:\/\/biogroupvietnam.com\/vi\/san-pham\/organoid-culture-plates\/\",\"name\":\"\u0110\u0129a Nu\u00f4i C\u1ea5y Organoid \u2013 Organoid Culture Plates\",\"isPartOf\":{\"@id\":\"https:\/\/biogroupvietnam.com\/vi\/#website\"},\"primaryImageOfPage\":{\"@id\":\"https:\/\/biogroupvietnam.com\/vi\/san-pham\/organoid-culture-plates\/#primaryimage\"},\"image\":{\"@id\":\"https:\/\/biogroupvietnam.com\/vi\/san-pham\/organoid-culture-plates\/#primaryimage\"},\"thumbnailUrl\":\"https:\/\/biogroupvietnam.com\/wp-content\/uploads\/2025\/08\/dia-nuoi-cay-organoid-organoid-culture-plates.jpg\",\"datePublished\":\"2025-08-18T12:55:38+00:00\",\"dateModified\":\"2026-04-02T04:27:00+00:00\",\"description\":\"\u0110\u0129a Nu\u00f4i C\u1ea5y Organoid Culture Plate l\u00e0 d\u1ee5ng c\u1ee5 d\u00f9ng cho nu\u00f4i c\u1ea5y 3D gi\u00fap t\u0103ng sinh v\u00e0 bi\u1ec7t h\u00f3a organoid d\u1ec5 d\u00e0ng h\u01a1n, nhanh ch\u00f3ng h\u01a1n v\u00e0 \u1ed5n \u0111\u1ecbnh h\u01a1n.\",\"breadcrumb\":{\"@id\":\"https:\/\/biogroupvietnam.com\/vi\/san-pham\/organoid-culture-plates\/#breadcrumb\"},\"inLanguage\":\"vi\",\"potentialAction\":[{\"@type\":\"ReadAction\",\"target\":[\"https:\/\/biogroupvietnam.com\/vi\/san-pham\/organoid-culture-plates\/\"]}]},{\"@type\":\"ImageObject\",\"inLanguage\":\"vi\",\"@id\":\"https:\/\/biogroupvietnam.com\/vi\/san-pham\/organoid-culture-plates\/#primaryimage\",\"url\":\"https:\/\/biogroupvietnam.com\/wp-content\/uploads\/2025\/08\/dia-nuoi-cay-organoid-organoid-culture-plates.jpg\",\"contentUrl\":\"https:\/\/biogroupvietnam.com\/wp-content\/uploads\/2025\/08\/dia-nuoi-cay-organoid-organoid-culture-plates.jpg\",\"width\":1640,\"height\":1260,\"caption\":\"\u0110\u0129a Nu\u00f4i C\u1ea5y Organoid \u2013 Organoid Culture Plates\"},{\"@type\":\"BreadcrumbList\",\"@id\":\"https:\/\/biogroupvietnam.com\/vi\/san-pham\/organoid-culture-plates\/#breadcrumb\",\"itemListElement\":[{\"@type\":\"ListItem\",\"position\":1,\"name\":\"Trang ch\u1ee7\",\"item\":\"https:\/\/biogroupvietnam.com\/vi\/\"},{\"@type\":\"ListItem\",\"position\":2,\"name\":\"S\u1ea3n ph\u1ea9m\",\"item\":\"https:\/\/biogroupvietnam.com\/vi\/san-pham\/\"},{\"@type\":\"ListItem\",\"position\":3,\"name\":\"Nu\u00f4i C\u1ea5y T\u1ebf B\u00e0o\",\"item\":\"https:\/\/biogroupvietnam.com\/vi\/danh-muc-san-pham\/nuoi-cay-te-bao\/\"},{\"@type\":\"ListItem\",\"position\":4,\"name\":\"Organoids\",\"item\":\"https:\/\/biogroupvietnam.com\/vi\/danh-muc-san-pham\/organoids\/\"},{\"@type\":\"ListItem\",\"position\":5,\"name\":\"\u0110\u0129a Nu\u00f4i C\u1ea5y Organoid \u2013 Organoid Culture Plates\"}]},{\"@type\":\"WebSite\",\"@id\":\"https:\/\/biogroupvietnam.com\/vi\/#website\",\"url\":\"https:\/\/biogroupvietnam.com\/vi\/\",\"name\":\"Biogroup Vietnam\",\"description\":\"Biogroup Vietnam cung c\u1ea5p d\u1ecbch v\u1ee5 k\u1ef9 thu\u1eadt c\u00f9ng thi\u1ebft b\u1ecb, v\u1eadt t\u01b0, h\u00f3a ch\u1ea5t v\u00e0 gi\u1ea3i ph\u00e1p sinh h\u1ecdc cho ph\u00f2ng th\u00ed nghi\u1ec7m c\u00f4ng ngh\u1ec7 sinh h\u1ecdc, y sinh v\u00e0 y h\u1ecdc t\u00e1i t\u1ea1o.\",\"potentialAction\":[{\"@type\":\"SearchAction\",\"target\":{\"@type\":\"EntryPoint\",\"urlTemplate\":\"https:\/\/biogroupvietnam.com\/vi\/?s={search_term_string}\"},\"query-input\":{\"@type\":\"PropertyValueSpecification\",\"valueRequired\":true,\"valueName\":\"search_term_string\"}}],\"inLanguage\":\"vi\"}]}<\/script>\n<!-- \/ Yoast SEO plugin. -->","yoast_head_json":{"title":"\u0110\u0129a Nu\u00f4i C\u1ea5y Organoid \u2013 Organoid Culture Plates","description":"\u0110\u0129a Nu\u00f4i C\u1ea5y Organoid Culture Plate l\u00e0 d\u1ee5ng c\u1ee5 d\u00f9ng cho nu\u00f4i c\u1ea5y 3D gi\u00fap t\u0103ng sinh v\u00e0 bi\u1ec7t h\u00f3a organoid d\u1ec5 d\u00e0ng h\u01a1n, nhanh ch\u00f3ng h\u01a1n v\u00e0 \u1ed5n \u0111\u1ecbnh h\u01a1n.","robots":{"index":"index","follow":"follow","max-snippet":"max-snippet:-1","max-image-preview":"max-image-preview:large","max-video-preview":"max-video-preview:-1"},"canonical":"https:\/\/biogroupvietnam.com\/vi\/san-pham\/organoid-culture-plates\/","og_locale":"vi_VN","og_type":"article","og_title":"\u0110\u0129a Nu\u00f4i C\u1ea5y Organoid \u2013 Organoid Culture Plates","og_description":"\u0110\u0129a Nu\u00f4i C\u1ea5y Organoid Culture Plate l\u00e0 d\u1ee5ng c\u1ee5 d\u00f9ng cho nu\u00f4i c\u1ea5y 3D gi\u00fap t\u0103ng sinh v\u00e0 bi\u1ec7t h\u00f3a organoid d\u1ec5 d\u00e0ng h\u01a1n, nhanh ch\u00f3ng h\u01a1n v\u00e0 \u1ed5n \u0111\u1ecbnh h\u01a1n.","og_url":"https:\/\/biogroupvietnam.com\/vi\/san-pham\/organoid-culture-plates\/","og_site_name":"Biogroup Vietnam","article_modified_time":"2026-04-02T04:27:00+00:00","og_image":[{"width":1640,"height":1260,"url":"https:\/\/biogroupvietnam.com\/wp-content\/uploads\/2025\/08\/dia-nuoi-cay-organoid-organoid-culture-plates.jpg","type":"image\/jpeg"}],"twitter_card":"summary_large_image","twitter_misc":{"\u01af\u1edbc t\u00ednh th\u1eddi gian \u0111\u1ecdc":"4 ph\u00fat"},"schema":{"@context":"https:\/\/schema.org","@graph":[{"@type":"WebPage","@id":"https:\/\/biogroupvietnam.com\/vi\/san-pham\/organoid-culture-plates\/","url":"https:\/\/biogroupvietnam.com\/vi\/san-pham\/organoid-culture-plates\/","name":"\u0110\u0129a Nu\u00f4i C\u1ea5y Organoid \u2013 Organoid Culture Plates","isPartOf":{"@id":"https:\/\/biogroupvietnam.com\/vi\/#website"},"primaryImageOfPage":{"@id":"https:\/\/biogroupvietnam.com\/vi\/san-pham\/organoid-culture-plates\/#primaryimage"},"image":{"@id":"https:\/\/biogroupvietnam.com\/vi\/san-pham\/organoid-culture-plates\/#primaryimage"},"thumbnailUrl":"https:\/\/biogroupvietnam.com\/wp-content\/uploads\/2025\/08\/dia-nuoi-cay-organoid-organoid-culture-plates.jpg","datePublished":"2025-08-18T12:55:38+00:00","dateModified":"2026-04-02T04:27:00+00:00","description":"\u0110\u0129a Nu\u00f4i C\u1ea5y Organoid Culture Plate l\u00e0 d\u1ee5ng c\u1ee5 d\u00f9ng cho nu\u00f4i c\u1ea5y 3D gi\u00fap t\u0103ng sinh v\u00e0 bi\u1ec7t h\u00f3a organoid d\u1ec5 d\u00e0ng h\u01a1n, nhanh ch\u00f3ng h\u01a1n v\u00e0 \u1ed5n \u0111\u1ecbnh h\u01a1n.","breadcrumb":{"@id":"https:\/\/biogroupvietnam.com\/vi\/san-pham\/organoid-culture-plates\/#breadcrumb"},"inLanguage":"vi","potentialAction":[{"@type":"ReadAction","target":["https:\/\/biogroupvietnam.com\/vi\/san-pham\/organoid-culture-plates\/"]}]},{"@type":"ImageObject","inLanguage":"vi","@id":"https:\/\/biogroupvietnam.com\/vi\/san-pham\/organoid-culture-plates\/#primaryimage","url":"https:\/\/biogroupvietnam.com\/wp-content\/uploads\/2025\/08\/dia-nuoi-cay-organoid-organoid-culture-plates.jpg","contentUrl":"https:\/\/biogroupvietnam.com\/wp-content\/uploads\/2025\/08\/dia-nuoi-cay-organoid-organoid-culture-plates.jpg","width":1640,"height":1260,"caption":"\u0110\u0129a Nu\u00f4i C\u1ea5y Organoid \u2013 Organoid Culture Plates"},{"@type":"BreadcrumbList","@id":"https:\/\/biogroupvietnam.com\/vi\/san-pham\/organoid-culture-plates\/#breadcrumb","itemListElement":[{"@type":"ListItem","position":1,"name":"Trang ch\u1ee7","item":"https:\/\/biogroupvietnam.com\/vi\/"},{"@type":"ListItem","position":2,"name":"S\u1ea3n ph\u1ea9m","item":"https:\/\/biogroupvietnam.com\/vi\/san-pham\/"},{"@type":"ListItem","position":3,"name":"Nu\u00f4i C\u1ea5y T\u1ebf B\u00e0o","item":"https:\/\/biogroupvietnam.com\/vi\/danh-muc-san-pham\/nuoi-cay-te-bao\/"},{"@type":"ListItem","position":4,"name":"Organoids","item":"https:\/\/biogroupvietnam.com\/vi\/danh-muc-san-pham\/organoids\/"},{"@type":"ListItem","position":5,"name":"\u0110\u0129a Nu\u00f4i C\u1ea5y Organoid \u2013 Organoid Culture Plates"}]},{"@type":"WebSite","@id":"https:\/\/biogroupvietnam.com\/vi\/#website","url":"https:\/\/biogroupvietnam.com\/vi\/","name":"Biogroup Vietnam","description":"Biogroup Vietnam cung c\u1ea5p d\u1ecbch v\u1ee5 k\u1ef9 thu\u1eadt c\u00f9ng thi\u1ebft b\u1ecb, v\u1eadt t\u01b0, h\u00f3a ch\u1ea5t v\u00e0 gi\u1ea3i ph\u00e1p sinh h\u1ecdc cho ph\u00f2ng th\u00ed nghi\u1ec7m c\u00f4ng ngh\u1ec7 sinh h\u1ecdc, y sinh v\u00e0 y h\u1ecdc t\u00e1i t\u1ea1o.","potentialAction":[{"@type":"SearchAction","target":{"@type":"EntryPoint","urlTemplate":"https:\/\/biogroupvietnam.com\/vi\/?s={search_term_string}"},"query-input":{"@type":"PropertyValueSpecification","valueRequired":true,"valueName":"search_term_string"}}],"inLanguage":"vi"}]}},"_links":{"self":[{"href":"https:\/\/biogroupvietnam.com\/vi\/wp-json\/wp\/v2\/product\/4015","targetHints":{"allow":["GET"]}}],"collection":[{"href":"https:\/\/biogroupvietnam.com\/vi\/wp-json\/wp\/v2\/product"}],"about":[{"href":"https:\/\/biogroupvietnam.com\/vi\/wp-json\/wp\/v2\/types\/product"}],"replies":[{"embeddable":true,"href":"https:\/\/biogroupvietnam.com\/vi\/wp-json\/wp\/v2\/comments?post=4015"}],"version-history":[{"count":7,"href":"https:\/\/biogroupvietnam.com\/vi\/wp-json\/wp\/v2\/product\/4015\/revisions"}],"predecessor-version":[{"id":9724,"href":"https:\/\/biogroupvietnam.com\/vi\/wp-json\/wp\/v2\/product\/4015\/revisions\/9724"}],"wp:featuredmedia":[{"embeddable":true,"href":"https:\/\/biogroupvietnam.com\/vi\/wp-json\/wp\/v2\/media\/10141"}],"wp:attachment":[{"href":"https:\/\/biogroupvietnam.com\/vi\/wp-json\/wp\/v2\/media?parent=4015"}],"wp:term":[{"taxonomy":"product_brand","embeddable":true,"href":"https:\/\/biogroupvietnam.com\/vi\/wp-json\/wp\/v2\/product_brand?post=4015"},{"taxonomy":"product_cat","embeddable":true,"href":"https:\/\/biogroupvietnam.com\/vi\/wp-json\/wp\/v2\/product_cat?post=4015"},{"taxonomy":"product_tag","embeddable":true,"href":"https:\/\/biogroupvietnam.com\/vi\/wp-json\/wp\/v2\/product_tag?post=4015"}],"curies":[{"name":"wp","href":"https:\/\/api.w.org\/{rel}","templated":true}]}}