{"id":4016,"date":"2025-08-18T19:55:38","date_gmt":"2025-08-18T12:55:38","guid":{"rendered":"http:\/\/biogroupvietnam-worldpress.local\/product\/import-placeholder-for-224\/"},"modified":"2025-12-02T13:45:09","modified_gmt":"2025-12-02T06:45:09","slug":"exodus-h300-h600","status":"publish","type":"product","link":"https:\/\/biogroupvietnam.com\/vi\/san-pham\/exodus-h300-h600\/","title":{"rendered":"H\u1ec7 Th\u1ed1ng Ph\u00e2n L\u1eadp Exosome T\u1ef1 \u0110\u1ed9ng H-300 &#038; H-600"},"content":{"rendered":"<h3><strong>T\u1ed5ng quan v\u1ec1 H\u1ec7 th\u1ed1ng ph\u00e2n l\u1eadp exosome t\u1ef1 \u0111\u1ed9ng EXODUS H-300 &amp; H-600<\/strong><\/h3>\n<p>EXODUS l\u00e0 h\u1ec7 th\u1ed1ng ph\u00e2n l\u1eadp exosome t\u1ef1 \u0111\u1ed9ng, exosome kh\u00f4ng b\u1ecb g\u1eafn li\u00ean k\u1ebft (label-free), v\u00e0 hi\u1ec7u qu\u1ea3 cao. V\u1edbi EXODUS, ng\u01b0\u1eddi d\u00f9ng c\u00f3 th\u1ec3 ph\u00e2n l\u1eadp 1 c\u00e1ch d\u1ec5 d\u00e0ng v\u00e0 nhanh ch\u00f3ng c\u00e1c exosome c\u00f2n nguy\u00ean v\u1eb9n, ch\u1ea5t l\u01b0\u1ee3ng cao, n\u0103ng su\u1ea5t v\u00e0 \u0111\u1ed9 tinh khi\u1ebft tuy\u1ec7t v\u1eddi t\u1eeb nhi\u1ec1u lo\u1ea1i m\u1eabu sinh h\u1ecdc v\u1edbi th\u1ec3 t\u00edch kh\u00e1c nhau.<\/p>\n<h3><strong>C\u00e1c t\u00ednh n\u0103ng v\u00e0 ti\u1ec7n \u00edch ch\u00ednh c\u1ee7a h\u1ec7 th\u1ed1ng EXODUS<\/strong><\/h3>\n<ul>\n<li><strong>Ph\u00e2n l\u1eadp nhanh ch\u00f3ng<\/strong>: t\u1ed1c \u0111\u1ed9 ph\u00e2n l\u1eadp t\u1ed1i \u0111a 200 mL\/h<\/li>\n<li><strong>\u0110\u1ed9 tinh khi\u1ebft v\u00e0 hi\u1ec7u su\u1ea5t cao<\/strong>: \u0111\u1ed9 tinh khi\u1ebft ~ 99%; hi\u1ec7u su\u1ea5t ~ 90%<\/li>\n<li><strong>\u1ee8ng d\u1ee5ng r\u1ed9ng r\u00e3i<\/strong>: M\u00f4i tr\u01b0\u1eddng nu\u00f4i c\u1ea5y t\u1ebf b\u00e0o (cell culture medium); N\u01b0\u1edbc ti\u1ec3u (urine); Th\u1ef1c v\u1eadt (plant); t\u00fai ti\u1ebft c\u00f3 ngu\u1ed3n g\u1ed1c t\u1eeb t\u1ebf b\u00e0o (cell-derived vesicles); m\u00f4i tr\u01b0\u1eddng nu\u00f4i c\u1ea5y vi khu\u1ea9n (bacterial culture medium), c\u00e1c m\u1eabu d\u1ecbch sinh h\u1ecdc kh\u00e1c (plasma, saliva, tears, aqueous humor, cerebrospinal fluid)<\/li>\n<li><strong>To\u00e0n v\u1eb9n:<\/strong> label-free, ch\u1ec9 c\u1ea7n s\u1eed d\u1ee5ng \u0111\u1ec7m PBS trong qu\u00e1 tr\u00ecnh ph\u00e2n l\u1eadp.<\/li>\n<\/ul>\n<h3><strong>Nguy\u00ean t\u1eafc ph\u00e2n l\u1eadp c\u1ee7a h\u1ec7 th\u1ed1ng EXODUS<\/strong><\/h3>\n<p><strong>EXODUS<\/strong> s\u1eed d\u1ee5ng c\u00f4ng ngh\u1ec7 ti\u00ean ti\u1ebfn \u0111\u1ec3 t\u00e1ch chi\u1ebft exosome d\u1ef1a tr\u00ean <strong>h\u1ec7 th\u1ed1ng l\u1ecdc nano m\u00e0ng k\u00e9p<\/strong>, \u0111\u01b0\u1ee3c t\u00edch h\u1ee3p b\u1eb1ng <strong>dao \u0111\u1ed9ng \u00e1p su\u1ea5t \u00e2m <\/strong>\u0111\u1ecbnh k\u1ef3 (periodic negative pressure oscillation &#8211; NPO) v\u00e0 <strong>dao \u0111\u1ed9ng \u0111i\u1ec1u h\u00f2a k\u00e9p <\/strong>(double-coupled harmonic oscillations &#8211; HO). C\u00e1c t\u1ea1p ch\u1ea5t trong m\u1eabu, ch\u1eb3ng h\u1ea1n nh\u01b0 axit nucleic t\u1ef1 do v\u00e0 protein, c\u00f3 th\u1ec3 \u0111\u01b0\u1ee3c lo\u1ea1i b\u1ecf nhanh ch\u00f3ng, v\u00e0 exosome \u0111\u01b0\u1ee3c gi\u1eef l\u1ea1i b\u1edfi c\u00e1c l\u1ed7 nano, gi\u00fap tinh ch\u1ebf v\u00e0 l\u00e0m gi\u00e0u exosome.<\/p>\n<p>Ph\u01b0\u01a1ng ph\u00e1p ph\u00e2n l\u1eadp m\u1edbi c\u1ee7a EXODUS \u0111\u00e3 \u0111\u01b0\u1ee3c \u0111\u0103ng t\u1ea3i tr\u00ean t\u1eadp ch\u00ed <strong>Nature Methods<\/strong> v\u00e0o n\u0103m 2021. Xem th\u00eam v\u1ec1 ph\u01b0\u01a1ng ph\u00e1p t\u1ea1i \u0111\u00e2y: <a href=\"https:\/\/doi.org\/10.1038\/s41592-020-01034-x\" target=\"_blank\" rel=\"noopener noreferrer\">Exosome detection via the ultrafast-isolation system: EXODUS<\/a><\/p>\n<div id=\"attachment_9150\" style=\"width: 731px\" class=\"wp-caption aligncenter\"><img fetchpriority=\"high\" decoding=\"async\" aria-describedby=\"caption-attachment-9150\" class=\"wp-image-9150 \" src=\"https:\/\/biogroupvietnam.com\/wp-content\/uploads\/2025\/08\/phuong-phap-phan-lap-moi-cua-EXODUS-duoc-dang-tren-tap-Nature-Methods.png\" alt=\"Ph\u01b0\u01a1ng ph\u00e1p ph\u00e2n l\u1eadp m\u1edbi c\u1ee7a EXODUS \u0111\u01b0\u1ee3c \u0111\u0103ng t\u1ea3i tr\u00ean t\u1ea1p ch\u00ed Nature Methods\" width=\"721\" height=\"368\" srcset=\"https:\/\/biogroupvietnam.com\/wp-content\/uploads\/2025\/08\/phuong-phap-phan-lap-moi-cua-EXODUS-duoc-dang-tren-tap-Nature-Methods.png 975w, https:\/\/biogroupvietnam.com\/wp-content\/uploads\/2025\/08\/phuong-phap-phan-lap-moi-cua-EXODUS-duoc-dang-tren-tap-Nature-Methods-300x153.png 300w, https:\/\/biogroupvietnam.com\/wp-content\/uploads\/2025\/08\/phuong-phap-phan-lap-moi-cua-EXODUS-duoc-dang-tren-tap-Nature-Methods-768x392.png 768w, https:\/\/biogroupvietnam.com\/wp-content\/uploads\/2025\/08\/phuong-phap-phan-lap-moi-cua-EXODUS-duoc-dang-tren-tap-Nature-Methods-600x306.png 600w, https:\/\/biogroupvietnam.com\/wp-content\/uploads\/2025\/08\/phuong-phap-phan-lap-moi-cua-EXODUS-duoc-dang-tren-tap-Nature-Methods-90x46.png 90w\" sizes=\"(max-width: 721px) 100vw, 721px\" \/><p id=\"caption-attachment-9150\" class=\"wp-caption-text\"><em>Ph\u01b0\u01a1ng ph\u00e1p ph\u00e2n l\u1eadp m\u1edbi c\u1ee7a EXODUS \u0111\u01b0\u1ee3c \u0111\u0103ng t\u1ea3i tr\u00ean t\u1ea1p ch\u00ed Nature Methods (Ngu\u1ed3n: Exodus Bio)<\/em><\/p><\/div>\n<h3><strong>M\u1ed9t s\u1ed1 \u01b0u \u0111i\u1ec3m c\u1ee7a h\u1ec7 th\u1ed1ng EXODUS:<\/strong><\/h3>\n<p><strong>1. Hi\u1ec7u su\u1ea5t v\u00e0 \u0111\u1ed9 tinh khi\u1ebft cao<\/strong><\/p>\n<ul>\n<li>T\u1ec9 l\u1ec7 lo\u1ea1i b\u1ecf protein t\u1ea1p &gt; 99%<\/li>\n<li>T\u1ec9 l\u1ec7 thu h\u1ed3i exosome &gt; 90%<\/li>\n<\/ul>\n<p><strong>2. Ph\u00e2n l\u1eadp nhanh ch\u00f3ng<\/strong>: T\u1ed1c \u0111\u1ed9 t\u1ed1i \u0111a l\u00e0 200 mL\/gi\u1edd. Kh\u00f4ng c\u1ea7n ph\u1ea3i th\u1ef1c hi\u1ec7n c\u00e1c b\u01b0\u1edbc c\u00f4 \u0111\u1eb7c ho\u1eb7c \u1ee7 th\u1ee7 c\u00f4ng so v\u1edbi ph\u01b0\u01a1ng ph\u00e1p kh\u00e1c.<\/p>\n<p><strong>3. \u1ee8ng d\u1ee5ng r\u1ed9ng r\u00e3i<\/strong>: EXODUS cho ph\u00e9p \u00e1p d\u1ee5ng nhi\u1ec1u lo\u1ea1i m\u1eabu d\u1ecbch sinh h\u1ecdc kh\u00e1c nhau v\u00e0 nhi\u1ec1u th\u1ec3 t\u00edch m\u1eabu kh\u00e1c nhau.<\/p>\n<p><strong>4. T\u1ef1 \u0111\u1ed9ng v\u00e0 ti\u1ec7n l\u1ee3i: <\/strong>H\u1ec7 th\u1ed1ng \u0111\u01b0\u1ee3c c\u00e0i \u0111\u1eb7t s\u1eb5n v\u1edbi nhi\u1ec1u lo\u1ea1i m\u1eabu kh\u00e1c nhau.<\/p>\n<p><strong>5. Label \u2013 free<\/strong>: EXODUS kh\u00f4ng t\u1ea1o ra t\u1ea1p ch\u1ea5t ngo\u1ea1i sinh trong qu\u00e1 tr\u00ecnh t\u00e1ch m\u1eabu.<\/p>\n<p><a href=\"https:\/\/biogroupvietnam.com\/vi\/services\/giai-phap-thiet-bi-phong-lab\/vi-sao-nen-lua-chon-he-thong-phan-lap-exosome-tu-dong-exodus.html\" target=\"_blank\" rel=\"noopener noreferrer\">Xem chi ti\u1ebft v\u1ec1 \u01b0u \u0111i\u1ec3m c\u1ee7a EXODUS t\u1ea1i \u0111\u00e2y<\/a><\/p>\n<p>EXODUS model H-300 v\u00e0 model H-600: d\u00f2ng H-300 c\u00f3 ch\u1ee9ng nh\u1eadn thi\u1ebft b\u1ecb y t\u1ebf c\u1ea5p I (Class I Medical Device) d\u00f9ng cho nghi\u00ean c\u1ee9u v\u00e0 l\u00e2m s\u00e0ng, H-600 d\u00f9ng cho nghi\u00ean c\u1ee9u v\u00e0 s\u1ea3n xu\u1ea5t quy m\u00f4 nh\u1ecf.<\/p>\n<div id=\"attachment_9154\" style=\"width: 451px\" class=\"wp-caption aligncenter\"><img decoding=\"async\" aria-describedby=\"caption-attachment-9154\" class=\"wp-image-9154\" src=\"https:\/\/biogroupvietnam.com\/wp-content\/uploads\/2025\/08\/EXODUS-H300-EXODUS-H-600.png\" alt=\"EXODUS model H-300 v\u00e0 model H-600\" width=\"441\" height=\"396\" srcset=\"https:\/\/biogroupvietnam.com\/wp-content\/uploads\/2025\/08\/EXODUS-H300-EXODUS-H-600.png 615w, https:\/\/biogroupvietnam.com\/wp-content\/uploads\/2025\/08\/EXODUS-H300-EXODUS-H-600-300x269.png 300w, https:\/\/biogroupvietnam.com\/wp-content\/uploads\/2025\/08\/EXODUS-H300-EXODUS-H-600-600x539.png 600w, https:\/\/biogroupvietnam.com\/wp-content\/uploads\/2025\/08\/EXODUS-H300-EXODUS-H-600-60x54.png 60w\" sizes=\"(max-width: 441px) 100vw, 441px\" \/><p id=\"caption-attachment-9154\" class=\"wp-caption-text\"><em>EXODUS model H-300 v\u00e0 model H-600<\/em><\/p><\/div>\n<h3><strong>\u0110\u1eb7c t\u00ednh k\u1ef9 thu\u1eadt c\u1ee7a h\u1ec7 th\u1ed1ng ph\u00e2n l\u1eadp exosome t\u1ef1 \u0111\u1ed9ng EXODUS:<\/strong><\/h3>\n<figure class=\"table\">\n<table>\n<tbody>\n<tr>\n<td><strong>\u0110\u1eb7c t\u00ednh<\/strong><\/td>\n<td><strong>H-300<\/strong><\/td>\n<td><strong>H-600<\/strong><\/td>\n<\/tr>\n<tr>\n<td><strong>Lo\u1ea1i m\u1eabu<\/strong>:<\/td>\n<td colspan=\"2\">Huy\u1ebft t\u01b0\u01a1ng (plasma), n\u01b0\u1edbc ti\u1ec3u (urine), n\u01b0\u1edbc b\u1ecdt (saliva), d\u1ecbch n\u00e3o t\u1ee7y (cerebrospinal fluid), n\u01b0\u1edbc m\u1eaft (tears), th\u1ee7y d\u1ecbch (aqueous humor), d\u1ecbch kh\u1edbp (synovial fluid), m\u00f4 (tissue), m\u00f4i tr\u01b0\u1eddng nu\u00f4i c\u1ea5y t\u1ebf b\u00e0o (cell culture medium), m\u00f4i tr\u01b0\u1eddng nu\u00f4i c\u1ea5y vi khu\u1ea9n (bacterial culture medium), t\u00fai ti\u1ebft c\u00f3 ngu\u1ed3n g\u1ed1c t\u1eeb t\u1ebf b\u00e0o (cell-derived vesicle), th\u1ef1c v\u1eadt (plant), &#8230;<\/td>\n<\/tr>\n<tr>\n<td>K\u00edch th\u01b0\u1edbc thi\u1ebft b\u1ecb ph\u00e2n l\u1eadp t\u01b0\u01a1ng \u1ee9ng (EID):<\/td>\n<td>S \/ M<\/td>\n<td>S \/ M \/ L<\/td>\n<\/tr>\n<tr>\n<td>Nhi\u1ec7t \u0111\u1ed9 b\u00ecnh ch\u1ee9a m\u1eabu:<\/td>\n<td colspan=\"2\">2 -8oC<\/td>\n<\/tr>\n<tr>\n<td>Th\u1ec3 t\u00edch m\u1eabu:<\/td>\n<td>10 mL &#8211; 50 mL<\/td>\n<td>10 mL &#8211; 250 mL<\/td>\n<\/tr>\n<tr>\n<td>T\u1ed1c \u0111\u1ed9 x\u1eed l\u00ed t\u1ed1i \u0111a<\/td>\n<td>50 mL\/h<\/td>\n<td>200 mL\/h<\/td>\n<\/tr>\n<tr>\n<td>D\u1eef li\u1ec7u l\u01b0u tr\u1eef:<\/td>\n<td>20000<\/td>\n<td>20000<\/td>\n<\/tr>\n<tr>\n<td>Th\u1ec3 t\u00edch thu h\u1ed3i exosome:<\/td>\n<td>100 &#8211; 400 mL<\/td>\n<td>100 &#8211; 1000 mL<\/td>\n<\/tr>\n<tr>\n<td>Kh\u1eed tr\u00f9ng:<\/td>\n<td colspan=\"2\">\u0110\u00e8n UV, t\u1ef1 \u0111\u1ed9ng t\u1eaft sau 30 ph\u00fat<\/td>\n<\/tr>\n<tr>\n<td>Hi\u1ec3n th\u1ecb<\/td>\n<td colspan=\"2\">M\u00e0n h\u00ecnh c\u1ea3m \u1ee9ng 10,4 inch, hi\u1ec3n th\u1ecb th\u1eddi gian th\u1ef1c v\u1edbi lo\u1ea1i m\u1eabu, th\u1eddi gian, th\u00f4ng tin x\u1eed l\u00fd, \u2026 h\u1ed7 tr\u1ee3 ho\u1ea1t \u0111\u1ed9ng kh\u00f4ng c\u1ea7n m\u00e1y t\u00ednh<\/td>\n<\/tr>\n<tr>\n<td>K\u00edch th\u01b0\u1edbc (H x W x D):<\/td>\n<td colspan=\"2\">535 x 510 x 475 mm<\/td>\n<\/tr>\n<tr>\n<td>Kh\u1ed1i l\u01b0\u1ee3ng (net):<\/td>\n<td colspan=\"2\">40 kg<\/td>\n<\/tr>\n<tr>\n<td>K\u1ebft n\u1ed1i<\/td>\n<td colspan=\"2\">4 c\u1ed5ng USB, 1 network port, 1 serial port<\/td>\n<\/tr>\n<\/tbody>\n<\/table>\n<\/figure>\n","protected":false},"excerpt":{"rendered":"<p>T\u1ed5ng quan v\u1ec1 H\u1ec7 th\u1ed1ng ph\u00e2n l\u1eadp exosome t\u1ef1 \u0111\u1ed9ng EXODUS H-300 &amp; H-600 EXODUS l\u00e0 h\u1ec7 th\u1ed1ng ph\u00e2n l\u1eadp exosome t\u1ef1 \u0111\u1ed9ng, exosome kh\u00f4ng b\u1ecb g\u1eafn li\u00ean k\u1ebft (label-free), v\u00e0 hi\u1ec7u qu\u1ea3 cao. V\u1edbi EXODUS, ng\u01b0\u1eddi d\u00f9ng c\u00f3 th\u1ec3 ph\u00e2n l\u1eadp 1 c\u00e1ch d\u1ec5 d\u00e0ng v\u00e0 nhanh ch\u00f3ng c\u00e1c exosome c\u00f2n nguy\u00ean v\u1eb9n, ch\u1ea5t<\/p>\n<div class=\"klb-readmore post-buttons\"><a class=\"button rounded primary\" href=\"https:\/\/biogroupvietnam.com\/vi\/san-pham\/exodus-h300-h600\/\">Read More <i class=\"klbth-icon-right-arrow\"><\/i><\/a><\/div>\n","protected":false},"featured_media":9157,"comment_status":"closed","ping_status":"closed","template":"","meta":{"_acf_changed":false},"product_brand":[141],"product_cat":[112],"product_tag":[],"class_list":{"0":"post-4016","1":"product","2":"type-product","3":"status-publish","4":"has-post-thumbnail","6":"product_brand-exodus-bio-inc","7":"product_cat-exosome","9":"first","10":"outofstock","11":"shipping-taxable","12":"product-type-simple"},"acf":[],"yoast_head":"<!-- This site is optimized with the Yoast SEO plugin v26.8 - https:\/\/yoast.com\/product\/yoast-seo-wordpress\/ -->\n<title>H\u1ec7 Th\u1ed1ng Ph\u00e2n L\u1eadp Exosome T\u1ef1 \u0110\u1ed9ng EXODUS H-600 &amp; H-300<\/title>\n<meta name=\"description\" content=\"EXODUS H-600 &amp; H-300 l\u00e0 h\u1ec7 th\u1ed1ng ph\u00e2n l\u1eadp exosome t\u1ef1 \u0111\u1ed9ng, exosome kh\u00f4ng b\u1ecb g\u1eafn li\u00ean k\u1ebft (label-free), v\u00e0 hi\u1ec7u qu\u1ea3 cao.\" \/>\n<meta name=\"robots\" content=\"index, follow, max-snippet:-1, max-image-preview:large, max-video-preview:-1\" \/>\n<link rel=\"canonical\" href=\"https:\/\/biogroupvietnam.com\/vi\/san-pham\/exodus-h300-h600\/\" \/>\n<meta property=\"og:locale\" content=\"vi_VN\" \/>\n<meta property=\"og:type\" content=\"article\" \/>\n<meta property=\"og:title\" content=\"H\u1ec7 Th\u1ed1ng Ph\u00e2n L\u1eadp Exosome T\u1ef1 \u0110\u1ed9ng EXODUS H-600 &amp; H-300\" \/>\n<meta property=\"og:description\" content=\"EXODUS H-600 &amp; H-300 l\u00e0 h\u1ec7 th\u1ed1ng ph\u00e2n l\u1eadp exosome t\u1ef1 \u0111\u1ed9ng, exosome kh\u00f4ng b\u1ecb g\u1eafn li\u00ean k\u1ebft (label-free), v\u00e0 hi\u1ec7u qu\u1ea3 cao.\" \/>\n<meta property=\"og:url\" content=\"https:\/\/biogroupvietnam.com\/vi\/san-pham\/exodus-h300-h600\/\" \/>\n<meta property=\"og:site_name\" content=\"Biogroup Vietnam\" \/>\n<meta property=\"article:modified_time\" content=\"2025-12-02T06:45:09+00:00\" \/>\n<meta property=\"og:image\" content=\"https:\/\/biogroupvietnam.com\/wp-content\/uploads\/2025\/12\/EXODUS-H-600.png\" \/>\n\t<meta property=\"og:image:width\" content=\"1640\" \/>\n\t<meta property=\"og:image:height\" content=\"1260\" \/>\n\t<meta property=\"og:image:type\" content=\"image\/png\" \/>\n<meta name=\"twitter:card\" content=\"summary_large_image\" \/>\n<meta name=\"twitter:label1\" content=\"\u01af\u1edbc t\u00ednh th\u1eddi gian \u0111\u1ecdc\" \/>\n\t<meta name=\"twitter:data1\" content=\"5 ph\u00fat\" \/>\n<script type=\"application\/ld+json\" class=\"yoast-schema-graph\">{\"@context\":\"https:\/\/schema.org\",\"@graph\":[{\"@type\":\"WebPage\",\"@id\":\"https:\/\/biogroupvietnam.com\/vi\/san-pham\/exodus-h300-h600\/\",\"url\":\"https:\/\/biogroupvietnam.com\/vi\/san-pham\/exodus-h300-h600\/\",\"name\":\"H\u1ec7 Th\u1ed1ng Ph\u00e2n L\u1eadp Exosome T\u1ef1 \u0110\u1ed9ng EXODUS H-600 & H-300\",\"isPartOf\":{\"@id\":\"https:\/\/biogroupvietnam.com\/vi\/#website\"},\"primaryImageOfPage\":{\"@id\":\"https:\/\/biogroupvietnam.com\/vi\/san-pham\/exodus-h300-h600\/#primaryimage\"},\"image\":{\"@id\":\"https:\/\/biogroupvietnam.com\/vi\/san-pham\/exodus-h300-h600\/#primaryimage\"},\"thumbnailUrl\":\"https:\/\/biogroupvietnam.com\/wp-content\/uploads\/2025\/12\/EXODUS-H-600.png\",\"datePublished\":\"2025-08-18T12:55:38+00:00\",\"dateModified\":\"2025-12-02T06:45:09+00:00\",\"description\":\"EXODUS H-600 & H-300 l\u00e0 h\u1ec7 th\u1ed1ng ph\u00e2n l\u1eadp exosome t\u1ef1 \u0111\u1ed9ng, exosome kh\u00f4ng b\u1ecb g\u1eafn li\u00ean k\u1ebft (label-free), v\u00e0 hi\u1ec7u qu\u1ea3 cao.\",\"breadcrumb\":{\"@id\":\"https:\/\/biogroupvietnam.com\/vi\/san-pham\/exodus-h300-h600\/#breadcrumb\"},\"inLanguage\":\"vi\",\"potentialAction\":[{\"@type\":\"ReadAction\",\"target\":[\"https:\/\/biogroupvietnam.com\/vi\/san-pham\/exodus-h300-h600\/\"]}]},{\"@type\":\"ImageObject\",\"inLanguage\":\"vi\",\"@id\":\"https:\/\/biogroupvietnam.com\/vi\/san-pham\/exodus-h300-h600\/#primaryimage\",\"url\":\"https:\/\/biogroupvietnam.com\/wp-content\/uploads\/2025\/12\/EXODUS-H-600.png\",\"contentUrl\":\"https:\/\/biogroupvietnam.com\/wp-content\/uploads\/2025\/12\/EXODUS-H-600.png\",\"width\":1640,\"height\":1260,\"caption\":\"EXODUS H-600\"},{\"@type\":\"BreadcrumbList\",\"@id\":\"https:\/\/biogroupvietnam.com\/vi\/san-pham\/exodus-h300-h600\/#breadcrumb\",\"itemListElement\":[{\"@type\":\"ListItem\",\"position\":1,\"name\":\"Trang ch\u1ee7\",\"item\":\"https:\/\/biogroupvietnam.com\/vi\/\"},{\"@type\":\"ListItem\",\"position\":2,\"name\":\"S\u1ea3n ph\u1ea9m\",\"item\":\"https:\/\/biogroupvietnam.com\/vi\/san-pham\/\"},{\"@type\":\"ListItem\",\"position\":3,\"name\":\"Nu\u00f4i C\u1ea5y T\u1ebf B\u00e0o\",\"item\":\"https:\/\/biogroupvietnam.com\/vi\/danh-muc-san-pham\/nuoi-cay-te-bao\/\"},{\"@type\":\"ListItem\",\"position\":4,\"name\":\"Exosome\",\"item\":\"https:\/\/biogroupvietnam.com\/vi\/danh-muc-san-pham\/exosome\/\"},{\"@type\":\"ListItem\",\"position\":5,\"name\":\"H\u1ec7 Th\u1ed1ng Ph\u00e2n L\u1eadp Exosome T\u1ef1 \u0110\u1ed9ng H-300 &#038; H-600\"}]},{\"@type\":\"WebSite\",\"@id\":\"https:\/\/biogroupvietnam.com\/vi\/#website\",\"url\":\"https:\/\/biogroupvietnam.com\/vi\/\",\"name\":\"Biogroup Vietnam\",\"description\":\"Biogroup Vietnam cung c\u1ea5p d\u1ecbch v\u1ee5 k\u1ef9 thu\u1eadt c\u00f9ng thi\u1ebft b\u1ecb, v\u1eadt t\u01b0, h\u00f3a ch\u1ea5t v\u00e0 gi\u1ea3i ph\u00e1p sinh h\u1ecdc cho ph\u00f2ng th\u00ed nghi\u1ec7m c\u00f4ng ngh\u1ec7 sinh h\u1ecdc, y sinh v\u00e0 y h\u1ecdc t\u00e1i t\u1ea1o.\",\"potentialAction\":[{\"@type\":\"SearchAction\",\"target\":{\"@type\":\"EntryPoint\",\"urlTemplate\":\"https:\/\/biogroupvietnam.com\/vi\/?s={search_term_string}\"},\"query-input\":{\"@type\":\"PropertyValueSpecification\",\"valueRequired\":true,\"valueName\":\"search_term_string\"}}],\"inLanguage\":\"vi\"}]}<\/script>\n<!-- \/ Yoast SEO plugin. -->","yoast_head_json":{"title":"H\u1ec7 Th\u1ed1ng Ph\u00e2n L\u1eadp Exosome T\u1ef1 \u0110\u1ed9ng EXODUS H-600 & H-300","description":"EXODUS H-600 & H-300 l\u00e0 h\u1ec7 th\u1ed1ng ph\u00e2n l\u1eadp exosome t\u1ef1 \u0111\u1ed9ng, exosome kh\u00f4ng b\u1ecb g\u1eafn li\u00ean k\u1ebft (label-free), v\u00e0 hi\u1ec7u qu\u1ea3 cao.","robots":{"index":"index","follow":"follow","max-snippet":"max-snippet:-1","max-image-preview":"max-image-preview:large","max-video-preview":"max-video-preview:-1"},"canonical":"https:\/\/biogroupvietnam.com\/vi\/san-pham\/exodus-h300-h600\/","og_locale":"vi_VN","og_type":"article","og_title":"H\u1ec7 Th\u1ed1ng Ph\u00e2n L\u1eadp Exosome T\u1ef1 \u0110\u1ed9ng EXODUS H-600 & H-300","og_description":"EXODUS H-600 & H-300 l\u00e0 h\u1ec7 th\u1ed1ng ph\u00e2n l\u1eadp exosome t\u1ef1 \u0111\u1ed9ng, exosome kh\u00f4ng b\u1ecb g\u1eafn li\u00ean k\u1ebft (label-free), v\u00e0 hi\u1ec7u qu\u1ea3 cao.","og_url":"https:\/\/biogroupvietnam.com\/vi\/san-pham\/exodus-h300-h600\/","og_site_name":"Biogroup Vietnam","article_modified_time":"2025-12-02T06:45:09+00:00","og_image":[{"width":1640,"height":1260,"url":"https:\/\/biogroupvietnam.com\/wp-content\/uploads\/2025\/12\/EXODUS-H-600.png","type":"image\/png"}],"twitter_card":"summary_large_image","twitter_misc":{"\u01af\u1edbc t\u00ednh th\u1eddi gian \u0111\u1ecdc":"5 ph\u00fat"},"schema":{"@context":"https:\/\/schema.org","@graph":[{"@type":"WebPage","@id":"https:\/\/biogroupvietnam.com\/vi\/san-pham\/exodus-h300-h600\/","url":"https:\/\/biogroupvietnam.com\/vi\/san-pham\/exodus-h300-h600\/","name":"H\u1ec7 Th\u1ed1ng Ph\u00e2n L\u1eadp Exosome T\u1ef1 \u0110\u1ed9ng EXODUS H-600 & H-300","isPartOf":{"@id":"https:\/\/biogroupvietnam.com\/vi\/#website"},"primaryImageOfPage":{"@id":"https:\/\/biogroupvietnam.com\/vi\/san-pham\/exodus-h300-h600\/#primaryimage"},"image":{"@id":"https:\/\/biogroupvietnam.com\/vi\/san-pham\/exodus-h300-h600\/#primaryimage"},"thumbnailUrl":"https:\/\/biogroupvietnam.com\/wp-content\/uploads\/2025\/12\/EXODUS-H-600.png","datePublished":"2025-08-18T12:55:38+00:00","dateModified":"2025-12-02T06:45:09+00:00","description":"EXODUS H-600 & H-300 l\u00e0 h\u1ec7 th\u1ed1ng ph\u00e2n l\u1eadp exosome t\u1ef1 \u0111\u1ed9ng, exosome kh\u00f4ng b\u1ecb g\u1eafn li\u00ean k\u1ebft (label-free), v\u00e0 hi\u1ec7u qu\u1ea3 cao.","breadcrumb":{"@id":"https:\/\/biogroupvietnam.com\/vi\/san-pham\/exodus-h300-h600\/#breadcrumb"},"inLanguage":"vi","potentialAction":[{"@type":"ReadAction","target":["https:\/\/biogroupvietnam.com\/vi\/san-pham\/exodus-h300-h600\/"]}]},{"@type":"ImageObject","inLanguage":"vi","@id":"https:\/\/biogroupvietnam.com\/vi\/san-pham\/exodus-h300-h600\/#primaryimage","url":"https:\/\/biogroupvietnam.com\/wp-content\/uploads\/2025\/12\/EXODUS-H-600.png","contentUrl":"https:\/\/biogroupvietnam.com\/wp-content\/uploads\/2025\/12\/EXODUS-H-600.png","width":1640,"height":1260,"caption":"EXODUS H-600"},{"@type":"BreadcrumbList","@id":"https:\/\/biogroupvietnam.com\/vi\/san-pham\/exodus-h300-h600\/#breadcrumb","itemListElement":[{"@type":"ListItem","position":1,"name":"Trang ch\u1ee7","item":"https:\/\/biogroupvietnam.com\/vi\/"},{"@type":"ListItem","position":2,"name":"S\u1ea3n ph\u1ea9m","item":"https:\/\/biogroupvietnam.com\/vi\/san-pham\/"},{"@type":"ListItem","position":3,"name":"Nu\u00f4i C\u1ea5y T\u1ebf B\u00e0o","item":"https:\/\/biogroupvietnam.com\/vi\/danh-muc-san-pham\/nuoi-cay-te-bao\/"},{"@type":"ListItem","position":4,"name":"Exosome","item":"https:\/\/biogroupvietnam.com\/vi\/danh-muc-san-pham\/exosome\/"},{"@type":"ListItem","position":5,"name":"H\u1ec7 Th\u1ed1ng Ph\u00e2n L\u1eadp Exosome T\u1ef1 \u0110\u1ed9ng H-300 &#038; H-600"}]},{"@type":"WebSite","@id":"https:\/\/biogroupvietnam.com\/vi\/#website","url":"https:\/\/biogroupvietnam.com\/vi\/","name":"Biogroup Vietnam","description":"Biogroup Vietnam cung c\u1ea5p d\u1ecbch v\u1ee5 k\u1ef9 thu\u1eadt c\u00f9ng thi\u1ebft b\u1ecb, v\u1eadt t\u01b0, h\u00f3a ch\u1ea5t v\u00e0 gi\u1ea3i ph\u00e1p sinh h\u1ecdc cho ph\u00f2ng th\u00ed nghi\u1ec7m c\u00f4ng ngh\u1ec7 sinh h\u1ecdc, y sinh v\u00e0 y h\u1ecdc t\u00e1i t\u1ea1o.","potentialAction":[{"@type":"SearchAction","target":{"@type":"EntryPoint","urlTemplate":"https:\/\/biogroupvietnam.com\/vi\/?s={search_term_string}"},"query-input":{"@type":"PropertyValueSpecification","valueRequired":true,"valueName":"search_term_string"}}],"inLanguage":"vi"}]}},"_links":{"self":[{"href":"https:\/\/biogroupvietnam.com\/vi\/wp-json\/wp\/v2\/product\/4016","targetHints":{"allow":["GET"]}}],"collection":[{"href":"https:\/\/biogroupvietnam.com\/vi\/wp-json\/wp\/v2\/product"}],"about":[{"href":"https:\/\/biogroupvietnam.com\/vi\/wp-json\/wp\/v2\/types\/product"}],"replies":[{"embeddable":true,"href":"https:\/\/biogroupvietnam.com\/vi\/wp-json\/wp\/v2\/comments?post=4016"}],"version-history":[{"count":10,"href":"https:\/\/biogroupvietnam.com\/vi\/wp-json\/wp\/v2\/product\/4016\/revisions"}],"predecessor-version":[{"id":9153,"href":"https:\/\/biogroupvietnam.com\/vi\/wp-json\/wp\/v2\/product\/4016\/revisions\/9153"}],"wp:featuredmedia":[{"embeddable":true,"href":"https:\/\/biogroupvietnam.com\/vi\/wp-json\/wp\/v2\/media\/9157"}],"wp:attachment":[{"href":"https:\/\/biogroupvietnam.com\/vi\/wp-json\/wp\/v2\/media?parent=4016"}],"wp:term":[{"taxonomy":"product_brand","embeddable":true,"href":"https:\/\/biogroupvietnam.com\/vi\/wp-json\/wp\/v2\/product_brand?post=4016"},{"taxonomy":"product_cat","embeddable":true,"href":"https:\/\/biogroupvietnam.com\/vi\/wp-json\/wp\/v2\/product_cat?post=4016"},{"taxonomy":"product_tag","embeddable":true,"href":"https:\/\/biogroupvietnam.com\/vi\/wp-json\/wp\/v2\/product_tag?post=4016"}],"curies":[{"name":"wp","href":"https:\/\/api.w.org\/{rel}","templated":true}]}}