{"id":4017,"date":"2025-08-18T19:55:39","date_gmt":"2025-08-18T12:55:39","guid":{"rendered":"http:\/\/biogroupvietnam-worldpress.local\/product\/import-placeholder-for-225\/"},"modified":"2026-04-02T11:23:35","modified_gmt":"2026-04-02T04:23:35","slug":"bo-moi-truong-nuoi-cay-te-bao-mesencult-hpl","status":"publish","type":"product","link":"https:\/\/biogroupvietnam.com\/vi\/san-pham\/bo-moi-truong-nuoi-cay-te-bao-mesencult-hpl\/","title":{"rendered":"B\u1ed9 M\u00f4i Tr\u01b0\u1eddng Nu\u00f4i C\u1ea5y T\u1ebf B\u00e0o MesenCult\u2122-hPL"},"content":{"rendered":"<h3><strong>\u0110\u1eb7c t\u00ednh k\u1ef9 thu\u1eadt c\u1ee7a b\u1ed9 m\u00f4i tr\u01b0\u1eddng nu\u00f4i c\u1ea5y t\u1ebf b\u00e0o MesenCult\u2122-hPL<\/strong><\/h3>\n<ul>\n<li style=\"text-align: justify;\">MesenCult\u2122-hPL Medium \u0111\u00e3 \u0111\u01b0\u1ee3c t\u1ed1i \u01b0u h\u00f3a cho vi\u1ec7c nu\u00f4i c\u1ea5y v\u00e0 t\u0103ng sinh c\u00e1c t\u1ebf b\u00e0o g\u1ed1c trung m\u00f4 c\u1ee7a ng\u01b0\u1eddi (MSC) c\u0169ng nh\u01b0 \u0111\u1ec3 ph\u00e1t hi\u1ec7n v\u00e0 \u0111\u1ebfm c\u00e1c \u0111\u01a1n v\u1ecb h\u00ecnh th\u00e0nh khu\u1ea9n l\u1ea1c &#8211; nguy\u00ean b\u00e0o s\u1ee3i (CFU-F).<\/li>\n<li style=\"text-align: justify;\">MesenCult\u2122-hPL 10X Supplement l\u00e0 m\u1ed9t ch\u1ea5t b\u1ed5 sung t\u0103ng tr\u01b0\u1edfng thay th\u1ebf cho huy\u1ebft thanh b\u00f2 thai nhi (FBS) c\u00f3 ch\u1ee9a d\u1ecbch ti\u1ec3u c\u1ea7u ng\u01b0\u1eddi tinh khi\u1ebft (hPL).<\/li>\n<li style=\"text-align: justify;\">Complete MesenCult\u2122-hPL Medium (Basal Medium + 10X Supplement) kh\u00f4ng y\u00eau c\u1ea7u b\u1ed5 sung c\u00e1c y\u1ebfu t\u1ed1 t\u0103ng tr\u01b0\u1edfng, lipid ho\u1eb7c ch\u1ea5t n\u1ec1n g\u1eafn k\u1ebft. N\u00f3 \u0111\u01b0\u1ee3c x\u00e1c \u0111\u1ecbnh r\u00f5 h\u01a1n, cung c\u1ea5p hi\u1ec7u su\u1ea5t t\u1ed1t h\u01a1n so v\u1edbi m\u00f4i tr\u01b0\u1eddng ch\u1ee9a FBS v\u00e0 l\u00e0 m\u1ed9t l\u1ef1a ch\u1ecdn ph\u1ea3i ch\u0103ng h\u01a1n so v\u1edbi m\u00f4i tr\u01b0\u1eddng \u0111\u01b0\u1ee3c x\u00e1c \u0111\u1ecbnh, kh\u00f4ng c\u00f3 huy\u1ebft thanh.<\/li>\n<\/ul>\n<h3><strong>Th\u00e0nh ph\u1ea7n\u00a0 (#05439) g\u1ed3m nh\u1eefng g\u00ec?<\/strong><\/h3>\n<ul>\n<li>M\u00f4i tr\u01b0\u1eddng nu\u00f4i c\u1ea5y t\u1ebf b\u00e0o c\u01a1 b\u1ea3n, MesenCult\u2122-hPL Basal, 450 mL (#05437). B\u1ea3o qu\u1ea3n: 2 &#8211; 8\u00b0C<\/li>\n<li>Ch\u1ea5t b\u1ed5 sung m\u00f4i tr\u01b0\u1eddng nu\u00f4i c\u1ea5y t\u1ebf b\u00e0o, MesenCult\u2122-hPL 10X, 50 mL (#05438). B\u1ea3o qu\u1ea3n: -20\u00b0C<\/li>\n<\/ul>\n<h3><strong>\u01afu \u0111i\u1ec3m c\u1ee7a b\u1ed9 m\u00f4i tr\u01b0\u1eddng nu\u00f4i c\u1ea5y t\u1ebf b\u00e0o MesenCult\u2122-hPL<\/strong><\/h3>\n<ul>\n<li>Hi\u1ec7u su\u1ea5t v\u01b0\u1ee3t tr\u1ed9i v\u1ec1 s\u1ed1 l\u01b0\u1ee3ng CFU-F v\u00e0 kh\u1ea3 n\u0103ng t\u0103ng sinh d\u00e0i h\u1ea1n so v\u1edbi m\u00f4i tr\u01b0\u1eddng ch\u1ee9a FBS<\/li>\n<li>M\u00f4i tr\u01b0\u1eddng c\u00f3 gi\u00e1 th\u00e0nh th\u1ea5p h\u01a1n so v\u1edbi m\u00f4i tr\u01b0\u1eddng kh\u00f4ng c\u00f3 huy\u1ebft thanh, \u0111\u01b0\u1ee3c x\u00e1c \u0111\u1ecbnh<\/li>\n<li>Nguy\u00ean li\u1ec7u th\u00f4 nh\u1ea5t qu\u00e1n v\u00e0 b\u1ec1n v\u1eefng h\u01a1n (\u00edt bi\u1ebfn \u0111\u1ed9ng theo t\u1eebng l\u00f4)<\/li>\n<li>B\u1ed5 sung ho\u00e0n ch\u1ec9nh; kh\u00f4ng c\u1ea7n th\u00eam y\u1ebfu t\u1ed1 t\u0103ng tr\u01b0\u1edfng<\/li>\n<li>Kh\u00f4ng c\u1ea7n ch\u1ea5t n\u1ec1n g\u1eafn k\u1ebft; ti\u1ebft ki\u1ec7m th\u1eddi gian v\u00e0 chi ph\u00ed<\/li>\n<\/ul>\n<h3><strong>\u1ee8ng d\u1ee5ng<\/strong><\/h3>\n<ul>\n<li>Nu\u00f4i c\u1ea5y, t\u0103ng sinh, duy tr\u00ec t\u1ebf b\u00e0o<\/li>\n<\/ul>\n<p><i><strong>L\u01b0u \u00fd:<\/strong> m\u00f4i tr\u01b0\u1eddng MensenCult hPL y\u00eau c\u1ea7u b\u1ed5 sung th\u00eam L-Glutamine (Catalog #07100) \u0111\u1ec3 c\u00f3 m\u00f4i tr\u01b0\u1eddng nu\u00f4i c\u1ea5y ho\u00e0n ch\u1ec9nh<\/i><\/p>\n","protected":false},"excerpt":{"rendered":"<p>\u0110\u1eb7c t\u00ednh k\u1ef9 thu\u1eadt c\u1ee7a b\u1ed9 m\u00f4i tr\u01b0\u1eddng nu\u00f4i c\u1ea5y t\u1ebf b\u00e0o MesenCult\u2122-hPL MesenCult\u2122-hPL Medium \u0111\u00e3 \u0111\u01b0\u1ee3c t\u1ed1i \u01b0u h\u00f3a cho vi\u1ec7c nu\u00f4i c\u1ea5y v\u00e0 t\u0103ng sinh c\u00e1c t\u1ebf b\u00e0o g\u1ed1c trung m\u00f4 c\u1ee7a ng\u01b0\u1eddi (MSC) c\u0169ng nh\u01b0 \u0111\u1ec3 ph\u00e1t hi\u1ec7n v\u00e0 \u0111\u1ebfm c\u00e1c \u0111\u01a1n v\u1ecb h\u00ecnh th\u00e0nh khu\u1ea9n l\u1ea1c &#8211; nguy\u00ean b\u00e0o s\u1ee3i (CFU-F).<\/p>\n<div class=\"klb-readmore post-buttons\"><a class=\"button rounded primary\" href=\"https:\/\/biogroupvietnam.com\/vi\/san-pham\/bo-moi-truong-nuoi-cay-te-bao-mesencult-hpl\/\">Read More <i class=\"klbth-icon-right-arrow\"><\/i><\/a><\/div>\n","protected":false},"featured_media":10140,"comment_status":"closed","ping_status":"closed","template":"","meta":{"_acf_changed":false},"product_brand":[127],"product_cat":[91],"product_tag":[],"class_list":{"0":"post-4017","1":"product","2":"type-product","3":"status-publish","4":"has-post-thumbnail","6":"product_brand-stemcell-technologies","7":"product_cat-te-bao-goc-trung-mo","9":"first","10":"outofstock","11":"shipping-taxable","12":"product-type-simple"},"acf":[],"yoast_head":"<!-- This site is optimized with the Yoast SEO plugin v26.8 - https:\/\/yoast.com\/product\/yoast-seo-wordpress\/ -->\n<title>B\u1ed9 M\u00f4i Tr\u01b0\u1eddng Nu\u00f4i C\u1ea5y T\u1ebf B\u00e0o MesenCult\u2122-hPL<\/title>\n<meta name=\"description\" content=\"MesenCult\u2122-hPL Medium \u0111\u00e3 \u0111\u01b0\u1ee3c t\u1ed1i \u01b0u h\u00f3a cho vi\u1ec7c nu\u00f4i c\u1ea5y v\u00e0 t\u0103ng sinh c\u00e1c t\u1ebf b\u00e0o g\u1ed1c trung m\u00f4 c\u1ee7a ng\u01b0\u1eddi (MSC) c\u0169ng nh\u01b0 \u0111\u1ec3 ph\u00e1t hi\u1ec7n v\u00e0 \u0111\u1ebfm c\u00e1c \u0111\u01a1n v\u1ecb h\u00ecnh th\u00e0nh khu\u1ea9n l\u1ea1c-nguy\u00ean b\u00e0o s\u1ee3i (CFU-F).\" \/>\n<meta name=\"robots\" content=\"index, follow, max-snippet:-1, max-image-preview:large, max-video-preview:-1\" \/>\n<link rel=\"canonical\" href=\"https:\/\/biogroupvietnam.com\/vi\/san-pham\/bo-moi-truong-nuoi-cay-te-bao-mesencult-hpl\/\" \/>\n<meta property=\"og:locale\" content=\"vi_VN\" \/>\n<meta property=\"og:type\" content=\"article\" \/>\n<meta property=\"og:title\" content=\"B\u1ed9 M\u00f4i Tr\u01b0\u1eddng Nu\u00f4i C\u1ea5y T\u1ebf B\u00e0o MesenCult\u2122-hPL\" \/>\n<meta property=\"og:description\" content=\"MesenCult\u2122-hPL Medium \u0111\u00e3 \u0111\u01b0\u1ee3c t\u1ed1i \u01b0u h\u00f3a cho vi\u1ec7c nu\u00f4i c\u1ea5y v\u00e0 t\u0103ng sinh c\u00e1c t\u1ebf b\u00e0o g\u1ed1c trung m\u00f4 c\u1ee7a ng\u01b0\u1eddi (MSC) c\u0169ng nh\u01b0 \u0111\u1ec3 ph\u00e1t hi\u1ec7n v\u00e0 \u0111\u1ebfm c\u00e1c \u0111\u01a1n v\u1ecb h\u00ecnh th\u00e0nh khu\u1ea9n l\u1ea1c-nguy\u00ean b\u00e0o s\u1ee3i (CFU-F).\" \/>\n<meta property=\"og:url\" content=\"https:\/\/biogroupvietnam.com\/vi\/san-pham\/bo-moi-truong-nuoi-cay-te-bao-mesencult-hpl\/\" \/>\n<meta property=\"og:site_name\" content=\"Biogroup Vietnam\" \/>\n<meta property=\"article:modified_time\" content=\"2026-04-02T04:23:35+00:00\" \/>\n<meta property=\"og:image\" content=\"https:\/\/biogroupvietnam.com\/wp-content\/uploads\/2025\/08\/bo-moi-truong-nuoi-cay-te-bao-mesencult-hpl.jpg\" \/>\n\t<meta property=\"og:image:width\" content=\"1640\" \/>\n\t<meta property=\"og:image:height\" content=\"1260\" \/>\n\t<meta property=\"og:image:type\" content=\"image\/jpeg\" \/>\n<meta name=\"twitter:card\" content=\"summary_large_image\" \/>\n<meta name=\"twitter:label1\" content=\"\u01af\u1edbc t\u00ednh th\u1eddi gian \u0111\u1ecdc\" \/>\n\t<meta name=\"twitter:data1\" content=\"2 ph\u00fat\" \/>\n<script type=\"application\/ld+json\" class=\"yoast-schema-graph\">{\"@context\":\"https:\/\/schema.org\",\"@graph\":[{\"@type\":\"WebPage\",\"@id\":\"https:\/\/biogroupvietnam.com\/vi\/san-pham\/bo-moi-truong-nuoi-cay-te-bao-mesencult-hpl\/\",\"url\":\"https:\/\/biogroupvietnam.com\/vi\/san-pham\/bo-moi-truong-nuoi-cay-te-bao-mesencult-hpl\/\",\"name\":\"B\u1ed9 M\u00f4i Tr\u01b0\u1eddng Nu\u00f4i C\u1ea5y T\u1ebf B\u00e0o MesenCult\u2122-hPL\",\"isPartOf\":{\"@id\":\"https:\/\/biogroupvietnam.com\/vi\/#website\"},\"primaryImageOfPage\":{\"@id\":\"https:\/\/biogroupvietnam.com\/vi\/san-pham\/bo-moi-truong-nuoi-cay-te-bao-mesencult-hpl\/#primaryimage\"},\"image\":{\"@id\":\"https:\/\/biogroupvietnam.com\/vi\/san-pham\/bo-moi-truong-nuoi-cay-te-bao-mesencult-hpl\/#primaryimage\"},\"thumbnailUrl\":\"https:\/\/biogroupvietnam.com\/wp-content\/uploads\/2025\/08\/bo-moi-truong-nuoi-cay-te-bao-mesencult-hpl.jpg\",\"datePublished\":\"2025-08-18T12:55:39+00:00\",\"dateModified\":\"2026-04-02T04:23:35+00:00\",\"description\":\"MesenCult\u2122-hPL Medium \u0111\u00e3 \u0111\u01b0\u1ee3c t\u1ed1i \u01b0u h\u00f3a cho vi\u1ec7c nu\u00f4i c\u1ea5y v\u00e0 t\u0103ng sinh c\u00e1c t\u1ebf b\u00e0o g\u1ed1c trung m\u00f4 c\u1ee7a ng\u01b0\u1eddi (MSC) c\u0169ng nh\u01b0 \u0111\u1ec3 ph\u00e1t hi\u1ec7n v\u00e0 \u0111\u1ebfm c\u00e1c \u0111\u01a1n v\u1ecb h\u00ecnh th\u00e0nh khu\u1ea9n l\u1ea1c-nguy\u00ean b\u00e0o s\u1ee3i (CFU-F).\",\"breadcrumb\":{\"@id\":\"https:\/\/biogroupvietnam.com\/vi\/san-pham\/bo-moi-truong-nuoi-cay-te-bao-mesencult-hpl\/#breadcrumb\"},\"inLanguage\":\"vi\",\"potentialAction\":[{\"@type\":\"ReadAction\",\"target\":[\"https:\/\/biogroupvietnam.com\/vi\/san-pham\/bo-moi-truong-nuoi-cay-te-bao-mesencult-hpl\/\"]}]},{\"@type\":\"ImageObject\",\"inLanguage\":\"vi\",\"@id\":\"https:\/\/biogroupvietnam.com\/vi\/san-pham\/bo-moi-truong-nuoi-cay-te-bao-mesencult-hpl\/#primaryimage\",\"url\":\"https:\/\/biogroupvietnam.com\/wp-content\/uploads\/2025\/08\/bo-moi-truong-nuoi-cay-te-bao-mesencult-hpl.jpg\",\"contentUrl\":\"https:\/\/biogroupvietnam.com\/wp-content\/uploads\/2025\/08\/bo-moi-truong-nuoi-cay-te-bao-mesencult-hpl.jpg\",\"width\":1640,\"height\":1260,\"caption\":\"B\u1ed9 M\u00f4i Tr\u01b0\u1eddng Nu\u00f4i C\u1ea5y T\u1ebf B\u00e0o MesenCult\u2122-hPL\"},{\"@type\":\"BreadcrumbList\",\"@id\":\"https:\/\/biogroupvietnam.com\/vi\/san-pham\/bo-moi-truong-nuoi-cay-te-bao-mesencult-hpl\/#breadcrumb\",\"itemListElement\":[{\"@type\":\"ListItem\",\"position\":1,\"name\":\"Trang ch\u1ee7\",\"item\":\"https:\/\/biogroupvietnam.com\/vi\/\"},{\"@type\":\"ListItem\",\"position\":2,\"name\":\"S\u1ea3n ph\u1ea9m\",\"item\":\"https:\/\/biogroupvietnam.com\/vi\/san-pham\/\"},{\"@type\":\"ListItem\",\"position\":3,\"name\":\"Nu\u00f4i C\u1ea5y T\u1ebf B\u00e0o\",\"item\":\"https:\/\/biogroupvietnam.com\/vi\/danh-muc-san-pham\/nuoi-cay-te-bao\/\"},{\"@type\":\"ListItem\",\"position\":4,\"name\":\"T\u1ebf B\u00e0o G\u1ed1c Trung M\u00f4\",\"item\":\"https:\/\/biogroupvietnam.com\/vi\/danh-muc-san-pham\/te-bao-goc-trung-mo\/\"},{\"@type\":\"ListItem\",\"position\":5,\"name\":\"B\u1ed9 M\u00f4i Tr\u01b0\u1eddng Nu\u00f4i C\u1ea5y T\u1ebf B\u00e0o MesenCult\u2122-hPL\"}]},{\"@type\":\"WebSite\",\"@id\":\"https:\/\/biogroupvietnam.com\/vi\/#website\",\"url\":\"https:\/\/biogroupvietnam.com\/vi\/\",\"name\":\"Biogroup Vietnam\",\"description\":\"Biogroup Vietnam cung c\u1ea5p d\u1ecbch v\u1ee5 k\u1ef9 thu\u1eadt c\u00f9ng thi\u1ebft b\u1ecb, v\u1eadt t\u01b0, h\u00f3a ch\u1ea5t v\u00e0 gi\u1ea3i ph\u00e1p sinh h\u1ecdc cho ph\u00f2ng th\u00ed nghi\u1ec7m c\u00f4ng ngh\u1ec7 sinh h\u1ecdc, y sinh v\u00e0 y h\u1ecdc t\u00e1i t\u1ea1o.\",\"potentialAction\":[{\"@type\":\"SearchAction\",\"target\":{\"@type\":\"EntryPoint\",\"urlTemplate\":\"https:\/\/biogroupvietnam.com\/vi\/?s={search_term_string}\"},\"query-input\":{\"@type\":\"PropertyValueSpecification\",\"valueRequired\":true,\"valueName\":\"search_term_string\"}}],\"inLanguage\":\"vi\"}]}<\/script>\n<!-- \/ Yoast SEO plugin. -->","yoast_head_json":{"title":"B\u1ed9 M\u00f4i Tr\u01b0\u1eddng Nu\u00f4i C\u1ea5y T\u1ebf B\u00e0o MesenCult\u2122-hPL","description":"MesenCult\u2122-hPL Medium \u0111\u00e3 \u0111\u01b0\u1ee3c t\u1ed1i \u01b0u h\u00f3a cho vi\u1ec7c nu\u00f4i c\u1ea5y v\u00e0 t\u0103ng sinh c\u00e1c t\u1ebf b\u00e0o g\u1ed1c trung m\u00f4 c\u1ee7a ng\u01b0\u1eddi (MSC) c\u0169ng nh\u01b0 \u0111\u1ec3 ph\u00e1t hi\u1ec7n v\u00e0 \u0111\u1ebfm c\u00e1c \u0111\u01a1n v\u1ecb h\u00ecnh th\u00e0nh khu\u1ea9n l\u1ea1c-nguy\u00ean b\u00e0o s\u1ee3i (CFU-F).","robots":{"index":"index","follow":"follow","max-snippet":"max-snippet:-1","max-image-preview":"max-image-preview:large","max-video-preview":"max-video-preview:-1"},"canonical":"https:\/\/biogroupvietnam.com\/vi\/san-pham\/bo-moi-truong-nuoi-cay-te-bao-mesencult-hpl\/","og_locale":"vi_VN","og_type":"article","og_title":"B\u1ed9 M\u00f4i Tr\u01b0\u1eddng Nu\u00f4i C\u1ea5y T\u1ebf B\u00e0o MesenCult\u2122-hPL","og_description":"MesenCult\u2122-hPL Medium \u0111\u00e3 \u0111\u01b0\u1ee3c t\u1ed1i \u01b0u h\u00f3a cho vi\u1ec7c nu\u00f4i c\u1ea5y v\u00e0 t\u0103ng sinh c\u00e1c t\u1ebf b\u00e0o g\u1ed1c trung m\u00f4 c\u1ee7a ng\u01b0\u1eddi (MSC) c\u0169ng nh\u01b0 \u0111\u1ec3 ph\u00e1t hi\u1ec7n v\u00e0 \u0111\u1ebfm c\u00e1c \u0111\u01a1n v\u1ecb h\u00ecnh th\u00e0nh khu\u1ea9n l\u1ea1c-nguy\u00ean b\u00e0o s\u1ee3i (CFU-F).","og_url":"https:\/\/biogroupvietnam.com\/vi\/san-pham\/bo-moi-truong-nuoi-cay-te-bao-mesencult-hpl\/","og_site_name":"Biogroup Vietnam","article_modified_time":"2026-04-02T04:23:35+00:00","og_image":[{"width":1640,"height":1260,"url":"https:\/\/biogroupvietnam.com\/wp-content\/uploads\/2025\/08\/bo-moi-truong-nuoi-cay-te-bao-mesencult-hpl.jpg","type":"image\/jpeg"}],"twitter_card":"summary_large_image","twitter_misc":{"\u01af\u1edbc t\u00ednh th\u1eddi gian \u0111\u1ecdc":"2 ph\u00fat"},"schema":{"@context":"https:\/\/schema.org","@graph":[{"@type":"WebPage","@id":"https:\/\/biogroupvietnam.com\/vi\/san-pham\/bo-moi-truong-nuoi-cay-te-bao-mesencult-hpl\/","url":"https:\/\/biogroupvietnam.com\/vi\/san-pham\/bo-moi-truong-nuoi-cay-te-bao-mesencult-hpl\/","name":"B\u1ed9 M\u00f4i Tr\u01b0\u1eddng Nu\u00f4i C\u1ea5y T\u1ebf B\u00e0o MesenCult\u2122-hPL","isPartOf":{"@id":"https:\/\/biogroupvietnam.com\/vi\/#website"},"primaryImageOfPage":{"@id":"https:\/\/biogroupvietnam.com\/vi\/san-pham\/bo-moi-truong-nuoi-cay-te-bao-mesencult-hpl\/#primaryimage"},"image":{"@id":"https:\/\/biogroupvietnam.com\/vi\/san-pham\/bo-moi-truong-nuoi-cay-te-bao-mesencult-hpl\/#primaryimage"},"thumbnailUrl":"https:\/\/biogroupvietnam.com\/wp-content\/uploads\/2025\/08\/bo-moi-truong-nuoi-cay-te-bao-mesencult-hpl.jpg","datePublished":"2025-08-18T12:55:39+00:00","dateModified":"2026-04-02T04:23:35+00:00","description":"MesenCult\u2122-hPL Medium \u0111\u00e3 \u0111\u01b0\u1ee3c t\u1ed1i \u01b0u h\u00f3a cho vi\u1ec7c nu\u00f4i c\u1ea5y v\u00e0 t\u0103ng sinh c\u00e1c t\u1ebf b\u00e0o g\u1ed1c trung m\u00f4 c\u1ee7a ng\u01b0\u1eddi (MSC) c\u0169ng nh\u01b0 \u0111\u1ec3 ph\u00e1t hi\u1ec7n v\u00e0 \u0111\u1ebfm c\u00e1c \u0111\u01a1n v\u1ecb h\u00ecnh th\u00e0nh khu\u1ea9n l\u1ea1c-nguy\u00ean b\u00e0o s\u1ee3i (CFU-F).","breadcrumb":{"@id":"https:\/\/biogroupvietnam.com\/vi\/san-pham\/bo-moi-truong-nuoi-cay-te-bao-mesencult-hpl\/#breadcrumb"},"inLanguage":"vi","potentialAction":[{"@type":"ReadAction","target":["https:\/\/biogroupvietnam.com\/vi\/san-pham\/bo-moi-truong-nuoi-cay-te-bao-mesencult-hpl\/"]}]},{"@type":"ImageObject","inLanguage":"vi","@id":"https:\/\/biogroupvietnam.com\/vi\/san-pham\/bo-moi-truong-nuoi-cay-te-bao-mesencult-hpl\/#primaryimage","url":"https:\/\/biogroupvietnam.com\/wp-content\/uploads\/2025\/08\/bo-moi-truong-nuoi-cay-te-bao-mesencult-hpl.jpg","contentUrl":"https:\/\/biogroupvietnam.com\/wp-content\/uploads\/2025\/08\/bo-moi-truong-nuoi-cay-te-bao-mesencult-hpl.jpg","width":1640,"height":1260,"caption":"B\u1ed9 M\u00f4i Tr\u01b0\u1eddng Nu\u00f4i C\u1ea5y T\u1ebf B\u00e0o MesenCult\u2122-hPL"},{"@type":"BreadcrumbList","@id":"https:\/\/biogroupvietnam.com\/vi\/san-pham\/bo-moi-truong-nuoi-cay-te-bao-mesencult-hpl\/#breadcrumb","itemListElement":[{"@type":"ListItem","position":1,"name":"Trang ch\u1ee7","item":"https:\/\/biogroupvietnam.com\/vi\/"},{"@type":"ListItem","position":2,"name":"S\u1ea3n ph\u1ea9m","item":"https:\/\/biogroupvietnam.com\/vi\/san-pham\/"},{"@type":"ListItem","position":3,"name":"Nu\u00f4i C\u1ea5y T\u1ebf B\u00e0o","item":"https:\/\/biogroupvietnam.com\/vi\/danh-muc-san-pham\/nuoi-cay-te-bao\/"},{"@type":"ListItem","position":4,"name":"T\u1ebf B\u00e0o G\u1ed1c Trung M\u00f4","item":"https:\/\/biogroupvietnam.com\/vi\/danh-muc-san-pham\/te-bao-goc-trung-mo\/"},{"@type":"ListItem","position":5,"name":"B\u1ed9 M\u00f4i Tr\u01b0\u1eddng Nu\u00f4i C\u1ea5y T\u1ebf B\u00e0o MesenCult\u2122-hPL"}]},{"@type":"WebSite","@id":"https:\/\/biogroupvietnam.com\/vi\/#website","url":"https:\/\/biogroupvietnam.com\/vi\/","name":"Biogroup Vietnam","description":"Biogroup Vietnam cung c\u1ea5p d\u1ecbch v\u1ee5 k\u1ef9 thu\u1eadt c\u00f9ng thi\u1ebft b\u1ecb, v\u1eadt t\u01b0, h\u00f3a ch\u1ea5t v\u00e0 gi\u1ea3i ph\u00e1p sinh h\u1ecdc cho ph\u00f2ng th\u00ed nghi\u1ec7m c\u00f4ng ngh\u1ec7 sinh h\u1ecdc, y sinh v\u00e0 y h\u1ecdc t\u00e1i t\u1ea1o.","potentialAction":[{"@type":"SearchAction","target":{"@type":"EntryPoint","urlTemplate":"https:\/\/biogroupvietnam.com\/vi\/?s={search_term_string}"},"query-input":{"@type":"PropertyValueSpecification","valueRequired":true,"valueName":"search_term_string"}}],"inLanguage":"vi"}]}},"_links":{"self":[{"href":"https:\/\/biogroupvietnam.com\/vi\/wp-json\/wp\/v2\/product\/4017","targetHints":{"allow":["GET"]}}],"collection":[{"href":"https:\/\/biogroupvietnam.com\/vi\/wp-json\/wp\/v2\/product"}],"about":[{"href":"https:\/\/biogroupvietnam.com\/vi\/wp-json\/wp\/v2\/types\/product"}],"replies":[{"embeddable":true,"href":"https:\/\/biogroupvietnam.com\/vi\/wp-json\/wp\/v2\/comments?post=4017"}],"version-history":[{"count":5,"href":"https:\/\/biogroupvietnam.com\/vi\/wp-json\/wp\/v2\/product\/4017\/revisions"}],"predecessor-version":[{"id":9743,"href":"https:\/\/biogroupvietnam.com\/vi\/wp-json\/wp\/v2\/product\/4017\/revisions\/9743"}],"wp:featuredmedia":[{"embeddable":true,"href":"https:\/\/biogroupvietnam.com\/vi\/wp-json\/wp\/v2\/media\/10140"}],"wp:attachment":[{"href":"https:\/\/biogroupvietnam.com\/vi\/wp-json\/wp\/v2\/media?parent=4017"}],"wp:term":[{"taxonomy":"product_brand","embeddable":true,"href":"https:\/\/biogroupvietnam.com\/vi\/wp-json\/wp\/v2\/product_brand?post=4017"},{"taxonomy":"product_cat","embeddable":true,"href":"https:\/\/biogroupvietnam.com\/vi\/wp-json\/wp\/v2\/product_cat?post=4017"},{"taxonomy":"product_tag","embeddable":true,"href":"https:\/\/biogroupvietnam.com\/vi\/wp-json\/wp\/v2\/product_tag?post=4017"}],"curies":[{"name":"wp","href":"https:\/\/api.w.org\/{rel}","templated":true}]}}