{"id":4019,"date":"2025-08-18T19:55:39","date_gmt":"2025-08-18T12:55:39","guid":{"rendered":"http:\/\/biogroupvietnam-worldpress.local\/product\/import-placeholder-for-227\/"},"modified":"2026-04-02T11:00:38","modified_gmt":"2026-04-02T04:00:38","slug":"dich-ly-giai-tieu-cau-nguoi-hpl-pr-xf-gmp","status":"publish","type":"product","link":"https:\/\/biogroupvietnam.com\/vi\/san-pham\/dich-ly-giai-tieu-cau-nguoi-hpl-pr-xf-gmp\/","title":{"rendered":"D\u1ecbch Ly Gi\u1ea3i Ti\u1ec3u C\u1ea7u Ng\u01b0\u1eddi (human Platelet Lysate, hPL PR XF GMP)"},"content":{"rendered":"<p>D\u1ecbch ly gi\u1ea3i ti\u1ec3u c\u1ea7u ng\u01b0\u1eddi <strong>(<\/strong>Human platelet lysate) (hPL), xeno-free, \u0111\u00e3 \u0111\u01b0\u1ee3c lo\u1ea1i b\u1ecf fibrinogen, tu\u00e2n th\u1ee7 GMP l\u00e0 m\u1ed9t ch\u1ea5t b\u1ed5 sung m\u00f4i tr\u01b0\u1eddng nu\u00f4i c\u1ea5y t\u1ebf b\u00e0o gi\u00e0u y\u1ebfu t\u1ed1 t\u0103ng tr\u01b0\u1edfng, c\u00f3 ngu\u1ed3n g\u1ed1c t\u1eeb ti\u1ec3u c\u1ea7u c\u1ee7a ng\u01b0\u1eddi hi\u1ebfn t\u1eb7ng kh\u1ecfe m\u1ea1nh t\u1ea1i c\u00e1c trung t\u00e2m m\u00e1u \u0111\u01b0\u1ee3c c\u1ea5p ph\u00e9p b\u1edfi C\u1ee5c Qu\u1ea3n l\u00fd Th\u1ef1c ph\u1ea9m v\u00e0 D\u01b0\u1ee3c ph\u1ea9m Hoa K\u1ef3 (FDA) v\u00e0 c\u00e1c ng\u00e2n h\u00e0ng m\u00e1u \u0111\u01b0\u1ee3c ch\u1ee9ng nh\u1eadn AABB \u1edf M\u1ef9.<\/p>\n<h3><strong>\u0110\u1eb7c t\u00ednh c\u1ee7a D\u1ecbch ly gi\u1ea3i ti\u1ec3u c\u1ea7u ng\u01b0\u1eddi hPL PR XF GMP<\/strong><\/h3>\n<ul>\n<li>Nhi\u1ec1u m\u1eabu hi\u1ebfn t\u1eb7ng \u0111\u01b0\u1ee3c g\u1ed9p l\u1ea1i trong qu\u00e1 tr\u00ecnh s\u1ea3n xu\u1ea5t \u0111\u1ec3 gi\u1ea3m thi\u1ec3u s\u1ef1 thay \u0111\u1ed5i gi\u1eefa c\u00e1c l\u00f4.<\/li>\n<li>Ng\u01b0\u1eddi hi\u1ebfn \u0111\u00e3 \u0111\u01b0\u1ee3c x\u00e9t nghi\u1ec7m v\u00e0 k\u1ebft qu\u1ea3 \u00e2m t\u00ednh v\u1edbi HBsAg, anti-HBc, anti-HIV-1\/2, anti-HCV, anti-T.cruzi, HIV1, HCV, HBV, x\u00e9t ngi\u1ec7m nucleic acid WNV v\u00e0 giang mai.<\/li>\n<li>Heparin kh\u00f4ng \u0111\u01b0\u1ee3c th\u00eam v\u00e0o trong qu\u00e1 tr\u00ecnh s\u1ea3n xu\u1ea5t v\u00e0 kh\u00f4ng b\u1eaft bu\u1ed9c ph\u1ea3i s\u1eed d\u1ee5ng s\u1ea3n ph\u1ea9m n\u00e0y.<\/li>\n<li>S\u1ea3n ph\u1ea9m \u0111\u01b0\u1ee3c x\u1eed l\u00ed v\u1edbi m\u1ed9t b\u01b0\u1edbc chi\u1ebfu x\u1ea1 (e-beam) \u0111\u1ec3 gi\u1ea3m t\u00e1c nh\u00e2n g\u00e2y b\u1ec7nh.<\/li>\n<\/ul>\n<h3><strong>\u01afu \u0111i\u1ec3m c\u1ee7a D\u1ecbch ly gi\u1ea3i ti\u1ec3u c\u1ea7u ng\u01b0\u1eddi hPL PR XF GMP<\/strong><\/h3>\n<ul>\n<li>Gi\u1ea3m thi\u1ec3u s\u1ef1 thay \u0111\u1ed5i gi\u1eefa c\u00e1c l\u00f4 v\u1edbi hPL \u0111\u01b0\u1ee3c thu th\u1eadp t\u1eeb h\u01a1n 100 m\u1eabu hi\u1ebfn.<\/li>\n<li>Gi\u1ea3m nguy c\u1ee1 nhi\u1ec5m tr\u00f9ng trong nu\u00f4i c\u1ea5y t\u1eeb protein ho\u1eb7c virus l\u1ea1 b\u1eb1ng c\u00e1ch s\u1eed d\u1ee5ng ch\u1ea5t c\u00f3 ngu\u1ed3n g\u1ed1c t\u1eeb con ng\u01b0\u1eddi (xeno-free).<\/li>\n<li>C\u00f3 ch\u1ea5t l\u01b0\u1ee3ng cao, tr\u00e1nh vi\u1ec7c s\u1eed d\u1ee5ng heparin, gi\u1ea3m t\u00e1c nh\u00e2n g\u00e2y b\u1ec7nh.<\/li>\n<li>T\u0103ng sinh t\u1ebf b\u00e0o MSC, t\u1ebf b\u00e0o T v\u00e0 c\u00e1c lo\u1ea1i t\u1ebf b\u00e0o kh\u00e1c \u0111\u1ec3 s\u1eed d\u1ee5ng trong c\u00e1c \u1ee9ng d\u1ee5ng l\u00e2m s\u00e0ng v\u1edbi m\u00f4i tr\u01b0\u1eddng \u0111\u01b0\u1ee3c s\u1ea3n xu\u1ea5t theo GMP.<\/li>\n<\/ul>\n<h3><strong>Th\u00f4ng tin \u0111\u1eb7t h\u00e0ng<\/strong><\/h3>\n<p>#200-0720 (50 ml\/chai). Nhi\u1ec7t \u0111\u1ed9 v\u1eadn chuy\u1ec3n v\u00e0 b\u1ea3o qu\u1ea3n: -20\u00b0C<\/p>\n","protected":false},"excerpt":{"rendered":"<p>D\u1ecbch ly gi\u1ea3i ti\u1ec3u c\u1ea7u ng\u01b0\u1eddi (Human platelet lysate) (hPL), xeno-free, \u0111\u00e3 \u0111\u01b0\u1ee3c lo\u1ea1i b\u1ecf fibrinogen, tu\u00e2n th\u1ee7 GMP l\u00e0 m\u1ed9t ch\u1ea5t b\u1ed5 sung m\u00f4i tr\u01b0\u1eddng nu\u00f4i c\u1ea5y t\u1ebf b\u00e0o gi\u00e0u y\u1ebfu t\u1ed1 t\u0103ng tr\u01b0\u1edfng, c\u00f3 ngu\u1ed3n g\u1ed1c t\u1eeb ti\u1ec3u c\u1ea7u c\u1ee7a ng\u01b0\u1eddi hi\u1ebfn t\u1eb7ng kh\u1ecfe m\u1ea1nh t\u1ea1i c\u00e1c trung t\u00e2m m\u00e1u \u0111\u01b0\u1ee3c c\u1ea5p ph\u00e9p<\/p>\n<div class=\"klb-readmore post-buttons\"><a class=\"button rounded primary\" href=\"https:\/\/biogroupvietnam.com\/vi\/san-pham\/dich-ly-giai-tieu-cau-nguoi-hpl-pr-xf-gmp\/\">Read More <i class=\"klbth-icon-right-arrow\"><\/i><\/a><\/div>\n","protected":false},"featured_media":10139,"comment_status":"closed","ping_status":"closed","template":"","meta":{"_acf_changed":false},"product_brand":[127],"product_cat":[91],"product_tag":[],"class_list":{"0":"post-4019","1":"product","2":"type-product","3":"status-publish","4":"has-post-thumbnail","6":"product_brand-stemcell-technologies","7":"product_cat-te-bao-goc-trung-mo","9":"first","10":"outofstock","11":"shipping-taxable","12":"product-type-simple"},"acf":[],"yoast_head":"<!-- This site is optimized with the Yoast SEO plugin v26.8 - https:\/\/yoast.com\/product\/yoast-seo-wordpress\/ -->\n<title>D\u1ecbch Ly Gi\u1ea3i Ti\u1ec3u C\u1ea7u Ng\u01b0\u1eddi (human Platelet Lysate, hPL PR XF GMP)<\/title>\n<meta name=\"description\" content=\"Human platelet lysate (hPL), xeno-free, \u0111\u00e3 \u0111\u01b0\u1ee3c lo\u1ea1i b\u1ecf fibrinogen, tu\u00e2n th\u1ee7 GMP l\u00e0 m\u1ed9t ch\u1ea5t b\u1ed5 sung m\u00f4i tr\u01b0\u1eddng nu\u00f4i c\u1ea5y t\u1ebf b\u00e0o gi\u00e0u y\u1ebfu t\u1ed1 t\u0103ng tr\u01b0\u1edfng, c\u00f3 ngu\u1ed3n g\u1ed1c t\u1eeb ti\u1ec3u c\u1ea7u c\u1ee7a ng\u01b0\u1eddi hi\u1ebfn t\u1eb7ng kh\u1ecfe m\u1ea1nh\" \/>\n<meta name=\"robots\" content=\"index, follow, max-snippet:-1, max-image-preview:large, max-video-preview:-1\" \/>\n<link rel=\"canonical\" href=\"https:\/\/biogroupvietnam.com\/vi\/san-pham\/dich-ly-giai-tieu-cau-nguoi-hpl-pr-xf-gmp\/\" \/>\n<meta property=\"og:locale\" content=\"vi_VN\" \/>\n<meta property=\"og:type\" content=\"article\" \/>\n<meta property=\"og:title\" content=\"D\u1ecbch Ly Gi\u1ea3i Ti\u1ec3u C\u1ea7u Ng\u01b0\u1eddi (human Platelet Lysate, hPL PR XF GMP)\" \/>\n<meta property=\"og:description\" content=\"Human platelet lysate (hPL), xeno-free, \u0111\u00e3 \u0111\u01b0\u1ee3c lo\u1ea1i b\u1ecf fibrinogen, tu\u00e2n th\u1ee7 GMP l\u00e0 m\u1ed9t ch\u1ea5t b\u1ed5 sung m\u00f4i tr\u01b0\u1eddng nu\u00f4i c\u1ea5y t\u1ebf b\u00e0o gi\u00e0u y\u1ebfu t\u1ed1 t\u0103ng tr\u01b0\u1edfng, c\u00f3 ngu\u1ed3n g\u1ed1c t\u1eeb ti\u1ec3u c\u1ea7u c\u1ee7a ng\u01b0\u1eddi hi\u1ebfn t\u1eb7ng kh\u1ecfe m\u1ea1nh\" \/>\n<meta property=\"og:url\" content=\"https:\/\/biogroupvietnam.com\/vi\/san-pham\/dich-ly-giai-tieu-cau-nguoi-hpl-pr-xf-gmp\/\" \/>\n<meta property=\"og:site_name\" content=\"Biogroup Vietnam\" \/>\n<meta property=\"article:modified_time\" content=\"2026-04-02T04:00:38+00:00\" \/>\n<meta property=\"og:image\" content=\"https:\/\/biogroupvietnam.com\/wp-content\/uploads\/2025\/08\/human-platelet-lysate-hpl-pr-xf-gmp.jpg\" \/>\n\t<meta property=\"og:image:width\" content=\"1640\" \/>\n\t<meta property=\"og:image:height\" content=\"1260\" \/>\n\t<meta property=\"og:image:type\" content=\"image\/jpeg\" \/>\n<meta name=\"twitter:card\" content=\"summary_large_image\" \/>\n<meta name=\"twitter:label1\" content=\"\u01af\u1edbc t\u00ednh th\u1eddi gian \u0111\u1ecdc\" \/>\n\t<meta name=\"twitter:data1\" content=\"2 ph\u00fat\" \/>\n<script type=\"application\/ld+json\" class=\"yoast-schema-graph\">{\"@context\":\"https:\/\/schema.org\",\"@graph\":[{\"@type\":\"WebPage\",\"@id\":\"https:\/\/biogroupvietnam.com\/vi\/san-pham\/dich-ly-giai-tieu-cau-nguoi-hpl-pr-xf-gmp\/\",\"url\":\"https:\/\/biogroupvietnam.com\/vi\/san-pham\/dich-ly-giai-tieu-cau-nguoi-hpl-pr-xf-gmp\/\",\"name\":\"D\u1ecbch Ly Gi\u1ea3i Ti\u1ec3u C\u1ea7u Ng\u01b0\u1eddi (human Platelet Lysate, hPL PR XF GMP)\",\"isPartOf\":{\"@id\":\"https:\/\/biogroupvietnam.com\/vi\/#website\"},\"primaryImageOfPage\":{\"@id\":\"https:\/\/biogroupvietnam.com\/vi\/san-pham\/dich-ly-giai-tieu-cau-nguoi-hpl-pr-xf-gmp\/#primaryimage\"},\"image\":{\"@id\":\"https:\/\/biogroupvietnam.com\/vi\/san-pham\/dich-ly-giai-tieu-cau-nguoi-hpl-pr-xf-gmp\/#primaryimage\"},\"thumbnailUrl\":\"https:\/\/biogroupvietnam.com\/wp-content\/uploads\/2025\/08\/human-platelet-lysate-hpl-pr-xf-gmp.jpg\",\"datePublished\":\"2025-08-18T12:55:39+00:00\",\"dateModified\":\"2026-04-02T04:00:38+00:00\",\"description\":\"Human platelet lysate (hPL), xeno-free, \u0111\u00e3 \u0111\u01b0\u1ee3c lo\u1ea1i b\u1ecf fibrinogen, tu\u00e2n th\u1ee7 GMP l\u00e0 m\u1ed9t ch\u1ea5t b\u1ed5 sung m\u00f4i tr\u01b0\u1eddng nu\u00f4i c\u1ea5y t\u1ebf b\u00e0o gi\u00e0u y\u1ebfu t\u1ed1 t\u0103ng tr\u01b0\u1edfng, c\u00f3 ngu\u1ed3n g\u1ed1c t\u1eeb ti\u1ec3u c\u1ea7u c\u1ee7a ng\u01b0\u1eddi hi\u1ebfn t\u1eb7ng kh\u1ecfe m\u1ea1nh\",\"breadcrumb\":{\"@id\":\"https:\/\/biogroupvietnam.com\/vi\/san-pham\/dich-ly-giai-tieu-cau-nguoi-hpl-pr-xf-gmp\/#breadcrumb\"},\"inLanguage\":\"vi\",\"potentialAction\":[{\"@type\":\"ReadAction\",\"target\":[\"https:\/\/biogroupvietnam.com\/vi\/san-pham\/dich-ly-giai-tieu-cau-nguoi-hpl-pr-xf-gmp\/\"]}]},{\"@type\":\"ImageObject\",\"inLanguage\":\"vi\",\"@id\":\"https:\/\/biogroupvietnam.com\/vi\/san-pham\/dich-ly-giai-tieu-cau-nguoi-hpl-pr-xf-gmp\/#primaryimage\",\"url\":\"https:\/\/biogroupvietnam.com\/wp-content\/uploads\/2025\/08\/human-platelet-lysate-hpl-pr-xf-gmp.jpg\",\"contentUrl\":\"https:\/\/biogroupvietnam.com\/wp-content\/uploads\/2025\/08\/human-platelet-lysate-hpl-pr-xf-gmp.jpg\",\"width\":1640,\"height\":1260,\"caption\":\"D\u1ecbch Ly Gi\u1ea3i Ti\u1ec3u C\u1ea7u Ng\u01b0\u1eddi (human Platelet Lysate, hPL PR XF GMP)\"},{\"@type\":\"BreadcrumbList\",\"@id\":\"https:\/\/biogroupvietnam.com\/vi\/san-pham\/dich-ly-giai-tieu-cau-nguoi-hpl-pr-xf-gmp\/#breadcrumb\",\"itemListElement\":[{\"@type\":\"ListItem\",\"position\":1,\"name\":\"Trang ch\u1ee7\",\"item\":\"https:\/\/biogroupvietnam.com\/vi\/\"},{\"@type\":\"ListItem\",\"position\":2,\"name\":\"S\u1ea3n ph\u1ea9m\",\"item\":\"https:\/\/biogroupvietnam.com\/vi\/san-pham\/\"},{\"@type\":\"ListItem\",\"position\":3,\"name\":\"Nu\u00f4i C\u1ea5y T\u1ebf B\u00e0o\",\"item\":\"https:\/\/biogroupvietnam.com\/vi\/danh-muc-san-pham\/nuoi-cay-te-bao\/\"},{\"@type\":\"ListItem\",\"position\":4,\"name\":\"T\u1ebf B\u00e0o G\u1ed1c Trung M\u00f4\",\"item\":\"https:\/\/biogroupvietnam.com\/vi\/danh-muc-san-pham\/te-bao-goc-trung-mo\/\"},{\"@type\":\"ListItem\",\"position\":5,\"name\":\"D\u1ecbch Ly Gi\u1ea3i Ti\u1ec3u C\u1ea7u Ng\u01b0\u1eddi (human Platelet Lysate, hPL PR XF GMP)\"}]},{\"@type\":\"WebSite\",\"@id\":\"https:\/\/biogroupvietnam.com\/vi\/#website\",\"url\":\"https:\/\/biogroupvietnam.com\/vi\/\",\"name\":\"Biogroup Vietnam\",\"description\":\"Biogroup Vietnam cung c\u1ea5p d\u1ecbch v\u1ee5 k\u1ef9 thu\u1eadt c\u00f9ng thi\u1ebft b\u1ecb, v\u1eadt t\u01b0, h\u00f3a ch\u1ea5t v\u00e0 gi\u1ea3i ph\u00e1p sinh h\u1ecdc cho ph\u00f2ng th\u00ed nghi\u1ec7m c\u00f4ng ngh\u1ec7 sinh h\u1ecdc, y sinh v\u00e0 y h\u1ecdc t\u00e1i t\u1ea1o.\",\"potentialAction\":[{\"@type\":\"SearchAction\",\"target\":{\"@type\":\"EntryPoint\",\"urlTemplate\":\"https:\/\/biogroupvietnam.com\/vi\/?s={search_term_string}\"},\"query-input\":{\"@type\":\"PropertyValueSpecification\",\"valueRequired\":true,\"valueName\":\"search_term_string\"}}],\"inLanguage\":\"vi\"}]}<\/script>\n<!-- \/ Yoast SEO plugin. -->","yoast_head_json":{"title":"D\u1ecbch Ly Gi\u1ea3i Ti\u1ec3u C\u1ea7u Ng\u01b0\u1eddi (human Platelet Lysate, hPL PR XF GMP)","description":"Human platelet lysate (hPL), xeno-free, \u0111\u00e3 \u0111\u01b0\u1ee3c lo\u1ea1i b\u1ecf fibrinogen, tu\u00e2n th\u1ee7 GMP l\u00e0 m\u1ed9t ch\u1ea5t b\u1ed5 sung m\u00f4i tr\u01b0\u1eddng nu\u00f4i c\u1ea5y t\u1ebf b\u00e0o gi\u00e0u y\u1ebfu t\u1ed1 t\u0103ng tr\u01b0\u1edfng, c\u00f3 ngu\u1ed3n g\u1ed1c t\u1eeb ti\u1ec3u c\u1ea7u c\u1ee7a ng\u01b0\u1eddi hi\u1ebfn t\u1eb7ng kh\u1ecfe m\u1ea1nh","robots":{"index":"index","follow":"follow","max-snippet":"max-snippet:-1","max-image-preview":"max-image-preview:large","max-video-preview":"max-video-preview:-1"},"canonical":"https:\/\/biogroupvietnam.com\/vi\/san-pham\/dich-ly-giai-tieu-cau-nguoi-hpl-pr-xf-gmp\/","og_locale":"vi_VN","og_type":"article","og_title":"D\u1ecbch Ly Gi\u1ea3i Ti\u1ec3u C\u1ea7u Ng\u01b0\u1eddi (human Platelet Lysate, hPL PR XF GMP)","og_description":"Human platelet lysate (hPL), xeno-free, \u0111\u00e3 \u0111\u01b0\u1ee3c lo\u1ea1i b\u1ecf fibrinogen, tu\u00e2n th\u1ee7 GMP l\u00e0 m\u1ed9t ch\u1ea5t b\u1ed5 sung m\u00f4i tr\u01b0\u1eddng nu\u00f4i c\u1ea5y t\u1ebf b\u00e0o gi\u00e0u y\u1ebfu t\u1ed1 t\u0103ng tr\u01b0\u1edfng, c\u00f3 ngu\u1ed3n g\u1ed1c t\u1eeb ti\u1ec3u c\u1ea7u c\u1ee7a ng\u01b0\u1eddi hi\u1ebfn t\u1eb7ng kh\u1ecfe m\u1ea1nh","og_url":"https:\/\/biogroupvietnam.com\/vi\/san-pham\/dich-ly-giai-tieu-cau-nguoi-hpl-pr-xf-gmp\/","og_site_name":"Biogroup Vietnam","article_modified_time":"2026-04-02T04:00:38+00:00","og_image":[{"width":1640,"height":1260,"url":"https:\/\/biogroupvietnam.com\/wp-content\/uploads\/2025\/08\/human-platelet-lysate-hpl-pr-xf-gmp.jpg","type":"image\/jpeg"}],"twitter_card":"summary_large_image","twitter_misc":{"\u01af\u1edbc t\u00ednh th\u1eddi gian \u0111\u1ecdc":"2 ph\u00fat"},"schema":{"@context":"https:\/\/schema.org","@graph":[{"@type":"WebPage","@id":"https:\/\/biogroupvietnam.com\/vi\/san-pham\/dich-ly-giai-tieu-cau-nguoi-hpl-pr-xf-gmp\/","url":"https:\/\/biogroupvietnam.com\/vi\/san-pham\/dich-ly-giai-tieu-cau-nguoi-hpl-pr-xf-gmp\/","name":"D\u1ecbch Ly Gi\u1ea3i Ti\u1ec3u C\u1ea7u Ng\u01b0\u1eddi (human Platelet Lysate, hPL PR XF GMP)","isPartOf":{"@id":"https:\/\/biogroupvietnam.com\/vi\/#website"},"primaryImageOfPage":{"@id":"https:\/\/biogroupvietnam.com\/vi\/san-pham\/dich-ly-giai-tieu-cau-nguoi-hpl-pr-xf-gmp\/#primaryimage"},"image":{"@id":"https:\/\/biogroupvietnam.com\/vi\/san-pham\/dich-ly-giai-tieu-cau-nguoi-hpl-pr-xf-gmp\/#primaryimage"},"thumbnailUrl":"https:\/\/biogroupvietnam.com\/wp-content\/uploads\/2025\/08\/human-platelet-lysate-hpl-pr-xf-gmp.jpg","datePublished":"2025-08-18T12:55:39+00:00","dateModified":"2026-04-02T04:00:38+00:00","description":"Human platelet lysate (hPL), xeno-free, \u0111\u00e3 \u0111\u01b0\u1ee3c lo\u1ea1i b\u1ecf fibrinogen, tu\u00e2n th\u1ee7 GMP l\u00e0 m\u1ed9t ch\u1ea5t b\u1ed5 sung m\u00f4i tr\u01b0\u1eddng nu\u00f4i c\u1ea5y t\u1ebf b\u00e0o gi\u00e0u y\u1ebfu t\u1ed1 t\u0103ng tr\u01b0\u1edfng, c\u00f3 ngu\u1ed3n g\u1ed1c t\u1eeb ti\u1ec3u c\u1ea7u c\u1ee7a ng\u01b0\u1eddi hi\u1ebfn t\u1eb7ng kh\u1ecfe m\u1ea1nh","breadcrumb":{"@id":"https:\/\/biogroupvietnam.com\/vi\/san-pham\/dich-ly-giai-tieu-cau-nguoi-hpl-pr-xf-gmp\/#breadcrumb"},"inLanguage":"vi","potentialAction":[{"@type":"ReadAction","target":["https:\/\/biogroupvietnam.com\/vi\/san-pham\/dich-ly-giai-tieu-cau-nguoi-hpl-pr-xf-gmp\/"]}]},{"@type":"ImageObject","inLanguage":"vi","@id":"https:\/\/biogroupvietnam.com\/vi\/san-pham\/dich-ly-giai-tieu-cau-nguoi-hpl-pr-xf-gmp\/#primaryimage","url":"https:\/\/biogroupvietnam.com\/wp-content\/uploads\/2025\/08\/human-platelet-lysate-hpl-pr-xf-gmp.jpg","contentUrl":"https:\/\/biogroupvietnam.com\/wp-content\/uploads\/2025\/08\/human-platelet-lysate-hpl-pr-xf-gmp.jpg","width":1640,"height":1260,"caption":"D\u1ecbch Ly Gi\u1ea3i Ti\u1ec3u C\u1ea7u Ng\u01b0\u1eddi (human Platelet Lysate, hPL PR XF GMP)"},{"@type":"BreadcrumbList","@id":"https:\/\/biogroupvietnam.com\/vi\/san-pham\/dich-ly-giai-tieu-cau-nguoi-hpl-pr-xf-gmp\/#breadcrumb","itemListElement":[{"@type":"ListItem","position":1,"name":"Trang ch\u1ee7","item":"https:\/\/biogroupvietnam.com\/vi\/"},{"@type":"ListItem","position":2,"name":"S\u1ea3n ph\u1ea9m","item":"https:\/\/biogroupvietnam.com\/vi\/san-pham\/"},{"@type":"ListItem","position":3,"name":"Nu\u00f4i C\u1ea5y T\u1ebf B\u00e0o","item":"https:\/\/biogroupvietnam.com\/vi\/danh-muc-san-pham\/nuoi-cay-te-bao\/"},{"@type":"ListItem","position":4,"name":"T\u1ebf B\u00e0o G\u1ed1c Trung M\u00f4","item":"https:\/\/biogroupvietnam.com\/vi\/danh-muc-san-pham\/te-bao-goc-trung-mo\/"},{"@type":"ListItem","position":5,"name":"D\u1ecbch Ly Gi\u1ea3i Ti\u1ec3u C\u1ea7u Ng\u01b0\u1eddi (human Platelet Lysate, hPL PR XF GMP)"}]},{"@type":"WebSite","@id":"https:\/\/biogroupvietnam.com\/vi\/#website","url":"https:\/\/biogroupvietnam.com\/vi\/","name":"Biogroup Vietnam","description":"Biogroup Vietnam cung c\u1ea5p d\u1ecbch v\u1ee5 k\u1ef9 thu\u1eadt c\u00f9ng thi\u1ebft b\u1ecb, v\u1eadt t\u01b0, h\u00f3a ch\u1ea5t v\u00e0 gi\u1ea3i ph\u00e1p sinh h\u1ecdc cho ph\u00f2ng th\u00ed nghi\u1ec7m c\u00f4ng ngh\u1ec7 sinh h\u1ecdc, y sinh v\u00e0 y h\u1ecdc t\u00e1i t\u1ea1o.","potentialAction":[{"@type":"SearchAction","target":{"@type":"EntryPoint","urlTemplate":"https:\/\/biogroupvietnam.com\/vi\/?s={search_term_string}"},"query-input":{"@type":"PropertyValueSpecification","valueRequired":true,"valueName":"search_term_string"}}],"inLanguage":"vi"}]}},"_links":{"self":[{"href":"https:\/\/biogroupvietnam.com\/vi\/wp-json\/wp\/v2\/product\/4019","targetHints":{"allow":["GET"]}}],"collection":[{"href":"https:\/\/biogroupvietnam.com\/vi\/wp-json\/wp\/v2\/product"}],"about":[{"href":"https:\/\/biogroupvietnam.com\/vi\/wp-json\/wp\/v2\/types\/product"}],"replies":[{"embeddable":true,"href":"https:\/\/biogroupvietnam.com\/vi\/wp-json\/wp\/v2\/comments?post=4019"}],"version-history":[{"count":5,"href":"https:\/\/biogroupvietnam.com\/vi\/wp-json\/wp\/v2\/product\/4019\/revisions"}],"predecessor-version":[{"id":9741,"href":"https:\/\/biogroupvietnam.com\/vi\/wp-json\/wp\/v2\/product\/4019\/revisions\/9741"}],"wp:featuredmedia":[{"embeddable":true,"href":"https:\/\/biogroupvietnam.com\/vi\/wp-json\/wp\/v2\/media\/10139"}],"wp:attachment":[{"href":"https:\/\/biogroupvietnam.com\/vi\/wp-json\/wp\/v2\/media?parent=4019"}],"wp:term":[{"taxonomy":"product_brand","embeddable":true,"href":"https:\/\/biogroupvietnam.com\/vi\/wp-json\/wp\/v2\/product_brand?post=4019"},{"taxonomy":"product_cat","embeddable":true,"href":"https:\/\/biogroupvietnam.com\/vi\/wp-json\/wp\/v2\/product_cat?post=4019"},{"taxonomy":"product_tag","embeddable":true,"href":"https:\/\/biogroupvietnam.com\/vi\/wp-json\/wp\/v2\/product_tag?post=4019"}],"curies":[{"name":"wp","href":"https:\/\/api.w.org\/{rel}","templated":true}]}}