{"id":4021,"date":"2025-08-18T19:55:40","date_gmt":"2025-08-18T12:55:40","guid":{"rendered":"http:\/\/biogroupvietnam-worldpress.local\/product\/import-placeholder-for-229\/"},"modified":"2025-11-12T18:12:57","modified_gmt":"2025-11-12T11:12:57","slug":"thawhome-c","status":"publish","type":"product","link":"https:\/\/biogroupvietnam.com\/vi\/san-pham\/thawhome-c\/","title":{"rendered":"Thi\u1ebft B\u1ecb R\u00e3 \u0110\u00f4ng T\u1ebf B\u00e0o T\u1ef1 \u0110\u1ed9ng ThawHome-C (cho t\u00fai m\u00e1u 50mL)"},"content":{"rendered":"<h3><strong>\u1ee8ng d\u1ee5ng c\u1ee7a Thi\u1ebft b\u1ecb r\u00e3 \u0111\u00f4ng t\u00fai m\u00e1u ThawHome-C:<\/strong><\/h3>\n<p>&#8211; R\u00e3 \u0111\u00f4ng nhanh ch\u00f3ng c\u00e1c t\u1ebf b\u00e0o sinh h\u1ecdc \u0111\u01b0\u1ee3c l\u1ea5y tr\u1ef1c ti\u1ebfp t\u1eeb nit\u01a1 l\u1ecfng ho\u1eb7c t\u1ee7 l\u1ea1nh nhi\u1ec7t \u0111\u1ed9 c\u1ef1c th\u1ea5p.\u200b<\/p>\n<h3><strong>T\u00ednh n\u0103ng k\u1ef9 thu\u1eadt c\u1ee7a Thi\u1ebft b\u1ecb r\u00e3 \u0111\u00f4ng t\u00fai m\u00e1u ThawHome-C:<\/strong><\/h3>\n<p>&#8211; Thi\u1ebft b\u1ecb r\u00e3 \u0111\u00f4ng c\u00e1c m\u1eabu sinh h\u1ecdc nhanh ch\u00f3ng th\u00f4ng qua c\u00f4ng ngh\u1ec7 c\u1ea3m bi\u1ebfn v\u00e0 ki\u1ec3m so\u00e1t nhi\u1ec7t \u0111\u1ed9, gi\u00fap ph\u1ee5c h\u1ed3i c\u00e1c t\u1ebf b\u00e0o sau \u0111\u00f4ng l\u1ea1nh.<\/p>\n<p>&#8211; C\u00e1c \u1ed1ng m\u1eabu \u0111\u01b0\u1ee3c l\u1ea5y tr\u1ef1c ti\u1ebfp ra kh\u1ecfi nit\u01a1 l\u1ecfng (-196\u00b0C) ho\u1eb7c t\u1ee7 l\u1ea1nh nhi\u1ec7t \u0111\u1ed9 c\u1ef1c th\u1ea5p (-80\u00b0C) r\u1ed3i \u0111\u01b0a v\u00e0o r\u00e3nh c\u1ee7a ThawHome.<\/p>\n<p>&#8211; C\u00f4ng ngh\u1ec7 r\u00e3 \u0111\u00f4ng kh\u00f4 t\u1ef1 \u0111\u1ed9ng gi\u00fap gi\u1ea3m l\u1ed7i ng\u01b0\u1eddi d\u00f9ng v\u00e0 h\u1ea1n ch\u1ebf nhi\u1ec5m.<\/p>\n<p>&#8211; N\u1eafp nhi\u1ec7t (telescopic heat cover) c\u00f3 th\u1ec3 s\u1eed d\u1ee5ng cho c\u00e1c m\u1eabu c\u00f3 dung t\u00edch v\u00e0 h\u00ecnh d\u1ea1ng kh\u00e1c nhau.<\/p>\n<p>&#8211; S\u1ef1 \u0111\u1ed1i l\u01b0u kh\u00f4ng kh\u00ed b\u1ed1n chi\u1ec1u l\u00e0m t\u0103ng t\u00ednh \u0111\u1ed3ng nh\u1ea5t c\u1ee7a nhi\u1ec7t \u0111\u1ed9 v\u00e0 \u1ed5n \u0111\u1ecbnh t\u1ed1c \u0111\u1ed9 r\u00e3 \u0111\u00f4ng c\u1ee7a m\u1eabu (T\u00fai m\u00e1u).<\/p>\n<p>&#8211; Kh\u1ea3 n\u0103ng ki\u1ec3m so\u00e1t d\u1eef li\u1ec7u \u0111\u1ea3m b\u1ea3o t\u1ed1c \u0111\u1ed9 ph\u1ee5c h\u1ed3i c\u1ee7a m\u1eabu\u00a0t\u1ed1t h\u01a1n.<\/p>\n<p>&#8211; Ch\u1ee9c n\u0103ng c\u1ea3nh b\u00e1o th\u1eddi gian th\u1ef1c, ki\u1ec3m so\u00e1t v\u00e0 c\u1ea3nh b\u00e1o th\u00f4ng qua d\u1eef li\u1ec7u ghi nh\u1eadn, c\u00f3 th\u1ec3 l\u00e0m gi\u1ea3m t\u00e1c \u0111\u1ed9ng \u1ea3nh h\u01b0\u1edfng \u0111\u1ebfn t\u1ef7 l\u1ec7 s\u1ed1ng s\u00f3t c\u1ee7a t\u1ebf b\u00e0o do ng\u01b0\u1eddi s\u1eed d\u1ee5ng v\u1eadn h\u00e0nh kh\u00f4ng \u0111\u00fang c\u00e1ch.<\/p>\n<p>&#8211; Ti\u1ebft ki\u1ec7m n\u0103ng l\u01b0\u1ee3ng v\u00e0 hi\u1ec7u qu\u1ea3 v\u1edbi c\u00f4ng su\u1ea5t t\u1ed5ng 120 watt.<\/p>\n<h3><strong>Th\u00f4ng s\u1ed1 k\u1ef9 thu\u1eadt c\u1ee7a Thi\u1ebft b\u1ecb r\u00e3 \u0111\u00f4ng t\u00fai m\u00e1u ThawHome-C:<\/strong><\/h3>\n<p>&#8211; \u0110\u1ec9nh lo\u1ea1i C (C-Notch)<\/p>\n<p>&#8211; T\u01b0\u01a1ng th\u00edch v\u1edbi t\u00fai m\u00e1u \u0111\u00f4ng l\u1ea1nh 50mL<\/p>\n<p>&#8211; S\u1ed1 l\u01b0\u1ee3ng v\u1ecb tr\u00ed r\u00e3 \u0111\u00f4ng: 01<\/p>\n<p>&#8211; K\u00edch th\u01b0\u1edbc (L x W x H): 303 x 177 x 125<\/p>\n<p>&#8211; Tr\u1ecdng l\u01b0\u1ee3ng: 3,3kg<\/p>\n","protected":false},"excerpt":{"rendered":"<p>\u1ee8ng d\u1ee5ng c\u1ee7a Thi\u1ebft b\u1ecb r\u00e3 \u0111\u00f4ng t\u00fai m\u00e1u ThawHome-C: &#8211; R\u00e3 \u0111\u00f4ng nhanh ch\u00f3ng c\u00e1c t\u1ebf b\u00e0o sinh h\u1ecdc \u0111\u01b0\u1ee3c l\u1ea5y tr\u1ef1c ti\u1ebfp t\u1eeb nit\u01a1 l\u1ecfng ho\u1eb7c t\u1ee7 l\u1ea1nh nhi\u1ec7t \u0111\u1ed9 c\u1ef1c th\u1ea5p.\u200b T\u00ednh n\u0103ng k\u1ef9 thu\u1eadt c\u1ee7a Thi\u1ebft b\u1ecb r\u00e3 \u0111\u00f4ng t\u00fai m\u00e1u ThawHome-C: &#8211; Thi\u1ebft b\u1ecb r\u00e3 \u0111\u00f4ng c\u00e1c m\u1eabu sinh h\u1ecdc<\/p>\n<div class=\"klb-readmore post-buttons\"><a class=\"button rounded primary\" href=\"https:\/\/biogroupvietnam.com\/vi\/san-pham\/thawhome-c\/\">Read More <i class=\"klbth-icon-right-arrow\"><\/i><\/a><\/div>\n","protected":false},"featured_media":8882,"comment_status":"closed","ping_status":"closed","template":"","meta":{"_acf_changed":false},"product_brand":[143],"product_cat":[101],"product_tag":[],"class_list":{"0":"post-4021","1":"product","2":"type-product","3":"status-publish","4":"has-post-thumbnail","6":"product_brand-kemesser-technology","7":"product_cat-may-ra-dong-te-bao","9":"first","10":"outofstock","11":"shipping-taxable","12":"product-type-simple"},"acf":[],"yoast_head":"<!-- This site is optimized with the Yoast SEO plugin v26.8 - https:\/\/yoast.com\/product\/yoast-seo-wordpress\/ -->\n<title>Thi\u1ebft B\u1ecb R\u00e3 \u0110\u00f4ng T\u1ebf B\u00e0o T\u1ef1 \u0110\u1ed9ng ThawHome-C (cho t\u00fai m\u00e1u 50mL)<\/title>\n<meta name=\"description\" content=\"Thi\u1ebft b\u1ecb r\u00e3 \u0111\u00f4ng c\u00e1c t\u00fai m\u00e1u nhanh ch\u00f3ng th\u00f4ng qua c\u00f4ng ngh\u1ec7 c\u1ea3m bi\u1ebfn v\u00e0 ki\u1ec3m so\u00e1t nhi\u1ec7t \u0111\u1ed9, gi\u00fap ph\u1ee5c h\u1ed3i c\u00e1c t\u1ebf b\u00e0o sau \u0111\u00f4ng l\u1ea1nh.\" \/>\n<meta name=\"robots\" content=\"index, follow, max-snippet:-1, max-image-preview:large, max-video-preview:-1\" \/>\n<link rel=\"canonical\" href=\"https:\/\/biogroupvietnam.com\/vi\/san-pham\/thawhome-c\/\" \/>\n<meta property=\"og:locale\" content=\"vi_VN\" \/>\n<meta property=\"og:type\" content=\"article\" \/>\n<meta property=\"og:title\" content=\"Thi\u1ebft B\u1ecb R\u00e3 \u0110\u00f4ng T\u1ebf B\u00e0o T\u1ef1 \u0110\u1ed9ng ThawHome-C (cho t\u00fai m\u00e1u 50mL)\" \/>\n<meta property=\"og:description\" content=\"Thi\u1ebft b\u1ecb r\u00e3 \u0111\u00f4ng c\u00e1c t\u00fai m\u00e1u nhanh ch\u00f3ng th\u00f4ng qua c\u00f4ng ngh\u1ec7 c\u1ea3m bi\u1ebfn v\u00e0 ki\u1ec3m so\u00e1t nhi\u1ec7t \u0111\u1ed9, gi\u00fap ph\u1ee5c h\u1ed3i c\u00e1c t\u1ebf b\u00e0o sau \u0111\u00f4ng l\u1ea1nh.\" \/>\n<meta property=\"og:url\" content=\"https:\/\/biogroupvietnam.com\/vi\/san-pham\/thawhome-c\/\" \/>\n<meta property=\"og:site_name\" content=\"Biogroup Vietnam\" \/>\n<meta property=\"article:modified_time\" content=\"2025-11-12T11:12:57+00:00\" \/>\n<meta property=\"og:image\" content=\"https:\/\/biogroupvietnam.com\/wp-content\/uploads\/2025\/08\/ThawHome-C.jpg\" \/>\n\t<meta property=\"og:image:width\" content=\"1640\" \/>\n\t<meta property=\"og:image:height\" content=\"1260\" \/>\n\t<meta property=\"og:image:type\" content=\"image\/jpeg\" \/>\n<meta name=\"twitter:card\" content=\"summary_large_image\" \/>\n<meta name=\"twitter:label1\" content=\"\u01af\u1edbc t\u00ednh th\u1eddi gian \u0111\u1ecdc\" \/>\n\t<meta name=\"twitter:data1\" content=\"2 ph\u00fat\" \/>\n<script type=\"application\/ld+json\" class=\"yoast-schema-graph\">{\"@context\":\"https:\/\/schema.org\",\"@graph\":[{\"@type\":\"WebPage\",\"@id\":\"https:\/\/biogroupvietnam.com\/vi\/san-pham\/thawhome-c\/\",\"url\":\"https:\/\/biogroupvietnam.com\/vi\/san-pham\/thawhome-c\/\",\"name\":\"Thi\u1ebft B\u1ecb R\u00e3 \u0110\u00f4ng T\u1ebf B\u00e0o T\u1ef1 \u0110\u1ed9ng ThawHome-C (cho t\u00fai m\u00e1u 50mL)\",\"isPartOf\":{\"@id\":\"https:\/\/biogroupvietnam.com\/vi\/#website\"},\"primaryImageOfPage\":{\"@id\":\"https:\/\/biogroupvietnam.com\/vi\/san-pham\/thawhome-c\/#primaryimage\"},\"image\":{\"@id\":\"https:\/\/biogroupvietnam.com\/vi\/san-pham\/thawhome-c\/#primaryimage\"},\"thumbnailUrl\":\"https:\/\/biogroupvietnam.com\/wp-content\/uploads\/2025\/08\/ThawHome-C.jpg\",\"datePublished\":\"2025-08-18T12:55:40+00:00\",\"dateModified\":\"2025-11-12T11:12:57+00:00\",\"description\":\"Thi\u1ebft b\u1ecb r\u00e3 \u0111\u00f4ng c\u00e1c t\u00fai m\u00e1u nhanh ch\u00f3ng th\u00f4ng qua c\u00f4ng ngh\u1ec7 c\u1ea3m bi\u1ebfn v\u00e0 ki\u1ec3m so\u00e1t nhi\u1ec7t \u0111\u1ed9, gi\u00fap ph\u1ee5c h\u1ed3i c\u00e1c t\u1ebf b\u00e0o sau \u0111\u00f4ng l\u1ea1nh.\",\"breadcrumb\":{\"@id\":\"https:\/\/biogroupvietnam.com\/vi\/san-pham\/thawhome-c\/#breadcrumb\"},\"inLanguage\":\"vi\",\"potentialAction\":[{\"@type\":\"ReadAction\",\"target\":[\"https:\/\/biogroupvietnam.com\/vi\/san-pham\/thawhome-c\/\"]}]},{\"@type\":\"ImageObject\",\"inLanguage\":\"vi\",\"@id\":\"https:\/\/biogroupvietnam.com\/vi\/san-pham\/thawhome-c\/#primaryimage\",\"url\":\"https:\/\/biogroupvietnam.com\/wp-content\/uploads\/2025\/08\/ThawHome-C.jpg\",\"contentUrl\":\"https:\/\/biogroupvietnam.com\/wp-content\/uploads\/2025\/08\/ThawHome-C.jpg\",\"width\":1640,\"height\":1260},{\"@type\":\"BreadcrumbList\",\"@id\":\"https:\/\/biogroupvietnam.com\/vi\/san-pham\/thawhome-c\/#breadcrumb\",\"itemListElement\":[{\"@type\":\"ListItem\",\"position\":1,\"name\":\"Trang ch\u1ee7\",\"item\":\"https:\/\/biogroupvietnam.com\/vi\/\"},{\"@type\":\"ListItem\",\"position\":2,\"name\":\"S\u1ea3n ph\u1ea9m\",\"item\":\"https:\/\/biogroupvietnam.com\/vi\/san-pham\/\"},{\"@type\":\"ListItem\",\"position\":3,\"name\":\"B\u1ea3o Qu\u1ea3n L\u1ea1nh T\u1ebf B\u00e0o\",\"item\":\"https:\/\/biogroupvietnam.com\/vi\/danh-muc-san-pham\/bao-quan-lanh-te-bao\/\"},{\"@type\":\"ListItem\",\"position\":4,\"name\":\"M\u00e1y R\u00e3 \u0110\u00f4ng T\u1ebf B\u00e0o\",\"item\":\"https:\/\/biogroupvietnam.com\/vi\/danh-muc-san-pham\/may-ra-dong-te-bao\/\"},{\"@type\":\"ListItem\",\"position\":5,\"name\":\"Thi\u1ebft B\u1ecb R\u00e3 \u0110\u00f4ng T\u1ebf B\u00e0o T\u1ef1 \u0110\u1ed9ng ThawHome-C (cho t\u00fai m\u00e1u 50mL)\"}]},{\"@type\":\"WebSite\",\"@id\":\"https:\/\/biogroupvietnam.com\/vi\/#website\",\"url\":\"https:\/\/biogroupvietnam.com\/vi\/\",\"name\":\"Biogroup Vietnam\",\"description\":\"Biogroup Vietnam cung c\u1ea5p d\u1ecbch v\u1ee5 k\u1ef9 thu\u1eadt c\u00f9ng thi\u1ebft b\u1ecb, v\u1eadt t\u01b0, h\u00f3a ch\u1ea5t v\u00e0 gi\u1ea3i ph\u00e1p sinh h\u1ecdc cho ph\u00f2ng th\u00ed nghi\u1ec7m c\u00f4ng ngh\u1ec7 sinh h\u1ecdc, y sinh v\u00e0 y h\u1ecdc t\u00e1i t\u1ea1o.\",\"potentialAction\":[{\"@type\":\"SearchAction\",\"target\":{\"@type\":\"EntryPoint\",\"urlTemplate\":\"https:\/\/biogroupvietnam.com\/vi\/?s={search_term_string}\"},\"query-input\":{\"@type\":\"PropertyValueSpecification\",\"valueRequired\":true,\"valueName\":\"search_term_string\"}}],\"inLanguage\":\"vi\"}]}<\/script>\n<!-- \/ Yoast SEO plugin. -->","yoast_head_json":{"title":"Thi\u1ebft B\u1ecb R\u00e3 \u0110\u00f4ng T\u1ebf B\u00e0o T\u1ef1 \u0110\u1ed9ng ThawHome-C (cho t\u00fai m\u00e1u 50mL)","description":"Thi\u1ebft b\u1ecb r\u00e3 \u0111\u00f4ng c\u00e1c t\u00fai m\u00e1u nhanh ch\u00f3ng th\u00f4ng qua c\u00f4ng ngh\u1ec7 c\u1ea3m bi\u1ebfn v\u00e0 ki\u1ec3m so\u00e1t nhi\u1ec7t \u0111\u1ed9, gi\u00fap ph\u1ee5c h\u1ed3i c\u00e1c t\u1ebf b\u00e0o sau \u0111\u00f4ng l\u1ea1nh.","robots":{"index":"index","follow":"follow","max-snippet":"max-snippet:-1","max-image-preview":"max-image-preview:large","max-video-preview":"max-video-preview:-1"},"canonical":"https:\/\/biogroupvietnam.com\/vi\/san-pham\/thawhome-c\/","og_locale":"vi_VN","og_type":"article","og_title":"Thi\u1ebft B\u1ecb R\u00e3 \u0110\u00f4ng T\u1ebf B\u00e0o T\u1ef1 \u0110\u1ed9ng ThawHome-C (cho t\u00fai m\u00e1u 50mL)","og_description":"Thi\u1ebft b\u1ecb r\u00e3 \u0111\u00f4ng c\u00e1c t\u00fai m\u00e1u nhanh ch\u00f3ng th\u00f4ng qua c\u00f4ng ngh\u1ec7 c\u1ea3m bi\u1ebfn v\u00e0 ki\u1ec3m so\u00e1t nhi\u1ec7t \u0111\u1ed9, gi\u00fap ph\u1ee5c h\u1ed3i c\u00e1c t\u1ebf b\u00e0o sau \u0111\u00f4ng l\u1ea1nh.","og_url":"https:\/\/biogroupvietnam.com\/vi\/san-pham\/thawhome-c\/","og_site_name":"Biogroup Vietnam","article_modified_time":"2025-11-12T11:12:57+00:00","og_image":[{"width":1640,"height":1260,"url":"https:\/\/biogroupvietnam.com\/wp-content\/uploads\/2025\/08\/ThawHome-C.jpg","type":"image\/jpeg"}],"twitter_card":"summary_large_image","twitter_misc":{"\u01af\u1edbc t\u00ednh th\u1eddi gian \u0111\u1ecdc":"2 ph\u00fat"},"schema":{"@context":"https:\/\/schema.org","@graph":[{"@type":"WebPage","@id":"https:\/\/biogroupvietnam.com\/vi\/san-pham\/thawhome-c\/","url":"https:\/\/biogroupvietnam.com\/vi\/san-pham\/thawhome-c\/","name":"Thi\u1ebft B\u1ecb R\u00e3 \u0110\u00f4ng T\u1ebf B\u00e0o T\u1ef1 \u0110\u1ed9ng ThawHome-C (cho t\u00fai m\u00e1u 50mL)","isPartOf":{"@id":"https:\/\/biogroupvietnam.com\/vi\/#website"},"primaryImageOfPage":{"@id":"https:\/\/biogroupvietnam.com\/vi\/san-pham\/thawhome-c\/#primaryimage"},"image":{"@id":"https:\/\/biogroupvietnam.com\/vi\/san-pham\/thawhome-c\/#primaryimage"},"thumbnailUrl":"https:\/\/biogroupvietnam.com\/wp-content\/uploads\/2025\/08\/ThawHome-C.jpg","datePublished":"2025-08-18T12:55:40+00:00","dateModified":"2025-11-12T11:12:57+00:00","description":"Thi\u1ebft b\u1ecb r\u00e3 \u0111\u00f4ng c\u00e1c t\u00fai m\u00e1u nhanh ch\u00f3ng th\u00f4ng qua c\u00f4ng ngh\u1ec7 c\u1ea3m bi\u1ebfn v\u00e0 ki\u1ec3m so\u00e1t nhi\u1ec7t \u0111\u1ed9, gi\u00fap ph\u1ee5c h\u1ed3i c\u00e1c t\u1ebf b\u00e0o sau \u0111\u00f4ng l\u1ea1nh.","breadcrumb":{"@id":"https:\/\/biogroupvietnam.com\/vi\/san-pham\/thawhome-c\/#breadcrumb"},"inLanguage":"vi","potentialAction":[{"@type":"ReadAction","target":["https:\/\/biogroupvietnam.com\/vi\/san-pham\/thawhome-c\/"]}]},{"@type":"ImageObject","inLanguage":"vi","@id":"https:\/\/biogroupvietnam.com\/vi\/san-pham\/thawhome-c\/#primaryimage","url":"https:\/\/biogroupvietnam.com\/wp-content\/uploads\/2025\/08\/ThawHome-C.jpg","contentUrl":"https:\/\/biogroupvietnam.com\/wp-content\/uploads\/2025\/08\/ThawHome-C.jpg","width":1640,"height":1260},{"@type":"BreadcrumbList","@id":"https:\/\/biogroupvietnam.com\/vi\/san-pham\/thawhome-c\/#breadcrumb","itemListElement":[{"@type":"ListItem","position":1,"name":"Trang ch\u1ee7","item":"https:\/\/biogroupvietnam.com\/vi\/"},{"@type":"ListItem","position":2,"name":"S\u1ea3n ph\u1ea9m","item":"https:\/\/biogroupvietnam.com\/vi\/san-pham\/"},{"@type":"ListItem","position":3,"name":"B\u1ea3o Qu\u1ea3n L\u1ea1nh T\u1ebf B\u00e0o","item":"https:\/\/biogroupvietnam.com\/vi\/danh-muc-san-pham\/bao-quan-lanh-te-bao\/"},{"@type":"ListItem","position":4,"name":"M\u00e1y R\u00e3 \u0110\u00f4ng T\u1ebf B\u00e0o","item":"https:\/\/biogroupvietnam.com\/vi\/danh-muc-san-pham\/may-ra-dong-te-bao\/"},{"@type":"ListItem","position":5,"name":"Thi\u1ebft B\u1ecb R\u00e3 \u0110\u00f4ng T\u1ebf B\u00e0o T\u1ef1 \u0110\u1ed9ng ThawHome-C (cho t\u00fai m\u00e1u 50mL)"}]},{"@type":"WebSite","@id":"https:\/\/biogroupvietnam.com\/vi\/#website","url":"https:\/\/biogroupvietnam.com\/vi\/","name":"Biogroup Vietnam","description":"Biogroup Vietnam cung c\u1ea5p d\u1ecbch v\u1ee5 k\u1ef9 thu\u1eadt c\u00f9ng thi\u1ebft b\u1ecb, v\u1eadt t\u01b0, h\u00f3a ch\u1ea5t v\u00e0 gi\u1ea3i ph\u00e1p sinh h\u1ecdc cho ph\u00f2ng th\u00ed nghi\u1ec7m c\u00f4ng ngh\u1ec7 sinh h\u1ecdc, y sinh v\u00e0 y h\u1ecdc t\u00e1i t\u1ea1o.","potentialAction":[{"@type":"SearchAction","target":{"@type":"EntryPoint","urlTemplate":"https:\/\/biogroupvietnam.com\/vi\/?s={search_term_string}"},"query-input":{"@type":"PropertyValueSpecification","valueRequired":true,"valueName":"search_term_string"}}],"inLanguage":"vi"}]}},"_links":{"self":[{"href":"https:\/\/biogroupvietnam.com\/vi\/wp-json\/wp\/v2\/product\/4021","targetHints":{"allow":["GET"]}}],"collection":[{"href":"https:\/\/biogroupvietnam.com\/vi\/wp-json\/wp\/v2\/product"}],"about":[{"href":"https:\/\/biogroupvietnam.com\/vi\/wp-json\/wp\/v2\/types\/product"}],"replies":[{"embeddable":true,"href":"https:\/\/biogroupvietnam.com\/vi\/wp-json\/wp\/v2\/comments?post=4021"}],"version-history":[{"count":3,"href":"https:\/\/biogroupvietnam.com\/vi\/wp-json\/wp\/v2\/product\/4021\/revisions"}],"predecessor-version":[{"id":8888,"href":"https:\/\/biogroupvietnam.com\/vi\/wp-json\/wp\/v2\/product\/4021\/revisions\/8888"}],"wp:featuredmedia":[{"embeddable":true,"href":"https:\/\/biogroupvietnam.com\/vi\/wp-json\/wp\/v2\/media\/8882"}],"wp:attachment":[{"href":"https:\/\/biogroupvietnam.com\/vi\/wp-json\/wp\/v2\/media?parent=4021"}],"wp:term":[{"taxonomy":"product_brand","embeddable":true,"href":"https:\/\/biogroupvietnam.com\/vi\/wp-json\/wp\/v2\/product_brand?post=4021"},{"taxonomy":"product_cat","embeddable":true,"href":"https:\/\/biogroupvietnam.com\/vi\/wp-json\/wp\/v2\/product_cat?post=4021"},{"taxonomy":"product_tag","embeddable":true,"href":"https:\/\/biogroupvietnam.com\/vi\/wp-json\/wp\/v2\/product_tag?post=4021"}],"curies":[{"name":"wp","href":"https:\/\/api.w.org\/{rel}","templated":true}]}}