{"id":4022,"date":"2025-08-18T19:55:40","date_gmt":"2025-08-18T12:55:40","guid":{"rendered":"http:\/\/biogroupvietnam-worldpress.local\/product\/import-placeholder-for-230\/"},"modified":"2025-11-12T18:12:44","modified_gmt":"2025-11-12T11:12:44","slug":"khay-dat-ong-chua-mau-blockhome","status":"publish","type":"product","link":"https:\/\/biogroupvietnam.com\/vi\/san-pham\/khay-dat-ong-chua-mau-blockhome\/","title":{"rendered":"Khay \u0110\u1eb7t \u1ed0ng Ch\u1ee9a M\u1eabu BlockHome"},"content":{"rendered":"<h2>Khay \u0111\u1eb7t \u1ed1ng ch\u1ee9a m\u1eabu BlockHome \u0111\u01b0\u1ee3c s\u1eed d\u1ee5ng cho nhi\u1ec1u \u1ee9ng d\u1ee5ng kh\u00e1c nhau, bao g\u1ed3m l\u00e0m m\u00e1t c\u00e1c thu\u1ed1c th\u1eed nh\u01b0 enzyme gi\u1edbi h\u1ea1n (Restriction enzyme), DNTP, kh\u00e1ng th\u1ec3 v\u00e0 c\u00e1c lo\u1ea1i kh\u00e1c, \u0111\u00f4ng l\u1ea1nh nhanh m\u00f4, m\u1eabu vi r\u00fat v\u00e0 vi khu\u1ea9n, ph\u00e2n lo\u1ea1i l\u1ecd ch\u1ee9a m\u1eabu \u0111\u00f4ng l\u1ea1nh trong nit\u01a1 l\u1ecfng v\u00e0 nhi\u1ec1u \u1ee9ng d\u1ee5ng kh\u00e1c.<\/h2>\n<h3><strong>T\u00ednh n\u0103ng k\u1ef9 thu\u1eadt c\u1ee7a khay \u0111\u1eb7t \u1ed1ng ch\u1ee9a m\u1eabu BlockHome:<\/strong><\/h3>\n<ul>\n<li>BlockHome \u0111\u01b0\u1ee3c l\u00e0m t\u1eeb h\u1ee3p kim nh\u00f4m d\u1eabn nhi\u1ec7t (Aluminum)<\/li>\n<li>Gi\u1eef c\u00e1c \u1ed1ng ch\u1ee9a m\u1eabu \u1edf nhi\u1ec7t \u0111\u1ed9 mong mu\u1ed1n t\u1eeb -150\u00b0C \u0111\u1ebfn &gt;100\u00b0C, kh\u00f4ng ti\u1ebfp x\u00fac tr\u1ef1c ti\u1ebfp v\u1edbi \u0111\u00e1, \u0111\u00e1 kh\u00f4, nit\u01a1 l\u1ecfng ho\u1eb7c c\u00e1c ngu\u1ed3n nhi\u1ec7t nh\u01b0 b\u1ec3 n\u01b0\u1edbc, t\u1ee7 \u1ea5m CO2.<\/li>\n<li>BlockHome \u0111\u1ea3m b\u1ea3o \u0111\u1ed9 \u0111\u1ed3ng \u0111\u1ec1u nhi\u1ec7t \u0111\u1ed9 +\/- 0,1\u00b0C cho t\u1ea5t c\u1ea3 c\u00e1c l\u1ecd ch\u1ee9a m\u1eabu khi l\u00e0m m\u00e1t, \u0111\u00f4ng l\u1ea1nh ho\u1eb7c gia nhi\u1ec7t\/r\u00e3 \u0111\u00f4ng.<\/li>\n<li>C\u00f3 th\u1ec3 kh\u1eed tr\u00f9ng b\u1eb1ng tia c\u1ef1c t\u00edm, l\u00e0m s\u1ea1ch b\u1eb1ng n\u01b0\u1edbc x\u00e0 ph\u00f2ng v\u00e0 c\u1ed3n.<\/li>\n<li>C\u00f3 th\u1ec3 s\u1eed d\u1ee5ng \u0111\u1ed9c l\u1eadp ho\u1eb7c v\u1edbi\u00a0<a href=\"https:\/\/bgprotech.com\/dung-cu-giu-lanh-mau-coolhome\">CoolHome<\/a>.<\/li>\n<\/ul>\n<h3><strong>\u01afu \u0111i\u1ec3m c\u1ee7a khay \u0111\u1eb7t \u1ed1ng ch\u1ee9a m\u1eabu BlockHome:<\/strong><\/h3>\n<ul>\n<li>Gi\u1eef c\u00e1c \u1ed1ng ch\u1ee9a m\u1eabu \u1edf v\u1ecb tr\u00ed th\u1eb3ng \u0111\u1ee9ng v\u00e0 kh\u00f4 r\u00e1o.<\/li>\n<li>Duy tr\u00ec nhi\u1ec7t \u0111\u1ed9 \u0111\u1ed3ng nh\u1ea5t gi\u1eefa c\u00e1c \u1ed1ng ch\u1ee9a m\u1eabu<\/li>\n<li>B\u1ec1 m\u1eb7t BlockHome ch\u1ed1ng g\u1ec9 v\u00e0 ch\u1ed1ng \u0103n m\u00f2n.<\/li>\n<li>M\u00f4-\u0111un nhi\u1ec7t \u0111\u1ed9 hi\u1ec3n th\u1ecb \u0111\u01a1n gi\u1ea3n<\/li>\n<\/ul>\n<h3><strong>Th\u00f4ng s\u1ed1 k\u1ef9 thu\u1eadt c\u1ee7a khay \u0111\u1eb7t \u1ed1ng ch\u1ee9a m\u1eabu BlockHome:<\/strong><\/h3>\n<figure class=\"table\">\n<table>\n<tbody>\n<tr>\n<td>\n<p style=\"text-align: center;\"><strong>Lo\u1ea1i<\/strong><\/p>\n<\/td>\n<td>\n<p style=\"text-align: center;\"><strong>S\u1ed1 v\u1ecb tr\u00ed ch\u1ee9a m\u1eabu<\/strong><\/p>\n<\/td>\n<td>\n<p style=\"text-align: center;\"><strong>K\u00edch th\u01b0\u1edbc<\/strong><\/p>\n<\/td>\n<td>\n<p style=\"text-align: center;\"><strong>Tr\u1ecdng l\u01b0\u1ee3ng<\/strong><\/p>\n<\/td>\n<\/tr>\n<tr>\n<td>Th\u00edch h\u1ee3p cho \u1ed1ng PCR 0,2ml lo\u1ea1i \u0111\u0129a 96 gi\u1ebfng, d\u00e3y 8 \u1ed1ng ho\u1eb7c \u1ed1ng \u0111\u01a1n<\/td>\n<td>\n<p style=\"text-align: center;\">120 x 0,2ml<\/p>\n<\/td>\n<td>\n<p style=\"text-align: center;\">L135 x W94 x H17 mm<\/p>\n<\/td>\n<td>\n<p style=\"text-align: center;\">440g<\/p>\n<\/td>\n<\/tr>\n<tr>\n<td>Th\u00edch h\u1ee3p cho \u1ed1ng PCR 0,2ml lo\u1ea1i \u0111\u0129a 96 gi\u1ebfng, d\u00e3y 8 \u1ed1ng ho\u1eb7c \u1ed1ng \u0111\u01a1n v\u00e0 \u1ed1ng ly t\u00e2m 0,5ml<\/td>\n<td>\n<p style=\"text-align: center;\">96 x 0,2ml v\u00e0 18 x 0,5ml<\/p>\n<\/td>\n<td>\n<p style=\"text-align: center;\">L135 x W94 x H17 mm<\/p>\n<\/td>\n<td>\n<p style=\"text-align: center;\">510g<\/p>\n<\/td>\n<\/tr>\n<tr>\n<td>Th\u00edch h\u1ee3p cho \u0111\u0129a 384 gi\u1ebfng<\/td>\n<td>\n<p style=\"text-align: center;\">384 v\u1ecb tr\u00ed<\/p>\n<\/td>\n<td>\n<p style=\"text-align: center;\">L135 x W94 x H17 mm<\/p>\n<\/td>\n<td>\n<p style=\"text-align: center;\">430g<\/p>\n<\/td>\n<\/tr>\n<tr>\n<td>Th\u00edch h\u1ee3p cho \u1ed1ng ly t\u00e2m 0,2ml v\u00e0 1,5ml<\/td>\n<td>\n<p style=\"text-align: center;\">15 x 1,5ml v\u00e0 72 x 0,2ml<\/p>\n<\/td>\n<td>\n<p style=\"text-align: center;\">L135 x W94 x H38 mm<\/p>\n<\/td>\n<td>\n<p style=\"text-align: center;\">1150g<\/p>\n<\/td>\n<\/tr>\n<tr>\n<td>Th\u00edch h\u1ee3p cho \u1ed1ng ly t\u00e2m 0,2ml v\u00e0 1,5ml<\/td>\n<td>\n<p style=\"text-align: center;\">10 x 1,5ml v\u00e0 72 x 0,2ml<\/p>\n<\/td>\n<td>\n<p style=\"text-align: center;\">L135 x W94 x H38 mm<\/p>\n<\/td>\n<td>\n<p style=\"text-align: center;\">1165g<\/p>\n<\/td>\n<\/tr>\n<tr>\n<td>Th\u00edch h\u1ee3p cho \u1ed1ng ly t\u00e2m 1,5ml<\/td>\n<td>\n<p style=\"text-align: center;\">30 x 1,5ml<\/p>\n<\/td>\n<td>\n<p style=\"text-align: center;\">L135 x W94 x H38 mm<\/p>\n<\/td>\n<td>\n<p style=\"text-align: center;\">1070g<\/p>\n<\/td>\n<\/tr>\n<tr>\n<td>Th\u00edch h\u1ee3p cho \u1ed1ng ly t\u00e2m 1,5ml<\/td>\n<td>\n<p style=\"text-align: center;\">35 x 1,5ml<\/p>\n<\/td>\n<td>\n<p style=\"text-align: center;\">L135 x W94 x H38 mm<\/p>\n<\/td>\n<td>\n<p style=\"text-align: center;\">1055g<\/p>\n<\/td>\n<\/tr>\n<tr>\n<td>Th\u00edch h\u1ee3p cho \u1ed1ng ly t\u00e2m 2,0ml<\/td>\n<td>\n<p style=\"text-align: center;\">30 x 2,0ml<\/p>\n<\/td>\n<td>\n<p style=\"text-align: center;\">L135 x W94 x H38 mm<\/p>\n<\/td>\n<td>\n<p style=\"text-align: center;\">910g<\/p>\n<\/td>\n<\/tr>\n<tr>\n<td>Th\u00edch h\u1ee3p cho \u1ed1ng ly t\u00e2m 2,0ml<\/td>\n<td>\n<p style=\"text-align: center;\">35 x 2,0ml<\/p>\n<\/td>\n<td>\n<p style=\"text-align: center;\">L135 x W94 x H38 mm<\/p>\n<\/td>\n<td>\n<p style=\"text-align: center;\">890g<\/p>\n<\/td>\n<\/tr>\n<tr>\n<td>Th\u00edch h\u1ee3p cho \u1ed1ng ch\u1ee9a m\u1eabu \u0111\u00f4ng l\u1ea1nh 2,0ml<\/td>\n<td>\n<p style=\"text-align: center;\">30 x 2,0ml<\/p>\n<\/td>\n<td>\n<p style=\"text-align: center;\">L135 x W94 x H38 mm<\/p>\n<\/td>\n<td>\n<p style=\"text-align: center;\">900g<\/p>\n<\/td>\n<\/tr>\n<tr>\n<td>Th\u00edch h\u1ee3p cho \u1ed1ng ch\u1ee9a m\u1eabu \u0111\u00f4ng l\u1ea1nh 2,0ml.<\/td>\n<td>\n<p style=\"text-align: center;\">35 x 2,0ml<\/p>\n<\/td>\n<td>\n<p style=\"text-align: center;\">L135 x W94 x H38 mm<\/p>\n<\/td>\n<td>\n<p style=\"text-align: center;\">880g<\/p>\n<\/td>\n<\/tr>\n<tr>\n<td>Th\u00edch h\u1ee3p cho \u1ed1ng ch\u1ee9a m\u1eabu \u0111\u00f4ng l\u1ea1nh 2,0ml v\u00e0 \u1ed1ng ly t\u00e2m 1,5ml<\/td>\n<td>\n<p style=\"text-align: center;\">15 x 2.0ml v\u00e0 15 x 1,5ml<\/p>\n<\/td>\n<td>\n<p style=\"text-align: center;\">L135 x W94 x H38 mm<\/p>\n<\/td>\n<td>\n<p style=\"text-align: center;\">1020g<\/p>\n<\/td>\n<\/tr>\n<tr>\n<td>Th\u00edch h\u1ee3p cho \u1ed1ng ly t\u00e2m 15ml<\/td>\n<td>\n<p style=\"text-align: center;\">6 x 15ml<\/p>\n<\/td>\n<td>\n<p style=\"text-align: center;\">L94 x W68 x H95 mm<\/p>\n<\/td>\n<td>\n<p style=\"text-align: center;\">1230g<\/p>\n<\/td>\n<\/tr>\n<tr>\n<td>Th\u00edch h\u1ee3p cho \u1ed1ng ly t\u00e2m 2ml, 15ml v\u00e0 50ml<\/td>\n<td>\n<p style=\"text-align: center;\">2 x 50ml, 3 x 1,5ml v\u00e0\u00a0 3 x 2,0ml<\/p>\n<\/td>\n<td>\n<p style=\"text-align: center;\">L94 x W68 x H95 mm<\/p>\n<\/td>\n<td>\n<p style=\"text-align: center;\">1170g<\/p>\n<\/td>\n<\/tr>\n<tr>\n<td>Th\u00edch h\u1ee3p cho \u1ed1ng ch\u1ee9a m\u1eabu \u0111\u00f4ng l\u1ea1nh 2,0ml<\/td>\n<td>\n<p style=\"text-align: center;\">2 x 50ml, 3 x 1,5ml v\u00e0\u00a0 3 x 2,0ml mixed BlockHome<\/p>\n<\/td>\n<td>\n<p style=\"text-align: center;\">L220 x W14 x H38mm<\/p>\n<\/td>\n<td>\n<p style=\"text-align: center;\">2290g<\/p>\n<\/td>\n<\/tr>\n<\/tbody>\n<\/table>\n<\/figure>\n","protected":false},"excerpt":{"rendered":"<p>Khay \u0111\u1eb7t \u1ed1ng ch\u1ee9a m\u1eabu BlockHome \u0111\u01b0\u1ee3c s\u1eed d\u1ee5ng cho nhi\u1ec1u \u1ee9ng d\u1ee5ng kh\u00e1c nhau, bao g\u1ed3m l\u00e0m m\u00e1t c\u00e1c thu\u1ed1c th\u1eed nh\u01b0 enzyme gi\u1edbi h\u1ea1n (Restriction enzyme), DNTP, kh\u00e1ng th\u1ec3 v\u00e0 c\u00e1c lo\u1ea1i kh\u00e1c, \u0111\u00f4ng l\u1ea1nh nhanh m\u00f4, m\u1eabu vi r\u00fat v\u00e0 vi khu\u1ea9n, ph\u00e2n lo\u1ea1i l\u1ecd ch\u1ee9a m\u1eabu \u0111\u00f4ng l\u1ea1nh trong nit\u01a1 l\u1ecfng<\/p>\n<div class=\"klb-readmore post-buttons\"><a class=\"button rounded primary\" href=\"https:\/\/biogroupvietnam.com\/vi\/san-pham\/khay-dat-ong-chua-mau-blockhome\/\">Read More <i class=\"klbth-icon-right-arrow\"><\/i><\/a><\/div>\n","protected":false},"featured_media":8881,"comment_status":"closed","ping_status":"closed","template":"","meta":{"_acf_changed":false},"product_brand":[143],"product_cat":[102],"product_tag":[],"class_list":{"0":"post-4022","1":"product","2":"type-product","3":"status-publish","4":"has-post-thumbnail","6":"product_brand-kemesser-technology","7":"product_cat-dung-cu-van-chuyen-bao-quan-te-bao","9":"first","10":"outofstock","11":"shipping-taxable","12":"product-type-simple"},"acf":[],"yoast_head":"<!-- This site is optimized with the Yoast SEO plugin v26.8 - https:\/\/yoast.com\/product\/yoast-seo-wordpress\/ -->\n<title>Khay \u0110\u1eb7t \u1ed0ng Ch\u1ee9a M\u1eabu BlockHome<\/title>\n<meta name=\"description\" content=\"BlockHome \u0111\u01b0\u1ee3c s\u1eed d\u1ee5ng cho nhi\u1ec1u \u1ee9ng d\u1ee5ng kh\u00e1c nhau, bao g\u1ed3m l\u00e0m m\u00e1t c\u00e1c thu\u1ed1c th\u1eed nh\u01b0 enzyme gi\u1edbi h\u1ea1n (Restriction enzyme), DNTP, kh\u00e1ng th\u1ec3 v\u00e0 c\u00e1c lo\u1ea1i kh\u00e1c, \u0111\u00f4ng l\u1ea1nh nhanh m\u00f4, m\u1eabu vi r\u00fat v\u00e0 vi khu\u1ea9n, ph\u00e2n lo\u1ea1i l\u1ecd ch\u1ee9a m\u1eabu \u0111\u00f4ng l\u1ea1nh trong nit\u01a1 l\u1ecfng v\u00e0 nhi\u1ec1u \u1ee9ng d\u1ee5ng kh\u00e1c.\" \/>\n<meta name=\"robots\" content=\"index, follow, max-snippet:-1, max-image-preview:large, max-video-preview:-1\" \/>\n<link rel=\"canonical\" href=\"https:\/\/biogroupvietnam.com\/vi\/san-pham\/khay-dat-ong-chua-mau-blockhome\/\" \/>\n<meta property=\"og:locale\" content=\"vi_VN\" \/>\n<meta property=\"og:type\" content=\"article\" \/>\n<meta property=\"og:title\" content=\"Khay \u0110\u1eb7t \u1ed0ng Ch\u1ee9a M\u1eabu BlockHome\" \/>\n<meta property=\"og:description\" content=\"BlockHome \u0111\u01b0\u1ee3c s\u1eed d\u1ee5ng cho nhi\u1ec1u \u1ee9ng d\u1ee5ng kh\u00e1c nhau, bao g\u1ed3m l\u00e0m m\u00e1t c\u00e1c thu\u1ed1c th\u1eed nh\u01b0 enzyme gi\u1edbi h\u1ea1n (Restriction enzyme), DNTP, kh\u00e1ng th\u1ec3 v\u00e0 c\u00e1c lo\u1ea1i kh\u00e1c, \u0111\u00f4ng l\u1ea1nh nhanh m\u00f4, m\u1eabu vi r\u00fat v\u00e0 vi khu\u1ea9n, ph\u00e2n lo\u1ea1i l\u1ecd ch\u1ee9a m\u1eabu \u0111\u00f4ng l\u1ea1nh trong nit\u01a1 l\u1ecfng v\u00e0 nhi\u1ec1u \u1ee9ng d\u1ee5ng kh\u00e1c.\" \/>\n<meta property=\"og:url\" content=\"https:\/\/biogroupvietnam.com\/vi\/san-pham\/khay-dat-ong-chua-mau-blockhome\/\" \/>\n<meta property=\"og:site_name\" content=\"Biogroup Vietnam\" \/>\n<meta property=\"article:modified_time\" content=\"2025-11-12T11:12:44+00:00\" \/>\n<meta property=\"og:image\" content=\"https:\/\/biogroupvietnam.com\/wp-content\/uploads\/2025\/08\/BlockHome.jpg\" \/>\n\t<meta property=\"og:image:width\" content=\"1640\" \/>\n\t<meta property=\"og:image:height\" content=\"1260\" \/>\n\t<meta property=\"og:image:type\" content=\"image\/jpeg\" \/>\n<meta name=\"twitter:card\" content=\"summary_large_image\" \/>\n<meta name=\"twitter:label1\" content=\"\u01af\u1edbc t\u00ednh th\u1eddi gian \u0111\u1ecdc\" \/>\n\t<meta name=\"twitter:data1\" content=\"4 ph\u00fat\" \/>\n<script type=\"application\/ld+json\" class=\"yoast-schema-graph\">{\"@context\":\"https:\/\/schema.org\",\"@graph\":[{\"@type\":\"WebPage\",\"@id\":\"https:\/\/biogroupvietnam.com\/vi\/san-pham\/khay-dat-ong-chua-mau-blockhome\/\",\"url\":\"https:\/\/biogroupvietnam.com\/vi\/san-pham\/khay-dat-ong-chua-mau-blockhome\/\",\"name\":\"Khay \u0110\u1eb7t \u1ed0ng Ch\u1ee9a M\u1eabu BlockHome\",\"isPartOf\":{\"@id\":\"https:\/\/biogroupvietnam.com\/vi\/#website\"},\"primaryImageOfPage\":{\"@id\":\"https:\/\/biogroupvietnam.com\/vi\/san-pham\/khay-dat-ong-chua-mau-blockhome\/#primaryimage\"},\"image\":{\"@id\":\"https:\/\/biogroupvietnam.com\/vi\/san-pham\/khay-dat-ong-chua-mau-blockhome\/#primaryimage\"},\"thumbnailUrl\":\"https:\/\/biogroupvietnam.com\/wp-content\/uploads\/2025\/08\/BlockHome.jpg\",\"datePublished\":\"2025-08-18T12:55:40+00:00\",\"dateModified\":\"2025-11-12T11:12:44+00:00\",\"description\":\"BlockHome \u0111\u01b0\u1ee3c s\u1eed d\u1ee5ng cho nhi\u1ec1u \u1ee9ng d\u1ee5ng kh\u00e1c nhau, bao g\u1ed3m l\u00e0m m\u00e1t c\u00e1c thu\u1ed1c th\u1eed nh\u01b0 enzyme gi\u1edbi h\u1ea1n (Restriction enzyme), DNTP, kh\u00e1ng th\u1ec3 v\u00e0 c\u00e1c lo\u1ea1i kh\u00e1c, \u0111\u00f4ng l\u1ea1nh nhanh m\u00f4, m\u1eabu vi r\u00fat v\u00e0 vi khu\u1ea9n, ph\u00e2n lo\u1ea1i l\u1ecd ch\u1ee9a m\u1eabu \u0111\u00f4ng l\u1ea1nh trong nit\u01a1 l\u1ecfng v\u00e0 nhi\u1ec1u \u1ee9ng d\u1ee5ng kh\u00e1c.\",\"breadcrumb\":{\"@id\":\"https:\/\/biogroupvietnam.com\/vi\/san-pham\/khay-dat-ong-chua-mau-blockhome\/#breadcrumb\"},\"inLanguage\":\"vi\",\"potentialAction\":[{\"@type\":\"ReadAction\",\"target\":[\"https:\/\/biogroupvietnam.com\/vi\/san-pham\/khay-dat-ong-chua-mau-blockhome\/\"]}]},{\"@type\":\"ImageObject\",\"inLanguage\":\"vi\",\"@id\":\"https:\/\/biogroupvietnam.com\/vi\/san-pham\/khay-dat-ong-chua-mau-blockhome\/#primaryimage\",\"url\":\"https:\/\/biogroupvietnam.com\/wp-content\/uploads\/2025\/08\/BlockHome.jpg\",\"contentUrl\":\"https:\/\/biogroupvietnam.com\/wp-content\/uploads\/2025\/08\/BlockHome.jpg\",\"width\":1640,\"height\":1260},{\"@type\":\"BreadcrumbList\",\"@id\":\"https:\/\/biogroupvietnam.com\/vi\/san-pham\/khay-dat-ong-chua-mau-blockhome\/#breadcrumb\",\"itemListElement\":[{\"@type\":\"ListItem\",\"position\":1,\"name\":\"Trang ch\u1ee7\",\"item\":\"https:\/\/biogroupvietnam.com\/vi\/\"},{\"@type\":\"ListItem\",\"position\":2,\"name\":\"S\u1ea3n ph\u1ea9m\",\"item\":\"https:\/\/biogroupvietnam.com\/vi\/san-pham\/\"},{\"@type\":\"ListItem\",\"position\":3,\"name\":\"B\u1ea3o Qu\u1ea3n L\u1ea1nh T\u1ebf B\u00e0o\",\"item\":\"https:\/\/biogroupvietnam.com\/vi\/danh-muc-san-pham\/bao-quan-lanh-te-bao\/\"},{\"@type\":\"ListItem\",\"position\":4,\"name\":\"D\u1ee5ng C\u1ee5 V\u1eadn Chuy\u1ec3n B\u1ea3o Qu\u1ea3n T\u1ebf B\u00e0o\",\"item\":\"https:\/\/biogroupvietnam.com\/vi\/danh-muc-san-pham\/dung-cu-van-chuyen-bao-quan-te-bao\/\"},{\"@type\":\"ListItem\",\"position\":5,\"name\":\"Khay \u0110\u1eb7t \u1ed0ng Ch\u1ee9a M\u1eabu BlockHome\"}]},{\"@type\":\"WebSite\",\"@id\":\"https:\/\/biogroupvietnam.com\/vi\/#website\",\"url\":\"https:\/\/biogroupvietnam.com\/vi\/\",\"name\":\"Biogroup Vietnam\",\"description\":\"Biogroup Vietnam cung c\u1ea5p d\u1ecbch v\u1ee5 k\u1ef9 thu\u1eadt c\u00f9ng thi\u1ebft b\u1ecb, v\u1eadt t\u01b0, h\u00f3a ch\u1ea5t v\u00e0 gi\u1ea3i ph\u00e1p sinh h\u1ecdc cho ph\u00f2ng th\u00ed nghi\u1ec7m c\u00f4ng ngh\u1ec7 sinh h\u1ecdc, y sinh v\u00e0 y h\u1ecdc t\u00e1i t\u1ea1o.\",\"potentialAction\":[{\"@type\":\"SearchAction\",\"target\":{\"@type\":\"EntryPoint\",\"urlTemplate\":\"https:\/\/biogroupvietnam.com\/vi\/?s={search_term_string}\"},\"query-input\":{\"@type\":\"PropertyValueSpecification\",\"valueRequired\":true,\"valueName\":\"search_term_string\"}}],\"inLanguage\":\"vi\"}]}<\/script>\n<!-- \/ Yoast SEO plugin. -->","yoast_head_json":{"title":"Khay \u0110\u1eb7t \u1ed0ng Ch\u1ee9a M\u1eabu BlockHome","description":"BlockHome \u0111\u01b0\u1ee3c s\u1eed d\u1ee5ng cho nhi\u1ec1u \u1ee9ng d\u1ee5ng kh\u00e1c nhau, bao g\u1ed3m l\u00e0m m\u00e1t c\u00e1c thu\u1ed1c th\u1eed nh\u01b0 enzyme gi\u1edbi h\u1ea1n (Restriction enzyme), DNTP, kh\u00e1ng th\u1ec3 v\u00e0 c\u00e1c lo\u1ea1i kh\u00e1c, \u0111\u00f4ng l\u1ea1nh nhanh m\u00f4, m\u1eabu vi r\u00fat v\u00e0 vi khu\u1ea9n, ph\u00e2n lo\u1ea1i l\u1ecd ch\u1ee9a m\u1eabu \u0111\u00f4ng l\u1ea1nh trong nit\u01a1 l\u1ecfng v\u00e0 nhi\u1ec1u \u1ee9ng d\u1ee5ng kh\u00e1c.","robots":{"index":"index","follow":"follow","max-snippet":"max-snippet:-1","max-image-preview":"max-image-preview:large","max-video-preview":"max-video-preview:-1"},"canonical":"https:\/\/biogroupvietnam.com\/vi\/san-pham\/khay-dat-ong-chua-mau-blockhome\/","og_locale":"vi_VN","og_type":"article","og_title":"Khay \u0110\u1eb7t \u1ed0ng Ch\u1ee9a M\u1eabu BlockHome","og_description":"BlockHome \u0111\u01b0\u1ee3c s\u1eed d\u1ee5ng cho nhi\u1ec1u \u1ee9ng d\u1ee5ng kh\u00e1c nhau, bao g\u1ed3m l\u00e0m m\u00e1t c\u00e1c thu\u1ed1c th\u1eed nh\u01b0 enzyme gi\u1edbi h\u1ea1n (Restriction enzyme), DNTP, kh\u00e1ng th\u1ec3 v\u00e0 c\u00e1c lo\u1ea1i kh\u00e1c, \u0111\u00f4ng l\u1ea1nh nhanh m\u00f4, m\u1eabu vi r\u00fat v\u00e0 vi khu\u1ea9n, ph\u00e2n lo\u1ea1i l\u1ecd ch\u1ee9a m\u1eabu \u0111\u00f4ng l\u1ea1nh trong nit\u01a1 l\u1ecfng v\u00e0 nhi\u1ec1u \u1ee9ng d\u1ee5ng kh\u00e1c.","og_url":"https:\/\/biogroupvietnam.com\/vi\/san-pham\/khay-dat-ong-chua-mau-blockhome\/","og_site_name":"Biogroup Vietnam","article_modified_time":"2025-11-12T11:12:44+00:00","og_image":[{"width":1640,"height":1260,"url":"https:\/\/biogroupvietnam.com\/wp-content\/uploads\/2025\/08\/BlockHome.jpg","type":"image\/jpeg"}],"twitter_card":"summary_large_image","twitter_misc":{"\u01af\u1edbc t\u00ednh th\u1eddi gian \u0111\u1ecdc":"4 ph\u00fat"},"schema":{"@context":"https:\/\/schema.org","@graph":[{"@type":"WebPage","@id":"https:\/\/biogroupvietnam.com\/vi\/san-pham\/khay-dat-ong-chua-mau-blockhome\/","url":"https:\/\/biogroupvietnam.com\/vi\/san-pham\/khay-dat-ong-chua-mau-blockhome\/","name":"Khay \u0110\u1eb7t \u1ed0ng Ch\u1ee9a M\u1eabu BlockHome","isPartOf":{"@id":"https:\/\/biogroupvietnam.com\/vi\/#website"},"primaryImageOfPage":{"@id":"https:\/\/biogroupvietnam.com\/vi\/san-pham\/khay-dat-ong-chua-mau-blockhome\/#primaryimage"},"image":{"@id":"https:\/\/biogroupvietnam.com\/vi\/san-pham\/khay-dat-ong-chua-mau-blockhome\/#primaryimage"},"thumbnailUrl":"https:\/\/biogroupvietnam.com\/wp-content\/uploads\/2025\/08\/BlockHome.jpg","datePublished":"2025-08-18T12:55:40+00:00","dateModified":"2025-11-12T11:12:44+00:00","description":"BlockHome \u0111\u01b0\u1ee3c s\u1eed d\u1ee5ng cho nhi\u1ec1u \u1ee9ng d\u1ee5ng kh\u00e1c nhau, bao g\u1ed3m l\u00e0m m\u00e1t c\u00e1c thu\u1ed1c th\u1eed nh\u01b0 enzyme gi\u1edbi h\u1ea1n (Restriction enzyme), DNTP, kh\u00e1ng th\u1ec3 v\u00e0 c\u00e1c lo\u1ea1i kh\u00e1c, \u0111\u00f4ng l\u1ea1nh nhanh m\u00f4, m\u1eabu vi r\u00fat v\u00e0 vi khu\u1ea9n, ph\u00e2n lo\u1ea1i l\u1ecd ch\u1ee9a m\u1eabu \u0111\u00f4ng l\u1ea1nh trong nit\u01a1 l\u1ecfng v\u00e0 nhi\u1ec1u \u1ee9ng d\u1ee5ng kh\u00e1c.","breadcrumb":{"@id":"https:\/\/biogroupvietnam.com\/vi\/san-pham\/khay-dat-ong-chua-mau-blockhome\/#breadcrumb"},"inLanguage":"vi","potentialAction":[{"@type":"ReadAction","target":["https:\/\/biogroupvietnam.com\/vi\/san-pham\/khay-dat-ong-chua-mau-blockhome\/"]}]},{"@type":"ImageObject","inLanguage":"vi","@id":"https:\/\/biogroupvietnam.com\/vi\/san-pham\/khay-dat-ong-chua-mau-blockhome\/#primaryimage","url":"https:\/\/biogroupvietnam.com\/wp-content\/uploads\/2025\/08\/BlockHome.jpg","contentUrl":"https:\/\/biogroupvietnam.com\/wp-content\/uploads\/2025\/08\/BlockHome.jpg","width":1640,"height":1260},{"@type":"BreadcrumbList","@id":"https:\/\/biogroupvietnam.com\/vi\/san-pham\/khay-dat-ong-chua-mau-blockhome\/#breadcrumb","itemListElement":[{"@type":"ListItem","position":1,"name":"Trang ch\u1ee7","item":"https:\/\/biogroupvietnam.com\/vi\/"},{"@type":"ListItem","position":2,"name":"S\u1ea3n ph\u1ea9m","item":"https:\/\/biogroupvietnam.com\/vi\/san-pham\/"},{"@type":"ListItem","position":3,"name":"B\u1ea3o Qu\u1ea3n L\u1ea1nh T\u1ebf B\u00e0o","item":"https:\/\/biogroupvietnam.com\/vi\/danh-muc-san-pham\/bao-quan-lanh-te-bao\/"},{"@type":"ListItem","position":4,"name":"D\u1ee5ng C\u1ee5 V\u1eadn Chuy\u1ec3n B\u1ea3o Qu\u1ea3n T\u1ebf B\u00e0o","item":"https:\/\/biogroupvietnam.com\/vi\/danh-muc-san-pham\/dung-cu-van-chuyen-bao-quan-te-bao\/"},{"@type":"ListItem","position":5,"name":"Khay \u0110\u1eb7t \u1ed0ng Ch\u1ee9a M\u1eabu BlockHome"}]},{"@type":"WebSite","@id":"https:\/\/biogroupvietnam.com\/vi\/#website","url":"https:\/\/biogroupvietnam.com\/vi\/","name":"Biogroup Vietnam","description":"Biogroup Vietnam cung c\u1ea5p d\u1ecbch v\u1ee5 k\u1ef9 thu\u1eadt c\u00f9ng thi\u1ebft b\u1ecb, v\u1eadt t\u01b0, h\u00f3a ch\u1ea5t v\u00e0 gi\u1ea3i ph\u00e1p sinh h\u1ecdc cho ph\u00f2ng th\u00ed nghi\u1ec7m c\u00f4ng ngh\u1ec7 sinh h\u1ecdc, y sinh v\u00e0 y h\u1ecdc t\u00e1i t\u1ea1o.","potentialAction":[{"@type":"SearchAction","target":{"@type":"EntryPoint","urlTemplate":"https:\/\/biogroupvietnam.com\/vi\/?s={search_term_string}"},"query-input":{"@type":"PropertyValueSpecification","valueRequired":true,"valueName":"search_term_string"}}],"inLanguage":"vi"}]}},"_links":{"self":[{"href":"https:\/\/biogroupvietnam.com\/vi\/wp-json\/wp\/v2\/product\/4022","targetHints":{"allow":["GET"]}}],"collection":[{"href":"https:\/\/biogroupvietnam.com\/vi\/wp-json\/wp\/v2\/product"}],"about":[{"href":"https:\/\/biogroupvietnam.com\/vi\/wp-json\/wp\/v2\/types\/product"}],"replies":[{"embeddable":true,"href":"https:\/\/biogroupvietnam.com\/vi\/wp-json\/wp\/v2\/comments?post=4022"}],"version-history":[{"count":3,"href":"https:\/\/biogroupvietnam.com\/vi\/wp-json\/wp\/v2\/product\/4022\/revisions"}],"predecessor-version":[{"id":8887,"href":"https:\/\/biogroupvietnam.com\/vi\/wp-json\/wp\/v2\/product\/4022\/revisions\/8887"}],"wp:featuredmedia":[{"embeddable":true,"href":"https:\/\/biogroupvietnam.com\/vi\/wp-json\/wp\/v2\/media\/8881"}],"wp:attachment":[{"href":"https:\/\/biogroupvietnam.com\/vi\/wp-json\/wp\/v2\/media?parent=4022"}],"wp:term":[{"taxonomy":"product_brand","embeddable":true,"href":"https:\/\/biogroupvietnam.com\/vi\/wp-json\/wp\/v2\/product_brand?post=4022"},{"taxonomy":"product_cat","embeddable":true,"href":"https:\/\/biogroupvietnam.com\/vi\/wp-json\/wp\/v2\/product_cat?post=4022"},{"taxonomy":"product_tag","embeddable":true,"href":"https:\/\/biogroupvietnam.com\/vi\/wp-json\/wp\/v2\/product_tag?post=4022"}],"curies":[{"name":"wp","href":"https:\/\/api.w.org\/{rel}","templated":true}]}}