{"id":4023,"date":"2025-08-18T19:55:40","date_gmt":"2025-08-18T12:55:40","guid":{"rendered":"http:\/\/biogroupvietnam-worldpress.local\/product\/import-placeholder-for-231\/"},"modified":"2025-09-29T15:09:10","modified_gmt":"2025-09-29T08:09:10","slug":"uvidoc-hd6","status":"publish","type":"product","link":"https:\/\/biogroupvietnam.com\/vi\/san-pham\/uvidoc-hd6\/","title":{"rendered":"M\u00e1y Ch\u1ee5p \u1ea2nh Gel Uvidoc HD6"},"content":{"rendered":"<p><span style=\"background-color:transparent;color:#000000;font-family:Arial,sans-serif;font-size:12pt;\"><i><strong>Thi\u1ebft b\u1ecb \u0111\u1ed9c l\u1eadp \u0111\u1ed9c \u0111\u00e1o v\u00e0 tr\u1ea1m \u0111i\u1ec1u khi\u1ec3n gel DNA\/protein b\u1eb1ng gi\u1ecdng n\u00f3i<\/strong><\/i><\/span><\/p>\n<p><span style=\"background-color:transparent;color:#000000;font-family:Arial,sans-serif;font-size:12pt;\">Uvidoc HD6 l\u00e0 h\u1ec7 th\u1ed1ng l\u00fd t\u01b0\u1edfng cho c\u00e1c ph\u00f2ng th\u00ed nghi\u1ec7m \u0111\u00f4ng \u0111\u00fac n\u01a1i y\u00eau c\u1ea7u t\u1ef1 \u0111\u1ed9ng h\u00f3a, d\u1ec5 s\u1eed d\u1ee5ng v\u00e0 \u0111\u1ed9 nh\u1ea1y cao. T\u1ef1 h\u00e0o v\u1edbi m\u00e1y t\u00ednh t\u00edch h\u1ee3p v\u00e0 m\u00e0n h\u00ecnh c\u1ea3m \u1ee9ng HD l\u1edbn 12.2 inch, t\u00f9y ch\u1ecdn Voice Control\u00a9 m\u1edbi cho ph\u00e9p v\u1eadn h\u00e0nh h\u1ec7 th\u1ed1ng nhanh ch\u00f3ng v\u00e0 th\u00e2n thi\u1ec7n v\u1edbi ng\u01b0\u1eddi d\u00f9ng.<\/span><\/p>\n<h3><span style=\"background-color:transparent;color:#000000;font-family:Arial,sans-serif;font-size:16pt;\"><strong>T\u00ednh n\u0103ng s\u1ea3n ph\u1ea9m<\/strong><\/span><\/h3>\n<ul>\n<li><span style=\"background-color:transparent;color:#000000;font-family:Arial,sans-serif;font-size:12pt;\">H\u1ec7 th\u1ed1ng ho\u00e0n to\u00e0n t\u1ef1 \u0111\u1ed9ng<\/span><\/li>\n<li><span style=\"background-color:transparent;color:#000000;font-family:Arial,sans-serif;font-size:12pt;\">T\u00edch h\u1ee3p m\u00e1y t\u00ednh<\/span><\/li>\n<li><span style=\"background-color:transparent;color:#000000;font-family:Arial,sans-serif;font-size:12pt;\">M\u00e0n h\u00ecnh c\u1ea3m \u1ee9ng HD 12.2 inch<\/span><\/li>\n<li><span style=\"background-color:transparent;color:#000000;font-family:Arial,sans-serif;font-size:12pt;\">\u0110\u1ed9 ph\u00e2n gi\u1ea3i cao 6 megapixel<\/span><\/li>\n<li><span style=\"background-color:transparent;color:#000000;font-family:Arial,sans-serif;font-size:12pt;\">T\u00f9y ch\u1ecdn Voice Control \u00a9<\/span><\/li>\n<li><span style=\"background-color:transparent;color:#000000;font-family:Arial,sans-serif;font-size:12pt;\">\u0110\u01a1n gi\u1ea3n d\u1ec5 s\u1eed d\u1ee5ng kh\u00f4ng t\u1ed1n th\u1eddi gian h\u1ecdc<\/span><\/li>\n<li><span style=\"background-color:transparent;color:#000000;font-family:Arial,sans-serif;font-size:12pt;\">\u0110\u1ed9 ph\u00e2n gi\u1ea3i cao v\u1edbi 65.535 m\u00e0u (s\u1eafc th\u00e1i x\u00e1m)<\/span><\/li>\n<li><span style=\"background-color:transparent;color:#000000;font-family:Arial,sans-serif;font-size:12pt;\">T\u1ea7m nh\u00ecn 26x21cm<\/span><\/li>\n<\/ul>\n<h3><span style=\"background-color:transparent;color:#000000;font-family:Arial,sans-serif;font-size:16pt;\"><strong>\u1ee8ng d\u1ee5ng<\/strong><\/span><\/h3>\n<ul>\n<li><span style=\"background-color:transparent;color:#000000;font-family:Arial,sans-serif;font-size:12pt;\"><strong>Ngu\u1ed3n s\u00e1ng hu\u1ef3nh quang (Fluorescence):<\/strong>&nbsp;<\/span><\/li>\n<\/ul>\n<p><span style=\"background-color:transparent;color:#000000;font-family:Arial,sans-serif;font-size:12pt;\">C\u00e1c gel DNA v\u00e0 RNA \u0111\u01b0\u1ee3c nhu\u1ed9m b\u1edfi c\u00e1c ch\u1ea5t nhu\u1ed9m hu\u1ef3nh quang nh\u01b0: EtBr (Ethidium Bromide), GelRed, GelGreen, SYBR Safe &amp; Green &amp; Gold, Sypro Ruby, Emerald, Midori Green\u2026<\/span><\/p>\n<ul>\n<li><span style=\"background-color:transparent;color:#000000;font-family:Arial,sans-serif;font-size:12pt;\"><strong>Ngu\u1ed3n s\u00e1ng tr\u1eafng (Visible Imaging) &#8211; T\u00f9y ch\u1ecdn th\u00eam ch\u1ee5p \u1ea3nh gel protein v\u00e0 gel nhu\u1ed9m m\u00e0u<\/strong><\/span><\/li>\n<\/ul>\n<p><span style=\"background-color:transparent;color:#000000;font-family:Arial,sans-serif;font-size:12pt;\">Quan s\u00e1t c\u00e1c gel protein v\u00e0 so m\u00e0u (colorimetry) nhu\u1ed9m Coomassie Blue, Cooper, Silver-stained, Red Ponceau, v\u00e0 \u0111\u1ebfm khu\u1ea9n l\u1ea1c tr\u00ean \u0111\u0129a petri,\u2026<\/span><\/p>\n<h3><span style=\"background-color:transparent;color:#000000;font-family:Arial,sans-serif;font-size:16pt;\"><strong>Nh\u1eefng l\u1ee3i \u00edch c\u1ee7a FireReader V10<\/strong><\/span><\/h3>\n<p><span style=\"background-color:transparent;color:#000000;font-family:Arial,sans-serif;font-size:13.999999999999998pt;\"><strong>T\u00ednh th\u1ef1c d\u1ee5ng<\/strong><\/span><\/p>\n<ul>\n<li><span style=\"background-color:transparent;color:#000000;font-family:Arial,sans-serif;font-size:12pt;\">T\u1ef1 \u0111\u1ed9ng l\u1ea5y n\u00e9t &gt; h\u00ecnh \u1ea3nh lu\u00f4n s\u1eafc n\u00e9t, r\u00f5 r\u00e0ng<\/span><\/li>\n<li><span style=\"background-color:transparent;color:#000000;font-family:Arial,sans-serif;font-size:12pt;\">Kh\u00e1i ni\u1ec7m 1 ch\u1ea1m &gt; ch\u1ee5p, l\u01b0u, in ch\u1ec9 m\u1ed9t ch\u1ea1m<\/span><\/li>\n<li><span style=\"background-color:transparent;color:#000000;font-family:Arial,sans-serif;font-size:12pt;\">Ch\u1ebf \u0111\u1ed9 Live-3D &gt; c\u00f4ng c\u1ee5 ti\u1ec1n thu nh\u1eadn \u0111\u1ed9c \u0111\u00e1o<\/span><\/li>\n<li><span style=\"background-color:transparent;color:#000000;font-family:Arial,sans-serif;font-size:12pt;\">T\u00f9y ch\u1ec9nh &gt; t\u1ea5t c\u1ea3 c\u00e1c giao th\u1ee9c c\u00f3 th\u1ec3 \u0111i\u1ec1u ch\u1ec9nh, nhi\u1ec1u \u1ee9ng d\u1ee5ng<\/span><\/li>\n<\/ul>\n<p><span style=\"background-color:transparent;color:#000000;font-family:Arial,sans-serif;font-size:13.999999999999998pt;\"><strong>\u1ee8ng d\u1ee5ng<\/strong><\/span><\/p>\n<ul>\n<li><span style=\"background-color:transparent;color:#000000;font-family:Arial,sans-serif;font-size:12pt;\">1 ch\u1ea1m \u0111\u1ec3 ch\u1ee5p \u1ea3nh &gt; thu nh\u1eadn d\u1ec5 d\u00e0ng, nhanh ch\u00f3ng<\/span><\/li>\n<li><span style=\"background-color:transparent;color:#000000;font-family:Arial,sans-serif;font-size:12pt;\">Kh\u00f4ng c\u1ea7n \u0111i\u1ec1u khi\u1ec3n th\u1ee7 c\u00f4ng &gt; quy tr\u00ecnh t\u1ef1 \u0111\u1ed9ng, kh\u00f4ng c\u1ea7n can thi\u1ec7p<\/span><\/li>\n<li><span style=\"background-color:transparent;color:#000000;font-family:Arial,sans-serif;font-size:12pt;\">Khay tr\u01b0\u1ee3t ho\u00e0n to\u00e0n &gt; \u0111\u1ecbnh v\u1ecb m\u1eabu d\u1ec5 d\u00e0ng<\/span><\/li>\n<li><span style=\"background-color:transparent;color:#000000;font-family:Arial,sans-serif;font-size:12pt;\">FOV 26x21cm &gt; t\u1ea7m nh\u00ecn r\u1ed9ng cho c\u00e1c m\u1eabu l\u1edbn h\u01a1n<\/span><\/li>\n<\/ul>\n<p><span style=\"background-color:transparent;color:#000000;font-family:Arial,sans-serif;font-size:13.999999999999998pt;\"><strong>H\u1ec7 quang h\u1ecdc (Optics)<\/strong><\/span><\/p>\n<ul>\n<li><span style=\"background-color:transparent;color:#000000;font-family:Arial,sans-serif;font-size:12pt;\">6.000.000 pixels &gt; h\u00ecnh \u1ea3nh tuy\u1ec7t v\u1eddi, \u0111\u1ea1t m\u1ee9c c\u00f4ng b\u1ed1<\/span><\/li>\n<li><span style=\"background-color:transparent;color:#000000;font-family:Arial,sans-serif;font-size:12pt;\">65.535 s\u1eafc th\u00e1i x\u00e1m &gt; \u0111\u1ecbnh l\u01b0\u1ee3ng protein cho m\u1ee9c nghi\u00ean c\u1ee9u<\/span><\/li>\n<li><span style=\"background-color:transparent;color:#000000;font-family:Arial,sans-serif;font-size:12pt;\">\u1ed0ng k\u00ednh zoom 6x &gt; quang h\u1ecdc nh\u1ea1y b\u00e9n cho khu v\u1ef1c h\u00ecnh \u1ea3nh \u0111a d\u1ea1ng<\/span><\/li>\n<li><span style=\"background-color:transparent;color:#000000;font-family:Arial,sans-serif;font-size:12pt;\">L\u00e0m m\u00e1t th\u1ee5 \u0111\u1ed9ng &gt; gi\u1ea3m nhi\u1ec5u cho h\u00ecnh \u1ea3nh r\u00f5 r\u00e0ng h\u01a1n<\/span><\/li>\n<\/ul>\n<p><span style=\"background-color:transparent;color:#000000;font-family:Arial,sans-serif;font-size:13.999999999999998pt;\"><strong>Bu\u1ed3ng t\u1ed1i ch\u1ee5p \u1ea3nh (Darkroom)<\/strong><\/span><\/p>\n<ul>\n<li><span style=\"background-color:transparent;color:#000000;font-family:Arial,sans-serif;font-size:12pt;\">Th\u00e9p kh\u00f4ng g\u1ec9 &gt; \u0111\u1ed9 b\u1ec1n cao, ch\u1eafc ch\u1eafn<\/span><\/li>\n<li><span style=\"background-color:transparent;color:#000000;font-family:Arial,sans-serif;font-size:12pt;\">T\u00f9y ch\u1ec9nh &gt; nhi\u1ec1u l\u1ef1a ch\u1ecdn b\u1ed9 chi\u1ebfu s\u00e1ng<\/span><\/li>\n<li><span style=\"background-color:transparent;color:#000000;font-family:Arial,sans-serif;font-size:12pt;\">M\u00e0n h\u00ecnh HD l\u1edbn 12.2 inch &gt; h\u00ecnh \u1ea3nh l\u1edbn h\u01a1n, v\u00f4 c\u00f9ng d\u1ec5 s\u1eed d\u1ee5ng<\/span><\/li>\n<li><span style=\"background-color:transparent;color:#000000;font-family:Arial,sans-serif;font-size:12pt;\">M\u00e1y t\u00ednh t\u00edch h\u1ee3p &gt; m\u1ea1nh h\u01a1n nhi\u1ec1u so v\u1edbi m\u00e1y t\u00ednh b\u1ea3ng<\/span><\/li>\n<\/ul>\n<p><span style=\"background-color:transparent;color:#000000;font-family:Arial,sans-serif;font-size:13.999999999999998pt;\"><strong>Hu\u1ef3nh quang<\/strong><\/span><\/p>\n<ul>\n<li><span style=\"background-color:transparent;color:#000000;font-family:Arial,sans-serif;font-size:12pt;\">Gel DNA v\u00e0 RNA v\u1edbi c\u00e1c ch\u1ea5t nhu\u1ed9m hu\u1ef3nh quang<\/span><\/li>\n<li><span style=\"background-color:transparent;color:#000000;font-family:Arial,sans-serif;font-size:12pt;\">Ethidium Bromide, GelRed, GelGreen, SYBR Safe &amp; Green &amp; Gold, Sypro Ruby, Emerald, Midori Green\u2026<\/span><\/li>\n<\/ul>\n<p><span style=\"background-color:transparent;color:#000000;font-family:Arial,sans-serif;font-size:13.999999999999998pt;\"><strong>H\u00ecnh \u1ea3nh kh\u1ea3 ki\u1ebfn<\/strong><\/span><\/p>\n<ul>\n<li><span style=\"background-color:transparent;color:#000000;font-family:Arial,sans-serif;font-size:12pt;\">T\u00f9y ch\u1ecdn \u0110o m\u00e0u v\u00e0 Gel protein<\/span><\/li>\n<li><span style=\"background-color:transparent;color:#000000;font-family:Arial,sans-serif;font-size:12pt;\">Coomassie Blue, Cooper, Silver-stained, Red Ponceau, c\u00e1c khu\u1ea9n l\u1ea1c \u0111\u0129a Petri &amp; \u0111\u1ebfm khu\u1ea9n l\u1ea1c\u2026<\/span><\/li>\n<\/ul>\n","protected":false},"excerpt":{"rendered":"<p>Thi\u1ebft b\u1ecb \u0111\u1ed9c l\u1eadp \u0111\u1ed9c \u0111\u00e1o v\u00e0 tr\u1ea1m \u0111i\u1ec1u khi\u1ec3n gel DNA\/protein b\u1eb1ng gi\u1ecdng n\u00f3i Uvidoc HD6 l\u00e0 h\u1ec7 th\u1ed1ng l\u00fd t\u01b0\u1edfng cho c\u00e1c ph\u00f2ng th\u00ed nghi\u1ec7m \u0111\u00f4ng \u0111\u00fac n\u01a1i y\u00eau c\u1ea7u t\u1ef1 \u0111\u1ed9ng h\u00f3a, d\u1ec5 s\u1eed d\u1ee5ng v\u00e0 \u0111\u1ed9 nh\u1ea1y cao. T\u1ef1 h\u00e0o v\u1edbi m\u00e1y t\u00ednh t\u00edch h\u1ee3p v\u00e0 m\u00e0n h\u00ecnh c\u1ea3m \u1ee9ng HD<\/p>\n<div class=\"klb-readmore post-buttons\"><a class=\"button rounded primary\" href=\"https:\/\/biogroupvietnam.com\/vi\/san-pham\/uvidoc-hd6\/\">Read More <i class=\"klbth-icon-right-arrow\"><\/i><\/a><\/div>\n","protected":false},"featured_media":5564,"comment_status":"closed","ping_status":"closed","template":"","meta":{"_acf_changed":false},"product_brand":[136],"product_cat":[110],"product_tag":[],"class_list":{"0":"post-4023","1":"product","2":"type-product","3":"status-publish","4":"has-post-thumbnail","6":"product_brand-uvitec","7":"product_cat-chup-anh-gel","9":"first","10":"outofstock","11":"shipping-taxable","12":"product-type-simple"},"acf":[],"yoast_head":"<!-- This site is optimized with the Yoast SEO plugin v26.8 - https:\/\/yoast.com\/product\/yoast-seo-wordpress\/ -->\n<title>M\u00e1y Ch\u1ee5p \u1ea2nh Gel Uvidoc HD6<\/title>\n<meta name=\"description\" content=\"Thi\u1ebft b\u1ecb \u0111\u1ed9c l\u1eadp \u0111\u1ed9c \u0111\u00e1o v\u00e0 tr\u1ea1m \u0111i\u1ec1u khi\u1ec3n gel DNA\/protein b\u1eb1ng gi\u1ecdng n\u00f3i, Uvidoc HD6 l\u00e0 h\u1ec7 th\u1ed1ng l\u00fd t\u01b0\u1edfng cho c\u00e1c ph\u00f2ng th\u00ed nghi\u1ec7m \u0111\u00f4ng \u0111\u00fac n\u01a1i y\u00eau c\u1ea7u t\u1ef1 \u0111\u1ed9ng h\u00f3a, d\u1ec5 s\u1eed d\u1ee5ng v\u00e0 \u0111\u1ed9 nh\u1ea1y cao.\" \/>\n<meta name=\"robots\" content=\"index, follow, max-snippet:-1, max-image-preview:large, max-video-preview:-1\" \/>\n<link rel=\"canonical\" href=\"https:\/\/biogroupvietnam.com\/vi\/san-pham\/uvidoc-hd6\/\" \/>\n<meta property=\"og:locale\" content=\"vi_VN\" \/>\n<meta property=\"og:type\" content=\"article\" \/>\n<meta property=\"og:title\" content=\"M\u00e1y Ch\u1ee5p \u1ea2nh Gel Uvidoc HD6\" \/>\n<meta property=\"og:description\" content=\"Thi\u1ebft b\u1ecb \u0111\u1ed9c l\u1eadp \u0111\u1ed9c \u0111\u00e1o v\u00e0 tr\u1ea1m \u0111i\u1ec1u khi\u1ec3n gel DNA\/protein b\u1eb1ng gi\u1ecdng n\u00f3i, Uvidoc HD6 l\u00e0 h\u1ec7 th\u1ed1ng l\u00fd t\u01b0\u1edfng cho c\u00e1c ph\u00f2ng th\u00ed nghi\u1ec7m \u0111\u00f4ng \u0111\u00fac n\u01a1i y\u00eau c\u1ea7u t\u1ef1 \u0111\u1ed9ng h\u00f3a, d\u1ec5 s\u1eed d\u1ee5ng v\u00e0 \u0111\u1ed9 nh\u1ea1y cao.\" \/>\n<meta property=\"og:url\" content=\"https:\/\/biogroupvietnam.com\/vi\/san-pham\/uvidoc-hd6\/\" \/>\n<meta property=\"og:site_name\" content=\"Biogroup Vietnam\" \/>\n<meta property=\"article:modified_time\" content=\"2025-09-29T08:09:10+00:00\" \/>\n<meta property=\"og:image\" content=\"https:\/\/biogroupvietnam.com\/wp-content\/uploads\/2025\/08\/Uvidoc-hd10.png\" \/>\n\t<meta property=\"og:image:width\" content=\"1600\" \/>\n\t<meta property=\"og:image:height\" content=\"1229\" \/>\n\t<meta property=\"og:image:type\" content=\"image\/png\" \/>\n<meta name=\"twitter:card\" content=\"summary_large_image\" \/>\n<meta name=\"twitter:label1\" content=\"\u01af\u1edbc t\u00ednh th\u1eddi gian \u0111\u1ecdc\" \/>\n\t<meta name=\"twitter:data1\" content=\"3 ph\u00fat\" \/>\n<script type=\"application\/ld+json\" class=\"yoast-schema-graph\">{\"@context\":\"https:\/\/schema.org\",\"@graph\":[{\"@type\":\"WebPage\",\"@id\":\"https:\/\/biogroupvietnam.com\/vi\/san-pham\/uvidoc-hd6\/\",\"url\":\"https:\/\/biogroupvietnam.com\/vi\/san-pham\/uvidoc-hd6\/\",\"name\":\"M\u00e1y Ch\u1ee5p \u1ea2nh Gel Uvidoc HD6\",\"isPartOf\":{\"@id\":\"https:\/\/biogroupvietnam.com\/vi\/#website\"},\"primaryImageOfPage\":{\"@id\":\"https:\/\/biogroupvietnam.com\/vi\/san-pham\/uvidoc-hd6\/#primaryimage\"},\"image\":{\"@id\":\"https:\/\/biogroupvietnam.com\/vi\/san-pham\/uvidoc-hd6\/#primaryimage\"},\"thumbnailUrl\":\"https:\/\/biogroupvietnam.com\/wp-content\/uploads\/2025\/08\/Uvidoc-hd10.png\",\"datePublished\":\"2025-08-18T12:55:40+00:00\",\"dateModified\":\"2025-09-29T08:09:10+00:00\",\"description\":\"Thi\u1ebft b\u1ecb \u0111\u1ed9c l\u1eadp \u0111\u1ed9c \u0111\u00e1o v\u00e0 tr\u1ea1m \u0111i\u1ec1u khi\u1ec3n gel DNA\/protein b\u1eb1ng gi\u1ecdng n\u00f3i, Uvidoc HD6 l\u00e0 h\u1ec7 th\u1ed1ng l\u00fd t\u01b0\u1edfng cho c\u00e1c ph\u00f2ng th\u00ed nghi\u1ec7m \u0111\u00f4ng \u0111\u00fac n\u01a1i y\u00eau c\u1ea7u t\u1ef1 \u0111\u1ed9ng h\u00f3a, d\u1ec5 s\u1eed d\u1ee5ng v\u00e0 \u0111\u1ed9 nh\u1ea1y cao.\",\"breadcrumb\":{\"@id\":\"https:\/\/biogroupvietnam.com\/vi\/san-pham\/uvidoc-hd6\/#breadcrumb\"},\"inLanguage\":\"vi\",\"potentialAction\":[{\"@type\":\"ReadAction\",\"target\":[\"https:\/\/biogroupvietnam.com\/vi\/san-pham\/uvidoc-hd6\/\"]}]},{\"@type\":\"ImageObject\",\"inLanguage\":\"vi\",\"@id\":\"https:\/\/biogroupvietnam.com\/vi\/san-pham\/uvidoc-hd6\/#primaryimage\",\"url\":\"https:\/\/biogroupvietnam.com\/wp-content\/uploads\/2025\/08\/Uvidoc-hd10.png\",\"contentUrl\":\"https:\/\/biogroupvietnam.com\/wp-content\/uploads\/2025\/08\/Uvidoc-hd10.png\",\"width\":1600,\"height\":1229,\"caption\":\"\u00a0\"},{\"@type\":\"BreadcrumbList\",\"@id\":\"https:\/\/biogroupvietnam.com\/vi\/san-pham\/uvidoc-hd6\/#breadcrumb\",\"itemListElement\":[{\"@type\":\"ListItem\",\"position\":1,\"name\":\"Trang ch\u1ee7\",\"item\":\"https:\/\/biogroupvietnam.com\/vi\/\"},{\"@type\":\"ListItem\",\"position\":2,\"name\":\"S\u1ea3n ph\u1ea9m\",\"item\":\"https:\/\/biogroupvietnam.com\/vi\/san-pham\/\"},{\"@type\":\"ListItem\",\"position\":3,\"name\":\"R&amp;D Sinh H\u1ecdc\",\"item\":\"https:\/\/biogroupvietnam.com\/vi\/danh-muc-san-pham\/rd-sinh-hoc\/\"},{\"@type\":\"ListItem\",\"position\":4,\"name\":\"Ch\u1ee5p \u1ea2nh Gel\",\"item\":\"https:\/\/biogroupvietnam.com\/vi\/danh-muc-san-pham\/chup-anh-gel\/\"},{\"@type\":\"ListItem\",\"position\":5,\"name\":\"M\u00e1y Ch\u1ee5p \u1ea2nh Gel Uvidoc HD6\"}]},{\"@type\":\"WebSite\",\"@id\":\"https:\/\/biogroupvietnam.com\/vi\/#website\",\"url\":\"https:\/\/biogroupvietnam.com\/vi\/\",\"name\":\"Biogroup Vietnam\",\"description\":\"Biogroup Vietnam cung c\u1ea5p d\u1ecbch v\u1ee5 k\u1ef9 thu\u1eadt c\u00f9ng thi\u1ebft b\u1ecb, v\u1eadt t\u01b0, h\u00f3a ch\u1ea5t v\u00e0 gi\u1ea3i ph\u00e1p sinh h\u1ecdc cho ph\u00f2ng th\u00ed nghi\u1ec7m c\u00f4ng ngh\u1ec7 sinh h\u1ecdc, y sinh v\u00e0 y h\u1ecdc t\u00e1i t\u1ea1o.\",\"potentialAction\":[{\"@type\":\"SearchAction\",\"target\":{\"@type\":\"EntryPoint\",\"urlTemplate\":\"https:\/\/biogroupvietnam.com\/vi\/?s={search_term_string}\"},\"query-input\":{\"@type\":\"PropertyValueSpecification\",\"valueRequired\":true,\"valueName\":\"search_term_string\"}}],\"inLanguage\":\"vi\"}]}<\/script>\n<!-- \/ Yoast SEO plugin. -->","yoast_head_json":{"title":"M\u00e1y Ch\u1ee5p \u1ea2nh Gel Uvidoc HD6","description":"Thi\u1ebft b\u1ecb \u0111\u1ed9c l\u1eadp \u0111\u1ed9c \u0111\u00e1o v\u00e0 tr\u1ea1m \u0111i\u1ec1u khi\u1ec3n gel DNA\/protein b\u1eb1ng gi\u1ecdng n\u00f3i, Uvidoc HD6 l\u00e0 h\u1ec7 th\u1ed1ng l\u00fd t\u01b0\u1edfng cho c\u00e1c ph\u00f2ng th\u00ed nghi\u1ec7m \u0111\u00f4ng \u0111\u00fac n\u01a1i y\u00eau c\u1ea7u t\u1ef1 \u0111\u1ed9ng h\u00f3a, d\u1ec5 s\u1eed d\u1ee5ng v\u00e0 \u0111\u1ed9 nh\u1ea1y cao.","robots":{"index":"index","follow":"follow","max-snippet":"max-snippet:-1","max-image-preview":"max-image-preview:large","max-video-preview":"max-video-preview:-1"},"canonical":"https:\/\/biogroupvietnam.com\/vi\/san-pham\/uvidoc-hd6\/","og_locale":"vi_VN","og_type":"article","og_title":"M\u00e1y Ch\u1ee5p \u1ea2nh Gel Uvidoc HD6","og_description":"Thi\u1ebft b\u1ecb \u0111\u1ed9c l\u1eadp \u0111\u1ed9c \u0111\u00e1o v\u00e0 tr\u1ea1m \u0111i\u1ec1u khi\u1ec3n gel DNA\/protein b\u1eb1ng gi\u1ecdng n\u00f3i, Uvidoc HD6 l\u00e0 h\u1ec7 th\u1ed1ng l\u00fd t\u01b0\u1edfng cho c\u00e1c ph\u00f2ng th\u00ed nghi\u1ec7m \u0111\u00f4ng \u0111\u00fac n\u01a1i y\u00eau c\u1ea7u t\u1ef1 \u0111\u1ed9ng h\u00f3a, d\u1ec5 s\u1eed d\u1ee5ng v\u00e0 \u0111\u1ed9 nh\u1ea1y cao.","og_url":"https:\/\/biogroupvietnam.com\/vi\/san-pham\/uvidoc-hd6\/","og_site_name":"Biogroup Vietnam","article_modified_time":"2025-09-29T08:09:10+00:00","og_image":[{"width":1600,"height":1229,"url":"https:\/\/biogroupvietnam.com\/wp-content\/uploads\/2025\/08\/Uvidoc-hd10.png","type":"image\/png"}],"twitter_card":"summary_large_image","twitter_misc":{"\u01af\u1edbc t\u00ednh th\u1eddi gian \u0111\u1ecdc":"3 ph\u00fat"},"schema":{"@context":"https:\/\/schema.org","@graph":[{"@type":"WebPage","@id":"https:\/\/biogroupvietnam.com\/vi\/san-pham\/uvidoc-hd6\/","url":"https:\/\/biogroupvietnam.com\/vi\/san-pham\/uvidoc-hd6\/","name":"M\u00e1y Ch\u1ee5p \u1ea2nh Gel Uvidoc HD6","isPartOf":{"@id":"https:\/\/biogroupvietnam.com\/vi\/#website"},"primaryImageOfPage":{"@id":"https:\/\/biogroupvietnam.com\/vi\/san-pham\/uvidoc-hd6\/#primaryimage"},"image":{"@id":"https:\/\/biogroupvietnam.com\/vi\/san-pham\/uvidoc-hd6\/#primaryimage"},"thumbnailUrl":"https:\/\/biogroupvietnam.com\/wp-content\/uploads\/2025\/08\/Uvidoc-hd10.png","datePublished":"2025-08-18T12:55:40+00:00","dateModified":"2025-09-29T08:09:10+00:00","description":"Thi\u1ebft b\u1ecb \u0111\u1ed9c l\u1eadp \u0111\u1ed9c \u0111\u00e1o v\u00e0 tr\u1ea1m \u0111i\u1ec1u khi\u1ec3n gel DNA\/protein b\u1eb1ng gi\u1ecdng n\u00f3i, Uvidoc HD6 l\u00e0 h\u1ec7 th\u1ed1ng l\u00fd t\u01b0\u1edfng cho c\u00e1c ph\u00f2ng th\u00ed nghi\u1ec7m \u0111\u00f4ng \u0111\u00fac n\u01a1i y\u00eau c\u1ea7u t\u1ef1 \u0111\u1ed9ng h\u00f3a, d\u1ec5 s\u1eed d\u1ee5ng v\u00e0 \u0111\u1ed9 nh\u1ea1y cao.","breadcrumb":{"@id":"https:\/\/biogroupvietnam.com\/vi\/san-pham\/uvidoc-hd6\/#breadcrumb"},"inLanguage":"vi","potentialAction":[{"@type":"ReadAction","target":["https:\/\/biogroupvietnam.com\/vi\/san-pham\/uvidoc-hd6\/"]}]},{"@type":"ImageObject","inLanguage":"vi","@id":"https:\/\/biogroupvietnam.com\/vi\/san-pham\/uvidoc-hd6\/#primaryimage","url":"https:\/\/biogroupvietnam.com\/wp-content\/uploads\/2025\/08\/Uvidoc-hd10.png","contentUrl":"https:\/\/biogroupvietnam.com\/wp-content\/uploads\/2025\/08\/Uvidoc-hd10.png","width":1600,"height":1229,"caption":"\u00a0"},{"@type":"BreadcrumbList","@id":"https:\/\/biogroupvietnam.com\/vi\/san-pham\/uvidoc-hd6\/#breadcrumb","itemListElement":[{"@type":"ListItem","position":1,"name":"Trang ch\u1ee7","item":"https:\/\/biogroupvietnam.com\/vi\/"},{"@type":"ListItem","position":2,"name":"S\u1ea3n ph\u1ea9m","item":"https:\/\/biogroupvietnam.com\/vi\/san-pham\/"},{"@type":"ListItem","position":3,"name":"R&amp;D Sinh H\u1ecdc","item":"https:\/\/biogroupvietnam.com\/vi\/danh-muc-san-pham\/rd-sinh-hoc\/"},{"@type":"ListItem","position":4,"name":"Ch\u1ee5p \u1ea2nh Gel","item":"https:\/\/biogroupvietnam.com\/vi\/danh-muc-san-pham\/chup-anh-gel\/"},{"@type":"ListItem","position":5,"name":"M\u00e1y Ch\u1ee5p \u1ea2nh Gel Uvidoc HD6"}]},{"@type":"WebSite","@id":"https:\/\/biogroupvietnam.com\/vi\/#website","url":"https:\/\/biogroupvietnam.com\/vi\/","name":"Biogroup Vietnam","description":"Biogroup Vietnam cung c\u1ea5p d\u1ecbch v\u1ee5 k\u1ef9 thu\u1eadt c\u00f9ng thi\u1ebft b\u1ecb, v\u1eadt t\u01b0, h\u00f3a ch\u1ea5t v\u00e0 gi\u1ea3i ph\u00e1p sinh h\u1ecdc cho ph\u00f2ng th\u00ed nghi\u1ec7m c\u00f4ng ngh\u1ec7 sinh h\u1ecdc, y sinh v\u00e0 y h\u1ecdc t\u00e1i t\u1ea1o.","potentialAction":[{"@type":"SearchAction","target":{"@type":"EntryPoint","urlTemplate":"https:\/\/biogroupvietnam.com\/vi\/?s={search_term_string}"},"query-input":{"@type":"PropertyValueSpecification","valueRequired":true,"valueName":"search_term_string"}}],"inLanguage":"vi"}]}},"_links":{"self":[{"href":"https:\/\/biogroupvietnam.com\/vi\/wp-json\/wp\/v2\/product\/4023","targetHints":{"allow":["GET"]}}],"collection":[{"href":"https:\/\/biogroupvietnam.com\/vi\/wp-json\/wp\/v2\/product"}],"about":[{"href":"https:\/\/biogroupvietnam.com\/vi\/wp-json\/wp\/v2\/types\/product"}],"replies":[{"embeddable":true,"href":"https:\/\/biogroupvietnam.com\/vi\/wp-json\/wp\/v2\/comments?post=4023"}],"version-history":[{"count":2,"href":"https:\/\/biogroupvietnam.com\/vi\/wp-json\/wp\/v2\/product\/4023\/revisions"}],"predecessor-version":[{"id":8321,"href":"https:\/\/biogroupvietnam.com\/vi\/wp-json\/wp\/v2\/product\/4023\/revisions\/8321"}],"wp:featuredmedia":[{"embeddable":true,"href":"https:\/\/biogroupvietnam.com\/vi\/wp-json\/wp\/v2\/media\/5564"}],"wp:attachment":[{"href":"https:\/\/biogroupvietnam.com\/vi\/wp-json\/wp\/v2\/media?parent=4023"}],"wp:term":[{"taxonomy":"product_brand","embeddable":true,"href":"https:\/\/biogroupvietnam.com\/vi\/wp-json\/wp\/v2\/product_brand?post=4023"},{"taxonomy":"product_cat","embeddable":true,"href":"https:\/\/biogroupvietnam.com\/vi\/wp-json\/wp\/v2\/product_cat?post=4023"},{"taxonomy":"product_tag","embeddable":true,"href":"https:\/\/biogroupvietnam.com\/vi\/wp-json\/wp\/v2\/product_tag?post=4023"}],"curies":[{"name":"wp","href":"https:\/\/api.w.org\/{rel}","templated":true}]}}