{"id":4024,"date":"2025-08-18T19:55:41","date_gmt":"2025-08-18T12:55:41","guid":{"rendered":"http:\/\/biogroupvietnam-worldpress.local\/product\/import-placeholder-for-232\/"},"modified":"2025-12-02T13:45:55","modified_gmt":"2025-12-02T06:45:55","slug":"exodus-t-2800","status":"publish","type":"product","link":"https:\/\/biogroupvietnam.com\/vi\/san-pham\/exodus-t-2800\/","title":{"rendered":"H\u1ec7 Th\u1ed1ng Ph\u00e2n L\u1eadp Exosome T\u1ef1 \u0110\u1ed9ng Quy M\u00f4 L\u1edbn EXODUS T-2800"},"content":{"rendered":"<h3><strong>T\u1ed5ng quan v\u1ec1 EXODUS T-2800<\/strong><\/h3>\n<p>EXODUS T-2800 l\u00e0 h\u1ec7 th\u1ed1ng ph\u00e2n l\u1eadp exosome t\u1ef1 \u0111\u1ed9ng, quy m\u00f4 l\u1edbn, t\u00edch h\u1ee3p ti\u1ec1n x\u1eed l\u00fd m\u1eabu, ph\u00e2n l\u1eadp v\u00e0 thu h\u1ed3i exosome t\u1ef1 \u0111\u1ed9ng. H\u1ec7 th\u1ed1ng n\u00e0y cung c\u1ea5p cho ng\u01b0\u1eddi d\u00f9ng trong l\u0129nh v\u1ef1c \u0111i\u1ec1u ch\u1ebf thu\u1ed1c t\u1eeb exosome, \u0111i\u1ec1u tr\u1ecb v\u00e0 y h\u1ecdc t\u00e1i t\u1ea1o.<\/p>\n<p>H\u1ec7 th\u1ed1ng EXODUS T-2800 \u0111\u01b0\u1ee3c thi\u1ebft k\u1ebf \u0111\u1ec3 h\u1ed7 tr\u1ee3 s\u1ea3n xu\u1ea5t exosome quy m\u00f4 c\u00f4ng nghi\u1ec7p, s\u1ea3n xu\u1ea5t t\u1ef1 \u0111\u1ed9ng v\u1edbi \u0111\u1ed9 tinh khi\u1ebft v\u00e0 hi\u1ec7u su\u1ea5t cao, \u0111\u1ea3m b\u1ea3o \u1ed5n \u0111\u1ecbnh v\u00e0 t\u01b0\u01a1ng th\u00edch v\u1edbi GMP.<\/p>\n<h3><strong>C\u00e1c t\u00ednh n\u0103ng v\u00e0 ti\u1ec7n \u00edch ch\u00ednh c\u1ee7a h\u1ec7 th\u1ed1ng<\/strong> <strong>EXODUS T-2800<\/strong><\/h3>\n<ul>\n<li><strong>Ph\u00e2n l\u1eadp v\u1edbi quy m\u00f4 l\u1edbn<\/strong>: c\u00f3 kh\u1ea3 n\u0103ng x\u1eed l\u00ed \u0111\u1ebfn 10 L\/m\u1ebb, kh\u1ea3 n\u0103ng c\u00f4 \u0111\u1eadm h\u01a1n 100 l\u1ea7n v\u1edbi t\u1ed1c \u0111\u1ed9 ph\u00e2n l\u1eadp t\u1ed1i \u0111a 2 L\/h.<\/li>\n<li><strong>Thi\u1ebft k\u1ebf \u201c3-in-1\u201d<\/strong>: 3 ch\u1ee9c n\u0103ng t\u00edch h\u1ee3p trong 1 thi\u1ebft b\u1ecb: ti\u1ec1n x\u1eed l\u00fd m\u1eabu, ph\u00e2n l\u1eadp v\u00e0 thu h\u1ed3i t\u1ef1 \u0111\u1ed9ng v\u1edbi quy tr\u00ecnh \u0111\u01a1n gi\u1ea3n, th\u00e2n thi\u1ec7n ng\u01b0\u1eddi d\u00f9ng.<\/li>\n<li><strong>\u0110\u1ed9 tinh khi\u1ebft v\u00e0 hi\u1ec7u su\u1ea5t v\u01b0\u1ee3t tr\u1ed9i: <\/strong>hi\u1ec7u qu\u1ea3 lo\u1ea1i b\u1ecf protein &gt; 99%, v\u1edbi t\u1ec9 l\u1ec7 particle-to-protein \u0111\u1ebfn 5&#215;10<sup>8<\/sup> particles\/mg protein; n\u1ed3ng \u0111\u1ed9 exosome &gt; 1&#215;10<sup>11<\/sup>-10<sup>12<\/sup> particles\/mL.<\/li>\n<li><strong>Ch\u1ea5t l\u01b0\u1ee3ng tin c\u1eady<\/strong>: exosome \u0111\u01b0\u1ee3c ph\u00e2n l\u1eadp v\u00f4 tr\u00f9ng, kh\u00f4ng ch\u1ee9a endotoxin, \u0111\u00e1p \u1ee9ng ti\u00eau chu\u1ea9n an to\u00e0n, lo\u1ea1i b\u1ecf h\u01a1n 99% protein trong m\u00f4i tr\u01b0\u1eddng nu\u00f4i c\u1ea5y \u0111\u1ea3m b\u1ea3o t\u0103ng c\u01b0\u1eddng \u0111\u1ed9 an to\u00e0n cho c\u00e1c \u1ee9ng d\u1ee5ng sau n\u00e0y.<\/li>\n<li><strong>\u1ed4n \u0111\u1ecbnh v\u00e0 d\u1ec5 ki\u1ec3m so\u00e1t: <\/strong>quy tr\u00ecnh ho\u00e0n to\u00e0n t\u1ef1 \u0111\u1ed9ng \u0111\u1ea3m b\u1ea3o \u0111\u1ed9 \u1ed5n \u0111\u1ecbnh theo t\u1eebng m\u1ebb, gi\u00e1m s\u00e1t tr\u1ea1ng th\u00e1i to\u00e0n b\u1ed9 quy tr\u00ecnh v\u00e0 x\u1eed l\u00fd m\u1ed9t c\u00e1ch th\u00f4ng minh.<\/li>\n<li><strong>An to\u00e0n v\u00e0 tu\u00e2n th\u1ee7 GMP<\/strong>: s\u1eed d\u1ee5ng c\u00e1c v\u1eadt t\u01b0 ti\u00eau hao d\u00f9ng m\u1ed9t l\u1ea7n, \u0111\u01b0\u1ee3c \u0111\u00f3ng k\u00edn ho\u00e0n to\u00e0n \u0111\u00e1p \u1ee9ng c\u00e1c ti\u00eau chu\u1ea9n d\u01b0\u1ee3c \u0111i\u1ec3n, v\u00f4 tr\u00f9ng, n\u1ed9i \u0111\u1ed9c t\u1ed1 trong gi\u1edbi h\u1ea1n. H\u1ec7 th\u1ed1ng v\u00e0 ph\u1ea7n m\u1ec1m l\u1ea7n l\u01b0\u1ee3t tu\u00e2n th\u1ee7 c\u00e1c y\u00eau c\u1ea7u c\u1ee7a GMP v\u00e0 21 CRF part 11.<\/li>\n<\/ul>\n<h3><strong>Nguy\u00ean t\u1eafc ph\u00e2n l\u1eadp c\u1ee7a h\u1ec7 th\u1ed1ng EXODUS T-2800<\/strong><\/h3>\n<p><strong>EXODUS<\/strong> s\u1eed d\u1ee5ng c\u00f4ng ngh\u1ec7 ti\u00ean ti\u1ebfn \u0111\u1ec3 t\u00e1ch chi\u1ebft exosome d\u1ef1a tr\u00ean <strong>h\u1ec7 th\u1ed1ng l\u1ecdc nano m\u00e0ng k\u00e9p<\/strong>, \u0111\u01b0\u1ee3c t\u00edch h\u1ee3p b\u1eb1ng <strong>dao \u0111\u1ed9ng \u00e1p su\u1ea5t \u00e2m <\/strong>\u0111\u1ecbnh k\u1ef3 (periodic negative pressure oscillation &#8211; NPO) v\u00e0 <strong>dao \u0111\u1ed9ng \u0111i\u1ec1u h\u00f2a k\u00e9p <\/strong>(double-coupled harmonic oscillations &#8211; HO). C\u00e1c t\u1ea1p ch\u1ea5t trong m\u1eabu, ch\u1eb3ng h\u1ea1n nh\u01b0 axit nucleic t\u1ef1 do v\u00e0 protein, c\u00f3 th\u1ec3 \u0111\u01b0\u1ee3c lo\u1ea1i b\u1ecf nhanh ch\u00f3ng, v\u00e0 exosome \u0111\u01b0\u1ee3c gi\u1eef l\u1ea1i b\u1edfi c\u00e1c l\u1ed7 nano, gi\u00fap tinh ch\u1ebf v\u00e0 l\u00e0m gi\u00e0u exosome.<\/p>\n<p>Ph\u01b0\u01a1ng ph\u00e1p ph\u00e2n l\u1eadp m\u1edbi c\u1ee7a EXODUS \u0111\u00e3 \u0111\u01b0\u1ee3c \u0111\u0103ng t\u1ea3i tr\u00ean t\u1eadp ch\u00ed <strong>Nature Methods<\/strong> v\u00e0o n\u0103m 2021. Xem th\u00eam v\u1ec1 ph\u01b0\u01a1ng ph\u00e1p t\u1ea1i \u0111\u00e2y: <a href=\"https:\/\/doi.org\/10.1038\/s41592-020-01034-x\" target=\"_blank\" rel=\"noopener noreferrer\">Exosome detection via the ultrafast-isolation system: EXODUS<\/a><\/p>\n<div id=\"attachment_9150\" style=\"width: 631px\" class=\"wp-caption aligncenter\"><img fetchpriority=\"high\" decoding=\"async\" aria-describedby=\"caption-attachment-9150\" class=\"wp-image-9150\" src=\"https:\/\/biogroupvietnam.com\/wp-content\/uploads\/2025\/08\/phuong-phap-phan-lap-moi-cua-EXODUS-duoc-dang-tren-tap-Nature-Methods.png\" alt=\"Ph\u01b0\u01a1ng ph\u00e1p ph\u00e2n l\u1eadp m\u1edbi c\u1ee7a EXODUS \u0111\u00e3 \u0111\u01b0\u1ee3c \u0111\u0103ng tr\u00ean t\u1ea1p ch\u00ed Nature Methods (Ngu\u1ed3n: Nature Methods)\" width=\"621\" height=\"317\" srcset=\"https:\/\/biogroupvietnam.com\/wp-content\/uploads\/2025\/08\/phuong-phap-phan-lap-moi-cua-EXODUS-duoc-dang-tren-tap-Nature-Methods.png 975w, https:\/\/biogroupvietnam.com\/wp-content\/uploads\/2025\/08\/phuong-phap-phan-lap-moi-cua-EXODUS-duoc-dang-tren-tap-Nature-Methods-300x153.png 300w, https:\/\/biogroupvietnam.com\/wp-content\/uploads\/2025\/08\/phuong-phap-phan-lap-moi-cua-EXODUS-duoc-dang-tren-tap-Nature-Methods-768x392.png 768w, https:\/\/biogroupvietnam.com\/wp-content\/uploads\/2025\/08\/phuong-phap-phan-lap-moi-cua-EXODUS-duoc-dang-tren-tap-Nature-Methods-600x306.png 600w, https:\/\/biogroupvietnam.com\/wp-content\/uploads\/2025\/08\/phuong-phap-phan-lap-moi-cua-EXODUS-duoc-dang-tren-tap-Nature-Methods-90x46.png 90w\" sizes=\"(max-width: 621px) 100vw, 621px\" \/><p id=\"caption-attachment-9150\" class=\"wp-caption-text\"><em>Ph\u01b0\u01a1ng ph\u00e1p ph\u00e2n l\u1eadp m\u1edbi c\u1ee7a EXODUS \u0111\u00e3 \u0111\u01b0\u1ee3c \u0111\u0103ng tr\u00ean t\u1ea1p ch\u00ed Nature Methods (Ngu\u1ed3n: Exodus Bio)<\/em><\/p><\/div>\n<h3><strong>\u0110\u1eb7c t\u00ednh k\u1ef9 thu\u1eadt c\u1ee7a h\u1ec7 th\u1ed1ng EXODUS T-2800<\/strong><\/h3>\n<ul>\n<li><strong>Lo\u1ea1i m\u1eabu<\/strong>: m\u00f4i tr\u01b0\u1eddng nu\u00f4i c\u1ea5y t\u1ebf b\u00e0o, m\u00f4i tr\u01b0\u1eddng nu\u00f4i c\u1ea5y vi khu\u1ea9n, s\u1eefa.<\/li>\n<li><strong>Th\u1ec3 t\u00edch m\u1eabu x\u1eed l\u00ed<\/strong>: 1 &#8211; 10 L<\/li>\n<li><strong>T\u1ed1c \u0111\u1ed9 x\u1eed l\u00ed:<\/strong> 1 &#8211; 2 L\/h<\/li>\n<li><strong>\u0110\u1ed9 c\u00f4 \u0111\u1eb7c<\/strong>: \u2265 100 l\u1ea7n, v\u1edbi t\u1ec9 l\u1ec7 c\u00f4 \u0111\u1eadm c\u00f3 th\u1ec3 \u0111i\u1ec1u ch\u1ec9nh<\/li>\n<li><strong>Th\u1ec3 t\u00edch thu h\u1ed3i<\/strong>: c\u00f3 th\u1ec3 \u0111i\u1ec1u ch\u1ec9nh \u0111\u01b0\u1ee3c v\u00e0 ph\u1ee5 thu\u1ed9c v\u00e0o \u0111\u1ed9 c\u00f4 \u0111\u1eb7c<\/li>\n<li><strong>T\u00e1i huy\u1ec1n ph\u00f9 exosome<\/strong>: c\u00f3 th\u1ec3 t\u00e1i huy\u1ec1n ph\u00f9 trong \u0111\u1ec7m PBS ho\u1eb7c dung d\u1ecbch n\u01b0\u1edbc mu\u1ed1i sinh l\u00fd, \u0111i\u1ec1u ch\u1ec9nh ph\u00f9 h\u1ee3p v\u1edbi \u1ee9ng d\u1ee5ng sau n\u00e0y<\/li>\n<li><strong>Hi\u1ec7u qu\u1ea3 lo\u1ea1i b\u1ecf protein<\/strong>: &gt; 99%<\/li>\n<li><strong>T\u1ec9 l\u1ec7 particle-to-protein<\/strong>: &gt; 5&#215;10<sup>8<\/sup> particles\/mg protein<\/li>\n<li><strong>N\u1ed3ng \u0111\u1ed9 exosome<\/strong>: 1&#215;10<sup>11 &#8211; <\/sup>10<sup>12<\/sup> particles\/mL, t\u00f9y v\u00e0o lo\u1ea1i m\u1eabu v\u00e0 ch\u01b0\u01a1ng tr\u00ecnh ph\u00e2n l\u1eadp<\/li>\n<li><strong>Ki\u1ec3m so\u00e1t nhi\u1ec7t \u0111\u1ed9<\/strong>: v\u1ecb tr\u00ed m\u1eabu, v\u1ecb tr\u00ed dung d\u1ecbch \u0111\u1ec7m, v\u1ecb tr\u00ed thu h\u1ed3i exsome \u0111\u01b0\u1ee3c ki\u1ec3m so\u00e1t nhi\u1ec7t \u0111\u1ed9 trong kho\u1ea3ng 2 &#8211; 8\u00b0C<\/li>\n<li><strong>Hi\u1ec3n th\u1ecb<\/strong>: m\u00e0n h\u00ecnh c\u1ea3m \u1ee9ng 10,4 inch, hi\u1ec3n th\u1ecb th\u1eddi gian th\u1ef1c v\u1edbi lo\u1ea1i m\u1eabu, th\u1eddi gian, th\u00f4ng tin x\u1eed l\u00fd, \u2026 h\u1ed7 tr\u1ee3 ho\u1ea1t \u0111\u1ed9ng kh\u00f4ng c\u1ea7n m\u00e1y t\u00ednh<\/li>\n<li><strong>K\u1ebft n\u1ed1i<\/strong>: 4 c\u1ed5ng USB, 1 network port, 1 serial port<\/li>\n<li><strong>K\u00edch th\u01b0\u1edbc<\/strong> (W x D x H): 820 x 500 x 685 mm<\/li>\n<li><strong>Kh\u1ed1i l\u01b0\u1ee3ng (net<\/strong>): \u2264 90 kg<\/li>\n<\/ul>\n<h3><strong>\u0110i\u1ec1u ki\u1ec7n v\u1eadn h\u00e0nh<\/strong>:<\/h3>\n<ul>\n<li>\u0110i\u1ec7n th\u1ebf: AC 110-240V, 50\/60 Hz<\/li>\n<li>Nhi\u1ec7t \u0111\u1ed9 v\u1eadn h\u00e0nh: 10 &#8211; 30\u00b0C<\/li>\n<li>\u0110\u1ed9 \u1ea9m v\u1eadn h\u00e0nh: 30-85%, kh\u00f4ng ng\u01b0ng t\u1ee5<\/li>\n<\/ul>\n<p>\u0110\u1ecdc th\u00eam ph\u00e2n t\u00edch v\u00e0 d\u1eef li\u1ec7u c\u1ee7a h\u1ec7 th\u1ed1ng EXODUS T-2800 t\u1ea1i <a href=\"https:\/\/biogroupvietnam.com\/vi\/cong-nghe-san-pham-moi\/uu-diem-cua-he-thong-tach-chiet-sieu-toc-exodus-t-2800\/\" target=\"_blank\" rel=\"noopener noreferrer\">b\u00e0i vi\u1ebft<\/a>.<\/p>\n<p><a href=\"https:\/\/biogroupvietnam.com\/vi\/dich-vu\/vi-sao-nen-lua-chon-he-thong-phan-lap-exosome-tu-dong-exodus\/\" target=\"_blank\" rel=\"noopener noreferrer\">Xem chi ti\u1ebft v\u1ec1 \u01b0u \u0111i\u1ec3m c\u1ee7a EXODUS t\u1ea1i \u0111\u00e2y<\/a><\/p>\n","protected":false},"excerpt":{"rendered":"<p>T\u1ed5ng quan v\u1ec1 EXODUS T-2800 EXODUS T-2800 l\u00e0 h\u1ec7 th\u1ed1ng ph\u00e2n l\u1eadp exosome t\u1ef1 \u0111\u1ed9ng, quy m\u00f4 l\u1edbn, t\u00edch h\u1ee3p ti\u1ec1n x\u1eed l\u00fd m\u1eabu, ph\u00e2n l\u1eadp v\u00e0 thu h\u1ed3i exosome t\u1ef1 \u0111\u1ed9ng. H\u1ec7 th\u1ed1ng n\u00e0y cung c\u1ea5p cho ng\u01b0\u1eddi d\u00f9ng trong l\u0129nh v\u1ef1c \u0111i\u1ec1u ch\u1ebf thu\u1ed1c t\u1eeb exosome, \u0111i\u1ec1u tr\u1ecb v\u00e0 y h\u1ecdc t\u00e1i t\u1ea1o.<\/p>\n<div class=\"klb-readmore post-buttons\"><a class=\"button rounded primary\" href=\"https:\/\/biogroupvietnam.com\/vi\/san-pham\/exodus-t-2800\/\">Read More <i class=\"klbth-icon-right-arrow\"><\/i><\/a><\/div>\n","protected":false},"featured_media":8944,"comment_status":"closed","ping_status":"closed","template":"","meta":{"_acf_changed":false},"product_brand":[141],"product_cat":[112],"product_tag":[],"class_list":{"0":"post-4024","1":"product","2":"type-product","3":"status-publish","4":"has-post-thumbnail","6":"product_brand-exodus-bio-inc","7":"product_cat-exosome","9":"first","10":"outofstock","11":"shipping-taxable","12":"product-type-simple"},"acf":[],"yoast_head":"<!-- This site is optimized with the Yoast SEO plugin v26.8 - https:\/\/yoast.com\/product\/yoast-seo-wordpress\/ -->\n<title>H\u1ec7 Th\u1ed1ng Ph\u00e2n L\u1eadp Exosome T\u1ef1 \u0110\u1ed9ng Quy M\u00f4 L\u1edbn EXODUS T-2800<\/title>\n<meta name=\"description\" content=\"EXODUS T-2800 l\u00e0 h\u1ec7 th\u1ed1ng ph\u00e2n l\u1eadp exosome t\u1ef1 \u0111\u1ed9ng, quy m\u00f4 l\u1edbn, t\u00edch h\u1ee3p ti\u1ec1n x\u1eed l\u00fd m\u1eabu, ph\u00e2n l\u1eadp v\u00e0 thu h\u1ed3i exosome t\u1ef1 \u0111\u1ed9ng. Ph\u00f9 h\u1ee3p l\u0129nh v\u1ef1c \u0111i\u1ec1u ch\u1ebf thu\u1ed1c t\u1eeb exosome, \u0111i\u1ec1u tr\u1ecb v\u00e0 y h\u1ecdc t\u00e1i t\u1ea1o.\" \/>\n<meta name=\"robots\" content=\"index, follow, max-snippet:-1, max-image-preview:large, max-video-preview:-1\" \/>\n<link rel=\"canonical\" href=\"https:\/\/biogroupvietnam.com\/vi\/san-pham\/exodus-t-2800\/\" \/>\n<meta property=\"og:locale\" content=\"vi_VN\" \/>\n<meta property=\"og:type\" content=\"article\" \/>\n<meta property=\"og:title\" content=\"H\u1ec7 Th\u1ed1ng Ph\u00e2n L\u1eadp Exosome T\u1ef1 \u0110\u1ed9ng Quy M\u00f4 L\u1edbn EXODUS T-2800\" \/>\n<meta property=\"og:description\" content=\"EXODUS T-2800 l\u00e0 h\u1ec7 th\u1ed1ng ph\u00e2n l\u1eadp exosome t\u1ef1 \u0111\u1ed9ng, quy m\u00f4 l\u1edbn, t\u00edch h\u1ee3p ti\u1ec1n x\u1eed l\u00fd m\u1eabu, ph\u00e2n l\u1eadp v\u00e0 thu h\u1ed3i exosome t\u1ef1 \u0111\u1ed9ng. Ph\u00f9 h\u1ee3p l\u0129nh v\u1ef1c \u0111i\u1ec1u ch\u1ebf thu\u1ed1c t\u1eeb exosome, \u0111i\u1ec1u tr\u1ecb v\u00e0 y h\u1ecdc t\u00e1i t\u1ea1o.\" \/>\n<meta property=\"og:url\" content=\"https:\/\/biogroupvietnam.com\/vi\/san-pham\/exodus-t-2800\/\" \/>\n<meta property=\"og:site_name\" content=\"Biogroup Vietnam\" \/>\n<meta property=\"article:modified_time\" content=\"2025-12-02T06:45:55+00:00\" \/>\n<meta property=\"og:image\" content=\"https:\/\/biogroupvietnam.com\/wp-content\/uploads\/2025\/08\/EXODUS-T-2800.jpg\" \/>\n\t<meta property=\"og:image:width\" content=\"1640\" \/>\n\t<meta property=\"og:image:height\" content=\"1260\" \/>\n\t<meta property=\"og:image:type\" content=\"image\/jpeg\" \/>\n<meta name=\"twitter:card\" content=\"summary_large_image\" \/>\n<meta name=\"twitter:label1\" content=\"\u01af\u1edbc t\u00ednh th\u1eddi gian \u0111\u1ecdc\" \/>\n\t<meta name=\"twitter:data1\" content=\"5 ph\u00fat\" \/>\n<script type=\"application\/ld+json\" class=\"yoast-schema-graph\">{\"@context\":\"https:\/\/schema.org\",\"@graph\":[{\"@type\":\"WebPage\",\"@id\":\"https:\/\/biogroupvietnam.com\/vi\/san-pham\/exodus-t-2800\/\",\"url\":\"https:\/\/biogroupvietnam.com\/vi\/san-pham\/exodus-t-2800\/\",\"name\":\"H\u1ec7 Th\u1ed1ng Ph\u00e2n L\u1eadp Exosome T\u1ef1 \u0110\u1ed9ng Quy M\u00f4 L\u1edbn EXODUS T-2800\",\"isPartOf\":{\"@id\":\"https:\/\/biogroupvietnam.com\/vi\/#website\"},\"primaryImageOfPage\":{\"@id\":\"https:\/\/biogroupvietnam.com\/vi\/san-pham\/exodus-t-2800\/#primaryimage\"},\"image\":{\"@id\":\"https:\/\/biogroupvietnam.com\/vi\/san-pham\/exodus-t-2800\/#primaryimage\"},\"thumbnailUrl\":\"https:\/\/biogroupvietnam.com\/wp-content\/uploads\/2025\/08\/EXODUS-T-2800.jpg\",\"datePublished\":\"2025-08-18T12:55:41+00:00\",\"dateModified\":\"2025-12-02T06:45:55+00:00\",\"description\":\"EXODUS T-2800 l\u00e0 h\u1ec7 th\u1ed1ng ph\u00e2n l\u1eadp exosome t\u1ef1 \u0111\u1ed9ng, quy m\u00f4 l\u1edbn, t\u00edch h\u1ee3p ti\u1ec1n x\u1eed l\u00fd m\u1eabu, ph\u00e2n l\u1eadp v\u00e0 thu h\u1ed3i exosome t\u1ef1 \u0111\u1ed9ng. Ph\u00f9 h\u1ee3p l\u0129nh v\u1ef1c \u0111i\u1ec1u ch\u1ebf thu\u1ed1c t\u1eeb exosome, \u0111i\u1ec1u tr\u1ecb v\u00e0 y h\u1ecdc t\u00e1i t\u1ea1o.\",\"breadcrumb\":{\"@id\":\"https:\/\/biogroupvietnam.com\/vi\/san-pham\/exodus-t-2800\/#breadcrumb\"},\"inLanguage\":\"vi\",\"potentialAction\":[{\"@type\":\"ReadAction\",\"target\":[\"https:\/\/biogroupvietnam.com\/vi\/san-pham\/exodus-t-2800\/\"]}]},{\"@type\":\"ImageObject\",\"inLanguage\":\"vi\",\"@id\":\"https:\/\/biogroupvietnam.com\/vi\/san-pham\/exodus-t-2800\/#primaryimage\",\"url\":\"https:\/\/biogroupvietnam.com\/wp-content\/uploads\/2025\/08\/EXODUS-T-2800.jpg\",\"contentUrl\":\"https:\/\/biogroupvietnam.com\/wp-content\/uploads\/2025\/08\/EXODUS-T-2800.jpg\",\"width\":1640,\"height\":1260},{\"@type\":\"BreadcrumbList\",\"@id\":\"https:\/\/biogroupvietnam.com\/vi\/san-pham\/exodus-t-2800\/#breadcrumb\",\"itemListElement\":[{\"@type\":\"ListItem\",\"position\":1,\"name\":\"Trang ch\u1ee7\",\"item\":\"https:\/\/biogroupvietnam.com\/vi\/\"},{\"@type\":\"ListItem\",\"position\":2,\"name\":\"S\u1ea3n ph\u1ea9m\",\"item\":\"https:\/\/biogroupvietnam.com\/vi\/san-pham\/\"},{\"@type\":\"ListItem\",\"position\":3,\"name\":\"Nu\u00f4i C\u1ea5y T\u1ebf B\u00e0o\",\"item\":\"https:\/\/biogroupvietnam.com\/vi\/danh-muc-san-pham\/nuoi-cay-te-bao\/\"},{\"@type\":\"ListItem\",\"position\":4,\"name\":\"Exosome\",\"item\":\"https:\/\/biogroupvietnam.com\/vi\/danh-muc-san-pham\/exosome\/\"},{\"@type\":\"ListItem\",\"position\":5,\"name\":\"H\u1ec7 Th\u1ed1ng Ph\u00e2n L\u1eadp Exosome T\u1ef1 \u0110\u1ed9ng Quy M\u00f4 L\u1edbn EXODUS T-2800\"}]},{\"@type\":\"WebSite\",\"@id\":\"https:\/\/biogroupvietnam.com\/vi\/#website\",\"url\":\"https:\/\/biogroupvietnam.com\/vi\/\",\"name\":\"Biogroup Vietnam\",\"description\":\"Biogroup Vietnam cung c\u1ea5p d\u1ecbch v\u1ee5 k\u1ef9 thu\u1eadt c\u00f9ng thi\u1ebft b\u1ecb, v\u1eadt t\u01b0, h\u00f3a ch\u1ea5t v\u00e0 gi\u1ea3i ph\u00e1p sinh h\u1ecdc cho ph\u00f2ng th\u00ed nghi\u1ec7m c\u00f4ng ngh\u1ec7 sinh h\u1ecdc, y sinh v\u00e0 y h\u1ecdc t\u00e1i t\u1ea1o.\",\"potentialAction\":[{\"@type\":\"SearchAction\",\"target\":{\"@type\":\"EntryPoint\",\"urlTemplate\":\"https:\/\/biogroupvietnam.com\/vi\/?s={search_term_string}\"},\"query-input\":{\"@type\":\"PropertyValueSpecification\",\"valueRequired\":true,\"valueName\":\"search_term_string\"}}],\"inLanguage\":\"vi\"}]}<\/script>\n<!-- \/ Yoast SEO plugin. -->","yoast_head_json":{"title":"H\u1ec7 Th\u1ed1ng Ph\u00e2n L\u1eadp Exosome T\u1ef1 \u0110\u1ed9ng Quy M\u00f4 L\u1edbn EXODUS T-2800","description":"EXODUS T-2800 l\u00e0 h\u1ec7 th\u1ed1ng ph\u00e2n l\u1eadp exosome t\u1ef1 \u0111\u1ed9ng, quy m\u00f4 l\u1edbn, t\u00edch h\u1ee3p ti\u1ec1n x\u1eed l\u00fd m\u1eabu, ph\u00e2n l\u1eadp v\u00e0 thu h\u1ed3i exosome t\u1ef1 \u0111\u1ed9ng. Ph\u00f9 h\u1ee3p l\u0129nh v\u1ef1c \u0111i\u1ec1u ch\u1ebf thu\u1ed1c t\u1eeb exosome, \u0111i\u1ec1u tr\u1ecb v\u00e0 y h\u1ecdc t\u00e1i t\u1ea1o.","robots":{"index":"index","follow":"follow","max-snippet":"max-snippet:-1","max-image-preview":"max-image-preview:large","max-video-preview":"max-video-preview:-1"},"canonical":"https:\/\/biogroupvietnam.com\/vi\/san-pham\/exodus-t-2800\/","og_locale":"vi_VN","og_type":"article","og_title":"H\u1ec7 Th\u1ed1ng Ph\u00e2n L\u1eadp Exosome T\u1ef1 \u0110\u1ed9ng Quy M\u00f4 L\u1edbn EXODUS T-2800","og_description":"EXODUS T-2800 l\u00e0 h\u1ec7 th\u1ed1ng ph\u00e2n l\u1eadp exosome t\u1ef1 \u0111\u1ed9ng, quy m\u00f4 l\u1edbn, t\u00edch h\u1ee3p ti\u1ec1n x\u1eed l\u00fd m\u1eabu, ph\u00e2n l\u1eadp v\u00e0 thu h\u1ed3i exosome t\u1ef1 \u0111\u1ed9ng. Ph\u00f9 h\u1ee3p l\u0129nh v\u1ef1c \u0111i\u1ec1u ch\u1ebf thu\u1ed1c t\u1eeb exosome, \u0111i\u1ec1u tr\u1ecb v\u00e0 y h\u1ecdc t\u00e1i t\u1ea1o.","og_url":"https:\/\/biogroupvietnam.com\/vi\/san-pham\/exodus-t-2800\/","og_site_name":"Biogroup Vietnam","article_modified_time":"2025-12-02T06:45:55+00:00","og_image":[{"width":1640,"height":1260,"url":"https:\/\/biogroupvietnam.com\/wp-content\/uploads\/2025\/08\/EXODUS-T-2800.jpg","type":"image\/jpeg"}],"twitter_card":"summary_large_image","twitter_misc":{"\u01af\u1edbc t\u00ednh th\u1eddi gian \u0111\u1ecdc":"5 ph\u00fat"},"schema":{"@context":"https:\/\/schema.org","@graph":[{"@type":"WebPage","@id":"https:\/\/biogroupvietnam.com\/vi\/san-pham\/exodus-t-2800\/","url":"https:\/\/biogroupvietnam.com\/vi\/san-pham\/exodus-t-2800\/","name":"H\u1ec7 Th\u1ed1ng Ph\u00e2n L\u1eadp Exosome T\u1ef1 \u0110\u1ed9ng Quy M\u00f4 L\u1edbn EXODUS T-2800","isPartOf":{"@id":"https:\/\/biogroupvietnam.com\/vi\/#website"},"primaryImageOfPage":{"@id":"https:\/\/biogroupvietnam.com\/vi\/san-pham\/exodus-t-2800\/#primaryimage"},"image":{"@id":"https:\/\/biogroupvietnam.com\/vi\/san-pham\/exodus-t-2800\/#primaryimage"},"thumbnailUrl":"https:\/\/biogroupvietnam.com\/wp-content\/uploads\/2025\/08\/EXODUS-T-2800.jpg","datePublished":"2025-08-18T12:55:41+00:00","dateModified":"2025-12-02T06:45:55+00:00","description":"EXODUS T-2800 l\u00e0 h\u1ec7 th\u1ed1ng ph\u00e2n l\u1eadp exosome t\u1ef1 \u0111\u1ed9ng, quy m\u00f4 l\u1edbn, t\u00edch h\u1ee3p ti\u1ec1n x\u1eed l\u00fd m\u1eabu, ph\u00e2n l\u1eadp v\u00e0 thu h\u1ed3i exosome t\u1ef1 \u0111\u1ed9ng. Ph\u00f9 h\u1ee3p l\u0129nh v\u1ef1c \u0111i\u1ec1u ch\u1ebf thu\u1ed1c t\u1eeb exosome, \u0111i\u1ec1u tr\u1ecb v\u00e0 y h\u1ecdc t\u00e1i t\u1ea1o.","breadcrumb":{"@id":"https:\/\/biogroupvietnam.com\/vi\/san-pham\/exodus-t-2800\/#breadcrumb"},"inLanguage":"vi","potentialAction":[{"@type":"ReadAction","target":["https:\/\/biogroupvietnam.com\/vi\/san-pham\/exodus-t-2800\/"]}]},{"@type":"ImageObject","inLanguage":"vi","@id":"https:\/\/biogroupvietnam.com\/vi\/san-pham\/exodus-t-2800\/#primaryimage","url":"https:\/\/biogroupvietnam.com\/wp-content\/uploads\/2025\/08\/EXODUS-T-2800.jpg","contentUrl":"https:\/\/biogroupvietnam.com\/wp-content\/uploads\/2025\/08\/EXODUS-T-2800.jpg","width":1640,"height":1260},{"@type":"BreadcrumbList","@id":"https:\/\/biogroupvietnam.com\/vi\/san-pham\/exodus-t-2800\/#breadcrumb","itemListElement":[{"@type":"ListItem","position":1,"name":"Trang ch\u1ee7","item":"https:\/\/biogroupvietnam.com\/vi\/"},{"@type":"ListItem","position":2,"name":"S\u1ea3n ph\u1ea9m","item":"https:\/\/biogroupvietnam.com\/vi\/san-pham\/"},{"@type":"ListItem","position":3,"name":"Nu\u00f4i C\u1ea5y T\u1ebf B\u00e0o","item":"https:\/\/biogroupvietnam.com\/vi\/danh-muc-san-pham\/nuoi-cay-te-bao\/"},{"@type":"ListItem","position":4,"name":"Exosome","item":"https:\/\/biogroupvietnam.com\/vi\/danh-muc-san-pham\/exosome\/"},{"@type":"ListItem","position":5,"name":"H\u1ec7 Th\u1ed1ng Ph\u00e2n L\u1eadp Exosome T\u1ef1 \u0110\u1ed9ng Quy M\u00f4 L\u1edbn EXODUS T-2800"}]},{"@type":"WebSite","@id":"https:\/\/biogroupvietnam.com\/vi\/#website","url":"https:\/\/biogroupvietnam.com\/vi\/","name":"Biogroup Vietnam","description":"Biogroup Vietnam cung c\u1ea5p d\u1ecbch v\u1ee5 k\u1ef9 thu\u1eadt c\u00f9ng thi\u1ebft b\u1ecb, v\u1eadt t\u01b0, h\u00f3a ch\u1ea5t v\u00e0 gi\u1ea3i ph\u00e1p sinh h\u1ecdc cho ph\u00f2ng th\u00ed nghi\u1ec7m c\u00f4ng ngh\u1ec7 sinh h\u1ecdc, y sinh v\u00e0 y h\u1ecdc t\u00e1i t\u1ea1o.","potentialAction":[{"@type":"SearchAction","target":{"@type":"EntryPoint","urlTemplate":"https:\/\/biogroupvietnam.com\/vi\/?s={search_term_string}"},"query-input":{"@type":"PropertyValueSpecification","valueRequired":true,"valueName":"search_term_string"}}],"inLanguage":"vi"}]}},"_links":{"self":[{"href":"https:\/\/biogroupvietnam.com\/vi\/wp-json\/wp\/v2\/product\/4024","targetHints":{"allow":["GET"]}}],"collection":[{"href":"https:\/\/biogroupvietnam.com\/vi\/wp-json\/wp\/v2\/product"}],"about":[{"href":"https:\/\/biogroupvietnam.com\/vi\/wp-json\/wp\/v2\/types\/product"}],"replies":[{"embeddable":true,"href":"https:\/\/biogroupvietnam.com\/vi\/wp-json\/wp\/v2\/comments?post=4024"}],"version-history":[{"count":11,"href":"https:\/\/biogroupvietnam.com\/vi\/wp-json\/wp\/v2\/product\/4024\/revisions"}],"predecessor-version":[{"id":9163,"href":"https:\/\/biogroupvietnam.com\/vi\/wp-json\/wp\/v2\/product\/4024\/revisions\/9163"}],"wp:featuredmedia":[{"embeddable":true,"href":"https:\/\/biogroupvietnam.com\/vi\/wp-json\/wp\/v2\/media\/8944"}],"wp:attachment":[{"href":"https:\/\/biogroupvietnam.com\/vi\/wp-json\/wp\/v2\/media?parent=4024"}],"wp:term":[{"taxonomy":"product_brand","embeddable":true,"href":"https:\/\/biogroupvietnam.com\/vi\/wp-json\/wp\/v2\/product_brand?post=4024"},{"taxonomy":"product_cat","embeddable":true,"href":"https:\/\/biogroupvietnam.com\/vi\/wp-json\/wp\/v2\/product_cat?post=4024"},{"taxonomy":"product_tag","embeddable":true,"href":"https:\/\/biogroupvietnam.com\/vi\/wp-json\/wp\/v2\/product_tag?post=4024"}],"curies":[{"name":"wp","href":"https:\/\/api.w.org\/{rel}","templated":true}]}}