{"id":4025,"date":"2025-08-18T19:55:41","date_gmt":"2025-08-18T12:55:41","guid":{"rendered":"http:\/\/biogroupvietnam-worldpress.local\/product\/import-placeholder-for-233\/"},"modified":"2026-04-02T10:57:45","modified_gmt":"2026-04-02T03:57:45","slug":"cellpore","status":"publish","type":"product","link":"https:\/\/biogroupvietnam.com\/vi\/san-pham\/cellpore\/","title":{"rendered":"H\u1ec7 Th\u1ed1ng Chuy\u1ec3n Gen CellPore\u2122"},"content":{"rendered":"<h2><strong>Gi\u1ea3i ph\u00e1p chuy\u1ec3n gen v\u00e0o t\u1ebf b\u00e0o m\u1ed9t c\u00e1ch nh\u1eb9 nh\u00e0ng cho c\u00e1c \u1ee9ng d\u1ee5ng k\u1ef9 thu\u1eadt t\u1ebf b\u00e0o T<\/strong><\/h2>\n<p>H\u1ec7 th\u1ed1ng chuy\u1ec3n gen CellPore\u2122 m\u1edf ra nh\u1eefng kh\u1ea3 n\u0103ng m\u1edbi trong vi\u1ec7c ch\u1ec9nh s\u1eeda t\u1ebf b\u00e0o T th\u00f4ng qua ph\u01b0\u01a1ng ph\u00e1p \u0111\u01b0a v\u1eadt li\u1ec7u di truy\u1ec1n tr\u1ef1c ti\u1ebfp v\u00e0o t\u1ebf b\u00e0o ch\u1ea5t. H\u1ec7 th\u1ed1ng bao g\u1ed3m m\u1ed9t thi\u1ebft b\u1ecb \u0111\u1ec3 b\u00e0n v\u00e0 b\u1ed9 kit chuy\u00ean d\u1ee5ng, trong \u0111\u00f3 c\u00f3 c\u00e1c cartridge s\u1eed d\u1ee5ng m\u1ed9t l\u1ea7n. C\u00f4ng ngh\u1ec7 vi l\u1ecfng ti\u00ean ti\u1ebfn c\u1ee7a CellPore\u2122 gi\u00fap chuy\u1ec3n n\u1ea1p <strong>mRNA<\/strong> v\u00e0 <strong>ribonucleoprotein<\/strong> (RNP) \u0111\u1ec3 ch\u1ec9nh s\u1eeda gen v\u00e0o t\u1ebf b\u00e0o T ch\u01b0a \u0111\u01b0\u1ee3c ho\u1ea1t h\u00f3a (unactivated T cells), v\u1edbi kh\u1ea3 n\u0103ng b\u1ea3o to\u00e0n ki\u1ec3u h\u00ecnh t\u1ebf b\u00e0o T \u1edf tr\u1ea1ng th\u00e1i ngh\u1ec9. C\u00e1c t\u1ebf b\u00e0o \u0111\u00e3 \u0111\u01b0\u1ee3c ch\u1ec9nh s\u1eeda c\u00f3 th\u1ec3 \u0111\u01b0\u1ee3c s\u1eed d\u1ee5ng cho c\u00e1c ph\u00e2n t\u00edch v\u00e0 \u1ee9ng d\u1ee5ng ti\u1ebfp theo.<\/p>\n<h3><strong>H\u1ec7 th\u1ed1ng chuy\u1ec3n gen\u00a0ho\u1ea1t \u0111\u1ed9ng nh\u01b0 th\u1ebf n\u00e0o?<\/strong><\/h3>\n<p>CellPore\u2122 s\u1eed d\u1ee5ng c\u00f4ng ngh\u1ec7 vi l\u1ecfng \u0111\u1ec3 \u0111\u01b0a c\u00e1c mRNA v\u00e0 RNP m\u1ee5c ti\u00eau tr\u1ef1c ti\u1ebfp v\u00e0o t\u1ebf b\u00e0o ch\u1ea5t c\u1ee7a t\u1ebf b\u00e0o T ch\u01b0a k\u00edch ho\u1ea1t. Qu\u00e1 tr\u00ecnh n\u00e0y s\u1eed d\u1ee5ng \u00e1p l\u1ef1c \u0111\u1ec3 \u0111\u1ea9y t\u1ebf b\u00e0o qua c\u00e1c k\u00eanh vi l\u1ecfng song song v\u1edbi t\u1ed1c \u0111\u1ed9 cao, t\u1ea1o ra c\u00e1c l\u1ed7 t\u1ea1m th\u1eddi tr\u00ean m\u00e0ng t\u1ebf b\u00e0o cho ph\u00e9p v\u1eadt ch\u1ea5t \u0111i v\u00e0o tr\u01b0\u1edbc khi m\u00e0ng \u0111\u01b0\u1ee3c t\u00e1i c\u1ea5u tr\u00fac.<\/p>\n<p style=\"text-align: center;\"><img fetchpriority=\"high\" decoding=\"async\" src=\"https:\/\/biogroupvietnam.com\/uploads\/ZFoRiBGLNsvzplcukYOQ5oOCT7mHjZknCd0lB0M4.png\" alt=\"H\u1ec7 th\u1ed1ng chuy\u1ec3n gen\u00a0ho\u1ea1t \u0111\u1ed9ng nh\u01b0 th\u1ebf n\u00e0o?\" width=\"709\" height=\"302\" \/><\/p>\n<h3><strong>\u01afu \u0111i\u1ec3m c\u1ee7a h\u1ec7 th\u1ed1ng chuy\u1ec3n gen CellPoreTM:<\/strong><\/h3>\n<ul>\n<li>Ch\u1ec9nh s\u1eeda gen tr\u00ean c\u00e1c t\u1ebf b\u00e0o T ch\u01b0a k\u00edch ho\u1ea1t m\u00e0 kh\u00f4ng g\u00e2y r\u1ed1i lo\u1ea1n gen ho\u1eb7c thay \u0111\u1ed5i ch\u1ee9c n\u0103ng kh\u00f4ng mong mu\u1ed1n so v\u1edbi ph\u01b0\u01a1ng ph\u00e1p \u0111i\u1ec7n bi\u1ebfn n\u1ea1p.<\/li>\n<li>Chuy\u1ec3n n\u1ea1p mRNA v\u00e0 RNP tr\u1ef1c ti\u1ebfp v\u00e0o t\u1ebf b\u00e0o ch\u1ea5t trong khi v\u1eabn gi\u1eef nguy\u00ean ki\u1ec3u h\u00ecnh t\u1ebf b\u00e0o T \u1edf tr\u1ea1ng th\u00e1i ngh\u1ec9.<\/li>\n<li>D\u1ec5 d\u00e0ng \u0111i\u1ec1u ch\u1ec9nh th\u00f4ng s\u1ed1 thi\u1ebft b\u1ecb \u0111\u1ec3 t\u1ed1i \u01b0u h\u00f3a \u0111i\u1ec1u ki\u1ec7n chuy\u1ec3n n\u1ea1p m\u1ed9t c\u00e1ch nhanh ch\u00f3ng.<\/li>\n<\/ul>\n<p style=\"text-align: center;\"><img decoding=\"async\" src=\"https:\/\/biogroupvietnam.com\/uploads\/QZzLWXRG05rC66QNlZBuSElouTZ4ommQESjJc4QP.png\" alt=\"h\u00ecnh \u1ea3nh chuy\u1ec3n n\u1ea1p t\u1ed1i \u01b0u c\u1ee7a CellPore\" width=\"301\" height=\"256\" \/><img decoding=\"async\" src=\"https:\/\/biogroupvietnam.com\/uploads\/WTWY8HGfqH6h2XMqQX3gPv6ieSB3eLOFoQk4w59I.png\" alt=\"h\u00ecnh \u1ea3nh chuy\u1ec3n n\u1ea1p t\u1ed1i \u01b0u c\u1ee7a CellPore\" width=\"336\" height=\"256\" \/><img loading=\"lazy\" decoding=\"async\" src=\"https:\/\/biogroupvietnam.com\/uploads\/LXoxsiNp6ECWutEancazhWM8SuCbELzkcVN3UrII.png\" alt=\"h\u00ecnh \u1ea3nh chuy\u1ec3n n\u1ea1p t\u1ed1i \u01b0u c\u1ee7a CellPore\" width=\"328\" height=\"256\" \/><\/p>\n<p><strong>H\u00ecnh 1. Hi\u1ec7u qu\u1ea3 chuy\u1ec3n n\u1ea1p t\u1ed1i \u01b0u<\/strong> (A) CellPore FITC-Dextran ho\u1eb7c (B) mCherry v\u00e0 eGFP mRNA \u0111\u01b0\u1ee3c chuy\u1ec3n 2&#215;106 t\u1ebf b\u00e0o T ch\u01b0a ho\u1ea1t h\u00f3a th\u00f4ng qua vi\u1ec7c chuy\u1ec3n\/bi\u1ec3u hi\u1ec7n t\u1ed1i \u01b0u \u0111\u01b0\u1ee3c \u0111o \u1edf m\u1ee9c 70 \u2013 90 psi. Cas9 RNP nh\u1eafm m\u1ee5c ti\u00eau (C) gen \u03b2-2-microglobulin (B2M) \u0111\u01b0\u1ee3c \u0111o hi\u1ec7u qu\u1ea3 ch\u1ec9nh s\u1eeda gen t\u1ed1i \u01b0u \u1edf \u0111i\u1ec1u ki\u1ec7n 90 psi. T\u1ea5t c\u1ea3 c\u00e1c \u0111i\u1ec1u ki\u1ec7n \u0111\u01b0\u1ee3c \u0111\u00e1nh gi\u00e1 b\u1eb1ng FACS. D\u1eef li\u1ec7u d\u1ea1ng trung b\u00ecnh \u00b1 SD (n = 2 \u2013 5).<\/p>\n<h3 style=\"text-align: center;\"><img loading=\"lazy\" decoding=\"async\" src=\"https:\/\/biogroupvietnam.com\/uploads\/bxSZXvXp7v4vuQ7gVBg17n2mHgZQWpbocru5o55t.png\" alt=\"C\u00e1c t\u1ebf b\u00e0o T ch\u01b0a k\u00edch ho\u1ea1t x\u1eed l\u00fd qua CellPore\u2122 duy tr\u00ec m\u1ee9c ti\u1ebft cytokine c\u01a1 b\u1ea3n\" width=\"673\" height=\"367\" \/><\/h3>\n<p><strong>H\u00ecnh 2.<\/strong> C\u00e1c t\u1ebf b\u00e0o T ch\u01b0a k\u00edch ho\u1ea1t x\u1eed l\u00fd qua CellPore\u2122 duy tr\u00ec m\u1ee9c ti\u1ebft cytokine c\u01a1 b\u1ea3n, trong khi c\u00e1c m\u1eabu s\u1eed d\u1ee5ng \u0111i\u1ec7n chuy\u1ec3n n\u1ea1p c\u00f3 s\u1ef1 t\u0103ng \u0111\u00e1ng k\u1ec3 cytokine vi\u00eam sau 24 gi\u1edd chuy\u1ec3n gen. D\u1eef li\u1ec7u d\u1ea1ng trung b\u00ecnh \u00b1 SD (n = 3).<\/p>\n<h3><strong>Th\u00f4ng tin \u0111\u1eb7t h\u00e0ng:<\/strong><\/h3>\n<p>H\u1ec7 th\u1ed1ng chuy\u1ec3n gen CellPore\u2122 (CellPore\u2122 Transfection System), catalog #100-0946<\/p>\n<p><a href=\"https:\/\/biogroupvietnam.com\/vi\/products\/nghien-cuu-sinh-hoc\/mien-dich-hoc\/cellpore-transfection-kit-300.html\">B\u1ed9 kit chuy\u1ec3n gen (CellPore\u2122 Transfection Kit 300)<\/a>, catalog #100-1020<\/p>\n","protected":false},"excerpt":{"rendered":"<p>Gi\u1ea3i ph\u00e1p chuy\u1ec3n gen v\u00e0o t\u1ebf b\u00e0o m\u1ed9t c\u00e1ch nh\u1eb9 nh\u00e0ng cho c\u00e1c \u1ee9ng d\u1ee5ng k\u1ef9 thu\u1eadt t\u1ebf b\u00e0o T H\u1ec7 th\u1ed1ng chuy\u1ec3n gen CellPore\u2122 m\u1edf ra nh\u1eefng kh\u1ea3 n\u0103ng m\u1edbi trong vi\u1ec7c ch\u1ec9nh s\u1eeda t\u1ebf b\u00e0o T th\u00f4ng qua ph\u01b0\u01a1ng ph\u00e1p \u0111\u01b0a v\u1eadt li\u1ec7u di truy\u1ec1n tr\u1ef1c ti\u1ebfp v\u00e0o t\u1ebf b\u00e0o ch\u1ea5t. H\u1ec7 th\u1ed1ng<\/p>\n<div class=\"klb-readmore post-buttons\"><a class=\"button rounded primary\" href=\"https:\/\/biogroupvietnam.com\/vi\/san-pham\/cellpore\/\">Read More <i class=\"klbth-icon-right-arrow\"><\/i><\/a><\/div>\n","protected":false},"featured_media":10137,"comment_status":"closed","ping_status":"closed","template":"","meta":{"_acf_changed":false},"product_brand":[127],"product_cat":[113],"product_tag":[],"class_list":{"0":"post-4025","1":"product","2":"type-product","3":"status-publish","4":"has-post-thumbnail","6":"product_brand-stemcell-technologies","7":"product_cat-mien-dich-hoc","9":"first","10":"outofstock","11":"shipping-taxable","12":"product-type-simple"},"acf":[],"yoast_head":"<!-- This site is optimized with the Yoast SEO plugin v26.8 - https:\/\/yoast.com\/product\/yoast-seo-wordpress\/ -->\n<title>H\u1ec7 Th\u1ed1ng Chuy\u1ec3n Gen CellPore<\/title>\n<meta name=\"description\" content=\"H\u1ec7 th\u1ed1ng chuy\u1ec3n gen CellPore\u2122 m\u1edf ra nh\u1eefng kh\u1ea3 n\u0103ng m\u1edbi trong vi\u1ec7c ch\u1ec9nh s\u1eeda t\u1ebf b\u00e0o T th\u00f4ng qua ph\u01b0\u01a1ng ph\u00e1p \u0111\u01b0a v\u1eadt li\u1ec7u di truy\u1ec1n tr\u1ef1c ti\u1ebfp v\u00e0o t\u1ebf b\u00e0o ch\u1ea5t.\" \/>\n<meta name=\"robots\" content=\"index, follow, max-snippet:-1, max-image-preview:large, max-video-preview:-1\" \/>\n<link rel=\"canonical\" href=\"https:\/\/biogroupvietnam.com\/vi\/san-pham\/cellpore\/\" \/>\n<meta property=\"og:locale\" content=\"vi_VN\" \/>\n<meta property=\"og:type\" content=\"article\" \/>\n<meta property=\"og:title\" content=\"H\u1ec7 Th\u1ed1ng Chuy\u1ec3n Gen CellPore\" \/>\n<meta property=\"og:description\" content=\"H\u1ec7 th\u1ed1ng chuy\u1ec3n gen CellPore\u2122 m\u1edf ra nh\u1eefng kh\u1ea3 n\u0103ng m\u1edbi trong vi\u1ec7c ch\u1ec9nh s\u1eeda t\u1ebf b\u00e0o T th\u00f4ng qua ph\u01b0\u01a1ng ph\u00e1p \u0111\u01b0a v\u1eadt li\u1ec7u di truy\u1ec1n tr\u1ef1c ti\u1ebfp v\u00e0o t\u1ebf b\u00e0o ch\u1ea5t.\" \/>\n<meta property=\"og:url\" content=\"https:\/\/biogroupvietnam.com\/vi\/san-pham\/cellpore\/\" \/>\n<meta property=\"og:site_name\" content=\"Biogroup Vietnam\" \/>\n<meta property=\"article:modified_time\" content=\"2026-04-02T03:57:45+00:00\" \/>\n<meta property=\"og:image\" content=\"https:\/\/biogroupvietnam.com\/wp-content\/uploads\/2025\/08\/he-thong-chuyen-gen-cellpore.jpg\" \/>\n\t<meta property=\"og:image:width\" content=\"1640\" \/>\n\t<meta property=\"og:image:height\" content=\"1260\" \/>\n\t<meta property=\"og:image:type\" content=\"image\/jpeg\" \/>\n<meta name=\"twitter:card\" content=\"summary_large_image\" \/>\n<meta name=\"twitter:label1\" content=\"\u01af\u1edbc t\u00ednh th\u1eddi gian \u0111\u1ecdc\" \/>\n\t<meta name=\"twitter:data1\" content=\"4 ph\u00fat\" \/>\n<script type=\"application\/ld+json\" class=\"yoast-schema-graph\">{\"@context\":\"https:\/\/schema.org\",\"@graph\":[{\"@type\":\"WebPage\",\"@id\":\"https:\/\/biogroupvietnam.com\/vi\/san-pham\/cellpore\/\",\"url\":\"https:\/\/biogroupvietnam.com\/vi\/san-pham\/cellpore\/\",\"name\":\"H\u1ec7 Th\u1ed1ng Chuy\u1ec3n Gen CellPore\",\"isPartOf\":{\"@id\":\"https:\/\/biogroupvietnam.com\/vi\/#website\"},\"primaryImageOfPage\":{\"@id\":\"https:\/\/biogroupvietnam.com\/vi\/san-pham\/cellpore\/#primaryimage\"},\"image\":{\"@id\":\"https:\/\/biogroupvietnam.com\/vi\/san-pham\/cellpore\/#primaryimage\"},\"thumbnailUrl\":\"https:\/\/biogroupvietnam.com\/wp-content\/uploads\/2025\/08\/he-thong-chuyen-gen-cellpore.jpg\",\"datePublished\":\"2025-08-18T12:55:41+00:00\",\"dateModified\":\"2026-04-02T03:57:45+00:00\",\"description\":\"H\u1ec7 th\u1ed1ng chuy\u1ec3n gen CellPore\u2122 m\u1edf ra nh\u1eefng kh\u1ea3 n\u0103ng m\u1edbi trong vi\u1ec7c ch\u1ec9nh s\u1eeda t\u1ebf b\u00e0o T th\u00f4ng qua ph\u01b0\u01a1ng ph\u00e1p \u0111\u01b0a v\u1eadt li\u1ec7u di truy\u1ec1n tr\u1ef1c ti\u1ebfp v\u00e0o t\u1ebf b\u00e0o ch\u1ea5t.\",\"breadcrumb\":{\"@id\":\"https:\/\/biogroupvietnam.com\/vi\/san-pham\/cellpore\/#breadcrumb\"},\"inLanguage\":\"vi\",\"potentialAction\":[{\"@type\":\"ReadAction\",\"target\":[\"https:\/\/biogroupvietnam.com\/vi\/san-pham\/cellpore\/\"]}]},{\"@type\":\"ImageObject\",\"inLanguage\":\"vi\",\"@id\":\"https:\/\/biogroupvietnam.com\/vi\/san-pham\/cellpore\/#primaryimage\",\"url\":\"https:\/\/biogroupvietnam.com\/wp-content\/uploads\/2025\/08\/he-thong-chuyen-gen-cellpore.jpg\",\"contentUrl\":\"https:\/\/biogroupvietnam.com\/wp-content\/uploads\/2025\/08\/he-thong-chuyen-gen-cellpore.jpg\",\"width\":1640,\"height\":1260,\"caption\":\"B\u1ed9 Kit Chuy\u1ec3n Gen CellPore\u2122 Transfection Kit 300\"},{\"@type\":\"BreadcrumbList\",\"@id\":\"https:\/\/biogroupvietnam.com\/vi\/san-pham\/cellpore\/#breadcrumb\",\"itemListElement\":[{\"@type\":\"ListItem\",\"position\":1,\"name\":\"Trang ch\u1ee7\",\"item\":\"https:\/\/biogroupvietnam.com\/vi\/\"},{\"@type\":\"ListItem\",\"position\":2,\"name\":\"S\u1ea3n ph\u1ea9m\",\"item\":\"https:\/\/biogroupvietnam.com\/vi\/san-pham\/\"},{\"@type\":\"ListItem\",\"position\":3,\"name\":\"R&amp;D Sinh H\u1ecdc\",\"item\":\"https:\/\/biogroupvietnam.com\/vi\/danh-muc-san-pham\/rd-sinh-hoc\/\"},{\"@type\":\"ListItem\",\"position\":4,\"name\":\"Mi\u1ec5n D\u1ecbch H\u1ecdc\",\"item\":\"https:\/\/biogroupvietnam.com\/vi\/danh-muc-san-pham\/mien-dich-hoc\/\"},{\"@type\":\"ListItem\",\"position\":5,\"name\":\"H\u1ec7 Th\u1ed1ng Chuy\u1ec3n Gen CellPore\u2122\"}]},{\"@type\":\"WebSite\",\"@id\":\"https:\/\/biogroupvietnam.com\/vi\/#website\",\"url\":\"https:\/\/biogroupvietnam.com\/vi\/\",\"name\":\"Biogroup Vietnam\",\"description\":\"Biogroup Vietnam cung c\u1ea5p d\u1ecbch v\u1ee5 k\u1ef9 thu\u1eadt c\u00f9ng thi\u1ebft b\u1ecb, v\u1eadt t\u01b0, h\u00f3a ch\u1ea5t v\u00e0 gi\u1ea3i ph\u00e1p sinh h\u1ecdc cho ph\u00f2ng th\u00ed nghi\u1ec7m c\u00f4ng ngh\u1ec7 sinh h\u1ecdc, y sinh v\u00e0 y h\u1ecdc t\u00e1i t\u1ea1o.\",\"potentialAction\":[{\"@type\":\"SearchAction\",\"target\":{\"@type\":\"EntryPoint\",\"urlTemplate\":\"https:\/\/biogroupvietnam.com\/vi\/?s={search_term_string}\"},\"query-input\":{\"@type\":\"PropertyValueSpecification\",\"valueRequired\":true,\"valueName\":\"search_term_string\"}}],\"inLanguage\":\"vi\"}]}<\/script>\n<!-- \/ Yoast SEO plugin. -->","yoast_head_json":{"title":"H\u1ec7 Th\u1ed1ng Chuy\u1ec3n Gen CellPore","description":"H\u1ec7 th\u1ed1ng chuy\u1ec3n gen CellPore\u2122 m\u1edf ra nh\u1eefng kh\u1ea3 n\u0103ng m\u1edbi trong vi\u1ec7c ch\u1ec9nh s\u1eeda t\u1ebf b\u00e0o T th\u00f4ng qua ph\u01b0\u01a1ng ph\u00e1p \u0111\u01b0a v\u1eadt li\u1ec7u di truy\u1ec1n tr\u1ef1c ti\u1ebfp v\u00e0o t\u1ebf b\u00e0o ch\u1ea5t.","robots":{"index":"index","follow":"follow","max-snippet":"max-snippet:-1","max-image-preview":"max-image-preview:large","max-video-preview":"max-video-preview:-1"},"canonical":"https:\/\/biogroupvietnam.com\/vi\/san-pham\/cellpore\/","og_locale":"vi_VN","og_type":"article","og_title":"H\u1ec7 Th\u1ed1ng Chuy\u1ec3n Gen CellPore","og_description":"H\u1ec7 th\u1ed1ng chuy\u1ec3n gen CellPore\u2122 m\u1edf ra nh\u1eefng kh\u1ea3 n\u0103ng m\u1edbi trong vi\u1ec7c ch\u1ec9nh s\u1eeda t\u1ebf b\u00e0o T th\u00f4ng qua ph\u01b0\u01a1ng ph\u00e1p \u0111\u01b0a v\u1eadt li\u1ec7u di truy\u1ec1n tr\u1ef1c ti\u1ebfp v\u00e0o t\u1ebf b\u00e0o ch\u1ea5t.","og_url":"https:\/\/biogroupvietnam.com\/vi\/san-pham\/cellpore\/","og_site_name":"Biogroup Vietnam","article_modified_time":"2026-04-02T03:57:45+00:00","og_image":[{"width":1640,"height":1260,"url":"https:\/\/biogroupvietnam.com\/wp-content\/uploads\/2025\/08\/he-thong-chuyen-gen-cellpore.jpg","type":"image\/jpeg"}],"twitter_card":"summary_large_image","twitter_misc":{"\u01af\u1edbc t\u00ednh th\u1eddi gian \u0111\u1ecdc":"4 ph\u00fat"},"schema":{"@context":"https:\/\/schema.org","@graph":[{"@type":"WebPage","@id":"https:\/\/biogroupvietnam.com\/vi\/san-pham\/cellpore\/","url":"https:\/\/biogroupvietnam.com\/vi\/san-pham\/cellpore\/","name":"H\u1ec7 Th\u1ed1ng Chuy\u1ec3n Gen CellPore","isPartOf":{"@id":"https:\/\/biogroupvietnam.com\/vi\/#website"},"primaryImageOfPage":{"@id":"https:\/\/biogroupvietnam.com\/vi\/san-pham\/cellpore\/#primaryimage"},"image":{"@id":"https:\/\/biogroupvietnam.com\/vi\/san-pham\/cellpore\/#primaryimage"},"thumbnailUrl":"https:\/\/biogroupvietnam.com\/wp-content\/uploads\/2025\/08\/he-thong-chuyen-gen-cellpore.jpg","datePublished":"2025-08-18T12:55:41+00:00","dateModified":"2026-04-02T03:57:45+00:00","description":"H\u1ec7 th\u1ed1ng chuy\u1ec3n gen CellPore\u2122 m\u1edf ra nh\u1eefng kh\u1ea3 n\u0103ng m\u1edbi trong vi\u1ec7c ch\u1ec9nh s\u1eeda t\u1ebf b\u00e0o T th\u00f4ng qua ph\u01b0\u01a1ng ph\u00e1p \u0111\u01b0a v\u1eadt li\u1ec7u di truy\u1ec1n tr\u1ef1c ti\u1ebfp v\u00e0o t\u1ebf b\u00e0o ch\u1ea5t.","breadcrumb":{"@id":"https:\/\/biogroupvietnam.com\/vi\/san-pham\/cellpore\/#breadcrumb"},"inLanguage":"vi","potentialAction":[{"@type":"ReadAction","target":["https:\/\/biogroupvietnam.com\/vi\/san-pham\/cellpore\/"]}]},{"@type":"ImageObject","inLanguage":"vi","@id":"https:\/\/biogroupvietnam.com\/vi\/san-pham\/cellpore\/#primaryimage","url":"https:\/\/biogroupvietnam.com\/wp-content\/uploads\/2025\/08\/he-thong-chuyen-gen-cellpore.jpg","contentUrl":"https:\/\/biogroupvietnam.com\/wp-content\/uploads\/2025\/08\/he-thong-chuyen-gen-cellpore.jpg","width":1640,"height":1260,"caption":"B\u1ed9 Kit Chuy\u1ec3n Gen CellPore\u2122 Transfection Kit 300"},{"@type":"BreadcrumbList","@id":"https:\/\/biogroupvietnam.com\/vi\/san-pham\/cellpore\/#breadcrumb","itemListElement":[{"@type":"ListItem","position":1,"name":"Trang ch\u1ee7","item":"https:\/\/biogroupvietnam.com\/vi\/"},{"@type":"ListItem","position":2,"name":"S\u1ea3n ph\u1ea9m","item":"https:\/\/biogroupvietnam.com\/vi\/san-pham\/"},{"@type":"ListItem","position":3,"name":"R&amp;D Sinh H\u1ecdc","item":"https:\/\/biogroupvietnam.com\/vi\/danh-muc-san-pham\/rd-sinh-hoc\/"},{"@type":"ListItem","position":4,"name":"Mi\u1ec5n D\u1ecbch H\u1ecdc","item":"https:\/\/biogroupvietnam.com\/vi\/danh-muc-san-pham\/mien-dich-hoc\/"},{"@type":"ListItem","position":5,"name":"H\u1ec7 Th\u1ed1ng Chuy\u1ec3n Gen CellPore\u2122"}]},{"@type":"WebSite","@id":"https:\/\/biogroupvietnam.com\/vi\/#website","url":"https:\/\/biogroupvietnam.com\/vi\/","name":"Biogroup Vietnam","description":"Biogroup Vietnam cung c\u1ea5p d\u1ecbch v\u1ee5 k\u1ef9 thu\u1eadt c\u00f9ng thi\u1ebft b\u1ecb, v\u1eadt t\u01b0, h\u00f3a ch\u1ea5t v\u00e0 gi\u1ea3i ph\u00e1p sinh h\u1ecdc cho ph\u00f2ng th\u00ed nghi\u1ec7m c\u00f4ng ngh\u1ec7 sinh h\u1ecdc, y sinh v\u00e0 y h\u1ecdc t\u00e1i t\u1ea1o.","potentialAction":[{"@type":"SearchAction","target":{"@type":"EntryPoint","urlTemplate":"https:\/\/biogroupvietnam.com\/vi\/?s={search_term_string}"},"query-input":{"@type":"PropertyValueSpecification","valueRequired":true,"valueName":"search_term_string"}}],"inLanguage":"vi"}]}},"_links":{"self":[{"href":"https:\/\/biogroupvietnam.com\/vi\/wp-json\/wp\/v2\/product\/4025","targetHints":{"allow":["GET"]}}],"collection":[{"href":"https:\/\/biogroupvietnam.com\/vi\/wp-json\/wp\/v2\/product"}],"about":[{"href":"https:\/\/biogroupvietnam.com\/vi\/wp-json\/wp\/v2\/types\/product"}],"replies":[{"embeddable":true,"href":"https:\/\/biogroupvietnam.com\/vi\/wp-json\/wp\/v2\/comments?post=4025"}],"version-history":[{"count":5,"href":"https:\/\/biogroupvietnam.com\/vi\/wp-json\/wp\/v2\/product\/4025\/revisions"}],"predecessor-version":[{"id":10138,"href":"https:\/\/biogroupvietnam.com\/vi\/wp-json\/wp\/v2\/product\/4025\/revisions\/10138"}],"wp:featuredmedia":[{"embeddable":true,"href":"https:\/\/biogroupvietnam.com\/vi\/wp-json\/wp\/v2\/media\/10137"}],"wp:attachment":[{"href":"https:\/\/biogroupvietnam.com\/vi\/wp-json\/wp\/v2\/media?parent=4025"}],"wp:term":[{"taxonomy":"product_brand","embeddable":true,"href":"https:\/\/biogroupvietnam.com\/vi\/wp-json\/wp\/v2\/product_brand?post=4025"},{"taxonomy":"product_cat","embeddable":true,"href":"https:\/\/biogroupvietnam.com\/vi\/wp-json\/wp\/v2\/product_cat?post=4025"},{"taxonomy":"product_tag","embeddable":true,"href":"https:\/\/biogroupvietnam.com\/vi\/wp-json\/wp\/v2\/product_tag?post=4025"}],"curies":[{"name":"wp","href":"https:\/\/api.w.org\/{rel}","templated":true}]}}