{"id":4026,"date":"2025-08-18T19:55:41","date_gmt":"2025-08-18T12:55:41","guid":{"rendered":"http:\/\/biogroupvietnam-worldpress.local\/product\/import-placeholder-for-234\/"},"modified":"2026-04-02T10:51:19","modified_gmt":"2026-04-02T03:51:19","slug":"bo-kit-chuyen-gen-cellpore-transfection-kit-300","status":"publish","type":"product","link":"https:\/\/biogroupvietnam.com\/vi\/san-pham\/bo-kit-chuyen-gen-cellpore-transfection-kit-300\/","title":{"rendered":"B\u1ed9 Kit Chuy\u1ec3n Gen CellPore\u2122 Transfection Kit 300"},"content":{"rendered":"<p>Chuy\u1ec3n n\u1ea1p hi\u1ec7u qu\u1ea3 c\u00e1c v\u1eadt li\u1ec7u m\u1ee5c ti\u00eau v\u00e0o b\u00e0o t\u01b0\u01a1ng c\u1ee7a t\u1ebf b\u00e0o mi\u1ec5n d\u1ecbch ch\u01b0a k\u00edch ho\u1ea1t v\u00e0 t\u1ebf b\u00e0o g\u1ed1c t\u1ea1o m\u00e1u ng\u01b0\u1eddi b\u1eb1ng B\u1ed9 kit chuy\u1ec3n gen CellPore\u2122 Transfection Kit 300.<\/p>\n<h3><strong>T\u1ed5ng quan v\u1ec1 b\u1ed9 kit chuy\u1ec3n gen CellPore\u2122:<\/strong><\/h3>\n<p>\u0110\u01b0\u1ee3c thi\u1ebft k\u1ebf \u0111\u1ec3 s\u1eed d\u1ee5ng v\u1edbi <a href=\"https:\/\/biogroupvietnam.com\/vi\/products\/nghien-cuu-sinh-hoc\/mien-dich-hoc\/cellpore.html\"><strong>H\u1ec7 th\u1ed1ng Chuy\u1ec3n N\u1ea1p CellPore\u2122<\/strong><\/a>\u2014m\u1ed9t thi\u1ebft b\u1ecb \u0111\u1ec3 b\u00e0n chuy\u00ean d\u1ee5ng cho vi\u1ec7c chuy\u1ec3n gen v\u00e0 \u0111\u01b0a v\u1eadt li\u1ec7u v\u00e0o n\u1ed9i b\u00e0o th\u00f4ng qua c\u01a1 ch\u1ebf c\u01a1 h\u1ecdc (mechanoporation)\u2014b\u1ed9 kit n\u00e0y bao g\u1ed3m t\u1ea5t c\u1ea3 c\u00e1c c\u00f4ng c\u1ee5 c\u1ea7n thi\u1ebft \u0111\u1ec3 th\u1ef1c hi\u1ec7n c\u00e1c ph\u1ea3n \u1ee9ng chuy\u1ec3n gen.<\/p>\n<p>H\u1ec7 th\u1ed1ng chuy\u1ec3n gen d\u1ec5 s\u1eed d\u1ee5ng, mang l\u1ea1i kh\u1ea3 n\u0103ng t\u00f9y ch\u1ec9nh v\u00e0 linh ho\u1ea1t, cho ph\u00e9p \u0111\u01b0a nhi\u1ec1u lo\u1ea1i v\u1eadt li\u1ec7u v\u00e0o c\u00e1c t\u1ebf b\u00e0o kh\u00f3 chuy\u1ec3n gen v\u00e0 h\u1ea1n ch\u1ebf g\u00e2y \u1ea3nh h\u01b0\u1edfng t\u1ebf b\u00e0o. B\u1ed9 kit n\u00e0y gi\u00fap b\u1ea1n \u0111\u1ea1t \u0111\u01b0\u1ee3c hi\u1ec7u su\u1ea5t chuy\u1ec3n n\u1ea1p v\u01b0\u1ee3t tr\u1ed9i v\u00e0 duy tr\u00ec kh\u1ea3 n\u0103ng s\u1ed1ng c\u1ee7a t\u1ebf b\u00e0o cao h\u01a1n so v\u1edbi c\u00e1c ph\u01b0\u01a1ng ph\u00e1p chuy\u1ec3n n\u1ea1p kh\u00e1c, v\u1edbi r\u1ea5t \u00edt \u0111i\u1ec1u ch\u1ec9nh quy tr\u00ecnh v\u00e0 t\u00edch h\u1ee3p d\u1ec5 d\u00e0ng v\u00e0o quy tr\u00ecnh l\u00e0m vi\u1ec7c hi\u1ec7n c\u00f3.<\/p>\n<h3><strong>\u1ee8ng d\u1ee5ng: b\u1ed9 kit t\u01b0\u01a1ng th\u00edch v\u1edbi c\u00e1c lo\u1ea1i t\u1ebf b\u00e0o:<\/strong><\/h3>\n<ul>\n<li>T\u1ebf b\u00e0o T to\u00e0n ph\u1ea7n ch\u01b0a k\u00edch ho\u1ea1t (Unactivated Pan T cells)<\/li>\n<li>T\u1ebf b\u00e0o T CD4 ch\u01b0a k\u00edch ho\u1ea1t (Unactivated CD4 T cells)<\/li>\n<li>T\u1ebf b\u00e0o T CD8 ch\u01b0a k\u00edch ho\u1ea1t (Unactivated CD8 T cells)<\/li>\n<li>T\u1ebf b\u00e0o T \u0111i\u1ec1u h\u00f2a ch\u01b0a k\u00edch ho\u1ea1t (Regulatory T cells)<\/li>\n<li>T\u1ebf b\u00e0o s\u00e1t th\u1ee7 t\u1ef1 nhi\u00ean ch\u01b0a k\u00edch ho\u1ea1t (Unactivated NK cells)<\/li>\n<li>T\u1ebf b\u00e0o g\u1ed1c v\u00e0 ti\u1ec1n th\u00e2n t\u1ea1o m\u00e1u CD34+ (HSPCs)<\/li>\n<li>T\u1ebf b\u00e0o \u0111\u01a1n nh\u00e2n m\u00e1u ngo\u1ea1i vi (PBMCs)<\/li>\n<li>B\u1ed9 kit c\u0169ng c\u00f3 th\u1ec3 t\u01b0\u01a1ng th\u00edch v\u1edbi c\u00e1c lo\u1ea1i t\u1ebf b\u00e0o lympho ch\u01b0a k\u00edch ho\u1ea1t kh\u00e1c, ch\u1eb3ng h\u1ea1n nh\u01b0 t\u1ebf b\u00e0o B ng\u01b0\u1eddi, b\u1ea1ch c\u1ea7u \u0111\u01a1n nh\u00e2n ng\u01b0\u1eddi, v\u00e0 t\u1ebf b\u00e0o T chu\u1ed9t.<\/li>\n<\/ul>\n<h3><strong>H\u1ed7 tr\u1ee3 hai quy tr\u00ecnh chuy\u1ec3n gen:<\/strong><\/h3>\n<ul>\n<li><strong>Quy tr\u00ecnh chuy\u1ec3n gen c\u1ee7a CellPore\u2122 Transfection Kit 300<\/strong>: \u0110\u01a1n gi\u1ea3n h\u00f3a vi\u1ec7c t\u1ed1i \u01b0u h\u00f3a hi\u1ec7u qu\u1ea3 chuy\u1ec3n n\u1ea1p v\u00e0 duy tr\u00ec kh\u1ea3 n\u0103ng s\u1ed1ng c\u1ee7a t\u1ebf b\u00e0o b\u1eb1ng c\u00e1ch x\u00e1c \u0111\u1ecbnh m\u1ee9c \u00e1p l\u1ef1c t\u1ed1i \u01b0u. B\u1ed9 h\u01b0\u1edbng d\u1eabn chi ti\u1ebft \u0111i k\u00e8m gi\u00fap b\u1ea1n th\u1ef1c hi\u1ec7n c\u00e1c th\u00ed nghi\u1ec7m t\u1ed1i \u01b0u h\u00f3a ph\u00f9 h\u1ee3p v\u1edbi nhu c\u1ea7u c\u1ee5 th\u1ec3.<\/li>\n<li><strong>Quy tr\u00ecnh CRISPR-Cas9<\/strong>: \u0110\u01b0\u1ee3c x\u00e1c th\u1ef1c \u0111\u1ec3 ch\u1ec9nh s\u1eeda gen tr\u00ean t\u1ebf b\u00e0o T to\u00e0n ph\u1ea7n nguy\u00ean ph\u00e1t ch\u01b0a k\u00edch ho\u1ea1t c\u1ee7a ng\u01b0\u1eddi, \u0111\u1ea3m b\u1ea3o hi\u1ec7u su\u1ea5t \u0111\u00e1ng tin c\u1eady cho \u1ee9ng d\u1ee5ng n\u00e0y.<\/li>\n<\/ul>\n<p style=\"text-align: center;\"><img fetchpriority=\"high\" decoding=\"async\" src=\"https:\/\/biogroupvietnam.com\/uploads\/L3U28oEG9LVU8TiibgbbwoAbePvOmFkBuQmpDXSZ.png\" alt=\"\" width=\"295\" height=\"221\" \/><\/p>\n<h3><strong>Th\u00f4ng s\u1ed1 k\u1ef9 thu\u1eadt c\u1ee7a Cartridge (d\u00f9ng m\u1ed9t l\u1ea7n)<\/strong><\/h3>\n<p>C\u00e1c <strong>Cartridge Chuy\u1ec3n N\u1ea1p CellPore\u2122<\/strong> h\u1ed7 tr\u1ee3 th\u1ec3 t\u00edch m\u1eabu t\u1eeb <strong>20 &#8211; 200 \u00b5L<\/strong>.<\/p>\n<p><i>Vui l\u00f2ng tham kh\u1ea3o T\u1edd Th\u00f4ng Tin S\u1ea3n Ph\u1ea9m c\u1ee7a b\u1ed9 kit t\u01b0\u01a1ng \u1ee9ng \u0111\u1ec3 bi\u1ebft khuy\u1ebfn ngh\u1ecb c\u1ee5 th\u1ec3 v\u1ec1 th\u1ec3 t\u00edch m\u1eabu ph\u00f9 h\u1ee3p v\u1edbi \u1ee9ng d\u1ee5ng c\u1ee7a b\u1ea1n.<\/i><\/p>\n<p>M\u1ed7i Cartridge d\u00f9ng m\u1ed9t l\u1ea7n bao g\u1ed3m hai th\u00e0nh ph\u1ea7n ch\u00ednh:<\/p>\n<ol>\n<li>M\u1ed9t l\u00f5i cartridge (cartridge insert)<\/li>\n<li>M\u1ed9t \u1ed1ng thu m\u1eabu (Collection tube)<\/li>\n<\/ol>\n<p><strong>Th\u00e0nh ph\u1ea7n b\u1ed9 kit: CellPore\u2122 Transfection Kit 300 (Catalog #100-1020) bao g\u1ed3m:<\/strong><\/p>\n<ul>\n<li><strong>CellPore\u2122 Delivery Cartridges 300 (Catalog #100-0998): <\/strong>D\u00e0nh cho c\u00e1c th\u1ec3 t\u00edch ph\u1ea3n \u1ee9ng t\u1eeb 20 &#8211; 200 \u03bcL.<\/li>\n<li><strong>CellPore\u2122<\/strong> <strong>Delivery Medium<\/strong> <strong>(Catalog #100-1023), 2,5 mL x 2 \u1ed1ng: <\/strong>T\u1ed1i \u01b0u h\u00f3a cho vi\u1ec7c chuy\u1ec3n v\u1eadt li\u1ec7u v\u00e0 duy tr\u00ec kh\u1ea3 n\u0103ng s\u1ed1ng cao c\u1ee7a t\u1ebf b\u00e0o.<\/li>\n<li><strong>CellPore\u2122 FITC-Dextran (Catalog #100-1024), \u1ed1ng 0,15 mL<\/strong>: D\u00f9ng l\u00e0m m\u1eabu ki\u1ec3m so\u00e1t d\u01b0\u01a1ng t\u00ednh.<\/li>\n<\/ul>\n<h3><strong>K\u1ebft qu\u1ea3 d\u1ef1 ki\u1ebfn:<\/strong><\/h3>\n<h3 style=\"text-align: center;\"><img decoding=\"async\" src=\"https:\/\/biogroupvietnam.com\/uploads\/E7KzcdIIytxzDLrqb3twye6CMojLbC6AY3RKpDD0.png\" alt=\"\" width=\"559\" height=\"479\" \/><\/h3>\n<p style=\"text-align: center;\"><strong>H\u00ecnh 1.<\/strong> T\u1ed1i \u01b0u h\u00f3a th\u00f4ng s\u1ed1 \u00e1p su\u1ea5t cho vi\u1ec7c chuy\u1ec3n CellPoreTM FITC-Dextran v\u00e0o t\u1ebf b\u00e0o s\u01a1 c\u1ea5p c\u1ee7a ng\u01b0\u1eddi: (A) t\u1ebf b\u00e0o T; (B) t\u1ebf b\u00e0o NK t\u1eeb leukopak, (C) T\u1ebf b\u00e0o g\u1ed1c v\u00e0 ti\u1ec1n th\u00e2n t\u1ea1o m\u00e1u CD34+ (HSPCs) \u0111\u01b0\u1ee3c t\u00e1ch t\u1eeb m\u00e1u cu\u1ed1ng r\u1ed1n \u0111\u00f4ng l\u1ea1nh c\u1ee7a ng\u01b0\u1eddi.<\/p>\n<p style=\"text-align: center;\"><img decoding=\"async\" src=\"https:\/\/biogroupvietnam.com\/uploads\/RzXPOcTjDyWLFew8BbY5FCcqo77zwQjvNcutEgM4.png\" alt=\"\" width=\"365\" height=\"259\" \/><\/p>\n<p><strong>H\u00ecnh 2.<\/strong> Chuy\u1ec3n gen mRNA mCherry v\u00e0o T\u1ebf b\u00e0o NK t\u1eeb M\u00e1u Ngo\u1ea1i Vi c\u1ee7a Ng\u01b0\u1eddi b\u1eb1ng H\u1ec7 th\u1ed1ng CellPore\u2122. K\u1ef9 thu\u1eadt n\u00e0y t\u1eadn d\u1ee5ng c\u00f4ng ngh\u1ec7 <strong>mechanoporation<\/strong> ti\u00ean ti\u1ebfn c\u1ee7a h\u1ec7 th\u1ed1ng CellPore\u2122, \u0111\u1ea3m b\u1ea3o hi\u1ec7u qu\u1ea3 chuy\u1ec3n n\u1ea1p cao v\u1edbi t\u1ef7 l\u1ec7 s\u1ed1ng c\u1ee7a t\u1ebf b\u00e0o \u0111\u01b0\u1ee3c duy tr\u00ec t\u1ed1i \u01b0u. Th\u00ed nghi\u1ec7m v\u1edbi mRNA mCherry minh h\u1ecda kh\u1ea3 n\u0103ng h\u1ec7 th\u1ed1ng trong vi\u1ec7c x\u1eed l\u00fd c\u00e1c lo\u1ea1i t\u1ebf b\u00e0o mi\u1ec5n d\u1ecbch kh\u00f3 chuy\u1ec3n n\u1ea1p v\u00e0 m\u1edf r\u1ed9ng kh\u1ea3 n\u0103ng \u1ee9ng d\u1ee5ng c\u1ee7a CellPore\u2122 trong l\u0129nh v\u1ef1c k\u1ef9 thu\u1eadt t\u1ebf b\u00e0o mi\u1ec5n d\u1ecbch.<\/p>\n<p style=\"text-align: center;\"><img loading=\"lazy\" decoding=\"async\" src=\"https:\/\/biogroupvietnam.com\/uploads\/zxSAMQIml9DZIeoHj3lHTgqAHELJ4NQZmzro8c71.png\" alt=\"\" width=\"546\" height=\"510\" \/><\/p>\n<p style=\"text-align: center;\"><strong>H\u00ecnh 3<\/strong>: H\u1ec7 th\u1ed1ng chuy\u1ec3n gen CellPore\u2122 c\u00f3 th\u1ec3 hi\u1ec7u qu\u1ea3 gi\u1ea3m bi\u1ec3u hi\u1ec7n gen trong t\u1ebf b\u00e0o T pan ch\u01b0a k\u00edch ho\u1ea1t \u1edf nhi\u1ec1u n\u1ed3ng \u0111\u1ed9 t\u1ebf b\u00e0o kh\u00e1c nhau.<\/p>\n<p style=\"text-align: center;\"><img loading=\"lazy\" decoding=\"async\" src=\"https:\/\/biogroupvietnam.com\/uploads\/L94XN9yTSdYcCJiplKzTyUNTVP5jKRr1HAbjTEq1.png\" alt=\"\" width=\"486\" height=\"428\" \/><\/p>\n<p style=\"text-align: center;\"><strong>H\u00ecnh 4<\/strong>. H\u1ec7 th\u1ed1ng chuy\u1ec3n gen CellPore\u2122 duy tr\u00ec tr\u1ea1ng th\u00e1i ch\u01b0a k\u00edch ho\u1ea1t c\u1ee7a t\u1ebf b\u00e0o T pan. K\u1ebft qu\u1ea3 n\u00e0y \u0111\u1eb7c bi\u1ec7t quan tr\u1ecdng \u0111\u1ed1i v\u1edbi c\u00e1c \u1ee9ng d\u1ee5ng nghi\u00ean c\u1ee9u v\u00e0 ch\u1ec9nh s\u1eeda gen, n\u01a1i tr\u1ea1ng th\u00e1i ch\u01b0a k\u00edch ho\u1ea1t c\u1ee7a t\u1ebf b\u00e0o T l\u00e0 \u0111i\u1ec1u ki\u1ec7n thi\u1ebft y\u1ebfu \u0111\u1ec3 \u0111\u1ea1t hi\u1ec7u qu\u1ea3 v\u00e0 t\u00ednh ch\u00ednh x\u00e1c cao.<\/p>\n","protected":false},"excerpt":{"rendered":"<p>Chuy\u1ec3n n\u1ea1p hi\u1ec7u qu\u1ea3 c\u00e1c v\u1eadt li\u1ec7u m\u1ee5c ti\u00eau v\u00e0o b\u00e0o t\u01b0\u01a1ng c\u1ee7a t\u1ebf b\u00e0o mi\u1ec5n d\u1ecbch ch\u01b0a k\u00edch ho\u1ea1t v\u00e0 t\u1ebf b\u00e0o g\u1ed1c t\u1ea1o m\u00e1u ng\u01b0\u1eddi b\u1eb1ng B\u1ed9 kit chuy\u1ec3n gen CellPore\u2122 Transfection Kit 300. T\u1ed5ng quan v\u1ec1 b\u1ed9 kit chuy\u1ec3n gen CellPore\u2122: \u0110\u01b0\u1ee3c thi\u1ebft k\u1ebf \u0111\u1ec3 s\u1eed d\u1ee5ng v\u1edbi H\u1ec7 th\u1ed1ng Chuy\u1ec3n N\u1ea1p<\/p>\n<div class=\"klb-readmore post-buttons\"><a class=\"button rounded primary\" href=\"https:\/\/biogroupvietnam.com\/vi\/san-pham\/bo-kit-chuyen-gen-cellpore-transfection-kit-300\/\">Read More <i class=\"klbth-icon-right-arrow\"><\/i><\/a><\/div>\n","protected":false},"featured_media":10133,"comment_status":"closed","ping_status":"closed","template":"","meta":{"_acf_changed":false},"product_brand":[127],"product_cat":[113],"product_tag":[],"class_list":{"0":"post-4026","1":"product","2":"type-product","3":"status-publish","4":"has-post-thumbnail","6":"product_brand-stemcell-technologies","7":"product_cat-mien-dich-hoc","9":"first","10":"outofstock","11":"shipping-taxable","12":"product-type-simple"},"acf":[],"yoast_head":"<!-- This site is optimized with the Yoast SEO plugin v26.8 - https:\/\/yoast.com\/product\/yoast-seo-wordpress\/ -->\n<title>B\u1ed9 Kit Chuy\u1ec3n Gen CellPore\u2122 Transfection Kit 300<\/title>\n<meta name=\"description\" content=\"Chuy\u1ec3n n\u1ea1p hi\u1ec7u qu\u1ea3 c\u00e1c v\u1eadt li\u1ec7u m\u1ee5c ti\u00eau v\u00e0o b\u00e0o t\u01b0\u01a1ng c\u1ee7a t\u1ebf b\u00e0o mi\u1ec5n d\u1ecbch ch\u01b0a k\u00edch ho\u1ea1t v\u00e0 t\u1ebf b\u00e0o g\u1ed1c t\u1ea1o m\u00e1u ng\u01b0\u1eddi b\u1eb1ng B\u1ed9 kit chuy\u1ec3n gen CellPore\u2122 Transfection Kit 300.\" \/>\n<meta name=\"robots\" content=\"index, follow, max-snippet:-1, max-image-preview:large, max-video-preview:-1\" \/>\n<link rel=\"canonical\" href=\"https:\/\/biogroupvietnam.com\/vi\/san-pham\/bo-kit-chuyen-gen-cellpore-transfection-kit-300\/\" \/>\n<meta property=\"og:locale\" content=\"vi_VN\" \/>\n<meta property=\"og:type\" content=\"article\" \/>\n<meta property=\"og:title\" content=\"B\u1ed9 Kit Chuy\u1ec3n Gen CellPore\u2122 Transfection Kit 300\" \/>\n<meta property=\"og:description\" content=\"Chuy\u1ec3n n\u1ea1p hi\u1ec7u qu\u1ea3 c\u00e1c v\u1eadt li\u1ec7u m\u1ee5c ti\u00eau v\u00e0o b\u00e0o t\u01b0\u01a1ng c\u1ee7a t\u1ebf b\u00e0o mi\u1ec5n d\u1ecbch ch\u01b0a k\u00edch ho\u1ea1t v\u00e0 t\u1ebf b\u00e0o g\u1ed1c t\u1ea1o m\u00e1u ng\u01b0\u1eddi b\u1eb1ng B\u1ed9 kit chuy\u1ec3n gen CellPore\u2122 Transfection Kit 300.\" \/>\n<meta property=\"og:url\" content=\"https:\/\/biogroupvietnam.com\/vi\/san-pham\/bo-kit-chuyen-gen-cellpore-transfection-kit-300\/\" \/>\n<meta property=\"og:site_name\" content=\"Biogroup Vietnam\" \/>\n<meta property=\"article:modified_time\" content=\"2026-04-02T03:51:19+00:00\" \/>\n<meta property=\"og:image\" content=\"https:\/\/biogroupvietnam.com\/wp-content\/uploads\/2025\/08\/bo-kit-chuyen-gen-cellpore-transfection-kit-300.jpg\" \/>\n\t<meta property=\"og:image:width\" content=\"1640\" \/>\n\t<meta property=\"og:image:height\" content=\"1260\" \/>\n\t<meta property=\"og:image:type\" content=\"image\/jpeg\" \/>\n<meta name=\"twitter:card\" content=\"summary_large_image\" \/>\n<meta name=\"twitter:label1\" content=\"\u01af\u1edbc t\u00ednh th\u1eddi gian \u0111\u1ecdc\" \/>\n\t<meta name=\"twitter:data1\" content=\"6 ph\u00fat\" \/>\n<script type=\"application\/ld+json\" class=\"yoast-schema-graph\">{\"@context\":\"https:\/\/schema.org\",\"@graph\":[{\"@type\":\"WebPage\",\"@id\":\"https:\/\/biogroupvietnam.com\/vi\/san-pham\/bo-kit-chuyen-gen-cellpore-transfection-kit-300\/\",\"url\":\"https:\/\/biogroupvietnam.com\/vi\/san-pham\/bo-kit-chuyen-gen-cellpore-transfection-kit-300\/\",\"name\":\"B\u1ed9 Kit Chuy\u1ec3n Gen CellPore\u2122 Transfection Kit 300\",\"isPartOf\":{\"@id\":\"https:\/\/biogroupvietnam.com\/vi\/#website\"},\"primaryImageOfPage\":{\"@id\":\"https:\/\/biogroupvietnam.com\/vi\/san-pham\/bo-kit-chuyen-gen-cellpore-transfection-kit-300\/#primaryimage\"},\"image\":{\"@id\":\"https:\/\/biogroupvietnam.com\/vi\/san-pham\/bo-kit-chuyen-gen-cellpore-transfection-kit-300\/#primaryimage\"},\"thumbnailUrl\":\"https:\/\/biogroupvietnam.com\/wp-content\/uploads\/2025\/08\/bo-kit-chuyen-gen-cellpore-transfection-kit-300.jpg\",\"datePublished\":\"2025-08-18T12:55:41+00:00\",\"dateModified\":\"2026-04-02T03:51:19+00:00\",\"description\":\"Chuy\u1ec3n n\u1ea1p hi\u1ec7u qu\u1ea3 c\u00e1c v\u1eadt li\u1ec7u m\u1ee5c ti\u00eau v\u00e0o b\u00e0o t\u01b0\u01a1ng c\u1ee7a t\u1ebf b\u00e0o mi\u1ec5n d\u1ecbch ch\u01b0a k\u00edch ho\u1ea1t v\u00e0 t\u1ebf b\u00e0o g\u1ed1c t\u1ea1o m\u00e1u ng\u01b0\u1eddi b\u1eb1ng B\u1ed9 kit chuy\u1ec3n gen CellPore\u2122 Transfection Kit 300.\",\"breadcrumb\":{\"@id\":\"https:\/\/biogroupvietnam.com\/vi\/san-pham\/bo-kit-chuyen-gen-cellpore-transfection-kit-300\/#breadcrumb\"},\"inLanguage\":\"vi\",\"potentialAction\":[{\"@type\":\"ReadAction\",\"target\":[\"https:\/\/biogroupvietnam.com\/vi\/san-pham\/bo-kit-chuyen-gen-cellpore-transfection-kit-300\/\"]}]},{\"@type\":\"ImageObject\",\"inLanguage\":\"vi\",\"@id\":\"https:\/\/biogroupvietnam.com\/vi\/san-pham\/bo-kit-chuyen-gen-cellpore-transfection-kit-300\/#primaryimage\",\"url\":\"https:\/\/biogroupvietnam.com\/wp-content\/uploads\/2025\/08\/bo-kit-chuyen-gen-cellpore-transfection-kit-300.jpg\",\"contentUrl\":\"https:\/\/biogroupvietnam.com\/wp-content\/uploads\/2025\/08\/bo-kit-chuyen-gen-cellpore-transfection-kit-300.jpg\",\"width\":1640,\"height\":1260,\"caption\":\"B\u1ed9 Kit Chuy\u1ec3n Gen CellPore\u2122 Transfection Kit 300\"},{\"@type\":\"BreadcrumbList\",\"@id\":\"https:\/\/biogroupvietnam.com\/vi\/san-pham\/bo-kit-chuyen-gen-cellpore-transfection-kit-300\/#breadcrumb\",\"itemListElement\":[{\"@type\":\"ListItem\",\"position\":1,\"name\":\"Trang ch\u1ee7\",\"item\":\"https:\/\/biogroupvietnam.com\/vi\/\"},{\"@type\":\"ListItem\",\"position\":2,\"name\":\"S\u1ea3n ph\u1ea9m\",\"item\":\"https:\/\/biogroupvietnam.com\/vi\/san-pham\/\"},{\"@type\":\"ListItem\",\"position\":3,\"name\":\"R&amp;D Sinh H\u1ecdc\",\"item\":\"https:\/\/biogroupvietnam.com\/vi\/danh-muc-san-pham\/rd-sinh-hoc\/\"},{\"@type\":\"ListItem\",\"position\":4,\"name\":\"Mi\u1ec5n D\u1ecbch H\u1ecdc\",\"item\":\"https:\/\/biogroupvietnam.com\/vi\/danh-muc-san-pham\/mien-dich-hoc\/\"},{\"@type\":\"ListItem\",\"position\":5,\"name\":\"B\u1ed9 Kit Chuy\u1ec3n Gen CellPore\u2122 Transfection Kit 300\"}]},{\"@type\":\"WebSite\",\"@id\":\"https:\/\/biogroupvietnam.com\/vi\/#website\",\"url\":\"https:\/\/biogroupvietnam.com\/vi\/\",\"name\":\"Biogroup Vietnam\",\"description\":\"Biogroup Vietnam cung c\u1ea5p d\u1ecbch v\u1ee5 k\u1ef9 thu\u1eadt c\u00f9ng thi\u1ebft b\u1ecb, v\u1eadt t\u01b0, h\u00f3a ch\u1ea5t v\u00e0 gi\u1ea3i ph\u00e1p sinh h\u1ecdc cho ph\u00f2ng th\u00ed nghi\u1ec7m c\u00f4ng ngh\u1ec7 sinh h\u1ecdc, y sinh v\u00e0 y h\u1ecdc t\u00e1i t\u1ea1o.\",\"potentialAction\":[{\"@type\":\"SearchAction\",\"target\":{\"@type\":\"EntryPoint\",\"urlTemplate\":\"https:\/\/biogroupvietnam.com\/vi\/?s={search_term_string}\"},\"query-input\":{\"@type\":\"PropertyValueSpecification\",\"valueRequired\":true,\"valueName\":\"search_term_string\"}}],\"inLanguage\":\"vi\"}]}<\/script>\n<!-- \/ Yoast SEO plugin. -->","yoast_head_json":{"title":"B\u1ed9 Kit Chuy\u1ec3n Gen CellPore\u2122 Transfection Kit 300","description":"Chuy\u1ec3n n\u1ea1p hi\u1ec7u qu\u1ea3 c\u00e1c v\u1eadt li\u1ec7u m\u1ee5c ti\u00eau v\u00e0o b\u00e0o t\u01b0\u01a1ng c\u1ee7a t\u1ebf b\u00e0o mi\u1ec5n d\u1ecbch ch\u01b0a k\u00edch ho\u1ea1t v\u00e0 t\u1ebf b\u00e0o g\u1ed1c t\u1ea1o m\u00e1u ng\u01b0\u1eddi b\u1eb1ng B\u1ed9 kit chuy\u1ec3n gen CellPore\u2122 Transfection Kit 300.","robots":{"index":"index","follow":"follow","max-snippet":"max-snippet:-1","max-image-preview":"max-image-preview:large","max-video-preview":"max-video-preview:-1"},"canonical":"https:\/\/biogroupvietnam.com\/vi\/san-pham\/bo-kit-chuyen-gen-cellpore-transfection-kit-300\/","og_locale":"vi_VN","og_type":"article","og_title":"B\u1ed9 Kit Chuy\u1ec3n Gen CellPore\u2122 Transfection Kit 300","og_description":"Chuy\u1ec3n n\u1ea1p hi\u1ec7u qu\u1ea3 c\u00e1c v\u1eadt li\u1ec7u m\u1ee5c ti\u00eau v\u00e0o b\u00e0o t\u01b0\u01a1ng c\u1ee7a t\u1ebf b\u00e0o mi\u1ec5n d\u1ecbch ch\u01b0a k\u00edch ho\u1ea1t v\u00e0 t\u1ebf b\u00e0o g\u1ed1c t\u1ea1o m\u00e1u ng\u01b0\u1eddi b\u1eb1ng B\u1ed9 kit chuy\u1ec3n gen CellPore\u2122 Transfection Kit 300.","og_url":"https:\/\/biogroupvietnam.com\/vi\/san-pham\/bo-kit-chuyen-gen-cellpore-transfection-kit-300\/","og_site_name":"Biogroup Vietnam","article_modified_time":"2026-04-02T03:51:19+00:00","og_image":[{"width":1640,"height":1260,"url":"https:\/\/biogroupvietnam.com\/wp-content\/uploads\/2025\/08\/bo-kit-chuyen-gen-cellpore-transfection-kit-300.jpg","type":"image\/jpeg"}],"twitter_card":"summary_large_image","twitter_misc":{"\u01af\u1edbc t\u00ednh th\u1eddi gian \u0111\u1ecdc":"6 ph\u00fat"},"schema":{"@context":"https:\/\/schema.org","@graph":[{"@type":"WebPage","@id":"https:\/\/biogroupvietnam.com\/vi\/san-pham\/bo-kit-chuyen-gen-cellpore-transfection-kit-300\/","url":"https:\/\/biogroupvietnam.com\/vi\/san-pham\/bo-kit-chuyen-gen-cellpore-transfection-kit-300\/","name":"B\u1ed9 Kit Chuy\u1ec3n Gen CellPore\u2122 Transfection Kit 300","isPartOf":{"@id":"https:\/\/biogroupvietnam.com\/vi\/#website"},"primaryImageOfPage":{"@id":"https:\/\/biogroupvietnam.com\/vi\/san-pham\/bo-kit-chuyen-gen-cellpore-transfection-kit-300\/#primaryimage"},"image":{"@id":"https:\/\/biogroupvietnam.com\/vi\/san-pham\/bo-kit-chuyen-gen-cellpore-transfection-kit-300\/#primaryimage"},"thumbnailUrl":"https:\/\/biogroupvietnam.com\/wp-content\/uploads\/2025\/08\/bo-kit-chuyen-gen-cellpore-transfection-kit-300.jpg","datePublished":"2025-08-18T12:55:41+00:00","dateModified":"2026-04-02T03:51:19+00:00","description":"Chuy\u1ec3n n\u1ea1p hi\u1ec7u qu\u1ea3 c\u00e1c v\u1eadt li\u1ec7u m\u1ee5c ti\u00eau v\u00e0o b\u00e0o t\u01b0\u01a1ng c\u1ee7a t\u1ebf b\u00e0o mi\u1ec5n d\u1ecbch ch\u01b0a k\u00edch ho\u1ea1t v\u00e0 t\u1ebf b\u00e0o g\u1ed1c t\u1ea1o m\u00e1u ng\u01b0\u1eddi b\u1eb1ng B\u1ed9 kit chuy\u1ec3n gen CellPore\u2122 Transfection Kit 300.","breadcrumb":{"@id":"https:\/\/biogroupvietnam.com\/vi\/san-pham\/bo-kit-chuyen-gen-cellpore-transfection-kit-300\/#breadcrumb"},"inLanguage":"vi","potentialAction":[{"@type":"ReadAction","target":["https:\/\/biogroupvietnam.com\/vi\/san-pham\/bo-kit-chuyen-gen-cellpore-transfection-kit-300\/"]}]},{"@type":"ImageObject","inLanguage":"vi","@id":"https:\/\/biogroupvietnam.com\/vi\/san-pham\/bo-kit-chuyen-gen-cellpore-transfection-kit-300\/#primaryimage","url":"https:\/\/biogroupvietnam.com\/wp-content\/uploads\/2025\/08\/bo-kit-chuyen-gen-cellpore-transfection-kit-300.jpg","contentUrl":"https:\/\/biogroupvietnam.com\/wp-content\/uploads\/2025\/08\/bo-kit-chuyen-gen-cellpore-transfection-kit-300.jpg","width":1640,"height":1260,"caption":"B\u1ed9 Kit Chuy\u1ec3n Gen CellPore\u2122 Transfection Kit 300"},{"@type":"BreadcrumbList","@id":"https:\/\/biogroupvietnam.com\/vi\/san-pham\/bo-kit-chuyen-gen-cellpore-transfection-kit-300\/#breadcrumb","itemListElement":[{"@type":"ListItem","position":1,"name":"Trang ch\u1ee7","item":"https:\/\/biogroupvietnam.com\/vi\/"},{"@type":"ListItem","position":2,"name":"S\u1ea3n ph\u1ea9m","item":"https:\/\/biogroupvietnam.com\/vi\/san-pham\/"},{"@type":"ListItem","position":3,"name":"R&amp;D Sinh H\u1ecdc","item":"https:\/\/biogroupvietnam.com\/vi\/danh-muc-san-pham\/rd-sinh-hoc\/"},{"@type":"ListItem","position":4,"name":"Mi\u1ec5n D\u1ecbch H\u1ecdc","item":"https:\/\/biogroupvietnam.com\/vi\/danh-muc-san-pham\/mien-dich-hoc\/"},{"@type":"ListItem","position":5,"name":"B\u1ed9 Kit Chuy\u1ec3n Gen CellPore\u2122 Transfection Kit 300"}]},{"@type":"WebSite","@id":"https:\/\/biogroupvietnam.com\/vi\/#website","url":"https:\/\/biogroupvietnam.com\/vi\/","name":"Biogroup Vietnam","description":"Biogroup Vietnam cung c\u1ea5p d\u1ecbch v\u1ee5 k\u1ef9 thu\u1eadt c\u00f9ng thi\u1ebft b\u1ecb, v\u1eadt t\u01b0, h\u00f3a ch\u1ea5t v\u00e0 gi\u1ea3i ph\u00e1p sinh h\u1ecdc cho ph\u00f2ng th\u00ed nghi\u1ec7m c\u00f4ng ngh\u1ec7 sinh h\u1ecdc, y sinh v\u00e0 y h\u1ecdc t\u00e1i t\u1ea1o.","potentialAction":[{"@type":"SearchAction","target":{"@type":"EntryPoint","urlTemplate":"https:\/\/biogroupvietnam.com\/vi\/?s={search_term_string}"},"query-input":{"@type":"PropertyValueSpecification","valueRequired":true,"valueName":"search_term_string"}}],"inLanguage":"vi"}]}},"_links":{"self":[{"href":"https:\/\/biogroupvietnam.com\/vi\/wp-json\/wp\/v2\/product\/4026","targetHints":{"allow":["GET"]}}],"collection":[{"href":"https:\/\/biogroupvietnam.com\/vi\/wp-json\/wp\/v2\/product"}],"about":[{"href":"https:\/\/biogroupvietnam.com\/vi\/wp-json\/wp\/v2\/types\/product"}],"replies":[{"embeddable":true,"href":"https:\/\/biogroupvietnam.com\/vi\/wp-json\/wp\/v2\/comments?post=4026"}],"version-history":[{"count":4,"href":"https:\/\/biogroupvietnam.com\/vi\/wp-json\/wp\/v2\/product\/4026\/revisions"}],"predecessor-version":[{"id":10135,"href":"https:\/\/biogroupvietnam.com\/vi\/wp-json\/wp\/v2\/product\/4026\/revisions\/10135"}],"wp:featuredmedia":[{"embeddable":true,"href":"https:\/\/biogroupvietnam.com\/vi\/wp-json\/wp\/v2\/media\/10133"}],"wp:attachment":[{"href":"https:\/\/biogroupvietnam.com\/vi\/wp-json\/wp\/v2\/media?parent=4026"}],"wp:term":[{"taxonomy":"product_brand","embeddable":true,"href":"https:\/\/biogroupvietnam.com\/vi\/wp-json\/wp\/v2\/product_brand?post=4026"},{"taxonomy":"product_cat","embeddable":true,"href":"https:\/\/biogroupvietnam.com\/vi\/wp-json\/wp\/v2\/product_cat?post=4026"},{"taxonomy":"product_tag","embeddable":true,"href":"https:\/\/biogroupvietnam.com\/vi\/wp-json\/wp\/v2\/product_tag?post=4026"}],"curies":[{"name":"wp","href":"https:\/\/api.w.org\/{rel}","templated":true}]}}