{"id":4028,"date":"2025-08-18T19:55:42","date_gmt":"2025-08-18T12:55:42","guid":{"rendered":"http:\/\/biogroupvietnam-worldpress.local\/product\/import-placeholder-for-236\/"},"modified":"2025-09-29T15:09:12","modified_gmt":"2025-09-29T08:09:12","slug":"may-ly-tam-de-ban-hettich-rotofix-32a","status":"publish","type":"product","link":"https:\/\/biogroupvietnam.com\/vi\/san-pham\/may-ly-tam-de-ban-hettich-rotofix-32a\/","title":{"rendered":"M\u00e1y Ly T\u00e2m \u0110\u1ec3 B\u00e0n Hettich ROTOFIX 32A"},"content":{"rendered":"<h2>ROTOFIX 32 A l\u00e0 m\u00e1y ly t\u00e2m ch\u1eafc ch\u1eafn, linh ho\u1ea1t d\u00e0nh cho c\u00e1c c\u00f4ng vi\u1ec7c th\u00f4ng th\u01b0\u1eddng trong b\u1ec7nh vi\u1ec7n ho\u1eb7c ph\u00f2ng th\u00ed nghi\u1ec7m nh\u1ecf.<\/h2>\n<h3><strong>\u0110\u1eb7c \u0111i\u1ec3m n\u1ed5i b\u1eadt c\u1ee7a m\u00e1y ly t\u00e2m ROTOFIX 32A:<\/strong><\/h3>\n<p>+ Ti\u1ebft ki\u1ec7m kh\u00f4ng gian: K\u00edch th\u01b0\u1edbc nh\u1ecf g\u1ecdn, chi\u1ebfm kh\u00f4ng gian t\u1ed1i thi\u1ec3u v\u1edbi chi\u1ec1u r\u1ed9ng ch\u1ec9 366 mm<\/p>\n<p>+ Ly t\u00e2m hi\u1ec7u qu\u1ea3: Kh\u1ea3 n\u0103ng ly t\u00e2m l\u00ean t\u1edbi 6 x 94 ml, 40 \u1ed1ng l\u1ea5y m\u00e1u ho\u1eb7c 8 \u1ed1ng falcon 50 ml v\u1edbi giao di\u1ec7n \u0111\u01a1n gi\u1ea3n.<\/p>\n<p>+ V\u1eadn h\u00e0nh \u00eam: \u0110\u1ed9 \u1ed3n t\u1ed1i \u0111a khi ho\u1ea1t \u0111\u1ed9ng th\u1ea5p, kho\u1ea3ng 52 dB(A) v\u1edbi d\u00f2ng rotor 1628<\/p>\n<p>+ V\u1ec7 sinh bu\u1ed3ng ly t\u00e2m d\u1ec5 d\u00e0ng: Bu\u1ed3ng ly t\u00e2m \u0111\u01b0\u1ee3c l\u00e0m b\u1eb1ng th\u00e9p kh\u00f4ng g\u1ec9 c\u00f3 c\u1ea5p y t\u1ebf.<\/p>\n<p>+ An to\u00e0n: N\u1eafp t\u1ef1 \u0111\u00f3ng, kh\u00f3a t\u1ef1 \u0111\u1ed9ng b\u1eb1ng ch\u1ed1t th\u00e9p. V\u1ecb tr\u00ed m\u1edf n\u1eafp v\u00e0 b\u1ea3ng \u0111i\u1ec1u khi\u1ec3n \u0111\u01b0\u1ee3c thi\u1ebft k\u1ebf gi\u00fap ng\u01b0\u1eddi s\u1eed d\u1ee5ng d\u1ec5 thao t\u00e1c.<\/p>\n<p>+ Rotor thi\u1ebft k\u00ea \u0111\u1ed9c \u0111\u00e1o: Rotor t\u01b0\u01a1ng th\u00edch v\u1edbi h\u1ea7u h\u1ebft c\u00e1c h\u1ec7 th\u1ed1ng ph\u1ec5u\/tr\u01b0\u1ee3t hi\u1ec7n c\u00f3 v\u00e0 c\u00f3 n\u1eafp b\u1ea3o v\u1ec7 an to\u00e0n sinh h\u1ecdc.<\/p>\n<h3><strong>T\u00ednh n\u0103ng k\u1ef9 thu\u1eadt c\u1ee7a m\u00e1y ly t\u00e2m ROTOFIX 32A:<\/strong><\/h3>\n<p>&#8211; T\u1ed1c \u0111\u1ed9 v\u00f2ng quay (RPM): 500 \u2013 6.000 v\u00f2ng\/ph\u00fat. \u0110i\u1ec1u ch\u1ec9nh v\u1edbi b\u01b0\u1edbc nh\u1ea3y 100<\/p>\n<p>&#8211; L\u1ef1 ly t\u00e2m t\u1ed1i \u0111a (RCF): 4.226.<\/p>\n<p>&#8211; Dung t\u00edch ly t\u00e2m t\u1ed1i \u0111a: 4 x 100 ml \/ 6 x 94 ml<\/p>\n<p>&#8211; L\u1ef1a ch\u1ecdn 9 rotor kh\u00e1c nhau<\/p>\n<p>&#8211; Thao t\u00e1c d\u1ec5 d\u00e0ng m\u1edbi n\u00fam v\u1eb7n \u0111i\u1ec1u ch\u1ec9nh<\/p>\n<p>&#8211; N\u00fat k\u00edch ho\u1ea1t cho qu\u00e1 tr\u00ecnh ly t\u00e2m ng\u1eafn v\u00e0 ch\u01b0\u01a1ng tr\u00ecnh cho ch\u1ebf \u0111\u1ed9 chu tr\u00ecnh ng\u1eafn<\/p>\n<p>&#8211; L\u01b0u tr\u1eef 9 ch\u01b0\u01a1ng tr\u00ecnh<\/p>\n<p>&#8211; 02 giai \u0111o\u1ea1n gi\u1ea3m t\u1ed1c \u0111\u1ed9c l\u1eadp<\/p>\n<p>&#8211; V\u1ecf v\u00e0 n\u1eafp m\u00e1y b\u1eb1ng kim lo\u1ea1i<\/p>\n<p>&#8211; Tr\u00ean n\u1eafp m\u00e1y c\u00f3 c\u1ed5ng quan s\u00e1t<\/p>\n<p>&#8211; Kh\u00f3a n\u1eafp m\u1ed9t tay b\u1eb1ng \u0111\u1ed9ng c\u01a1<\/p>\n<p>&#8211; C\u01a1 ch\u1ebf b\u1ea3o v\u1ec7 ch\u1ed1ng r\u01a1i n\u1eafp<\/p>\n<p>&#8211; C\u00f3 th\u1ec3 m\u1edf kh\u00f3a n\u1eafp trong tr\u01b0\u1eddng h\u1ee3p kh\u1ea9n c\u1ea5p<\/p>\n<p>&#8211; Bu\u1ed3ng ly t\u00e2m b\u1eb1ng th\u00e9p kh\u00f4ng g\u1ec9<\/p>\n<p>&#8211; Nh\u1eadn di\u1ec7n rotor t\u1ef1 \u0111\u1ed9ng<\/p>\n<p>&#8211; \u0110\u1ed9ng c\u01a1 kh\u00f4ng ch\u1ed5i than<\/p>\n<p>&#8211; Hi\u1ec3n th\u1ecb l\u1ed7i tr\u00ean m\u00e0n h\u00ecnh<\/p>\n<p>&#8211; T\u1ef1 ng\u1eaft \u0111\u1ed9ng c\u01a1 khi m\u1ea5t c\u00e2n b\u1eb1ng<\/p>\n<p>&#8211; Th\u00f4ng b\u00e1o \u00e2m thanh sau khi ho\u00e0n t\u1ea5t qu\u00e1 tr\u00ecnh ly t\u00e2m<\/p>\n<p>&#8211; B\u1ea3ng \u0111i\u1ec1u khi\u1ec3n c\u00f3 \u0111\u00e8n n\u1ec1n hi\u1ec3n th\u1ecb c\u00e1c th\u00f4ng s\u1ed1 th\u1eddi gian th\u1ef1c&nbsp;<\/p>\n<h3><strong>Th\u00f4ng s\u1ed1 k\u1ef9 thu\u1eadt c\u1ee7a m\u00e1y ly t\u00e2m ROTOFIX 32A:<\/strong><\/h3>\n<p>&#8211; \u0110i\u1ec7n \u00e1p: 208 \u2013 240 V 1 ~ 50-60Hz<\/p>\n<p>&#8211; C\u00f4ng su\u1ea5t: 300 VA&nbsp;<\/p>\n<p>&#8211; Ph\u00e1t x\u1ea1, mi\u1ec5n nhi\u1ec5m: EN \/ IEC 61326-1, class B<\/p>\n<p>&#8211; T\u1ed1c \u0111\u1ed9 ly t\u00e2m t\u1ed1i \u0111a: 6.000 (RPM)<\/p>\n<p>&#8211; L\u1ef1c ly t\u00e2m t\u1ed1i \u0111a: 4.226 (RCF)<\/p>\n<p>&#8211; Th\u1eddi gian ch\u1ea1y: 1- 99 gi\u1edd 59 ph\u00fat 59 gi\u00e2y, ch\u1ea1y li\u00ean t\u1ee5c ho\u1eb7c ch\u1ebf \u0111\u1ed9 chu k\u1ef3 ng\u1eafn&nbsp;<\/p>\n<p>&#8211; K\u00edch th\u01b0\u1edbc (WxDxH): 366 x 430 x 257 mm&nbsp;<\/p>\n<p>&#8211; C\u00e2n n\u1eb7ng kho\u1ea3ng 23 kg<\/p>\n","protected":false},"excerpt":{"rendered":"<p>ROTOFIX 32 A l\u00e0 m\u00e1y ly t\u00e2m ch\u1eafc ch\u1eafn, linh ho\u1ea1t d\u00e0nh cho c\u00e1c c\u00f4ng vi\u1ec7c th\u00f4ng th\u01b0\u1eddng trong b\u1ec7nh vi\u1ec7n ho\u1eb7c ph\u00f2ng th\u00ed nghi\u1ec7m nh\u1ecf. \u0110\u1eb7c \u0111i\u1ec3m n\u1ed5i b\u1eadt c\u1ee7a m\u00e1y ly t\u00e2m ROTOFIX 32A: + Ti\u1ebft ki\u1ec7m kh\u00f4ng gian: K\u00edch th\u01b0\u1edbc nh\u1ecf g\u1ecdn, chi\u1ebfm kh\u00f4ng gian t\u1ed1i thi\u1ec3u v\u1edbi chi\u1ec1u r\u1ed9ng ch\u1ec9 366<\/p>\n<div class=\"klb-readmore post-buttons\"><a class=\"button rounded primary\" href=\"https:\/\/biogroupvietnam.com\/vi\/san-pham\/may-ly-tam-de-ban-hettich-rotofix-32a\/\">Read More <i class=\"klbth-icon-right-arrow\"><\/i><\/a><\/div>\n","protected":false},"featured_media":5571,"comment_status":"closed","ping_status":"closed","template":"","meta":{"_acf_changed":false},"product_brand":[130],"product_cat":[122],"product_tag":[],"class_list":{"0":"post-4028","1":"product","2":"type-product","3":"status-publish","4":"has-post-thumbnail","6":"product_brand-andreas-hettich","7":"product_cat-may-ly-tam","9":"first","10":"outofstock","11":"shipping-taxable","12":"product-type-simple"},"acf":[],"yoast_head":"<!-- This site is optimized with the Yoast SEO plugin v26.8 - https:\/\/yoast.com\/product\/yoast-seo-wordpress\/ -->\n<title>M\u00e1y Ly T\u00e2m \u0110\u1ec3 B\u00e0n Hettich ROTOFIX 32A<\/title>\n<meta name=\"description\" content=\"ROTOFIX 32 A l\u00e0 m\u00e1y ly t\u00e2m ch\u1eafc ch\u1eafn, linh ho\u1ea1t d\u00e0nh cho c\u00e1c c\u00f4ng vi\u1ec7c th\u00f4ng th\u01b0\u1eddng trong b\u1ec7nh vi\u1ec7n ho\u1eb7c ph\u00f2ng th\u00ed nghi\u1ec7m nh\u1ecf.\" \/>\n<meta name=\"robots\" content=\"index, follow, max-snippet:-1, max-image-preview:large, max-video-preview:-1\" \/>\n<link rel=\"canonical\" href=\"https:\/\/biogroupvietnam.com\/vi\/san-pham\/may-ly-tam-de-ban-hettich-rotofix-32a\/\" \/>\n<meta property=\"og:locale\" content=\"vi_VN\" \/>\n<meta property=\"og:type\" content=\"article\" \/>\n<meta property=\"og:title\" content=\"M\u00e1y Ly T\u00e2m \u0110\u1ec3 B\u00e0n Hettich ROTOFIX 32A\" \/>\n<meta property=\"og:description\" content=\"ROTOFIX 32 A l\u00e0 m\u00e1y ly t\u00e2m ch\u1eafc ch\u1eafn, linh ho\u1ea1t d\u00e0nh cho c\u00e1c c\u00f4ng vi\u1ec7c th\u00f4ng th\u01b0\u1eddng trong b\u1ec7nh vi\u1ec7n ho\u1eb7c ph\u00f2ng th\u00ed nghi\u1ec7m nh\u1ecf.\" \/>\n<meta property=\"og:url\" content=\"https:\/\/biogroupvietnam.com\/vi\/san-pham\/may-ly-tam-de-ban-hettich-rotofix-32a\/\" \/>\n<meta property=\"og:site_name\" content=\"Biogroup Vietnam\" \/>\n<meta property=\"article:modified_time\" content=\"2025-09-29T08:09:12+00:00\" \/>\n<meta property=\"og:image\" content=\"https:\/\/biogroupvietnam.com\/wp-content\/uploads\/2025\/08\/rotofix2032a202.jpg\" \/>\n\t<meta property=\"og:image:width\" content=\"1600\" \/>\n\t<meta property=\"og:image:height\" content=\"1229\" \/>\n\t<meta property=\"og:image:type\" content=\"image\/jpeg\" \/>\n<meta name=\"twitter:card\" content=\"summary_large_image\" \/>\n<meta name=\"twitter:label1\" content=\"\u01af\u1edbc t\u00ednh th\u1eddi gian \u0111\u1ecdc\" \/>\n\t<meta name=\"twitter:data1\" content=\"1 ph\u00fat\" \/>\n<script type=\"application\/ld+json\" class=\"yoast-schema-graph\">{\"@context\":\"https:\/\/schema.org\",\"@graph\":[{\"@type\":\"WebPage\",\"@id\":\"https:\/\/biogroupvietnam.com\/vi\/san-pham\/may-ly-tam-de-ban-hettich-rotofix-32a\/\",\"url\":\"https:\/\/biogroupvietnam.com\/vi\/san-pham\/may-ly-tam-de-ban-hettich-rotofix-32a\/\",\"name\":\"M\u00e1y Ly T\u00e2m \u0110\u1ec3 B\u00e0n Hettich ROTOFIX 32A\",\"isPartOf\":{\"@id\":\"https:\/\/biogroupvietnam.com\/vi\/#website\"},\"primaryImageOfPage\":{\"@id\":\"https:\/\/biogroupvietnam.com\/vi\/san-pham\/may-ly-tam-de-ban-hettich-rotofix-32a\/#primaryimage\"},\"image\":{\"@id\":\"https:\/\/biogroupvietnam.com\/vi\/san-pham\/may-ly-tam-de-ban-hettich-rotofix-32a\/#primaryimage\"},\"thumbnailUrl\":\"https:\/\/biogroupvietnam.com\/wp-content\/uploads\/2025\/08\/rotofix2032a202.jpg\",\"datePublished\":\"2025-08-18T12:55:42+00:00\",\"dateModified\":\"2025-09-29T08:09:12+00:00\",\"description\":\"ROTOFIX 32 A l\u00e0 m\u00e1y ly t\u00e2m ch\u1eafc ch\u1eafn, linh ho\u1ea1t d\u00e0nh cho c\u00e1c c\u00f4ng vi\u1ec7c th\u00f4ng th\u01b0\u1eddng trong b\u1ec7nh vi\u1ec7n ho\u1eb7c ph\u00f2ng th\u00ed nghi\u1ec7m nh\u1ecf.\",\"breadcrumb\":{\"@id\":\"https:\/\/biogroupvietnam.com\/vi\/san-pham\/may-ly-tam-de-ban-hettich-rotofix-32a\/#breadcrumb\"},\"inLanguage\":\"vi\",\"potentialAction\":[{\"@type\":\"ReadAction\",\"target\":[\"https:\/\/biogroupvietnam.com\/vi\/san-pham\/may-ly-tam-de-ban-hettich-rotofix-32a\/\"]}]},{\"@type\":\"ImageObject\",\"inLanguage\":\"vi\",\"@id\":\"https:\/\/biogroupvietnam.com\/vi\/san-pham\/may-ly-tam-de-ban-hettich-rotofix-32a\/#primaryimage\",\"url\":\"https:\/\/biogroupvietnam.com\/wp-content\/uploads\/2025\/08\/rotofix2032a202.jpg\",\"contentUrl\":\"https:\/\/biogroupvietnam.com\/wp-content\/uploads\/2025\/08\/rotofix2032a202.jpg\",\"width\":1600,\"height\":1229,\"caption\":\"\u00a0\"},{\"@type\":\"BreadcrumbList\",\"@id\":\"https:\/\/biogroupvietnam.com\/vi\/san-pham\/may-ly-tam-de-ban-hettich-rotofix-32a\/#breadcrumb\",\"itemListElement\":[{\"@type\":\"ListItem\",\"position\":1,\"name\":\"Trang ch\u1ee7\",\"item\":\"https:\/\/biogroupvietnam.com\/vi\/\"},{\"@type\":\"ListItem\",\"position\":2,\"name\":\"S\u1ea3n ph\u1ea9m\",\"item\":\"https:\/\/biogroupvietnam.com\/vi\/san-pham\/\"},{\"@type\":\"ListItem\",\"position\":3,\"name\":\"R&amp;D Sinh H\u1ecdc\",\"item\":\"https:\/\/biogroupvietnam.com\/vi\/danh-muc-san-pham\/rd-sinh-hoc\/\"},{\"@type\":\"ListItem\",\"position\":4,\"name\":\"M\u00e1y ly t\u00e2m\",\"item\":\"https:\/\/biogroupvietnam.com\/vi\/danh-muc-san-pham\/may-ly-tam\/\"},{\"@type\":\"ListItem\",\"position\":5,\"name\":\"M\u00e1y Ly T\u00e2m \u0110\u1ec3 B\u00e0n Hettich ROTOFIX 32A\"}]},{\"@type\":\"WebSite\",\"@id\":\"https:\/\/biogroupvietnam.com\/vi\/#website\",\"url\":\"https:\/\/biogroupvietnam.com\/vi\/\",\"name\":\"Biogroup Vietnam\",\"description\":\"Biogroup Vietnam cung c\u1ea5p d\u1ecbch v\u1ee5 k\u1ef9 thu\u1eadt c\u00f9ng thi\u1ebft b\u1ecb, v\u1eadt t\u01b0, h\u00f3a ch\u1ea5t v\u00e0 gi\u1ea3i ph\u00e1p sinh h\u1ecdc cho ph\u00f2ng th\u00ed nghi\u1ec7m c\u00f4ng ngh\u1ec7 sinh h\u1ecdc, y sinh v\u00e0 y h\u1ecdc t\u00e1i t\u1ea1o.\",\"potentialAction\":[{\"@type\":\"SearchAction\",\"target\":{\"@type\":\"EntryPoint\",\"urlTemplate\":\"https:\/\/biogroupvietnam.com\/vi\/?s={search_term_string}\"},\"query-input\":{\"@type\":\"PropertyValueSpecification\",\"valueRequired\":true,\"valueName\":\"search_term_string\"}}],\"inLanguage\":\"vi\"}]}<\/script>\n<!-- \/ Yoast SEO plugin. -->","yoast_head_json":{"title":"M\u00e1y Ly T\u00e2m \u0110\u1ec3 B\u00e0n Hettich ROTOFIX 32A","description":"ROTOFIX 32 A l\u00e0 m\u00e1y ly t\u00e2m ch\u1eafc ch\u1eafn, linh ho\u1ea1t d\u00e0nh cho c\u00e1c c\u00f4ng vi\u1ec7c th\u00f4ng th\u01b0\u1eddng trong b\u1ec7nh vi\u1ec7n ho\u1eb7c ph\u00f2ng th\u00ed nghi\u1ec7m nh\u1ecf.","robots":{"index":"index","follow":"follow","max-snippet":"max-snippet:-1","max-image-preview":"max-image-preview:large","max-video-preview":"max-video-preview:-1"},"canonical":"https:\/\/biogroupvietnam.com\/vi\/san-pham\/may-ly-tam-de-ban-hettich-rotofix-32a\/","og_locale":"vi_VN","og_type":"article","og_title":"M\u00e1y Ly T\u00e2m \u0110\u1ec3 B\u00e0n Hettich ROTOFIX 32A","og_description":"ROTOFIX 32 A l\u00e0 m\u00e1y ly t\u00e2m ch\u1eafc ch\u1eafn, linh ho\u1ea1t d\u00e0nh cho c\u00e1c c\u00f4ng vi\u1ec7c th\u00f4ng th\u01b0\u1eddng trong b\u1ec7nh vi\u1ec7n ho\u1eb7c ph\u00f2ng th\u00ed nghi\u1ec7m nh\u1ecf.","og_url":"https:\/\/biogroupvietnam.com\/vi\/san-pham\/may-ly-tam-de-ban-hettich-rotofix-32a\/","og_site_name":"Biogroup Vietnam","article_modified_time":"2025-09-29T08:09:12+00:00","og_image":[{"width":1600,"height":1229,"url":"https:\/\/biogroupvietnam.com\/wp-content\/uploads\/2025\/08\/rotofix2032a202.jpg","type":"image\/jpeg"}],"twitter_card":"summary_large_image","twitter_misc":{"\u01af\u1edbc t\u00ednh th\u1eddi gian \u0111\u1ecdc":"1 ph\u00fat"},"schema":{"@context":"https:\/\/schema.org","@graph":[{"@type":"WebPage","@id":"https:\/\/biogroupvietnam.com\/vi\/san-pham\/may-ly-tam-de-ban-hettich-rotofix-32a\/","url":"https:\/\/biogroupvietnam.com\/vi\/san-pham\/may-ly-tam-de-ban-hettich-rotofix-32a\/","name":"M\u00e1y Ly T\u00e2m \u0110\u1ec3 B\u00e0n Hettich ROTOFIX 32A","isPartOf":{"@id":"https:\/\/biogroupvietnam.com\/vi\/#website"},"primaryImageOfPage":{"@id":"https:\/\/biogroupvietnam.com\/vi\/san-pham\/may-ly-tam-de-ban-hettich-rotofix-32a\/#primaryimage"},"image":{"@id":"https:\/\/biogroupvietnam.com\/vi\/san-pham\/may-ly-tam-de-ban-hettich-rotofix-32a\/#primaryimage"},"thumbnailUrl":"https:\/\/biogroupvietnam.com\/wp-content\/uploads\/2025\/08\/rotofix2032a202.jpg","datePublished":"2025-08-18T12:55:42+00:00","dateModified":"2025-09-29T08:09:12+00:00","description":"ROTOFIX 32 A l\u00e0 m\u00e1y ly t\u00e2m ch\u1eafc ch\u1eafn, linh ho\u1ea1t d\u00e0nh cho c\u00e1c c\u00f4ng vi\u1ec7c th\u00f4ng th\u01b0\u1eddng trong b\u1ec7nh vi\u1ec7n ho\u1eb7c ph\u00f2ng th\u00ed nghi\u1ec7m nh\u1ecf.","breadcrumb":{"@id":"https:\/\/biogroupvietnam.com\/vi\/san-pham\/may-ly-tam-de-ban-hettich-rotofix-32a\/#breadcrumb"},"inLanguage":"vi","potentialAction":[{"@type":"ReadAction","target":["https:\/\/biogroupvietnam.com\/vi\/san-pham\/may-ly-tam-de-ban-hettich-rotofix-32a\/"]}]},{"@type":"ImageObject","inLanguage":"vi","@id":"https:\/\/biogroupvietnam.com\/vi\/san-pham\/may-ly-tam-de-ban-hettich-rotofix-32a\/#primaryimage","url":"https:\/\/biogroupvietnam.com\/wp-content\/uploads\/2025\/08\/rotofix2032a202.jpg","contentUrl":"https:\/\/biogroupvietnam.com\/wp-content\/uploads\/2025\/08\/rotofix2032a202.jpg","width":1600,"height":1229,"caption":"\u00a0"},{"@type":"BreadcrumbList","@id":"https:\/\/biogroupvietnam.com\/vi\/san-pham\/may-ly-tam-de-ban-hettich-rotofix-32a\/#breadcrumb","itemListElement":[{"@type":"ListItem","position":1,"name":"Trang ch\u1ee7","item":"https:\/\/biogroupvietnam.com\/vi\/"},{"@type":"ListItem","position":2,"name":"S\u1ea3n ph\u1ea9m","item":"https:\/\/biogroupvietnam.com\/vi\/san-pham\/"},{"@type":"ListItem","position":3,"name":"R&amp;D Sinh H\u1ecdc","item":"https:\/\/biogroupvietnam.com\/vi\/danh-muc-san-pham\/rd-sinh-hoc\/"},{"@type":"ListItem","position":4,"name":"M\u00e1y ly t\u00e2m","item":"https:\/\/biogroupvietnam.com\/vi\/danh-muc-san-pham\/may-ly-tam\/"},{"@type":"ListItem","position":5,"name":"M\u00e1y Ly T\u00e2m \u0110\u1ec3 B\u00e0n Hettich ROTOFIX 32A"}]},{"@type":"WebSite","@id":"https:\/\/biogroupvietnam.com\/vi\/#website","url":"https:\/\/biogroupvietnam.com\/vi\/","name":"Biogroup Vietnam","description":"Biogroup Vietnam cung c\u1ea5p d\u1ecbch v\u1ee5 k\u1ef9 thu\u1eadt c\u00f9ng thi\u1ebft b\u1ecb, v\u1eadt t\u01b0, h\u00f3a ch\u1ea5t v\u00e0 gi\u1ea3i ph\u00e1p sinh h\u1ecdc cho ph\u00f2ng th\u00ed nghi\u1ec7m c\u00f4ng ngh\u1ec7 sinh h\u1ecdc, y sinh v\u00e0 y h\u1ecdc t\u00e1i t\u1ea1o.","potentialAction":[{"@type":"SearchAction","target":{"@type":"EntryPoint","urlTemplate":"https:\/\/biogroupvietnam.com\/vi\/?s={search_term_string}"},"query-input":{"@type":"PropertyValueSpecification","valueRequired":true,"valueName":"search_term_string"}}],"inLanguage":"vi"}]}},"_links":{"self":[{"href":"https:\/\/biogroupvietnam.com\/vi\/wp-json\/wp\/v2\/product\/4028","targetHints":{"allow":["GET"]}}],"collection":[{"href":"https:\/\/biogroupvietnam.com\/vi\/wp-json\/wp\/v2\/product"}],"about":[{"href":"https:\/\/biogroupvietnam.com\/vi\/wp-json\/wp\/v2\/types\/product"}],"replies":[{"embeddable":true,"href":"https:\/\/biogroupvietnam.com\/vi\/wp-json\/wp\/v2\/comments?post=4028"}],"version-history":[{"count":3,"href":"https:\/\/biogroupvietnam.com\/vi\/wp-json\/wp\/v2\/product\/4028\/revisions"}],"predecessor-version":[{"id":8326,"href":"https:\/\/biogroupvietnam.com\/vi\/wp-json\/wp\/v2\/product\/4028\/revisions\/8326"}],"wp:featuredmedia":[{"embeddable":true,"href":"https:\/\/biogroupvietnam.com\/vi\/wp-json\/wp\/v2\/media\/5571"}],"wp:attachment":[{"href":"https:\/\/biogroupvietnam.com\/vi\/wp-json\/wp\/v2\/media?parent=4028"}],"wp:term":[{"taxonomy":"product_brand","embeddable":true,"href":"https:\/\/biogroupvietnam.com\/vi\/wp-json\/wp\/v2\/product_brand?post=4028"},{"taxonomy":"product_cat","embeddable":true,"href":"https:\/\/biogroupvietnam.com\/vi\/wp-json\/wp\/v2\/product_cat?post=4028"},{"taxonomy":"product_tag","embeddable":true,"href":"https:\/\/biogroupvietnam.com\/vi\/wp-json\/wp\/v2\/product_tag?post=4028"}],"curies":[{"name":"wp","href":"https:\/\/api.w.org\/{rel}","templated":true}]}}