{"id":4032,"date":"2025-08-18T19:55:44","date_gmt":"2025-08-18T12:55:44","guid":{"rendered":"http:\/\/biogroupvietnam-worldpress.local\/product\/import-placeholder-for-240\/"},"modified":"2026-04-02T10:35:28","modified_gmt":"2026-04-02T03:35:28","slug":"bo-moi-truong-nuoi-cay-te-bao-nk-cua-nguoi-immunocult","status":"publish","type":"product","link":"https:\/\/biogroupvietnam.com\/vi\/san-pham\/bo-moi-truong-nuoi-cay-te-bao-nk-cua-nguoi-immunocult\/","title":{"rendered":"B\u1ed9 M\u00f4i Tr\u01b0\u1eddng Nu\u00f4i C\u1ea5y T\u1ebf B\u00e0o NK C\u1ee7a Ng\u01b0\u1eddi &#8211; ImmunoCult\u2122"},"content":{"rendered":"<h3 style=\"text-align: justify;\"><strong>T\u1ed5ng quan v\u1ec1 b\u1ed9 m\u00f4i tr\u01b0\u1eddng ImmunoCult\u2122 nu\u00f4i c\u1ea5y t\u1ebf b\u00e0o NK c\u1ee7a ng\u01b0\u1eddi<\/strong><\/h3>\n<p style=\"text-align: justify;\">T\u0103ng sinh t\u1ebf b\u00e0o s\u00e1t th\u1ee7 t\u1ef1 nhi\u00ean (Natural Killer &#8211; NK) m\u1ed9t c\u00e1ch \u1ed5n \u0111\u1ecbnh trong \u0111i\u1ec1u ki\u1ec7n kh\u00f4ng huy\u1ebft thanh\u00a0m\u00e0 kh\u00f4ng c\u1ea7n s\u1eed d\u1ee5ng t\u1ebf b\u00e0o nu\u00f4i (feeder cell) ph\u1ee9c t\u1ea1p.<\/p>\n<p style=\"text-align: justify;\">B\u1ed9 <strong>ImmunoCult\u2122 NK Cell Expansion Kit<\/strong> mang \u0111\u1ebfn \u0111i\u1ec1u ki\u1ec7n nu\u00f4i c\u1ea5y t\u1ed1i \u01b0u, gi\u00fap m\u1edf r\u1ed9ng t\u1ebf b\u00e0o NK v\u1edbi hi\u1ec7u su\u1ea5t cao. B\u1ed9 kit bao g\u1ed3m:<\/p>\n<ul>\n<li>\n<p style=\"text-align: justify;\"><strong>ImmunoCult\u2122 NK Cell Base Medium<\/strong> (M\u00f4i tr\u01b0\u1eddng c\u01a1 b\u1ea3n cho t\u1ebf b\u00e0o NK)<\/p>\n<\/li>\n<li>\n<p style=\"text-align: justify;\"><strong>ImmunoCult\u2122 NK Cell Expansion Supplement<\/strong> (Ch\u1ea5t b\u1ed5 sung m\u00f4i tr\u01b0\u1eddng nu\u00f4i c\u1ea5y)<\/p>\n<\/li>\n<li>\n<p style=\"text-align: justify;\"><strong>ImmunoCult\u2122 NK Cell Expansion Coating Material<\/strong> (Ch\u1ea5t ph\u1ee7 b\u1ec1 m\u1eb7t nu\u00f4i c\u1ea5y)<\/p>\n<\/li>\n<\/ul>\n<p style=\"text-align: justify;\">\u0110\u00e2y l\u00e0 m\u1ed9t h\u1ec7 th\u1ed1ng nu\u00f4i c\u1ea5y ho\u00e0n ch\u1ec9nh, d\u1ec5 s\u1eed d\u1ee5ng. Sau ch\u1ec9 14 ng\u00e0y nu\u00f4i c\u1ea5y, t\u1ebf b\u00e0o c\u00f3 th\u1ec3 \u0111\u01b0\u1ee3c thu ho\u1ea1ch v\u00e0 s\u1eed d\u1ee5ng tr\u1ef1c ti\u1ebfp cho c\u00e1c \u1ee9ng d\u1ee5ng ti\u1ebfp theo c\u1ee7a b\u1ea1n.<\/p>\n<p style=\"text-align: justify;\">T\u01b0\u01a1ng th\u00edch v\u1edbi nhi\u1ec1u s\u1ea3n ph\u1ea9m kh\u00e1c trong quy tr\u00ecnh upstream v\u00e0 downstream<strong>.<\/strong> V\u00ed d\u1ee5, b\u1ea1n c\u00f3 th\u1ec3 s\u1eed d\u1ee5ng c\u00e1c b\u1ed9 kit ph\u00e2n l\u1eadp t\u1ebf b\u00e0o EasySep\u2122 \u0111\u1ec3 t\u00e1ch t\u1ebf b\u00e0o NK, sau \u0111\u00f3 ti\u1ebfp t\u1ee5c nu\u00f4i ngay l\u1eadp t\u1ee9c v\u1edbi B\u1ed9 ImmunoCult\u2122 NK Cell Expansion Kit.<\/p>\n<h3 style=\"text-align: justify;\"><strong>\u01afu \u0111i\u1ec3m c\u1ee7a b\u1ed9 m\u00f4i tr\u01b0\u1eddng ImmunoCult\u2122 nu\u00f4i c\u1ea5y t\u1ebf b\u00e0o NK c\u1ee7a ng\u01b0\u1eddi<\/strong><\/h3>\n<ul>\n<li>\n<p style=\"text-align: justify;\">T\u1ebf b\u00e0o NK thu \u0111\u01b0\u1ee3c c\u00f3 n\u0103ng su\u1ea5t cao, kh\u00f4ng c\u1ea7n d\u00f9ng serum ho\u1eb7c feeder-cells<\/p>\n<\/li>\n<li>\n<p style=\"text-align: justify;\">T\u1ebf b\u00e0o NK sau nu\u00f4i c\u1ea5y gi\u1eef nguy\u00ean ki\u1ec3u h\u00ecnh mong \u0111\u1ee3i<\/p>\n<\/li>\n<li>\n<p style=\"text-align: justify;\">T\u1ebf b\u00e0o NK sau nu\u00f4i c\u1ea5y th\u1ec3 hi\u1ec7n c\u00e1c ho\u1ea1t t\u00ednh v\u00e0 ch\u1ee9c n\u0103ng mong mu\u1ed1n<\/p>\n<\/li>\n<li>\n<p style=\"text-align: justify;\">C\u00f3 kh\u1ea3 n\u0103ng ho\u1ea1t h\u00f3a theo c\u00e1ch ph\u1ee5 thu\u1ed9c v\u00e0o kh\u00e1ng th\u1ec3<\/p>\n<\/li>\n<li>\n<p style=\"text-align: justify;\">B\u1ed9 kit c\u00f3 gi\u00e1 tr\u1ecb cho nghi\u00ean c\u1ee9u c\u01a1 b\u1ea3n v\u00e0 nghi\u00ean c\u1ee9u \u1ee9ng d\u1ee5ng (translational research)<\/p>\n<\/li>\n<\/ul>\n<h3 style=\"text-align: justify;\"><strong>Quy tr\u00ecnh nu\u00f4i c\u1ea5y \u0111\u01a1n gi\u1ea3n<\/strong><\/h3>\n<p style=\"text-align: justify;\">T\u1ebf b\u00e0o NK \u0111\u01b0\u1ee3c ph\u00e2n l\u1eadp t\u1eeb <strong>m\u00e1u ngo\u1ea1i vi<\/strong> ho\u1eb7c<strong> s\u1ea3n ph\u1ea9m leukapheresis<\/strong> b\u1eb1ng b\u1ed9 EasySep\u2122. Sau \u0111\u00f3, t\u1ebf b\u00e0o NK \u0111\u01b0\u1ee3c nu\u00f4i c\u1ea5y trong m\u00f4i tr\u01b0\u1eddng ImmunoCult\u2122 NK Cell Expansion Medium tr\u00ean \u0111\u0129a nu\u00f4i c\u1ea5y \u0111\u00e3 \u0111\u01b0\u1ee3c ph\u1ee7 ImmunoCult\u2122 NK Cell Expansion Coating Material. V\u00e0o ng\u00e0y th\u1ee9 3, m\u00f4i tr\u01b0\u1eddng nu\u00f4i c\u1ea5y m\u1edbi \u0111\u01b0\u1ee3c b\u1ed5 sung \u0111\u1ec3 cung c\u1ea5p \u0111\u1ea7y \u0111\u1ee7 dinh d\u01b0\u1ee1ng cho t\u1ebf b\u00e0o. V\u00e0o ng\u00e0y th\u1ee9 7 v\u00e0 ng\u00e0y th\u1ee9 10 ho\u1eb7c 11, t\u1ebf b\u00e0o NK \u0111ang t\u0103ng sinh \u0111\u01b0\u1ee3c thu ho\u1ea1ch v\u00e0 t\u00e1i b\u1ed1 tr\u00ed l\u00ean \u0111\u0129a nu\u00f4i c\u1ea5y m\u1edbi v\u1edbi l\u1edbp ph\u1ee7 coating t\u01b0\u01a1ng t\u1ef1. \u0110\u1ebfn ng\u00e0y th\u1ee9 14, t\u1ebf b\u00e0o NK \u0111\u01b0\u1ee3c thu ho\u1ea1ch v\u00e0 s\u1eb5n s\u00e0ng s\u1eed d\u1ee5ng cho c\u00e1c th\u00ed nghi\u1ec7m ho\u1eb7c \u1ee9ng d\u1ee5ng downstream. Quy tr\u00ecnh n\u00e0y gi\u00fap \u0111\u1ea3m b\u1ea3o hi\u1ec7u su\u1ea5t t\u0103ng sinh t\u1ebf b\u00e0o cao, \u0111\u1ed3ng th\u1eddi duy tr\u00ec ch\u1ea5t l\u01b0\u1ee3ng v\u00e0 ch\u1ee9c n\u0103ng t\u1ebf b\u00e0o NK.<\/p>\n<p style=\"text-align: center;\"><img fetchpriority=\"high\" decoding=\"async\" src=\"https:\/\/biogroupvietnam.com\/uploads\/rH3pzTdjQAmwCNNNPmMcOkZ9HEnczFB1jMh4JCAa.jpg\" alt=\"Protocol for the Expansion of Natural Killer (NK) Cells Using the ImmunoCult\u2122 NK Cell Expansion Kit\" width=\"602\" height=\"149\" \/><\/p>\n<p style=\"text-align: center;\"><em>H\u00ecnh 1. Quy tr\u00ecnh nu\u00f4i c\u1ea5y t\u1ebf b\u00e0o NK trong v\u00f2ng 14 ng\u00e0y<\/em><\/p>\n<p style=\"text-align: justify;\">T\u1ebf b\u00e0o NK \u0111\u01b0\u1ee3c nu\u00f4i c\u1ea5y t\u0103ng sinh v\u1edbi b\u1ed9 kit ImmunoCult\u2122 NK Cell Expansion kh\u00f4ng ch\u1ec9 gia t\u0103ng v\u1ec1 s\u1ed1 l\u01b0\u1ee3ng, m\u00e0 v\u1eabn c\u00f2n duy tr\u00ec c\u00e1c ch\u1ee9c n\u0103ng c\u1ee7a NK ban \u0111\u1ea7u:<\/p>\n<p style=\"text-align: center;\"><img decoding=\"async\" src=\"https:\/\/biogroupvietnam.com\/uploads\/m6T3XZR88qpT2NAvklua9gXkDdugRFe5yJGQwH5R.png\" alt=\"\" width=\"686\" height=\"623\" \/><\/p>\n<figure class=\"table\">\n<table>\n<tbody>\n<tr>\n<td>\n<figure class=\"image\"><img decoding=\"async\" style=\"aspect-ratio: 395\/395;\" src=\"https:\/\/biogroupvietnam.com\/uploads\/iGbXAPl8nWgPOfxurYCvaZjN6W1TSYsKyrYKlx3n.png\" width=\"395\" height=\"395\" \/><\/figure>\n<p><em>H\u00ecnh 2. K\u1ebft qu\u1ea3 nu\u00f4i c\u1ea5y sau 14 ng\u00e0y<\/em><\/td>\n<td>\n<p style=\"text-align: justify;\">T\u1ea7n su\u1ea5t trung b\u00ecnh c\u1ee7a t\u1ebf b\u00e0o NK s\u1ed1ng s\u00f3t <strong>CD56+CD3\u2212<\/strong> v\u00e0 <strong>CD56+CD16+<\/strong> v\u00e0o ng\u00e0y th\u1ee9 14 l\u1ea7n l\u01b0\u1ee3t \u0111\u1ea1t <strong>87 \u00b1 1%<\/strong> v\u00e0 <strong>75 \u00b1 2%<\/strong>.<\/p>\n<p style=\"text-align: justify;\">H\u1ec7 s\u1ed1 t\u0103ng sinh (Fold expansion) trung b\u00ecnh c\u1ee7a t\u1ebf b\u00e0o <strong>CD56+CD3\u2212<\/strong> \u0111\u1ea1t <strong>89 \u00b1 17<\/strong> l\u1ea7n. (H\u00ecnh 2)<\/p>\n<p style=\"text-align: justify;\"><i>C\u00e1c k\u1ebft qu\u1ea3 \u0111\u01b0\u1ee3c tr\u00ecnh b\u00e0y d\u01b0\u1edbi d\u1ea1ng gi\u00e1 tr\u1ecb trung b\u00ecnh \u00b1 sai s\u1ed1 chu\u1ea9n c\u1ee7a trung b\u00ecnh (SEM) v\u1edbi <strong>n = 34<\/strong>.<\/i><\/p>\n<p style=\"text-align: justify;\">\n<\/td>\n<\/tr>\n<\/tbody>\n<\/table>\n<\/figure>\n<p style=\"text-align: center;\"><img loading=\"lazy\" decoding=\"async\" src=\"https:\/\/biogroupvietnam.com\/uploads\/ABgRdIclUuc2xBN3l5sHSPAGI0PLyYO8EAIs09wR.jpg\" alt=\"Cytotoxicity of Expanded Natural Killer (NK) Cells Co-Cultured with K562 Cells\" width=\"259\" height=\"258\" \/><\/p>\n<p style=\"text-align: center;\"><em>H\u00ecnh 3. T\u1ebf b\u00e0o NK sau t\u0103ng sinh c\u00f3 ch\u1ee9c n\u0103ng ti\u00eau di\u1ec7t t\u1ebf b\u00e0o ung th\u01b0 K562 trong th\u1eed nghi\u1ec7m \u0111\u1ed3ng nu\u00f4i c\u1ea5y.<\/em><\/p>\n<p style=\"text-align: center;\"><img loading=\"lazy\" decoding=\"async\" src=\"https:\/\/biogroupvietnam.com\/uploads\/gfr6aDZVCcJ6deZZ1luUqFPBbc9FhvoGM2j0oXzQ.jpg\" alt=\"Degranulation and Cytokine Production in Stimulated Natural Killer (NK) Cells Expanded Using the ImmunoCult\u2122 NK Cell Expansion Kit\" width=\"562\" height=\"422\" \/><\/p>\n<p style=\"text-align: center;\"><em>H\u00ecnh 4. T\u1ebf b\u00e0o NK sau nu\u00f4i c\u1ea5y v\u1eabn duy tr\u00ec v\u00e0 t\u0103ng c\u01b0\u1eddng kh\u1ea3 n\u0103ng t\u1ea5n c\u00f4ng ti\u00eau di\u1ec7t c\u00e1c t\u1ebf b\u00e0o ung th\u01b0 th\u00f4ng qua vi\u1ec7c gi\u1ea3i ph\u00f3ng c\u00e1c h\u1ea1t (CD107a) v\u00e0 s\u1ea3n xu\u1ea5t cytokine <strong>IFN-\u03b3<\/strong> v\u00e0 <strong>TNF-\u03b1<\/strong>,<\/em><\/p>\n<h3><strong>Th\u00f4ng tin \u0111\u1eb7t h\u00e0ng<\/strong><\/h3>\n<figure class=\"table\">\n<table>\n<tbody>\n<tr>\n<td><strong>T\u00ean s\u1ea3n ph\u1ea9m<\/strong><\/td>\n<td><strong>M\u00e3 s\u1ed1 \u0111\u1eb7t h\u00e0ng<\/strong><\/td>\n<\/tr>\n<tr>\n<td><strong>B\u1ed9 m\u00f4i tr\u01b0\u1eddng nu\u00f4i c\u1ea5y t\u1ebf b\u00e0o ImmunoCult\u2122 NK\u00a0<\/strong><\/td>\n<td>\n<p style=\"text-align: center;\">100-0711<\/p>\n<\/td>\n<\/tr>\n<tr>\n<td>H\u00e3ng s\u1ea3n xu\u1ea5t: STEMCELL Technologies Canada Inc.<\/td>\n<td>\n<p style=\"text-align: center;\">\n<\/td>\n<\/tr>\n<tr>\n<td>Xu\u1ea5t x\u1ee9: Canada<\/td>\n<td>\n<p style=\"text-align: center;\">\n<\/td>\n<\/tr>\n<tr>\n<td><i><strong>Th\u00e0nh ph\u1ea7n:<\/strong><\/i><\/td>\n<td>\n<p style=\"text-align: center;\">\n<\/td>\n<\/tr>\n<tr>\n<td>M\u00f4i tr\u01b0\u1eddng c\u01a1 b\u1ea3n d\u00f9ng cho nu\u00f4i c\u1ea5y t\u1ebf b\u00e0o ImmunoCult\u2122 NK Cell Base, chai 500 mL.<br \/>\nB\u1ea3o qu\u1ea3n: 2 &#8211; 8oC<\/td>\n<td>\n<p style=\"text-align: center;\">100-0712<\/p>\n<\/td>\n<\/tr>\n<tr>\n<td>Ch\u1ea5t b\u1ed5 sung cho m\u00f4i tr\u01b0\u1eddng nu\u00f4i c\u1ea5y t\u1ebf b\u00e0o, ImmunoCult\u2122 NK Cell Expansion Supplement, chai 5 mL.<br \/>\nB\u1ea3o qu\u1ea3n: -20oC<\/td>\n<td>\n<p style=\"text-align: center;\">100-0715<\/p>\n<\/td>\n<\/tr>\n<tr>\n<td>Ch\u1ea5t ph\u1ee7 b\u1ec1 m\u1eb7t v\u1eadt li\u1ec7u nu\u00f4i c\u1ea5y t\u1ebf b\u00e0o, ImmunoCult\u2122 NK Cell Expansion Coating, l\u1ecd 1,5 mL.<br \/>\nB\u1ea3o qu\u1ea3n: 2-8oC<\/td>\n<td>\n<p style=\"text-align: center;\">100-0714<\/p>\n<\/td>\n<\/tr>\n<\/tbody>\n<\/table>\n<\/figure>\n<h3><strong>Tham kh\u1ea3o c\u00e1c s\u1ea3n ph\u1ea9m kh\u00e1c trong quy tr\u00ecnh<\/strong><\/h3>\n<figure class=\"table\">\n<table>\n<tbody>\n<tr>\n<td>\n<p style=\"text-align: center;\"><strong>Giai \u0111o\u1ea1n<\/strong><\/p>\n<\/td>\n<td>\n<p style=\"text-align: center;\"><strong>T\u00ean s\u1ea3n ph\u1ea9m<\/strong><\/p>\n<\/td>\n<td>\n<p style=\"text-align: center;\"><strong>M\u00e3 s\u1ed1 \u0111\u1eb7t h\u00e0ng<\/strong><\/p>\n<\/td>\n<\/tr>\n<tr>\n<td rowspan=\"3\">\n<p style=\"text-align: center;\">Ph\u00e2n l\u1eadp<\/p>\n<\/td>\n<td>Lymphoprep\u2122<\/td>\n<td>\n<p style=\"text-align: center;\"><a href=\"https:\/\/www.stemcell.com\/lymphoprep.html\">18061<\/a><\/p>\n<\/td>\n<\/tr>\n<tr>\n<td>SepMate\u2122-50 (RUO)<\/td>\n<td>\n<p style=\"text-align: center;\"><a href=\"https:\/\/www.stemcell.com\/sepmate-50-ruo.html\">86450<\/a><\/p>\n<\/td>\n<\/tr>\n<tr>\n<td>EasySep\u2122 Human NK Cell Isolation Kit<\/td>\n<td>\n<p style=\"text-align: center;\"><a href=\"https:\/\/www.stemcell.com\/easysep-human-nk-cell-isolation-kit.html\"><strong>17955<\/strong><\/a><\/p>\n<\/td>\n<\/tr>\n<tr>\n<td rowspan=\"3\">\n<p style=\"text-align: center;\">Nu\u00f4i c\u1ea5y<\/p>\n<\/td>\n<td>PBS 1X<\/td>\n<td>\n<p style=\"text-align: center;\">PBS-200<\/p>\n<\/td>\n<\/tr>\n<tr>\n<td>\u0110\u0129a nu\u00f4i c\u1ea5y t\u1ebf b\u00e0o 35mm kh\u00f4ng x\u1eed l\u00fd b\u1ec1 m\u1eb7t<\/td>\n<td>\n<p style=\"text-align: center;\">23035110<\/p>\n<\/td>\n<\/tr>\n<tr>\n<td>B\u00ecnh nu\u00f4i c\u1ea5y t\u1ebf b\u00e0o 75cm2, n\u1eafp l\u1ecdc, \u0111\u01b0\u1ee3c x\u1eed l\u00fd b\u1ec1 m\u1eb7t<\/td>\n<td>\n<p style=\"text-align: center;\">22075312<\/p>\n<\/td>\n<\/tr>\n<tr>\n<td rowspan=\"2\">\n<p style=\"text-align: center;\">B\u1ea3o qu\u1ea3n<\/p>\n<\/td>\n<td>M\u00f4i tr\u01b0\u1eddng cho \u0111\u00f4ng l\u1ea1nh t\u1ebf b\u00e0o Cryostor CS10<\/td>\n<td>\n<p style=\"text-align: center;\"><a href=\"https:\/\/www.stemcell.com\/cryostor-cs10.html\">07930<\/a><\/p>\n<\/td>\n<\/tr>\n<tr>\n<td>\u1ed0ng l\u01b0u tr\u1eef m\u1eabu \u0111\u00f4ng l\u1ea1nh 1.9ml<\/td>\n<td>\n<p style=\"text-align: center;\">844203<\/p>\n<\/td>\n<\/tr>\n<\/tbody>\n<\/table>\n<\/figure>\n","protected":false},"excerpt":{"rendered":"<p>T\u1ed5ng quan v\u1ec1 b\u1ed9 m\u00f4i tr\u01b0\u1eddng ImmunoCult\u2122 nu\u00f4i c\u1ea5y t\u1ebf b\u00e0o NK c\u1ee7a ng\u01b0\u1eddi T\u0103ng sinh t\u1ebf b\u00e0o s\u00e1t th\u1ee7 t\u1ef1 nhi\u00ean (Natural Killer &#8211; NK) m\u1ed9t c\u00e1ch \u1ed5n \u0111\u1ecbnh trong \u0111i\u1ec1u ki\u1ec7n kh\u00f4ng huy\u1ebft thanh\u00a0m\u00e0 kh\u00f4ng c\u1ea7n s\u1eed d\u1ee5ng t\u1ebf b\u00e0o nu\u00f4i (feeder cell) ph\u1ee9c t\u1ea1p. B\u1ed9 ImmunoCult\u2122 NK Cell Expansion Kit mang \u0111\u1ebfn<\/p>\n<div class=\"klb-readmore post-buttons\"><a class=\"button rounded primary\" href=\"https:\/\/biogroupvietnam.com\/vi\/san-pham\/bo-moi-truong-nuoi-cay-te-bao-nk-cua-nguoi-immunocult\/\">Read More <i class=\"klbth-icon-right-arrow\"><\/i><\/a><\/div>\n","protected":false},"featured_media":10132,"comment_status":"closed","ping_status":"closed","template":"","meta":{"_acf_changed":false},"product_brand":[127],"product_cat":[93],"product_tag":[],"class_list":{"0":"post-4032","1":"product","2":"type-product","3":"status-publish","4":"has-post-thumbnail","6":"product_brand-stemcell-technologies","7":"product_cat-te-bao-mien-dich","9":"first","10":"outofstock","11":"shipping-taxable","12":"product-type-simple"},"acf":[],"yoast_head":"<!-- This site is optimized with the Yoast SEO plugin v26.8 - https:\/\/yoast.com\/product\/yoast-seo-wordpress\/ -->\n<title>B\u1ed9 M\u00f4i Tr\u01b0\u1eddng Nu\u00f4i C\u1ea5y T\u1ebf B\u00e0o NK C\u1ee7a Ng\u01b0\u1eddi - ImmunoCult\u2122<\/title>\n<meta name=\"description\" content=\"B\u1ed9 M\u00f4i Tr\u01b0\u1eddng Nu\u00f4i C\u1ea5y T\u1ebf B\u00e0o NK C\u1ee7a Ng\u01b0\u1eddi - ImmunoCult\u2122 mang \u0111\u1ebfn \u0111i\u1ec1u ki\u1ec7n nu\u00f4i c\u1ea5y t\u1ed1i \u01b0u, gi\u00fap m\u1edf r\u1ed9ng t\u1ebf b\u00e0o NK v\u1edbi hi\u1ec7u su\u1ea5t cao.\" \/>\n<meta name=\"robots\" content=\"index, follow, max-snippet:-1, max-image-preview:large, max-video-preview:-1\" \/>\n<link rel=\"canonical\" href=\"https:\/\/biogroupvietnam.com\/vi\/san-pham\/bo-moi-truong-nuoi-cay-te-bao-nk-cua-nguoi-immunocult\/\" \/>\n<meta property=\"og:locale\" content=\"vi_VN\" \/>\n<meta property=\"og:type\" content=\"article\" \/>\n<meta property=\"og:title\" content=\"B\u1ed9 M\u00f4i Tr\u01b0\u1eddng Nu\u00f4i C\u1ea5y T\u1ebf B\u00e0o NK C\u1ee7a Ng\u01b0\u1eddi - ImmunoCult\u2122\" \/>\n<meta property=\"og:description\" content=\"B\u1ed9 M\u00f4i Tr\u01b0\u1eddng Nu\u00f4i C\u1ea5y T\u1ebf B\u00e0o NK C\u1ee7a Ng\u01b0\u1eddi - ImmunoCult\u2122 mang \u0111\u1ebfn \u0111i\u1ec1u ki\u1ec7n nu\u00f4i c\u1ea5y t\u1ed1i \u01b0u, gi\u00fap m\u1edf r\u1ed9ng t\u1ebf b\u00e0o NK v\u1edbi hi\u1ec7u su\u1ea5t cao.\" \/>\n<meta property=\"og:url\" content=\"https:\/\/biogroupvietnam.com\/vi\/san-pham\/bo-moi-truong-nuoi-cay-te-bao-nk-cua-nguoi-immunocult\/\" \/>\n<meta property=\"og:site_name\" content=\"Biogroup Vietnam\" \/>\n<meta property=\"article:modified_time\" content=\"2026-04-02T03:35:28+00:00\" \/>\n<meta property=\"og:image\" content=\"https:\/\/biogroupvietnam.com\/wp-content\/uploads\/2025\/08\/bo-moi-truong-nuoi-cay-te-bao-nk-cua-nguoi-immunocult.jpg\" \/>\n\t<meta property=\"og:image:width\" content=\"1640\" \/>\n\t<meta property=\"og:image:height\" content=\"1260\" \/>\n\t<meta property=\"og:image:type\" content=\"image\/jpeg\" \/>\n<meta name=\"twitter:card\" content=\"summary_large_image\" \/>\n<meta name=\"twitter:label1\" content=\"\u01af\u1edbc t\u00ednh th\u1eddi gian \u0111\u1ecdc\" \/>\n\t<meta name=\"twitter:data1\" content=\"6 ph\u00fat\" \/>\n<script type=\"application\/ld+json\" class=\"yoast-schema-graph\">{\"@context\":\"https:\/\/schema.org\",\"@graph\":[{\"@type\":\"WebPage\",\"@id\":\"https:\/\/biogroupvietnam.com\/vi\/san-pham\/bo-moi-truong-nuoi-cay-te-bao-nk-cua-nguoi-immunocult\/\",\"url\":\"https:\/\/biogroupvietnam.com\/vi\/san-pham\/bo-moi-truong-nuoi-cay-te-bao-nk-cua-nguoi-immunocult\/\",\"name\":\"B\u1ed9 M\u00f4i Tr\u01b0\u1eddng Nu\u00f4i C\u1ea5y T\u1ebf B\u00e0o NK C\u1ee7a Ng\u01b0\u1eddi - ImmunoCult\u2122\",\"isPartOf\":{\"@id\":\"https:\/\/biogroupvietnam.com\/vi\/#website\"},\"primaryImageOfPage\":{\"@id\":\"https:\/\/biogroupvietnam.com\/vi\/san-pham\/bo-moi-truong-nuoi-cay-te-bao-nk-cua-nguoi-immunocult\/#primaryimage\"},\"image\":{\"@id\":\"https:\/\/biogroupvietnam.com\/vi\/san-pham\/bo-moi-truong-nuoi-cay-te-bao-nk-cua-nguoi-immunocult\/#primaryimage\"},\"thumbnailUrl\":\"https:\/\/biogroupvietnam.com\/wp-content\/uploads\/2025\/08\/bo-moi-truong-nuoi-cay-te-bao-nk-cua-nguoi-immunocult.jpg\",\"datePublished\":\"2025-08-18T12:55:44+00:00\",\"dateModified\":\"2026-04-02T03:35:28+00:00\",\"description\":\"B\u1ed9 M\u00f4i Tr\u01b0\u1eddng Nu\u00f4i C\u1ea5y T\u1ebf B\u00e0o NK C\u1ee7a Ng\u01b0\u1eddi - ImmunoCult\u2122 mang \u0111\u1ebfn \u0111i\u1ec1u ki\u1ec7n nu\u00f4i c\u1ea5y t\u1ed1i \u01b0u, gi\u00fap m\u1edf r\u1ed9ng t\u1ebf b\u00e0o NK v\u1edbi hi\u1ec7u su\u1ea5t cao.\",\"breadcrumb\":{\"@id\":\"https:\/\/biogroupvietnam.com\/vi\/san-pham\/bo-moi-truong-nuoi-cay-te-bao-nk-cua-nguoi-immunocult\/#breadcrumb\"},\"inLanguage\":\"vi\",\"potentialAction\":[{\"@type\":\"ReadAction\",\"target\":[\"https:\/\/biogroupvietnam.com\/vi\/san-pham\/bo-moi-truong-nuoi-cay-te-bao-nk-cua-nguoi-immunocult\/\"]}]},{\"@type\":\"ImageObject\",\"inLanguage\":\"vi\",\"@id\":\"https:\/\/biogroupvietnam.com\/vi\/san-pham\/bo-moi-truong-nuoi-cay-te-bao-nk-cua-nguoi-immunocult\/#primaryimage\",\"url\":\"https:\/\/biogroupvietnam.com\/wp-content\/uploads\/2025\/08\/bo-moi-truong-nuoi-cay-te-bao-nk-cua-nguoi-immunocult.jpg\",\"contentUrl\":\"https:\/\/biogroupvietnam.com\/wp-content\/uploads\/2025\/08\/bo-moi-truong-nuoi-cay-te-bao-nk-cua-nguoi-immunocult.jpg\",\"width\":1640,\"height\":1260,\"caption\":\"B\u1ed9 M\u00f4i Tr\u01b0\u1eddng Nu\u00f4i C\u1ea5y T\u1ebf B\u00e0o NK C\u1ee7a Ng\u01b0\u1eddi \u2013 ImmunoCult\u2122\"},{\"@type\":\"BreadcrumbList\",\"@id\":\"https:\/\/biogroupvietnam.com\/vi\/san-pham\/bo-moi-truong-nuoi-cay-te-bao-nk-cua-nguoi-immunocult\/#breadcrumb\",\"itemListElement\":[{\"@type\":\"ListItem\",\"position\":1,\"name\":\"Trang ch\u1ee7\",\"item\":\"https:\/\/biogroupvietnam.com\/vi\/\"},{\"@type\":\"ListItem\",\"position\":2,\"name\":\"S\u1ea3n ph\u1ea9m\",\"item\":\"https:\/\/biogroupvietnam.com\/vi\/san-pham\/\"},{\"@type\":\"ListItem\",\"position\":3,\"name\":\"Nu\u00f4i C\u1ea5y T\u1ebf B\u00e0o\",\"item\":\"https:\/\/biogroupvietnam.com\/vi\/danh-muc-san-pham\/nuoi-cay-te-bao\/\"},{\"@type\":\"ListItem\",\"position\":4,\"name\":\"T\u1ebf B\u00e0o Mi\u1ec5n D\u1ecbch\",\"item\":\"https:\/\/biogroupvietnam.com\/vi\/danh-muc-san-pham\/te-bao-mien-dich\/\"},{\"@type\":\"ListItem\",\"position\":5,\"name\":\"B\u1ed9 M\u00f4i Tr\u01b0\u1eddng Nu\u00f4i C\u1ea5y T\u1ebf B\u00e0o NK C\u1ee7a Ng\u01b0\u1eddi &#8211; ImmunoCult\u2122\"}]},{\"@type\":\"WebSite\",\"@id\":\"https:\/\/biogroupvietnam.com\/vi\/#website\",\"url\":\"https:\/\/biogroupvietnam.com\/vi\/\",\"name\":\"Biogroup Vietnam\",\"description\":\"Biogroup Vietnam cung c\u1ea5p d\u1ecbch v\u1ee5 k\u1ef9 thu\u1eadt c\u00f9ng thi\u1ebft b\u1ecb, v\u1eadt t\u01b0, h\u00f3a ch\u1ea5t v\u00e0 gi\u1ea3i ph\u00e1p sinh h\u1ecdc cho ph\u00f2ng th\u00ed nghi\u1ec7m c\u00f4ng ngh\u1ec7 sinh h\u1ecdc, y sinh v\u00e0 y h\u1ecdc t\u00e1i t\u1ea1o.\",\"potentialAction\":[{\"@type\":\"SearchAction\",\"target\":{\"@type\":\"EntryPoint\",\"urlTemplate\":\"https:\/\/biogroupvietnam.com\/vi\/?s={search_term_string}\"},\"query-input\":{\"@type\":\"PropertyValueSpecification\",\"valueRequired\":true,\"valueName\":\"search_term_string\"}}],\"inLanguage\":\"vi\"}]}<\/script>\n<!-- \/ Yoast SEO plugin. -->","yoast_head_json":{"title":"B\u1ed9 M\u00f4i Tr\u01b0\u1eddng Nu\u00f4i C\u1ea5y T\u1ebf B\u00e0o NK C\u1ee7a Ng\u01b0\u1eddi - ImmunoCult\u2122","description":"B\u1ed9 M\u00f4i Tr\u01b0\u1eddng Nu\u00f4i C\u1ea5y T\u1ebf B\u00e0o NK C\u1ee7a Ng\u01b0\u1eddi - ImmunoCult\u2122 mang \u0111\u1ebfn \u0111i\u1ec1u ki\u1ec7n nu\u00f4i c\u1ea5y t\u1ed1i \u01b0u, gi\u00fap m\u1edf r\u1ed9ng t\u1ebf b\u00e0o NK v\u1edbi hi\u1ec7u su\u1ea5t cao.","robots":{"index":"index","follow":"follow","max-snippet":"max-snippet:-1","max-image-preview":"max-image-preview:large","max-video-preview":"max-video-preview:-1"},"canonical":"https:\/\/biogroupvietnam.com\/vi\/san-pham\/bo-moi-truong-nuoi-cay-te-bao-nk-cua-nguoi-immunocult\/","og_locale":"vi_VN","og_type":"article","og_title":"B\u1ed9 M\u00f4i Tr\u01b0\u1eddng Nu\u00f4i C\u1ea5y T\u1ebf B\u00e0o NK C\u1ee7a Ng\u01b0\u1eddi - ImmunoCult\u2122","og_description":"B\u1ed9 M\u00f4i Tr\u01b0\u1eddng Nu\u00f4i C\u1ea5y T\u1ebf B\u00e0o NK C\u1ee7a Ng\u01b0\u1eddi - ImmunoCult\u2122 mang \u0111\u1ebfn \u0111i\u1ec1u ki\u1ec7n nu\u00f4i c\u1ea5y t\u1ed1i \u01b0u, gi\u00fap m\u1edf r\u1ed9ng t\u1ebf b\u00e0o NK v\u1edbi hi\u1ec7u su\u1ea5t cao.","og_url":"https:\/\/biogroupvietnam.com\/vi\/san-pham\/bo-moi-truong-nuoi-cay-te-bao-nk-cua-nguoi-immunocult\/","og_site_name":"Biogroup Vietnam","article_modified_time":"2026-04-02T03:35:28+00:00","og_image":[{"width":1640,"height":1260,"url":"https:\/\/biogroupvietnam.com\/wp-content\/uploads\/2025\/08\/bo-moi-truong-nuoi-cay-te-bao-nk-cua-nguoi-immunocult.jpg","type":"image\/jpeg"}],"twitter_card":"summary_large_image","twitter_misc":{"\u01af\u1edbc t\u00ednh th\u1eddi gian \u0111\u1ecdc":"6 ph\u00fat"},"schema":{"@context":"https:\/\/schema.org","@graph":[{"@type":"WebPage","@id":"https:\/\/biogroupvietnam.com\/vi\/san-pham\/bo-moi-truong-nuoi-cay-te-bao-nk-cua-nguoi-immunocult\/","url":"https:\/\/biogroupvietnam.com\/vi\/san-pham\/bo-moi-truong-nuoi-cay-te-bao-nk-cua-nguoi-immunocult\/","name":"B\u1ed9 M\u00f4i Tr\u01b0\u1eddng Nu\u00f4i C\u1ea5y T\u1ebf B\u00e0o NK C\u1ee7a Ng\u01b0\u1eddi - ImmunoCult\u2122","isPartOf":{"@id":"https:\/\/biogroupvietnam.com\/vi\/#website"},"primaryImageOfPage":{"@id":"https:\/\/biogroupvietnam.com\/vi\/san-pham\/bo-moi-truong-nuoi-cay-te-bao-nk-cua-nguoi-immunocult\/#primaryimage"},"image":{"@id":"https:\/\/biogroupvietnam.com\/vi\/san-pham\/bo-moi-truong-nuoi-cay-te-bao-nk-cua-nguoi-immunocult\/#primaryimage"},"thumbnailUrl":"https:\/\/biogroupvietnam.com\/wp-content\/uploads\/2025\/08\/bo-moi-truong-nuoi-cay-te-bao-nk-cua-nguoi-immunocult.jpg","datePublished":"2025-08-18T12:55:44+00:00","dateModified":"2026-04-02T03:35:28+00:00","description":"B\u1ed9 M\u00f4i Tr\u01b0\u1eddng Nu\u00f4i C\u1ea5y T\u1ebf B\u00e0o NK C\u1ee7a Ng\u01b0\u1eddi - ImmunoCult\u2122 mang \u0111\u1ebfn \u0111i\u1ec1u ki\u1ec7n nu\u00f4i c\u1ea5y t\u1ed1i \u01b0u, gi\u00fap m\u1edf r\u1ed9ng t\u1ebf b\u00e0o NK v\u1edbi hi\u1ec7u su\u1ea5t cao.","breadcrumb":{"@id":"https:\/\/biogroupvietnam.com\/vi\/san-pham\/bo-moi-truong-nuoi-cay-te-bao-nk-cua-nguoi-immunocult\/#breadcrumb"},"inLanguage":"vi","potentialAction":[{"@type":"ReadAction","target":["https:\/\/biogroupvietnam.com\/vi\/san-pham\/bo-moi-truong-nuoi-cay-te-bao-nk-cua-nguoi-immunocult\/"]}]},{"@type":"ImageObject","inLanguage":"vi","@id":"https:\/\/biogroupvietnam.com\/vi\/san-pham\/bo-moi-truong-nuoi-cay-te-bao-nk-cua-nguoi-immunocult\/#primaryimage","url":"https:\/\/biogroupvietnam.com\/wp-content\/uploads\/2025\/08\/bo-moi-truong-nuoi-cay-te-bao-nk-cua-nguoi-immunocult.jpg","contentUrl":"https:\/\/biogroupvietnam.com\/wp-content\/uploads\/2025\/08\/bo-moi-truong-nuoi-cay-te-bao-nk-cua-nguoi-immunocult.jpg","width":1640,"height":1260,"caption":"B\u1ed9 M\u00f4i Tr\u01b0\u1eddng Nu\u00f4i C\u1ea5y T\u1ebf B\u00e0o NK C\u1ee7a Ng\u01b0\u1eddi \u2013 ImmunoCult\u2122"},{"@type":"BreadcrumbList","@id":"https:\/\/biogroupvietnam.com\/vi\/san-pham\/bo-moi-truong-nuoi-cay-te-bao-nk-cua-nguoi-immunocult\/#breadcrumb","itemListElement":[{"@type":"ListItem","position":1,"name":"Trang ch\u1ee7","item":"https:\/\/biogroupvietnam.com\/vi\/"},{"@type":"ListItem","position":2,"name":"S\u1ea3n ph\u1ea9m","item":"https:\/\/biogroupvietnam.com\/vi\/san-pham\/"},{"@type":"ListItem","position":3,"name":"Nu\u00f4i C\u1ea5y T\u1ebf B\u00e0o","item":"https:\/\/biogroupvietnam.com\/vi\/danh-muc-san-pham\/nuoi-cay-te-bao\/"},{"@type":"ListItem","position":4,"name":"T\u1ebf B\u00e0o Mi\u1ec5n D\u1ecbch","item":"https:\/\/biogroupvietnam.com\/vi\/danh-muc-san-pham\/te-bao-mien-dich\/"},{"@type":"ListItem","position":5,"name":"B\u1ed9 M\u00f4i Tr\u01b0\u1eddng Nu\u00f4i C\u1ea5y T\u1ebf B\u00e0o NK C\u1ee7a Ng\u01b0\u1eddi &#8211; ImmunoCult\u2122"}]},{"@type":"WebSite","@id":"https:\/\/biogroupvietnam.com\/vi\/#website","url":"https:\/\/biogroupvietnam.com\/vi\/","name":"Biogroup Vietnam","description":"Biogroup Vietnam cung c\u1ea5p d\u1ecbch v\u1ee5 k\u1ef9 thu\u1eadt c\u00f9ng thi\u1ebft b\u1ecb, v\u1eadt t\u01b0, h\u00f3a ch\u1ea5t v\u00e0 gi\u1ea3i ph\u00e1p sinh h\u1ecdc cho ph\u00f2ng th\u00ed nghi\u1ec7m c\u00f4ng ngh\u1ec7 sinh h\u1ecdc, y sinh v\u00e0 y h\u1ecdc t\u00e1i t\u1ea1o.","potentialAction":[{"@type":"SearchAction","target":{"@type":"EntryPoint","urlTemplate":"https:\/\/biogroupvietnam.com\/vi\/?s={search_term_string}"},"query-input":{"@type":"PropertyValueSpecification","valueRequired":true,"valueName":"search_term_string"}}],"inLanguage":"vi"}]}},"_links":{"self":[{"href":"https:\/\/biogroupvietnam.com\/vi\/wp-json\/wp\/v2\/product\/4032","targetHints":{"allow":["GET"]}}],"collection":[{"href":"https:\/\/biogroupvietnam.com\/vi\/wp-json\/wp\/v2\/product"}],"about":[{"href":"https:\/\/biogroupvietnam.com\/vi\/wp-json\/wp\/v2\/types\/product"}],"replies":[{"embeddable":true,"href":"https:\/\/biogroupvietnam.com\/vi\/wp-json\/wp\/v2\/comments?post=4032"}],"version-history":[{"count":4,"href":"https:\/\/biogroupvietnam.com\/vi\/wp-json\/wp\/v2\/product\/4032\/revisions"}],"predecessor-version":[{"id":9816,"href":"https:\/\/biogroupvietnam.com\/vi\/wp-json\/wp\/v2\/product\/4032\/revisions\/9816"}],"wp:featuredmedia":[{"embeddable":true,"href":"https:\/\/biogroupvietnam.com\/vi\/wp-json\/wp\/v2\/media\/10132"}],"wp:attachment":[{"href":"https:\/\/biogroupvietnam.com\/vi\/wp-json\/wp\/v2\/media?parent=4032"}],"wp:term":[{"taxonomy":"product_brand","embeddable":true,"href":"https:\/\/biogroupvietnam.com\/vi\/wp-json\/wp\/v2\/product_brand?post=4032"},{"taxonomy":"product_cat","embeddable":true,"href":"https:\/\/biogroupvietnam.com\/vi\/wp-json\/wp\/v2\/product_cat?post=4032"},{"taxonomy":"product_tag","embeddable":true,"href":"https:\/\/biogroupvietnam.com\/vi\/wp-json\/wp\/v2\/product_tag?post=4032"}],"curies":[{"name":"wp","href":"https:\/\/api.w.org\/{rel}","templated":true}]}}