{"id":4034,"date":"2025-08-18T19:55:44","date_gmt":"2025-08-18T12:55:44","guid":{"rendered":"http:\/\/biogroupvietnam-worldpress.local\/product\/import-placeholder-for-242\/"},"modified":"2026-04-02T10:21:02","modified_gmt":"2026-04-02T03:21:02","slug":"dung-dich-tach-te-bao-don-accutase","status":"publish","type":"product","link":"https:\/\/biogroupvietnam.com\/vi\/san-pham\/dung-dich-tach-te-bao-don-accutase\/","title":{"rendered":"Dung D\u1ecbch T\u00e1ch T\u1ebf B\u00e0o \u0110\u01a1n ACCUTASE\u2122"},"content":{"rendered":"<p><strong>\u0110\u1eb7c t\u00ednh c\u1ee7a dung d\u1ecbch t\u00e1ch t\u1ebf b\u00e0o \u0111\u01a1n ACCUTASE\u2122<\/strong><\/p>\n<p>&#8211; Accutase l\u00e0 h\u1ed7n h\u1ee3p enzyme t\u1ef1 nhi\u00ean c\u00f3 ho\u1ea1t t\u00ednh ph\u00e2n gi\u1ea3i protein v\u00e0 collagen, h\u1eefu \u00edch cho vi\u1ec7c t\u00e1ch t\u1ebf b\u00e0o ra kh\u1ecfi b\u1ec1 m\u1eb7t nu\u00f4i c\u1ea5y m\u00f4 ti\u00eau chu\u1ea9n v\u00e0 c\u00f3 ph\u1ee7 ch\u1ea5t b\u00e1m d\u00ednh.<\/p>\n<p>&#8211; Enzyme n\u00e0y \u0111\u01b0\u1ee3c b\u00e0o ch\u1ebf \u1edf n\u1ed3ng \u0111\u1ed9 th\u1ea5p h\u01a1n trypsin n\u00ean c\u00f3 kh\u1ea3 n\u0103ng ph\u00e2n t\u00e1ch nh\u1eb9 nh\u00e0ng v\u00e0 \u00edt g\u00e2y \u0111\u1ed9c cho t\u1ebf b\u00e0o.<\/p>\n<p>&#8211;\u00a0 Enzyme trong PBS c\u00f3 ch\u1ee9a 0,5mM EDTA v\u00e0 3 mg\/L Phenol red.<\/p>\n<p>&#8211; Kh\u00f4ng ch\u1ee9a c\u00e1c th\u00e0nh ph\u1ea7n c\u00f3 ngu\u1ed3n g\u1ed1c t\u1eeb \u0111\u1ed9ng v\u1eadt ho\u1eb7c vi khu\u1ea9n.<\/p>\n<p>&#8211; Duy tr\u00ec h\u1ea7u h\u1ebft \u0111\u1eb7c \u0111i\u1ec3m c\u1ee7a t\u1ebf b\u00e0o \u0111\u1ec3 ph\u00e2n t\u00edch t\u1ebf b\u00e0o h\u1ecdc d\u00f2ng ch\u1ea3y ti\u1ebfp theo.<\/p>\n<p>&#8211; B\u1ea3o qu\u1ea3n \u1edf nhi\u1ec7t \u0111\u1ed9 -20\u00b0C<\/p>\n<p>&#8211; \u1ed4n \u0111\u1ecbnh trong 2 th\u00e1ng \u1edf nhi\u1ec7t \u0111\u1ed9 2-8\u00b0C<\/p>\n<p>&#8211; Ti\u00eau chu\u1ea9n ch\u1ea5t l\u01b0\u1ee3ng ISO 13485, cGMP<\/p>\n<p><strong>\u01afu \u0111i\u1ec3m c\u1ee7a dung d\u1ecbch t\u00e1ch t\u1ebf b\u00e0o \u0111\u01a1n ACCUTASE\u2122<\/strong><\/p>\n<p>&#8211; Ph\u00e2n t\u00e1ch t\u1ebf b\u00e0o nh\u1eb9 nh\u00e0ng<\/p>\n<p>&#8211; Hi\u1ec7u qu\u1ea3 v\u1edbi b\u1ea5t k\u1ef3 d\u00f2ng t\u1ebf b\u00e0o b\u00e1m d\u00ednh n\u00e0o<\/p>\n<p>&#8211; Kh\u00f4ng y\u00eau c\u1ea7u b\u01b0\u1edbc trung h\u00f2a<\/p>\n<p><strong>\u1ee8ng d\u1ee5ng\u00a0<\/strong><\/p>\n<p>&#8211; Ph\u00e2n t\u00e1ch c\u00e1c t\u1ebf b\u00e0o b\u00e1m d\u00ednh kh\u1ecfi d\u1ee5ng c\u1ee5 nu\u00f4i c\u1ea5y.<\/p>\n","protected":false},"excerpt":{"rendered":"<p>\u0110\u1eb7c t\u00ednh c\u1ee7a dung d\u1ecbch t\u00e1ch t\u1ebf b\u00e0o \u0111\u01a1n ACCUTASE\u2122 &#8211; Accutase l\u00e0 h\u1ed7n h\u1ee3p enzyme t\u1ef1 nhi\u00ean c\u00f3 ho\u1ea1t t\u00ednh ph\u00e2n gi\u1ea3i protein v\u00e0 collagen, h\u1eefu \u00edch cho vi\u1ec7c t\u00e1ch t\u1ebf b\u00e0o ra kh\u1ecfi b\u1ec1 m\u1eb7t nu\u00f4i c\u1ea5y m\u00f4 ti\u00eau chu\u1ea9n v\u00e0 c\u00f3 ph\u1ee7 ch\u1ea5t b\u00e1m d\u00ednh. &#8211; Enzyme n\u00e0y \u0111\u01b0\u1ee3c b\u00e0o ch\u1ebf \u1edf<\/p>\n<div class=\"klb-readmore post-buttons\"><a class=\"button rounded primary\" href=\"https:\/\/biogroupvietnam.com\/vi\/san-pham\/dung-dich-tach-te-bao-don-accutase\/\">Read More <i class=\"klbth-icon-right-arrow\"><\/i><\/a><\/div>\n","protected":false},"featured_media":10130,"comment_status":"closed","ping_status":"closed","template":"","meta":{"_acf_changed":false},"product_brand":[127],"product_cat":[91],"product_tag":[],"class_list":{"0":"post-4034","1":"product","2":"type-product","3":"status-publish","4":"has-post-thumbnail","6":"product_brand-stemcell-technologies","7":"product_cat-te-bao-goc-trung-mo","9":"first","10":"outofstock","11":"shipping-taxable","12":"product-type-simple"},"acf":[],"yoast_head":"<!-- This site is optimized with the Yoast SEO plugin v26.8 - https:\/\/yoast.com\/product\/yoast-seo-wordpress\/ -->\n<title>Dung D\u1ecbch T\u00e1ch T\u1ebf B\u00e0o \u0110\u01a1n ACCUTASE\u2122<\/title>\n<meta name=\"description\" content=\"Dung d\u1ecbch t\u00e1ch t\u1ebf b\u00e0o \u0111\u01a1n ACCUTASE\u2122 d\u00f9ng \u0111\u1ec3 ph\u00e2n t\u00e1ch c\u00e1c t\u1ebf b\u00e0o b\u00e1m d\u00ednh kh\u1ecfi d\u1ee5ng c\u1ee5 nu\u00f4i c\u1ea5y. S\u1ea3n ph\u1ea9m gi\u00fap ph\u00e2n t\u00e1ch t\u1ebf b\u00e0o nh\u1eb9 nh\u00e0ng, kh\u00f4ng trung h\u00f2a.\" \/>\n<meta name=\"robots\" content=\"index, follow, max-snippet:-1, max-image-preview:large, max-video-preview:-1\" \/>\n<link rel=\"canonical\" href=\"https:\/\/biogroupvietnam.com\/vi\/san-pham\/dung-dich-tach-te-bao-don-accutase\/\" \/>\n<meta property=\"og:locale\" content=\"vi_VN\" \/>\n<meta property=\"og:type\" content=\"article\" \/>\n<meta property=\"og:title\" content=\"Dung D\u1ecbch T\u00e1ch T\u1ebf B\u00e0o \u0110\u01a1n ACCUTASE\u2122\" \/>\n<meta property=\"og:description\" content=\"Dung d\u1ecbch t\u00e1ch t\u1ebf b\u00e0o \u0111\u01a1n ACCUTASE\u2122 d\u00f9ng \u0111\u1ec3 ph\u00e2n t\u00e1ch c\u00e1c t\u1ebf b\u00e0o b\u00e1m d\u00ednh kh\u1ecfi d\u1ee5ng c\u1ee5 nu\u00f4i c\u1ea5y. S\u1ea3n ph\u1ea9m gi\u00fap ph\u00e2n t\u00e1ch t\u1ebf b\u00e0o nh\u1eb9 nh\u00e0ng, kh\u00f4ng trung h\u00f2a.\" \/>\n<meta property=\"og:url\" content=\"https:\/\/biogroupvietnam.com\/vi\/san-pham\/dung-dich-tach-te-bao-don-accutase\/\" \/>\n<meta property=\"og:site_name\" content=\"Biogroup Vietnam\" \/>\n<meta property=\"article:modified_time\" content=\"2026-04-02T03:21:02+00:00\" \/>\n<meta property=\"og:image\" content=\"https:\/\/biogroupvietnam.com\/wp-content\/uploads\/2025\/08\/dung-dich-tach-te-bao-don-accutase.jpg\" \/>\n\t<meta property=\"og:image:width\" content=\"1640\" \/>\n\t<meta property=\"og:image:height\" content=\"1260\" \/>\n\t<meta property=\"og:image:type\" content=\"image\/jpeg\" \/>\n<meta name=\"twitter:card\" content=\"summary_large_image\" \/>\n<meta name=\"twitter:label1\" content=\"\u01af\u1edbc t\u00ednh th\u1eddi gian \u0111\u1ecdc\" \/>\n\t<meta name=\"twitter:data1\" content=\"2 ph\u00fat\" \/>\n<script type=\"application\/ld+json\" class=\"yoast-schema-graph\">{\"@context\":\"https:\/\/schema.org\",\"@graph\":[{\"@type\":\"WebPage\",\"@id\":\"https:\/\/biogroupvietnam.com\/vi\/san-pham\/dung-dich-tach-te-bao-don-accutase\/\",\"url\":\"https:\/\/biogroupvietnam.com\/vi\/san-pham\/dung-dich-tach-te-bao-don-accutase\/\",\"name\":\"Dung D\u1ecbch T\u00e1ch T\u1ebf B\u00e0o \u0110\u01a1n ACCUTASE\u2122\",\"isPartOf\":{\"@id\":\"https:\/\/biogroupvietnam.com\/vi\/#website\"},\"primaryImageOfPage\":{\"@id\":\"https:\/\/biogroupvietnam.com\/vi\/san-pham\/dung-dich-tach-te-bao-don-accutase\/#primaryimage\"},\"image\":{\"@id\":\"https:\/\/biogroupvietnam.com\/vi\/san-pham\/dung-dich-tach-te-bao-don-accutase\/#primaryimage\"},\"thumbnailUrl\":\"https:\/\/biogroupvietnam.com\/wp-content\/uploads\/2025\/08\/dung-dich-tach-te-bao-don-accutase.jpg\",\"datePublished\":\"2025-08-18T12:55:44+00:00\",\"dateModified\":\"2026-04-02T03:21:02+00:00\",\"description\":\"Dung d\u1ecbch t\u00e1ch t\u1ebf b\u00e0o \u0111\u01a1n ACCUTASE\u2122 d\u00f9ng \u0111\u1ec3 ph\u00e2n t\u00e1ch c\u00e1c t\u1ebf b\u00e0o b\u00e1m d\u00ednh kh\u1ecfi d\u1ee5ng c\u1ee5 nu\u00f4i c\u1ea5y. S\u1ea3n ph\u1ea9m gi\u00fap ph\u00e2n t\u00e1ch t\u1ebf b\u00e0o nh\u1eb9 nh\u00e0ng, kh\u00f4ng trung h\u00f2a.\",\"breadcrumb\":{\"@id\":\"https:\/\/biogroupvietnam.com\/vi\/san-pham\/dung-dich-tach-te-bao-don-accutase\/#breadcrumb\"},\"inLanguage\":\"vi\",\"potentialAction\":[{\"@type\":\"ReadAction\",\"target\":[\"https:\/\/biogroupvietnam.com\/vi\/san-pham\/dung-dich-tach-te-bao-don-accutase\/\"]}]},{\"@type\":\"ImageObject\",\"inLanguage\":\"vi\",\"@id\":\"https:\/\/biogroupvietnam.com\/vi\/san-pham\/dung-dich-tach-te-bao-don-accutase\/#primaryimage\",\"url\":\"https:\/\/biogroupvietnam.com\/wp-content\/uploads\/2025\/08\/dung-dich-tach-te-bao-don-accutase.jpg\",\"contentUrl\":\"https:\/\/biogroupvietnam.com\/wp-content\/uploads\/2025\/08\/dung-dich-tach-te-bao-don-accutase.jpg\",\"width\":1640,\"height\":1260,\"caption\":\"Dung D\u1ecbch T\u00e1ch T\u1ebf B\u00e0o \u0110\u01a1n ACCUTASE\u2122\"},{\"@type\":\"BreadcrumbList\",\"@id\":\"https:\/\/biogroupvietnam.com\/vi\/san-pham\/dung-dich-tach-te-bao-don-accutase\/#breadcrumb\",\"itemListElement\":[{\"@type\":\"ListItem\",\"position\":1,\"name\":\"Trang ch\u1ee7\",\"item\":\"https:\/\/biogroupvietnam.com\/vi\/\"},{\"@type\":\"ListItem\",\"position\":2,\"name\":\"S\u1ea3n ph\u1ea9m\",\"item\":\"https:\/\/biogroupvietnam.com\/vi\/san-pham\/\"},{\"@type\":\"ListItem\",\"position\":3,\"name\":\"Nu\u00f4i C\u1ea5y T\u1ebf B\u00e0o\",\"item\":\"https:\/\/biogroupvietnam.com\/vi\/danh-muc-san-pham\/nuoi-cay-te-bao\/\"},{\"@type\":\"ListItem\",\"position\":4,\"name\":\"T\u1ebf B\u00e0o G\u1ed1c Trung M\u00f4\",\"item\":\"https:\/\/biogroupvietnam.com\/vi\/danh-muc-san-pham\/te-bao-goc-trung-mo\/\"},{\"@type\":\"ListItem\",\"position\":5,\"name\":\"Dung D\u1ecbch T\u00e1ch T\u1ebf B\u00e0o \u0110\u01a1n ACCUTASE\u2122\"}]},{\"@type\":\"WebSite\",\"@id\":\"https:\/\/biogroupvietnam.com\/vi\/#website\",\"url\":\"https:\/\/biogroupvietnam.com\/vi\/\",\"name\":\"Biogroup Vietnam\",\"description\":\"Biogroup Vietnam cung c\u1ea5p d\u1ecbch v\u1ee5 k\u1ef9 thu\u1eadt c\u00f9ng thi\u1ebft b\u1ecb, v\u1eadt t\u01b0, h\u00f3a ch\u1ea5t v\u00e0 gi\u1ea3i ph\u00e1p sinh h\u1ecdc cho ph\u00f2ng th\u00ed nghi\u1ec7m c\u00f4ng ngh\u1ec7 sinh h\u1ecdc, y sinh v\u00e0 y h\u1ecdc t\u00e1i t\u1ea1o.\",\"potentialAction\":[{\"@type\":\"SearchAction\",\"target\":{\"@type\":\"EntryPoint\",\"urlTemplate\":\"https:\/\/biogroupvietnam.com\/vi\/?s={search_term_string}\"},\"query-input\":{\"@type\":\"PropertyValueSpecification\",\"valueRequired\":true,\"valueName\":\"search_term_string\"}}],\"inLanguage\":\"vi\"}]}<\/script>\n<!-- \/ Yoast SEO plugin. -->","yoast_head_json":{"title":"Dung D\u1ecbch T\u00e1ch T\u1ebf B\u00e0o \u0110\u01a1n ACCUTASE\u2122","description":"Dung d\u1ecbch t\u00e1ch t\u1ebf b\u00e0o \u0111\u01a1n ACCUTASE\u2122 d\u00f9ng \u0111\u1ec3 ph\u00e2n t\u00e1ch c\u00e1c t\u1ebf b\u00e0o b\u00e1m d\u00ednh kh\u1ecfi d\u1ee5ng c\u1ee5 nu\u00f4i c\u1ea5y. S\u1ea3n ph\u1ea9m gi\u00fap ph\u00e2n t\u00e1ch t\u1ebf b\u00e0o nh\u1eb9 nh\u00e0ng, kh\u00f4ng trung h\u00f2a.","robots":{"index":"index","follow":"follow","max-snippet":"max-snippet:-1","max-image-preview":"max-image-preview:large","max-video-preview":"max-video-preview:-1"},"canonical":"https:\/\/biogroupvietnam.com\/vi\/san-pham\/dung-dich-tach-te-bao-don-accutase\/","og_locale":"vi_VN","og_type":"article","og_title":"Dung D\u1ecbch T\u00e1ch T\u1ebf B\u00e0o \u0110\u01a1n ACCUTASE\u2122","og_description":"Dung d\u1ecbch t\u00e1ch t\u1ebf b\u00e0o \u0111\u01a1n ACCUTASE\u2122 d\u00f9ng \u0111\u1ec3 ph\u00e2n t\u00e1ch c\u00e1c t\u1ebf b\u00e0o b\u00e1m d\u00ednh kh\u1ecfi d\u1ee5ng c\u1ee5 nu\u00f4i c\u1ea5y. S\u1ea3n ph\u1ea9m gi\u00fap ph\u00e2n t\u00e1ch t\u1ebf b\u00e0o nh\u1eb9 nh\u00e0ng, kh\u00f4ng trung h\u00f2a.","og_url":"https:\/\/biogroupvietnam.com\/vi\/san-pham\/dung-dich-tach-te-bao-don-accutase\/","og_site_name":"Biogroup Vietnam","article_modified_time":"2026-04-02T03:21:02+00:00","og_image":[{"width":1640,"height":1260,"url":"https:\/\/biogroupvietnam.com\/wp-content\/uploads\/2025\/08\/dung-dich-tach-te-bao-don-accutase.jpg","type":"image\/jpeg"}],"twitter_card":"summary_large_image","twitter_misc":{"\u01af\u1edbc t\u00ednh th\u1eddi gian \u0111\u1ecdc":"2 ph\u00fat"},"schema":{"@context":"https:\/\/schema.org","@graph":[{"@type":"WebPage","@id":"https:\/\/biogroupvietnam.com\/vi\/san-pham\/dung-dich-tach-te-bao-don-accutase\/","url":"https:\/\/biogroupvietnam.com\/vi\/san-pham\/dung-dich-tach-te-bao-don-accutase\/","name":"Dung D\u1ecbch T\u00e1ch T\u1ebf B\u00e0o \u0110\u01a1n ACCUTASE\u2122","isPartOf":{"@id":"https:\/\/biogroupvietnam.com\/vi\/#website"},"primaryImageOfPage":{"@id":"https:\/\/biogroupvietnam.com\/vi\/san-pham\/dung-dich-tach-te-bao-don-accutase\/#primaryimage"},"image":{"@id":"https:\/\/biogroupvietnam.com\/vi\/san-pham\/dung-dich-tach-te-bao-don-accutase\/#primaryimage"},"thumbnailUrl":"https:\/\/biogroupvietnam.com\/wp-content\/uploads\/2025\/08\/dung-dich-tach-te-bao-don-accutase.jpg","datePublished":"2025-08-18T12:55:44+00:00","dateModified":"2026-04-02T03:21:02+00:00","description":"Dung d\u1ecbch t\u00e1ch t\u1ebf b\u00e0o \u0111\u01a1n ACCUTASE\u2122 d\u00f9ng \u0111\u1ec3 ph\u00e2n t\u00e1ch c\u00e1c t\u1ebf b\u00e0o b\u00e1m d\u00ednh kh\u1ecfi d\u1ee5ng c\u1ee5 nu\u00f4i c\u1ea5y. S\u1ea3n ph\u1ea9m gi\u00fap ph\u00e2n t\u00e1ch t\u1ebf b\u00e0o nh\u1eb9 nh\u00e0ng, kh\u00f4ng trung h\u00f2a.","breadcrumb":{"@id":"https:\/\/biogroupvietnam.com\/vi\/san-pham\/dung-dich-tach-te-bao-don-accutase\/#breadcrumb"},"inLanguage":"vi","potentialAction":[{"@type":"ReadAction","target":["https:\/\/biogroupvietnam.com\/vi\/san-pham\/dung-dich-tach-te-bao-don-accutase\/"]}]},{"@type":"ImageObject","inLanguage":"vi","@id":"https:\/\/biogroupvietnam.com\/vi\/san-pham\/dung-dich-tach-te-bao-don-accutase\/#primaryimage","url":"https:\/\/biogroupvietnam.com\/wp-content\/uploads\/2025\/08\/dung-dich-tach-te-bao-don-accutase.jpg","contentUrl":"https:\/\/biogroupvietnam.com\/wp-content\/uploads\/2025\/08\/dung-dich-tach-te-bao-don-accutase.jpg","width":1640,"height":1260,"caption":"Dung D\u1ecbch T\u00e1ch T\u1ebf B\u00e0o \u0110\u01a1n ACCUTASE\u2122"},{"@type":"BreadcrumbList","@id":"https:\/\/biogroupvietnam.com\/vi\/san-pham\/dung-dich-tach-te-bao-don-accutase\/#breadcrumb","itemListElement":[{"@type":"ListItem","position":1,"name":"Trang ch\u1ee7","item":"https:\/\/biogroupvietnam.com\/vi\/"},{"@type":"ListItem","position":2,"name":"S\u1ea3n ph\u1ea9m","item":"https:\/\/biogroupvietnam.com\/vi\/san-pham\/"},{"@type":"ListItem","position":3,"name":"Nu\u00f4i C\u1ea5y T\u1ebf B\u00e0o","item":"https:\/\/biogroupvietnam.com\/vi\/danh-muc-san-pham\/nuoi-cay-te-bao\/"},{"@type":"ListItem","position":4,"name":"T\u1ebf B\u00e0o G\u1ed1c Trung M\u00f4","item":"https:\/\/biogroupvietnam.com\/vi\/danh-muc-san-pham\/te-bao-goc-trung-mo\/"},{"@type":"ListItem","position":5,"name":"Dung D\u1ecbch T\u00e1ch T\u1ebf B\u00e0o \u0110\u01a1n ACCUTASE\u2122"}]},{"@type":"WebSite","@id":"https:\/\/biogroupvietnam.com\/vi\/#website","url":"https:\/\/biogroupvietnam.com\/vi\/","name":"Biogroup Vietnam","description":"Biogroup Vietnam cung c\u1ea5p d\u1ecbch v\u1ee5 k\u1ef9 thu\u1eadt c\u00f9ng thi\u1ebft b\u1ecb, v\u1eadt t\u01b0, h\u00f3a ch\u1ea5t v\u00e0 gi\u1ea3i ph\u00e1p sinh h\u1ecdc cho ph\u00f2ng th\u00ed nghi\u1ec7m c\u00f4ng ngh\u1ec7 sinh h\u1ecdc, y sinh v\u00e0 y h\u1ecdc t\u00e1i t\u1ea1o.","potentialAction":[{"@type":"SearchAction","target":{"@type":"EntryPoint","urlTemplate":"https:\/\/biogroupvietnam.com\/vi\/?s={search_term_string}"},"query-input":{"@type":"PropertyValueSpecification","valueRequired":true,"valueName":"search_term_string"}}],"inLanguage":"vi"}]}},"_links":{"self":[{"href":"https:\/\/biogroupvietnam.com\/vi\/wp-json\/wp\/v2\/product\/4034","targetHints":{"allow":["GET"]}}],"collection":[{"href":"https:\/\/biogroupvietnam.com\/vi\/wp-json\/wp\/v2\/product"}],"about":[{"href":"https:\/\/biogroupvietnam.com\/vi\/wp-json\/wp\/v2\/types\/product"}],"replies":[{"embeddable":true,"href":"https:\/\/biogroupvietnam.com\/vi\/wp-json\/wp\/v2\/comments?post=4034"}],"version-history":[{"count":4,"href":"https:\/\/biogroupvietnam.com\/vi\/wp-json\/wp\/v2\/product\/4034\/revisions"}],"predecessor-version":[{"id":9738,"href":"https:\/\/biogroupvietnam.com\/vi\/wp-json\/wp\/v2\/product\/4034\/revisions\/9738"}],"wp:featuredmedia":[{"embeddable":true,"href":"https:\/\/biogroupvietnam.com\/vi\/wp-json\/wp\/v2\/media\/10130"}],"wp:attachment":[{"href":"https:\/\/biogroupvietnam.com\/vi\/wp-json\/wp\/v2\/media?parent=4034"}],"wp:term":[{"taxonomy":"product_brand","embeddable":true,"href":"https:\/\/biogroupvietnam.com\/vi\/wp-json\/wp\/v2\/product_brand?post=4034"},{"taxonomy":"product_cat","embeddable":true,"href":"https:\/\/biogroupvietnam.com\/vi\/wp-json\/wp\/v2\/product_cat?post=4034"},{"taxonomy":"product_tag","embeddable":true,"href":"https:\/\/biogroupvietnam.com\/vi\/wp-json\/wp\/v2\/product_tag?post=4034"}],"curies":[{"name":"wp","href":"https:\/\/api.w.org\/{rel}","templated":true}]}}