{"id":4035,"date":"2025-08-18T19:55:44","date_gmt":"2025-08-18T12:55:44","guid":{"rendered":"http:\/\/biogroupvietnam-worldpress.local\/product\/import-placeholder-for-243\/"},"modified":"2025-11-12T18:12:32","modified_gmt":"2025-11-12T11:12:32","slug":"hop-van-chuyen-mau-transhome","status":"publish","type":"product","link":"https:\/\/biogroupvietnam.com\/vi\/san-pham\/hop-van-chuyen-mau-transhome\/","title":{"rendered":"H\u1ed9p V\u1eadn Chuy\u1ec3n M\u1eabu TransHome"},"content":{"rendered":"<h4><strong>\u0110\u1eb7c \u0111i\u1ec3m c\u1ee7a h\u1ed9p v\u1eadn chuy\u1ec3n m\u1eabu TransHome:<\/strong><\/h4>\n<p>&#8211; D\u1ee5ng c\u1ee5 v\u1eadn chuy\u1ec3n m\u1eabu c\u1ea7m tay ho\u1eb7c c\u00f3 th\u1ec3 s\u1eed d\u1ee5ng nh\u01b0 t\u1ee7 \u0111\u00f4ng l\u1ea1nh.<\/p>\n<p>&#8211; S\u1eed d\u1ee5ng \u0111\u00e1 kh\u00f4 \u0111\u1ec3 duy tr\u00ec nhi\u1ec7t \u0111\u1ed9 m\u1eabu \u1edf -70\u00b0C \u0111\u1ebfn -50\u00b0C trong h\u01a1n 24 gi\u1edd.<\/p>\n<p>&#8211; C\u00f3 th\u1ec3 th\u00eam \u0111\u00e1 kh\u00f4 li\u00ean t\u1ee5c \u0111\u1ec3 li\u00ean t\u1ee5c k\u00e9o d\u00e0i th\u1eddi gian b\u1ea3o qu\u1ea3n m\u1eabu.<\/p>\n<p>&#8211; D\u1ee5ng c\u1ee5 l\u00fd t\u01b0\u1edfng v\u00e0 an to\u00e0n \u0111\u1ed1i v\u1edbi m\u1ed9t s\u1ed1 m\u1eabu c\u00f3 gi\u00e1 tr\u1ecb v\u00e0 nh\u1ea1y c\u1ea3m.<\/p>\n<h4><strong>\u01afu \u0111i\u1ec3m c\u1ee7a h\u1ed9p v\u1eadn chuy\u1ec3n m\u1eabu TransHome:<\/strong><\/h4>\n<p>&#8211; M\u1eabu kh\u00f4ng ti\u1ebfp x\u00fac tr\u1ef1c ti\u1ebfp v\u1edbi \u0111\u00e1 kh\u00f4 n\u00ean vi\u1ec7c \u0111\u1eb7t m\u1eabu v\u00e0o v\u00e0 l\u1ea5y ra d\u1ec5 d\u00e0ng.<\/p>\n<p>&#8211; D\u1ee5ng c\u1ee5 di \u0111\u1ed9ng kh\u00f4ng c\u1ea7n ngu\u1ed3n \u0111i\u1ec7n.<\/p>\n<p>&#8211; Th\u1eddi gian ki\u1ec3m so\u00e1t nhi\u1ec7t \u0111\u1ed9 c\u1ef1c d\u00e0i \u0111\u1ea3m b\u1ea3o an to\u00e0n cho m\u1eabu.<\/p>\n<p>&#8211; Thi\u1ebft k\u1ebf kh\u00f4ng gian hi\u1ec7u qu\u1ea3. M\u1eabu \u0111\u01b0\u1ee3c l\u01b0u tr\u1eef m\u1ed9t c\u00e1ch ng\u0103n n\u1eafp v\u00e0 an to\u00e0n.<\/p>\n<p>&#8211; Linh ho\u1ea1t v\u00e0 \u0111a m\u1ee5c \u0111\u00edch, d\u1ee5ng c\u1ee5 kh\u00f4ng ch\u1ec9 \u0111\u01b0\u1ee3c s\u1eed d\u1ee5ng nh\u01b0 m\u1ed9t d\u1ee5ng c\u1ee5 v\u1eadn chuy\u1ec3n m\u00e0 c\u00f2n \u0111\u01b0\u1ee3c s\u1eed d\u1ee5ng nh\u01b0 m\u1ed9t t\u1ee7 l\u1ea1nh nhi\u1ec7t \u0111\u1ed9 c\u1ef1c th\u1ea5p di \u0111\u1ed9ng.<\/p>\n<h4><strong>Th\u00f4ng s\u1ed1 k\u1ef9 thu\u1eadt:\u00a0<\/strong><\/h4>\n<p>&#8211; Dung t\u00edch ch\u1ee9a t\u1ed1i \u0111a 8 h\u1ed9p \u0111\u00f4ng l\u1ea1nh 81 v\u1ecb tr\u00ed<\/p>\n<p>&#8211; K\u00edch th\u01b0\u1edbc ngo\u00e0i (L x W x H): 530 x\u00a0 360 x 365 mm<\/p>\n<p>&#8211; K\u00edch th\u01b0\u1edbc trong (L x W x H): 330 x 160 x 295 mm<\/p>\n<p>&#8211; Tr\u1ecdng l\u01b0\u1ee3ng: 4kg (kh\u00f4ng c\u00f3 \u0111\u00e1 kh\u00f4)<\/p>\n<p>&#8211; Th\u1ec3 t\u00edch \u0111\u00e1 kh\u00f4 \u0111\u1ed5 \u0111\u1ea7y: 15L<\/p>\n","protected":false},"excerpt":{"rendered":"<p>\u0110\u1eb7c \u0111i\u1ec3m c\u1ee7a h\u1ed9p v\u1eadn chuy\u1ec3n m\u1eabu TransHome: &#8211; D\u1ee5ng c\u1ee5 v\u1eadn chuy\u1ec3n m\u1eabu c\u1ea7m tay ho\u1eb7c c\u00f3 th\u1ec3 s\u1eed d\u1ee5ng nh\u01b0 t\u1ee7 \u0111\u00f4ng l\u1ea1nh. &#8211; S\u1eed d\u1ee5ng \u0111\u00e1 kh\u00f4 \u0111\u1ec3 duy tr\u00ec nhi\u1ec7t \u0111\u1ed9 m\u1eabu \u1edf -70\u00b0C \u0111\u1ebfn -50\u00b0C trong h\u01a1n 24 gi\u1edd. &#8211; C\u00f3 th\u1ec3 th\u00eam \u0111\u00e1 kh\u00f4 li\u00ean t\u1ee5c \u0111\u1ec3 li\u00ean t\u1ee5c<\/p>\n<div class=\"klb-readmore post-buttons\"><a class=\"button rounded primary\" href=\"https:\/\/biogroupvietnam.com\/vi\/san-pham\/hop-van-chuyen-mau-transhome\/\">Read More <i class=\"klbth-icon-right-arrow\"><\/i><\/a><\/div>\n","protected":false},"featured_media":8880,"comment_status":"closed","ping_status":"closed","template":"","meta":{"_acf_changed":false},"product_brand":[143],"product_cat":[102],"product_tag":[],"class_list":{"0":"post-4035","1":"product","2":"type-product","3":"status-publish","4":"has-post-thumbnail","6":"product_brand-kemesser-technology","7":"product_cat-dung-cu-van-chuyen-bao-quan-te-bao","9":"first","10":"outofstock","11":"shipping-taxable","12":"product-type-simple"},"acf":[],"yoast_head":"<!-- This site is optimized with the Yoast SEO plugin v26.8 - https:\/\/yoast.com\/product\/yoast-seo-wordpress\/ -->\n<title>H\u1ed9p V\u1eadn Chuy\u1ec3n M\u1eabu TransHome<\/title>\n<meta name=\"description\" content=\"H\u1ed9p v\u1eadn chuy\u1ec3n m\u1eabu TransHome l\u00e0 d\u1ee5ng c\u1ee5 v\u1eadn chuy\u1ec3n m\u1eabu c\u1ea7m tay ho\u1eb7c c\u00f3 th\u1ec3 s\u1eed d\u1ee5ng nh\u01b0 t\u1ee7 \u0111\u00f4ng l\u1ea1nh, s\u1eed d\u1ee5ng \u0111\u00e1 kh\u00f4 \u0111\u1ec3 duy tr\u00ec nhi\u1ec7t \u0111\u1ed9 m\u1eabu \u1edf -70\u00b0C \u0111\u1ebfn -50\u00b0C trong h\u01a1n 24 gi\u1edd.\" \/>\n<meta name=\"robots\" content=\"index, follow, max-snippet:-1, max-image-preview:large, max-video-preview:-1\" \/>\n<link rel=\"canonical\" href=\"https:\/\/biogroupvietnam.com\/vi\/san-pham\/hop-van-chuyen-mau-transhome\/\" \/>\n<meta property=\"og:locale\" content=\"vi_VN\" \/>\n<meta property=\"og:type\" content=\"article\" \/>\n<meta property=\"og:title\" content=\"H\u1ed9p V\u1eadn Chuy\u1ec3n M\u1eabu TransHome\" \/>\n<meta property=\"og:description\" content=\"H\u1ed9p v\u1eadn chuy\u1ec3n m\u1eabu TransHome l\u00e0 d\u1ee5ng c\u1ee5 v\u1eadn chuy\u1ec3n m\u1eabu c\u1ea7m tay ho\u1eb7c c\u00f3 th\u1ec3 s\u1eed d\u1ee5ng nh\u01b0 t\u1ee7 \u0111\u00f4ng l\u1ea1nh, s\u1eed d\u1ee5ng \u0111\u00e1 kh\u00f4 \u0111\u1ec3 duy tr\u00ec nhi\u1ec7t \u0111\u1ed9 m\u1eabu \u1edf -70\u00b0C \u0111\u1ebfn -50\u00b0C trong h\u01a1n 24 gi\u1edd.\" \/>\n<meta property=\"og:url\" content=\"https:\/\/biogroupvietnam.com\/vi\/san-pham\/hop-van-chuyen-mau-transhome\/\" \/>\n<meta property=\"og:site_name\" content=\"Biogroup Vietnam\" \/>\n<meta property=\"article:modified_time\" content=\"2025-11-12T11:12:32+00:00\" \/>\n<meta property=\"og:image\" content=\"https:\/\/biogroupvietnam.com\/wp-content\/uploads\/2025\/08\/TransHome.jpg\" \/>\n\t<meta property=\"og:image:width\" content=\"1640\" \/>\n\t<meta property=\"og:image:height\" content=\"1260\" \/>\n\t<meta property=\"og:image:type\" content=\"image\/jpeg\" \/>\n<meta name=\"twitter:card\" content=\"summary_large_image\" \/>\n<meta name=\"twitter:label1\" content=\"\u01af\u1edbc t\u00ednh th\u1eddi gian \u0111\u1ecdc\" \/>\n\t<meta name=\"twitter:data1\" content=\"2 ph\u00fat\" \/>\n<script type=\"application\/ld+json\" class=\"yoast-schema-graph\">{\"@context\":\"https:\/\/schema.org\",\"@graph\":[{\"@type\":\"WebPage\",\"@id\":\"https:\/\/biogroupvietnam.com\/vi\/san-pham\/hop-van-chuyen-mau-transhome\/\",\"url\":\"https:\/\/biogroupvietnam.com\/vi\/san-pham\/hop-van-chuyen-mau-transhome\/\",\"name\":\"H\u1ed9p V\u1eadn Chuy\u1ec3n M\u1eabu TransHome\",\"isPartOf\":{\"@id\":\"https:\/\/biogroupvietnam.com\/vi\/#website\"},\"primaryImageOfPage\":{\"@id\":\"https:\/\/biogroupvietnam.com\/vi\/san-pham\/hop-van-chuyen-mau-transhome\/#primaryimage\"},\"image\":{\"@id\":\"https:\/\/biogroupvietnam.com\/vi\/san-pham\/hop-van-chuyen-mau-transhome\/#primaryimage\"},\"thumbnailUrl\":\"https:\/\/biogroupvietnam.com\/wp-content\/uploads\/2025\/08\/TransHome.jpg\",\"datePublished\":\"2025-08-18T12:55:44+00:00\",\"dateModified\":\"2025-11-12T11:12:32+00:00\",\"description\":\"H\u1ed9p v\u1eadn chuy\u1ec3n m\u1eabu TransHome l\u00e0 d\u1ee5ng c\u1ee5 v\u1eadn chuy\u1ec3n m\u1eabu c\u1ea7m tay ho\u1eb7c c\u00f3 th\u1ec3 s\u1eed d\u1ee5ng nh\u01b0 t\u1ee7 \u0111\u00f4ng l\u1ea1nh, s\u1eed d\u1ee5ng \u0111\u00e1 kh\u00f4 \u0111\u1ec3 duy tr\u00ec nhi\u1ec7t \u0111\u1ed9 m\u1eabu \u1edf -70\u00b0C \u0111\u1ebfn -50\u00b0C trong h\u01a1n 24 gi\u1edd.\",\"breadcrumb\":{\"@id\":\"https:\/\/biogroupvietnam.com\/vi\/san-pham\/hop-van-chuyen-mau-transhome\/#breadcrumb\"},\"inLanguage\":\"vi\",\"potentialAction\":[{\"@type\":\"ReadAction\",\"target\":[\"https:\/\/biogroupvietnam.com\/vi\/san-pham\/hop-van-chuyen-mau-transhome\/\"]}]},{\"@type\":\"ImageObject\",\"inLanguage\":\"vi\",\"@id\":\"https:\/\/biogroupvietnam.com\/vi\/san-pham\/hop-van-chuyen-mau-transhome\/#primaryimage\",\"url\":\"https:\/\/biogroupvietnam.com\/wp-content\/uploads\/2025\/08\/TransHome.jpg\",\"contentUrl\":\"https:\/\/biogroupvietnam.com\/wp-content\/uploads\/2025\/08\/TransHome.jpg\",\"width\":1640,\"height\":1260},{\"@type\":\"BreadcrumbList\",\"@id\":\"https:\/\/biogroupvietnam.com\/vi\/san-pham\/hop-van-chuyen-mau-transhome\/#breadcrumb\",\"itemListElement\":[{\"@type\":\"ListItem\",\"position\":1,\"name\":\"Trang ch\u1ee7\",\"item\":\"https:\/\/biogroupvietnam.com\/vi\/\"},{\"@type\":\"ListItem\",\"position\":2,\"name\":\"S\u1ea3n ph\u1ea9m\",\"item\":\"https:\/\/biogroupvietnam.com\/vi\/san-pham\/\"},{\"@type\":\"ListItem\",\"position\":3,\"name\":\"B\u1ea3o Qu\u1ea3n L\u1ea1nh T\u1ebf B\u00e0o\",\"item\":\"https:\/\/biogroupvietnam.com\/vi\/danh-muc-san-pham\/bao-quan-lanh-te-bao\/\"},{\"@type\":\"ListItem\",\"position\":4,\"name\":\"D\u1ee5ng C\u1ee5 V\u1eadn Chuy\u1ec3n B\u1ea3o Qu\u1ea3n T\u1ebf B\u00e0o\",\"item\":\"https:\/\/biogroupvietnam.com\/vi\/danh-muc-san-pham\/dung-cu-van-chuyen-bao-quan-te-bao\/\"},{\"@type\":\"ListItem\",\"position\":5,\"name\":\"H\u1ed9p V\u1eadn Chuy\u1ec3n M\u1eabu TransHome\"}]},{\"@type\":\"WebSite\",\"@id\":\"https:\/\/biogroupvietnam.com\/vi\/#website\",\"url\":\"https:\/\/biogroupvietnam.com\/vi\/\",\"name\":\"Biogroup Vietnam\",\"description\":\"Biogroup Vietnam cung c\u1ea5p d\u1ecbch v\u1ee5 k\u1ef9 thu\u1eadt c\u00f9ng thi\u1ebft b\u1ecb, v\u1eadt t\u01b0, h\u00f3a ch\u1ea5t v\u00e0 gi\u1ea3i ph\u00e1p sinh h\u1ecdc cho ph\u00f2ng th\u00ed nghi\u1ec7m c\u00f4ng ngh\u1ec7 sinh h\u1ecdc, y sinh v\u00e0 y h\u1ecdc t\u00e1i t\u1ea1o.\",\"potentialAction\":[{\"@type\":\"SearchAction\",\"target\":{\"@type\":\"EntryPoint\",\"urlTemplate\":\"https:\/\/biogroupvietnam.com\/vi\/?s={search_term_string}\"},\"query-input\":{\"@type\":\"PropertyValueSpecification\",\"valueRequired\":true,\"valueName\":\"search_term_string\"}}],\"inLanguage\":\"vi\"}]}<\/script>\n<!-- \/ Yoast SEO plugin. -->","yoast_head_json":{"title":"H\u1ed9p V\u1eadn Chuy\u1ec3n M\u1eabu TransHome","description":"H\u1ed9p v\u1eadn chuy\u1ec3n m\u1eabu TransHome l\u00e0 d\u1ee5ng c\u1ee5 v\u1eadn chuy\u1ec3n m\u1eabu c\u1ea7m tay ho\u1eb7c c\u00f3 th\u1ec3 s\u1eed d\u1ee5ng nh\u01b0 t\u1ee7 \u0111\u00f4ng l\u1ea1nh, s\u1eed d\u1ee5ng \u0111\u00e1 kh\u00f4 \u0111\u1ec3 duy tr\u00ec nhi\u1ec7t \u0111\u1ed9 m\u1eabu \u1edf -70\u00b0C \u0111\u1ebfn -50\u00b0C trong h\u01a1n 24 gi\u1edd.","robots":{"index":"index","follow":"follow","max-snippet":"max-snippet:-1","max-image-preview":"max-image-preview:large","max-video-preview":"max-video-preview:-1"},"canonical":"https:\/\/biogroupvietnam.com\/vi\/san-pham\/hop-van-chuyen-mau-transhome\/","og_locale":"vi_VN","og_type":"article","og_title":"H\u1ed9p V\u1eadn Chuy\u1ec3n M\u1eabu TransHome","og_description":"H\u1ed9p v\u1eadn chuy\u1ec3n m\u1eabu TransHome l\u00e0 d\u1ee5ng c\u1ee5 v\u1eadn chuy\u1ec3n m\u1eabu c\u1ea7m tay ho\u1eb7c c\u00f3 th\u1ec3 s\u1eed d\u1ee5ng nh\u01b0 t\u1ee7 \u0111\u00f4ng l\u1ea1nh, s\u1eed d\u1ee5ng \u0111\u00e1 kh\u00f4 \u0111\u1ec3 duy tr\u00ec nhi\u1ec7t \u0111\u1ed9 m\u1eabu \u1edf -70\u00b0C \u0111\u1ebfn -50\u00b0C trong h\u01a1n 24 gi\u1edd.","og_url":"https:\/\/biogroupvietnam.com\/vi\/san-pham\/hop-van-chuyen-mau-transhome\/","og_site_name":"Biogroup Vietnam","article_modified_time":"2025-11-12T11:12:32+00:00","og_image":[{"width":1640,"height":1260,"url":"https:\/\/biogroupvietnam.com\/wp-content\/uploads\/2025\/08\/TransHome.jpg","type":"image\/jpeg"}],"twitter_card":"summary_large_image","twitter_misc":{"\u01af\u1edbc t\u00ednh th\u1eddi gian \u0111\u1ecdc":"2 ph\u00fat"},"schema":{"@context":"https:\/\/schema.org","@graph":[{"@type":"WebPage","@id":"https:\/\/biogroupvietnam.com\/vi\/san-pham\/hop-van-chuyen-mau-transhome\/","url":"https:\/\/biogroupvietnam.com\/vi\/san-pham\/hop-van-chuyen-mau-transhome\/","name":"H\u1ed9p V\u1eadn Chuy\u1ec3n M\u1eabu TransHome","isPartOf":{"@id":"https:\/\/biogroupvietnam.com\/vi\/#website"},"primaryImageOfPage":{"@id":"https:\/\/biogroupvietnam.com\/vi\/san-pham\/hop-van-chuyen-mau-transhome\/#primaryimage"},"image":{"@id":"https:\/\/biogroupvietnam.com\/vi\/san-pham\/hop-van-chuyen-mau-transhome\/#primaryimage"},"thumbnailUrl":"https:\/\/biogroupvietnam.com\/wp-content\/uploads\/2025\/08\/TransHome.jpg","datePublished":"2025-08-18T12:55:44+00:00","dateModified":"2025-11-12T11:12:32+00:00","description":"H\u1ed9p v\u1eadn chuy\u1ec3n m\u1eabu TransHome l\u00e0 d\u1ee5ng c\u1ee5 v\u1eadn chuy\u1ec3n m\u1eabu c\u1ea7m tay ho\u1eb7c c\u00f3 th\u1ec3 s\u1eed d\u1ee5ng nh\u01b0 t\u1ee7 \u0111\u00f4ng l\u1ea1nh, s\u1eed d\u1ee5ng \u0111\u00e1 kh\u00f4 \u0111\u1ec3 duy tr\u00ec nhi\u1ec7t \u0111\u1ed9 m\u1eabu \u1edf -70\u00b0C \u0111\u1ebfn -50\u00b0C trong h\u01a1n 24 gi\u1edd.","breadcrumb":{"@id":"https:\/\/biogroupvietnam.com\/vi\/san-pham\/hop-van-chuyen-mau-transhome\/#breadcrumb"},"inLanguage":"vi","potentialAction":[{"@type":"ReadAction","target":["https:\/\/biogroupvietnam.com\/vi\/san-pham\/hop-van-chuyen-mau-transhome\/"]}]},{"@type":"ImageObject","inLanguage":"vi","@id":"https:\/\/biogroupvietnam.com\/vi\/san-pham\/hop-van-chuyen-mau-transhome\/#primaryimage","url":"https:\/\/biogroupvietnam.com\/wp-content\/uploads\/2025\/08\/TransHome.jpg","contentUrl":"https:\/\/biogroupvietnam.com\/wp-content\/uploads\/2025\/08\/TransHome.jpg","width":1640,"height":1260},{"@type":"BreadcrumbList","@id":"https:\/\/biogroupvietnam.com\/vi\/san-pham\/hop-van-chuyen-mau-transhome\/#breadcrumb","itemListElement":[{"@type":"ListItem","position":1,"name":"Trang ch\u1ee7","item":"https:\/\/biogroupvietnam.com\/vi\/"},{"@type":"ListItem","position":2,"name":"S\u1ea3n ph\u1ea9m","item":"https:\/\/biogroupvietnam.com\/vi\/san-pham\/"},{"@type":"ListItem","position":3,"name":"B\u1ea3o Qu\u1ea3n L\u1ea1nh T\u1ebf B\u00e0o","item":"https:\/\/biogroupvietnam.com\/vi\/danh-muc-san-pham\/bao-quan-lanh-te-bao\/"},{"@type":"ListItem","position":4,"name":"D\u1ee5ng C\u1ee5 V\u1eadn Chuy\u1ec3n B\u1ea3o Qu\u1ea3n T\u1ebf B\u00e0o","item":"https:\/\/biogroupvietnam.com\/vi\/danh-muc-san-pham\/dung-cu-van-chuyen-bao-quan-te-bao\/"},{"@type":"ListItem","position":5,"name":"H\u1ed9p V\u1eadn Chuy\u1ec3n M\u1eabu TransHome"}]},{"@type":"WebSite","@id":"https:\/\/biogroupvietnam.com\/vi\/#website","url":"https:\/\/biogroupvietnam.com\/vi\/","name":"Biogroup Vietnam","description":"Biogroup Vietnam cung c\u1ea5p d\u1ecbch v\u1ee5 k\u1ef9 thu\u1eadt c\u00f9ng thi\u1ebft b\u1ecb, v\u1eadt t\u01b0, h\u00f3a ch\u1ea5t v\u00e0 gi\u1ea3i ph\u00e1p sinh h\u1ecdc cho ph\u00f2ng th\u00ed nghi\u1ec7m c\u00f4ng ngh\u1ec7 sinh h\u1ecdc, y sinh v\u00e0 y h\u1ecdc t\u00e1i t\u1ea1o.","potentialAction":[{"@type":"SearchAction","target":{"@type":"EntryPoint","urlTemplate":"https:\/\/biogroupvietnam.com\/vi\/?s={search_term_string}"},"query-input":{"@type":"PropertyValueSpecification","valueRequired":true,"valueName":"search_term_string"}}],"inLanguage":"vi"}]}},"_links":{"self":[{"href":"https:\/\/biogroupvietnam.com\/vi\/wp-json\/wp\/v2\/product\/4035","targetHints":{"allow":["GET"]}}],"collection":[{"href":"https:\/\/biogroupvietnam.com\/vi\/wp-json\/wp\/v2\/product"}],"about":[{"href":"https:\/\/biogroupvietnam.com\/vi\/wp-json\/wp\/v2\/types\/product"}],"replies":[{"embeddable":true,"href":"https:\/\/biogroupvietnam.com\/vi\/wp-json\/wp\/v2\/comments?post=4035"}],"version-history":[{"count":3,"href":"https:\/\/biogroupvietnam.com\/vi\/wp-json\/wp\/v2\/product\/4035\/revisions"}],"predecessor-version":[{"id":8886,"href":"https:\/\/biogroupvietnam.com\/vi\/wp-json\/wp\/v2\/product\/4035\/revisions\/8886"}],"wp:featuredmedia":[{"embeddable":true,"href":"https:\/\/biogroupvietnam.com\/vi\/wp-json\/wp\/v2\/media\/8880"}],"wp:attachment":[{"href":"https:\/\/biogroupvietnam.com\/vi\/wp-json\/wp\/v2\/media?parent=4035"}],"wp:term":[{"taxonomy":"product_brand","embeddable":true,"href":"https:\/\/biogroupvietnam.com\/vi\/wp-json\/wp\/v2\/product_brand?post=4035"},{"taxonomy":"product_cat","embeddable":true,"href":"https:\/\/biogroupvietnam.com\/vi\/wp-json\/wp\/v2\/product_cat?post=4035"},{"taxonomy":"product_tag","embeddable":true,"href":"https:\/\/biogroupvietnam.com\/vi\/wp-json\/wp\/v2\/product_tag?post=4035"}],"curies":[{"name":"wp","href":"https:\/\/api.w.org\/{rel}","templated":true}]}}