{"id":4036,"date":"2025-08-18T19:55:45","date_gmt":"2025-08-18T12:55:45","guid":{"rendered":"http:\/\/biogroupvietnam-worldpress.local\/product\/import-placeholder-for-244\/"},"modified":"2025-11-12T18:40:58","modified_gmt":"2025-11-12T11:40:58","slug":"may-do-quang-pho-ezcube","status":"publish","type":"product","link":"https:\/\/biogroupvietnam.com\/vi\/san-pham\/may-do-quang-pho-ezcube\/","title":{"rendered":"M\u00e1y \u0110o Quang Ph\u1ed5 EzCube"},"content":{"rendered":"<p><span style=\"background-color: transparent; color: #000000; font-family: Arial,sans-serif; font-size: 12pt;\"><i><strong>M\u00e1y \u0111o quang ph\u1ed5 EzCube ph\u00f9 h\u1ee3p v\u1edbi c\u00e1c \u1ee9ng d\u1ee5ng y\u00eau c\u1ea7u cao<\/strong><\/i><\/span><\/p>\n<p><span style=\"background-color: transparent; color: #000000; font-family: Arial,sans-serif; font-size: 12pt;\">M\u00e1y \u0111o quang ph\u1ed5 EzCube Fluorometer s\u1eed d\u1ee5ng ba k\u00eanh hu\u1ef3nh quang, cho ph\u00e9p \u0111\u1ecbnh l\u01b0\u1ee3ng nucleic acid v\u00e0 protein v\u1edbi \u0111\u1ed9 nh\u1ea1y cao v\u00e0 \u0111\u1ed9 ch\u00ednh x\u00e1c cao. N\u00f3 c\u00f3 th\u1ec3 \u0111o c\u00e1c m\u1eabu c\u00f3 n\u1ed3ng \u0111\u1ed9 th\u1ea5p ch\u1ec9 t\u1eeb 1 \u00b5l, r\u1ea5t ph\u00f9 h\u1ee3p v\u1edbi c\u00e1c \u1ee9ng d\u1ee5ng y\u00eau c\u1ea7u cao nh\u01b0 NGS.<\/span><\/p>\n<p><span style=\"background-color: transparent; color: #000000; font-family: Arial,sans-serif; font-size: 12pt;\">K\u1ebft h\u1ee3p v\u1edbi c\u00e1c\u00a0<strong>b\u1ed9 x\u00e9t nghi\u1ec7m EzQuant\u00a0<\/strong>chuy\u00ean d\u1ee5ng, m\u00e0n h\u00ecnh c\u1ea3m \u1ee9ng d\u1ec5 s\u1eed d\u1ee5ng v\u00e0 k\u1ebft n\u1ed1i USB, EzCube gi\u00fap \u0111\u01a1n gi\u1ea3n h\u00f3a qu\u00e1 tr\u00ecnh \u0111\u1ecbnh l\u01b0\u1ee3ng ch\u00ednh x\u00e1c.<\/span><\/p>\n<h3><span style=\"background-color: transparent; color: #000000; font-family: Arial,sans-serif; font-size: 16pt;\"><strong>\u0110\u1eb7c \u0111i\u1ec3m n\u1ed5i b\u1eadt<\/strong><\/span><\/h3>\n<p><span style=\"background-color: transparent; color: #000000; font-family: Arial,sans-serif; font-size: 13.999999999999998pt;\"><strong>T\u0103ng \u0111\u1ed9 ch\u00ednh x\u00e1c v\u00e0 \u0111\u1ed9 nh\u1ea1y<\/strong><\/span><\/p>\n<p><span style=\"background-color: transparent; color: #000000; font-family: Arial,sans-serif; font-size: 12pt;\">Cho ph\u00e9p \u0111\u1ecbnh l\u01b0\u1ee3ng DNA, RNA v\u00e0 protein \u1edf n\u1ed3ng \u0111\u1ed9 th\u1ea5p ch\u1ec9 v\u1edbi 1 \u00b5l trong v\u00e0i gi\u00e2y, nh\u1ea1y h\u01a1n so v\u1edbi ph\u01b0\u01a1ng ph\u00e1p \u0111o h\u1ea5p th\u1ee5 UV.<\/span><\/p>\n<p>&nbsp;<\/p>\n<p><span style=\"background-color: transparent; color: #000000; font-family: Arial,sans-serif; font-size: 13.999999999999998pt;\"><strong>D\u1ec5 v\u1eadn h\u00e0nh<\/strong><\/span><\/p>\n<p><span style=\"background-color: transparent; color: #000000; font-family: Arial,sans-serif; font-size: 12pt;\">\u0110i\u1ec1u khi\u1ec3n quy tr\u00ecnh l\u00e0m vi\u1ec7c c\u1ee7a b\u1ea1n m\u1ed9t c\u00e1ch li\u1ec1n m\u1ea1ch v\u1edbi m\u00e0n h\u00ecnh c\u1ea3m \u1ee9ng 7-inch d\u1ec5 s\u1eed d\u1ee5ng v\u00e0 c\u00f3 t\u00edch h\u1ee3p c\u00f4ng c\u1ee5 t\u00ednh h\u00f3a ch\u1ea5t.<\/span><\/p>\n<p>&nbsp;<\/p>\n<p><span style=\"background-color: transparent; color: #000000; font-family: Arial,sans-serif; font-size: 13.999999999999998pt;\"><strong>T\u01b0\u01a1ng th\u00edch cao<\/strong><\/span><\/p>\n<p><span style=\"background-color: transparent; color: #000000; font-family: Arial,sans-serif; font-size: 12pt;\">T\u01b0\u01a1ng th\u00edch cao v\u1edbi b\u1ed9 x\u00e9t nghi\u1ec7m \u0111\u1ecbnh l\u01b0\u1ee3ng EzQuant v\u00e0 c\u00e1c t\u00f9y ch\u1ecdn ph\u1ed5 bi\u1ebfn kh\u00e1c, gi\u00fap b\u1ea1n linh ho\u1ea1t trong vi\u1ec7c l\u1ef1a ch\u1ecdn ph\u01b0\u01a1ng ph\u00e1p \u0111o l\u01b0\u1eddng<\/span><\/p>\n<p><span style=\"background-color: transparent; color: #000000; font-family: Arial,sans-serif; font-size: 12pt;\">&#8211; 1X dsDNA HS (\u0111\u1ed9 nh\u1ea1y cao)<\/span><\/p>\n<p><span style=\"background-color: transparent; color: #000000; font-family: Arial,sans-serif; font-size: 12pt;\">&#8211; ssDNA<\/span><\/p>\n<p><span style=\"background-color: transparent; color: #000000; font-family: Arial,sans-serif; font-size: 12pt;\">&#8211; RNA HS (\u0111\u1ed9 nh\u1ea1y cao)<\/span><\/p>\n<p>&nbsp;<\/p>\n<p><span style=\"background-color: transparent; color: #000000; font-family: Arial,sans-serif; font-size: 13.999999999999998pt;\"><strong>Ba k\u00eanh hu\u1ef3nh quang m\u1edf r\u1ed9ng \u1ee9ng d\u1ee5ng<\/strong><\/span><\/p>\n<p><span style=\"background-color: transparent; color: #000000; font-family: Arial,sans-serif; font-size: 12pt;\">Cho ph\u00e9p \u0111\u1ecbnh l\u01b0\u1ee3ng DNA, RNA v\u00e0 protein \u1edf n\u1ed3ng \u0111\u1ed9 th\u1ea5p ch\u1ec9 v\u1edbi 1 \u00b5l trong v\u00e0i gi\u00e2y, nh\u1ea1y h\u01a1n so v\u1edbi ph\u01b0\u01a1ng ph\u00e1p \u0111o h\u1ea5p th\u1ee5 UV.<\/span><\/p>\n<p><span style=\"background-color: transparent; color: #000000; font-family: Arial,sans-serif; font-size: 12pt;\">&#8211; Blue LED (t\u1ed1i \u0111a~480 nm)\u00a0<\/span><\/p>\n<p><span style=\"background-color: transparent; color: #000000; font-family: Arial,sans-serif; font-size: 12pt;\">&#8211; Red LED (t\u1ed1i \u0111a ~630 nm)<\/span><\/p>\n<p><span style=\"background-color: transparent; color: #000000; font-family: Arial,sans-serif; font-size: 12pt;\">&#8211; Green LED (t\u1ed1i \u0111a ~535 nm)<\/span><\/p>\n<p>&nbsp;<\/p>\n<p><span style=\"background-color: transparent; color: #000000; font-family: Arial,sans-serif; font-size: 13.999999999999998pt;\"><strong>Qu\u1ea3n l\u00fd d\u1eef li\u1ec7u linh ho\u1ea1t<\/strong><\/span><\/p>\n<p><span style=\"background-color: transparent; color: #000000; font-family: Arial,sans-serif; font-size: 12pt;\">C\u00f3 c\u1ed5ng k\u1ebft n\u1ed1i USB \u0111\u1ec3 xu\u1ea5t k\u1ebft qu\u1ea3 m\u1ed9t c\u00e1ch d\u1ec5 d\u00e0ng.<\/span><\/p>\n<h3><span style=\"background-color: transparent; color: #000000; font-family: Arial,sans-serif; font-size: 16pt;\"><strong>B\u1ed9 kit \u0111\u1ecbnh l\u01b0\u1ee3ng EzQuant (EzQuant quantification assay kits)<\/strong><\/span><\/h3>\n<h3><img fetchpriority=\"high\" decoding=\"async\" class=\"image_resized\" style=\"aspect-ratio: 507\/241; width: 65%;\" src=\"https:\/\/biogroupvietnam.com\/uploads\/HQQZ8di7ULY5z9uVTMOmbz5B9CdPdVLzjFg8hd6l.png\" alt=\"\" width=\"507\" height=\"241\" \/><\/h3>\n<p><span style=\"background-color: transparent; color: #000000; font-family: Arial,sans-serif; font-size: 12pt;\">C\u00e1c b\u1ed9 x\u00e9t nghi\u1ec7m \u0111\u1ecbnh l\u01b0\u1ee3ng EzQuant l\u00e0 l\u1ef1a ch\u1ecdn tin c\u1eady \u0111\u1ec3 ph\u00e1t hi\u1ec7n dsDNA HS, ssDNA v\u00e0 RNA HS. Ch\u00fang s\u1eed d\u1ee5ng thu\u1ed1c nhu\u1ed9m hu\u1ef3nh quang \u0111\u1eb7c hi\u1ec7u, g\u1eafn ch\u00ednh x\u00e1c v\u00e0o ph\u00e2n t\u1eed m\u1ee5c ti\u00eau, cho ph\u00e9p \u0111\u1ecbnh l\u01b0\u1ee3ng ch\u00ednh x\u00e1c \u0111\u1ebfn 10 pg\/\u00b5l, ngay c\u1ea3 khi c\u00f3 s\u1ef1 xu\u1ea5t hi\u1ec7n c\u1ee7a ch\u1ea5t t\u1ea1p nhi\u1ec5m ho\u1eb7c DNA\/RNA b\u1ecb ph\u00e2n h\u1ee7y. C\u00e1c b\u1ed9 x\u00e9t nghi\u1ec7m ch\u1ec9 c\u1ea7n 1 \u00b5l m\u1eabu v\u00e0 2 ph\u00fat \u1ee7, gi\u00fap n\u00e2ng cao hi\u1ec7u qu\u1ea3 \u0111\u00e1ng k\u1ec3 cho qu\u00e1 tr\u00ecnh \u0111\u1ecbnh l\u01b0\u1ee3ng c\u1ee7a b\u1ea1n.<\/span><\/p>\n<p><img decoding=\"async\" class=\"image_resized\" style=\"aspect-ratio: 661\/522; width: 65%;\" src=\"https:\/\/biogroupvietnam.com\/uploads\/pchjPM5rdUWLyBu9H6yUwIkCd4ymVPoxTpJMjuUF.png\" alt=\"\" width=\"661\" height=\"522\" \/><\/p>\n<p><img decoding=\"async\" class=\"image_resized\" style=\"aspect-ratio: 697\/541; width: 65%;\" src=\"https:\/\/biogroupvietnam.com\/uploads\/ybtdsXPApW6onr9TZiG3edi0xc0iQhtEiLMv1Vfb.png\" alt=\"\" width=\"697\" height=\"541\" \/><\/p>\n<h3><span style=\"background-color: transparent; color: #000000; font-family: Arial,sans-serif; font-size: 16pt;\"><strong>Th\u00f4ng tin \u0111\u1eb7t h\u00e0ng<\/strong><\/span><\/h3>\n<figure class=\"table\">\n<table style=\"border: 0.2px solid hsl(0, 0%, 30%);\">\n<tbody>\n<tr>\n<td style=\"border: 0.2px solid hsl(0, 0%, 30%);\">BRFP-0300<\/td>\n<td style=\"border: 0.2px solid hsl(0, 0%, 30%);\">EzCube Fluorometer (Blue, Red &amp; Green)<\/td>\n<\/tr>\n<tr>\n<td style=\"border: 0.2px solid hsl(0, 0%, 30%);\">BRQK011-010000<\/td>\n<td style=\"border: 0.2px solid hsl(0, 0%, 30%);\">EzQuant 1X dsDNA HS Quantification kit (100 assays)<\/td>\n<\/tr>\n<tr>\n<td style=\"border: 0.2px solid hsl(0, 0%, 30%);\">BRQK011-050000<\/td>\n<td style=\"border: 0.2px solid hsl(0, 0%, 30%);\">EzQuant 1X dsDNA HS Quantification kit (500 assays)<\/td>\n<\/tr>\n<tr>\n<td style=\"border: 0.2px solid hsl(0, 0%, 30%);\">BRQK020-010000<\/td>\n<td style=\"border: 0.2px solid hsl(0, 0%, 30%);\">EzQuant ssDNA Quantification kit (100 assays)<\/td>\n<\/tr>\n<tr>\n<td style=\"border: 0.2px solid hsl(0, 0%, 30%);\">BRQK031-010000<\/td>\n<td style=\"border: 0.2px solid hsl(0, 0%, 30%);\">EzQuant RNA HS Quantification kit (100 assays)<\/td>\n<\/tr>\n<tr>\n<td style=\"border: 0.2px solid hsl(0, 0%, 30%);\">BRQK100-050000<\/td>\n<td style=\"border: 0.2px solid hsl(0, 0%, 30%);\">\u1ed1ng PCR polypropylen 0,5 ml, th\u00e0nh m\u1ecfng<\/td>\n<\/tr>\n<\/tbody>\n<\/table>\n<\/figure>\n","protected":false},"excerpt":{"rendered":"<p>M\u00e1y \u0111o quang ph\u1ed5 EzCube ph\u00f9 h\u1ee3p v\u1edbi c\u00e1c \u1ee9ng d\u1ee5ng y\u00eau c\u1ea7u cao M\u00e1y \u0111o quang ph\u1ed5 EzCube Fluorometer s\u1eed d\u1ee5ng ba k\u00eanh hu\u1ef3nh quang, cho ph\u00e9p \u0111\u1ecbnh l\u01b0\u1ee3ng nucleic acid v\u00e0 protein v\u1edbi \u0111\u1ed9 nh\u1ea1y cao v\u00e0 \u0111\u1ed9 ch\u00ednh x\u00e1c cao. N\u00f3 c\u00f3 th\u1ec3 \u0111o c\u00e1c m\u1eabu c\u00f3 n\u1ed3ng \u0111\u1ed9 th\u1ea5p ch\u1ec9 t\u1eeb<\/p>\n<div class=\"klb-readmore post-buttons\"><a class=\"button rounded primary\" href=\"https:\/\/biogroupvietnam.com\/vi\/san-pham\/may-do-quang-pho-ezcube\/\">Read More <i class=\"klbth-icon-right-arrow\"><\/i><\/a><\/div>\n","protected":false},"featured_media":8912,"comment_status":"closed","ping_status":"closed","template":"","meta":{"_acf_changed":false},"product_brand":[135],"product_cat":[116],"product_tag":[],"class_list":{"0":"post-4036","1":"product","2":"type-product","3":"status-publish","4":"has-post-thumbnail","6":"product_brand-blue-ray-biotech","7":"product_cat-sinh-hoc-phan-tu","9":"first","10":"outofstock","11":"shipping-taxable","12":"product-type-simple"},"acf":[],"yoast_head":"<!-- This site is optimized with the Yoast SEO plugin v26.8 - https:\/\/yoast.com\/product\/yoast-seo-wordpress\/ -->\n<title>M\u00e1y \u0110o Quang Ph\u1ed5 EzCube<\/title>\n<meta name=\"description\" content=\"M\u00e1y \u0111o quang ph\u1ed5 EzCube Fluorometer s\u1eed d\u1ee5ng ba k\u00eanh hu\u1ef3nh quang, cho ph\u00e9p \u0111\u1ecbnh l\u01b0\u1ee3ng nucleic acid v\u00e0 protein v\u1edbi \u0111\u1ed9 nh\u1ea1y cao v\u00e0 \u0111\u1ed9 ch\u00ednh x\u00e1c cao.\" \/>\n<meta name=\"robots\" content=\"index, follow, max-snippet:-1, max-image-preview:large, max-video-preview:-1\" \/>\n<link rel=\"canonical\" href=\"https:\/\/biogroupvietnam.com\/vi\/san-pham\/may-do-quang-pho-ezcube\/\" \/>\n<meta property=\"og:locale\" content=\"vi_VN\" \/>\n<meta property=\"og:type\" content=\"article\" \/>\n<meta property=\"og:title\" content=\"M\u00e1y \u0110o Quang Ph\u1ed5 EzCube\" \/>\n<meta property=\"og:description\" content=\"M\u00e1y \u0111o quang ph\u1ed5 EzCube Fluorometer s\u1eed d\u1ee5ng ba k\u00eanh hu\u1ef3nh quang, cho ph\u00e9p \u0111\u1ecbnh l\u01b0\u1ee3ng nucleic acid v\u00e0 protein v\u1edbi \u0111\u1ed9 nh\u1ea1y cao v\u00e0 \u0111\u1ed9 ch\u00ednh x\u00e1c cao.\" \/>\n<meta property=\"og:url\" content=\"https:\/\/biogroupvietnam.com\/vi\/san-pham\/may-do-quang-pho-ezcube\/\" \/>\n<meta property=\"og:site_name\" content=\"Biogroup Vietnam\" \/>\n<meta property=\"article:modified_time\" content=\"2025-11-12T11:40:58+00:00\" \/>\n<meta property=\"og:image\" content=\"https:\/\/biogroupvietnam.com\/wp-content\/uploads\/2025\/08\/EzCube.jpg\" \/>\n\t<meta property=\"og:image:width\" content=\"1640\" \/>\n\t<meta property=\"og:image:height\" content=\"1260\" \/>\n\t<meta property=\"og:image:type\" content=\"image\/jpeg\" \/>\n<meta name=\"twitter:card\" content=\"summary_large_image\" \/>\n<meta name=\"twitter:label1\" content=\"\u01af\u1edbc t\u00ednh th\u1eddi gian \u0111\u1ecdc\" \/>\n\t<meta name=\"twitter:data1\" content=\"4 ph\u00fat\" \/>\n<script type=\"application\/ld+json\" class=\"yoast-schema-graph\">{\"@context\":\"https:\/\/schema.org\",\"@graph\":[{\"@type\":\"WebPage\",\"@id\":\"https:\/\/biogroupvietnam.com\/vi\/san-pham\/may-do-quang-pho-ezcube\/\",\"url\":\"https:\/\/biogroupvietnam.com\/vi\/san-pham\/may-do-quang-pho-ezcube\/\",\"name\":\"M\u00e1y \u0110o Quang Ph\u1ed5 EzCube\",\"isPartOf\":{\"@id\":\"https:\/\/biogroupvietnam.com\/vi\/#website\"},\"primaryImageOfPage\":{\"@id\":\"https:\/\/biogroupvietnam.com\/vi\/san-pham\/may-do-quang-pho-ezcube\/#primaryimage\"},\"image\":{\"@id\":\"https:\/\/biogroupvietnam.com\/vi\/san-pham\/may-do-quang-pho-ezcube\/#primaryimage\"},\"thumbnailUrl\":\"https:\/\/biogroupvietnam.com\/wp-content\/uploads\/2025\/08\/EzCube.jpg\",\"datePublished\":\"2025-08-18T12:55:45+00:00\",\"dateModified\":\"2025-11-12T11:40:58+00:00\",\"description\":\"M\u00e1y \u0111o quang ph\u1ed5 EzCube Fluorometer s\u1eed d\u1ee5ng ba k\u00eanh hu\u1ef3nh quang, cho ph\u00e9p \u0111\u1ecbnh l\u01b0\u1ee3ng nucleic acid v\u00e0 protein v\u1edbi \u0111\u1ed9 nh\u1ea1y cao v\u00e0 \u0111\u1ed9 ch\u00ednh x\u00e1c cao.\",\"breadcrumb\":{\"@id\":\"https:\/\/biogroupvietnam.com\/vi\/san-pham\/may-do-quang-pho-ezcube\/#breadcrumb\"},\"inLanguage\":\"vi\",\"potentialAction\":[{\"@type\":\"ReadAction\",\"target\":[\"https:\/\/biogroupvietnam.com\/vi\/san-pham\/may-do-quang-pho-ezcube\/\"]}]},{\"@type\":\"ImageObject\",\"inLanguage\":\"vi\",\"@id\":\"https:\/\/biogroupvietnam.com\/vi\/san-pham\/may-do-quang-pho-ezcube\/#primaryimage\",\"url\":\"https:\/\/biogroupvietnam.com\/wp-content\/uploads\/2025\/08\/EzCube.jpg\",\"contentUrl\":\"https:\/\/biogroupvietnam.com\/wp-content\/uploads\/2025\/08\/EzCube.jpg\",\"width\":1640,\"height\":1260},{\"@type\":\"BreadcrumbList\",\"@id\":\"https:\/\/biogroupvietnam.com\/vi\/san-pham\/may-do-quang-pho-ezcube\/#breadcrumb\",\"itemListElement\":[{\"@type\":\"ListItem\",\"position\":1,\"name\":\"Trang ch\u1ee7\",\"item\":\"https:\/\/biogroupvietnam.com\/vi\/\"},{\"@type\":\"ListItem\",\"position\":2,\"name\":\"S\u1ea3n ph\u1ea9m\",\"item\":\"https:\/\/biogroupvietnam.com\/vi\/san-pham\/\"},{\"@type\":\"ListItem\",\"position\":3,\"name\":\"R&amp;D Sinh H\u1ecdc\",\"item\":\"https:\/\/biogroupvietnam.com\/vi\/danh-muc-san-pham\/rd-sinh-hoc\/\"},{\"@type\":\"ListItem\",\"position\":4,\"name\":\"Sinh H\u1ecdc Ph\u00e2n T\u1eed\",\"item\":\"https:\/\/biogroupvietnam.com\/vi\/danh-muc-san-pham\/sinh-hoc-phan-tu\/\"},{\"@type\":\"ListItem\",\"position\":5,\"name\":\"M\u00e1y \u0110o Quang Ph\u1ed5 EzCube\"}]},{\"@type\":\"WebSite\",\"@id\":\"https:\/\/biogroupvietnam.com\/vi\/#website\",\"url\":\"https:\/\/biogroupvietnam.com\/vi\/\",\"name\":\"Biogroup Vietnam\",\"description\":\"Biogroup Vietnam cung c\u1ea5p d\u1ecbch v\u1ee5 k\u1ef9 thu\u1eadt c\u00f9ng thi\u1ebft b\u1ecb, v\u1eadt t\u01b0, h\u00f3a ch\u1ea5t v\u00e0 gi\u1ea3i ph\u00e1p sinh h\u1ecdc cho ph\u00f2ng th\u00ed nghi\u1ec7m c\u00f4ng ngh\u1ec7 sinh h\u1ecdc, y sinh v\u00e0 y h\u1ecdc t\u00e1i t\u1ea1o.\",\"potentialAction\":[{\"@type\":\"SearchAction\",\"target\":{\"@type\":\"EntryPoint\",\"urlTemplate\":\"https:\/\/biogroupvietnam.com\/vi\/?s={search_term_string}\"},\"query-input\":{\"@type\":\"PropertyValueSpecification\",\"valueRequired\":true,\"valueName\":\"search_term_string\"}}],\"inLanguage\":\"vi\"}]}<\/script>\n<!-- \/ Yoast SEO plugin. -->","yoast_head_json":{"title":"M\u00e1y \u0110o Quang Ph\u1ed5 EzCube","description":"M\u00e1y \u0111o quang ph\u1ed5 EzCube Fluorometer s\u1eed d\u1ee5ng ba k\u00eanh hu\u1ef3nh quang, cho ph\u00e9p \u0111\u1ecbnh l\u01b0\u1ee3ng nucleic acid v\u00e0 protein v\u1edbi \u0111\u1ed9 nh\u1ea1y cao v\u00e0 \u0111\u1ed9 ch\u00ednh x\u00e1c cao.","robots":{"index":"index","follow":"follow","max-snippet":"max-snippet:-1","max-image-preview":"max-image-preview:large","max-video-preview":"max-video-preview:-1"},"canonical":"https:\/\/biogroupvietnam.com\/vi\/san-pham\/may-do-quang-pho-ezcube\/","og_locale":"vi_VN","og_type":"article","og_title":"M\u00e1y \u0110o Quang Ph\u1ed5 EzCube","og_description":"M\u00e1y \u0111o quang ph\u1ed5 EzCube Fluorometer s\u1eed d\u1ee5ng ba k\u00eanh hu\u1ef3nh quang, cho ph\u00e9p \u0111\u1ecbnh l\u01b0\u1ee3ng nucleic acid v\u00e0 protein v\u1edbi \u0111\u1ed9 nh\u1ea1y cao v\u00e0 \u0111\u1ed9 ch\u00ednh x\u00e1c cao.","og_url":"https:\/\/biogroupvietnam.com\/vi\/san-pham\/may-do-quang-pho-ezcube\/","og_site_name":"Biogroup Vietnam","article_modified_time":"2025-11-12T11:40:58+00:00","og_image":[{"width":1640,"height":1260,"url":"https:\/\/biogroupvietnam.com\/wp-content\/uploads\/2025\/08\/EzCube.jpg","type":"image\/jpeg"}],"twitter_card":"summary_large_image","twitter_misc":{"\u01af\u1edbc t\u00ednh th\u1eddi gian \u0111\u1ecdc":"4 ph\u00fat"},"schema":{"@context":"https:\/\/schema.org","@graph":[{"@type":"WebPage","@id":"https:\/\/biogroupvietnam.com\/vi\/san-pham\/may-do-quang-pho-ezcube\/","url":"https:\/\/biogroupvietnam.com\/vi\/san-pham\/may-do-quang-pho-ezcube\/","name":"M\u00e1y \u0110o Quang Ph\u1ed5 EzCube","isPartOf":{"@id":"https:\/\/biogroupvietnam.com\/vi\/#website"},"primaryImageOfPage":{"@id":"https:\/\/biogroupvietnam.com\/vi\/san-pham\/may-do-quang-pho-ezcube\/#primaryimage"},"image":{"@id":"https:\/\/biogroupvietnam.com\/vi\/san-pham\/may-do-quang-pho-ezcube\/#primaryimage"},"thumbnailUrl":"https:\/\/biogroupvietnam.com\/wp-content\/uploads\/2025\/08\/EzCube.jpg","datePublished":"2025-08-18T12:55:45+00:00","dateModified":"2025-11-12T11:40:58+00:00","description":"M\u00e1y \u0111o quang ph\u1ed5 EzCube Fluorometer s\u1eed d\u1ee5ng ba k\u00eanh hu\u1ef3nh quang, cho ph\u00e9p \u0111\u1ecbnh l\u01b0\u1ee3ng nucleic acid v\u00e0 protein v\u1edbi \u0111\u1ed9 nh\u1ea1y cao v\u00e0 \u0111\u1ed9 ch\u00ednh x\u00e1c cao.","breadcrumb":{"@id":"https:\/\/biogroupvietnam.com\/vi\/san-pham\/may-do-quang-pho-ezcube\/#breadcrumb"},"inLanguage":"vi","potentialAction":[{"@type":"ReadAction","target":["https:\/\/biogroupvietnam.com\/vi\/san-pham\/may-do-quang-pho-ezcube\/"]}]},{"@type":"ImageObject","inLanguage":"vi","@id":"https:\/\/biogroupvietnam.com\/vi\/san-pham\/may-do-quang-pho-ezcube\/#primaryimage","url":"https:\/\/biogroupvietnam.com\/wp-content\/uploads\/2025\/08\/EzCube.jpg","contentUrl":"https:\/\/biogroupvietnam.com\/wp-content\/uploads\/2025\/08\/EzCube.jpg","width":1640,"height":1260},{"@type":"BreadcrumbList","@id":"https:\/\/biogroupvietnam.com\/vi\/san-pham\/may-do-quang-pho-ezcube\/#breadcrumb","itemListElement":[{"@type":"ListItem","position":1,"name":"Trang ch\u1ee7","item":"https:\/\/biogroupvietnam.com\/vi\/"},{"@type":"ListItem","position":2,"name":"S\u1ea3n ph\u1ea9m","item":"https:\/\/biogroupvietnam.com\/vi\/san-pham\/"},{"@type":"ListItem","position":3,"name":"R&amp;D Sinh H\u1ecdc","item":"https:\/\/biogroupvietnam.com\/vi\/danh-muc-san-pham\/rd-sinh-hoc\/"},{"@type":"ListItem","position":4,"name":"Sinh H\u1ecdc Ph\u00e2n T\u1eed","item":"https:\/\/biogroupvietnam.com\/vi\/danh-muc-san-pham\/sinh-hoc-phan-tu\/"},{"@type":"ListItem","position":5,"name":"M\u00e1y \u0110o Quang Ph\u1ed5 EzCube"}]},{"@type":"WebSite","@id":"https:\/\/biogroupvietnam.com\/vi\/#website","url":"https:\/\/biogroupvietnam.com\/vi\/","name":"Biogroup Vietnam","description":"Biogroup Vietnam cung c\u1ea5p d\u1ecbch v\u1ee5 k\u1ef9 thu\u1eadt c\u00f9ng thi\u1ebft b\u1ecb, v\u1eadt t\u01b0, h\u00f3a ch\u1ea5t v\u00e0 gi\u1ea3i ph\u00e1p sinh h\u1ecdc cho ph\u00f2ng th\u00ed nghi\u1ec7m c\u00f4ng ngh\u1ec7 sinh h\u1ecdc, y sinh v\u00e0 y h\u1ecdc t\u00e1i t\u1ea1o.","potentialAction":[{"@type":"SearchAction","target":{"@type":"EntryPoint","urlTemplate":"https:\/\/biogroupvietnam.com\/vi\/?s={search_term_string}"},"query-input":{"@type":"PropertyValueSpecification","valueRequired":true,"valueName":"search_term_string"}}],"inLanguage":"vi"}]}},"_links":{"self":[{"href":"https:\/\/biogroupvietnam.com\/vi\/wp-json\/wp\/v2\/product\/4036","targetHints":{"allow":["GET"]}}],"collection":[{"href":"https:\/\/biogroupvietnam.com\/vi\/wp-json\/wp\/v2\/product"}],"about":[{"href":"https:\/\/biogroupvietnam.com\/vi\/wp-json\/wp\/v2\/types\/product"}],"replies":[{"embeddable":true,"href":"https:\/\/biogroupvietnam.com\/vi\/wp-json\/wp\/v2\/comments?post=4036"}],"version-history":[{"count":5,"href":"https:\/\/biogroupvietnam.com\/vi\/wp-json\/wp\/v2\/product\/4036\/revisions"}],"predecessor-version":[{"id":8921,"href":"https:\/\/biogroupvietnam.com\/vi\/wp-json\/wp\/v2\/product\/4036\/revisions\/8921"}],"wp:featuredmedia":[{"embeddable":true,"href":"https:\/\/biogroupvietnam.com\/vi\/wp-json\/wp\/v2\/media\/8912"}],"wp:attachment":[{"href":"https:\/\/biogroupvietnam.com\/vi\/wp-json\/wp\/v2\/media?parent=4036"}],"wp:term":[{"taxonomy":"product_brand","embeddable":true,"href":"https:\/\/biogroupvietnam.com\/vi\/wp-json\/wp\/v2\/product_brand?post=4036"},{"taxonomy":"product_cat","embeddable":true,"href":"https:\/\/biogroupvietnam.com\/vi\/wp-json\/wp\/v2\/product_cat?post=4036"},{"taxonomy":"product_tag","embeddable":true,"href":"https:\/\/biogroupvietnam.com\/vi\/wp-json\/wp\/v2\/product_tag?post=4036"}],"curies":[{"name":"wp","href":"https:\/\/api.w.org\/{rel}","templated":true}]}}