{"id":4060,"date":"2025-08-18T19:56:07","date_gmt":"2025-08-18T12:56:07","guid":{"rendered":"http:\/\/biogroupvietnam-worldpress.local\/product\/import-placeholder-for-245\/"},"modified":"2025-09-29T15:09:15","modified_gmt":"2025-09-29T08:09:15","slug":"may-ly-tam-lanh-de-san-rotixa-500rs","status":"publish","type":"product","link":"https:\/\/biogroupvietnam.com\/vi\/san-pham\/may-ly-tam-lanh-de-san-rotixa-500rs\/","title":{"rendered":"M\u00e1y Ly T\u00e2m L\u1ea1nh \u0110\u1ec3 S\u00e0n ROTIXA 500RS"},"content":{"rendered":"<h3>C\u00e1c b\u1ed9 ph\u1eadn b\u1ec1n b\u1ec9 gi\u00fap m\u00e1y ly t\u00e2m ROTIXA 500 RS tr\u1edf th\u00e0nh thi\u1ebft b\u1ecb \u0111\u00e1ng tin c\u1eady v\u1edbi tu\u1ed5i th\u1ecd l\u00e2u d\u00e0i.<\/h3>\n<p>C\u00f4ng su\u1ea5t m\u1eabu cao v\u00e0 l\u1ef1c ly t\u00e2m t\u1ed1i \u0111a 18.038 RCF gi\u00fap thi\u1ebft b\u1ecb ph\u00f9 h\u1ee3p v\u1edbi t\u00fai m\u00e1u 4 x 450 &#8211; 1.000 ml.<\/p>\n<p>Bucket \u0111\u01b0\u1ee3c thi\u1ebft k\u1ebf \u0111\u1eb7c bi\u1ec7t gi\u1eef t\u00fai m\u00e1u th\u1eb3ng \u0111\u1ee9ng trong qu\u00e1 tr\u00ecnh ly t\u00e2m \u0111\u1ec3 c\u1ea3i thi\u1ec7n kh\u1ea3 n\u0103ng ph\u00e2n t\u00e1ch c\u00e1c th\u00e0nh ph\u1ea7n m\u00e1u.<\/p>\n<p>Trong c\u00e1c ph\u00f2ng th\u00ed nghi\u1ec7m nghi\u00ean c\u1ee9u c\u00f4ng nghi\u1ec7p, m\u00e1y ly t\u00e2m Rotixa 500RS ch\u1ee9a \u0111\u01b0\u1ee3c 4 chai c\u00f3 th\u1ec3 t\u00edch l\u00ean \u0111\u1ebfn 1.000 ml, gi\u00e1 \u0111\u1ee1 \u0111\u1eb7c bi\u1ec7t c\u0169ng nh\u01b0 v\u1eadt ch\u1ee9a v\u00e0 b\u00ecnh ch\u1ee9a cho c\u00e1c \u1ee9ng d\u1ee5ng kh\u00e1c nhau.<\/p>\n<p>Thi\u1ebft b\u1ecb n\u00e0y bao g\u1ed3m h\u1ec7 th\u1ed1ng l\u00e0m l\u1ea1nh v\u1edbi ph\u1ea1m vi nhi\u1ec7t \u0111\u1ed9 t\u1eeb -20\u00b0C \u0111\u1ebfn +40\u00b0C.<\/p>\n<h4><strong>\u0110\u1eb7c \u0111i\u1ec3m n\u1ed5i b\u1eadt:<\/strong><\/h4>\n<p>M\u00e1y ly t\u00e2m l\u1ea1nh Hettich ROTIXA 500RS c\u00f3 nhi\u1ec1u \u01b0u \u0111i\u1ec3m n\u1ed5i b\u1eadt, gi\u00fap n\u00f3 tr\u1edf th\u00e0nh l\u1ef1a ch\u1ecdn l\u00fd t\u01b0\u1edfng cho c\u00e1c ph\u00f2ng th\u00ed nghi\u1ec7m v\u00e0 \u1ee9ng d\u1ee5ng y t\u1ebf:<\/p>\n<p><strong>+ C\u00f4ng su\u1ea5t l\u1edbn:<\/strong> C\u00f3 th\u1ec3 x\u1eed l\u00fd l\u00ean \u0111\u1ebfn 4x1000ml ph\u00f9 h\u1ee3p cho c\u00e1c \u1ee9ng d\u1ee5ng y\u00eau c\u1ea7u dung l\u01b0\u1ee3ng m\u1eabu l\u1edbn.<\/p>\n<p><strong>+ H\u1ec7 th\u1ed1ng l\u00e0m m\u00e1t hi\u1ec7u qu\u1ea3:<\/strong> ROTIXA 500RS duy tr\u00ec nhi\u1ec7t \u0111\u1ed9 \u1ed5n \u0111\u1ecbnh t\u1eeb -20\u00b0C \u0111\u1ebfn +40\u00b0C, gi\u00fap ti\u1ebft ki\u1ec7m n\u0103ng l\u01b0\u1ee3ng b\u1eb1ng c\u00e1ch gi\u1ea3m thi\u1ec3u s\u1ef1 dao \u0111\u1ed9ng nhi\u1ec7t \u0111\u1ed9<\/p>\n<p><strong>+ T\u1ed1c \u0111\u1ed9 cao:<\/strong> V\u1edbi t\u1ed1c \u0111\u1ed9 t\u1ed1i \u0111a l\u00ean \u0111\u1ebfn 4,500 v\u00f2ng\/ph\u00fat, m\u00e1y c\u00f3 th\u1ec3 ho\u00e0n th\u00e0nh qu\u00e1 tr\u00ecnh ly t\u00e2m nhanh ch\u00f3ng, gi\u00fap ti\u1ebft ki\u1ec7m th\u1eddi gian x\u1eed l\u00fd m\u1eabu.<\/p>\n<p>&#8211; \u0110\u1ea1t ti\u00eau chu\u1ea9n ch\u1ea5t l\u01b0\u1ee3ng: ISO 13485 v\u00e0 EC<\/p>\n<h4><strong>\u1ee8ng d\u1ee5ng c\u1ee7a m\u00e1y ly t\u00e2m ROTIXA 500RS:<\/strong><\/h4>\n<p>&#8211; B\u1ec7nh vi\u1ec7n<\/p>\n<p>&#8211; Trung t\u00e2m truy\u1ec1n m\u00e1u<\/p>\n<p>&#8211; C\u00e1c ph\u00f2ng th\u00ed nghi\u1ec7m v\u1ec1 nu\u00f4i c\u1ea5y t\u1ebf b\u00e0o<\/p>\n<h4><strong>Th\u00f4ng s\u1ed1 k\u1ef9 thu\u1eadt:<\/strong><\/h4>\n<p>&#8211; Ngu\u1ed3n \u0111i\u1ec7n: 230 &#8211; 240 VAC, 50Hz \/ 220V, 60 Hz<\/p>\n<p>&#8211; C\u00f4ng su\u1ea5t: 3.800 VA<\/p>\n<p>&#8211; Ph\u00e1t th\u1ea3i, mi\u1ec5n d\u1ecbch: EN \/ IEC 61326-1, class B<\/p>\n<p>&#8211; T\u1ed1c \u0111\u1ed9 ly t\u00e2m: 11.500 (V\u00f2ng\/ Ph\u00fat)<\/p>\n<p>&#8211; L\u1ef1c ly t\u00e2m: 18.038 (RCF)<\/p>\n<p>&#8211; Th\u1ec3 t\u00edch t\u1ed1i \u0111a: 4 x 1.000 ml<\/p>\n<p>&#8211; K\u00edch th\u01b0\u1edbc (W x D x H): 650 x 814 x 973 mm<\/p>\n<p>&#8211; C\u00e2n n\u1eb7ng: 219 kg<\/p>\n<h4><strong>Th\u00f4ng tin \u0111\u1eb7t h\u00e0ng<\/strong><\/h4>\n<p>M\u00e1y ly t\u00e2m l\u1ea1nh \u0111\u1ec3 s\u00e0n ROTIXA 500RS (MS: 4950)<\/p>\n<p>Rotor v\u0103ng 4 v\u1ecb tr\u00ed (MS: 4294)<\/p>\n<ul>\n<li>T\u1ed1c \u0111\u1ed9 ly t\u00e2m: 4.500 (V\u00f2ng\/ Ph\u00fat)<\/li>\n<li>L\u1ef1c ly t\u00e2m: 5.071 (RCF)<\/li>\n<\/ul>\n","protected":false},"excerpt":{"rendered":"<p>C\u00e1c b\u1ed9 ph\u1eadn b\u1ec1n b\u1ec9 gi\u00fap m\u00e1y ly t\u00e2m ROTIXA 500 RS tr\u1edf th\u00e0nh thi\u1ebft b\u1ecb \u0111\u00e1ng tin c\u1eady v\u1edbi tu\u1ed5i th\u1ecd l\u00e2u d\u00e0i. C\u00f4ng su\u1ea5t m\u1eabu cao v\u00e0 l\u1ef1c ly t\u00e2m t\u1ed1i \u0111a 18.038 RCF gi\u00fap thi\u1ebft b\u1ecb ph\u00f9 h\u1ee3p v\u1edbi t\u00fai m\u00e1u 4 x 450 &#8211; 1.000 ml. Bucket \u0111\u01b0\u1ee3c thi\u1ebft k\u1ebf \u0111\u1eb7c<\/p>\n<div class=\"klb-readmore post-buttons\"><a class=\"button rounded primary\" href=\"https:\/\/biogroupvietnam.com\/vi\/san-pham\/may-ly-tam-lanh-de-san-rotixa-500rs\/\">Read More <i class=\"klbth-icon-right-arrow\"><\/i><\/a><\/div>\n","protected":false},"featured_media":5580,"comment_status":"closed","ping_status":"closed","template":"","meta":{"_acf_changed":false},"product_brand":[130],"product_cat":[122],"product_tag":[],"class_list":{"0":"post-4060","1":"product","2":"type-product","3":"status-publish","4":"has-post-thumbnail","6":"product_brand-andreas-hettich","7":"product_cat-may-ly-tam","9":"first","10":"outofstock","11":"shipping-taxable","12":"product-type-simple"},"acf":[],"yoast_head":"<!-- This site is optimized with the Yoast SEO plugin v26.8 - https:\/\/yoast.com\/product\/yoast-seo-wordpress\/ -->\n<title>M\u00e1y Ly T\u00e2m L\u1ea1nh \u0110\u1ec3 S\u00e0n ROTIXA 500RS<\/title>\n<meta name=\"description\" content=\"C\u00e1c b\u1ed9 ph\u1eadn b\u1ec1n b\u1ec9 gi\u00fap m\u00e1y ly t\u00e2m ROTIXA 500 RS tr\u1edf th\u00e0nh thi\u1ebft b\u1ecb \u0111\u00e1ng tin c\u1eady v\u1edbi tu\u1ed5i th\u1ecd l\u00e2u d\u00e0i.\" \/>\n<meta name=\"robots\" content=\"index, follow, max-snippet:-1, max-image-preview:large, max-video-preview:-1\" \/>\n<link rel=\"canonical\" href=\"https:\/\/biogroupvietnam.com\/vi\/san-pham\/may-ly-tam-lanh-de-san-rotixa-500rs\/\" \/>\n<meta property=\"og:locale\" content=\"vi_VN\" \/>\n<meta property=\"og:type\" content=\"article\" \/>\n<meta property=\"og:title\" content=\"M\u00e1y Ly T\u00e2m L\u1ea1nh \u0110\u1ec3 S\u00e0n ROTIXA 500RS\" \/>\n<meta property=\"og:description\" content=\"C\u00e1c b\u1ed9 ph\u1eadn b\u1ec1n b\u1ec9 gi\u00fap m\u00e1y ly t\u00e2m ROTIXA 500 RS tr\u1edf th\u00e0nh thi\u1ebft b\u1ecb \u0111\u00e1ng tin c\u1eady v\u1edbi tu\u1ed5i th\u1ecd l\u00e2u d\u00e0i.\" \/>\n<meta property=\"og:url\" content=\"https:\/\/biogroupvietnam.com\/vi\/san-pham\/may-ly-tam-lanh-de-san-rotixa-500rs\/\" \/>\n<meta property=\"og:site_name\" content=\"Biogroup Vietnam\" \/>\n<meta property=\"article:modified_time\" content=\"2025-09-29T08:09:15+00:00\" \/>\n<meta property=\"og:image\" content=\"https:\/\/biogroupvietnam.com\/wp-content\/uploads\/2025\/08\/Rotixa20500RS-1.jpg\" \/>\n\t<meta property=\"og:image:width\" content=\"1600\" \/>\n\t<meta property=\"og:image:height\" content=\"1229\" \/>\n\t<meta property=\"og:image:type\" content=\"image\/jpeg\" \/>\n<meta name=\"twitter:card\" content=\"summary_large_image\" \/>\n<meta name=\"twitter:label1\" content=\"\u01af\u1edbc t\u00ednh th\u1eddi gian \u0111\u1ecdc\" \/>\n\t<meta name=\"twitter:data1\" content=\"1 ph\u00fat\" \/>\n<script type=\"application\/ld+json\" class=\"yoast-schema-graph\">{\"@context\":\"https:\/\/schema.org\",\"@graph\":[{\"@type\":\"WebPage\",\"@id\":\"https:\/\/biogroupvietnam.com\/vi\/san-pham\/may-ly-tam-lanh-de-san-rotixa-500rs\/\",\"url\":\"https:\/\/biogroupvietnam.com\/vi\/san-pham\/may-ly-tam-lanh-de-san-rotixa-500rs\/\",\"name\":\"M\u00e1y Ly T\u00e2m L\u1ea1nh \u0110\u1ec3 S\u00e0n ROTIXA 500RS\",\"isPartOf\":{\"@id\":\"https:\/\/biogroupvietnam.com\/vi\/#website\"},\"primaryImageOfPage\":{\"@id\":\"https:\/\/biogroupvietnam.com\/vi\/san-pham\/may-ly-tam-lanh-de-san-rotixa-500rs\/#primaryimage\"},\"image\":{\"@id\":\"https:\/\/biogroupvietnam.com\/vi\/san-pham\/may-ly-tam-lanh-de-san-rotixa-500rs\/#primaryimage\"},\"thumbnailUrl\":\"https:\/\/biogroupvietnam.com\/wp-content\/uploads\/2025\/08\/Rotixa20500RS-1.jpg\",\"datePublished\":\"2025-08-18T12:56:07+00:00\",\"dateModified\":\"2025-09-29T08:09:15+00:00\",\"description\":\"C\u00e1c b\u1ed9 ph\u1eadn b\u1ec1n b\u1ec9 gi\u00fap m\u00e1y ly t\u00e2m ROTIXA 500 RS tr\u1edf th\u00e0nh thi\u1ebft b\u1ecb \u0111\u00e1ng tin c\u1eady v\u1edbi tu\u1ed5i th\u1ecd l\u00e2u d\u00e0i.\",\"breadcrumb\":{\"@id\":\"https:\/\/biogroupvietnam.com\/vi\/san-pham\/may-ly-tam-lanh-de-san-rotixa-500rs\/#breadcrumb\"},\"inLanguage\":\"vi\",\"potentialAction\":[{\"@type\":\"ReadAction\",\"target\":[\"https:\/\/biogroupvietnam.com\/vi\/san-pham\/may-ly-tam-lanh-de-san-rotixa-500rs\/\"]}]},{\"@type\":\"ImageObject\",\"inLanguage\":\"vi\",\"@id\":\"https:\/\/biogroupvietnam.com\/vi\/san-pham\/may-ly-tam-lanh-de-san-rotixa-500rs\/#primaryimage\",\"url\":\"https:\/\/biogroupvietnam.com\/wp-content\/uploads\/2025\/08\/Rotixa20500RS-1.jpg\",\"contentUrl\":\"https:\/\/biogroupvietnam.com\/wp-content\/uploads\/2025\/08\/Rotixa20500RS-1.jpg\",\"width\":1600,\"height\":1229,\"caption\":\"\u00a0\"},{\"@type\":\"BreadcrumbList\",\"@id\":\"https:\/\/biogroupvietnam.com\/vi\/san-pham\/may-ly-tam-lanh-de-san-rotixa-500rs\/#breadcrumb\",\"itemListElement\":[{\"@type\":\"ListItem\",\"position\":1,\"name\":\"Trang ch\u1ee7\",\"item\":\"https:\/\/biogroupvietnam.com\/vi\/\"},{\"@type\":\"ListItem\",\"position\":2,\"name\":\"S\u1ea3n ph\u1ea9m\",\"item\":\"https:\/\/biogroupvietnam.com\/vi\/san-pham\/\"},{\"@type\":\"ListItem\",\"position\":3,\"name\":\"R&amp;D Sinh H\u1ecdc\",\"item\":\"https:\/\/biogroupvietnam.com\/vi\/danh-muc-san-pham\/rd-sinh-hoc\/\"},{\"@type\":\"ListItem\",\"position\":4,\"name\":\"M\u00e1y ly t\u00e2m\",\"item\":\"https:\/\/biogroupvietnam.com\/vi\/danh-muc-san-pham\/may-ly-tam\/\"},{\"@type\":\"ListItem\",\"position\":5,\"name\":\"M\u00e1y Ly T\u00e2m L\u1ea1nh \u0110\u1ec3 S\u00e0n ROTIXA 500RS\"}]},{\"@type\":\"WebSite\",\"@id\":\"https:\/\/biogroupvietnam.com\/vi\/#website\",\"url\":\"https:\/\/biogroupvietnam.com\/vi\/\",\"name\":\"Biogroup Vietnam\",\"description\":\"Biogroup Vietnam cung c\u1ea5p d\u1ecbch v\u1ee5 k\u1ef9 thu\u1eadt c\u00f9ng thi\u1ebft b\u1ecb, v\u1eadt t\u01b0, h\u00f3a ch\u1ea5t v\u00e0 gi\u1ea3i ph\u00e1p sinh h\u1ecdc cho ph\u00f2ng th\u00ed nghi\u1ec7m c\u00f4ng ngh\u1ec7 sinh h\u1ecdc, y sinh v\u00e0 y h\u1ecdc t\u00e1i t\u1ea1o.\",\"potentialAction\":[{\"@type\":\"SearchAction\",\"target\":{\"@type\":\"EntryPoint\",\"urlTemplate\":\"https:\/\/biogroupvietnam.com\/vi\/?s={search_term_string}\"},\"query-input\":{\"@type\":\"PropertyValueSpecification\",\"valueRequired\":true,\"valueName\":\"search_term_string\"}}],\"inLanguage\":\"vi\"}]}<\/script>\n<!-- \/ Yoast SEO plugin. -->","yoast_head_json":{"title":"M\u00e1y Ly T\u00e2m L\u1ea1nh \u0110\u1ec3 S\u00e0n ROTIXA 500RS","description":"C\u00e1c b\u1ed9 ph\u1eadn b\u1ec1n b\u1ec9 gi\u00fap m\u00e1y ly t\u00e2m ROTIXA 500 RS tr\u1edf th\u00e0nh thi\u1ebft b\u1ecb \u0111\u00e1ng tin c\u1eady v\u1edbi tu\u1ed5i th\u1ecd l\u00e2u d\u00e0i.","robots":{"index":"index","follow":"follow","max-snippet":"max-snippet:-1","max-image-preview":"max-image-preview:large","max-video-preview":"max-video-preview:-1"},"canonical":"https:\/\/biogroupvietnam.com\/vi\/san-pham\/may-ly-tam-lanh-de-san-rotixa-500rs\/","og_locale":"vi_VN","og_type":"article","og_title":"M\u00e1y Ly T\u00e2m L\u1ea1nh \u0110\u1ec3 S\u00e0n ROTIXA 500RS","og_description":"C\u00e1c b\u1ed9 ph\u1eadn b\u1ec1n b\u1ec9 gi\u00fap m\u00e1y ly t\u00e2m ROTIXA 500 RS tr\u1edf th\u00e0nh thi\u1ebft b\u1ecb \u0111\u00e1ng tin c\u1eady v\u1edbi tu\u1ed5i th\u1ecd l\u00e2u d\u00e0i.","og_url":"https:\/\/biogroupvietnam.com\/vi\/san-pham\/may-ly-tam-lanh-de-san-rotixa-500rs\/","og_site_name":"Biogroup Vietnam","article_modified_time":"2025-09-29T08:09:15+00:00","og_image":[{"width":1600,"height":1229,"url":"https:\/\/biogroupvietnam.com\/wp-content\/uploads\/2025\/08\/Rotixa20500RS-1.jpg","type":"image\/jpeg"}],"twitter_card":"summary_large_image","twitter_misc":{"\u01af\u1edbc t\u00ednh th\u1eddi gian \u0111\u1ecdc":"1 ph\u00fat"},"schema":{"@context":"https:\/\/schema.org","@graph":[{"@type":"WebPage","@id":"https:\/\/biogroupvietnam.com\/vi\/san-pham\/may-ly-tam-lanh-de-san-rotixa-500rs\/","url":"https:\/\/biogroupvietnam.com\/vi\/san-pham\/may-ly-tam-lanh-de-san-rotixa-500rs\/","name":"M\u00e1y Ly T\u00e2m L\u1ea1nh \u0110\u1ec3 S\u00e0n ROTIXA 500RS","isPartOf":{"@id":"https:\/\/biogroupvietnam.com\/vi\/#website"},"primaryImageOfPage":{"@id":"https:\/\/biogroupvietnam.com\/vi\/san-pham\/may-ly-tam-lanh-de-san-rotixa-500rs\/#primaryimage"},"image":{"@id":"https:\/\/biogroupvietnam.com\/vi\/san-pham\/may-ly-tam-lanh-de-san-rotixa-500rs\/#primaryimage"},"thumbnailUrl":"https:\/\/biogroupvietnam.com\/wp-content\/uploads\/2025\/08\/Rotixa20500RS-1.jpg","datePublished":"2025-08-18T12:56:07+00:00","dateModified":"2025-09-29T08:09:15+00:00","description":"C\u00e1c b\u1ed9 ph\u1eadn b\u1ec1n b\u1ec9 gi\u00fap m\u00e1y ly t\u00e2m ROTIXA 500 RS tr\u1edf th\u00e0nh thi\u1ebft b\u1ecb \u0111\u00e1ng tin c\u1eady v\u1edbi tu\u1ed5i th\u1ecd l\u00e2u d\u00e0i.","breadcrumb":{"@id":"https:\/\/biogroupvietnam.com\/vi\/san-pham\/may-ly-tam-lanh-de-san-rotixa-500rs\/#breadcrumb"},"inLanguage":"vi","potentialAction":[{"@type":"ReadAction","target":["https:\/\/biogroupvietnam.com\/vi\/san-pham\/may-ly-tam-lanh-de-san-rotixa-500rs\/"]}]},{"@type":"ImageObject","inLanguage":"vi","@id":"https:\/\/biogroupvietnam.com\/vi\/san-pham\/may-ly-tam-lanh-de-san-rotixa-500rs\/#primaryimage","url":"https:\/\/biogroupvietnam.com\/wp-content\/uploads\/2025\/08\/Rotixa20500RS-1.jpg","contentUrl":"https:\/\/biogroupvietnam.com\/wp-content\/uploads\/2025\/08\/Rotixa20500RS-1.jpg","width":1600,"height":1229,"caption":"\u00a0"},{"@type":"BreadcrumbList","@id":"https:\/\/biogroupvietnam.com\/vi\/san-pham\/may-ly-tam-lanh-de-san-rotixa-500rs\/#breadcrumb","itemListElement":[{"@type":"ListItem","position":1,"name":"Trang ch\u1ee7","item":"https:\/\/biogroupvietnam.com\/vi\/"},{"@type":"ListItem","position":2,"name":"S\u1ea3n ph\u1ea9m","item":"https:\/\/biogroupvietnam.com\/vi\/san-pham\/"},{"@type":"ListItem","position":3,"name":"R&amp;D Sinh H\u1ecdc","item":"https:\/\/biogroupvietnam.com\/vi\/danh-muc-san-pham\/rd-sinh-hoc\/"},{"@type":"ListItem","position":4,"name":"M\u00e1y ly t\u00e2m","item":"https:\/\/biogroupvietnam.com\/vi\/danh-muc-san-pham\/may-ly-tam\/"},{"@type":"ListItem","position":5,"name":"M\u00e1y Ly T\u00e2m L\u1ea1nh \u0110\u1ec3 S\u00e0n ROTIXA 500RS"}]},{"@type":"WebSite","@id":"https:\/\/biogroupvietnam.com\/vi\/#website","url":"https:\/\/biogroupvietnam.com\/vi\/","name":"Biogroup Vietnam","description":"Biogroup Vietnam cung c\u1ea5p d\u1ecbch v\u1ee5 k\u1ef9 thu\u1eadt c\u00f9ng thi\u1ebft b\u1ecb, v\u1eadt t\u01b0, h\u00f3a ch\u1ea5t v\u00e0 gi\u1ea3i ph\u00e1p sinh h\u1ecdc cho ph\u00f2ng th\u00ed nghi\u1ec7m c\u00f4ng ngh\u1ec7 sinh h\u1ecdc, y sinh v\u00e0 y h\u1ecdc t\u00e1i t\u1ea1o.","potentialAction":[{"@type":"SearchAction","target":{"@type":"EntryPoint","urlTemplate":"https:\/\/biogroupvietnam.com\/vi\/?s={search_term_string}"},"query-input":{"@type":"PropertyValueSpecification","valueRequired":true,"valueName":"search_term_string"}}],"inLanguage":"vi"}]}},"_links":{"self":[{"href":"https:\/\/biogroupvietnam.com\/vi\/wp-json\/wp\/v2\/product\/4060","targetHints":{"allow":["GET"]}}],"collection":[{"href":"https:\/\/biogroupvietnam.com\/vi\/wp-json\/wp\/v2\/product"}],"about":[{"href":"https:\/\/biogroupvietnam.com\/vi\/wp-json\/wp\/v2\/types\/product"}],"replies":[{"embeddable":true,"href":"https:\/\/biogroupvietnam.com\/vi\/wp-json\/wp\/v2\/comments?post=4060"}],"version-history":[{"count":3,"href":"https:\/\/biogroupvietnam.com\/vi\/wp-json\/wp\/v2\/product\/4060\/revisions"}],"predecessor-version":[{"id":8335,"href":"https:\/\/biogroupvietnam.com\/vi\/wp-json\/wp\/v2\/product\/4060\/revisions\/8335"}],"wp:featuredmedia":[{"embeddable":true,"href":"https:\/\/biogroupvietnam.com\/vi\/wp-json\/wp\/v2\/media\/5580"}],"wp:attachment":[{"href":"https:\/\/biogroupvietnam.com\/vi\/wp-json\/wp\/v2\/media?parent=4060"}],"wp:term":[{"taxonomy":"product_brand","embeddable":true,"href":"https:\/\/biogroupvietnam.com\/vi\/wp-json\/wp\/v2\/product_brand?post=4060"},{"taxonomy":"product_cat","embeddable":true,"href":"https:\/\/biogroupvietnam.com\/vi\/wp-json\/wp\/v2\/product_cat?post=4060"},{"taxonomy":"product_tag","embeddable":true,"href":"https:\/\/biogroupvietnam.com\/vi\/wp-json\/wp\/v2\/product_tag?post=4060"}],"curies":[{"name":"wp","href":"https:\/\/api.w.org\/{rel}","templated":true}]}}