{"id":4061,"date":"2025-08-18T19:56:07","date_gmt":"2025-08-18T12:56:07","guid":{"rendered":"http:\/\/biogroupvietnam-worldpress.local\/product\/import-placeholder-for-246\/"},"modified":"2025-09-29T15:09:16","modified_gmt":"2025-09-29T08:09:16","slug":"may-ly-tam-de-ban-rotolavit-ii","status":"publish","type":"product","link":"https:\/\/biogroupvietnam.com\/vi\/san-pham\/may-ly-tam-de-ban-rotolavit-ii\/","title":{"rendered":"M\u00e1y Ly T\u00e2m \u0110\u1ec3 B\u00e0n ROTOLAVIT II"},"content":{"rendered":"<h3><strong>\u1ee8ng d\u1ee5ng c\u1ee7a m\u00e1y ly t\u00e2m \u0111\u1ec3 b\u00e0n ROTOLAVIT II:<\/strong><\/h3>\n<p>&#8211; ROTOLAVIT II l\u00e0 m\u00e1y ly t\u00e2m r\u1eeda d\u00f9ng \u0111\u1ec3 h\u1ed7 tr\u1ee3 c\u00e1c c\u00f4ng vi\u1ec7c th\u01b0\u1eddng quy trong ph\u00f2ng x\u00e9t nghi\u1ec7m m\u00e1u.<\/p>\n<p>&#8211; Thi\u1ebft b\u1ecb n\u00e0y \u0111\u01b0\u1ee3c ph\u00e1t tri\u1ec3n \u0111\u1ec3 th\u1ef1c hi\u1ec7n ph\u1ea3n \u1ee9ng ch\u00e9o, t\u00ecm ki\u1ebfm v\u00e0 ph\u00e2n bi\u1ec7t kh\u00e1ng th\u1ec3, v\u00e0 \u0111\u1ec3 r\u1eeda t\u1ebf b\u00e0o trong c\u00e1c x\u00e9t nghi\u1ec7m b\u1ec7nh lao.<\/p>\n<h3><strong>\u01afu \u0111i\u1ec3m c\u1ee7a m\u00e1y ly t\u00e2m \u0111\u1ec3 b\u00e0n ROTOLAVIT II:<\/strong><\/h3>\n<p>&#8211; M\u00e0n h\u00ecnh c\u1ea3m \u1ee9ng hi\u1ec7n \u0111\u1ea1i cho ph\u00e9p nh\u1eadp \u0111\u01a1n gi\u1ea3n v\u00e0 nhanh ch\u00f3ng v\u1edbi t\u1ed1i \u0111a 24 ch\u01b0\u01a1ng tr\u00ecnh kh\u00e1c nhau.<\/p>\n<p>&#8211; Di\u1ec7n t\u00edch nh\u1ecf v\u00e0 cung c\u1ea5p k\u1ebft qu\u1ea3 \u0111\u00e1ng tin c\u1eady v\u1edbi chi ph\u00ed v\u1eadt t\u01b0 ti\u00eau hao th\u1ea5p.<\/p>\n<p>&#8211; \u0110\u1ea1t ti\u00eau chu\u1ea9n ch\u1ea5t l\u01b0\u1ee3ng: ISO 13485 v\u00e0&nbsp;EC.<\/p>\n<h3><strong>T\u00ednh n\u0103ng k\u1ef9 thu\u1eadt:<\/strong><\/h3>\n<p>&#8211; M\u00e1y ly t\u00e2m r\u1eeda t\u1ebf b\u00e0o t\u1ef1 \u0111\u1ed9ng \u0111\u1ec3 x\u00e9t nghi\u1ec7m huy\u1ebft thanh<\/p>\n<p>&#8211; T\u1ed1c \u0111\u1ed9 v\u00f2ng quay\/ph\u00fat: 3.500 (RPM)<\/p>\n<p>&#8211; L\u1ef1c ly t\u00e2m: 1.438 (RCF)<\/p>\n<p>&#8211; Dung t\u00edch: 24 x 5ml<\/p>\n<p>&#8211; T\u00f9y ch\u1ecdn 2 roto 12 v\u1ecb tr\u00ed v\u00e0 24 v\u1ecb tr\u00ed<\/p>\n<p>&#8211; Tu\u00e2n th\u1ee7 IVDR theo quy \u0111\u1ecbnh (EU) 2017\/746<\/p>\n<p>&#8211; \u0110\u1ed9 \u1ed3n t\u1ed1i \u0111a \u2264 49 dB (A)<\/p>\n<p>&#8211; V\u1eadn h\u00e0nh d\u1ec5 d\u00e0ng v\u1edbi m\u00e0n h\u00ecnh c\u1ea3m \u1ee9ng<\/p>\n<p>&#8211; B\u1ed9 nh\u1edb l\u01b0u tr\u1eef 24 ch\u01b0\u01a1ng tr\u00ecnh<\/p>\n<p>&#8211; 7 ch\u01b0\u01a1ng tr\u00ecnh \u1ee9ng d\u1ee5ng \u0111\u01b0\u1ee3c c\u00e0i \u0111\u1eb7t s\u1eb5n<\/p>\n<p>&#8211; V\u1ecf v\u00e0 n\u1eafp b\u1eb1ng kim lo\u1ea1i<\/p>\n<p>&#8211; C\u00f3 c\u1ed5ng quan s\u00e1t \u1edf n\u1eafp<\/p>\n<p>&#8211; Kh\u00f3a n\u1eafp b\u1eb1ng m\u1ed9t tay<\/p>\n<p>&#8211; B\u1ea3o v\u1ec7 n\u1eafp r\u01a1i<\/p>\n<p>&#8211; M\u1edf kh\u00f3a kh\u1ea9n c\u1ea5p<\/p>\n<p>&#8211; \u0110\u1ed9ng c\u01a1 kh\u00f4ng ch\u1ed5i than<\/p>\n<p>&#8211; Hi\u1ec3n th\u1ecb l\u1ed7i tr\u00ean m\u00e0n h\u00ecnh<\/p>\n<p>&#8211; T\u1eaft khi ph\u00e1t hi\u1ec7n m\u1ea5t c\u00e2n b\u1eb1ng<\/p>\n<p>&#8211; M\u00e0n h\u00ecnh c\u1ea3m \u1ee9ng m\u00e0u th\u1ec3 hi\u1ec7n t\u1ea5t c\u1ea3 c\u00e1c th\u00f4ng s\u1ed1<\/p>\n<p>&#8211; Th\u1ed1ng b\u00e1o b\u1eb1ng \u00e2m thanh sau khi ho\u00e0n t\u1ea5t qu\u00e1 tr\u00ecnh ly t\u00e2m<\/p>\n<h3><strong>Th\u00f4ng s\u1ed1 k\u1ef9 thu\u1eadt:<\/strong><\/h3>\n<p>&#8211; Ngu\u1ed3n \u0111i\u1ec7n: 100 \u2013 240 V 1 ~, 50 \u2013 60 Hz<\/p>\n<p>&#8211; C\u00f4ng su\u1ea5t: 270 VA<\/p>\n<p>&#8211; N\u0103ng l\u01b0\u1ee3ng ti\u00eau th\u1ee5: 144 VA<\/p>\n<p>&#8211; Ph\u00e1t th\u1ea3i, mi\u1ec5n d\u1ecbch: EN \/ IEC 61326-3-2 \/ FCC CFR47 part 15, ed 2015-04-21 (e-CFR) class B<\/p>\n<p>&#8211; T\u1ed1c \u0111\u1ed9 ly t\u00e2m: 3.500 (V\u00f2ng\/ Ph\u00fat)<\/p>\n<p>&#8211; L\u1ef1c ly t\u00e2m: 1.438(RCF)<\/p>\n<p>&#8211; Dung t\u00edch t\u1ed1i \u0111a: 24 \u1ed1ng ti\u00eau chu\u1ea9n (10 x 75 mm ho\u1eb7c 12 x 75 mm)<\/p>\n<p>&#8211; B\u00e1n k\u00ednh (c\u1ea3 hai rotor): 105 mm<\/p>\n<p>&#8211; Th\u1eddi gian ho\u1ea1t \u0111\u1ed9ng: 1 \u2013 99 ph\u00fat, ch\u1ea1y li\u00ean t\u1ee5c, ch\u1ebf \u0111\u1ed9 chu k\u1ef3 ng\u1eafn (n\u00fat xung)<\/p>\n<p>&#8211; K\u00edch th\u01b0\u1edbc (W x D x H): 480 x 280 x 330 mm<\/p>\n<p>&#8211; C\u00e2n n\u1eb7ng: 24,5 kg<\/p>\n","protected":false},"excerpt":{"rendered":"<p>\u1ee8ng d\u1ee5ng c\u1ee7a m\u00e1y ly t\u00e2m \u0111\u1ec3 b\u00e0n ROTOLAVIT II: &#8211; ROTOLAVIT II l\u00e0 m\u00e1y ly t\u00e2m r\u1eeda d\u00f9ng \u0111\u1ec3 h\u1ed7 tr\u1ee3 c\u00e1c c\u00f4ng vi\u1ec7c th\u01b0\u1eddng quy trong ph\u00f2ng x\u00e9t nghi\u1ec7m m\u00e1u. &#8211; Thi\u1ebft b\u1ecb n\u00e0y \u0111\u01b0\u1ee3c ph\u00e1t tri\u1ec3n \u0111\u1ec3 th\u1ef1c hi\u1ec7n ph\u1ea3n \u1ee9ng ch\u00e9o, t\u00ecm ki\u1ebfm v\u00e0 ph\u00e2n bi\u1ec7t kh\u00e1ng th\u1ec3, v\u00e0 \u0111\u1ec3 r\u1eeda<\/p>\n<div class=\"klb-readmore post-buttons\"><a class=\"button rounded primary\" href=\"https:\/\/biogroupvietnam.com\/vi\/san-pham\/may-ly-tam-de-ban-rotolavit-ii\/\">Read More <i class=\"klbth-icon-right-arrow\"><\/i><\/a><\/div>\n","protected":false},"featured_media":5581,"comment_status":"closed","ping_status":"closed","template":"","meta":{"_acf_changed":false},"product_brand":[130],"product_cat":[122],"product_tag":[],"class_list":{"0":"post-4061","1":"product","2":"type-product","3":"status-publish","4":"has-post-thumbnail","6":"product_brand-andreas-hettich","7":"product_cat-may-ly-tam","9":"first","10":"outofstock","11":"shipping-taxable","12":"product-type-simple"},"acf":[],"yoast_head":"<!-- This site is optimized with the Yoast SEO plugin v26.8 - https:\/\/yoast.com\/product\/yoast-seo-wordpress\/ -->\n<title>M\u00e1y Ly T\u00e2m \u0110\u1ec3 B\u00e0n ROTOLAVIT II<\/title>\n<meta name=\"description\" content=\"ROTOLAVIT II l\u00e0 m\u00e1y ly t\u00e2m r\u1eeda d\u00f9ng \u0111\u1ec3 h\u1ed7 tr\u1ee3 c\u00e1c c\u00f4ng vi\u1ec7c th\u01b0\u1eddng quy trong ph\u00f2ng x\u00e9t nghi\u1ec7m m\u00e1u.\" \/>\n<meta name=\"robots\" content=\"index, follow, max-snippet:-1, max-image-preview:large, max-video-preview:-1\" \/>\n<link rel=\"canonical\" href=\"https:\/\/biogroupvietnam.com\/vi\/san-pham\/may-ly-tam-de-ban-rotolavit-ii\/\" \/>\n<meta property=\"og:locale\" content=\"vi_VN\" \/>\n<meta property=\"og:type\" content=\"article\" \/>\n<meta property=\"og:title\" content=\"M\u00e1y Ly T\u00e2m \u0110\u1ec3 B\u00e0n ROTOLAVIT II\" \/>\n<meta property=\"og:description\" content=\"ROTOLAVIT II l\u00e0 m\u00e1y ly t\u00e2m r\u1eeda d\u00f9ng \u0111\u1ec3 h\u1ed7 tr\u1ee3 c\u00e1c c\u00f4ng vi\u1ec7c th\u01b0\u1eddng quy trong ph\u00f2ng x\u00e9t nghi\u1ec7m m\u00e1u.\" \/>\n<meta property=\"og:url\" content=\"https:\/\/biogroupvietnam.com\/vi\/san-pham\/may-ly-tam-de-ban-rotolavit-ii\/\" \/>\n<meta property=\"og:site_name\" content=\"Biogroup Vietnam\" \/>\n<meta property=\"article:modified_time\" content=\"2025-09-29T08:09:16+00:00\" \/>\n<meta property=\"og:image\" content=\"https:\/\/biogroupvietnam.com\/wp-content\/uploads\/2025\/08\/rotolavit20II202.jpg\" \/>\n\t<meta property=\"og:image:width\" content=\"1600\" \/>\n\t<meta property=\"og:image:height\" content=\"1229\" \/>\n\t<meta property=\"og:image:type\" content=\"image\/jpeg\" \/>\n<meta name=\"twitter:card\" content=\"summary_large_image\" \/>\n<meta name=\"twitter:label1\" content=\"\u01af\u1edbc t\u00ednh th\u1eddi gian \u0111\u1ecdc\" \/>\n\t<meta name=\"twitter:data1\" content=\"1 ph\u00fat\" \/>\n<script type=\"application\/ld+json\" class=\"yoast-schema-graph\">{\"@context\":\"https:\/\/schema.org\",\"@graph\":[{\"@type\":\"WebPage\",\"@id\":\"https:\/\/biogroupvietnam.com\/vi\/san-pham\/may-ly-tam-de-ban-rotolavit-ii\/\",\"url\":\"https:\/\/biogroupvietnam.com\/vi\/san-pham\/may-ly-tam-de-ban-rotolavit-ii\/\",\"name\":\"M\u00e1y Ly T\u00e2m \u0110\u1ec3 B\u00e0n ROTOLAVIT II\",\"isPartOf\":{\"@id\":\"https:\/\/biogroupvietnam.com\/vi\/#website\"},\"primaryImageOfPage\":{\"@id\":\"https:\/\/biogroupvietnam.com\/vi\/san-pham\/may-ly-tam-de-ban-rotolavit-ii\/#primaryimage\"},\"image\":{\"@id\":\"https:\/\/biogroupvietnam.com\/vi\/san-pham\/may-ly-tam-de-ban-rotolavit-ii\/#primaryimage\"},\"thumbnailUrl\":\"https:\/\/biogroupvietnam.com\/wp-content\/uploads\/2025\/08\/rotolavit20II202.jpg\",\"datePublished\":\"2025-08-18T12:56:07+00:00\",\"dateModified\":\"2025-09-29T08:09:16+00:00\",\"description\":\"ROTOLAVIT II l\u00e0 m\u00e1y ly t\u00e2m r\u1eeda d\u00f9ng \u0111\u1ec3 h\u1ed7 tr\u1ee3 c\u00e1c c\u00f4ng vi\u1ec7c th\u01b0\u1eddng quy trong ph\u00f2ng x\u00e9t nghi\u1ec7m m\u00e1u.\",\"breadcrumb\":{\"@id\":\"https:\/\/biogroupvietnam.com\/vi\/san-pham\/may-ly-tam-de-ban-rotolavit-ii\/#breadcrumb\"},\"inLanguage\":\"vi\",\"potentialAction\":[{\"@type\":\"ReadAction\",\"target\":[\"https:\/\/biogroupvietnam.com\/vi\/san-pham\/may-ly-tam-de-ban-rotolavit-ii\/\"]}]},{\"@type\":\"ImageObject\",\"inLanguage\":\"vi\",\"@id\":\"https:\/\/biogroupvietnam.com\/vi\/san-pham\/may-ly-tam-de-ban-rotolavit-ii\/#primaryimage\",\"url\":\"https:\/\/biogroupvietnam.com\/wp-content\/uploads\/2025\/08\/rotolavit20II202.jpg\",\"contentUrl\":\"https:\/\/biogroupvietnam.com\/wp-content\/uploads\/2025\/08\/rotolavit20II202.jpg\",\"width\":1600,\"height\":1229,\"caption\":\"\u00a0\"},{\"@type\":\"BreadcrumbList\",\"@id\":\"https:\/\/biogroupvietnam.com\/vi\/san-pham\/may-ly-tam-de-ban-rotolavit-ii\/#breadcrumb\",\"itemListElement\":[{\"@type\":\"ListItem\",\"position\":1,\"name\":\"Trang ch\u1ee7\",\"item\":\"https:\/\/biogroupvietnam.com\/vi\/\"},{\"@type\":\"ListItem\",\"position\":2,\"name\":\"S\u1ea3n ph\u1ea9m\",\"item\":\"https:\/\/biogroupvietnam.com\/vi\/san-pham\/\"},{\"@type\":\"ListItem\",\"position\":3,\"name\":\"R&amp;D Sinh H\u1ecdc\",\"item\":\"https:\/\/biogroupvietnam.com\/vi\/danh-muc-san-pham\/rd-sinh-hoc\/\"},{\"@type\":\"ListItem\",\"position\":4,\"name\":\"M\u00e1y ly t\u00e2m\",\"item\":\"https:\/\/biogroupvietnam.com\/vi\/danh-muc-san-pham\/may-ly-tam\/\"},{\"@type\":\"ListItem\",\"position\":5,\"name\":\"M\u00e1y Ly T\u00e2m \u0110\u1ec3 B\u00e0n ROTOLAVIT II\"}]},{\"@type\":\"WebSite\",\"@id\":\"https:\/\/biogroupvietnam.com\/vi\/#website\",\"url\":\"https:\/\/biogroupvietnam.com\/vi\/\",\"name\":\"Biogroup Vietnam\",\"description\":\"Biogroup Vietnam cung c\u1ea5p d\u1ecbch v\u1ee5 k\u1ef9 thu\u1eadt c\u00f9ng thi\u1ebft b\u1ecb, v\u1eadt t\u01b0, h\u00f3a ch\u1ea5t v\u00e0 gi\u1ea3i ph\u00e1p sinh h\u1ecdc cho ph\u00f2ng th\u00ed nghi\u1ec7m c\u00f4ng ngh\u1ec7 sinh h\u1ecdc, y sinh v\u00e0 y h\u1ecdc t\u00e1i t\u1ea1o.\",\"potentialAction\":[{\"@type\":\"SearchAction\",\"target\":{\"@type\":\"EntryPoint\",\"urlTemplate\":\"https:\/\/biogroupvietnam.com\/vi\/?s={search_term_string}\"},\"query-input\":{\"@type\":\"PropertyValueSpecification\",\"valueRequired\":true,\"valueName\":\"search_term_string\"}}],\"inLanguage\":\"vi\"}]}<\/script>\n<!-- \/ Yoast SEO plugin. -->","yoast_head_json":{"title":"M\u00e1y Ly T\u00e2m \u0110\u1ec3 B\u00e0n ROTOLAVIT II","description":"ROTOLAVIT II l\u00e0 m\u00e1y ly t\u00e2m r\u1eeda d\u00f9ng \u0111\u1ec3 h\u1ed7 tr\u1ee3 c\u00e1c c\u00f4ng vi\u1ec7c th\u01b0\u1eddng quy trong ph\u00f2ng x\u00e9t nghi\u1ec7m m\u00e1u.","robots":{"index":"index","follow":"follow","max-snippet":"max-snippet:-1","max-image-preview":"max-image-preview:large","max-video-preview":"max-video-preview:-1"},"canonical":"https:\/\/biogroupvietnam.com\/vi\/san-pham\/may-ly-tam-de-ban-rotolavit-ii\/","og_locale":"vi_VN","og_type":"article","og_title":"M\u00e1y Ly T\u00e2m \u0110\u1ec3 B\u00e0n ROTOLAVIT II","og_description":"ROTOLAVIT II l\u00e0 m\u00e1y ly t\u00e2m r\u1eeda d\u00f9ng \u0111\u1ec3 h\u1ed7 tr\u1ee3 c\u00e1c c\u00f4ng vi\u1ec7c th\u01b0\u1eddng quy trong ph\u00f2ng x\u00e9t nghi\u1ec7m m\u00e1u.","og_url":"https:\/\/biogroupvietnam.com\/vi\/san-pham\/may-ly-tam-de-ban-rotolavit-ii\/","og_site_name":"Biogroup Vietnam","article_modified_time":"2025-09-29T08:09:16+00:00","og_image":[{"width":1600,"height":1229,"url":"https:\/\/biogroupvietnam.com\/wp-content\/uploads\/2025\/08\/rotolavit20II202.jpg","type":"image\/jpeg"}],"twitter_card":"summary_large_image","twitter_misc":{"\u01af\u1edbc t\u00ednh th\u1eddi gian \u0111\u1ecdc":"1 ph\u00fat"},"schema":{"@context":"https:\/\/schema.org","@graph":[{"@type":"WebPage","@id":"https:\/\/biogroupvietnam.com\/vi\/san-pham\/may-ly-tam-de-ban-rotolavit-ii\/","url":"https:\/\/biogroupvietnam.com\/vi\/san-pham\/may-ly-tam-de-ban-rotolavit-ii\/","name":"M\u00e1y Ly T\u00e2m \u0110\u1ec3 B\u00e0n ROTOLAVIT II","isPartOf":{"@id":"https:\/\/biogroupvietnam.com\/vi\/#website"},"primaryImageOfPage":{"@id":"https:\/\/biogroupvietnam.com\/vi\/san-pham\/may-ly-tam-de-ban-rotolavit-ii\/#primaryimage"},"image":{"@id":"https:\/\/biogroupvietnam.com\/vi\/san-pham\/may-ly-tam-de-ban-rotolavit-ii\/#primaryimage"},"thumbnailUrl":"https:\/\/biogroupvietnam.com\/wp-content\/uploads\/2025\/08\/rotolavit20II202.jpg","datePublished":"2025-08-18T12:56:07+00:00","dateModified":"2025-09-29T08:09:16+00:00","description":"ROTOLAVIT II l\u00e0 m\u00e1y ly t\u00e2m r\u1eeda d\u00f9ng \u0111\u1ec3 h\u1ed7 tr\u1ee3 c\u00e1c c\u00f4ng vi\u1ec7c th\u01b0\u1eddng quy trong ph\u00f2ng x\u00e9t nghi\u1ec7m m\u00e1u.","breadcrumb":{"@id":"https:\/\/biogroupvietnam.com\/vi\/san-pham\/may-ly-tam-de-ban-rotolavit-ii\/#breadcrumb"},"inLanguage":"vi","potentialAction":[{"@type":"ReadAction","target":["https:\/\/biogroupvietnam.com\/vi\/san-pham\/may-ly-tam-de-ban-rotolavit-ii\/"]}]},{"@type":"ImageObject","inLanguage":"vi","@id":"https:\/\/biogroupvietnam.com\/vi\/san-pham\/may-ly-tam-de-ban-rotolavit-ii\/#primaryimage","url":"https:\/\/biogroupvietnam.com\/wp-content\/uploads\/2025\/08\/rotolavit20II202.jpg","contentUrl":"https:\/\/biogroupvietnam.com\/wp-content\/uploads\/2025\/08\/rotolavit20II202.jpg","width":1600,"height":1229,"caption":"\u00a0"},{"@type":"BreadcrumbList","@id":"https:\/\/biogroupvietnam.com\/vi\/san-pham\/may-ly-tam-de-ban-rotolavit-ii\/#breadcrumb","itemListElement":[{"@type":"ListItem","position":1,"name":"Trang ch\u1ee7","item":"https:\/\/biogroupvietnam.com\/vi\/"},{"@type":"ListItem","position":2,"name":"S\u1ea3n ph\u1ea9m","item":"https:\/\/biogroupvietnam.com\/vi\/san-pham\/"},{"@type":"ListItem","position":3,"name":"R&amp;D Sinh H\u1ecdc","item":"https:\/\/biogroupvietnam.com\/vi\/danh-muc-san-pham\/rd-sinh-hoc\/"},{"@type":"ListItem","position":4,"name":"M\u00e1y ly t\u00e2m","item":"https:\/\/biogroupvietnam.com\/vi\/danh-muc-san-pham\/may-ly-tam\/"},{"@type":"ListItem","position":5,"name":"M\u00e1y Ly T\u00e2m \u0110\u1ec3 B\u00e0n ROTOLAVIT II"}]},{"@type":"WebSite","@id":"https:\/\/biogroupvietnam.com\/vi\/#website","url":"https:\/\/biogroupvietnam.com\/vi\/","name":"Biogroup Vietnam","description":"Biogroup Vietnam cung c\u1ea5p d\u1ecbch v\u1ee5 k\u1ef9 thu\u1eadt c\u00f9ng thi\u1ebft b\u1ecb, v\u1eadt t\u01b0, h\u00f3a ch\u1ea5t v\u00e0 gi\u1ea3i ph\u00e1p sinh h\u1ecdc cho ph\u00f2ng th\u00ed nghi\u1ec7m c\u00f4ng ngh\u1ec7 sinh h\u1ecdc, y sinh v\u00e0 y h\u1ecdc t\u00e1i t\u1ea1o.","potentialAction":[{"@type":"SearchAction","target":{"@type":"EntryPoint","urlTemplate":"https:\/\/biogroupvietnam.com\/vi\/?s={search_term_string}"},"query-input":{"@type":"PropertyValueSpecification","valueRequired":true,"valueName":"search_term_string"}}],"inLanguage":"vi"}]}},"_links":{"self":[{"href":"https:\/\/biogroupvietnam.com\/vi\/wp-json\/wp\/v2\/product\/4061","targetHints":{"allow":["GET"]}}],"collection":[{"href":"https:\/\/biogroupvietnam.com\/vi\/wp-json\/wp\/v2\/product"}],"about":[{"href":"https:\/\/biogroupvietnam.com\/vi\/wp-json\/wp\/v2\/types\/product"}],"replies":[{"embeddable":true,"href":"https:\/\/biogroupvietnam.com\/vi\/wp-json\/wp\/v2\/comments?post=4061"}],"version-history":[{"count":3,"href":"https:\/\/biogroupvietnam.com\/vi\/wp-json\/wp\/v2\/product\/4061\/revisions"}],"predecessor-version":[{"id":8336,"href":"https:\/\/biogroupvietnam.com\/vi\/wp-json\/wp\/v2\/product\/4061\/revisions\/8336"}],"wp:featuredmedia":[{"embeddable":true,"href":"https:\/\/biogroupvietnam.com\/vi\/wp-json\/wp\/v2\/media\/5581"}],"wp:attachment":[{"href":"https:\/\/biogroupvietnam.com\/vi\/wp-json\/wp\/v2\/media?parent=4061"}],"wp:term":[{"taxonomy":"product_brand","embeddable":true,"href":"https:\/\/biogroupvietnam.com\/vi\/wp-json\/wp\/v2\/product_brand?post=4061"},{"taxonomy":"product_cat","embeddable":true,"href":"https:\/\/biogroupvietnam.com\/vi\/wp-json\/wp\/v2\/product_cat?post=4061"},{"taxonomy":"product_tag","embeddable":true,"href":"https:\/\/biogroupvietnam.com\/vi\/wp-json\/wp\/v2\/product_tag?post=4061"}],"curies":[{"name":"wp","href":"https:\/\/api.w.org\/{rel}","templated":true}]}}