{"id":4062,"date":"2025-08-18T19:56:07","date_gmt":"2025-08-18T12:56:07","guid":{"rendered":"http:\/\/biogroupvietnam-worldpress.local\/product\/import-placeholder-for-247\/"},"modified":"2025-10-02T14:34:20","modified_gmt":"2025-10-02T07:34:20","slug":"may-ly-tam-de-ban-haematokrit-200","status":"publish","type":"product","link":"https:\/\/biogroupvietnam.com\/vi\/san-pham\/may-ly-tam-de-ban-haematokrit-200\/","title":{"rendered":"M\u00e1y Ly T\u00e2m \u0110\u1ec3 B\u00e0n HAEMATOKRIT 200"},"content":{"rendered":"<h3><strong>\u1ee8ng d\u1ee5ng c\u1ee7a M\u00e1y ly t\u00e2m \u0111\u1ec3 b\u00e0n HAEMATOKRIT 200:<\/strong><\/h3>\n<p>HAEMATOKRIT 200 \u0111\u01b0\u1ee3c s\u1eed d\u1ee5ng \u0111\u1ec3 ly t\u00e2m c\u00e1c m\u1eabu m\u00e1u c\u00f3 ngu\u1ed3n g\u1ed1c t\u1eeb ng\u01b0\u1eddi trong c\u00e1c \u1ed1ng mao qu\u1ea3n hematocrit theo EN ISO 12772 ho\u1eb7c trong c\u00e1c \u1ed1ng mao qu\u1ea3n \u0111\u1eb7c bi\u1ec7t \u0111\u1ec3 ph\u00e2n t\u00edch \u0111\u1ecbnh l\u01b0\u1ee3ng l\u1edbp gi\u00e0u t\u1ebf b\u00e0o g\u1ed1c (buffy coat).<\/p>\n<h3><strong>T\u00ednh n\u0103ng k\u1ef9 thu\u1eadt:<\/strong><\/h3>\n<p>&#8211; T\u1ed1c \u0111\u1ed9 v\u00f2ng quay\/ph\u00fat: 200 &#8211; 13.000 (RPM). C\u00f3 th\u1ec3 \u0111i\u1ec1u ch\u1ec9nh l\u00ean \u0111\u1ebfn 10.000 v\u00f2ng\/ph\u00fat theo m\u1ee9c t\u0103ng 10, t\u1ed1c \u0111\u1ed9 cao h\u01a1n \u0111i\u1ec1u ch\u1ec9nh v\u1edbi m\u1ee9c t\u0103ng 100<\/p>\n<p>&#8211; L\u1ef1c ly t\u00e2m: 16.060 (RCF)&nbsp; &nbsp; &nbsp; &nbsp; &nbsp; &nbsp; &nbsp; &nbsp; &nbsp; &nbsp; &nbsp; &nbsp; &nbsp; &nbsp; &nbsp; &nbsp;&nbsp;<\/p>\n<p>&#8211; M\u00e1y ly t\u00e2m hematocrit nh\u1ecf g\u1ecdn, hi\u1ec7u su\u1ea5t cao<\/p>\n<p>&#8211; Ti\u00eau chu\u1ea9n IVD-ph\u00f9 h\u1ee3p theo ch\u1ec9 th\u1ecb 98\/79\/EC<\/p>\n<p>&#8211; \u0110\u1ed9 \u1ed3n t\u1ed1i \u0111a \u2264 56 dB(A)<\/p>\n<p>&#8211; Ph\u00edm xung cho ch\u1ebf \u0111\u1ed9 chu k\u1ef3 ng\u1eafn<\/p>\n<p>&#8211; 2 giai \u0111o\u1ea1n t\u0103ng t\u1ed1c v\u00e0 gi\u1ea3m t\u1ed1c ri\u00eang bi\u1ec7t<\/p>\n<p>&#8211; V\u1eadn h\u00e0nh d\u1ec5 d\u00e0ng b\u1eb1ng b\u00e0n ph\u00edm<\/p>\n<p>&#8211; V\u1ecf b\u1eb1ng nh\u1ef1a v\u00e0 n\u1eafp b\u1eb1ng kim lo\u1ea1i<\/p>\n<p>&#8211; C\u00f3 c\u1ed5ng quan s\u00e1t \u1edf n\u1eafp<\/p>\n<p>&#8211; Kh\u00f3a n\u1eafp b\u1eb1ng m\u1ed9t tay<\/p>\n<p>&#8211; B\u1ea3o v\u1ec7 n\u1eafp r\u01a1i<\/p>\n<p>&#8211; M\u1edf kh\u00f3a kh\u1ea9n c\u1ea5p<\/p>\n<p>&#8211; Bu\u1ed3ng ly t\u00e2m b\u1eb1ng h\u1ee3p kim<\/p>\n<p>&#8211; \u0110\u1ed9ng c\u01a1 kh\u00f4ng ch\u1ed5i than<\/p>\n<p>&#8211; Hi\u1ec3n th\u1ecb l\u1ed7i tr\u00ean m\u00e0n h\u00ecnh<\/p>\n<p>&#8211; T\u1eaft khi ph\u00e1t hi\u1ec7n m\u1ea5t c\u00e2n b\u1eb1ng<\/p>\n<p>&#8211; B\u1ea3ng \u0111\u00e8n n\u1ec1n th\u1ec3 hi\u1ec7n t\u1ea5t c\u1ea3 c\u00e1c th\u00f4ng s\u1ed1<\/p>\n<p>&#8211; Th\u1ed1ng b\u00e1o b\u1eb1ng \u00e2m thanh v\u00e0 h\u00ecnh \u1ea3nh<\/p>\n<p>&#8211; \u0110\u1ea1t ti\u00eau chu\u1ea9n ch\u1ea5t l\u01b0\u1ee3ng: ISO 13485 v\u00e0&nbsp;EC<\/p>\n<h3><strong>Th\u00f4ng s\u1ed1 k\u1ef9 thu\u1eadt:<\/strong><\/h3>\n<p>&#8211; Ngu\u1ed3n \u0111i\u1ec7n: 200 \u2013 240 V 1 ~, 50 \u2013 60 Hz<\/p>\n<p>&#8211; C\u00f4ng su\u1ea5t: 270 VA<\/p>\n<p>&#8211; N\u0103ng l\u01b0\u1ee3ng ti\u00eau th\u1ee5: 1,3A<\/p>\n<p>&#8211; Ph\u00e1t th\u1ea3i, mi\u1ec5n d\u1ecbch: EN \/ IEC 61326-1, class B<\/p>\n<p>&#8211; T\u1ed1c \u0111\u1ed9 ly t\u00e2m: 13.000 (V\u00f2ng\/ Ph\u00fat)<\/p>\n<p>&#8211; L\u1ef1c ly t\u00e2m:16.060 (RCF)<\/p>\n<p>&#8211; Th\u1ec3 t\u00edch t\u1ed1i \u0111a: 24 x 2.2 ml (\u1ed1ng mao qu\u1ea3n)<\/p>\n<p>&#8211; Th\u1eddi gian ho\u1ea1t \u0111\u1ed9ng: 1 \u2013 99 ph\u00fat, ch\u1ea1y li\u00ean t\u1ee5c, ch\u1ebf \u0111\u1ed9 chu k\u1ef3 ng\u1eafn (n\u00fat xung)<\/p>\n<p>&#8211; K\u00edch th\u01b0\u1edbc (W x D x H): 261 x 353 x 228 mm<\/p>\n<p>&#8211; C\u00e2n n\u1eb7ng: 10 kg<\/p>\n","protected":false},"excerpt":{"rendered":"<p>\u1ee8ng d\u1ee5ng c\u1ee7a M\u00e1y ly t\u00e2m \u0111\u1ec3 b\u00e0n HAEMATOKRIT 200: HAEMATOKRIT 200 \u0111\u01b0\u1ee3c s\u1eed d\u1ee5ng \u0111\u1ec3 ly t\u00e2m c\u00e1c m\u1eabu m\u00e1u c\u00f3 ngu\u1ed3n g\u1ed1c t\u1eeb ng\u01b0\u1eddi trong c\u00e1c \u1ed1ng mao qu\u1ea3n hematocrit theo EN ISO 12772 ho\u1eb7c trong c\u00e1c \u1ed1ng mao qu\u1ea3n \u0111\u1eb7c bi\u1ec7t \u0111\u1ec3 ph\u00e2n t\u00edch \u0111\u1ecbnh l\u01b0\u1ee3ng l\u1edbp gi\u00e0u t\u1ebf b\u00e0o g\u1ed1c (buffy<\/p>\n<div class=\"klb-readmore post-buttons\"><a class=\"button rounded primary\" href=\"https:\/\/biogroupvietnam.com\/vi\/san-pham\/may-ly-tam-de-ban-haematokrit-200\/\">Read More <i class=\"klbth-icon-right-arrow\"><\/i><\/a><\/div>\n","protected":false},"featured_media":5582,"comment_status":"closed","ping_status":"closed","template":"","meta":{"_acf_changed":false},"product_brand":[130],"product_cat":[122],"product_tag":[],"class_list":{"0":"post-4062","1":"product","2":"type-product","3":"status-publish","4":"has-post-thumbnail","6":"product_brand-andreas-hettich","7":"product_cat-may-ly-tam","9":"first","10":"outofstock","11":"shipping-taxable","12":"product-type-simple"},"acf":[],"yoast_head":"<!-- This site is optimized with the Yoast SEO plugin v26.8 - https:\/\/yoast.com\/product\/yoast-seo-wordpress\/ -->\n<title>M\u00e1y Ly T\u00e2m \u0110\u1ec3 B\u00e0n HAEMATOKRIT 200<\/title>\n<meta name=\"description\" content=\"HAEMATOKRIT 200 \u0111\u01b0\u1ee3c s\u1eed d\u1ee5ng \u0111\u1ec3 ly t\u00e2m c\u00e1c m\u1eabu m\u00e1u c\u00f3 ngu\u1ed3n g\u1ed1c t\u1eeb ng\u01b0\u1eddi trong c\u00e1c \u1ed1ng mao qu\u1ea3n hematocrit theo EN ISO 12772 ho\u1eb7c trong c\u00e1c \u1ed1ng mao qu\u1ea3n \u0111\u1eb7c bi\u1ec7t \u0111\u1ec3 ph\u00e2n t\u00edch \u0111\u1ecbnh l\u01b0\u1ee3ng l\u1edbp gi\u00e0u t\u1ebf b\u00e0o g\u1ed1c (buffy coat).\" \/>\n<meta name=\"robots\" content=\"index, follow, max-snippet:-1, max-image-preview:large, max-video-preview:-1\" \/>\n<link rel=\"canonical\" href=\"https:\/\/biogroupvietnam.com\/vi\/san-pham\/may-ly-tam-de-ban-haematokrit-200\/\" \/>\n<meta property=\"og:locale\" content=\"vi_VN\" \/>\n<meta property=\"og:type\" content=\"article\" \/>\n<meta property=\"og:title\" content=\"M\u00e1y Ly T\u00e2m \u0110\u1ec3 B\u00e0n HAEMATOKRIT 200\" \/>\n<meta property=\"og:description\" content=\"HAEMATOKRIT 200 \u0111\u01b0\u1ee3c s\u1eed d\u1ee5ng \u0111\u1ec3 ly t\u00e2m c\u00e1c m\u1eabu m\u00e1u c\u00f3 ngu\u1ed3n g\u1ed1c t\u1eeb ng\u01b0\u1eddi trong c\u00e1c \u1ed1ng mao qu\u1ea3n hematocrit theo EN ISO 12772 ho\u1eb7c trong c\u00e1c \u1ed1ng mao qu\u1ea3n \u0111\u1eb7c bi\u1ec7t \u0111\u1ec3 ph\u00e2n t\u00edch \u0111\u1ecbnh l\u01b0\u1ee3ng l\u1edbp gi\u00e0u t\u1ebf b\u00e0o g\u1ed1c (buffy coat).\" \/>\n<meta property=\"og:url\" content=\"https:\/\/biogroupvietnam.com\/vi\/san-pham\/may-ly-tam-de-ban-haematokrit-200\/\" \/>\n<meta property=\"og:site_name\" content=\"Biogroup Vietnam\" \/>\n<meta property=\"article:modified_time\" content=\"2025-10-02T07:34:20+00:00\" \/>\n<meta property=\"og:image\" content=\"https:\/\/biogroupvietnam.com\/wp-content\/uploads\/2025\/08\/HAEMATOKRIT20200202.jpg\" \/>\n\t<meta property=\"og:image:width\" content=\"1600\" \/>\n\t<meta property=\"og:image:height\" content=\"1229\" \/>\n\t<meta property=\"og:image:type\" content=\"image\/jpeg\" \/>\n<meta name=\"twitter:card\" content=\"summary_large_image\" \/>\n<meta name=\"twitter:label1\" content=\"\u01af\u1edbc t\u00ednh th\u1eddi gian \u0111\u1ecdc\" \/>\n\t<meta name=\"twitter:data1\" content=\"1 ph\u00fat\" \/>\n<script type=\"application\/ld+json\" class=\"yoast-schema-graph\">{\"@context\":\"https:\/\/schema.org\",\"@graph\":[{\"@type\":\"WebPage\",\"@id\":\"https:\/\/biogroupvietnam.com\/vi\/san-pham\/may-ly-tam-de-ban-haematokrit-200\/\",\"url\":\"https:\/\/biogroupvietnam.com\/vi\/san-pham\/may-ly-tam-de-ban-haematokrit-200\/\",\"name\":\"M\u00e1y Ly T\u00e2m \u0110\u1ec3 B\u00e0n HAEMATOKRIT 200\",\"isPartOf\":{\"@id\":\"https:\/\/biogroupvietnam.com\/vi\/#website\"},\"primaryImageOfPage\":{\"@id\":\"https:\/\/biogroupvietnam.com\/vi\/san-pham\/may-ly-tam-de-ban-haematokrit-200\/#primaryimage\"},\"image\":{\"@id\":\"https:\/\/biogroupvietnam.com\/vi\/san-pham\/may-ly-tam-de-ban-haematokrit-200\/#primaryimage\"},\"thumbnailUrl\":\"https:\/\/biogroupvietnam.com\/wp-content\/uploads\/2025\/08\/HAEMATOKRIT20200202.jpg\",\"datePublished\":\"2025-08-18T12:56:07+00:00\",\"dateModified\":\"2025-10-02T07:34:20+00:00\",\"description\":\"HAEMATOKRIT 200 \u0111\u01b0\u1ee3c s\u1eed d\u1ee5ng \u0111\u1ec3 ly t\u00e2m c\u00e1c m\u1eabu m\u00e1u c\u00f3 ngu\u1ed3n g\u1ed1c t\u1eeb ng\u01b0\u1eddi trong c\u00e1c \u1ed1ng mao qu\u1ea3n hematocrit theo EN ISO 12772 ho\u1eb7c trong c\u00e1c \u1ed1ng mao qu\u1ea3n \u0111\u1eb7c bi\u1ec7t \u0111\u1ec3 ph\u00e2n t\u00edch \u0111\u1ecbnh l\u01b0\u1ee3ng l\u1edbp gi\u00e0u t\u1ebf b\u00e0o g\u1ed1c (buffy coat).\",\"breadcrumb\":{\"@id\":\"https:\/\/biogroupvietnam.com\/vi\/san-pham\/may-ly-tam-de-ban-haematokrit-200\/#breadcrumb\"},\"inLanguage\":\"vi\",\"potentialAction\":[{\"@type\":\"ReadAction\",\"target\":[\"https:\/\/biogroupvietnam.com\/vi\/san-pham\/may-ly-tam-de-ban-haematokrit-200\/\"]}]},{\"@type\":\"ImageObject\",\"inLanguage\":\"vi\",\"@id\":\"https:\/\/biogroupvietnam.com\/vi\/san-pham\/may-ly-tam-de-ban-haematokrit-200\/#primaryimage\",\"url\":\"https:\/\/biogroupvietnam.com\/wp-content\/uploads\/2025\/08\/HAEMATOKRIT20200202.jpg\",\"contentUrl\":\"https:\/\/biogroupvietnam.com\/wp-content\/uploads\/2025\/08\/HAEMATOKRIT20200202.jpg\",\"width\":1600,\"height\":1229,\"caption\":\"\u00a0\"},{\"@type\":\"BreadcrumbList\",\"@id\":\"https:\/\/biogroupvietnam.com\/vi\/san-pham\/may-ly-tam-de-ban-haematokrit-200\/#breadcrumb\",\"itemListElement\":[{\"@type\":\"ListItem\",\"position\":1,\"name\":\"Trang ch\u1ee7\",\"item\":\"https:\/\/biogroupvietnam.com\/vi\/\"},{\"@type\":\"ListItem\",\"position\":2,\"name\":\"S\u1ea3n ph\u1ea9m\",\"item\":\"https:\/\/biogroupvietnam.com\/vi\/san-pham\/\"},{\"@type\":\"ListItem\",\"position\":3,\"name\":\"R&amp;D Sinh H\u1ecdc\",\"item\":\"https:\/\/biogroupvietnam.com\/vi\/danh-muc-san-pham\/rd-sinh-hoc\/\"},{\"@type\":\"ListItem\",\"position\":4,\"name\":\"M\u00e1y ly t\u00e2m\",\"item\":\"https:\/\/biogroupvietnam.com\/vi\/danh-muc-san-pham\/may-ly-tam\/\"},{\"@type\":\"ListItem\",\"position\":5,\"name\":\"M\u00e1y Ly T\u00e2m \u0110\u1ec3 B\u00e0n HAEMATOKRIT 200\"}]},{\"@type\":\"WebSite\",\"@id\":\"https:\/\/biogroupvietnam.com\/vi\/#website\",\"url\":\"https:\/\/biogroupvietnam.com\/vi\/\",\"name\":\"Biogroup Vietnam\",\"description\":\"Biogroup Vietnam cung c\u1ea5p d\u1ecbch v\u1ee5 k\u1ef9 thu\u1eadt c\u00f9ng thi\u1ebft b\u1ecb, v\u1eadt t\u01b0, h\u00f3a ch\u1ea5t v\u00e0 gi\u1ea3i ph\u00e1p sinh h\u1ecdc cho ph\u00f2ng th\u00ed nghi\u1ec7m c\u00f4ng ngh\u1ec7 sinh h\u1ecdc, y sinh v\u00e0 y h\u1ecdc t\u00e1i t\u1ea1o.\",\"potentialAction\":[{\"@type\":\"SearchAction\",\"target\":{\"@type\":\"EntryPoint\",\"urlTemplate\":\"https:\/\/biogroupvietnam.com\/vi\/?s={search_term_string}\"},\"query-input\":{\"@type\":\"PropertyValueSpecification\",\"valueRequired\":true,\"valueName\":\"search_term_string\"}}],\"inLanguage\":\"vi\"}]}<\/script>\n<!-- \/ Yoast SEO plugin. -->","yoast_head_json":{"title":"M\u00e1y Ly T\u00e2m \u0110\u1ec3 B\u00e0n HAEMATOKRIT 200","description":"HAEMATOKRIT 200 \u0111\u01b0\u1ee3c s\u1eed d\u1ee5ng \u0111\u1ec3 ly t\u00e2m c\u00e1c m\u1eabu m\u00e1u c\u00f3 ngu\u1ed3n g\u1ed1c t\u1eeb ng\u01b0\u1eddi trong c\u00e1c \u1ed1ng mao qu\u1ea3n hematocrit theo EN ISO 12772 ho\u1eb7c trong c\u00e1c \u1ed1ng mao qu\u1ea3n \u0111\u1eb7c bi\u1ec7t \u0111\u1ec3 ph\u00e2n t\u00edch \u0111\u1ecbnh l\u01b0\u1ee3ng l\u1edbp gi\u00e0u t\u1ebf b\u00e0o g\u1ed1c (buffy coat).","robots":{"index":"index","follow":"follow","max-snippet":"max-snippet:-1","max-image-preview":"max-image-preview:large","max-video-preview":"max-video-preview:-1"},"canonical":"https:\/\/biogroupvietnam.com\/vi\/san-pham\/may-ly-tam-de-ban-haematokrit-200\/","og_locale":"vi_VN","og_type":"article","og_title":"M\u00e1y Ly T\u00e2m \u0110\u1ec3 B\u00e0n HAEMATOKRIT 200","og_description":"HAEMATOKRIT 200 \u0111\u01b0\u1ee3c s\u1eed d\u1ee5ng \u0111\u1ec3 ly t\u00e2m c\u00e1c m\u1eabu m\u00e1u c\u00f3 ngu\u1ed3n g\u1ed1c t\u1eeb ng\u01b0\u1eddi trong c\u00e1c \u1ed1ng mao qu\u1ea3n hematocrit theo EN ISO 12772 ho\u1eb7c trong c\u00e1c \u1ed1ng mao qu\u1ea3n \u0111\u1eb7c bi\u1ec7t \u0111\u1ec3 ph\u00e2n t\u00edch \u0111\u1ecbnh l\u01b0\u1ee3ng l\u1edbp gi\u00e0u t\u1ebf b\u00e0o g\u1ed1c (buffy coat).","og_url":"https:\/\/biogroupvietnam.com\/vi\/san-pham\/may-ly-tam-de-ban-haematokrit-200\/","og_site_name":"Biogroup Vietnam","article_modified_time":"2025-10-02T07:34:20+00:00","og_image":[{"width":1600,"height":1229,"url":"https:\/\/biogroupvietnam.com\/wp-content\/uploads\/2025\/08\/HAEMATOKRIT20200202.jpg","type":"image\/jpeg"}],"twitter_card":"summary_large_image","twitter_misc":{"\u01af\u1edbc t\u00ednh th\u1eddi gian \u0111\u1ecdc":"1 ph\u00fat"},"schema":{"@context":"https:\/\/schema.org","@graph":[{"@type":"WebPage","@id":"https:\/\/biogroupvietnam.com\/vi\/san-pham\/may-ly-tam-de-ban-haematokrit-200\/","url":"https:\/\/biogroupvietnam.com\/vi\/san-pham\/may-ly-tam-de-ban-haematokrit-200\/","name":"M\u00e1y Ly T\u00e2m \u0110\u1ec3 B\u00e0n HAEMATOKRIT 200","isPartOf":{"@id":"https:\/\/biogroupvietnam.com\/vi\/#website"},"primaryImageOfPage":{"@id":"https:\/\/biogroupvietnam.com\/vi\/san-pham\/may-ly-tam-de-ban-haematokrit-200\/#primaryimage"},"image":{"@id":"https:\/\/biogroupvietnam.com\/vi\/san-pham\/may-ly-tam-de-ban-haematokrit-200\/#primaryimage"},"thumbnailUrl":"https:\/\/biogroupvietnam.com\/wp-content\/uploads\/2025\/08\/HAEMATOKRIT20200202.jpg","datePublished":"2025-08-18T12:56:07+00:00","dateModified":"2025-10-02T07:34:20+00:00","description":"HAEMATOKRIT 200 \u0111\u01b0\u1ee3c s\u1eed d\u1ee5ng \u0111\u1ec3 ly t\u00e2m c\u00e1c m\u1eabu m\u00e1u c\u00f3 ngu\u1ed3n g\u1ed1c t\u1eeb ng\u01b0\u1eddi trong c\u00e1c \u1ed1ng mao qu\u1ea3n hematocrit theo EN ISO 12772 ho\u1eb7c trong c\u00e1c \u1ed1ng mao qu\u1ea3n \u0111\u1eb7c bi\u1ec7t \u0111\u1ec3 ph\u00e2n t\u00edch \u0111\u1ecbnh l\u01b0\u1ee3ng l\u1edbp gi\u00e0u t\u1ebf b\u00e0o g\u1ed1c (buffy coat).","breadcrumb":{"@id":"https:\/\/biogroupvietnam.com\/vi\/san-pham\/may-ly-tam-de-ban-haematokrit-200\/#breadcrumb"},"inLanguage":"vi","potentialAction":[{"@type":"ReadAction","target":["https:\/\/biogroupvietnam.com\/vi\/san-pham\/may-ly-tam-de-ban-haematokrit-200\/"]}]},{"@type":"ImageObject","inLanguage":"vi","@id":"https:\/\/biogroupvietnam.com\/vi\/san-pham\/may-ly-tam-de-ban-haematokrit-200\/#primaryimage","url":"https:\/\/biogroupvietnam.com\/wp-content\/uploads\/2025\/08\/HAEMATOKRIT20200202.jpg","contentUrl":"https:\/\/biogroupvietnam.com\/wp-content\/uploads\/2025\/08\/HAEMATOKRIT20200202.jpg","width":1600,"height":1229,"caption":"\u00a0"},{"@type":"BreadcrumbList","@id":"https:\/\/biogroupvietnam.com\/vi\/san-pham\/may-ly-tam-de-ban-haematokrit-200\/#breadcrumb","itemListElement":[{"@type":"ListItem","position":1,"name":"Trang ch\u1ee7","item":"https:\/\/biogroupvietnam.com\/vi\/"},{"@type":"ListItem","position":2,"name":"S\u1ea3n ph\u1ea9m","item":"https:\/\/biogroupvietnam.com\/vi\/san-pham\/"},{"@type":"ListItem","position":3,"name":"R&amp;D Sinh H\u1ecdc","item":"https:\/\/biogroupvietnam.com\/vi\/danh-muc-san-pham\/rd-sinh-hoc\/"},{"@type":"ListItem","position":4,"name":"M\u00e1y ly t\u00e2m","item":"https:\/\/biogroupvietnam.com\/vi\/danh-muc-san-pham\/may-ly-tam\/"},{"@type":"ListItem","position":5,"name":"M\u00e1y Ly T\u00e2m \u0110\u1ec3 B\u00e0n HAEMATOKRIT 200"}]},{"@type":"WebSite","@id":"https:\/\/biogroupvietnam.com\/vi\/#website","url":"https:\/\/biogroupvietnam.com\/vi\/","name":"Biogroup Vietnam","description":"Biogroup Vietnam cung c\u1ea5p d\u1ecbch v\u1ee5 k\u1ef9 thu\u1eadt c\u00f9ng thi\u1ebft b\u1ecb, v\u1eadt t\u01b0, h\u00f3a ch\u1ea5t v\u00e0 gi\u1ea3i ph\u00e1p sinh h\u1ecdc cho ph\u00f2ng th\u00ed nghi\u1ec7m c\u00f4ng ngh\u1ec7 sinh h\u1ecdc, y sinh v\u00e0 y h\u1ecdc t\u00e1i t\u1ea1o.","potentialAction":[{"@type":"SearchAction","target":{"@type":"EntryPoint","urlTemplate":"https:\/\/biogroupvietnam.com\/vi\/?s={search_term_string}"},"query-input":{"@type":"PropertyValueSpecification","valueRequired":true,"valueName":"search_term_string"}}],"inLanguage":"vi"}]}},"_links":{"self":[{"href":"https:\/\/biogroupvietnam.com\/vi\/wp-json\/wp\/v2\/product\/4062","targetHints":{"allow":["GET"]}}],"collection":[{"href":"https:\/\/biogroupvietnam.com\/vi\/wp-json\/wp\/v2\/product"}],"about":[{"href":"https:\/\/biogroupvietnam.com\/vi\/wp-json\/wp\/v2\/types\/product"}],"replies":[{"embeddable":true,"href":"https:\/\/biogroupvietnam.com\/vi\/wp-json\/wp\/v2\/comments?post=4062"}],"version-history":[{"count":3,"href":"https:\/\/biogroupvietnam.com\/vi\/wp-json\/wp\/v2\/product\/4062\/revisions"}],"predecessor-version":[{"id":8337,"href":"https:\/\/biogroupvietnam.com\/vi\/wp-json\/wp\/v2\/product\/4062\/revisions\/8337"}],"wp:featuredmedia":[{"embeddable":true,"href":"https:\/\/biogroupvietnam.com\/vi\/wp-json\/wp\/v2\/media\/5582"}],"wp:attachment":[{"href":"https:\/\/biogroupvietnam.com\/vi\/wp-json\/wp\/v2\/media?parent=4062"}],"wp:term":[{"taxonomy":"product_brand","embeddable":true,"href":"https:\/\/biogroupvietnam.com\/vi\/wp-json\/wp\/v2\/product_brand?post=4062"},{"taxonomy":"product_cat","embeddable":true,"href":"https:\/\/biogroupvietnam.com\/vi\/wp-json\/wp\/v2\/product_cat?post=4062"},{"taxonomy":"product_tag","embeddable":true,"href":"https:\/\/biogroupvietnam.com\/vi\/wp-json\/wp\/v2\/product_tag?post=4062"}],"curies":[{"name":"wp","href":"https:\/\/api.w.org\/{rel}","templated":true}]}}