{"id":4067,"date":"2025-08-18T19:56:09","date_gmt":"2025-08-18T12:56:09","guid":{"rendered":"http:\/\/biogroupvietnam-worldpress.local\/product\/import-placeholder-for-259\/"},"modified":"2026-04-02T10:15:04","modified_gmt":"2026-04-02T03:15:04","slug":"moi-truong-nuoi-cay-te-bao-mtesr-plus","status":"publish","type":"product","link":"https:\/\/biogroupvietnam.com\/vi\/san-pham\/moi-truong-nuoi-cay-te-bao-mtesr-plus\/","title":{"rendered":"M\u00f4i Tr\u01b0\u1eddng Nu\u00f4i C\u1ea5y T\u1ebf B\u00e0o mTeSR\u2122 Plus"},"content":{"rendered":"<p style=\"text-align: justify;\">mTeSR\u2122 Plus\u202fl\u00e0 m\u00f4i tr\u01b0\u1eddng kh\u00f4ng b\u1ed5 sung c\u01a1 ch\u1ea5t (feeder-free) \u1ed5n \u0111\u1ecbnh, \u0111\u1ea1t ti\u00eau chu\u1ea9n cGMP, d\u00f9ng trong nu\u00f4i c\u1ea5y t\u1ebf b\u00e0o g\u1ed1c ph\u00f4i (ES &#8211; Embryonic Stem Cells), t\u1ebf b\u00e0o g\u1ed1c \u0111a n\u0103ng c\u1ea3m \u1ee9ng (iPSC &#8211; Induced Pluripotent Stem Cells) c\u1ee7a ng\u01b0\u1eddi.<\/p>\n<h3 style=\"text-align: justify;\"><strong>T\u1ed5ng quan v\u1ec1 m\u00f4i tr\u01b0\u1eddng nu\u00f4i c\u1ea5y t\u1ebf b\u00e0o mTeSR\u2122 Plus<\/strong><\/h3>\n<p style=\"text-align: justify;\">Tr\u1ea3i nghi\u1ec7m cu\u1ed1i tu\u1ea7n th\u01b0 gi\u00e3n v\u00e0 c\u00e1c c\u1ea3i thi\u1ec7n c\u00e1c \u0111\u1eb7c \u0111i\u1ec3m t\u0103ng tr\u01b0\u1edfng trong khi v\u1eabn duy tr\u00ec ch\u1ea5t l\u01b0\u1ee3ng t\u1ebf b\u00e0o v\u1edbi m\u00f4i tr\u01b0\u1eddng nu\u00f4i c\u1ea5y kh\u00f4ng c\u1ea7n b\u1ed5 sung c\u01a1 ch\u1ea5t (feeder-free) \u1ed5n \u0111\u1ecbnh n\u00e0y d\u00e0nh cho t\u1ebf b\u00e0o g\u1ed1c \u0111a n\u0103ng c\u1ee7a ng\u01b0\u1eddi (hPSC).<\/p>\n<p style=\"text-align: justify;\">\u0110\u01b0\u1ee3c s\u1ea3n xu\u1ea5t theo c\u00e1c ti\u00eau chu\u1ea9n cGMP hi\u1ec7n h\u00e0nh, mTeSR\u2122 Plus \u0111\u1ea3m b\u1ea3o ch\u1ea5t l\u01b0\u1ee3ng v\u00e0 t\u00ednh nh\u1ea5t qu\u00e1n cao nh\u1ea5t cho nghi\u00ean c\u1ee9u c\u01a1 b\u1ea3n c\u0169ng nh\u01b0 cho li\u1ec7u ph\u00e1p t\u1ebf b\u00e0o v\u00e0 c\u00e1c \u1ee9ng d\u1ee5ng nghi\u00ean c\u1ee9u thu\u1ed1c m\u1edbi. D\u1ef1a tr\u00ean <a href=\"https:\/\/biogroupvietnam.com\/vi\/products\/nghien-cuu-sinh-hoc\/moi-truong-nuoi-cay-te-bao\/mtesr1.html\">mTeSR\u21221<\/a> (Catalog #85850) \u2013 m\u00f4i tr\u01b0\u1eddng nu\u00f4i c\u1ea5y kh\u00f4ng b\u1ed5 sung c\u01a1 ch\u1ea5t (feeder-free) ph\u1ed5 bi\u1ebfn nh\u1ea5t d\u00e0nh cho t\u1ebf b\u00e0o g\u1ed1c \u0111a n\u0103ng ng\u01b0\u1eddi (hPSCs). V\u1edbi c\u00e1c th\u00e0nh ph\u1ea7n m\u00f4i tr\u01b0\u1eddng quan tr\u1ecdng \u0111\u01b0\u1ee3c \u1ed5n \u0111\u1ecbnh, bao g\u1ed3m FGF2 v\u00e0 kh\u1ea3 n\u0103ng \u0111\u1ec7m pH v\u01b0\u1ee3t tr\u1ed9i, b\u1ea1n c\u00f3 th\u1ec3 s\u1eed d\u1ee5ng mTeSR\u2122 Plus \u0111\u1ec3 duy tr\u00ec c\u00e1c thu\u1ed9c t\u00ednh ch\u1ea5t l\u01b0\u1ee3ng t\u1ebf b\u00e0o v\u00e0 t\u0103ng t\u1ed1c \u0111\u1ed9 t\u0103ng sinh t\u1ebf b\u00e0o b\u1eb1ng c\u00e1ch cho b\u1ed5 sung c\u01a1 ch\u1ea5t h\u00e0ng ng\u00e0y ho\u1eb7c h\u1ea1n ch\u1ebf. M\u1ed7i l\u00f4 mTeSR\u2122 Plus 5X Supplement \u0111\u01b0\u1ee3c s\u1eed d\u1ee5ng \u0111\u1ec3 chu\u1ea9n b\u1ecb m\u00f4i tr\u01b0\u1eddng mTeSR\u2122 Plus ho\u00e0n ch\u1ec9nh v\u00e0 \u0111\u01b0\u1ee3c ki\u1ec3m tra hi\u1ec7u su\u1ea5t b\u1eb1ng th\u00ed nghi\u1ec7m nu\u00f4i c\u1ea5y v\u1edbi t\u1ebf b\u00e0o g\u1ed1c \u0111a n\u0103ng ng\u01b0\u1eddi (hPSCs).<\/p>\n<p style=\"text-align: justify;\">M\u00f4i tr\u01b0\u1eddng nu\u00f4i c\u1ea5y mTeSR\u2122 Plus t\u01b0\u01a1ng th\u00edch v\u1edbi Corning\u00ae Matrigel\u00ae hESC-Qualified Matrix v\u00e0 Vitronectin XF\u2122 (Catalog #07180, \u0111\u01b0\u1ee3c ph\u00e1t tri\u1ec3n v\u00e0 s\u1ea3n xu\u1ea5t b\u1edfi Nucleus Biologics).<\/p>\n<h3 style=\"text-align: justify;\"><strong>T\u00ednh n\u0103ng n\u1ed5i b\u1eadt<\/strong><\/h3>\n<ul>\n<li>\n<p style=\"text-align: justify;\">T\u0103ng c\u01b0\u1eddng buffer v\u00e0 \u1ed5n \u0111\u1ecbnh FGF2 h\u1ed7 tr\u1ee3 ch\u1ea5t l\u01b0\u1ee3ng t\u1ebf b\u00e0o trong khi cho ph\u00e9p thay \u0111\u1ed5i l\u1ecbch tr\u00ecnh nu\u00f4i c\u1ea5y<\/p>\n<\/li>\n<li>\n<p style=\"text-align: justify;\">H\u1ed7 tr\u1ee3 h\u00ecnh th\u00e1i nu\u00f4i c\u1ea5y v\u01b0\u1ee3t tr\u1ed9i v\u00e0 \u0111\u1eb7c \u0111i\u1ec3m t\u0103ng tr\u01b0\u1edfng t\u1ebf b\u00e0o<\/p>\n<\/li>\n<li>\n<p style=\"text-align: justify;\">Cho ph\u00e9p t\u0103ng c\u01b0\u1eddng kh\u1ea3 n\u0103ng s\u1ed1ng s\u00f3t c\u1ee7a t\u1ebf b\u00e0o \u0111\u01a1n l\u1ebb khi s\u1eed d\u1ee5ng v\u1edbi CloneR\u2122<\/p>\n<\/li>\n<li>\n<p style=\"text-align: justify;\">Ho\u00e0n to\u00e0n t\u01b0\u01a1ng th\u00edch v\u1edbi c\u00e1c quy tr\u00ecnh ch\u1ec9nh s\u1eeda gen v\u00e0 bi\u1ec7t h\u00f3a \u0111\u00e3 thi\u1ebft l\u1eadp<\/p>\n<\/li>\n<\/ul>\n<h3 style=\"text-align: justify;\"><strong>\u1ee8ng d\u1ee5ng<\/strong><\/h3>\n<p style=\"text-align: justify;\">Nu\u00f4i c\u1ea5y t\u1ebf b\u00e0o, T\u0103ng sinh, Duy tr\u00ec<\/p>\n<h3 style=\"text-align: justify;\"><strong>Th\u00e0nh ph\u1ea7n b\u1ed9 kit<\/strong><\/h3>\n<ul>\n<li>\n<p style=\"text-align: justify;\">mTeSR\u2122 Plus Kit, cGMP (Catalog #100-0276), 500mL, bao g\u1ed3m:<\/p>\n<\/li>\n<li>\n<p style=\"text-align: justify;\">mTeSR\u2122 Plus Basal Medium (Catalog #(100-0274), 400 mL<\/p>\n<\/li>\n<li>\n<p style=\"text-align: justify;\">mTeSR\u2122 Plus 5X Supplement (Catalog #(100-0275), 100 mL<\/p>\n<\/li>\n<li>\n<p style=\"text-align: justify;\">mTeSR\u2122 Plus Kit (Catalog #(100-1130), 1L, bao g\u1ed3m:<\/p>\n<\/li>\n<li>\n<p style=\"text-align: justify;\">mTeSR\u2122 Plus Basal Medium (Catalog #(100-1060), 800 mL<\/p>\n<\/li>\n<li>\n<p style=\"text-align: justify;\">mTeSR\u2122 Plus 5x Supplement (Catalog #(100-0275), 2 x 100 mL<\/p>\n<\/li>\n<\/ul>\n<h3 style=\"text-align: justify;\"><strong>D\u1eef li\u1ec7u c\u1ee7a m\u00f4i tr\u01b0\u1eddng nu\u00f4i c\u1ea5y t\u1ebf b\u00e0o mTeSR\u2122 Plus<\/strong><\/h3>\n<p style=\"text-align: center;\"><img fetchpriority=\"high\" decoding=\"async\" src=\"https:\/\/biogroupvietnam.com\/uploads\/Nhm0lTOQXFyOrXxT2rTqewqB8vXPOx8NAq0ie55B.jpg\" alt=\"https:\/\/www.stemcell.com\/media\/images\/data-figures\/05825\/fig5_data_web_ready_updated.jpg\" width=\"426\" height=\"182\" \/><\/p>\n<p style=\"text-align: center;\"><em>H\u00ecnh 1. H\u00ecnh th\u00e1i t\u1ebf b\u00e0o ES v\u00e0 iPS b\u00ecnh th\u01b0\u1eddng c\u1ee7a ng\u01b0\u1eddi \u0111\u01b0\u1ee3c quan s\u00e1t th\u1ea5y trong m\u00f4i tr\u01b0\u1eddng nu\u00f4i c\u1ea5y mTeSR\u2122 Plus<\/em><\/p>\n<p style=\"text-align: justify;\">H\u00ecnh \u1ea3nh m\u00f4 t\u1ea3 c\u00e1c t\u1ebf b\u00e0o hES (H1) v\u00e0 iPS (WLS-1C) ch\u01b0a bi\u1ec7t h\u00f3a c\u1ee7a ng\u01b0\u1eddi \u0111\u01b0\u1ee3c nu\u00f4i c\u1ea5y tr\u00ean Corning\u00ae\ufe0f Matrigel\u00ae\ufe0f matrix trong mTeSR\u21221 v\u1edbi ch\u1ebf \u0111\u1ed9 b\u1ed5 sung c\u01a1 ch\u1ea5t h\u00e0ng ng\u00e0y ho\u1eb7c mTeSR\u2122 Plus v\u1edbi ch\u1ebf \u0111\u1ed9 b\u1ed5 sung h\u1ea1n ch\u1ebf. C\u00e1c t\u1ebf b\u00e0o v\u1eabn gi\u1eef \u0111\u01b0\u1ee3c nh\u00e2n con n\u1ed5i b\u1eadt v\u00e0 t\u1ef7 l\u1ec7 nh\u00e2n\/t\u1ebf b\u00e0o ch\u1ea5t cao \u0111\u1eb7c tr\u01b0ng c\u1ee7a lo\u1ea1i t\u1ebf b\u00e0o n\u00e0y sau 10 l\u1ea7n c\u1ea5y chuy\u1ec1n. C\u00e1c t\u1ebf b\u00e0o d\u00e0y \u0111\u1eb7c v\u00e0 nhi\u1ec1u l\u1edbp l\u00e0 \u0111i\u1ec3m n\u1ed5i b\u1eadt khi c\u00e1c t\u1ebf b\u00e0o \u0111\u00e3 s\u1eb5n s\u00e0ng \u0111\u1ec3 c\u1ea5y chuy\u1ec1n.<\/p>\n<p style=\"text-align: center;\"><img decoding=\"async\" src=\"https:\/\/biogroupvietnam.com\/uploads\/06OCFxqd6UyvoF1u8khOf7tUKHT9z5yB9mRnfcM2.jpg\" alt=\"https:\/\/www.stemcell.com\/media\/images\/data-figures\/05825\/05825-Fig6-updated.jpg\" width=\"480\" height=\"122\" \/><\/p>\n<p style=\"text-align: center;\"><em>H\u00ecnh 2. T\u1ebf b\u00e0o \u0111\u01b0\u1ee3c nu\u00f4i c\u1ea5y trong m\u00f4i tr\u01b0\u1eddng mTeSR\u2122 Plus v\u1edbi ch\u1ebf \u0111\u1ed9 b\u1ed5 sung h\u1ea1n ch\u1ebf th\u1ec3 hi\u1ec7n c\u00e1c d\u1ea5u hi\u1ec7u (marker) t\u1ebf b\u00e0o ch\u01b0a bi\u1ec7t h\u00f3a<\/em><\/p>\n<p style=\"text-align: justify;\">C\u00e1c t\u1ebf b\u00e0o ES (H1, H9) v\u00e0 iPS (WLS-1C, STiPS-M001) c\u1ee7a ng\u01b0\u1eddi \u0111\u01b0\u1ee3c \u0111\u1eb7c tr\u01b0ng b\u1eb1ng ph\u01b0\u01a1ng ph\u00e1p t\u1ebf b\u00e0o d\u00f2ng ch\u1ea3y \u0111\u1ed1i v\u1edbi c\u00e1c d\u1ea5u hi\u1ec7u t\u1ebf b\u00e0o ch\u01b0a bi\u1ec7t h\u00f3a, (A) OCT3\/4 v\u00e0 (B) TRA-1-60. Bi\u1ec3u \u0111\u1ed3 cho th\u1ea5y k\u1ebft qu\u1ea3 bi\u1ec3u hi\u1ec7n trung b\u00ecnh (\u00b1 SEM) t\u1eeb c\u00e1c ph\u00e2n t\u00edch gi\u1ebfng l\u1eb7p l\u1ea1i sau m\u1ed7i 5 l\u1ea7n c\u1ea5y chuy\u1ec1n trong t\u1ed1i \u0111a 10-15 l\u1ea7n c\u1ea5y chuy\u1ec1n trong mTeSR\u21221 (b\u1ed5 sung h\u00e0ng ng\u00e0y) ho\u1eb7c mTeSR\u2122 Plus (b\u1ed5 sung h\u1ea1n ch\u1ebf).<\/p>\n<p style=\"text-align: center;\"><img decoding=\"async\" src=\"https:\/\/biogroupvietnam.com\/uploads\/aedvebRo7tjhwwTUvncYIdY8AfkOUxmBqyOUgpMZ.jpg\" alt=\"Bi\u1ec3u \u0111\u1ed3 m\u1eadt \u0111\u1ed9 cho th\u1ea5y bi\u1ec3u hi\u1ec7n CD34+ v\u00e0 CD45+ v\u00e0 t\u1ef7 l\u1ec7 t\u1ebf b\u00e0o \u0111\u1ed3ng bi\u1ec3u hi\u1ec7n CD34+ v\u00e0 CD45+ v\u00e0 \u0111\u1ed3 th\u1ecb cho th\u1ea5y t\u1ed5ng s\u1ed1 t\u1ebf b\u00e0o s\u1ed1ng \u0111\u01b0\u1ee3c thu ho\u1ea1ch.\" width=\"480\" height=\"118\" \/><\/p>\n<p style=\"text-align: center;\"><em>H\u00ecnh 3: T\u1ea1o ra t\u1ebf b\u00e0o ti\u1ec1n th\u00e2n t\u1ea1o m\u00e1u t\u1eeb hPSC \u0111\u01b0\u1ee3c duy tr\u00ec trong mTeSR\u2122 Plus<\/em><\/p>\n<p style=\"text-align: justify;\">C\u00e1c d\u00f2ng t\u1ebf b\u00e0o ES (H1, H9) v\u00e0 iPS (STiPS-M001, WLS-1C) c\u1ee7a ng\u01b0\u1eddi \u0111\u01b0\u1ee3c duy tr\u00ec trong mTeSR\u21221 (b\u1ed5 sung h\u00e0ng ng\u00e0y) ho\u1eb7c mTeSR\u2122 Plus (b\u1ed5 sung h\u1ea1n ch\u1ebf) \u0111\u01b0\u1ee3c bi\u1ec7t h\u00f3a th\u00e0nh t\u1ebf b\u00e0o ti\u1ec1n th\u00e2n t\u1ea1o m\u00e1u b\u1eb1ng B\u1ed9 STEMdiff\u2122 Hematopoietic Kit. V\u00e0o cu\u1ed1i giai \u0111o\u1ea1n bi\u1ec7t h\u00f3a, c\u00e1c t\u1ebf b\u00e0o thu \u0111\u01b0\u1ee3c t\u1eeb d\u1ecbch n\u1ed5i v\u00e0 \u0111\u01b0\u1ee3c ph\u00e2n t\u00edch b\u1eb1ng ph\u01b0\u01a1ng ph\u00e1p t\u1ebf b\u00e0o d\u00f2ng ch\u1ea3y \u0111\u1ec3 x\u00e1c \u0111\u1ecbnh s\u1ef1 \u0111\u1ed3ng bi\u1ec3u hi\u1ec7n c\u1ee7a CD34+ v\u00e0 CD45+. (A) Bi\u1ec3u \u0111\u1ed3 m\u1eadt \u0111\u1ed9 \u0111\u1ea1i di\u1ec7n cho th\u1ea5y s\u1ef1 bi\u1ec3u hi\u1ec7n c\u1ee7a CD34+ v\u00e0 CD45+, (B) t\u1ef7 l\u1ec7 ph\u1ea7n tr\u0103m c\u00e1c t\u1ebf b\u00e0o \u0111\u1ed3ng bi\u1ec3u hi\u1ec7n CD34+ v\u00e0 CD45+ v\u00e0 (C) t\u1ed5ng s\u1ed1 t\u1ebf b\u00e0o s\u1ed1ng \u0111\u01b0\u1ee3c thu ho\u1ea1ch \u0111\u01b0\u1ee3c hi\u1ec3n th\u1ecb. D\u1eef li\u1ec7u \u0111\u01b0\u1ee3c th\u1ec3 hi\u1ec7n d\u01b0\u1edbi d\u1ea1ng gi\u00e1 tr\u1ecb trung b\u00ecnh (\u00b1 SEM); n=4.<\/p>\n<p style=\"text-align: justify;\"><a href=\"https:\/\/www.stemcell.com\/products\/mtesr-plus.html\">Xem th\u00eam d\u1eef li\u1ec7u t\u1ea1i \u0111\u00e2y<\/a><\/p>\n","protected":false},"excerpt":{"rendered":"<p>mTeSR\u2122 Plus\u202fl\u00e0 m\u00f4i tr\u01b0\u1eddng kh\u00f4ng b\u1ed5 sung c\u01a1 ch\u1ea5t (feeder-free) \u1ed5n \u0111\u1ecbnh, \u0111\u1ea1t ti\u00eau chu\u1ea9n cGMP, d\u00f9ng trong nu\u00f4i c\u1ea5y t\u1ebf b\u00e0o g\u1ed1c ph\u00f4i (ES &#8211; Embryonic Stem Cells), t\u1ebf b\u00e0o g\u1ed1c \u0111a n\u0103ng c\u1ea3m \u1ee9ng (iPSC &#8211; Induced Pluripotent Stem Cells) c\u1ee7a ng\u01b0\u1eddi. T\u1ed5ng quan v\u1ec1 m\u00f4i tr\u01b0\u1eddng nu\u00f4i c\u1ea5y t\u1ebf b\u00e0o mTeSR\u2122 Plus<\/p>\n<div class=\"klb-readmore post-buttons\"><a class=\"button rounded primary\" href=\"https:\/\/biogroupvietnam.com\/vi\/san-pham\/moi-truong-nuoi-cay-te-bao-mtesr-plus\/\">Read More <i class=\"klbth-icon-right-arrow\"><\/i><\/a><\/div>\n","protected":false},"featured_media":10129,"comment_status":"closed","ping_status":"closed","template":"","meta":{"_acf_changed":false},"product_brand":[127],"product_cat":[90],"product_tag":[],"class_list":{"0":"post-4067","1":"product","2":"type-product","3":"status-publish","4":"has-post-thumbnail","6":"product_brand-stemcell-technologies","7":"product_cat-te-bao-goc-da-nang-psc","9":"first","10":"outofstock","11":"shipping-taxable","12":"product-type-simple"},"acf":[],"yoast_head":"<!-- This site is optimized with the Yoast SEO plugin v26.8 - https:\/\/yoast.com\/product\/yoast-seo-wordpress\/ -->\n<title>M\u00f4i Tr\u01b0\u1eddng Nu\u00f4i C\u1ea5y T\u1ebf B\u00e0o mTeSR\u2122 Plus<\/title>\n<meta name=\"description\" content=\"mTeSR\u2122 Plus\u202fl\u00e0 m\u00f4i tr\u01b0\u1eddng kh\u00f4ng b\u1ed5 sung c\u01a1 ch\u1ea5t (feeder-free) \u1ed5n \u0111\u1ecbnh, \u0111\u1ea1t ti\u00eau chu\u1ea9n cGMP, d\u00f9ng trong nu\u00f4i c\u1ea5y t\u1ebf b\u00e0o g\u1ed1c ph\u00f4i (ES - Embryonic Stem Cells), t\u1ebf b\u00e0o g\u1ed1c \u0111a n\u0103ng c\u1ea3m \u1ee9ng (iPSC - Induced Pluripotent Stem Cells) c\u1ee7a ng\u01b0\u1eddi.\" \/>\n<meta name=\"robots\" content=\"index, follow, max-snippet:-1, max-image-preview:large, max-video-preview:-1\" \/>\n<link rel=\"canonical\" href=\"https:\/\/biogroupvietnam.com\/vi\/san-pham\/moi-truong-nuoi-cay-te-bao-mtesr-plus\/\" \/>\n<meta property=\"og:locale\" content=\"vi_VN\" \/>\n<meta property=\"og:type\" content=\"article\" \/>\n<meta property=\"og:title\" content=\"M\u00f4i Tr\u01b0\u1eddng Nu\u00f4i C\u1ea5y T\u1ebf B\u00e0o mTeSR\u2122 Plus\" \/>\n<meta property=\"og:description\" content=\"mTeSR\u2122 Plus\u202fl\u00e0 m\u00f4i tr\u01b0\u1eddng kh\u00f4ng b\u1ed5 sung c\u01a1 ch\u1ea5t (feeder-free) \u1ed5n \u0111\u1ecbnh, \u0111\u1ea1t ti\u00eau chu\u1ea9n cGMP, d\u00f9ng trong nu\u00f4i c\u1ea5y t\u1ebf b\u00e0o g\u1ed1c ph\u00f4i (ES - Embryonic Stem Cells), t\u1ebf b\u00e0o g\u1ed1c \u0111a n\u0103ng c\u1ea3m \u1ee9ng (iPSC - Induced Pluripotent Stem Cells) c\u1ee7a ng\u01b0\u1eddi.\" \/>\n<meta property=\"og:url\" content=\"https:\/\/biogroupvietnam.com\/vi\/san-pham\/moi-truong-nuoi-cay-te-bao-mtesr-plus\/\" \/>\n<meta property=\"og:site_name\" content=\"Biogroup Vietnam\" \/>\n<meta property=\"article:modified_time\" content=\"2026-04-02T03:15:04+00:00\" \/>\n<meta property=\"og:image\" content=\"https:\/\/biogroupvietnam.com\/wp-content\/uploads\/2025\/08\/moi-truong-nuoi-cay-te-bao-mtesr-plus.png\" \/>\n\t<meta property=\"og:image:width\" content=\"1640\" \/>\n\t<meta property=\"og:image:height\" content=\"1260\" \/>\n\t<meta property=\"og:image:type\" content=\"image\/png\" \/>\n<meta name=\"twitter:card\" content=\"summary_large_image\" \/>\n<meta name=\"twitter:label1\" content=\"\u01af\u1edbc t\u00ednh th\u1eddi gian \u0111\u1ecdc\" \/>\n\t<meta name=\"twitter:data1\" content=\"6 ph\u00fat\" \/>\n<script type=\"application\/ld+json\" class=\"yoast-schema-graph\">{\"@context\":\"https:\/\/schema.org\",\"@graph\":[{\"@type\":\"WebPage\",\"@id\":\"https:\/\/biogroupvietnam.com\/vi\/san-pham\/moi-truong-nuoi-cay-te-bao-mtesr-plus\/\",\"url\":\"https:\/\/biogroupvietnam.com\/vi\/san-pham\/moi-truong-nuoi-cay-te-bao-mtesr-plus\/\",\"name\":\"M\u00f4i Tr\u01b0\u1eddng Nu\u00f4i C\u1ea5y T\u1ebf B\u00e0o mTeSR\u2122 Plus\",\"isPartOf\":{\"@id\":\"https:\/\/biogroupvietnam.com\/vi\/#website\"},\"primaryImageOfPage\":{\"@id\":\"https:\/\/biogroupvietnam.com\/vi\/san-pham\/moi-truong-nuoi-cay-te-bao-mtesr-plus\/#primaryimage\"},\"image\":{\"@id\":\"https:\/\/biogroupvietnam.com\/vi\/san-pham\/moi-truong-nuoi-cay-te-bao-mtesr-plus\/#primaryimage\"},\"thumbnailUrl\":\"https:\/\/biogroupvietnam.com\/wp-content\/uploads\/2025\/08\/moi-truong-nuoi-cay-te-bao-mtesr-plus.png\",\"datePublished\":\"2025-08-18T12:56:09+00:00\",\"dateModified\":\"2026-04-02T03:15:04+00:00\",\"description\":\"mTeSR\u2122 Plus\u202fl\u00e0 m\u00f4i tr\u01b0\u1eddng kh\u00f4ng b\u1ed5 sung c\u01a1 ch\u1ea5t (feeder-free) \u1ed5n \u0111\u1ecbnh, \u0111\u1ea1t ti\u00eau chu\u1ea9n cGMP, d\u00f9ng trong nu\u00f4i c\u1ea5y t\u1ebf b\u00e0o g\u1ed1c ph\u00f4i (ES - Embryonic Stem Cells), t\u1ebf b\u00e0o g\u1ed1c \u0111a n\u0103ng c\u1ea3m \u1ee9ng (iPSC - Induced Pluripotent Stem Cells) c\u1ee7a ng\u01b0\u1eddi.\",\"breadcrumb\":{\"@id\":\"https:\/\/biogroupvietnam.com\/vi\/san-pham\/moi-truong-nuoi-cay-te-bao-mtesr-plus\/#breadcrumb\"},\"inLanguage\":\"vi\",\"potentialAction\":[{\"@type\":\"ReadAction\",\"target\":[\"https:\/\/biogroupvietnam.com\/vi\/san-pham\/moi-truong-nuoi-cay-te-bao-mtesr-plus\/\"]}]},{\"@type\":\"ImageObject\",\"inLanguage\":\"vi\",\"@id\":\"https:\/\/biogroupvietnam.com\/vi\/san-pham\/moi-truong-nuoi-cay-te-bao-mtesr-plus\/#primaryimage\",\"url\":\"https:\/\/biogroupvietnam.com\/wp-content\/uploads\/2025\/08\/moi-truong-nuoi-cay-te-bao-mtesr-plus.png\",\"contentUrl\":\"https:\/\/biogroupvietnam.com\/wp-content\/uploads\/2025\/08\/moi-truong-nuoi-cay-te-bao-mtesr-plus.png\",\"width\":1640,\"height\":1260,\"caption\":\"M\u00f4i Tr\u01b0\u1eddng Nu\u00f4i C\u1ea5y T\u1ebf B\u00e0o mTeSR\u2122 Plus\"},{\"@type\":\"BreadcrumbList\",\"@id\":\"https:\/\/biogroupvietnam.com\/vi\/san-pham\/moi-truong-nuoi-cay-te-bao-mtesr-plus\/#breadcrumb\",\"itemListElement\":[{\"@type\":\"ListItem\",\"position\":1,\"name\":\"Trang ch\u1ee7\",\"item\":\"https:\/\/biogroupvietnam.com\/vi\/\"},{\"@type\":\"ListItem\",\"position\":2,\"name\":\"S\u1ea3n ph\u1ea9m\",\"item\":\"https:\/\/biogroupvietnam.com\/vi\/san-pham\/\"},{\"@type\":\"ListItem\",\"position\":3,\"name\":\"Nu\u00f4i C\u1ea5y T\u1ebf B\u00e0o\",\"item\":\"https:\/\/biogroupvietnam.com\/vi\/danh-muc-san-pham\/nuoi-cay-te-bao\/\"},{\"@type\":\"ListItem\",\"position\":4,\"name\":\"T\u1ebf B\u00e0o G\u1ed1c \u0110a N\u0103ng (PSC)\",\"item\":\"https:\/\/biogroupvietnam.com\/vi\/danh-muc-san-pham\/te-bao-goc-da-nang-psc\/\"},{\"@type\":\"ListItem\",\"position\":5,\"name\":\"M\u00f4i Tr\u01b0\u1eddng Nu\u00f4i C\u1ea5y T\u1ebf B\u00e0o mTeSR\u2122 Plus\"}]},{\"@type\":\"WebSite\",\"@id\":\"https:\/\/biogroupvietnam.com\/vi\/#website\",\"url\":\"https:\/\/biogroupvietnam.com\/vi\/\",\"name\":\"Biogroup Vietnam\",\"description\":\"Biogroup Vietnam cung c\u1ea5p d\u1ecbch v\u1ee5 k\u1ef9 thu\u1eadt c\u00f9ng thi\u1ebft b\u1ecb, v\u1eadt t\u01b0, h\u00f3a ch\u1ea5t v\u00e0 gi\u1ea3i ph\u00e1p sinh h\u1ecdc cho ph\u00f2ng th\u00ed nghi\u1ec7m c\u00f4ng ngh\u1ec7 sinh h\u1ecdc, y sinh v\u00e0 y h\u1ecdc t\u00e1i t\u1ea1o.\",\"potentialAction\":[{\"@type\":\"SearchAction\",\"target\":{\"@type\":\"EntryPoint\",\"urlTemplate\":\"https:\/\/biogroupvietnam.com\/vi\/?s={search_term_string}\"},\"query-input\":{\"@type\":\"PropertyValueSpecification\",\"valueRequired\":true,\"valueName\":\"search_term_string\"}}],\"inLanguage\":\"vi\"}]}<\/script>\n<!-- \/ Yoast SEO plugin. -->","yoast_head_json":{"title":"M\u00f4i Tr\u01b0\u1eddng Nu\u00f4i C\u1ea5y T\u1ebf B\u00e0o mTeSR\u2122 Plus","description":"mTeSR\u2122 Plus\u202fl\u00e0 m\u00f4i tr\u01b0\u1eddng kh\u00f4ng b\u1ed5 sung c\u01a1 ch\u1ea5t (feeder-free) \u1ed5n \u0111\u1ecbnh, \u0111\u1ea1t ti\u00eau chu\u1ea9n cGMP, d\u00f9ng trong nu\u00f4i c\u1ea5y t\u1ebf b\u00e0o g\u1ed1c ph\u00f4i (ES - Embryonic Stem Cells), t\u1ebf b\u00e0o g\u1ed1c \u0111a n\u0103ng c\u1ea3m \u1ee9ng (iPSC - Induced Pluripotent Stem Cells) c\u1ee7a ng\u01b0\u1eddi.","robots":{"index":"index","follow":"follow","max-snippet":"max-snippet:-1","max-image-preview":"max-image-preview:large","max-video-preview":"max-video-preview:-1"},"canonical":"https:\/\/biogroupvietnam.com\/vi\/san-pham\/moi-truong-nuoi-cay-te-bao-mtesr-plus\/","og_locale":"vi_VN","og_type":"article","og_title":"M\u00f4i Tr\u01b0\u1eddng Nu\u00f4i C\u1ea5y T\u1ebf B\u00e0o mTeSR\u2122 Plus","og_description":"mTeSR\u2122 Plus\u202fl\u00e0 m\u00f4i tr\u01b0\u1eddng kh\u00f4ng b\u1ed5 sung c\u01a1 ch\u1ea5t (feeder-free) \u1ed5n \u0111\u1ecbnh, \u0111\u1ea1t ti\u00eau chu\u1ea9n cGMP, d\u00f9ng trong nu\u00f4i c\u1ea5y t\u1ebf b\u00e0o g\u1ed1c ph\u00f4i (ES - Embryonic Stem Cells), t\u1ebf b\u00e0o g\u1ed1c \u0111a n\u0103ng c\u1ea3m \u1ee9ng (iPSC - Induced Pluripotent Stem Cells) c\u1ee7a ng\u01b0\u1eddi.","og_url":"https:\/\/biogroupvietnam.com\/vi\/san-pham\/moi-truong-nuoi-cay-te-bao-mtesr-plus\/","og_site_name":"Biogroup Vietnam","article_modified_time":"2026-04-02T03:15:04+00:00","og_image":[{"width":1640,"height":1260,"url":"https:\/\/biogroupvietnam.com\/wp-content\/uploads\/2025\/08\/moi-truong-nuoi-cay-te-bao-mtesr-plus.png","type":"image\/png"}],"twitter_card":"summary_large_image","twitter_misc":{"\u01af\u1edbc t\u00ednh th\u1eddi gian \u0111\u1ecdc":"6 ph\u00fat"},"schema":{"@context":"https:\/\/schema.org","@graph":[{"@type":"WebPage","@id":"https:\/\/biogroupvietnam.com\/vi\/san-pham\/moi-truong-nuoi-cay-te-bao-mtesr-plus\/","url":"https:\/\/biogroupvietnam.com\/vi\/san-pham\/moi-truong-nuoi-cay-te-bao-mtesr-plus\/","name":"M\u00f4i Tr\u01b0\u1eddng Nu\u00f4i C\u1ea5y T\u1ebf B\u00e0o mTeSR\u2122 Plus","isPartOf":{"@id":"https:\/\/biogroupvietnam.com\/vi\/#website"},"primaryImageOfPage":{"@id":"https:\/\/biogroupvietnam.com\/vi\/san-pham\/moi-truong-nuoi-cay-te-bao-mtesr-plus\/#primaryimage"},"image":{"@id":"https:\/\/biogroupvietnam.com\/vi\/san-pham\/moi-truong-nuoi-cay-te-bao-mtesr-plus\/#primaryimage"},"thumbnailUrl":"https:\/\/biogroupvietnam.com\/wp-content\/uploads\/2025\/08\/moi-truong-nuoi-cay-te-bao-mtesr-plus.png","datePublished":"2025-08-18T12:56:09+00:00","dateModified":"2026-04-02T03:15:04+00:00","description":"mTeSR\u2122 Plus\u202fl\u00e0 m\u00f4i tr\u01b0\u1eddng kh\u00f4ng b\u1ed5 sung c\u01a1 ch\u1ea5t (feeder-free) \u1ed5n \u0111\u1ecbnh, \u0111\u1ea1t ti\u00eau chu\u1ea9n cGMP, d\u00f9ng trong nu\u00f4i c\u1ea5y t\u1ebf b\u00e0o g\u1ed1c ph\u00f4i (ES - Embryonic Stem Cells), t\u1ebf b\u00e0o g\u1ed1c \u0111a n\u0103ng c\u1ea3m \u1ee9ng (iPSC - Induced Pluripotent Stem Cells) c\u1ee7a ng\u01b0\u1eddi.","breadcrumb":{"@id":"https:\/\/biogroupvietnam.com\/vi\/san-pham\/moi-truong-nuoi-cay-te-bao-mtesr-plus\/#breadcrumb"},"inLanguage":"vi","potentialAction":[{"@type":"ReadAction","target":["https:\/\/biogroupvietnam.com\/vi\/san-pham\/moi-truong-nuoi-cay-te-bao-mtesr-plus\/"]}]},{"@type":"ImageObject","inLanguage":"vi","@id":"https:\/\/biogroupvietnam.com\/vi\/san-pham\/moi-truong-nuoi-cay-te-bao-mtesr-plus\/#primaryimage","url":"https:\/\/biogroupvietnam.com\/wp-content\/uploads\/2025\/08\/moi-truong-nuoi-cay-te-bao-mtesr-plus.png","contentUrl":"https:\/\/biogroupvietnam.com\/wp-content\/uploads\/2025\/08\/moi-truong-nuoi-cay-te-bao-mtesr-plus.png","width":1640,"height":1260,"caption":"M\u00f4i Tr\u01b0\u1eddng Nu\u00f4i C\u1ea5y T\u1ebf B\u00e0o mTeSR\u2122 Plus"},{"@type":"BreadcrumbList","@id":"https:\/\/biogroupvietnam.com\/vi\/san-pham\/moi-truong-nuoi-cay-te-bao-mtesr-plus\/#breadcrumb","itemListElement":[{"@type":"ListItem","position":1,"name":"Trang ch\u1ee7","item":"https:\/\/biogroupvietnam.com\/vi\/"},{"@type":"ListItem","position":2,"name":"S\u1ea3n ph\u1ea9m","item":"https:\/\/biogroupvietnam.com\/vi\/san-pham\/"},{"@type":"ListItem","position":3,"name":"Nu\u00f4i C\u1ea5y T\u1ebf B\u00e0o","item":"https:\/\/biogroupvietnam.com\/vi\/danh-muc-san-pham\/nuoi-cay-te-bao\/"},{"@type":"ListItem","position":4,"name":"T\u1ebf B\u00e0o G\u1ed1c \u0110a N\u0103ng (PSC)","item":"https:\/\/biogroupvietnam.com\/vi\/danh-muc-san-pham\/te-bao-goc-da-nang-psc\/"},{"@type":"ListItem","position":5,"name":"M\u00f4i Tr\u01b0\u1eddng Nu\u00f4i C\u1ea5y T\u1ebf B\u00e0o mTeSR\u2122 Plus"}]},{"@type":"WebSite","@id":"https:\/\/biogroupvietnam.com\/vi\/#website","url":"https:\/\/biogroupvietnam.com\/vi\/","name":"Biogroup Vietnam","description":"Biogroup Vietnam cung c\u1ea5p d\u1ecbch v\u1ee5 k\u1ef9 thu\u1eadt c\u00f9ng thi\u1ebft b\u1ecb, v\u1eadt t\u01b0, h\u00f3a ch\u1ea5t v\u00e0 gi\u1ea3i ph\u00e1p sinh h\u1ecdc cho ph\u00f2ng th\u00ed nghi\u1ec7m c\u00f4ng ngh\u1ec7 sinh h\u1ecdc, y sinh v\u00e0 y h\u1ecdc t\u00e1i t\u1ea1o.","potentialAction":[{"@type":"SearchAction","target":{"@type":"EntryPoint","urlTemplate":"https:\/\/biogroupvietnam.com\/vi\/?s={search_term_string}"},"query-input":{"@type":"PropertyValueSpecification","valueRequired":true,"valueName":"search_term_string"}}],"inLanguage":"vi"}]}},"_links":{"self":[{"href":"https:\/\/biogroupvietnam.com\/vi\/wp-json\/wp\/v2\/product\/4067","targetHints":{"allow":["GET"]}}],"collection":[{"href":"https:\/\/biogroupvietnam.com\/vi\/wp-json\/wp\/v2\/product"}],"about":[{"href":"https:\/\/biogroupvietnam.com\/vi\/wp-json\/wp\/v2\/types\/product"}],"replies":[{"embeddable":true,"href":"https:\/\/biogroupvietnam.com\/vi\/wp-json\/wp\/v2\/comments?post=4067"}],"version-history":[{"count":7,"href":"https:\/\/biogroupvietnam.com\/vi\/wp-json\/wp\/v2\/product\/4067\/revisions"}],"predecessor-version":[{"id":9728,"href":"https:\/\/biogroupvietnam.com\/vi\/wp-json\/wp\/v2\/product\/4067\/revisions\/9728"}],"wp:featuredmedia":[{"embeddable":true,"href":"https:\/\/biogroupvietnam.com\/vi\/wp-json\/wp\/v2\/media\/10129"}],"wp:attachment":[{"href":"https:\/\/biogroupvietnam.com\/vi\/wp-json\/wp\/v2\/media?parent=4067"}],"wp:term":[{"taxonomy":"product_brand","embeddable":true,"href":"https:\/\/biogroupvietnam.com\/vi\/wp-json\/wp\/v2\/product_brand?post=4067"},{"taxonomy":"product_cat","embeddable":true,"href":"https:\/\/biogroupvietnam.com\/vi\/wp-json\/wp\/v2\/product_cat?post=4067"},{"taxonomy":"product_tag","embeddable":true,"href":"https:\/\/biogroupvietnam.com\/vi\/wp-json\/wp\/v2\/product_tag?post=4067"}],"curies":[{"name":"wp","href":"https:\/\/api.w.org\/{rel}","templated":true}]}}