{"id":4074,"date":"2025-08-18T19:56:11","date_gmt":"2025-08-18T12:56:11","guid":{"rendered":"http:\/\/biogroupvietnam-worldpress.local\/product\/import-placeholder-for-266\/"},"modified":"2026-01-07T15:29:00","modified_gmt":"2026-01-07T08:29:00","slug":"binh-luu-tru-mau-mve-he-800-c","status":"publish","type":"product","link":"https:\/\/biogroupvietnam.com\/vi\/san-pham\/binh-luu-tru-mau-mve-he-800-c\/","title":{"rendered":"B\u00ecnh L\u01b0u Tr\u1eef M\u1eabu MVE HE 800 C"},"content":{"rendered":"<h3><strong>Hi\u1ec7u su\u1ea5t \u1ed5n \u0111\u1ecbnh v\u1edbi thi\u1ebft k\u1ebf nh\u1ecf g\u1ecdn<\/strong><\/h3>\n<p>MVE Biological Solutions t\u1ef1 h\u00e0o gi\u1edbi thi\u1ec7u MVE HE 800C. V\u1edbi di\u1ec7n t\u00edch nh\u1ecf h\u01a1n, c\u00f4ng th\u00e1i h\u1ecdc \u0111\u01b0\u1ee3c c\u1ea3i ti\u1ebfn v\u00e0 hi\u1ec7u su\u1ea5t h\u00e0ng \u0111\u1ea7u trong ng\u00e0nh, b\u00ecnh l\u01b0u tr\u1eef \u0111\u00f4ng l\u1ea1nh n\u00e0y l\u00fd t\u01b0\u1edfng cho c\u00e1c c\u01a1 s\u1edf IVF, ph\u00f2ng th\u00ed nghi\u1ec7m l\u00e2m s\u00e0ng, nghi\u00ean c\u1ee9u v\u00e0 \u1ee9ng d\u1ee5ng d\u01b0\u1ee3c ph\u1ea9m sinh h\u1ecdc.<\/p>\n<p><strong>Thi\u1ebft k\u1ebf hi\u1ec7n \u0111\u1ea1i, \u0111\u1eb9p m\u1eaft:<\/strong> Thi\u1ebft k\u1ebf v\u00e0 di\u1ec7n t\u00edch nh\u1ecf g\u1ecdn ph\u00f9 h\u1ee3p v\u1edbi c\u00e1c ph\u00f2ng th\u00ed nghi\u1ec7m c\u00f3 h\u1ea1n ch\u1ebf v\u1ec1 kh\u00f4ng gian.<\/p>\n<p><strong>C\u00f4ng th\u00e1i h\u1ecdc \u0111\u01b0\u1ee3c c\u1ea3i ti\u1ebfn:<\/strong> Chi\u1ec1u cao n\u00e2ng th\u1ea5p h\u01a1n \u0111\u1ec3 c\u1ea3i thi\u1ec7n kh\u1ea3 n\u0103ng ti\u1ebfp c\u1eadn v\u00e0 gi\u1ea3m c\u0103ng th\u1eb3ng th\u1ec3 ch\u1ea5t.<\/p>\n<p><strong>Qu\u1ea3n l\u00fd m\u1eabu \u0111\u01b0\u1ee3c s\u1eafp x\u1ebfp h\u1ee3p l\u00fd:<\/strong> Kh\u1ea3 n\u0103ng t\u01b0\u01a1ng th\u00edch v\u1edbi c\u00e1c h\u1ec7 th\u1ed1ng SUC-1 \u0111\u1ea3m b\u1ea3o vi\u1ec7c l\u1ea5y m\u1eabu nhanh h\u01a1n v\u00e0 c\u00f3 t\u1ed5 ch\u1ee9c h\u01a1n.<\/p>\n<p><strong>Hi\u1ec7u su\u1ea5t:<\/strong> Hi\u1ec7u su\u1ea5t nh\u1ea5t qu\u00e1n duy tr\u00ec nhi\u1ec7t \u0111\u1ed9 \u0111\u00f4ng l\u1ea1nh v\u1edbi \u0111\u1ed9 \u1ed5n \u0111\u1ecbnh nhi\u1ec7t v\u01b0\u1ee3t tr\u1ed9i \u0111\u1ec3 b\u1ea3o qu\u1ea3n m\u1eabu \u0111\u00e1ng tin c\u1eady.<\/p>\n<figure class=\"media\"><\/figure>\n<h4><strong>\u1ee8ng d\u1ee5ng c\u1ee7a MVE HE 800 C:<\/strong><\/h4>\n<p style=\"text-align: center;\"><img fetchpriority=\"high\" decoding=\"async\" src=\"https:\/\/biogroupvietnam.com\/uploads\/BnL8YI5OuHL3QK5GQekTM19cr6yHj4Vpzmze5Jxs.jpg\" alt=\"HE 800 C in application\" width=\"426\" height=\"226\" \/><\/p>\n<p>MVE HE 800 C t\u1eeb MVE Biological Solutions l\u00e0 h\u1ec7 th\u1ed1ng l\u01b0u tr\u1eef \u0111\u00f4ng l\u1ea1nh nh\u1ecf g\u1ecdn, hi\u1ec7u su\u1ea5t cao \u0111\u01b0\u1ee3c thi\u1ebft k\u1ebf \u0111\u1ec3 t\u1ed1i \u01b0u h\u00f3a kh\u00f4ng gian, hi\u1ec7u qu\u1ea3 v\u00e0 qu\u1ea3n l\u00fd m\u1eabu.<\/p>\n<p>MVE HE 800 C ph\u00f9 h\u1ee3p cho:<\/p>\n<ul>\n<li>C\u01a1 s\u1edf IVF<\/li>\n<li>Ph\u00f2ng x\u00e9t nghi\u1ec7m l\u00e2m s\u00e0ng<\/li>\n<li>Ph\u00f2ng x\u00e9t nghi\u1ec7m nghi\u00ean c\u1ee9u<\/li>\n<li>\u1ee8ng d\u1ee5ng c\u1ee7a d\u01b0\u1ee3c ph\u1ea9m sinh h\u1ecdc<\/li>\n<\/ul>\n<h4><strong>L\u1ee3i \u00edch c\u1ee7a HE 800 C:<\/strong><\/h4>\n<p style=\"text-align: center;\"><img decoding=\"async\" src=\"https:\/\/biogroupvietnam.com\/uploads\/TPckADUcAklaTlLnxzJWo6wXJnFRhkJGDQd6lPiV.png\" alt=\"Large Image 7 to 1\" width=\"424\" height=\"194\" \/><\/p>\n<p><strong>Ti\u1ebft ki\u1ec7m kh\u00f4ng gian:<\/strong> Thi\u1ebft k\u1ebf nh\u1ecf g\u1ecdn l\u00fd t\u01b0\u1edfng cho m\u00f4i tr\u01b0\u1eddng h\u1ea1n ch\u1ebf.<\/p>\n<p><strong>C\u00f4ng su\u1ea5t ho\u1ea1t \u0111\u1ed9ng: 7 XC 47\/11 = 1 HE 800 C<\/strong><\/p>\n<p><strong>Hi\u1ec7u qu\u1ea3 LN2:<\/strong> Ti\u00eau th\u1ee5 \u00edt LN2 h\u01a1n b\u00ecnh dewar c\u1ed5 r\u1ed9ng ho\u1eb7c t\u1ee7 \u0111\u00f4ng m\u1edf truy\u1ec1n th\u1ed1ng.<\/p>\n<p><strong>C\u00f4ng th\u00e1i h\u1ecdc \u0111\u01b0\u1ee3c c\u1ea3i ti\u1ebfn:<\/strong> Gi\u1ea3m c\u0103ng th\u1eb3ng th\u1ec3 ch\u1ea5t b\u1eb1ng c\u00e1ch lo\u1ea1i b\u1ecf vi\u1ec7c v\u1edbi tay d\u01b0\u1edbi k\u1ec7 ho\u1eb7c t\u1ee7, v\u1ec1 c\u01a1 b\u1ea3n lo\u1ea1i b\u1ecf nhu c\u1ea7u c\u00fai xu\u1ed1ng \u0111\u1ec3 nh\u1ea5c gi\u00e1 \u0111\u1ee1 \u0111\u1ef1ng m\u1eabu. L\u1ea5y m\u1eabu \u1edf \u0111\u1ed9 cao ngang m\u1eb7t b\u00e0n.<\/p>\n<p><strong>B\u1ea3o qu\u1ea3n \u0111\u00e1ng tin c\u1eady:<\/strong> Duy tr\u00ec \u0111\u1ed9 \u1ed5n \u0111\u1ecbnh nhi\u1ec7t cao c\u1ea5p \u0111\u1ec3 \u0111\u1ea3m b\u1ea3o t\u00ednh to\u00e0n v\u1eb9n c\u1ee7a m\u1eabu.<\/p>\n<p><strong>Ti\u1ebft ki\u1ec7m n\u0103ng l\u01b0\u1ee3ng:<\/strong> Gi\u1ea3m chi ph\u00ed v\u1eadn h\u00e0nh m\u00e0 kh\u00f4ng \u1ea3nh h\u01b0\u1edfng \u0111\u1ebfn hi\u1ec7u su\u1ea5t v\u1edbi ch\u1ee9c n\u0103ng t\u1ef1 \u0111\u1ed9ng n\u1ea1p \u0111\u01b0\u1ee3c ki\u1ec3m so\u00e1t.<\/p>\n<h4><strong>Th\u00f4ng s\u1ed1 k\u1ef9 thu\u1eadt:<\/strong><\/h4>\n<p>&#8211; Kh\u1ea3 n\u0103ng tr\u1eef t\u1ed1i \u0111a:<\/p>\n<ul>\n<li>1\/2cc Straws: 22,010<\/li>\n<li>Vials 1 ml:\u00a0 9,798<\/li>\n<li>Vials 1,2 ml: 10,224<\/li>\n<li>Vials 2 ml:\u00a0 5,680<\/li>\n<\/ul>\n<p>&#8211; Dung t\u00edch ch\u1ee9a nit\u01a1 (tr\u1eef l\u1ecfng):\u00a0 205 L<\/p>\n<p>&#8211; Dung t\u00edch ch\u1ee9a nit\u01a1 d\u01b0\u1edbi khay (tr\u1eef h\u01a1i): 62 L<\/p>\n","protected":false},"excerpt":{"rendered":"<p>Hi\u1ec7u su\u1ea5t \u1ed5n \u0111\u1ecbnh v\u1edbi thi\u1ebft k\u1ebf nh\u1ecf g\u1ecdn MVE Biological Solutions t\u1ef1 h\u00e0o gi\u1edbi thi\u1ec7u MVE HE 800C. V\u1edbi di\u1ec7n t\u00edch nh\u1ecf h\u01a1n, c\u00f4ng th\u00e1i h\u1ecdc \u0111\u01b0\u1ee3c c\u1ea3i ti\u1ebfn v\u00e0 hi\u1ec7u su\u1ea5t h\u00e0ng \u0111\u1ea7u trong ng\u00e0nh, b\u00ecnh l\u01b0u tr\u1eef \u0111\u00f4ng l\u1ea1nh n\u00e0y l\u00fd t\u01b0\u1edfng cho c\u00e1c c\u01a1 s\u1edf IVF, ph\u00f2ng th\u00ed nghi\u1ec7m l\u00e2m s\u00e0ng,<\/p>\n<div class=\"klb-readmore post-buttons\"><a class=\"button rounded primary\" href=\"https:\/\/biogroupvietnam.com\/vi\/san-pham\/binh-luu-tru-mau-mve-he-800-c\/\">Read More <i class=\"klbth-icon-right-arrow\"><\/i><\/a><\/div>\n","protected":false},"featured_media":8874,"comment_status":"closed","ping_status":"closed","template":"","meta":{"_acf_changed":false},"product_brand":[128],"product_cat":[95,97],"product_tag":[],"class_list":{"0":"post-4074","1":"product","2":"type-product","3":"status-publish","4":"has-post-thumbnail","6":"product_brand-mve-biological-solutions","7":"product_cat-binh-inox-tru-mau-trong-nito-long","8":"product_cat-binh-tru-lanh-phoi-tinh-trung","10":"first","11":"outofstock","12":"shipping-taxable","13":"product-type-simple"},"acf":[],"yoast_head":"<!-- This site is optimized with the Yoast SEO plugin v26.8 - https:\/\/yoast.com\/product\/yoast-seo-wordpress\/ -->\n<title>B\u00ecnh L\u01b0u Tr\u1eef M\u1eabu MVE HE 800 C<\/title>\n<meta name=\"description\" content=\"MVE HE 800C v\u1edbi di\u1ec7n t\u00edch nh\u1ecf h\u01a1n, c\u00f4ng th\u00e1i h\u1ecdc \u0111\u01b0\u1ee3c c\u1ea3i ti\u1ebfn v\u1edbi hi\u1ec7u su\u1ea5t h\u00e0ng \u0111\u1ea7u trong ng\u00e0nh. B\u00ecnh l\u01b0u tr\u1eef \u0111\u00f4ng l\u1ea1nh l\u00fd t\u01b0\u1edfng cho c\u00e1c c\u01a1 s\u1edf IVF, ph\u00f2ng th\u00ed nghi\u1ec7m l\u00e2m s\u00e0ng, nghi\u00ean c\u1ee9u v\u00e0 \u1ee9ng d\u1ee5ng d\u01b0\u1ee3c ph\u1ea9m sinh h\u1ecdc.\" \/>\n<meta name=\"robots\" content=\"index, follow, max-snippet:-1, max-image-preview:large, max-video-preview:-1\" \/>\n<link rel=\"canonical\" href=\"https:\/\/biogroupvietnam.com\/vi\/san-pham\/binh-luu-tru-mau-mve-he-800-c\/\" \/>\n<meta property=\"og:locale\" content=\"vi_VN\" \/>\n<meta property=\"og:type\" content=\"article\" \/>\n<meta property=\"og:title\" content=\"B\u00ecnh L\u01b0u Tr\u1eef M\u1eabu MVE HE 800 C\" \/>\n<meta property=\"og:description\" content=\"MVE HE 800C v\u1edbi di\u1ec7n t\u00edch nh\u1ecf h\u01a1n, c\u00f4ng th\u00e1i h\u1ecdc \u0111\u01b0\u1ee3c c\u1ea3i ti\u1ebfn v\u1edbi hi\u1ec7u su\u1ea5t h\u00e0ng \u0111\u1ea7u trong ng\u00e0nh. B\u00ecnh l\u01b0u tr\u1eef \u0111\u00f4ng l\u1ea1nh l\u00fd t\u01b0\u1edfng cho c\u00e1c c\u01a1 s\u1edf IVF, ph\u00f2ng th\u00ed nghi\u1ec7m l\u00e2m s\u00e0ng, nghi\u00ean c\u1ee9u v\u00e0 \u1ee9ng d\u1ee5ng d\u01b0\u1ee3c ph\u1ea9m sinh h\u1ecdc.\" \/>\n<meta property=\"og:url\" content=\"https:\/\/biogroupvietnam.com\/vi\/san-pham\/binh-luu-tru-mau-mve-he-800-c\/\" \/>\n<meta property=\"og:site_name\" content=\"Biogroup Vietnam\" \/>\n<meta property=\"article:modified_time\" content=\"2026-01-07T08:29:00+00:00\" \/>\n<meta property=\"og:image\" content=\"https:\/\/biogroupvietnam.com\/wp-content\/uploads\/2025\/08\/MVE-HE-800C.jpg\" \/>\n\t<meta property=\"og:image:width\" content=\"1640\" \/>\n\t<meta property=\"og:image:height\" content=\"1260\" \/>\n\t<meta property=\"og:image:type\" content=\"image\/jpeg\" \/>\n<meta name=\"twitter:card\" content=\"summary_large_image\" \/>\n<meta name=\"twitter:label1\" content=\"\u01af\u1edbc t\u00ednh th\u1eddi gian \u0111\u1ecdc\" \/>\n\t<meta name=\"twitter:data1\" content=\"3 ph\u00fat\" \/>\n<script type=\"application\/ld+json\" class=\"yoast-schema-graph\">{\"@context\":\"https:\/\/schema.org\",\"@graph\":[{\"@type\":\"WebPage\",\"@id\":\"https:\/\/biogroupvietnam.com\/vi\/san-pham\/binh-luu-tru-mau-mve-he-800-c\/\",\"url\":\"https:\/\/biogroupvietnam.com\/vi\/san-pham\/binh-luu-tru-mau-mve-he-800-c\/\",\"name\":\"B\u00ecnh L\u01b0u Tr\u1eef M\u1eabu MVE HE 800 C\",\"isPartOf\":{\"@id\":\"https:\/\/biogroupvietnam.com\/vi\/#website\"},\"primaryImageOfPage\":{\"@id\":\"https:\/\/biogroupvietnam.com\/vi\/san-pham\/binh-luu-tru-mau-mve-he-800-c\/#primaryimage\"},\"image\":{\"@id\":\"https:\/\/biogroupvietnam.com\/vi\/san-pham\/binh-luu-tru-mau-mve-he-800-c\/#primaryimage\"},\"thumbnailUrl\":\"https:\/\/biogroupvietnam.com\/wp-content\/uploads\/2025\/08\/MVE-HE-800C.jpg\",\"datePublished\":\"2025-08-18T12:56:11+00:00\",\"dateModified\":\"2026-01-07T08:29:00+00:00\",\"description\":\"MVE HE 800C v\u1edbi di\u1ec7n t\u00edch nh\u1ecf h\u01a1n, c\u00f4ng th\u00e1i h\u1ecdc \u0111\u01b0\u1ee3c c\u1ea3i ti\u1ebfn v\u1edbi hi\u1ec7u su\u1ea5t h\u00e0ng \u0111\u1ea7u trong ng\u00e0nh. B\u00ecnh l\u01b0u tr\u1eef \u0111\u00f4ng l\u1ea1nh l\u00fd t\u01b0\u1edfng cho c\u00e1c c\u01a1 s\u1edf IVF, ph\u00f2ng th\u00ed nghi\u1ec7m l\u00e2m s\u00e0ng, nghi\u00ean c\u1ee9u v\u00e0 \u1ee9ng d\u1ee5ng d\u01b0\u1ee3c ph\u1ea9m sinh h\u1ecdc.\",\"breadcrumb\":{\"@id\":\"https:\/\/biogroupvietnam.com\/vi\/san-pham\/binh-luu-tru-mau-mve-he-800-c\/#breadcrumb\"},\"inLanguage\":\"vi\",\"potentialAction\":[{\"@type\":\"ReadAction\",\"target\":[\"https:\/\/biogroupvietnam.com\/vi\/san-pham\/binh-luu-tru-mau-mve-he-800-c\/\"]}]},{\"@type\":\"ImageObject\",\"inLanguage\":\"vi\",\"@id\":\"https:\/\/biogroupvietnam.com\/vi\/san-pham\/binh-luu-tru-mau-mve-he-800-c\/#primaryimage\",\"url\":\"https:\/\/biogroupvietnam.com\/wp-content\/uploads\/2025\/08\/MVE-HE-800C.jpg\",\"contentUrl\":\"https:\/\/biogroupvietnam.com\/wp-content\/uploads\/2025\/08\/MVE-HE-800C.jpg\",\"width\":1640,\"height\":1260},{\"@type\":\"BreadcrumbList\",\"@id\":\"https:\/\/biogroupvietnam.com\/vi\/san-pham\/binh-luu-tru-mau-mve-he-800-c\/#breadcrumb\",\"itemListElement\":[{\"@type\":\"ListItem\",\"position\":1,\"name\":\"Trang ch\u1ee7\",\"item\":\"https:\/\/biogroupvietnam.com\/vi\/\"},{\"@type\":\"ListItem\",\"position\":2,\"name\":\"S\u1ea3n ph\u1ea9m\",\"item\":\"https:\/\/biogroupvietnam.com\/vi\/san-pham\/\"},{\"@type\":\"ListItem\",\"position\":3,\"name\":\"B\u1ea3o Qu\u1ea3n L\u1ea1nh T\u1ebf B\u00e0o\",\"item\":\"https:\/\/biogroupvietnam.com\/vi\/danh-muc-san-pham\/bao-quan-lanh-te-bao\/\"},{\"@type\":\"ListItem\",\"position\":4,\"name\":\"B\u00ecnh Tr\u1eef L\u1ea1nh Ph\u00f4i, Tinh Tr\u00f9ng\",\"item\":\"https:\/\/biogroupvietnam.com\/vi\/danh-muc-san-pham\/binh-tru-lanh-phoi-tinh-trung\/\"},{\"@type\":\"ListItem\",\"position\":5,\"name\":\"B\u00ecnh L\u01b0u Tr\u1eef M\u1eabu MVE HE 800 C\"}]},{\"@type\":\"WebSite\",\"@id\":\"https:\/\/biogroupvietnam.com\/vi\/#website\",\"url\":\"https:\/\/biogroupvietnam.com\/vi\/\",\"name\":\"Biogroup Vietnam\",\"description\":\"Biogroup Vietnam cung c\u1ea5p d\u1ecbch v\u1ee5 k\u1ef9 thu\u1eadt c\u00f9ng thi\u1ebft b\u1ecb, v\u1eadt t\u01b0, h\u00f3a ch\u1ea5t v\u00e0 gi\u1ea3i ph\u00e1p sinh h\u1ecdc cho ph\u00f2ng th\u00ed nghi\u1ec7m c\u00f4ng ngh\u1ec7 sinh h\u1ecdc, y sinh v\u00e0 y h\u1ecdc t\u00e1i t\u1ea1o.\",\"potentialAction\":[{\"@type\":\"SearchAction\",\"target\":{\"@type\":\"EntryPoint\",\"urlTemplate\":\"https:\/\/biogroupvietnam.com\/vi\/?s={search_term_string}\"},\"query-input\":{\"@type\":\"PropertyValueSpecification\",\"valueRequired\":true,\"valueName\":\"search_term_string\"}}],\"inLanguage\":\"vi\"}]}<\/script>\n<!-- \/ Yoast SEO plugin. -->","yoast_head_json":{"title":"B\u00ecnh L\u01b0u Tr\u1eef M\u1eabu MVE HE 800 C","description":"MVE HE 800C v\u1edbi di\u1ec7n t\u00edch nh\u1ecf h\u01a1n, c\u00f4ng th\u00e1i h\u1ecdc \u0111\u01b0\u1ee3c c\u1ea3i ti\u1ebfn v\u1edbi hi\u1ec7u su\u1ea5t h\u00e0ng \u0111\u1ea7u trong ng\u00e0nh. B\u00ecnh l\u01b0u tr\u1eef \u0111\u00f4ng l\u1ea1nh l\u00fd t\u01b0\u1edfng cho c\u00e1c c\u01a1 s\u1edf IVF, ph\u00f2ng th\u00ed nghi\u1ec7m l\u00e2m s\u00e0ng, nghi\u00ean c\u1ee9u v\u00e0 \u1ee9ng d\u1ee5ng d\u01b0\u1ee3c ph\u1ea9m sinh h\u1ecdc.","robots":{"index":"index","follow":"follow","max-snippet":"max-snippet:-1","max-image-preview":"max-image-preview:large","max-video-preview":"max-video-preview:-1"},"canonical":"https:\/\/biogroupvietnam.com\/vi\/san-pham\/binh-luu-tru-mau-mve-he-800-c\/","og_locale":"vi_VN","og_type":"article","og_title":"B\u00ecnh L\u01b0u Tr\u1eef M\u1eabu MVE HE 800 C","og_description":"MVE HE 800C v\u1edbi di\u1ec7n t\u00edch nh\u1ecf h\u01a1n, c\u00f4ng th\u00e1i h\u1ecdc \u0111\u01b0\u1ee3c c\u1ea3i ti\u1ebfn v\u1edbi hi\u1ec7u su\u1ea5t h\u00e0ng \u0111\u1ea7u trong ng\u00e0nh. B\u00ecnh l\u01b0u tr\u1eef \u0111\u00f4ng l\u1ea1nh l\u00fd t\u01b0\u1edfng cho c\u00e1c c\u01a1 s\u1edf IVF, ph\u00f2ng th\u00ed nghi\u1ec7m l\u00e2m s\u00e0ng, nghi\u00ean c\u1ee9u v\u00e0 \u1ee9ng d\u1ee5ng d\u01b0\u1ee3c ph\u1ea9m sinh h\u1ecdc.","og_url":"https:\/\/biogroupvietnam.com\/vi\/san-pham\/binh-luu-tru-mau-mve-he-800-c\/","og_site_name":"Biogroup Vietnam","article_modified_time":"2026-01-07T08:29:00+00:00","og_image":[{"width":1640,"height":1260,"url":"https:\/\/biogroupvietnam.com\/wp-content\/uploads\/2025\/08\/MVE-HE-800C.jpg","type":"image\/jpeg"}],"twitter_card":"summary_large_image","twitter_misc":{"\u01af\u1edbc t\u00ednh th\u1eddi gian \u0111\u1ecdc":"3 ph\u00fat"},"schema":{"@context":"https:\/\/schema.org","@graph":[{"@type":"WebPage","@id":"https:\/\/biogroupvietnam.com\/vi\/san-pham\/binh-luu-tru-mau-mve-he-800-c\/","url":"https:\/\/biogroupvietnam.com\/vi\/san-pham\/binh-luu-tru-mau-mve-he-800-c\/","name":"B\u00ecnh L\u01b0u Tr\u1eef M\u1eabu MVE HE 800 C","isPartOf":{"@id":"https:\/\/biogroupvietnam.com\/vi\/#website"},"primaryImageOfPage":{"@id":"https:\/\/biogroupvietnam.com\/vi\/san-pham\/binh-luu-tru-mau-mve-he-800-c\/#primaryimage"},"image":{"@id":"https:\/\/biogroupvietnam.com\/vi\/san-pham\/binh-luu-tru-mau-mve-he-800-c\/#primaryimage"},"thumbnailUrl":"https:\/\/biogroupvietnam.com\/wp-content\/uploads\/2025\/08\/MVE-HE-800C.jpg","datePublished":"2025-08-18T12:56:11+00:00","dateModified":"2026-01-07T08:29:00+00:00","description":"MVE HE 800C v\u1edbi di\u1ec7n t\u00edch nh\u1ecf h\u01a1n, c\u00f4ng th\u00e1i h\u1ecdc \u0111\u01b0\u1ee3c c\u1ea3i ti\u1ebfn v\u1edbi hi\u1ec7u su\u1ea5t h\u00e0ng \u0111\u1ea7u trong ng\u00e0nh. B\u00ecnh l\u01b0u tr\u1eef \u0111\u00f4ng l\u1ea1nh l\u00fd t\u01b0\u1edfng cho c\u00e1c c\u01a1 s\u1edf IVF, ph\u00f2ng th\u00ed nghi\u1ec7m l\u00e2m s\u00e0ng, nghi\u00ean c\u1ee9u v\u00e0 \u1ee9ng d\u1ee5ng d\u01b0\u1ee3c ph\u1ea9m sinh h\u1ecdc.","breadcrumb":{"@id":"https:\/\/biogroupvietnam.com\/vi\/san-pham\/binh-luu-tru-mau-mve-he-800-c\/#breadcrumb"},"inLanguage":"vi","potentialAction":[{"@type":"ReadAction","target":["https:\/\/biogroupvietnam.com\/vi\/san-pham\/binh-luu-tru-mau-mve-he-800-c\/"]}]},{"@type":"ImageObject","inLanguage":"vi","@id":"https:\/\/biogroupvietnam.com\/vi\/san-pham\/binh-luu-tru-mau-mve-he-800-c\/#primaryimage","url":"https:\/\/biogroupvietnam.com\/wp-content\/uploads\/2025\/08\/MVE-HE-800C.jpg","contentUrl":"https:\/\/biogroupvietnam.com\/wp-content\/uploads\/2025\/08\/MVE-HE-800C.jpg","width":1640,"height":1260},{"@type":"BreadcrumbList","@id":"https:\/\/biogroupvietnam.com\/vi\/san-pham\/binh-luu-tru-mau-mve-he-800-c\/#breadcrumb","itemListElement":[{"@type":"ListItem","position":1,"name":"Trang ch\u1ee7","item":"https:\/\/biogroupvietnam.com\/vi\/"},{"@type":"ListItem","position":2,"name":"S\u1ea3n ph\u1ea9m","item":"https:\/\/biogroupvietnam.com\/vi\/san-pham\/"},{"@type":"ListItem","position":3,"name":"B\u1ea3o Qu\u1ea3n L\u1ea1nh T\u1ebf B\u00e0o","item":"https:\/\/biogroupvietnam.com\/vi\/danh-muc-san-pham\/bao-quan-lanh-te-bao\/"},{"@type":"ListItem","position":4,"name":"B\u00ecnh Tr\u1eef L\u1ea1nh Ph\u00f4i, Tinh Tr\u00f9ng","item":"https:\/\/biogroupvietnam.com\/vi\/danh-muc-san-pham\/binh-tru-lanh-phoi-tinh-trung\/"},{"@type":"ListItem","position":5,"name":"B\u00ecnh L\u01b0u Tr\u1eef M\u1eabu MVE HE 800 C"}]},{"@type":"WebSite","@id":"https:\/\/biogroupvietnam.com\/vi\/#website","url":"https:\/\/biogroupvietnam.com\/vi\/","name":"Biogroup Vietnam","description":"Biogroup Vietnam cung c\u1ea5p d\u1ecbch v\u1ee5 k\u1ef9 thu\u1eadt c\u00f9ng thi\u1ebft b\u1ecb, v\u1eadt t\u01b0, h\u00f3a ch\u1ea5t v\u00e0 gi\u1ea3i ph\u00e1p sinh h\u1ecdc cho ph\u00f2ng th\u00ed nghi\u1ec7m c\u00f4ng ngh\u1ec7 sinh h\u1ecdc, y sinh v\u00e0 y h\u1ecdc t\u00e1i t\u1ea1o.","potentialAction":[{"@type":"SearchAction","target":{"@type":"EntryPoint","urlTemplate":"https:\/\/biogroupvietnam.com\/vi\/?s={search_term_string}"},"query-input":{"@type":"PropertyValueSpecification","valueRequired":true,"valueName":"search_term_string"}}],"inLanguage":"vi"}]}},"_links":{"self":[{"href":"https:\/\/biogroupvietnam.com\/vi\/wp-json\/wp\/v2\/product\/4074","targetHints":{"allow":["GET"]}}],"collection":[{"href":"https:\/\/biogroupvietnam.com\/vi\/wp-json\/wp\/v2\/product"}],"about":[{"href":"https:\/\/biogroupvietnam.com\/vi\/wp-json\/wp\/v2\/types\/product"}],"replies":[{"embeddable":true,"href":"https:\/\/biogroupvietnam.com\/vi\/wp-json\/wp\/v2\/comments?post=4074"}],"version-history":[{"count":3,"href":"https:\/\/biogroupvietnam.com\/vi\/wp-json\/wp\/v2\/product\/4074\/revisions"}],"predecessor-version":[{"id":8588,"href":"https:\/\/biogroupvietnam.com\/vi\/wp-json\/wp\/v2\/product\/4074\/revisions\/8588"}],"wp:featuredmedia":[{"embeddable":true,"href":"https:\/\/biogroupvietnam.com\/vi\/wp-json\/wp\/v2\/media\/8874"}],"wp:attachment":[{"href":"https:\/\/biogroupvietnam.com\/vi\/wp-json\/wp\/v2\/media?parent=4074"}],"wp:term":[{"taxonomy":"product_brand","embeddable":true,"href":"https:\/\/biogroupvietnam.com\/vi\/wp-json\/wp\/v2\/product_brand?post=4074"},{"taxonomy":"product_cat","embeddable":true,"href":"https:\/\/biogroupvietnam.com\/vi\/wp-json\/wp\/v2\/product_cat?post=4074"},{"taxonomy":"product_tag","embeddable":true,"href":"https:\/\/biogroupvietnam.com\/vi\/wp-json\/wp\/v2\/product_tag?post=4074"}],"curies":[{"name":"wp","href":"https:\/\/api.w.org\/{rel}","templated":true}]}}