{"id":4078,"date":"2025-08-18T19:56:12","date_gmt":"2025-08-18T12:56:12","guid":{"rendered":"http:\/\/biogroupvietnam-worldpress.local\/product\/import-placeholder-for-270\/"},"modified":"2025-09-29T15:09:21","modified_gmt":"2025-09-29T08:09:21","slug":"may-ly-tam-hettich-mikro-220-220-r","status":"publish","type":"product","link":"https:\/\/biogroupvietnam.com\/vi\/san-pham\/may-ly-tam-hettich-mikro-220-220-r\/","title":{"rendered":"M\u00e1y Ly T\u00e2m Hettich MIKRO 220 | 220 R"},"content":{"rendered":"<h3>MIKRO <strong>220 | 220 R<\/strong> \u2013 Nhanh ch\u00f3ng v\u00e0 linh ho\u1ea1t<\/h3>\n<p>MIKRO 220 | 220 R \u0111\u1ea1t t\u1ed1c \u0111\u1ed9 quay v\u01b0\u1ee3t tr\u1ed9i l\u00ean \u0111\u1ebfn 18.000 v\u00f2ng\/ph\u00fat v\u00e0 l\u1ef1c ly t\u00e2m (RCF) t\u1ed1i \u0111a 31.514 ch\u1ec9 trong 26 gi\u00e2y. Thi\u1ebft b\u1ecb mang l\u1ea1i t\u00ednh linh ho\u1ea1t v\u1edbi 8 lo\u1ea1i rotor kh\u00e1c nhau, t\u01b0\u01a1ng th\u00edch v\u1edbi c\u00e1c \u1ed1ng t\u1eeb 0.2 ml microliter \u0111\u1ebfn \u1ed1ng 50 ml, cho ph\u00e9p th\u1ef1c hi\u1ec7n nhi\u1ec1u \u1ee9ng d\u1ee5ng nghi\u00ean c\u1ee9u tr\u00ean c\u00f9ng m\u1ed9t thi\u1ebft b\u1ecb. MIKRO 220 R \u0111\u01b0\u1ee3c trang b\u1ecb h\u1ec7 th\u1ed1ng l\u00e0m l\u1ea1nhv\u00e0 cung c\u1ea5p d\u1ea3i nhi\u1ec7t \u0111\u1ed9 t\u1eeb -20\u00b0C \u0111\u1ebfn +40\u00b0C.<\/p>\n<p>&nbsp;<\/p>\n<h4>L\u0129nh v\u1ef1c \u1ee9ng d\u1ee5ng<\/h4>\n<h6>L\u00e2m s\u00e0ng<\/h6>\n<p>Ly t\u00e2m c\u00e1c \u1ed1ng m\u00e1u nhi khoa v\u1edbi thi\u1ebft k\u1ebf nh\u1ecf g\u1ecdn, c\u0169ng nh\u01b0 c\u00e1c b\u1ed9 kit PCR mini bao g\u1ed3m c\u00e1c c\u1ed9t l\u1ecdc ly t\u00e2m v\u1edbi l\u1ef1c RCF l\u00ean \u0111\u1ebfn 31.514 v\u00e0 x\u1eed l\u00fd m\u1eabu lipid m\u00e1u (lipemic) v\u1edbi l\u1ef1c g 21.185 v\u1edbi chi ph\u00ed ch\u1ec9 b\u1eb1ng m\u1ed9t ph\u1ea7n nh\u1ecf so v\u1edbi m\u00e1y si\u00eau ly t\u00e2m.<\/p>\n<h6>C\u00f4ng nghi\u1ec7p v\u00e0 nghi\u00ean c\u1ee9u<\/h6>\n<p>Ly t\u00e2m c\u00e1c b\u1ed9 kit PCR mini bao g\u1ed3m c\u00e1c c\u1ed9t l\u1ecdc ly t\u00e2m v\u00e0 \u1ed1ng microliter \u0111\u1ec3 l\u1eafng c\u00e1c h\u1ea1t c\u1ea5u tr\u00fac d\u01b0\u1edbi t\u1ebf b\u00e0o ho\u1eb7c vi khu\u1ea9n.<\/p>\n<h6>C\u01a1 s\u1edf s\u1eed d\u1ee5ng<\/h6>\n<ul>\n<li>B\u1ec7nh vi\u1ec7n<\/li>\n<li>B\u1ec7nh vi\u1ec7n nhi<\/li>\n<li>Trung t\u00e2m huy\u1ebft h\u1ecdc<\/li>\n<li>B\u1ec7nh vi\u1ec7n d\u01b0\u1ee3c ph\u1ea9m<\/li>\n<li>Ph\u00f2ng ph\u00e2n t\u00edch th\u1ef1c ph\u1ea9m<\/li>\n<li>Ph\u00f2ng th\u00ed nghi\u1ec7m khoa h\u1ecdc t\u1ea1i tr\u01b0\u1eddng \u0111\u1ea1i h\u1ecdc<\/li>\n<li>Ph\u00f2ng x\u00e9t nghi\u1ec7m ph\u00e1p y<\/li>\n<li>Ph\u00f2ng x\u00e9t nghi\u1ec7m huy\u1ebft th\u1ed1ng<\/li>\n<\/ul>\n<p>&nbsp;<\/p>\n<p>Li\u00ean h\u1ec7 \u0111\u1ec3 \u0111\u01b0\u1ee3c t\u01b0 v\u1ea5n \u0111\u1eb7t h\u00e0ng.<\/p>\n","protected":false},"excerpt":{"rendered":"<p>MIKRO 220 | 220 R \u2013 Nhanh ch\u00f3ng v\u00e0 linh ho\u1ea1t MIKRO 220 | 220 R \u0111\u1ea1t t\u1ed1c \u0111\u1ed9 quay v\u01b0\u1ee3t tr\u1ed9i l\u00ean \u0111\u1ebfn 18.000 v\u00f2ng\/ph\u00fat v\u00e0 l\u1ef1c ly t\u00e2m (RCF) t\u1ed1i \u0111a 31.514 ch\u1ec9 trong 26 gi\u00e2y. Thi\u1ebft b\u1ecb mang l\u1ea1i t\u00ednh linh ho\u1ea1t v\u1edbi 8 lo\u1ea1i rotor kh\u00e1c nhau, t\u01b0\u01a1ng th\u00edch v\u1edbi c\u00e1c<\/p>\n<div class=\"klb-readmore post-buttons\"><a class=\"button rounded primary\" href=\"https:\/\/biogroupvietnam.com\/vi\/san-pham\/may-ly-tam-hettich-mikro-220-220-r\/\">Read More <i class=\"klbth-icon-right-arrow\"><\/i><\/a><\/div>\n","protected":false},"featured_media":5594,"comment_status":"closed","ping_status":"closed","template":"","meta":{"_acf_changed":false},"product_brand":[130],"product_cat":[122],"product_tag":[],"class_list":{"0":"post-4078","1":"product","2":"type-product","3":"status-publish","4":"has-post-thumbnail","6":"product_brand-andreas-hettich","7":"product_cat-may-ly-tam","9":"first","10":"outofstock","11":"shipping-taxable","12":"product-type-simple"},"acf":[],"yoast_head":"<!-- This site is optimized with the Yoast SEO plugin v26.8 - https:\/\/yoast.com\/product\/yoast-seo-wordpress\/ -->\n<title>M\u00e1y Ly T\u00e2m Hettich MIKRO 220 | 220 R<\/title>\n<meta name=\"description\" content=\"MIKRO 220 | 220 R mang l\u1ea1i t\u00ednh linh ho\u1ea1t v\u1edbi 8 lo\u1ea1i rotor kh\u00e1c nhau, t\u01b0\u01a1ng th\u00edch v\u1edbi c\u00e1c \u1ed1ng t\u1eeb 0.2 ml microliter \u0111\u1ebfn \u1ed1ng 50 ml, cho ph\u00e9p th\u1ef1c hi\u1ec7n nhi\u1ec1u \u1ee9ng d\u1ee5ng nghi\u00ean c\u1ee9u tr\u00ean c\u00f9ng m\u1ed9t thi\u1ebft b\u1ecb.\" \/>\n<meta name=\"robots\" content=\"index, follow, max-snippet:-1, max-image-preview:large, max-video-preview:-1\" \/>\n<link rel=\"canonical\" href=\"https:\/\/biogroupvietnam.com\/vi\/san-pham\/may-ly-tam-hettich-mikro-220-220-r\/\" \/>\n<meta property=\"og:locale\" content=\"vi_VN\" \/>\n<meta property=\"og:type\" content=\"article\" \/>\n<meta property=\"og:title\" content=\"M\u00e1y Ly T\u00e2m Hettich MIKRO 220 | 220 R\" \/>\n<meta property=\"og:description\" content=\"MIKRO 220 | 220 R mang l\u1ea1i t\u00ednh linh ho\u1ea1t v\u1edbi 8 lo\u1ea1i rotor kh\u00e1c nhau, t\u01b0\u01a1ng th\u00edch v\u1edbi c\u00e1c \u1ed1ng t\u1eeb 0.2 ml microliter \u0111\u1ebfn \u1ed1ng 50 ml, cho ph\u00e9p th\u1ef1c hi\u1ec7n nhi\u1ec1u \u1ee9ng d\u1ee5ng nghi\u00ean c\u1ee9u tr\u00ean c\u00f9ng m\u1ed9t thi\u1ebft b\u1ecb.\" \/>\n<meta property=\"og:url\" content=\"https:\/\/biogroupvietnam.com\/vi\/san-pham\/may-ly-tam-hettich-mikro-220-220-r\/\" \/>\n<meta property=\"og:site_name\" content=\"Biogroup Vietnam\" \/>\n<meta property=\"article:modified_time\" content=\"2025-09-29T08:09:21+00:00\" \/>\n<meta property=\"og:image\" content=\"https:\/\/biogroupvietnam.com\/wp-content\/uploads\/2025\/08\/mikro2022020220r.jpg\" \/>\n\t<meta property=\"og:image:width\" content=\"1600\" \/>\n\t<meta property=\"og:image:height\" content=\"1229\" \/>\n\t<meta property=\"og:image:type\" content=\"image\/jpeg\" \/>\n<meta name=\"twitter:card\" content=\"summary_large_image\" \/>\n<meta name=\"twitter:label1\" content=\"\u01af\u1edbc t\u00ednh th\u1eddi gian \u0111\u1ecdc\" \/>\n\t<meta name=\"twitter:data1\" content=\"2 ph\u00fat\" \/>\n<script type=\"application\/ld+json\" class=\"yoast-schema-graph\">{\"@context\":\"https:\/\/schema.org\",\"@graph\":[{\"@type\":\"WebPage\",\"@id\":\"https:\/\/biogroupvietnam.com\/vi\/san-pham\/may-ly-tam-hettich-mikro-220-220-r\/\",\"url\":\"https:\/\/biogroupvietnam.com\/vi\/san-pham\/may-ly-tam-hettich-mikro-220-220-r\/\",\"name\":\"M\u00e1y Ly T\u00e2m Hettich MIKRO 220 | 220 R\",\"isPartOf\":{\"@id\":\"https:\/\/biogroupvietnam.com\/vi\/#website\"},\"primaryImageOfPage\":{\"@id\":\"https:\/\/biogroupvietnam.com\/vi\/san-pham\/may-ly-tam-hettich-mikro-220-220-r\/#primaryimage\"},\"image\":{\"@id\":\"https:\/\/biogroupvietnam.com\/vi\/san-pham\/may-ly-tam-hettich-mikro-220-220-r\/#primaryimage\"},\"thumbnailUrl\":\"https:\/\/biogroupvietnam.com\/wp-content\/uploads\/2025\/08\/mikro2022020220r.jpg\",\"datePublished\":\"2025-08-18T12:56:12+00:00\",\"dateModified\":\"2025-09-29T08:09:21+00:00\",\"description\":\"MIKRO 220 | 220 R mang l\u1ea1i t\u00ednh linh ho\u1ea1t v\u1edbi 8 lo\u1ea1i rotor kh\u00e1c nhau, t\u01b0\u01a1ng th\u00edch v\u1edbi c\u00e1c \u1ed1ng t\u1eeb 0.2 ml microliter \u0111\u1ebfn \u1ed1ng 50 ml, cho ph\u00e9p th\u1ef1c hi\u1ec7n nhi\u1ec1u \u1ee9ng d\u1ee5ng nghi\u00ean c\u1ee9u tr\u00ean c\u00f9ng m\u1ed9t thi\u1ebft b\u1ecb.\",\"breadcrumb\":{\"@id\":\"https:\/\/biogroupvietnam.com\/vi\/san-pham\/may-ly-tam-hettich-mikro-220-220-r\/#breadcrumb\"},\"inLanguage\":\"vi\",\"potentialAction\":[{\"@type\":\"ReadAction\",\"target\":[\"https:\/\/biogroupvietnam.com\/vi\/san-pham\/may-ly-tam-hettich-mikro-220-220-r\/\"]}]},{\"@type\":\"ImageObject\",\"inLanguage\":\"vi\",\"@id\":\"https:\/\/biogroupvietnam.com\/vi\/san-pham\/may-ly-tam-hettich-mikro-220-220-r\/#primaryimage\",\"url\":\"https:\/\/biogroupvietnam.com\/wp-content\/uploads\/2025\/08\/mikro2022020220r.jpg\",\"contentUrl\":\"https:\/\/biogroupvietnam.com\/wp-content\/uploads\/2025\/08\/mikro2022020220r.jpg\",\"width\":1600,\"height\":1229,\"caption\":\"\u00a0\"},{\"@type\":\"BreadcrumbList\",\"@id\":\"https:\/\/biogroupvietnam.com\/vi\/san-pham\/may-ly-tam-hettich-mikro-220-220-r\/#breadcrumb\",\"itemListElement\":[{\"@type\":\"ListItem\",\"position\":1,\"name\":\"Trang ch\u1ee7\",\"item\":\"https:\/\/biogroupvietnam.com\/vi\/\"},{\"@type\":\"ListItem\",\"position\":2,\"name\":\"S\u1ea3n ph\u1ea9m\",\"item\":\"https:\/\/biogroupvietnam.com\/vi\/san-pham\/\"},{\"@type\":\"ListItem\",\"position\":3,\"name\":\"R&amp;D Sinh H\u1ecdc\",\"item\":\"https:\/\/biogroupvietnam.com\/vi\/danh-muc-san-pham\/rd-sinh-hoc\/\"},{\"@type\":\"ListItem\",\"position\":4,\"name\":\"M\u00e1y ly t\u00e2m\",\"item\":\"https:\/\/biogroupvietnam.com\/vi\/danh-muc-san-pham\/may-ly-tam\/\"},{\"@type\":\"ListItem\",\"position\":5,\"name\":\"M\u00e1y Ly T\u00e2m Hettich MIKRO 220 | 220 R\"}]},{\"@type\":\"WebSite\",\"@id\":\"https:\/\/biogroupvietnam.com\/vi\/#website\",\"url\":\"https:\/\/biogroupvietnam.com\/vi\/\",\"name\":\"Biogroup Vietnam\",\"description\":\"Biogroup Vietnam cung c\u1ea5p d\u1ecbch v\u1ee5 k\u1ef9 thu\u1eadt c\u00f9ng thi\u1ebft b\u1ecb, v\u1eadt t\u01b0, h\u00f3a ch\u1ea5t v\u00e0 gi\u1ea3i ph\u00e1p sinh h\u1ecdc cho ph\u00f2ng th\u00ed nghi\u1ec7m c\u00f4ng ngh\u1ec7 sinh h\u1ecdc, y sinh v\u00e0 y h\u1ecdc t\u00e1i t\u1ea1o.\",\"potentialAction\":[{\"@type\":\"SearchAction\",\"target\":{\"@type\":\"EntryPoint\",\"urlTemplate\":\"https:\/\/biogroupvietnam.com\/vi\/?s={search_term_string}\"},\"query-input\":{\"@type\":\"PropertyValueSpecification\",\"valueRequired\":true,\"valueName\":\"search_term_string\"}}],\"inLanguage\":\"vi\"}]}<\/script>\n<!-- \/ Yoast SEO plugin. -->","yoast_head_json":{"title":"M\u00e1y Ly T\u00e2m Hettich MIKRO 220 | 220 R","description":"MIKRO 220 | 220 R mang l\u1ea1i t\u00ednh linh ho\u1ea1t v\u1edbi 8 lo\u1ea1i rotor kh\u00e1c nhau, t\u01b0\u01a1ng th\u00edch v\u1edbi c\u00e1c \u1ed1ng t\u1eeb 0.2 ml microliter \u0111\u1ebfn \u1ed1ng 50 ml, cho ph\u00e9p th\u1ef1c hi\u1ec7n nhi\u1ec1u \u1ee9ng d\u1ee5ng nghi\u00ean c\u1ee9u tr\u00ean c\u00f9ng m\u1ed9t thi\u1ebft b\u1ecb.","robots":{"index":"index","follow":"follow","max-snippet":"max-snippet:-1","max-image-preview":"max-image-preview:large","max-video-preview":"max-video-preview:-1"},"canonical":"https:\/\/biogroupvietnam.com\/vi\/san-pham\/may-ly-tam-hettich-mikro-220-220-r\/","og_locale":"vi_VN","og_type":"article","og_title":"M\u00e1y Ly T\u00e2m Hettich MIKRO 220 | 220 R","og_description":"MIKRO 220 | 220 R mang l\u1ea1i t\u00ednh linh ho\u1ea1t v\u1edbi 8 lo\u1ea1i rotor kh\u00e1c nhau, t\u01b0\u01a1ng th\u00edch v\u1edbi c\u00e1c \u1ed1ng t\u1eeb 0.2 ml microliter \u0111\u1ebfn \u1ed1ng 50 ml, cho ph\u00e9p th\u1ef1c hi\u1ec7n nhi\u1ec1u \u1ee9ng d\u1ee5ng nghi\u00ean c\u1ee9u tr\u00ean c\u00f9ng m\u1ed9t thi\u1ebft b\u1ecb.","og_url":"https:\/\/biogroupvietnam.com\/vi\/san-pham\/may-ly-tam-hettich-mikro-220-220-r\/","og_site_name":"Biogroup Vietnam","article_modified_time":"2025-09-29T08:09:21+00:00","og_image":[{"width":1600,"height":1229,"url":"https:\/\/biogroupvietnam.com\/wp-content\/uploads\/2025\/08\/mikro2022020220r.jpg","type":"image\/jpeg"}],"twitter_card":"summary_large_image","twitter_misc":{"\u01af\u1edbc t\u00ednh th\u1eddi gian \u0111\u1ecdc":"2 ph\u00fat"},"schema":{"@context":"https:\/\/schema.org","@graph":[{"@type":"WebPage","@id":"https:\/\/biogroupvietnam.com\/vi\/san-pham\/may-ly-tam-hettich-mikro-220-220-r\/","url":"https:\/\/biogroupvietnam.com\/vi\/san-pham\/may-ly-tam-hettich-mikro-220-220-r\/","name":"M\u00e1y Ly T\u00e2m Hettich MIKRO 220 | 220 R","isPartOf":{"@id":"https:\/\/biogroupvietnam.com\/vi\/#website"},"primaryImageOfPage":{"@id":"https:\/\/biogroupvietnam.com\/vi\/san-pham\/may-ly-tam-hettich-mikro-220-220-r\/#primaryimage"},"image":{"@id":"https:\/\/biogroupvietnam.com\/vi\/san-pham\/may-ly-tam-hettich-mikro-220-220-r\/#primaryimage"},"thumbnailUrl":"https:\/\/biogroupvietnam.com\/wp-content\/uploads\/2025\/08\/mikro2022020220r.jpg","datePublished":"2025-08-18T12:56:12+00:00","dateModified":"2025-09-29T08:09:21+00:00","description":"MIKRO 220 | 220 R mang l\u1ea1i t\u00ednh linh ho\u1ea1t v\u1edbi 8 lo\u1ea1i rotor kh\u00e1c nhau, t\u01b0\u01a1ng th\u00edch v\u1edbi c\u00e1c \u1ed1ng t\u1eeb 0.2 ml microliter \u0111\u1ebfn \u1ed1ng 50 ml, cho ph\u00e9p th\u1ef1c hi\u1ec7n nhi\u1ec1u \u1ee9ng d\u1ee5ng nghi\u00ean c\u1ee9u tr\u00ean c\u00f9ng m\u1ed9t thi\u1ebft b\u1ecb.","breadcrumb":{"@id":"https:\/\/biogroupvietnam.com\/vi\/san-pham\/may-ly-tam-hettich-mikro-220-220-r\/#breadcrumb"},"inLanguage":"vi","potentialAction":[{"@type":"ReadAction","target":["https:\/\/biogroupvietnam.com\/vi\/san-pham\/may-ly-tam-hettich-mikro-220-220-r\/"]}]},{"@type":"ImageObject","inLanguage":"vi","@id":"https:\/\/biogroupvietnam.com\/vi\/san-pham\/may-ly-tam-hettich-mikro-220-220-r\/#primaryimage","url":"https:\/\/biogroupvietnam.com\/wp-content\/uploads\/2025\/08\/mikro2022020220r.jpg","contentUrl":"https:\/\/biogroupvietnam.com\/wp-content\/uploads\/2025\/08\/mikro2022020220r.jpg","width":1600,"height":1229,"caption":"\u00a0"},{"@type":"BreadcrumbList","@id":"https:\/\/biogroupvietnam.com\/vi\/san-pham\/may-ly-tam-hettich-mikro-220-220-r\/#breadcrumb","itemListElement":[{"@type":"ListItem","position":1,"name":"Trang ch\u1ee7","item":"https:\/\/biogroupvietnam.com\/vi\/"},{"@type":"ListItem","position":2,"name":"S\u1ea3n ph\u1ea9m","item":"https:\/\/biogroupvietnam.com\/vi\/san-pham\/"},{"@type":"ListItem","position":3,"name":"R&amp;D Sinh H\u1ecdc","item":"https:\/\/biogroupvietnam.com\/vi\/danh-muc-san-pham\/rd-sinh-hoc\/"},{"@type":"ListItem","position":4,"name":"M\u00e1y ly t\u00e2m","item":"https:\/\/biogroupvietnam.com\/vi\/danh-muc-san-pham\/may-ly-tam\/"},{"@type":"ListItem","position":5,"name":"M\u00e1y Ly T\u00e2m Hettich MIKRO 220 | 220 R"}]},{"@type":"WebSite","@id":"https:\/\/biogroupvietnam.com\/vi\/#website","url":"https:\/\/biogroupvietnam.com\/vi\/","name":"Biogroup Vietnam","description":"Biogroup Vietnam cung c\u1ea5p d\u1ecbch v\u1ee5 k\u1ef9 thu\u1eadt c\u00f9ng thi\u1ebft b\u1ecb, v\u1eadt t\u01b0, h\u00f3a ch\u1ea5t v\u00e0 gi\u1ea3i ph\u00e1p sinh h\u1ecdc cho ph\u00f2ng th\u00ed nghi\u1ec7m c\u00f4ng ngh\u1ec7 sinh h\u1ecdc, y sinh v\u00e0 y h\u1ecdc t\u00e1i t\u1ea1o.","potentialAction":[{"@type":"SearchAction","target":{"@type":"EntryPoint","urlTemplate":"https:\/\/biogroupvietnam.com\/vi\/?s={search_term_string}"},"query-input":{"@type":"PropertyValueSpecification","valueRequired":true,"valueName":"search_term_string"}}],"inLanguage":"vi"}]}},"_links":{"self":[{"href":"https:\/\/biogroupvietnam.com\/vi\/wp-json\/wp\/v2\/product\/4078","targetHints":{"allow":["GET"]}}],"collection":[{"href":"https:\/\/biogroupvietnam.com\/vi\/wp-json\/wp\/v2\/product"}],"about":[{"href":"https:\/\/biogroupvietnam.com\/vi\/wp-json\/wp\/v2\/types\/product"}],"replies":[{"embeddable":true,"href":"https:\/\/biogroupvietnam.com\/vi\/wp-json\/wp\/v2\/comments?post=4078"}],"version-history":[{"count":8,"href":"https:\/\/biogroupvietnam.com\/vi\/wp-json\/wp\/v2\/product\/4078\/revisions"}],"predecessor-version":[{"id":8349,"href":"https:\/\/biogroupvietnam.com\/vi\/wp-json\/wp\/v2\/product\/4078\/revisions\/8349"}],"wp:featuredmedia":[{"embeddable":true,"href":"https:\/\/biogroupvietnam.com\/vi\/wp-json\/wp\/v2\/media\/5594"}],"wp:attachment":[{"href":"https:\/\/biogroupvietnam.com\/vi\/wp-json\/wp\/v2\/media?parent=4078"}],"wp:term":[{"taxonomy":"product_brand","embeddable":true,"href":"https:\/\/biogroupvietnam.com\/vi\/wp-json\/wp\/v2\/product_brand?post=4078"},{"taxonomy":"product_cat","embeddable":true,"href":"https:\/\/biogroupvietnam.com\/vi\/wp-json\/wp\/v2\/product_cat?post=4078"},{"taxonomy":"product_tag","embeddable":true,"href":"https:\/\/biogroupvietnam.com\/vi\/wp-json\/wp\/v2\/product_tag?post=4078"}],"curies":[{"name":"wp","href":"https:\/\/api.w.org\/{rel}","templated":true}]}}