{"id":4082,"date":"2025-08-18T19:56:13","date_gmt":"2025-08-18T12:56:13","guid":{"rendered":"http:\/\/biogroupvietnam-worldpress.local\/product\/import-placeholder-for-274\/"},"modified":"2025-10-02T14:30:51","modified_gmt":"2025-10-02T07:30:51","slug":"may-ly-tam-de-ban-hettich-rotina-420","status":"publish","type":"product","link":"https:\/\/biogroupvietnam.com\/vi\/san-pham\/may-ly-tam-de-ban-hettich-rotina-420\/","title":{"rendered":"M\u00e1y Ly T\u00e2m \u0110\u1ec3 B\u00e0n Hettich ROTINA 420"},"content":{"rendered":"<h3><strong>ROTINA 420 \u2013 Trang b\u1ecb t\u1ed1i \u01b0u cho m\u1ecdi \u1ee9ng d\u1ee5ng trong ph\u00f2ng th\u00ed nghi\u1ec7m<\/strong><\/h3>\n<p>M\u00e1y ly t\u00e2m \u0111\u1ec3 b\u00e0n nh\u1ecf g\u1ecdn n\u00e0y \u0111\u01b0\u1ee3c thi\u1ebft k\u1ebf cho c\u00e1c \u1ee9ng d\u1ee5ng y\u00eau c\u1ea7u x\u1eed l\u00fd th\u1ec3 t\u00edch m\u1eabu l\u1edbn. ROTINA 420 c\u00f3 kh\u1ea3 n\u0103ng ly t\u00e2m t\u1ed1i \u0111a l\u00ean \u0111\u1ebfn 4 x chai 600 ml, 140 \u1ed1ng m\u00e1u, 16 \u0111\u0129a microtiter ho\u1eb7c 52 \u1ed1ng 15 ml, t\u1ea5t c\u1ea3 ch\u1ec9 v\u1edbi m\u1ed9t rotor ti\u1ebft ki\u1ec7m chi ph\u00ed.<\/p>\n<p>&nbsp;<\/p>\n<h4><strong>\u0110i\u1ec1u ki\u1ec7n t\u1ed1i \u01b0u cho \u1ee9ng d\u1ee5ng c\u1ee7a b\u1ea1n<\/strong><\/h4>\n<h6>Kh\u00f3a g\u00e0i m\u1ed9t tay \u2013 d\u1ec5 d\u00e0ng n\u1ea1p, l\u1ea5y m\u1eabu, v\u1eadn chuy\u1ec3n v\u00e0 \u0111\u00f3ng k\u00edn<\/h6>\n<p>C\u00e1c carrier buckets c\u1ee7a ROTINA 420 \u0111\u01b0\u1ee3c c\u1ea3i ti\u1ebfn v\u1edbi tay c\u1ea7m t\u00edch h\u1ee3p, mang l\u1ea1i s\u1ef1 thu\u1eadn ti\u1ec7n khi v\u1eadn chuy\u1ec3n v\u00e0 n\u1ea1p m\u1eabu. Tay c\u1ea7m n\u00e0y c\u0169ng \u0111\u00f3ng vai tr\u00f2 nh\u01b0 c\u01a1 ch\u1ebf kh\u00f3a n\u1eafp an to\u00e0n sinh h\u1ecdc.<\/p>\n<p>&nbsp;<\/p>\n<h4><strong>L\u0129nh v\u1ef1c \u1ee9ng d\u1ee5ng<\/strong><\/h4>\n<h6><strong>H\u00f3a sinh l\u00e2m s\u00e0ng, Huy\u1ebft h\u1ecdc, Huy\u1ebft thanh h\u1ecdc<\/strong><\/h6>\n<p>M\u00e1y ly t\u00e2m hi\u1ec7u su\u1ea5t cao ph\u00f9 h\u1ee3p v\u1edbi c\u00e1c ph\u00f2ng x\u00e9t nghi\u1ec7m l\u1edbn nh\u01b0 ng\u00e2n h\u00e0ng m\u00e1u ho\u1eb7c ph\u00f2ng x\u00e9t nghi\u1ec7m l\u00e2m s\u00e0ng l\u01b0u l\u01b0\u1ee3ng cao.<\/p>\n<h6><strong>Nghi\u00ean c\u1ee9u v\u00e0 c\u00f4ng nghi\u1ec7p, nu\u00f4i c\u1ea5y t\u1ebf b\u00e0o, x\u00e9t nghi\u1ec7m<\/strong><\/h6>\n<p>M\u1ed9t rotor duy nh\u1ea5t t\u01b0\u01a1ng th\u00edch v\u1edbi nhi\u1ec1u lo\u1ea1i b\u00ecnh, chai v\u00e0 \u0111\u0129a, cung c\u1ea5p \u0111a d\u1ea1ng l\u1ef1a ch\u1ecdn cho nu\u00f4i c\u1ea5y t\u1ebf b\u00e0o v\u00e0\/ho\u1eb7c x\u00e9t nghi\u1ec7m pha r\u1eafn.<\/p>\n<h6><strong>C\u01a1 s\u1edf s\u1eed d\u1ee5ng<\/strong><\/h6>\n<ul>\n<li>B\u1ec7nh vi\u1ec7n<\/li>\n<li>Ph\u00f2ng x\u00e9t nghi\u1ec7m huy\u1ebft h\u1ecdc<\/li>\n<li>Trung t\u00e2m m\u00e1u<\/li>\n<li>Ph\u00f2ng x\u00e9t nghi\u1ec7m th\u00fa y<\/li>\n<li>Ph\u00f2ng th\u00ed nghi\u1ec7m d\u01b0\u1ee3c ph\u1ea9m<\/li>\n<li>Ph\u00f2ng ph\u00e2n t\u00edch th\u1ef1c ph\u1ea9m<\/li>\n<li>Ph\u00f2ng th\u00ed nghi\u1ec7m khoa h\u1ecdc t\u1ea1i c\u00e1c tr\u01b0\u1eddng \u0111\u1ea1i h\u1ecdc<\/li>\n<\/ul>\n<p>&nbsp;<\/p>\n<p>Li\u00ean h\u1ec7 \u0111\u1ec3 \u0111\u01b0\u1ee3c t\u01b0 v\u1ea5n \u0111\u1eb7t h\u00e0ng.<\/p>\n","protected":false},"excerpt":{"rendered":"<p>ROTINA 420 \u2013 Trang b\u1ecb t\u1ed1i \u01b0u cho m\u1ecdi \u1ee9ng d\u1ee5ng trong ph\u00f2ng th\u00ed nghi\u1ec7m M\u00e1y ly t\u00e2m \u0111\u1ec3 b\u00e0n nh\u1ecf g\u1ecdn n\u00e0y \u0111\u01b0\u1ee3c thi\u1ebft k\u1ebf cho c\u00e1c \u1ee9ng d\u1ee5ng y\u00eau c\u1ea7u x\u1eed l\u00fd th\u1ec3 t\u00edch m\u1eabu l\u1edbn. ROTINA 420 c\u00f3 kh\u1ea3 n\u0103ng ly t\u00e2m t\u1ed1i \u0111a l\u00ean \u0111\u1ebfn 4 x chai 600 ml, 140<\/p>\n<div class=\"klb-readmore post-buttons\"><a class=\"button rounded primary\" href=\"https:\/\/biogroupvietnam.com\/vi\/san-pham\/may-ly-tam-de-ban-hettich-rotina-420\/\">Read More <i class=\"klbth-icon-right-arrow\"><\/i><\/a><\/div>\n","protected":false},"featured_media":5598,"comment_status":"closed","ping_status":"closed","template":"","meta":{"_acf_changed":false},"product_brand":[130],"product_cat":[122],"product_tag":[],"class_list":{"0":"post-4082","1":"product","2":"type-product","3":"status-publish","4":"has-post-thumbnail","6":"product_brand-andreas-hettich","7":"product_cat-may-ly-tam","9":"first","10":"outofstock","11":"shipping-taxable","12":"product-type-simple"},"acf":[],"yoast_head":"<!-- This site is optimized with the Yoast SEO plugin v26.8 - https:\/\/yoast.com\/product\/yoast-seo-wordpress\/ -->\n<title>M\u00e1y Ly T\u00e2m \u0110\u1ec3 B\u00e0n Hettich ROTINA 420R<\/title>\n<meta name=\"description\" content=\"M\u00e1y ly t\u00e2m ROTINA 420 \u0111\u1ec3 b\u00e0n nh\u1ecf g\u1ecdn \u0111\u01b0\u1ee3c thi\u1ebft k\u1ebf cho c\u00e1c \u1ee9ng d\u1ee5ng y\u00eau c\u1ea7u x\u1eed l\u00fd th\u1ec3 t\u00edch m\u1eabu l\u1edbn. C\u00f3 kh\u1ea3 n\u0103ng ly t\u00e2m t\u1ed1i \u0111a l\u00ean \u0111\u1ebfn 4 x chai 600 ml, 140 \u1ed1ng m\u00e1u, 16 \u0111\u0129a vi chu\u1ea9n ho\u1eb7c 52 \u1ed1ng n\u00f3n 15 ml, t\u1ea5t c\u1ea3 ch\u1ec9 v\u1edbi m\u1ed9t rotor ti\u1ebft ki\u1ec7m chi ph\u00ed.\" \/>\n<meta name=\"robots\" content=\"index, follow, max-snippet:-1, max-image-preview:large, max-video-preview:-1\" \/>\n<link rel=\"canonical\" href=\"https:\/\/biogroupvietnam.com\/vi\/san-pham\/may-ly-tam-de-ban-hettich-rotina-420\/\" \/>\n<meta property=\"og:locale\" content=\"vi_VN\" \/>\n<meta property=\"og:type\" content=\"article\" \/>\n<meta property=\"og:title\" content=\"M\u00e1y Ly T\u00e2m \u0110\u1ec3 B\u00e0n Hettich ROTINA 420R\" \/>\n<meta property=\"og:description\" content=\"M\u00e1y ly t\u00e2m ROTINA 420 \u0111\u1ec3 b\u00e0n nh\u1ecf g\u1ecdn \u0111\u01b0\u1ee3c thi\u1ebft k\u1ebf cho c\u00e1c \u1ee9ng d\u1ee5ng y\u00eau c\u1ea7u x\u1eed l\u00fd th\u1ec3 t\u00edch m\u1eabu l\u1edbn. C\u00f3 kh\u1ea3 n\u0103ng ly t\u00e2m t\u1ed1i \u0111a l\u00ean \u0111\u1ebfn 4 x chai 600 ml, 140 \u1ed1ng m\u00e1u, 16 \u0111\u0129a vi chu\u1ea9n ho\u1eb7c 52 \u1ed1ng n\u00f3n 15 ml, t\u1ea5t c\u1ea3 ch\u1ec9 v\u1edbi m\u1ed9t rotor ti\u1ebft ki\u1ec7m chi ph\u00ed.\" \/>\n<meta property=\"og:url\" content=\"https:\/\/biogroupvietnam.com\/vi\/san-pham\/may-ly-tam-de-ban-hettich-rotina-420\/\" \/>\n<meta property=\"og:site_name\" content=\"Biogroup Vietnam\" \/>\n<meta property=\"article:modified_time\" content=\"2025-10-02T07:30:51+00:00\" \/>\n<meta property=\"og:image\" content=\"https:\/\/biogroupvietnam.com\/wp-content\/uploads\/2025\/08\/rotina20420.jpg\" \/>\n\t<meta property=\"og:image:width\" content=\"1600\" \/>\n\t<meta property=\"og:image:height\" content=\"1229\" \/>\n\t<meta property=\"og:image:type\" content=\"image\/jpeg\" \/>\n<meta name=\"twitter:card\" content=\"summary_large_image\" \/>\n<meta name=\"twitter:label1\" content=\"\u01af\u1edbc t\u00ednh th\u1eddi gian \u0111\u1ecdc\" \/>\n\t<meta name=\"twitter:data1\" content=\"2 ph\u00fat\" \/>\n<script type=\"application\/ld+json\" class=\"yoast-schema-graph\">{\"@context\":\"https:\/\/schema.org\",\"@graph\":[{\"@type\":\"WebPage\",\"@id\":\"https:\/\/biogroupvietnam.com\/vi\/san-pham\/may-ly-tam-de-ban-hettich-rotina-420\/\",\"url\":\"https:\/\/biogroupvietnam.com\/vi\/san-pham\/may-ly-tam-de-ban-hettich-rotina-420\/\",\"name\":\"M\u00e1y Ly T\u00e2m \u0110\u1ec3 B\u00e0n Hettich ROTINA 420R\",\"isPartOf\":{\"@id\":\"https:\/\/biogroupvietnam.com\/vi\/#website\"},\"primaryImageOfPage\":{\"@id\":\"https:\/\/biogroupvietnam.com\/vi\/san-pham\/may-ly-tam-de-ban-hettich-rotina-420\/#primaryimage\"},\"image\":{\"@id\":\"https:\/\/biogroupvietnam.com\/vi\/san-pham\/may-ly-tam-de-ban-hettich-rotina-420\/#primaryimage\"},\"thumbnailUrl\":\"https:\/\/biogroupvietnam.com\/wp-content\/uploads\/2025\/08\/rotina20420.jpg\",\"datePublished\":\"2025-08-18T12:56:13+00:00\",\"dateModified\":\"2025-10-02T07:30:51+00:00\",\"description\":\"M\u00e1y ly t\u00e2m ROTINA 420 \u0111\u1ec3 b\u00e0n nh\u1ecf g\u1ecdn \u0111\u01b0\u1ee3c thi\u1ebft k\u1ebf cho c\u00e1c \u1ee9ng d\u1ee5ng y\u00eau c\u1ea7u x\u1eed l\u00fd th\u1ec3 t\u00edch m\u1eabu l\u1edbn. C\u00f3 kh\u1ea3 n\u0103ng ly t\u00e2m t\u1ed1i \u0111a l\u00ean \u0111\u1ebfn 4 x chai 600 ml, 140 \u1ed1ng m\u00e1u, 16 \u0111\u0129a vi chu\u1ea9n ho\u1eb7c 52 \u1ed1ng n\u00f3n 15 ml, t\u1ea5t c\u1ea3 ch\u1ec9 v\u1edbi m\u1ed9t rotor ti\u1ebft ki\u1ec7m chi ph\u00ed.\",\"breadcrumb\":{\"@id\":\"https:\/\/biogroupvietnam.com\/vi\/san-pham\/may-ly-tam-de-ban-hettich-rotina-420\/#breadcrumb\"},\"inLanguage\":\"vi\",\"potentialAction\":[{\"@type\":\"ReadAction\",\"target\":[\"https:\/\/biogroupvietnam.com\/vi\/san-pham\/may-ly-tam-de-ban-hettich-rotina-420\/\"]}]},{\"@type\":\"ImageObject\",\"inLanguage\":\"vi\",\"@id\":\"https:\/\/biogroupvietnam.com\/vi\/san-pham\/may-ly-tam-de-ban-hettich-rotina-420\/#primaryimage\",\"url\":\"https:\/\/biogroupvietnam.com\/wp-content\/uploads\/2025\/08\/rotina20420.jpg\",\"contentUrl\":\"https:\/\/biogroupvietnam.com\/wp-content\/uploads\/2025\/08\/rotina20420.jpg\",\"width\":1600,\"height\":1229,\"caption\":\"\u00a0\"},{\"@type\":\"BreadcrumbList\",\"@id\":\"https:\/\/biogroupvietnam.com\/vi\/san-pham\/may-ly-tam-de-ban-hettich-rotina-420\/#breadcrumb\",\"itemListElement\":[{\"@type\":\"ListItem\",\"position\":1,\"name\":\"Trang ch\u1ee7\",\"item\":\"https:\/\/biogroupvietnam.com\/vi\/\"},{\"@type\":\"ListItem\",\"position\":2,\"name\":\"S\u1ea3n ph\u1ea9m\",\"item\":\"https:\/\/biogroupvietnam.com\/vi\/san-pham\/\"},{\"@type\":\"ListItem\",\"position\":3,\"name\":\"R&amp;D Sinh H\u1ecdc\",\"item\":\"https:\/\/biogroupvietnam.com\/vi\/danh-muc-san-pham\/rd-sinh-hoc\/\"},{\"@type\":\"ListItem\",\"position\":4,\"name\":\"M\u00e1y ly t\u00e2m\",\"item\":\"https:\/\/biogroupvietnam.com\/vi\/danh-muc-san-pham\/may-ly-tam\/\"},{\"@type\":\"ListItem\",\"position\":5,\"name\":\"M\u00e1y Ly T\u00e2m \u0110\u1ec3 B\u00e0n Hettich ROTINA 420\"}]},{\"@type\":\"WebSite\",\"@id\":\"https:\/\/biogroupvietnam.com\/vi\/#website\",\"url\":\"https:\/\/biogroupvietnam.com\/vi\/\",\"name\":\"Biogroup Vietnam\",\"description\":\"Biogroup Vietnam cung c\u1ea5p d\u1ecbch v\u1ee5 k\u1ef9 thu\u1eadt c\u00f9ng thi\u1ebft b\u1ecb, v\u1eadt t\u01b0, h\u00f3a ch\u1ea5t v\u00e0 gi\u1ea3i ph\u00e1p sinh h\u1ecdc cho ph\u00f2ng th\u00ed nghi\u1ec7m c\u00f4ng ngh\u1ec7 sinh h\u1ecdc, y sinh v\u00e0 y h\u1ecdc t\u00e1i t\u1ea1o.\",\"potentialAction\":[{\"@type\":\"SearchAction\",\"target\":{\"@type\":\"EntryPoint\",\"urlTemplate\":\"https:\/\/biogroupvietnam.com\/vi\/?s={search_term_string}\"},\"query-input\":{\"@type\":\"PropertyValueSpecification\",\"valueRequired\":true,\"valueName\":\"search_term_string\"}}],\"inLanguage\":\"vi\"}]}<\/script>\n<!-- \/ Yoast SEO plugin. -->","yoast_head_json":{"title":"M\u00e1y Ly T\u00e2m \u0110\u1ec3 B\u00e0n Hettich ROTINA 420R","description":"M\u00e1y ly t\u00e2m ROTINA 420 \u0111\u1ec3 b\u00e0n nh\u1ecf g\u1ecdn \u0111\u01b0\u1ee3c thi\u1ebft k\u1ebf cho c\u00e1c \u1ee9ng d\u1ee5ng y\u00eau c\u1ea7u x\u1eed l\u00fd th\u1ec3 t\u00edch m\u1eabu l\u1edbn. C\u00f3 kh\u1ea3 n\u0103ng ly t\u00e2m t\u1ed1i \u0111a l\u00ean \u0111\u1ebfn 4 x chai 600 ml, 140 \u1ed1ng m\u00e1u, 16 \u0111\u0129a vi chu\u1ea9n ho\u1eb7c 52 \u1ed1ng n\u00f3n 15 ml, t\u1ea5t c\u1ea3 ch\u1ec9 v\u1edbi m\u1ed9t rotor ti\u1ebft ki\u1ec7m chi ph\u00ed.","robots":{"index":"index","follow":"follow","max-snippet":"max-snippet:-1","max-image-preview":"max-image-preview:large","max-video-preview":"max-video-preview:-1"},"canonical":"https:\/\/biogroupvietnam.com\/vi\/san-pham\/may-ly-tam-de-ban-hettich-rotina-420\/","og_locale":"vi_VN","og_type":"article","og_title":"M\u00e1y Ly T\u00e2m \u0110\u1ec3 B\u00e0n Hettich ROTINA 420R","og_description":"M\u00e1y ly t\u00e2m ROTINA 420 \u0111\u1ec3 b\u00e0n nh\u1ecf g\u1ecdn \u0111\u01b0\u1ee3c thi\u1ebft k\u1ebf cho c\u00e1c \u1ee9ng d\u1ee5ng y\u00eau c\u1ea7u x\u1eed l\u00fd th\u1ec3 t\u00edch m\u1eabu l\u1edbn. C\u00f3 kh\u1ea3 n\u0103ng ly t\u00e2m t\u1ed1i \u0111a l\u00ean \u0111\u1ebfn 4 x chai 600 ml, 140 \u1ed1ng m\u00e1u, 16 \u0111\u0129a vi chu\u1ea9n ho\u1eb7c 52 \u1ed1ng n\u00f3n 15 ml, t\u1ea5t c\u1ea3 ch\u1ec9 v\u1edbi m\u1ed9t rotor ti\u1ebft ki\u1ec7m chi ph\u00ed.","og_url":"https:\/\/biogroupvietnam.com\/vi\/san-pham\/may-ly-tam-de-ban-hettich-rotina-420\/","og_site_name":"Biogroup Vietnam","article_modified_time":"2025-10-02T07:30:51+00:00","og_image":[{"width":1600,"height":1229,"url":"https:\/\/biogroupvietnam.com\/wp-content\/uploads\/2025\/08\/rotina20420.jpg","type":"image\/jpeg"}],"twitter_card":"summary_large_image","twitter_misc":{"\u01af\u1edbc t\u00ednh th\u1eddi gian \u0111\u1ecdc":"2 ph\u00fat"},"schema":{"@context":"https:\/\/schema.org","@graph":[{"@type":"WebPage","@id":"https:\/\/biogroupvietnam.com\/vi\/san-pham\/may-ly-tam-de-ban-hettich-rotina-420\/","url":"https:\/\/biogroupvietnam.com\/vi\/san-pham\/may-ly-tam-de-ban-hettich-rotina-420\/","name":"M\u00e1y Ly T\u00e2m \u0110\u1ec3 B\u00e0n Hettich ROTINA 420R","isPartOf":{"@id":"https:\/\/biogroupvietnam.com\/vi\/#website"},"primaryImageOfPage":{"@id":"https:\/\/biogroupvietnam.com\/vi\/san-pham\/may-ly-tam-de-ban-hettich-rotina-420\/#primaryimage"},"image":{"@id":"https:\/\/biogroupvietnam.com\/vi\/san-pham\/may-ly-tam-de-ban-hettich-rotina-420\/#primaryimage"},"thumbnailUrl":"https:\/\/biogroupvietnam.com\/wp-content\/uploads\/2025\/08\/rotina20420.jpg","datePublished":"2025-08-18T12:56:13+00:00","dateModified":"2025-10-02T07:30:51+00:00","description":"M\u00e1y ly t\u00e2m ROTINA 420 \u0111\u1ec3 b\u00e0n nh\u1ecf g\u1ecdn \u0111\u01b0\u1ee3c thi\u1ebft k\u1ebf cho c\u00e1c \u1ee9ng d\u1ee5ng y\u00eau c\u1ea7u x\u1eed l\u00fd th\u1ec3 t\u00edch m\u1eabu l\u1edbn. C\u00f3 kh\u1ea3 n\u0103ng ly t\u00e2m t\u1ed1i \u0111a l\u00ean \u0111\u1ebfn 4 x chai 600 ml, 140 \u1ed1ng m\u00e1u, 16 \u0111\u0129a vi chu\u1ea9n ho\u1eb7c 52 \u1ed1ng n\u00f3n 15 ml, t\u1ea5t c\u1ea3 ch\u1ec9 v\u1edbi m\u1ed9t rotor ti\u1ebft ki\u1ec7m chi ph\u00ed.","breadcrumb":{"@id":"https:\/\/biogroupvietnam.com\/vi\/san-pham\/may-ly-tam-de-ban-hettich-rotina-420\/#breadcrumb"},"inLanguage":"vi","potentialAction":[{"@type":"ReadAction","target":["https:\/\/biogroupvietnam.com\/vi\/san-pham\/may-ly-tam-de-ban-hettich-rotina-420\/"]}]},{"@type":"ImageObject","inLanguage":"vi","@id":"https:\/\/biogroupvietnam.com\/vi\/san-pham\/may-ly-tam-de-ban-hettich-rotina-420\/#primaryimage","url":"https:\/\/biogroupvietnam.com\/wp-content\/uploads\/2025\/08\/rotina20420.jpg","contentUrl":"https:\/\/biogroupvietnam.com\/wp-content\/uploads\/2025\/08\/rotina20420.jpg","width":1600,"height":1229,"caption":"\u00a0"},{"@type":"BreadcrumbList","@id":"https:\/\/biogroupvietnam.com\/vi\/san-pham\/may-ly-tam-de-ban-hettich-rotina-420\/#breadcrumb","itemListElement":[{"@type":"ListItem","position":1,"name":"Trang ch\u1ee7","item":"https:\/\/biogroupvietnam.com\/vi\/"},{"@type":"ListItem","position":2,"name":"S\u1ea3n ph\u1ea9m","item":"https:\/\/biogroupvietnam.com\/vi\/san-pham\/"},{"@type":"ListItem","position":3,"name":"R&amp;D Sinh H\u1ecdc","item":"https:\/\/biogroupvietnam.com\/vi\/danh-muc-san-pham\/rd-sinh-hoc\/"},{"@type":"ListItem","position":4,"name":"M\u00e1y ly t\u00e2m","item":"https:\/\/biogroupvietnam.com\/vi\/danh-muc-san-pham\/may-ly-tam\/"},{"@type":"ListItem","position":5,"name":"M\u00e1y Ly T\u00e2m \u0110\u1ec3 B\u00e0n Hettich ROTINA 420"}]},{"@type":"WebSite","@id":"https:\/\/biogroupvietnam.com\/vi\/#website","url":"https:\/\/biogroupvietnam.com\/vi\/","name":"Biogroup Vietnam","description":"Biogroup Vietnam cung c\u1ea5p d\u1ecbch v\u1ee5 k\u1ef9 thu\u1eadt c\u00f9ng thi\u1ebft b\u1ecb, v\u1eadt t\u01b0, h\u00f3a ch\u1ea5t v\u00e0 gi\u1ea3i ph\u00e1p sinh h\u1ecdc cho ph\u00f2ng th\u00ed nghi\u1ec7m c\u00f4ng ngh\u1ec7 sinh h\u1ecdc, y sinh v\u00e0 y h\u1ecdc t\u00e1i t\u1ea1o.","potentialAction":[{"@type":"SearchAction","target":{"@type":"EntryPoint","urlTemplate":"https:\/\/biogroupvietnam.com\/vi\/?s={search_term_string}"},"query-input":{"@type":"PropertyValueSpecification","valueRequired":true,"valueName":"search_term_string"}}],"inLanguage":"vi"}]}},"_links":{"self":[{"href":"https:\/\/biogroupvietnam.com\/vi\/wp-json\/wp\/v2\/product\/4082","targetHints":{"allow":["GET"]}}],"collection":[{"href":"https:\/\/biogroupvietnam.com\/vi\/wp-json\/wp\/v2\/product"}],"about":[{"href":"https:\/\/biogroupvietnam.com\/vi\/wp-json\/wp\/v2\/types\/product"}],"replies":[{"embeddable":true,"href":"https:\/\/biogroupvietnam.com\/vi\/wp-json\/wp\/v2\/comments?post=4082"}],"version-history":[{"count":3,"href":"https:\/\/biogroupvietnam.com\/vi\/wp-json\/wp\/v2\/product\/4082\/revisions"}],"predecessor-version":[{"id":8352,"href":"https:\/\/biogroupvietnam.com\/vi\/wp-json\/wp\/v2\/product\/4082\/revisions\/8352"}],"wp:featuredmedia":[{"embeddable":true,"href":"https:\/\/biogroupvietnam.com\/vi\/wp-json\/wp\/v2\/media\/5598"}],"wp:attachment":[{"href":"https:\/\/biogroupvietnam.com\/vi\/wp-json\/wp\/v2\/media?parent=4082"}],"wp:term":[{"taxonomy":"product_brand","embeddable":true,"href":"https:\/\/biogroupvietnam.com\/vi\/wp-json\/wp\/v2\/product_brand?post=4082"},{"taxonomy":"product_cat","embeddable":true,"href":"https:\/\/biogroupvietnam.com\/vi\/wp-json\/wp\/v2\/product_cat?post=4082"},{"taxonomy":"product_tag","embeddable":true,"href":"https:\/\/biogroupvietnam.com\/vi\/wp-json\/wp\/v2\/product_tag?post=4082"}],"curies":[{"name":"wp","href":"https:\/\/api.w.org\/{rel}","templated":true}]}}