{"id":4104,"date":"2025-08-18T19:56:36","date_gmt":"2025-08-18T12:56:36","guid":{"rendered":"http:\/\/biogroupvietnam-worldpress.local\/product\/import-placeholder-for-275\/"},"modified":"2025-09-29T15:09:22","modified_gmt":"2025-09-29T08:09:22","slug":"may-ly-tam-hettich-mikro-200","status":"publish","type":"product","link":"https:\/\/biogroupvietnam.com\/vi\/san-pham\/may-ly-tam-hettich-mikro-200\/","title":{"rendered":"M\u00e1y Ly T\u00e2m Hettich MIKRO 200"},"content":{"rendered":"<h3><strong>MIKRO 200 &#8211; K\u1ebft qu\u1ea3 nhanh h\u01a1n trong sinh h\u1ecdc ph\u00e2n t\u1eed<\/strong><\/h3>\n<p>Tr\u1ea3i nghi\u1ec7m t\u1ed1c \u0111\u1ed9 v\u00e0 \u0111\u1ed9 ch\u00ednh x\u00e1c v\u01b0\u1ee3t tr\u1ed9i v\u1edbi m\u00e1y ly t\u00e2m MIKRO 200. \u0110\u01b0\u1ee3c thi\u1ebft k\u1ebf chuy\u00ean d\u1ee5ng cho c\u00e1c \u1ed1ng microliter v\u00e0 \u1ed1ng PCR, thi\u1ebft b\u1ecb \u0111\u1ea1t l\u1ef1c ly t\u00e2m t\u1ed1i \u0111a RCF 21.382, gi\u00fap x\u1eed l\u00fd m\u1eabu nhanh ch\u00f3ng v\u00e0 ph\u00e2n t\u00e1ch t\u1ed1i \u01b0u. Ho\u1ea1t \u0111\u1ed9ng \u00eam \u00e1i v\u1edbi \u0111\u1ed9 \u1ed3n ch\u1ec9 54 dB(A).<\/p>\n<h4><strong>L\u0129nh v\u1ef1c \u1ee9ng d\u1ee5ng<\/strong><\/h4>\n<h6><strong>L\u00e2m s\u00e0ng<\/strong><\/h6>\n<p>Ly t\u00e2m \u1ed1ng m\u00e1u nhi khoa v\u1edbi thi\u1ebft k\u1ebf nh\u1ecf g\u1ecdn, c\u0169ng nh\u01b0 c\u00e1c b\u1ed9 kit PCR mini bao g\u1ed3m c\u00e1c c\u1ed9t l\u1ecdc ly t\u00e2m v\u1edbi l\u1ef1c RCF l\u00ean \u0111\u1ebfn 31.514 v\u00e0 x\u1eed l\u00fd m\u1eabu huy\u1ebft thanh \u0111\u1ee5c (lipemic samples) v\u1edbi l\u1ef1c g 21.185 \u2013 t\u1ea5t c\u1ea3 v\u1edbi chi ph\u00ed th\u1ea5p h\u01a1n \u0111\u00e1ng k\u1ec3 so v\u1edbi m\u00e1y si\u00eau ly t\u00e2m.<\/p>\n<h6><strong>C\u00f4ng nghi\u1ec7p v\u00e0 nghi\u00ean c\u1ee9u<\/strong><\/h6>\n<p>Ly t\u00e2m c\u00e1c b\u1ed9 kit PCR mini bao g\u1ed3m c\u00e1c c\u1ed9t l\u1ecdc v\u00e0 \u1ed1ng microliter \u0111\u1ec3 l\u1eafng c\u00e1c th\u00e0nh ph\u1ea7n h\u1ea1 b\u00e0o ho\u1eb7c vi khu\u1ea9n.<\/p>\n<h6><strong>C\u01a1 s\u1edf s\u1eed d\u1ee5ng<\/strong><\/h6>\n<ul>\n<li>B\u1ec7nh vi\u1ec7n<\/li>\n<li>B\u1ec7nh vi\u1ec7n nhi<\/li>\n<li>Trung t\u00e2m m\u00e1u<\/li>\n<li>B\u1ec7nh vi\u1ec7n d\u01b0\u1ee3c ph\u1ea9m<\/li>\n<li>Ph\u00f2ng ph\u00e2n t\u00edch th\u1ef1c ph\u1ea9m<\/li>\n<li>Ph\u00f2ng th\u00ed nghi\u1ec7m khoa h\u1ecdc t\u1ea1i c\u00e1c tr\u01b0\u1eddng \u0111\u1ea1i h\u1ecdc<\/li>\n<li>Ph\u00f2ng x\u00e9t nghi\u1ec7m ph\u00e1p y<\/li>\n<li>Ph\u00f2ng x\u00e9t nghi\u1ec7m huy\u1ebft th\u1ed1ng<\/li>\n<\/ul>\n<p>&nbsp;<\/p>\n<p>Li\u00ean h\u1ec7 \u0111\u1ec3 \u0111\u01b0\u1ee3c t\u01b0 v\u1ea5n \u0111\u1eb7t h\u00e0ng.<\/p>\n","protected":false},"excerpt":{"rendered":"<p>MIKRO 200 &#8211; K\u1ebft qu\u1ea3 nhanh h\u01a1n trong sinh h\u1ecdc ph\u00e2n t\u1eed Tr\u1ea3i nghi\u1ec7m t\u1ed1c \u0111\u1ed9 v\u00e0 \u0111\u1ed9 ch\u00ednh x\u00e1c v\u01b0\u1ee3t tr\u1ed9i v\u1edbi m\u00e1y ly t\u00e2m MIKRO 200. \u0110\u01b0\u1ee3c thi\u1ebft k\u1ebf chuy\u00ean d\u1ee5ng cho c\u00e1c \u1ed1ng microliter v\u00e0 \u1ed1ng PCR, thi\u1ebft b\u1ecb \u0111\u1ea1t l\u1ef1c ly t\u00e2m t\u1ed1i \u0111a RCF 21.382, gi\u00fap x\u1eed l\u00fd m\u1eabu nhanh<\/p>\n<div class=\"klb-readmore post-buttons\"><a class=\"button rounded primary\" href=\"https:\/\/biogroupvietnam.com\/vi\/san-pham\/may-ly-tam-hettich-mikro-200\/\">Read More <i class=\"klbth-icon-right-arrow\"><\/i><\/a><\/div>\n","protected":false},"featured_media":5599,"comment_status":"closed","ping_status":"closed","template":"","meta":{"_acf_changed":false},"product_brand":[130],"product_cat":[122],"product_tag":[],"class_list":{"0":"post-4104","1":"product","2":"type-product","3":"status-publish","4":"has-post-thumbnail","6":"product_brand-andreas-hettich","7":"product_cat-may-ly-tam","9":"first","10":"outofstock","11":"shipping-taxable","12":"product-type-simple"},"acf":[],"yoast_head":"<!-- This site is optimized with the Yoast SEO plugin v26.8 - https:\/\/yoast.com\/product\/yoast-seo-wordpress\/ -->\n<title>M\u00e1y Ly T\u00e2m Hettich MIKRO 200<\/title>\n<meta name=\"description\" content=\"MIKRO 200 - K\u1ebft qu\u1ea3 nhanh h\u01a1n trong sinh h\u1ecdc ph\u00e2n t\u1eed Tr\u1ea3i nghi\u1ec7m t\u1ed1c \u0111\u1ed9 v\u00e0 \u0111\u1ed9 ch\u00ednh x\u00e1c v\u01b0\u1ee3t tr\u1ed9i v\u1edbi m\u00e1y ly t\u00e2m MIKRO 200. \u0110\u01b0\u1ee3c thi\u1ebft k\u1ebf chuy\u00ean d\u1ee5ng cho c\u00e1c \u1ed1ng microliter v\u00e0 \u1ed1ng PCR, thi\u1ebft b\u1ecb \u0111\u1ea1t l\u1ef1c ly t\u00e2m t\u1ed1i \u0111a RCF 21.382, gi\u00fap x\u1eed l\u00fd m\u1eabu nhanh ch\u00f3ng v\u00e0 ph\u00e2n t\u00e1ch t\u1ed1i \u01b0u.\" \/>\n<meta name=\"robots\" content=\"index, follow, max-snippet:-1, max-image-preview:large, max-video-preview:-1\" \/>\n<link rel=\"canonical\" href=\"https:\/\/biogroupvietnam.com\/vi\/san-pham\/may-ly-tam-hettich-mikro-200\/\" \/>\n<meta property=\"og:locale\" content=\"vi_VN\" \/>\n<meta property=\"og:type\" content=\"article\" \/>\n<meta property=\"og:title\" content=\"M\u00e1y Ly T\u00e2m Hettich MIKRO 200\" \/>\n<meta property=\"og:description\" content=\"MIKRO 200 - K\u1ebft qu\u1ea3 nhanh h\u01a1n trong sinh h\u1ecdc ph\u00e2n t\u1eed Tr\u1ea3i nghi\u1ec7m t\u1ed1c \u0111\u1ed9 v\u00e0 \u0111\u1ed9 ch\u00ednh x\u00e1c v\u01b0\u1ee3t tr\u1ed9i v\u1edbi m\u00e1y ly t\u00e2m MIKRO 200. \u0110\u01b0\u1ee3c thi\u1ebft k\u1ebf chuy\u00ean d\u1ee5ng cho c\u00e1c \u1ed1ng microliter v\u00e0 \u1ed1ng PCR, thi\u1ebft b\u1ecb \u0111\u1ea1t l\u1ef1c ly t\u00e2m t\u1ed1i \u0111a RCF 21.382, gi\u00fap x\u1eed l\u00fd m\u1eabu nhanh ch\u00f3ng v\u00e0 ph\u00e2n t\u00e1ch t\u1ed1i \u01b0u.\" \/>\n<meta property=\"og:url\" content=\"https:\/\/biogroupvietnam.com\/vi\/san-pham\/may-ly-tam-hettich-mikro-200\/\" \/>\n<meta property=\"og:site_name\" content=\"Biogroup Vietnam\" \/>\n<meta property=\"article:modified_time\" content=\"2025-09-29T08:09:22+00:00\" \/>\n<meta property=\"og:image\" content=\"https:\/\/biogroupvietnam.com\/wp-content\/uploads\/2025\/08\/mikro20200.jpg\" \/>\n\t<meta property=\"og:image:width\" content=\"1600\" \/>\n\t<meta property=\"og:image:height\" content=\"1229\" \/>\n\t<meta property=\"og:image:type\" content=\"image\/jpeg\" \/>\n<meta name=\"twitter:card\" content=\"summary_large_image\" \/>\n<meta name=\"twitter:label1\" content=\"\u01af\u1edbc t\u00ednh th\u1eddi gian \u0111\u1ecdc\" \/>\n\t<meta name=\"twitter:data1\" content=\"2 ph\u00fat\" \/>\n<script type=\"application\/ld+json\" class=\"yoast-schema-graph\">{\"@context\":\"https:\/\/schema.org\",\"@graph\":[{\"@type\":\"WebPage\",\"@id\":\"https:\/\/biogroupvietnam.com\/vi\/san-pham\/may-ly-tam-hettich-mikro-200\/\",\"url\":\"https:\/\/biogroupvietnam.com\/vi\/san-pham\/may-ly-tam-hettich-mikro-200\/\",\"name\":\"M\u00e1y Ly T\u00e2m Hettich MIKRO 200\",\"isPartOf\":{\"@id\":\"https:\/\/biogroupvietnam.com\/vi\/#website\"},\"primaryImageOfPage\":{\"@id\":\"https:\/\/biogroupvietnam.com\/vi\/san-pham\/may-ly-tam-hettich-mikro-200\/#primaryimage\"},\"image\":{\"@id\":\"https:\/\/biogroupvietnam.com\/vi\/san-pham\/may-ly-tam-hettich-mikro-200\/#primaryimage\"},\"thumbnailUrl\":\"https:\/\/biogroupvietnam.com\/wp-content\/uploads\/2025\/08\/mikro20200.jpg\",\"datePublished\":\"2025-08-18T12:56:36+00:00\",\"dateModified\":\"2025-09-29T08:09:22+00:00\",\"description\":\"MIKRO 200 - K\u1ebft qu\u1ea3 nhanh h\u01a1n trong sinh h\u1ecdc ph\u00e2n t\u1eed Tr\u1ea3i nghi\u1ec7m t\u1ed1c \u0111\u1ed9 v\u00e0 \u0111\u1ed9 ch\u00ednh x\u00e1c v\u01b0\u1ee3t tr\u1ed9i v\u1edbi m\u00e1y ly t\u00e2m MIKRO 200. \u0110\u01b0\u1ee3c thi\u1ebft k\u1ebf chuy\u00ean d\u1ee5ng cho c\u00e1c \u1ed1ng microliter v\u00e0 \u1ed1ng PCR, thi\u1ebft b\u1ecb \u0111\u1ea1t l\u1ef1c ly t\u00e2m t\u1ed1i \u0111a RCF 21.382, gi\u00fap x\u1eed l\u00fd m\u1eabu nhanh ch\u00f3ng v\u00e0 ph\u00e2n t\u00e1ch t\u1ed1i \u01b0u.\",\"breadcrumb\":{\"@id\":\"https:\/\/biogroupvietnam.com\/vi\/san-pham\/may-ly-tam-hettich-mikro-200\/#breadcrumb\"},\"inLanguage\":\"vi\",\"potentialAction\":[{\"@type\":\"ReadAction\",\"target\":[\"https:\/\/biogroupvietnam.com\/vi\/san-pham\/may-ly-tam-hettich-mikro-200\/\"]}]},{\"@type\":\"ImageObject\",\"inLanguage\":\"vi\",\"@id\":\"https:\/\/biogroupvietnam.com\/vi\/san-pham\/may-ly-tam-hettich-mikro-200\/#primaryimage\",\"url\":\"https:\/\/biogroupvietnam.com\/wp-content\/uploads\/2025\/08\/mikro20200.jpg\",\"contentUrl\":\"https:\/\/biogroupvietnam.com\/wp-content\/uploads\/2025\/08\/mikro20200.jpg\",\"width\":1600,\"height\":1229,\"caption\":\"\u00a0\"},{\"@type\":\"BreadcrumbList\",\"@id\":\"https:\/\/biogroupvietnam.com\/vi\/san-pham\/may-ly-tam-hettich-mikro-200\/#breadcrumb\",\"itemListElement\":[{\"@type\":\"ListItem\",\"position\":1,\"name\":\"Trang ch\u1ee7\",\"item\":\"https:\/\/biogroupvietnam.com\/vi\/\"},{\"@type\":\"ListItem\",\"position\":2,\"name\":\"S\u1ea3n ph\u1ea9m\",\"item\":\"https:\/\/biogroupvietnam.com\/vi\/san-pham\/\"},{\"@type\":\"ListItem\",\"position\":3,\"name\":\"R&amp;D Sinh H\u1ecdc\",\"item\":\"https:\/\/biogroupvietnam.com\/vi\/danh-muc-san-pham\/rd-sinh-hoc\/\"},{\"@type\":\"ListItem\",\"position\":4,\"name\":\"M\u00e1y ly t\u00e2m\",\"item\":\"https:\/\/biogroupvietnam.com\/vi\/danh-muc-san-pham\/may-ly-tam\/\"},{\"@type\":\"ListItem\",\"position\":5,\"name\":\"M\u00e1y Ly T\u00e2m Hettich MIKRO 200\"}]},{\"@type\":\"WebSite\",\"@id\":\"https:\/\/biogroupvietnam.com\/vi\/#website\",\"url\":\"https:\/\/biogroupvietnam.com\/vi\/\",\"name\":\"Biogroup Vietnam\",\"description\":\"Biogroup Vietnam cung c\u1ea5p d\u1ecbch v\u1ee5 k\u1ef9 thu\u1eadt c\u00f9ng thi\u1ebft b\u1ecb, v\u1eadt t\u01b0, h\u00f3a ch\u1ea5t v\u00e0 gi\u1ea3i ph\u00e1p sinh h\u1ecdc cho ph\u00f2ng th\u00ed nghi\u1ec7m c\u00f4ng ngh\u1ec7 sinh h\u1ecdc, y sinh v\u00e0 y h\u1ecdc t\u00e1i t\u1ea1o.\",\"potentialAction\":[{\"@type\":\"SearchAction\",\"target\":{\"@type\":\"EntryPoint\",\"urlTemplate\":\"https:\/\/biogroupvietnam.com\/vi\/?s={search_term_string}\"},\"query-input\":{\"@type\":\"PropertyValueSpecification\",\"valueRequired\":true,\"valueName\":\"search_term_string\"}}],\"inLanguage\":\"vi\"}]}<\/script>\n<!-- \/ Yoast SEO plugin. -->","yoast_head_json":{"title":"M\u00e1y Ly T\u00e2m Hettich MIKRO 200","description":"MIKRO 200 - K\u1ebft qu\u1ea3 nhanh h\u01a1n trong sinh h\u1ecdc ph\u00e2n t\u1eed Tr\u1ea3i nghi\u1ec7m t\u1ed1c \u0111\u1ed9 v\u00e0 \u0111\u1ed9 ch\u00ednh x\u00e1c v\u01b0\u1ee3t tr\u1ed9i v\u1edbi m\u00e1y ly t\u00e2m MIKRO 200. \u0110\u01b0\u1ee3c thi\u1ebft k\u1ebf chuy\u00ean d\u1ee5ng cho c\u00e1c \u1ed1ng microliter v\u00e0 \u1ed1ng PCR, thi\u1ebft b\u1ecb \u0111\u1ea1t l\u1ef1c ly t\u00e2m t\u1ed1i \u0111a RCF 21.382, gi\u00fap x\u1eed l\u00fd m\u1eabu nhanh ch\u00f3ng v\u00e0 ph\u00e2n t\u00e1ch t\u1ed1i \u01b0u.","robots":{"index":"index","follow":"follow","max-snippet":"max-snippet:-1","max-image-preview":"max-image-preview:large","max-video-preview":"max-video-preview:-1"},"canonical":"https:\/\/biogroupvietnam.com\/vi\/san-pham\/may-ly-tam-hettich-mikro-200\/","og_locale":"vi_VN","og_type":"article","og_title":"M\u00e1y Ly T\u00e2m Hettich MIKRO 200","og_description":"MIKRO 200 - K\u1ebft qu\u1ea3 nhanh h\u01a1n trong sinh h\u1ecdc ph\u00e2n t\u1eed Tr\u1ea3i nghi\u1ec7m t\u1ed1c \u0111\u1ed9 v\u00e0 \u0111\u1ed9 ch\u00ednh x\u00e1c v\u01b0\u1ee3t tr\u1ed9i v\u1edbi m\u00e1y ly t\u00e2m MIKRO 200. \u0110\u01b0\u1ee3c thi\u1ebft k\u1ebf chuy\u00ean d\u1ee5ng cho c\u00e1c \u1ed1ng microliter v\u00e0 \u1ed1ng PCR, thi\u1ebft b\u1ecb \u0111\u1ea1t l\u1ef1c ly t\u00e2m t\u1ed1i \u0111a RCF 21.382, gi\u00fap x\u1eed l\u00fd m\u1eabu nhanh ch\u00f3ng v\u00e0 ph\u00e2n t\u00e1ch t\u1ed1i \u01b0u.","og_url":"https:\/\/biogroupvietnam.com\/vi\/san-pham\/may-ly-tam-hettich-mikro-200\/","og_site_name":"Biogroup Vietnam","article_modified_time":"2025-09-29T08:09:22+00:00","og_image":[{"width":1600,"height":1229,"url":"https:\/\/biogroupvietnam.com\/wp-content\/uploads\/2025\/08\/mikro20200.jpg","type":"image\/jpeg"}],"twitter_card":"summary_large_image","twitter_misc":{"\u01af\u1edbc t\u00ednh th\u1eddi gian \u0111\u1ecdc":"2 ph\u00fat"},"schema":{"@context":"https:\/\/schema.org","@graph":[{"@type":"WebPage","@id":"https:\/\/biogroupvietnam.com\/vi\/san-pham\/may-ly-tam-hettich-mikro-200\/","url":"https:\/\/biogroupvietnam.com\/vi\/san-pham\/may-ly-tam-hettich-mikro-200\/","name":"M\u00e1y Ly T\u00e2m Hettich MIKRO 200","isPartOf":{"@id":"https:\/\/biogroupvietnam.com\/vi\/#website"},"primaryImageOfPage":{"@id":"https:\/\/biogroupvietnam.com\/vi\/san-pham\/may-ly-tam-hettich-mikro-200\/#primaryimage"},"image":{"@id":"https:\/\/biogroupvietnam.com\/vi\/san-pham\/may-ly-tam-hettich-mikro-200\/#primaryimage"},"thumbnailUrl":"https:\/\/biogroupvietnam.com\/wp-content\/uploads\/2025\/08\/mikro20200.jpg","datePublished":"2025-08-18T12:56:36+00:00","dateModified":"2025-09-29T08:09:22+00:00","description":"MIKRO 200 - K\u1ebft qu\u1ea3 nhanh h\u01a1n trong sinh h\u1ecdc ph\u00e2n t\u1eed Tr\u1ea3i nghi\u1ec7m t\u1ed1c \u0111\u1ed9 v\u00e0 \u0111\u1ed9 ch\u00ednh x\u00e1c v\u01b0\u1ee3t tr\u1ed9i v\u1edbi m\u00e1y ly t\u00e2m MIKRO 200. \u0110\u01b0\u1ee3c thi\u1ebft k\u1ebf chuy\u00ean d\u1ee5ng cho c\u00e1c \u1ed1ng microliter v\u00e0 \u1ed1ng PCR, thi\u1ebft b\u1ecb \u0111\u1ea1t l\u1ef1c ly t\u00e2m t\u1ed1i \u0111a RCF 21.382, gi\u00fap x\u1eed l\u00fd m\u1eabu nhanh ch\u00f3ng v\u00e0 ph\u00e2n t\u00e1ch t\u1ed1i \u01b0u.","breadcrumb":{"@id":"https:\/\/biogroupvietnam.com\/vi\/san-pham\/may-ly-tam-hettich-mikro-200\/#breadcrumb"},"inLanguage":"vi","potentialAction":[{"@type":"ReadAction","target":["https:\/\/biogroupvietnam.com\/vi\/san-pham\/may-ly-tam-hettich-mikro-200\/"]}]},{"@type":"ImageObject","inLanguage":"vi","@id":"https:\/\/biogroupvietnam.com\/vi\/san-pham\/may-ly-tam-hettich-mikro-200\/#primaryimage","url":"https:\/\/biogroupvietnam.com\/wp-content\/uploads\/2025\/08\/mikro20200.jpg","contentUrl":"https:\/\/biogroupvietnam.com\/wp-content\/uploads\/2025\/08\/mikro20200.jpg","width":1600,"height":1229,"caption":"\u00a0"},{"@type":"BreadcrumbList","@id":"https:\/\/biogroupvietnam.com\/vi\/san-pham\/may-ly-tam-hettich-mikro-200\/#breadcrumb","itemListElement":[{"@type":"ListItem","position":1,"name":"Trang ch\u1ee7","item":"https:\/\/biogroupvietnam.com\/vi\/"},{"@type":"ListItem","position":2,"name":"S\u1ea3n ph\u1ea9m","item":"https:\/\/biogroupvietnam.com\/vi\/san-pham\/"},{"@type":"ListItem","position":3,"name":"R&amp;D Sinh H\u1ecdc","item":"https:\/\/biogroupvietnam.com\/vi\/danh-muc-san-pham\/rd-sinh-hoc\/"},{"@type":"ListItem","position":4,"name":"M\u00e1y ly t\u00e2m","item":"https:\/\/biogroupvietnam.com\/vi\/danh-muc-san-pham\/may-ly-tam\/"},{"@type":"ListItem","position":5,"name":"M\u00e1y Ly T\u00e2m Hettich MIKRO 200"}]},{"@type":"WebSite","@id":"https:\/\/biogroupvietnam.com\/vi\/#website","url":"https:\/\/biogroupvietnam.com\/vi\/","name":"Biogroup Vietnam","description":"Biogroup Vietnam cung c\u1ea5p d\u1ecbch v\u1ee5 k\u1ef9 thu\u1eadt c\u00f9ng thi\u1ebft b\u1ecb, v\u1eadt t\u01b0, h\u00f3a ch\u1ea5t v\u00e0 gi\u1ea3i ph\u00e1p sinh h\u1ecdc cho ph\u00f2ng th\u00ed nghi\u1ec7m c\u00f4ng ngh\u1ec7 sinh h\u1ecdc, y sinh v\u00e0 y h\u1ecdc t\u00e1i t\u1ea1o.","potentialAction":[{"@type":"SearchAction","target":{"@type":"EntryPoint","urlTemplate":"https:\/\/biogroupvietnam.com\/vi\/?s={search_term_string}"},"query-input":{"@type":"PropertyValueSpecification","valueRequired":true,"valueName":"search_term_string"}}],"inLanguage":"vi"}]}},"_links":{"self":[{"href":"https:\/\/biogroupvietnam.com\/vi\/wp-json\/wp\/v2\/product\/4104","targetHints":{"allow":["GET"]}}],"collection":[{"href":"https:\/\/biogroupvietnam.com\/vi\/wp-json\/wp\/v2\/product"}],"about":[{"href":"https:\/\/biogroupvietnam.com\/vi\/wp-json\/wp\/v2\/types\/product"}],"replies":[{"embeddable":true,"href":"https:\/\/biogroupvietnam.com\/vi\/wp-json\/wp\/v2\/comments?post=4104"}],"version-history":[{"count":8,"href":"https:\/\/biogroupvietnam.com\/vi\/wp-json\/wp\/v2\/product\/4104\/revisions"}],"predecessor-version":[{"id":8353,"href":"https:\/\/biogroupvietnam.com\/vi\/wp-json\/wp\/v2\/product\/4104\/revisions\/8353"}],"wp:featuredmedia":[{"embeddable":true,"href":"https:\/\/biogroupvietnam.com\/vi\/wp-json\/wp\/v2\/media\/5599"}],"wp:attachment":[{"href":"https:\/\/biogroupvietnam.com\/vi\/wp-json\/wp\/v2\/media?parent=4104"}],"wp:term":[{"taxonomy":"product_brand","embeddable":true,"href":"https:\/\/biogroupvietnam.com\/vi\/wp-json\/wp\/v2\/product_brand?post=4104"},{"taxonomy":"product_cat","embeddable":true,"href":"https:\/\/biogroupvietnam.com\/vi\/wp-json\/wp\/v2\/product_cat?post=4104"},{"taxonomy":"product_tag","embeddable":true,"href":"https:\/\/biogroupvietnam.com\/vi\/wp-json\/wp\/v2\/product_tag?post=4104"}],"curies":[{"name":"wp","href":"https:\/\/api.w.org\/{rel}","templated":true}]}}