{"id":4106,"date":"2025-08-18T19:56:36","date_gmt":"2025-08-18T12:56:36","guid":{"rendered":"http:\/\/biogroupvietnam-worldpress.local\/product\/import-placeholder-for-277\/"},"modified":"2025-09-29T15:09:23","modified_gmt":"2025-09-29T08:09:23","slug":"may-ly-tam-lanh-de-san-hettich-rotanta-460-rf","status":"publish","type":"product","link":"https:\/\/biogroupvietnam.com\/vi\/san-pham\/may-ly-tam-lanh-de-san-hettich-rotanta-460-rf\/","title":{"rendered":"M\u00e1y Ly T\u00e2m L\u1ea1nh \u0110\u1ec3 S\u00e0n Hettich ROTANTA 460 RF"},"content":{"rendered":"<h3><strong>ROTANTA 460 RF \u2013 Phi\u00ean b\u1ea3n \u0111\u1eb7t d\u01b0\u1edbi b\u00e0n cho s\u1eed d\u1ee5ng \u0111a n\u0103ng<\/strong><\/h3>\n<h6><strong>Phi\u00ean b\u1ea3n \u0111\u1ec3 s\u00e0n c\u1ee7a thi\u1ebft b\u1ecb \u0111a n\u0103ng<\/strong><\/h6>\n<p>Phi\u00ean b\u1ea3n c\u1ea3i ti\u1ebfn c\u1ee7a ROTANTA 460 ti\u00eau chu\u1ea9n n\u00e0y gi\u00fap gi\u1ea3i ph\u00f3ng di\u1ec7n t\u00edch l\u00e0m vi\u1ec7c tr\u00ean b\u00e0n, \u0111i k\u00e8m h\u1ec7 th\u1ed1ng l\u00e0m l\u1ea1nh v\u1edbi d\u1ea3i nhi\u1ec7t \u0111\u1ed9 t\u1eeb -20 \u00b0C \u0111\u1ebfn +40 \u00b0C.<\/p>\n<h4><strong>L\u0129nh v\u1ef1c \u1ee9ng d\u1ee5ng<\/strong><\/h4>\n<h6>H\u00f3a sinh l\u00e2m s\u00e0ng, Huy\u1ebft h\u1ecdc, Huy\u1ebft thanh h\u1ecdc, PCR<\/h6>\n<p>M\u00e1y ly t\u00e2m c\u00f4ng su\u1ea5t cao n\u00e0y r\u1ea5t ph\u00f9 h\u1ee3p cho c\u00e1c ph\u00f2ng th\u00ed nghi\u1ec7m l\u1edbn nh\u01b0 ng\u00e2n h\u00e0ng m\u00e1u ho\u1eb7c ph\u00f2ng x\u00e9t nghi\u1ec7m l\u00e2m s\u00e0ng l\u01b0u l\u01b0\u1ee3ng l\u1edbn, v\u00ec c\u00f3 th\u1ec3 x\u1eed l\u00fd nhi\u1ec1u lo\u1ea1i \u1ed1ng l\u1ea5y m\u00e1u.<\/p>\n<p>V\u1edbi thi\u1ebft k\u1ebf ti\u1ebft ki\u1ec7m di\u1ec7n t\u00edch v\u00e0 2 \u0111\u1ed9 cao thao t\u00e1c c\u00f3 th\u1ec3 ch\u1ecdn, m\u00e1y gi\u00fap ly t\u00e2m c\u00e1c h\u1ec7 th\u1ed1ng t\u00fai m\u00e1u nh\u1ecf m\u1ed9t c\u00e1ch c\u00f4ng th\u00e1i h\u1ecdc, v\u00ed d\u1ee5 nh\u01b0 trong truy\u1ec1n m\u00e1u t\u1ef1 th\u00e2n.<\/p>\n<h6><strong>Nghi\u00ean c\u1ee9u v\u00e0 c\u00f4ng nghi\u1ec7p, Nu\u00f4i c\u1ea5y t\u1ebf b\u00e0o<\/strong><\/h6>\n<p>Rotor v\u00e0 ph\u1ee5 ki\u1ec7n chuy\u00ean d\u1ee5ng cho \u1ed1ng ASTM, Babcock, Schlenk v\u00e0 Chrome bath.<\/p>\n<p>Cho c\u00e1c b\u1ed9 kit PCR maxi \/ 96, rotor \u0111\u0129a t\u1ed1c \u0111\u1ed9 cao d\u00e0nh ri\u00eang c\u00f3 kh\u1ea3 n\u0103ng quay \u0111\u0129a chu\u1ea9n \u0111\u1ecbnh d\u1ea1ng SBS l\u00ean \u0111\u1ebfn 6.446 RCF. \u0110\u1ed3ng th\u1eddi, c\u00f3 s\u1eb5n c\u00e1c ph\u1ee5 ki\u1ec7n d\u00f9ng cho nu\u00f4i c\u1ea5y t\u1ebf b\u00e0o.<\/p>\n<p>M\u1ed9t rotor duy nh\u1ea5t c\u00f3 th\u1ec3 ch\u1ee9a nhi\u1ec1u lo\u1ea1i \u1ed1ng, chai, t\u00fai m\u00e1u v\u00e0 \u0111\u0129a, kh\u00f4ng c\u1ea7n thay rotor, gi\u00fap ti\u1ebft ki\u1ec7m th\u1eddi gian.<\/p>\n<h6><strong>C\u01a1 s\u1edf s\u1eed d\u1ee5ng<\/strong><\/h6>\n<ul>\n<li>B\u1ec7nh vi\u1ec7n<\/li>\n<li>Ng\u00e2n h\u00e0ng m\u00e1u<\/li>\n<li>Ph\u00f2ng x\u00e9t nghi\u1ec7m y h\u1ecdc truy\u1ec1n m\u00e1u<\/li>\n<li>Ph\u00f2ng nu\u00f4i c\u1ea5y t\u1ebf b\u00e0o<\/li>\n<\/ul>\n<p>Li\u00ean h\u1ec7 \u0111\u1ec3 \u0111\u01b0\u1ee3c t\u01b0 v\u1ea5n \u0111\u1eb7t h\u00e0ng.<\/p>\n","protected":false},"excerpt":{"rendered":"<p>ROTANTA 460 RF \u2013 Phi\u00ean b\u1ea3n \u0111\u1eb7t d\u01b0\u1edbi b\u00e0n cho s\u1eed d\u1ee5ng \u0111a n\u0103ng Phi\u00ean b\u1ea3n \u0111\u1ec3 s\u00e0n c\u1ee7a thi\u1ebft b\u1ecb \u0111a n\u0103ng Phi\u00ean b\u1ea3n c\u1ea3i ti\u1ebfn c\u1ee7a ROTANTA 460 ti\u00eau chu\u1ea9n n\u00e0y gi\u00fap gi\u1ea3i ph\u00f3ng di\u1ec7n t\u00edch l\u00e0m vi\u1ec7c tr\u00ean b\u00e0n, \u0111i k\u00e8m h\u1ec7 th\u1ed1ng l\u00e0m l\u1ea1nh v\u1edbi d\u1ea3i nhi\u1ec7t \u0111\u1ed9 t\u1eeb -20 \u00b0C<\/p>\n<div class=\"klb-readmore post-buttons\"><a class=\"button rounded primary\" href=\"https:\/\/biogroupvietnam.com\/vi\/san-pham\/may-ly-tam-lanh-de-san-hettich-rotanta-460-rf\/\">Read More <i class=\"klbth-icon-right-arrow\"><\/i><\/a><\/div>\n","protected":false},"featured_media":5351,"comment_status":"closed","ping_status":"closed","template":"","meta":{"_acf_changed":false},"product_brand":[130],"product_cat":[122],"product_tag":[],"class_list":{"0":"post-4106","1":"product","2":"type-product","3":"status-publish","4":"has-post-thumbnail","6":"product_brand-andreas-hettich","7":"product_cat-may-ly-tam","9":"first","10":"outofstock","11":"shipping-taxable","12":"product-type-simple"},"acf":[],"yoast_head":"<!-- This site is optimized with the Yoast SEO plugin v26.8 - https:\/\/yoast.com\/product\/yoast-seo-wordpress\/ -->\n<title>M\u00e1y Ly T\u00e2m L\u1ea1nh \u0110\u1ec3 S\u00e0n Hettich ROTANTA 460 RF<\/title>\n<meta name=\"description\" content=\"ROTANTA 460 RF \u2013 Phi\u00ean b\u1ea3n \u0111\u1eb7t d\u01b0\u1edbi b\u00e0n cho s\u1eed d\u1ee5ng \u0111a n\u0103ng\" \/>\n<meta name=\"robots\" content=\"index, follow, max-snippet:-1, max-image-preview:large, max-video-preview:-1\" \/>\n<link rel=\"canonical\" href=\"https:\/\/biogroupvietnam.com\/vi\/san-pham\/may-ly-tam-lanh-de-san-hettich-rotanta-460-rf\/\" \/>\n<meta property=\"og:locale\" content=\"vi_VN\" \/>\n<meta property=\"og:type\" content=\"article\" \/>\n<meta property=\"og:title\" content=\"M\u00e1y Ly T\u00e2m L\u1ea1nh \u0110\u1ec3 S\u00e0n Hettich ROTANTA 460 RF\" \/>\n<meta property=\"og:description\" content=\"ROTANTA 460 RF \u2013 Phi\u00ean b\u1ea3n \u0111\u1eb7t d\u01b0\u1edbi b\u00e0n cho s\u1eed d\u1ee5ng \u0111a n\u0103ng\" \/>\n<meta property=\"og:url\" content=\"https:\/\/biogroupvietnam.com\/vi\/san-pham\/may-ly-tam-lanh-de-san-hettich-rotanta-460-rf\/\" \/>\n<meta property=\"og:site_name\" content=\"Biogroup Vietnam\" \/>\n<meta property=\"article:modified_time\" content=\"2025-09-29T08:09:23+00:00\" \/>\n<meta property=\"og:image\" content=\"https:\/\/biogroupvietnam.com\/wp-content\/uploads\/2025\/08\/rotanta-460RF-2.jpg\" \/>\n\t<meta property=\"og:image:width\" content=\"1600\" \/>\n\t<meta property=\"og:image:height\" content=\"1229\" \/>\n\t<meta property=\"og:image:type\" content=\"image\/jpeg\" \/>\n<meta name=\"twitter:card\" content=\"summary_large_image\" \/>\n<meta name=\"twitter:label1\" content=\"\u01af\u1edbc t\u00ednh th\u1eddi gian \u0111\u1ecdc\" \/>\n\t<meta name=\"twitter:data1\" content=\"2 ph\u00fat\" \/>\n<script type=\"application\/ld+json\" class=\"yoast-schema-graph\">{\"@context\":\"https:\/\/schema.org\",\"@graph\":[{\"@type\":\"WebPage\",\"@id\":\"https:\/\/biogroupvietnam.com\/vi\/san-pham\/may-ly-tam-lanh-de-san-hettich-rotanta-460-rf\/\",\"url\":\"https:\/\/biogroupvietnam.com\/vi\/san-pham\/may-ly-tam-lanh-de-san-hettich-rotanta-460-rf\/\",\"name\":\"M\u00e1y Ly T\u00e2m L\u1ea1nh \u0110\u1ec3 S\u00e0n Hettich ROTANTA 460 RF\",\"isPartOf\":{\"@id\":\"https:\/\/biogroupvietnam.com\/vi\/#website\"},\"primaryImageOfPage\":{\"@id\":\"https:\/\/biogroupvietnam.com\/vi\/san-pham\/may-ly-tam-lanh-de-san-hettich-rotanta-460-rf\/#primaryimage\"},\"image\":{\"@id\":\"https:\/\/biogroupvietnam.com\/vi\/san-pham\/may-ly-tam-lanh-de-san-hettich-rotanta-460-rf\/#primaryimage\"},\"thumbnailUrl\":\"https:\/\/biogroupvietnam.com\/wp-content\/uploads\/2025\/08\/rotanta-460RF-2.jpg\",\"datePublished\":\"2025-08-18T12:56:36+00:00\",\"dateModified\":\"2025-09-29T08:09:23+00:00\",\"description\":\"ROTANTA 460 RF \u2013 Phi\u00ean b\u1ea3n \u0111\u1eb7t d\u01b0\u1edbi b\u00e0n cho s\u1eed d\u1ee5ng \u0111a n\u0103ng\",\"breadcrumb\":{\"@id\":\"https:\/\/biogroupvietnam.com\/vi\/san-pham\/may-ly-tam-lanh-de-san-hettich-rotanta-460-rf\/#breadcrumb\"},\"inLanguage\":\"vi\",\"potentialAction\":[{\"@type\":\"ReadAction\",\"target\":[\"https:\/\/biogroupvietnam.com\/vi\/san-pham\/may-ly-tam-lanh-de-san-hettich-rotanta-460-rf\/\"]}]},{\"@type\":\"ImageObject\",\"inLanguage\":\"vi\",\"@id\":\"https:\/\/biogroupvietnam.com\/vi\/san-pham\/may-ly-tam-lanh-de-san-hettich-rotanta-460-rf\/#primaryimage\",\"url\":\"https:\/\/biogroupvietnam.com\/wp-content\/uploads\/2025\/08\/rotanta-460RF-2.jpg\",\"contentUrl\":\"https:\/\/biogroupvietnam.com\/wp-content\/uploads\/2025\/08\/rotanta-460RF-2.jpg\",\"width\":1600,\"height\":1229},{\"@type\":\"BreadcrumbList\",\"@id\":\"https:\/\/biogroupvietnam.com\/vi\/san-pham\/may-ly-tam-lanh-de-san-hettich-rotanta-460-rf\/#breadcrumb\",\"itemListElement\":[{\"@type\":\"ListItem\",\"position\":1,\"name\":\"Trang ch\u1ee7\",\"item\":\"https:\/\/biogroupvietnam.com\/vi\/\"},{\"@type\":\"ListItem\",\"position\":2,\"name\":\"S\u1ea3n ph\u1ea9m\",\"item\":\"https:\/\/biogroupvietnam.com\/vi\/san-pham\/\"},{\"@type\":\"ListItem\",\"position\":3,\"name\":\"R&amp;D Sinh H\u1ecdc\",\"item\":\"https:\/\/biogroupvietnam.com\/vi\/danh-muc-san-pham\/rd-sinh-hoc\/\"},{\"@type\":\"ListItem\",\"position\":4,\"name\":\"M\u00e1y ly t\u00e2m\",\"item\":\"https:\/\/biogroupvietnam.com\/vi\/danh-muc-san-pham\/may-ly-tam\/\"},{\"@type\":\"ListItem\",\"position\":5,\"name\":\"M\u00e1y Ly T\u00e2m L\u1ea1nh \u0110\u1ec3 S\u00e0n Hettich ROTANTA 460 RF\"}]},{\"@type\":\"WebSite\",\"@id\":\"https:\/\/biogroupvietnam.com\/vi\/#website\",\"url\":\"https:\/\/biogroupvietnam.com\/vi\/\",\"name\":\"Biogroup Vietnam\",\"description\":\"Biogroup Vietnam cung c\u1ea5p d\u1ecbch v\u1ee5 k\u1ef9 thu\u1eadt c\u00f9ng thi\u1ebft b\u1ecb, v\u1eadt t\u01b0, h\u00f3a ch\u1ea5t v\u00e0 gi\u1ea3i ph\u00e1p sinh h\u1ecdc cho ph\u00f2ng th\u00ed nghi\u1ec7m c\u00f4ng ngh\u1ec7 sinh h\u1ecdc, y sinh v\u00e0 y h\u1ecdc t\u00e1i t\u1ea1o.\",\"potentialAction\":[{\"@type\":\"SearchAction\",\"target\":{\"@type\":\"EntryPoint\",\"urlTemplate\":\"https:\/\/biogroupvietnam.com\/vi\/?s={search_term_string}\"},\"query-input\":{\"@type\":\"PropertyValueSpecification\",\"valueRequired\":true,\"valueName\":\"search_term_string\"}}],\"inLanguage\":\"vi\"}]}<\/script>\n<!-- \/ Yoast SEO plugin. -->","yoast_head_json":{"title":"M\u00e1y Ly T\u00e2m L\u1ea1nh \u0110\u1ec3 S\u00e0n Hettich ROTANTA 460 RF","description":"ROTANTA 460 RF \u2013 Phi\u00ean b\u1ea3n \u0111\u1eb7t d\u01b0\u1edbi b\u00e0n cho s\u1eed d\u1ee5ng \u0111a n\u0103ng","robots":{"index":"index","follow":"follow","max-snippet":"max-snippet:-1","max-image-preview":"max-image-preview:large","max-video-preview":"max-video-preview:-1"},"canonical":"https:\/\/biogroupvietnam.com\/vi\/san-pham\/may-ly-tam-lanh-de-san-hettich-rotanta-460-rf\/","og_locale":"vi_VN","og_type":"article","og_title":"M\u00e1y Ly T\u00e2m L\u1ea1nh \u0110\u1ec3 S\u00e0n Hettich ROTANTA 460 RF","og_description":"ROTANTA 460 RF \u2013 Phi\u00ean b\u1ea3n \u0111\u1eb7t d\u01b0\u1edbi b\u00e0n cho s\u1eed d\u1ee5ng \u0111a n\u0103ng","og_url":"https:\/\/biogroupvietnam.com\/vi\/san-pham\/may-ly-tam-lanh-de-san-hettich-rotanta-460-rf\/","og_site_name":"Biogroup Vietnam","article_modified_time":"2025-09-29T08:09:23+00:00","og_image":[{"width":1600,"height":1229,"url":"https:\/\/biogroupvietnam.com\/wp-content\/uploads\/2025\/08\/rotanta-460RF-2.jpg","type":"image\/jpeg"}],"twitter_card":"summary_large_image","twitter_misc":{"\u01af\u1edbc t\u00ednh th\u1eddi gian \u0111\u1ecdc":"2 ph\u00fat"},"schema":{"@context":"https:\/\/schema.org","@graph":[{"@type":"WebPage","@id":"https:\/\/biogroupvietnam.com\/vi\/san-pham\/may-ly-tam-lanh-de-san-hettich-rotanta-460-rf\/","url":"https:\/\/biogroupvietnam.com\/vi\/san-pham\/may-ly-tam-lanh-de-san-hettich-rotanta-460-rf\/","name":"M\u00e1y Ly T\u00e2m L\u1ea1nh \u0110\u1ec3 S\u00e0n Hettich ROTANTA 460 RF","isPartOf":{"@id":"https:\/\/biogroupvietnam.com\/vi\/#website"},"primaryImageOfPage":{"@id":"https:\/\/biogroupvietnam.com\/vi\/san-pham\/may-ly-tam-lanh-de-san-hettich-rotanta-460-rf\/#primaryimage"},"image":{"@id":"https:\/\/biogroupvietnam.com\/vi\/san-pham\/may-ly-tam-lanh-de-san-hettich-rotanta-460-rf\/#primaryimage"},"thumbnailUrl":"https:\/\/biogroupvietnam.com\/wp-content\/uploads\/2025\/08\/rotanta-460RF-2.jpg","datePublished":"2025-08-18T12:56:36+00:00","dateModified":"2025-09-29T08:09:23+00:00","description":"ROTANTA 460 RF \u2013 Phi\u00ean b\u1ea3n \u0111\u1eb7t d\u01b0\u1edbi b\u00e0n cho s\u1eed d\u1ee5ng \u0111a n\u0103ng","breadcrumb":{"@id":"https:\/\/biogroupvietnam.com\/vi\/san-pham\/may-ly-tam-lanh-de-san-hettich-rotanta-460-rf\/#breadcrumb"},"inLanguage":"vi","potentialAction":[{"@type":"ReadAction","target":["https:\/\/biogroupvietnam.com\/vi\/san-pham\/may-ly-tam-lanh-de-san-hettich-rotanta-460-rf\/"]}]},{"@type":"ImageObject","inLanguage":"vi","@id":"https:\/\/biogroupvietnam.com\/vi\/san-pham\/may-ly-tam-lanh-de-san-hettich-rotanta-460-rf\/#primaryimage","url":"https:\/\/biogroupvietnam.com\/wp-content\/uploads\/2025\/08\/rotanta-460RF-2.jpg","contentUrl":"https:\/\/biogroupvietnam.com\/wp-content\/uploads\/2025\/08\/rotanta-460RF-2.jpg","width":1600,"height":1229},{"@type":"BreadcrumbList","@id":"https:\/\/biogroupvietnam.com\/vi\/san-pham\/may-ly-tam-lanh-de-san-hettich-rotanta-460-rf\/#breadcrumb","itemListElement":[{"@type":"ListItem","position":1,"name":"Trang ch\u1ee7","item":"https:\/\/biogroupvietnam.com\/vi\/"},{"@type":"ListItem","position":2,"name":"S\u1ea3n ph\u1ea9m","item":"https:\/\/biogroupvietnam.com\/vi\/san-pham\/"},{"@type":"ListItem","position":3,"name":"R&amp;D Sinh H\u1ecdc","item":"https:\/\/biogroupvietnam.com\/vi\/danh-muc-san-pham\/rd-sinh-hoc\/"},{"@type":"ListItem","position":4,"name":"M\u00e1y ly t\u00e2m","item":"https:\/\/biogroupvietnam.com\/vi\/danh-muc-san-pham\/may-ly-tam\/"},{"@type":"ListItem","position":5,"name":"M\u00e1y Ly T\u00e2m L\u1ea1nh \u0110\u1ec3 S\u00e0n Hettich ROTANTA 460 RF"}]},{"@type":"WebSite","@id":"https:\/\/biogroupvietnam.com\/vi\/#website","url":"https:\/\/biogroupvietnam.com\/vi\/","name":"Biogroup Vietnam","description":"Biogroup Vietnam cung c\u1ea5p d\u1ecbch v\u1ee5 k\u1ef9 thu\u1eadt c\u00f9ng thi\u1ebft b\u1ecb, v\u1eadt t\u01b0, h\u00f3a ch\u1ea5t v\u00e0 gi\u1ea3i ph\u00e1p sinh h\u1ecdc cho ph\u00f2ng th\u00ed nghi\u1ec7m c\u00f4ng ngh\u1ec7 sinh h\u1ecdc, y sinh v\u00e0 y h\u1ecdc t\u00e1i t\u1ea1o.","potentialAction":[{"@type":"SearchAction","target":{"@type":"EntryPoint","urlTemplate":"https:\/\/biogroupvietnam.com\/vi\/?s={search_term_string}"},"query-input":{"@type":"PropertyValueSpecification","valueRequired":true,"valueName":"search_term_string"}}],"inLanguage":"vi"}]}},"_links":{"self":[{"href":"https:\/\/biogroupvietnam.com\/vi\/wp-json\/wp\/v2\/product\/4106","targetHints":{"allow":["GET"]}}],"collection":[{"href":"https:\/\/biogroupvietnam.com\/vi\/wp-json\/wp\/v2\/product"}],"about":[{"href":"https:\/\/biogroupvietnam.com\/vi\/wp-json\/wp\/v2\/types\/product"}],"replies":[{"embeddable":true,"href":"https:\/\/biogroupvietnam.com\/vi\/wp-json\/wp\/v2\/comments?post=4106"}],"version-history":[{"count":4,"href":"https:\/\/biogroupvietnam.com\/vi\/wp-json\/wp\/v2\/product\/4106\/revisions"}],"predecessor-version":[{"id":8355,"href":"https:\/\/biogroupvietnam.com\/vi\/wp-json\/wp\/v2\/product\/4106\/revisions\/8355"}],"wp:featuredmedia":[{"embeddable":true,"href":"https:\/\/biogroupvietnam.com\/vi\/wp-json\/wp\/v2\/media\/5351"}],"wp:attachment":[{"href":"https:\/\/biogroupvietnam.com\/vi\/wp-json\/wp\/v2\/media?parent=4106"}],"wp:term":[{"taxonomy":"product_brand","embeddable":true,"href":"https:\/\/biogroupvietnam.com\/vi\/wp-json\/wp\/v2\/product_brand?post=4106"},{"taxonomy":"product_cat","embeddable":true,"href":"https:\/\/biogroupvietnam.com\/vi\/wp-json\/wp\/v2\/product_cat?post=4106"},{"taxonomy":"product_tag","embeddable":true,"href":"https:\/\/biogroupvietnam.com\/vi\/wp-json\/wp\/v2\/product_tag?post=4106"}],"curies":[{"name":"wp","href":"https:\/\/api.w.org\/{rel}","templated":true}]}}