{"id":4108,"date":"2025-08-18T19:56:37","date_gmt":"2025-08-18T12:56:37","guid":{"rendered":"http:\/\/biogroupvietnam-worldpress.local\/product\/import-placeholder-for-279\/"},"modified":"2026-01-07T17:33:52","modified_gmt":"2026-01-07T10:33:52","slug":"binh-van-chuyen-mau-mve-sc-42v","status":"publish","type":"product","link":"https:\/\/biogroupvietnam.com\/vi\/san-pham\/binh-van-chuyen-mau-mve-sc-42v\/","title":{"rendered":"B\u00ecnh v\u1eadn chuy\u1ec3n m\u1eabu MVE SC 4\/2V"},"content":{"rendered":"<p>D\u00f2ng s\u1ea3n ph\u1ea9m <strong>MVE Vapor Shipper <\/strong>\u0111\u01b0\u1ee3c thi\u1ebft k\u1ebf \u0111\u1ec3 v\u1eadn chuy\u1ec3n an to\u00e0n c\u00e1c m\u1eabu sinh h\u1ecdc \u1edf nhi\u1ec7t \u0111\u1ed9 \u0111\u00f4ng l\u1ea1nh (-150\u00b0C ho\u1eb7c l\u1ea1nh h\u01a1n).<\/p>\n<h3>\u0110\u1eb7c \u0111i\u1ec3m n\u1ed5i b\u1eadt<\/h3>\n<ul>\n<li>S\u1eed d\u1ee5ng C\u00f4ng ngh\u1ec7 s\u1ea1c QWick n\u00e2ng cao s\u1ebd s\u1ea1c cho ng\u01b0\u1eddi g\u1eedi h\u00e0ng h\u01a1i trong 02 gi\u1edd.<\/li>\n<li>B\u00ecnh s\u1eed d\u1ee5ng h\u1ee3p ch\u1ea5t k\u1ef5 n\u01b0\u1edbc gi\u00fap h\u1ea5p th\u1ee5 kh\u00ed nit\u01a1 l\u1ecfng \u0111\u1ec3 \u0111\u1ea3m b\u1ea3o v\u1eadn chuy\u1ec3n \u1edf giai \u0111o\u1ea1n h\u01a1i kh\u00f4, kh\u00f4ng tr\u00e0n.<\/li>\n<li>B\u00ecnh th\u1ebf h\u1ec7 m\u1edbi hi\u1ec7n \u0111\u01b0\u1ee3c trang b\u1ecb c\u00f4ng ngh\u1ec7 \u0111\u1ed9c quy\u1ec1n BEND DON\u2019T BREAK\u2122<\/li>\n<li>H\u1ec7 th\u1ed1ng duy tr\u00ec ch\u00e2n kh\u00f4ng h\u00f3a h\u1ecdc ti\u00ean ti\u1ebfn. B\u00ecnh c\u00f3 2 l\u1edbp, v\u1edbi c\u1ea5u tr\u00fac th\u00e0nh v\u1eefng ch\u1eafc. Gi\u1eefa 2 l\u1edbp th\u00e0nh b\u00ecnh c\u00f3 l\u1edbp ch\u00e2n kh\u00f4ng c\u00e1ch nhi\u1ec7t.<\/li>\n<li>C\u00f4ng ngh\u1ec7 Vapor Shield \u0111ang ch\u1edd c\u1ea5p b\u1eb1ng s\u00e1ng ch\u1ebf c\u1ee7a MVE gi\u00fap gi\u1ea3m thi\u1ec3u nguy c\u01a1 suy gi\u1ea3m ch\u00e2n kh\u00f4ng do hi\u1ec7n t\u01b0\u1ee3ng n\u1ea1p d\u01b0 nit\u01a1 l\u1ecfng (LN\u2082)<\/li>\n<li>C\u1ed5 b\u00ecnh cao gi\u00fap h\u1ea1n ch\u1ebf s\u1ef1 hao h\u1ee5t nit\u01a1 l\u1ecfng.<\/li>\n<li>Thi\u1ebft k\u1ebf n\u1eafp b\u1ec1n.<\/li>\n<li>Ph\u1ea7n \u0111\u1ea7u b\u00ecnh \u0111\u01b0\u1ee3c thi\u1ebft k\u1ebf l\u1ea1i c\u00f3 h\u00ecnh d\u1ea1ng \u0111\u1eb7c bi\u1ec7t, c\u00f3 kh\u1ea3 n\u0103ng bi\u1ebfn d\u1ea1ng khi ch\u1ecbu t\u1ea3i tr\u1ecdng G-force qu\u00e1 m\u1ee9c, gi\u00fap b\u00ecnh h\u1ea5p th\u1ee5 l\u1ef1c va \u0111\u1eadp hi\u1ec7u qu\u1ea3 h\u01a1n, gi\u1ea3m nguy c\u01a1 h\u01b0 h\u1ea1i k\u1ebft c\u1ea5u v\u00e0 h\u1ea1n ch\u1ebf t\u1ed1i \u0111a thi\u1ec7t h\u1ea1i do v\u1eadn chuy\u1ec3n sai c\u00e1ch.<\/li>\n<li>Ch\u1ea5t li\u1ec7u v\u1ecf b\u00ecnh l\u00e0m b\u1eb1ng nh\u00f4m, b\u1ec1n v\u00e0 nh\u1eb9.<\/li>\n<\/ul>\n<h3>Th\u00f4ng s\u1ed1 k\u1ef9 thu\u1eadt<\/h3>\n<p>S\u1ed1 l\u01b0\u1ee3ng canister: 1<br \/>\nS\u1ed1 l\u01b0\u1ee3ng 1\/2cc straw (10\/cane): 280<br \/>\nS\u1ed1 l\u01b0\u1ee3ng 1\/2cc straw (1 level bulk): 440<br \/>\nS\u1ed1 l\u01b0\u1ee3ng 1\/4 cc straws (1 level bulk): 938<br \/>\nS\u1ed1 l\u01b0\u1ee3ng vial 1,2 v\u00e0 2ml (5\/cane): 95<br \/>\nS\u1ed1 l\u01b0\u1ee3ng vial 1,2 v\u00e0 2ml (6\/cane): 102<br \/>\n<strong>Dung t\u00edch ch\u1ee9a nit\u01a1: 4,1 l\u00edt<\/strong><br \/>\n<strong>Th\u1eddi gian tr\u1eef t\u0129nh: 19 ng\u00e0y<\/strong><br \/>\n<strong>L\u01b0\u1ee3ng nit\u01a1 l\u1ecfng bay h\u01a1i m\u1ed7i ng\u00e0y: 0,23 l\u00edt<\/strong><br \/>\n\u0110\u01b0\u1eddng k\u00ednh c\u1ed5 b\u00ecnh: 70 mm<br \/>\n<strong>Chi\u1ec1u cao c\u1ee7a b\u00ecnh: 498 mm<\/strong><br \/>\n<strong>\u0110\u01b0\u1eddng k\u00ednh ngo\u00e0i c\u1ee7a b\u00ecnh: 227 mm<\/strong><br \/>\nChi\u1ec1u cao canister: 279 mm<br \/>\n\u0110\u01b0\u1eddng k\u00ednh canister: 67 mm<br \/>\n<strong>Tr\u1ecdng l\u01b0\u1ee3ng b\u00ecnh r\u1ed7ng: 5,6 kg<\/strong><br \/>\n<strong>Tr\u1ecdng l\u01b0\u1ee3ng b\u00ecnh \u0111\u1ea7y (tr\u1eef h\u01a1i): 8,9 kg<\/strong><br \/>\n<strong>Tr\u1ecdng l\u01b0\u1ee3ng b\u00ecnh \u0111\u1ea7y (tr\u1eef l\u1ecfng): 10,6 kg<\/strong><\/p>\n","protected":false},"excerpt":{"rendered":"<p>D\u00f2ng s\u1ea3n ph\u1ea9m MVE Vapor Shipper \u0111\u01b0\u1ee3c thi\u1ebft k\u1ebf \u0111\u1ec3 v\u1eadn chuy\u1ec3n an to\u00e0n c\u00e1c m\u1eabu sinh h\u1ecdc \u1edf nhi\u1ec7t \u0111\u1ed9 \u0111\u00f4ng l\u1ea1nh (-150\u00b0C ho\u1eb7c l\u1ea1nh h\u01a1n). \u0110\u1eb7c \u0111i\u1ec3m n\u1ed5i b\u1eadt S\u1eed d\u1ee5ng C\u00f4ng ngh\u1ec7 s\u1ea1c QWick n\u00e2ng cao s\u1ebd s\u1ea1c cho ng\u01b0\u1eddi g\u1eedi h\u00e0ng h\u01a1i trong 02 gi\u1edd. B\u00ecnh s\u1eed d\u1ee5ng h\u1ee3p ch\u1ea5t k\u1ef5<\/p>\n<div class=\"klb-readmore post-buttons\"><a class=\"button rounded primary\" href=\"https:\/\/biogroupvietnam.com\/vi\/san-pham\/binh-van-chuyen-mau-mve-sc-42v\/\">Read More <i class=\"klbth-icon-right-arrow\"><\/i><\/a><\/div>\n","protected":false},"featured_media":8873,"comment_status":"closed","ping_status":"closed","template":"","meta":{"_acf_changed":false},"product_brand":[128],"product_cat":[94],"product_tag":[],"class_list":{"0":"post-4108","1":"product","2":"type-product","3":"status-publish","4":"has-post-thumbnail","6":"product_brand-mve-biological-solutions","7":"product_cat-binh-chuyen-mau-dong-lanh","9":"first","10":"outofstock","11":"shipping-taxable","12":"product-type-simple"},"acf":[],"yoast_head":"<!-- This site is optimized with the Yoast SEO plugin v26.8 - https:\/\/yoast.com\/product\/yoast-seo-wordpress\/ -->\n<title>B\u00ecnh v\u1eadn chuy\u1ec3n m\u1eabu MVE SC 4\/2V<\/title>\n<meta name=\"description\" content=\"MVE SC 4\/2V v\u1edbi c\u00f4ng ngh\u1ec7 s\u1ea1c QWick n\u00e2ng cao, thi\u1ebft k\u1ebf \u0111\u1ec3 v\u1eadn chuy\u1ec3n an to\u00e0n c\u00e1c m\u1eabu sinh h\u1ecdc \u1edf nhi\u1ec7t \u0111\u1ed9 \u0111\u00f4ng l\u1ea1nh\" \/>\n<meta name=\"robots\" content=\"index, follow, max-snippet:-1, max-image-preview:large, max-video-preview:-1\" \/>\n<link rel=\"canonical\" href=\"https:\/\/biogroupvietnam.com\/vi\/san-pham\/binh-van-chuyen-mau-mve-sc-42v\/\" \/>\n<meta property=\"og:locale\" content=\"vi_VN\" \/>\n<meta property=\"og:type\" content=\"article\" \/>\n<meta property=\"og:title\" content=\"B\u00ecnh v\u1eadn chuy\u1ec3n m\u1eabu MVE SC 4\/2V\" \/>\n<meta property=\"og:description\" content=\"MVE SC 4\/2V v\u1edbi c\u00f4ng ngh\u1ec7 s\u1ea1c QWick n\u00e2ng cao, thi\u1ebft k\u1ebf \u0111\u1ec3 v\u1eadn chuy\u1ec3n an to\u00e0n c\u00e1c m\u1eabu sinh h\u1ecdc \u1edf nhi\u1ec7t \u0111\u1ed9 \u0111\u00f4ng l\u1ea1nh\" \/>\n<meta property=\"og:url\" content=\"https:\/\/biogroupvietnam.com\/vi\/san-pham\/binh-van-chuyen-mau-mve-sc-42v\/\" \/>\n<meta property=\"og:site_name\" content=\"Biogroup Vietnam\" \/>\n<meta property=\"article:modified_time\" content=\"2026-01-07T10:33:52+00:00\" \/>\n<meta property=\"og:image\" content=\"https:\/\/biogroupvietnam.com\/wp-content\/uploads\/2025\/08\/MVE-SC-4_2V.jpg\" \/>\n\t<meta property=\"og:image:width\" content=\"1640\" \/>\n\t<meta property=\"og:image:height\" content=\"1260\" \/>\n\t<meta property=\"og:image:type\" content=\"image\/jpeg\" \/>\n<meta name=\"twitter:card\" content=\"summary_large_image\" \/>\n<meta name=\"twitter:label1\" content=\"\u01af\u1edbc t\u00ednh th\u1eddi gian \u0111\u1ecdc\" \/>\n\t<meta name=\"twitter:data1\" content=\"3 ph\u00fat\" \/>\n<script type=\"application\/ld+json\" class=\"yoast-schema-graph\">{\"@context\":\"https:\/\/schema.org\",\"@graph\":[{\"@type\":\"WebPage\",\"@id\":\"https:\/\/biogroupvietnam.com\/vi\/san-pham\/binh-van-chuyen-mau-mve-sc-42v\/\",\"url\":\"https:\/\/biogroupvietnam.com\/vi\/san-pham\/binh-van-chuyen-mau-mve-sc-42v\/\",\"name\":\"B\u00ecnh v\u1eadn chuy\u1ec3n m\u1eabu MVE SC 4\/2V\",\"isPartOf\":{\"@id\":\"https:\/\/biogroupvietnam.com\/vi\/#website\"},\"primaryImageOfPage\":{\"@id\":\"https:\/\/biogroupvietnam.com\/vi\/san-pham\/binh-van-chuyen-mau-mve-sc-42v\/#primaryimage\"},\"image\":{\"@id\":\"https:\/\/biogroupvietnam.com\/vi\/san-pham\/binh-van-chuyen-mau-mve-sc-42v\/#primaryimage\"},\"thumbnailUrl\":\"https:\/\/biogroupvietnam.com\/wp-content\/uploads\/2025\/08\/MVE-SC-4_2V.jpg\",\"datePublished\":\"2025-08-18T12:56:37+00:00\",\"dateModified\":\"2026-01-07T10:33:52+00:00\",\"description\":\"MVE SC 4\/2V v\u1edbi c\u00f4ng ngh\u1ec7 s\u1ea1c QWick n\u00e2ng cao, thi\u1ebft k\u1ebf \u0111\u1ec3 v\u1eadn chuy\u1ec3n an to\u00e0n c\u00e1c m\u1eabu sinh h\u1ecdc \u1edf nhi\u1ec7t \u0111\u1ed9 \u0111\u00f4ng l\u1ea1nh\",\"breadcrumb\":{\"@id\":\"https:\/\/biogroupvietnam.com\/vi\/san-pham\/binh-van-chuyen-mau-mve-sc-42v\/#breadcrumb\"},\"inLanguage\":\"vi\",\"potentialAction\":[{\"@type\":\"ReadAction\",\"target\":[\"https:\/\/biogroupvietnam.com\/vi\/san-pham\/binh-van-chuyen-mau-mve-sc-42v\/\"]}]},{\"@type\":\"ImageObject\",\"inLanguage\":\"vi\",\"@id\":\"https:\/\/biogroupvietnam.com\/vi\/san-pham\/binh-van-chuyen-mau-mve-sc-42v\/#primaryimage\",\"url\":\"https:\/\/biogroupvietnam.com\/wp-content\/uploads\/2025\/08\/MVE-SC-4_2V.jpg\",\"contentUrl\":\"https:\/\/biogroupvietnam.com\/wp-content\/uploads\/2025\/08\/MVE-SC-4_2V.jpg\",\"width\":1640,\"height\":1260},{\"@type\":\"BreadcrumbList\",\"@id\":\"https:\/\/biogroupvietnam.com\/vi\/san-pham\/binh-van-chuyen-mau-mve-sc-42v\/#breadcrumb\",\"itemListElement\":[{\"@type\":\"ListItem\",\"position\":1,\"name\":\"Trang ch\u1ee7\",\"item\":\"https:\/\/biogroupvietnam.com\/vi\/\"},{\"@type\":\"ListItem\",\"position\":2,\"name\":\"S\u1ea3n ph\u1ea9m\",\"item\":\"https:\/\/biogroupvietnam.com\/vi\/san-pham\/\"},{\"@type\":\"ListItem\",\"position\":3,\"name\":\"B\u1ea3o Qu\u1ea3n L\u1ea1nh T\u1ebf B\u00e0o\",\"item\":\"https:\/\/biogroupvietnam.com\/vi\/danh-muc-san-pham\/bao-quan-lanh-te-bao\/\"},{\"@type\":\"ListItem\",\"position\":4,\"name\":\"B\u00ecnh Chuy\u1ec3n M\u1eabu \u0110\u00f4ng L\u1ea1nh\",\"item\":\"https:\/\/biogroupvietnam.com\/vi\/danh-muc-san-pham\/binh-chuyen-mau-dong-lanh\/\"},{\"@type\":\"ListItem\",\"position\":5,\"name\":\"B\u00ecnh v\u1eadn chuy\u1ec3n m\u1eabu MVE SC 4\/2V\"}]},{\"@type\":\"WebSite\",\"@id\":\"https:\/\/biogroupvietnam.com\/vi\/#website\",\"url\":\"https:\/\/biogroupvietnam.com\/vi\/\",\"name\":\"Biogroup Vietnam\",\"description\":\"Biogroup Vietnam cung c\u1ea5p d\u1ecbch v\u1ee5 k\u1ef9 thu\u1eadt c\u00f9ng thi\u1ebft b\u1ecb, v\u1eadt t\u01b0, h\u00f3a ch\u1ea5t v\u00e0 gi\u1ea3i ph\u00e1p sinh h\u1ecdc cho ph\u00f2ng th\u00ed nghi\u1ec7m c\u00f4ng ngh\u1ec7 sinh h\u1ecdc, y sinh v\u00e0 y h\u1ecdc t\u00e1i t\u1ea1o.\",\"potentialAction\":[{\"@type\":\"SearchAction\",\"target\":{\"@type\":\"EntryPoint\",\"urlTemplate\":\"https:\/\/biogroupvietnam.com\/vi\/?s={search_term_string}\"},\"query-input\":{\"@type\":\"PropertyValueSpecification\",\"valueRequired\":true,\"valueName\":\"search_term_string\"}}],\"inLanguage\":\"vi\"}]}<\/script>\n<!-- \/ Yoast SEO plugin. -->","yoast_head_json":{"title":"B\u00ecnh v\u1eadn chuy\u1ec3n m\u1eabu MVE SC 4\/2V","description":"MVE SC 4\/2V v\u1edbi c\u00f4ng ngh\u1ec7 s\u1ea1c QWick n\u00e2ng cao, thi\u1ebft k\u1ebf \u0111\u1ec3 v\u1eadn chuy\u1ec3n an to\u00e0n c\u00e1c m\u1eabu sinh h\u1ecdc \u1edf nhi\u1ec7t \u0111\u1ed9 \u0111\u00f4ng l\u1ea1nh","robots":{"index":"index","follow":"follow","max-snippet":"max-snippet:-1","max-image-preview":"max-image-preview:large","max-video-preview":"max-video-preview:-1"},"canonical":"https:\/\/biogroupvietnam.com\/vi\/san-pham\/binh-van-chuyen-mau-mve-sc-42v\/","og_locale":"vi_VN","og_type":"article","og_title":"B\u00ecnh v\u1eadn chuy\u1ec3n m\u1eabu MVE SC 4\/2V","og_description":"MVE SC 4\/2V v\u1edbi c\u00f4ng ngh\u1ec7 s\u1ea1c QWick n\u00e2ng cao, thi\u1ebft k\u1ebf \u0111\u1ec3 v\u1eadn chuy\u1ec3n an to\u00e0n c\u00e1c m\u1eabu sinh h\u1ecdc \u1edf nhi\u1ec7t \u0111\u1ed9 \u0111\u00f4ng l\u1ea1nh","og_url":"https:\/\/biogroupvietnam.com\/vi\/san-pham\/binh-van-chuyen-mau-mve-sc-42v\/","og_site_name":"Biogroup Vietnam","article_modified_time":"2026-01-07T10:33:52+00:00","og_image":[{"width":1640,"height":1260,"url":"https:\/\/biogroupvietnam.com\/wp-content\/uploads\/2025\/08\/MVE-SC-4_2V.jpg","type":"image\/jpeg"}],"twitter_card":"summary_large_image","twitter_misc":{"\u01af\u1edbc t\u00ednh th\u1eddi gian \u0111\u1ecdc":"3 ph\u00fat"},"schema":{"@context":"https:\/\/schema.org","@graph":[{"@type":"WebPage","@id":"https:\/\/biogroupvietnam.com\/vi\/san-pham\/binh-van-chuyen-mau-mve-sc-42v\/","url":"https:\/\/biogroupvietnam.com\/vi\/san-pham\/binh-van-chuyen-mau-mve-sc-42v\/","name":"B\u00ecnh v\u1eadn chuy\u1ec3n m\u1eabu MVE SC 4\/2V","isPartOf":{"@id":"https:\/\/biogroupvietnam.com\/vi\/#website"},"primaryImageOfPage":{"@id":"https:\/\/biogroupvietnam.com\/vi\/san-pham\/binh-van-chuyen-mau-mve-sc-42v\/#primaryimage"},"image":{"@id":"https:\/\/biogroupvietnam.com\/vi\/san-pham\/binh-van-chuyen-mau-mve-sc-42v\/#primaryimage"},"thumbnailUrl":"https:\/\/biogroupvietnam.com\/wp-content\/uploads\/2025\/08\/MVE-SC-4_2V.jpg","datePublished":"2025-08-18T12:56:37+00:00","dateModified":"2026-01-07T10:33:52+00:00","description":"MVE SC 4\/2V v\u1edbi c\u00f4ng ngh\u1ec7 s\u1ea1c QWick n\u00e2ng cao, thi\u1ebft k\u1ebf \u0111\u1ec3 v\u1eadn chuy\u1ec3n an to\u00e0n c\u00e1c m\u1eabu sinh h\u1ecdc \u1edf nhi\u1ec7t \u0111\u1ed9 \u0111\u00f4ng l\u1ea1nh","breadcrumb":{"@id":"https:\/\/biogroupvietnam.com\/vi\/san-pham\/binh-van-chuyen-mau-mve-sc-42v\/#breadcrumb"},"inLanguage":"vi","potentialAction":[{"@type":"ReadAction","target":["https:\/\/biogroupvietnam.com\/vi\/san-pham\/binh-van-chuyen-mau-mve-sc-42v\/"]}]},{"@type":"ImageObject","inLanguage":"vi","@id":"https:\/\/biogroupvietnam.com\/vi\/san-pham\/binh-van-chuyen-mau-mve-sc-42v\/#primaryimage","url":"https:\/\/biogroupvietnam.com\/wp-content\/uploads\/2025\/08\/MVE-SC-4_2V.jpg","contentUrl":"https:\/\/biogroupvietnam.com\/wp-content\/uploads\/2025\/08\/MVE-SC-4_2V.jpg","width":1640,"height":1260},{"@type":"BreadcrumbList","@id":"https:\/\/biogroupvietnam.com\/vi\/san-pham\/binh-van-chuyen-mau-mve-sc-42v\/#breadcrumb","itemListElement":[{"@type":"ListItem","position":1,"name":"Trang ch\u1ee7","item":"https:\/\/biogroupvietnam.com\/vi\/"},{"@type":"ListItem","position":2,"name":"S\u1ea3n ph\u1ea9m","item":"https:\/\/biogroupvietnam.com\/vi\/san-pham\/"},{"@type":"ListItem","position":3,"name":"B\u1ea3o Qu\u1ea3n L\u1ea1nh T\u1ebf B\u00e0o","item":"https:\/\/biogroupvietnam.com\/vi\/danh-muc-san-pham\/bao-quan-lanh-te-bao\/"},{"@type":"ListItem","position":4,"name":"B\u00ecnh Chuy\u1ec3n M\u1eabu \u0110\u00f4ng L\u1ea1nh","item":"https:\/\/biogroupvietnam.com\/vi\/danh-muc-san-pham\/binh-chuyen-mau-dong-lanh\/"},{"@type":"ListItem","position":5,"name":"B\u00ecnh v\u1eadn chuy\u1ec3n m\u1eabu MVE SC 4\/2V"}]},{"@type":"WebSite","@id":"https:\/\/biogroupvietnam.com\/vi\/#website","url":"https:\/\/biogroupvietnam.com\/vi\/","name":"Biogroup Vietnam","description":"Biogroup Vietnam cung c\u1ea5p d\u1ecbch v\u1ee5 k\u1ef9 thu\u1eadt c\u00f9ng thi\u1ebft b\u1ecb, v\u1eadt t\u01b0, h\u00f3a ch\u1ea5t v\u00e0 gi\u1ea3i ph\u00e1p sinh h\u1ecdc cho ph\u00f2ng th\u00ed nghi\u1ec7m c\u00f4ng ngh\u1ec7 sinh h\u1ecdc, y sinh v\u00e0 y h\u1ecdc t\u00e1i t\u1ea1o.","potentialAction":[{"@type":"SearchAction","target":{"@type":"EntryPoint","urlTemplate":"https:\/\/biogroupvietnam.com\/vi\/?s={search_term_string}"},"query-input":{"@type":"PropertyValueSpecification","valueRequired":true,"valueName":"search_term_string"}}],"inLanguage":"vi"}]}},"_links":{"self":[{"href":"https:\/\/biogroupvietnam.com\/vi\/wp-json\/wp\/v2\/product\/4108","targetHints":{"allow":["GET"]}}],"collection":[{"href":"https:\/\/biogroupvietnam.com\/vi\/wp-json\/wp\/v2\/product"}],"about":[{"href":"https:\/\/biogroupvietnam.com\/vi\/wp-json\/wp\/v2\/types\/product"}],"replies":[{"embeddable":true,"href":"https:\/\/biogroupvietnam.com\/vi\/wp-json\/wp\/v2\/comments?post=4108"}],"version-history":[{"count":8,"href":"https:\/\/biogroupvietnam.com\/vi\/wp-json\/wp\/v2\/product\/4108\/revisions"}],"predecessor-version":[{"id":9436,"href":"https:\/\/biogroupvietnam.com\/vi\/wp-json\/wp\/v2\/product\/4108\/revisions\/9436"}],"wp:featuredmedia":[{"embeddable":true,"href":"https:\/\/biogroupvietnam.com\/vi\/wp-json\/wp\/v2\/media\/8873"}],"wp:attachment":[{"href":"https:\/\/biogroupvietnam.com\/vi\/wp-json\/wp\/v2\/media?parent=4108"}],"wp:term":[{"taxonomy":"product_brand","embeddable":true,"href":"https:\/\/biogroupvietnam.com\/vi\/wp-json\/wp\/v2\/product_brand?post=4108"},{"taxonomy":"product_cat","embeddable":true,"href":"https:\/\/biogroupvietnam.com\/vi\/wp-json\/wp\/v2\/product_cat?post=4108"},{"taxonomy":"product_tag","embeddable":true,"href":"https:\/\/biogroupvietnam.com\/vi\/wp-json\/wp\/v2\/product_tag?post=4108"}],"curies":[{"name":"wp","href":"https:\/\/api.w.org\/{rel}","templated":true}]}}